{"id":55400,"date":"2023-02-13T15:24:07","date_gmt":"2023-02-13T13:24:11","guid":{"rendered":"https:\/\/www.lustandlove.eu\/?post_type=product&#038;p=55400"},"modified":"2026-04-13T10:33:34","modified_gmt":"2026-04-13T07:33:34","slug":"beanze-strap-on-dildo-stimuleeriva-pohjaga","status":"publish","type":"product","link":"https:\/\/lustandlove.eu\/et\/toode\/beanze-strap-on-dildo-stimuleeriva-pohjaga\/","title":{"rendered":"Beanze strap-on dildo stimuleeriva p\u00f5hjaga"},"content":{"rendered":"<div class=\"wpb-content-wrapper\"><p>[vc_row][vc_column][vc_column_text woodmart_inline=&#8221;no&#8221; text_larger=&#8221;no&#8221;]<br \/>\nWet For Her enda disain, mille on kujundanud lesbid lesbidele. Selle dildo p\u00f5hjaks on 3 oalaadset kujundit, mida k\u00fcljendavad 2 huulekujulist k\u00f5rgendust. See v\u00f5imaldab selle uue unikaalse disainiga aluse kandjal stimulatsiooni saada dildot oma partneri peal kasutades.<\/p>\n<p>Selle dildo sisestatav osa on kergelt kumer, et saada rohkem G-punkti naudingut. Alus pakub t\u00e4iendavat naudingut, pakkudes samas v\u00e4ga head stabiilsust, eriti kui seda kasutatakse koos mis tahes Wet For Her rakmetega.<\/p>\n<p>K\u00f5ik Wet For Her disainitud tooted on ergonoomiliselt meeldivad ja ebarealistlikud, ning Wet For Her enda poolt valmistatud dildod on valmistatud 100% meditsiinilisest silikoonist, mis on puudutamisel siidiselt pehme ja mis k\u00f5ige t\u00e4htsam, kehakindel nii andjale kui ka saajale!<\/p>\n<p>M\u00f5\u00f5dud:<\/p>\n<p>Pikkus: 7&#8243; \/ 17,5 cm<br \/>\nSisestatav pikkus: 5,3&#8243; \/ 13,5 cm<br \/>\nL\u00e4bim\u00f5\u00f5t: 1,2&#8243; \/ 3 cm[\/vc_column_text][\/vc_column][\/vc_row]<\/p>\n<\/div>","protected":false},"excerpt":{"rendered":"<p>Wet For Her enda disain, mille on kujundanud lesbid lesbidele. Selle dildo p\u00f5hjaks on 3 oalaadset kujundit, mida k\u00fcljendavad 2 huulekujulist k\u00f5rgendust.<\/p>\n","protected":false},"featured_media":55408,"template":"","meta":[],"product_brand":[4246],"product_cat":[1485,1496,1484,4066,1499],"product_tag":[3388],"class_list":{"0":"post-55400","1":"product","2":"type-product","3":"status-publish","4":"has-post-thumbnail","6":"product_brand-wet-for-her-et","7":"product_cat-dildod","8":"product_cat-lgbtq-et","9":"product_cat-sekslelud","10":"product_cat-strap-on-et","11":"product_cat-strap-on-dildod","12":"product_tag-pride-et","13":"pa_brand-wet-for-her-et","15":"first","16":"instock","17":"taxable","18":"shipping-taxable","19":"purchasable","20":"product-type-variable"},"yoast_head":"<!-- This site is optimized with the Yoast SEO plugin v27.4 - https:\/\/yoast.com\/product\/yoast-seo-wordpress\/ -->\n<title>Beanze strap-on dildo stimuleeriva p\u00f5hjaga | Lust&amp;Love Sex Shop<\/title>\n<meta name=\"description\" content=\"Wet For Her enda disain, mille on kujundanud lesbid lesbidele. Selle dildo p\u00f5hjaks on 3 oalaadset kujundit, mida k\u00fcljendavad 2 huulekujulist k\u00f5rgendust.\" \/>\n<meta name=\"robots\" content=\"index,follow,max-snippet:-1,max-image-preview:large,max-video-preview:-1\" \/>\n<link rel=\"canonical\" href=\"https:\/\/lustandlove.eu\/et\/toode\/beanze-strap-on-dildo-stimuleeriva-pohjaga\/\" \/>\n<script type=\"application\/ld+json\" class=\"yoast-schema-graph\">{\"@context\":\"https:\\\/\\\/schema.org\",\"@graph\":[{\"@type\":[\"WebPage\",\"ItemPage\"],\"@id\":\"https:\\\/\\\/lustandlove.eu\\\/et\\\/toode\\\/beanze-strap-on-dildo-stimuleeriva-pohjaga\\\/\",\"url\":\"https:\\\/\\\/lustandlove.eu\\\/et\\\/toode\\\/beanze-strap-on-dildo-stimuleeriva-pohjaga\\\/\",\"name\":\"Beanze strap-on dildo stimuleeriva p\u00f5hjaga | Lust&Love Sex Shop\",\"isPartOf\":{\"@id\":\"https:\\\/\\\/lustandlove.eu\\\/et\\\/#website\"},\"primaryImageOfPage\":{\"@id\":\"https:\\\/\\\/lustandlove.eu\\\/et\\\/toode\\\/beanze-strap-on-dildo-stimuleeriva-pohjaga\\\/#primaryimage\"},\"image\":{\"@id\":\"https:\\\/\\\/lustandlove.eu\\\/et\\\/toode\\\/beanze-strap-on-dildo-stimuleeriva-pohjaga\\\/#primaryimage\"},\"thumbnailUrl\":\"https:\\\/\\\/lustandlove.eu\\\/wp-content\\\/uploads\\\/beanze-front1_1.webp\",\"datePublished\":\"2023-02-13T13:24:11+00:00\",\"dateModified\":\"2026-04-13T07:33:34+00:00\",\"description\":\"Wet For Her enda disain, mille on kujundanud lesbid lesbidele. Selle dildo p\u00f5hjaks on 3 oalaadset kujundit, mida k\u00fcljendavad 2 huulekujulist k\u00f5rgendust.\",\"breadcrumb\":{\"@id\":\"https:\\\/\\\/lustandlove.eu\\\/et\\\/toode\\\/beanze-strap-on-dildo-stimuleeriva-pohjaga\\\/#breadcrumb\"},\"inLanguage\":\"et\",\"potentialAction\":[{\"@type\":\"ReadAction\",\"target\":[\"https:\\\/\\\/lustandlove.eu\\\/et\\\/toode\\\/beanze-strap-on-dildo-stimuleeriva-pohjaga\\\/\"]}]},{\"@type\":\"ImageObject\",\"inLanguage\":\"et\",\"@id\":\"https:\\\/\\\/lustandlove.eu\\\/et\\\/toode\\\/beanze-strap-on-dildo-stimuleeriva-pohjaga\\\/#primaryimage\",\"url\":\"https:\\\/\\\/lustandlove.eu\\\/wp-content\\\/uploads\\\/beanze-front1_1.webp\",\"contentUrl\":\"https:\\\/\\\/lustandlove.eu\\\/wp-content\\\/uploads\\\/beanze-front1_1.webp\",\"width\":1200,\"height\":1200},{\"@type\":\"BreadcrumbList\",\"@id\":\"https:\\\/\\\/lustandlove.eu\\\/et\\\/toode\\\/beanze-strap-on-dildo-stimuleeriva-pohjaga\\\/#breadcrumb\",\"itemListElement\":[{\"@type\":\"ListItem\",\"position\":1,\"name\":\"Lust and Love\",\"item\":\"https:\\\/\\\/lustandlove.eu\\\/et\\\/\"},{\"@type\":\"ListItem\",\"position\":2,\"name\":\"Pood\",\"item\":\"https:\\\/\\\/lustandlove.eu\\\/et\\\/pood\\\/\"},{\"@type\":\"ListItem\",\"position\":3,\"name\":\"Sekslelud\",\"item\":\"https:\\\/\\\/lustandlove.eu\\\/et\\\/pood\\\/sekslelud\\\/\"},{\"@type\":\"ListItem\",\"position\":4,\"name\":\"LGBTQ\",\"item\":\"https:\\\/\\\/lustandlove.eu\\\/et\\\/pood\\\/sekslelud\\\/lgbtq-et\\\/\"},{\"@type\":\"ListItem\",\"position\":5,\"name\":\"Beanze strap-on dildo stimuleeriva p\u00f5hjaga\"}]},{\"@type\":\"WebSite\",\"@id\":\"https:\\\/\\\/lustandlove.eu\\\/et\\\/#website\",\"url\":\"https:\\\/\\\/lustandlove.eu\\\/et\\\/\",\"name\":\"Lust & Love\",\"description\":\"Online erootikapood tervise, ilu ja armastuse jaoks\",\"publisher\":{\"@id\":\"https:\\\/\\\/lustandlove.eu\\\/et\\\/#organization\"},\"potentialAction\":[{\"@type\":\"SearchAction\",\"target\":{\"@type\":\"EntryPoint\",\"urlTemplate\":\"https:\\\/\\\/lustandlove.eu\\\/et\\\/?s={search_term_string}\"},\"query-input\":{\"@type\":\"PropertyValueSpecification\",\"valueRequired\":true,\"valueName\":\"search_term_string\"}}],\"inLanguage\":\"et\"},{\"@type\":\"Organization\",\"@id\":\"https:\\\/\\\/lustandlove.eu\\\/et\\\/#organization\",\"name\":\"Bioconcept Baltics O\u00dc\",\"url\":\"https:\\\/\\\/lustandlove.eu\\\/et\\\/\",\"logo\":{\"@type\":\"ImageObject\",\"inLanguage\":\"et\",\"@id\":\"https:\\\/\\\/lustandlove.eu\\\/et\\\/#\\\/schema\\\/logo\\\/image\\\/\",\"url\":\"https:\\\/\\\/lustandlove.eu\\\/wp-content\\\/uploads\\\/logo-full-2.png\",\"contentUrl\":\"https:\\\/\\\/lustandlove.eu\\\/wp-content\\\/uploads\\\/logo-full-2.png\",\"width\":837,\"height\":200,\"caption\":\"Bioconcept Baltics O\u00dc\"},\"image\":{\"@id\":\"https:\\\/\\\/lustandlove.eu\\\/et\\\/#\\\/schema\\\/logo\\\/image\\\/\"},\"sameAs\":[\"https:\\\/\\\/www.facebook.com\\\/LustandLoveEU\\\/\",\"https:\\\/\\\/www.instagram.com\\\/lustandloveeu\\\/\"]}]}<\/script>\n<!-- \/ Yoast SEO plugin. -->","yoast_head_json":{"title":"Beanze strap-on dildo stimuleeriva p\u00f5hjaga | Lust&Love Sex Shop","description":"Wet For Her enda disain, mille on kujundanud lesbid lesbidele. Selle dildo p\u00f5hjaks on 3 oalaadset kujundit, mida k\u00fcljendavad 2 huulekujulist k\u00f5rgendust.","robots":{"index,follow,max-snippet":"index,follow,max-snippet:-1,max-image-preview:large,max-video-preview:-1"},"canonical":"https:\/\/lustandlove.eu\/et\/toode\/beanze-strap-on-dildo-stimuleeriva-pohjaga\/","schema":{"@context":"https:\/\/schema.org","@graph":[{"@type":["WebPage","ItemPage"],"@id":"https:\/\/lustandlove.eu\/et\/toode\/beanze-strap-on-dildo-stimuleeriva-pohjaga\/","url":"https:\/\/lustandlove.eu\/et\/toode\/beanze-strap-on-dildo-stimuleeriva-pohjaga\/","name":"Beanze strap-on dildo stimuleeriva p\u00f5hjaga | Lust&Love Sex Shop","isPartOf":{"@id":"https:\/\/lustandlove.eu\/et\/#website"},"primaryImageOfPage":{"@id":"https:\/\/lustandlove.eu\/et\/toode\/beanze-strap-on-dildo-stimuleeriva-pohjaga\/#primaryimage"},"image":{"@id":"https:\/\/lustandlove.eu\/et\/toode\/beanze-strap-on-dildo-stimuleeriva-pohjaga\/#primaryimage"},"thumbnailUrl":"https:\/\/lustandlove.eu\/wp-content\/uploads\/beanze-front1_1.webp","datePublished":"2023-02-13T13:24:11+00:00","dateModified":"2026-04-13T07:33:34+00:00","description":"Wet For Her enda disain, mille on kujundanud lesbid lesbidele. Selle dildo p\u00f5hjaks on 3 oalaadset kujundit, mida k\u00fcljendavad 2 huulekujulist k\u00f5rgendust.","breadcrumb":{"@id":"https:\/\/lustandlove.eu\/et\/toode\/beanze-strap-on-dildo-stimuleeriva-pohjaga\/#breadcrumb"},"inLanguage":"et","potentialAction":[{"@type":"ReadAction","target":["https:\/\/lustandlove.eu\/et\/toode\/beanze-strap-on-dildo-stimuleeriva-pohjaga\/"]}]},{"@type":"ImageObject","inLanguage":"et","@id":"https:\/\/lustandlove.eu\/et\/toode\/beanze-strap-on-dildo-stimuleeriva-pohjaga\/#primaryimage","url":"https:\/\/lustandlove.eu\/wp-content\/uploads\/beanze-front1_1.webp","contentUrl":"https:\/\/lustandlove.eu\/wp-content\/uploads\/beanze-front1_1.webp","width":1200,"height":1200},{"@type":"BreadcrumbList","@id":"https:\/\/lustandlove.eu\/et\/toode\/beanze-strap-on-dildo-stimuleeriva-pohjaga\/#breadcrumb","itemListElement":[{"@type":"ListItem","position":1,"name":"Lust and Love","item":"https:\/\/lustandlove.eu\/et\/"},{"@type":"ListItem","position":2,"name":"Pood","item":"https:\/\/lustandlove.eu\/et\/pood\/"},{"@type":"ListItem","position":3,"name":"Sekslelud","item":"https:\/\/lustandlove.eu\/et\/pood\/sekslelud\/"},{"@type":"ListItem","position":4,"name":"LGBTQ","item":"https:\/\/lustandlove.eu\/et\/pood\/sekslelud\/lgbtq-et\/"},{"@type":"ListItem","position":5,"name":"Beanze strap-on dildo stimuleeriva p\u00f5hjaga"}]},{"@type":"WebSite","@id":"https:\/\/lustandlove.eu\/et\/#website","url":"https:\/\/lustandlove.eu\/et\/","name":"Lust & Love","description":"Online erootikapood tervise, ilu ja armastuse jaoks","publisher":{"@id":"https:\/\/lustandlove.eu\/et\/#organization"},"potentialAction":[{"@type":"SearchAction","target":{"@type":"EntryPoint","urlTemplate":"https:\/\/lustandlove.eu\/et\/?s={search_term_string}"},"query-input":{"@type":"PropertyValueSpecification","valueRequired":true,"valueName":"search_term_string"}}],"inLanguage":"et"},{"@type":"Organization","@id":"https:\/\/lustandlove.eu\/et\/#organization","name":"Bioconcept Baltics O\u00dc","url":"https:\/\/lustandlove.eu\/et\/","logo":{"@type":"ImageObject","inLanguage":"et","@id":"https:\/\/lustandlove.eu\/et\/#\/schema\/logo\/image\/","url":"https:\/\/lustandlove.eu\/wp-content\/uploads\/logo-full-2.png","contentUrl":"https:\/\/lustandlove.eu\/wp-content\/uploads\/logo-full-2.png","width":837,"height":200,"caption":"Bioconcept Baltics O\u00dc"},"image":{"@id":"https:\/\/lustandlove.eu\/et\/#\/schema\/logo\/image\/"},"sameAs":["https:\/\/www.facebook.com\/LustandLoveEU\/","https:\/\/www.instagram.com\/lustandloveeu\/"]}]}},"_links":{"self":[{"href":"https:\/\/lustandlove.eu\/et\/wp-json\/wp\/v2\/product\/55400","targetHints":{"allow":["GET"]}}],"collection":[{"href":"https:\/\/lustandlove.eu\/et\/wp-json\/wp\/v2\/product"}],"about":[{"href":"https:\/\/lustandlove.eu\/et\/wp-json\/wp\/v2\/types\/product"}],"wp:featuredmedia":[{"embeddable":true,"href":"https:\/\/lustandlove.eu\/et\/wp-json\/wp\/v2\/media\/55408"}],"wp:attachment":[{"href":"https:\/\/lustandlove.eu\/et\/wp-json\/wp\/v2\/media?parent=55400"}],"wp:term":[{"taxonomy":"product_brand","embeddable":true,"href":"https:\/\/lustandlove.eu\/et\/wp-json\/wp\/v2\/product_brand?post=55400"},{"taxonomy":"product_cat","embeddable":true,"href":"https:\/\/lustandlove.eu\/et\/wp-json\/wp\/v2\/product_cat?post=55400"},{"taxonomy":"product_tag","embeddable":true,"href":"https:\/\/lustandlove.eu\/et\/wp-json\/wp\/v2\/product_tag?post=55400"}],"curies":[{"name":"wp","href":"https:\/\/api.w.org\/{rel}","templated":true}]}}