{"id":55499,"date":"2023-02-16T12:45:45","date_gmt":"2023-02-16T10:45:48","guid":{"rendered":"https:\/\/www.lustandlove.eu\/?post_type=product&#038;p=55499"},"modified":"2026-04-13T10:33:34","modified_gmt":"2026-04-13T07:33:34","slug":"lubigel-vibraatoriefektiga-libesti-30ml","status":"publish","type":"product","link":"https:\/\/lustandlove.eu\/et\/toode\/lubigel-vibraatoriefektiga-libesti-30ml\/","title":{"rendered":"Lubigel vibraatoriefektiga libesti 30ml"},"content":{"rendered":"<p>Avastage LUBIGELi v\u00f5lu ja selle p\u00f5nevad omadused, mis panevad teid vibreerima k\u00f5ige intiimsematel hetkedel t\u00e4nu selle looduslikule koostisele, mis kasutab Amazonase vihmametsade taimede toimeaineid. Esialgu tunnete kerget kipitust, mille intensiivsus suureneb j\u00e4rk-j\u00e4rgult, p\u00f5hjustades veetlevaid erutuse mikro\u0161okke.<\/p>\n<p>Kasutamine: kandke v\u00e4ike kogus toodet intiimpiirkonnale (1 v\u00f5i 2 tilka) ja nautige elavat ja unustamatut kogemust. Selle p\u00f5nev toime v\u00f5ib s\u00f5ltuvalt kogusest ja isiklikust tundlikkusest kesta umbes 15 kuni 20 minutit, seega kasutage seda s\u00e4\u00e4stlikult, kuna selle toime on v\u00e4ga intensiivne!<\/p>\n","protected":false},"excerpt":{"rendered":"<p>Parim enne 09\/2026<\/p>\n","protected":false},"featured_media":55517,"template":"","meta":[],"product_brand":[4224],"product_cat":[1467,1460,3870,3976],"product_tag":[3868],"class_list":{"0":"post-55499","1":"product","2":"type-product","3":"status-publish","4":"has-post-thumbnail","6":"product_brand-mai-et","7":"product_cat-libestid","8":"product_cat-apteek","9":"product_cat-outlet-et","10":"product_cat-vee-baasil","11":"product_tag-outlet-et","12":"pa_brand-mai-et","14":"first","15":"outofstock","16":"sale","17":"taxable","18":"shipping-taxable","19":"purchasable","20":"product-type-variable"},"yoast_head":"<!-- This site is optimized with the Yoast SEO plugin v27.3 - https:\/\/yoast.com\/product\/yoast-seo-wordpress\/ -->\n<title>Lubigel vibraatoriefektiga libesti 30ml | Lust and Love<\/title>\n<meta name=\"robots\" content=\"index,follow,max-snippet:-1,max-image-preview:large,max-video-preview:-1\" \/>\n<link rel=\"canonical\" href=\"https:\/\/lustandlove.eu\/et\/toode\/lubigel-vibraatoriefektiga-libesti-30ml\/\" \/>\n<meta name=\"twitter:card\" content=\"summary_large_image\" \/>\n<meta name=\"twitter:title\" content=\"Lubigel vibraatoriefektiga libesti 30ml | Lust and Love\" \/>\n<meta name=\"twitter:description\" content=\"Parim enne 09\/2026\" \/>\n<meta name=\"twitter:image\" content=\"https:\/\/lustandlove.eu\/wp-content\/uploads\/frutos.jpg\" \/>\n<meta name=\"twitter:label1\" content=\"Est. reading time\" \/>\n\t<meta name=\"twitter:data1\" content=\"1 minut\" \/>\n<script type=\"application\/ld+json\" class=\"yoast-schema-graph\">{\"@context\":\"https:\\\/\\\/schema.org\",\"@graph\":[{\"@type\":[\"WebPage\",\"ItemPage\"],\"@id\":\"https:\\\/\\\/lustandlove.eu\\\/et\\\/toode\\\/lubigel-vibraatoriefektiga-libesti-30ml\\\/\",\"url\":\"https:\\\/\\\/lustandlove.eu\\\/et\\\/toode\\\/lubigel-vibraatoriefektiga-libesti-30ml\\\/\",\"name\":\"Lubigel vibraatoriefektiga libesti 30ml | Lust and Love\",\"isPartOf\":{\"@id\":\"https:\\\/\\\/lustandlove.eu\\\/et\\\/#website\"},\"primaryImageOfPage\":{\"@id\":\"https:\\\/\\\/lustandlove.eu\\\/et\\\/toode\\\/lubigel-vibraatoriefektiga-libesti-30ml\\\/#primaryimage\"},\"image\":{\"@id\":\"https:\\\/\\\/lustandlove.eu\\\/et\\\/toode\\\/lubigel-vibraatoriefektiga-libesti-30ml\\\/#primaryimage\"},\"thumbnailUrl\":\"https:\\\/\\\/lustandlove.eu\\\/wp-content\\\/uploads\\\/frutos.jpg\",\"datePublished\":\"2023-02-16T10:45:48+00:00\",\"dateModified\":\"2026-04-13T07:33:34+00:00\",\"breadcrumb\":{\"@id\":\"https:\\\/\\\/lustandlove.eu\\\/et\\\/toode\\\/lubigel-vibraatoriefektiga-libesti-30ml\\\/#breadcrumb\"},\"inLanguage\":\"et\",\"potentialAction\":[{\"@type\":\"ReadAction\",\"target\":[\"https:\\\/\\\/lustandlove.eu\\\/et\\\/toode\\\/lubigel-vibraatoriefektiga-libesti-30ml\\\/\"]}]},{\"@type\":\"ImageObject\",\"inLanguage\":\"et\",\"@id\":\"https:\\\/\\\/lustandlove.eu\\\/et\\\/toode\\\/lubigel-vibraatoriefektiga-libesti-30ml\\\/#primaryimage\",\"url\":\"https:\\\/\\\/lustandlove.eu\\\/wp-content\\\/uploads\\\/frutos.jpg\",\"contentUrl\":\"https:\\\/\\\/lustandlove.eu\\\/wp-content\\\/uploads\\\/frutos.jpg\",\"width\":1500,\"height\":1500},{\"@type\":\"BreadcrumbList\",\"@id\":\"https:\\\/\\\/lustandlove.eu\\\/et\\\/toode\\\/lubigel-vibraatoriefektiga-libesti-30ml\\\/#breadcrumb\",\"itemListElement\":[{\"@type\":\"ListItem\",\"position\":1,\"name\":\"Lust and Love\",\"item\":\"https:\\\/\\\/lustandlove.eu\\\/et\\\/\"},{\"@type\":\"ListItem\",\"position\":2,\"name\":\"Pood\",\"item\":\"https:\\\/\\\/lustandlove.eu\\\/et\\\/pood\\\/\"},{\"@type\":\"ListItem\",\"position\":3,\"name\":\"Libestid ja kehahooldus\",\"item\":\"https:\\\/\\\/lustandlove.eu\\\/et\\\/pood\\\/apteek\\\/\"},{\"@type\":\"ListItem\",\"position\":4,\"name\":\"Lubigel vibraatoriefektiga libesti 30ml\"}]},{\"@type\":\"WebSite\",\"@id\":\"https:\\\/\\\/lustandlove.eu\\\/et\\\/#website\",\"url\":\"https:\\\/\\\/lustandlove.eu\\\/et\\\/\",\"name\":\"Lust &amp; Love\",\"description\":\"Online erootikapood tervise, ilu ja armastuse jaoks\",\"publisher\":{\"@id\":\"https:\\\/\\\/lustandlove.eu\\\/et\\\/#organization\"},\"potentialAction\":[{\"@type\":\"SearchAction\",\"target\":{\"@type\":\"EntryPoint\",\"urlTemplate\":\"https:\\\/\\\/lustandlove.eu\\\/et\\\/?s={search_term_string}\"},\"query-input\":{\"@type\":\"PropertyValueSpecification\",\"valueRequired\":true,\"valueName\":\"search_term_string\"}}],\"inLanguage\":\"et\"},{\"@type\":\"Organization\",\"@id\":\"https:\\\/\\\/lustandlove.eu\\\/et\\\/#organization\",\"name\":\"Bioconcept Baltics O\u00dc\",\"url\":\"https:\\\/\\\/lustandlove.eu\\\/et\\\/\",\"logo\":{\"@type\":\"ImageObject\",\"inLanguage\":\"et\",\"@id\":\"https:\\\/\\\/lustandlove.eu\\\/et\\\/#\\\/schema\\\/logo\\\/image\\\/\",\"url\":\"\",\"contentUrl\":\"\",\"caption\":\"Bioconcept Baltics O\u00dc\"},\"image\":{\"@id\":\"https:\\\/\\\/lustandlove.eu\\\/et\\\/#\\\/schema\\\/logo\\\/image\\\/\"},\"sameAs\":[\"https:\\\/\\\/www.facebook.com\\\/LustandLoveEU\\\/\",\"https:\\\/\\\/www.instagram.com\\\/lustandloveeu\\\/\"]}]}<\/script>\n<!-- \/ Yoast SEO plugin. -->","yoast_head_json":{"title":"Lubigel vibraatoriefektiga libesti 30ml | Lust and Love","robots":{"index,follow,max-snippet":"index,follow,max-snippet:-1,max-image-preview:large,max-video-preview:-1"},"canonical":"https:\/\/lustandlove.eu\/et\/toode\/lubigel-vibraatoriefektiga-libesti-30ml\/","twitter_card":"summary_large_image","twitter_title":"Lubigel vibraatoriefektiga libesti 30ml | Lust and Love","twitter_description":"Parim enne 09\/2026","twitter_image":"https:\/\/lustandlove.eu\/wp-content\/uploads\/frutos.jpg","twitter_misc":{"Est. reading time":"1 minut"},"schema":{"@context":"https:\/\/schema.org","@graph":[{"@type":["WebPage","ItemPage"],"@id":"https:\/\/lustandlove.eu\/et\/toode\/lubigel-vibraatoriefektiga-libesti-30ml\/","url":"https:\/\/lustandlove.eu\/et\/toode\/lubigel-vibraatoriefektiga-libesti-30ml\/","name":"Lubigel vibraatoriefektiga libesti 30ml | Lust and Love","isPartOf":{"@id":"https:\/\/lustandlove.eu\/et\/#website"},"primaryImageOfPage":{"@id":"https:\/\/lustandlove.eu\/et\/toode\/lubigel-vibraatoriefektiga-libesti-30ml\/#primaryimage"},"image":{"@id":"https:\/\/lustandlove.eu\/et\/toode\/lubigel-vibraatoriefektiga-libesti-30ml\/#primaryimage"},"thumbnailUrl":"https:\/\/lustandlove.eu\/wp-content\/uploads\/frutos.jpg","datePublished":"2023-02-16T10:45:48+00:00","dateModified":"2026-04-13T07:33:34+00:00","breadcrumb":{"@id":"https:\/\/lustandlove.eu\/et\/toode\/lubigel-vibraatoriefektiga-libesti-30ml\/#breadcrumb"},"inLanguage":"et","potentialAction":[{"@type":"ReadAction","target":["https:\/\/lustandlove.eu\/et\/toode\/lubigel-vibraatoriefektiga-libesti-30ml\/"]}]},{"@type":"ImageObject","inLanguage":"et","@id":"https:\/\/lustandlove.eu\/et\/toode\/lubigel-vibraatoriefektiga-libesti-30ml\/#primaryimage","url":"https:\/\/lustandlove.eu\/wp-content\/uploads\/frutos.jpg","contentUrl":"https:\/\/lustandlove.eu\/wp-content\/uploads\/frutos.jpg","width":1500,"height":1500},{"@type":"BreadcrumbList","@id":"https:\/\/lustandlove.eu\/et\/toode\/lubigel-vibraatoriefektiga-libesti-30ml\/#breadcrumb","itemListElement":[{"@type":"ListItem","position":1,"name":"Lust and Love","item":"https:\/\/lustandlove.eu\/et\/"},{"@type":"ListItem","position":2,"name":"Pood","item":"https:\/\/lustandlove.eu\/et\/pood\/"},{"@type":"ListItem","position":3,"name":"Libestid ja kehahooldus","item":"https:\/\/lustandlove.eu\/et\/pood\/apteek\/"},{"@type":"ListItem","position":4,"name":"Lubigel vibraatoriefektiga libesti 30ml"}]},{"@type":"WebSite","@id":"https:\/\/lustandlove.eu\/et\/#website","url":"https:\/\/lustandlove.eu\/et\/","name":"Lust &amp; Love","description":"Online erootikapood tervise, ilu ja armastuse jaoks","publisher":{"@id":"https:\/\/lustandlove.eu\/et\/#organization"},"potentialAction":[{"@type":"SearchAction","target":{"@type":"EntryPoint","urlTemplate":"https:\/\/lustandlove.eu\/et\/?s={search_term_string}"},"query-input":{"@type":"PropertyValueSpecification","valueRequired":true,"valueName":"search_term_string"}}],"inLanguage":"et"},{"@type":"Organization","@id":"https:\/\/lustandlove.eu\/et\/#organization","name":"Bioconcept Baltics O\u00dc","url":"https:\/\/lustandlove.eu\/et\/","logo":{"@type":"ImageObject","inLanguage":"et","@id":"https:\/\/lustandlove.eu\/et\/#\/schema\/logo\/image\/","url":"","contentUrl":"","caption":"Bioconcept Baltics O\u00dc"},"image":{"@id":"https:\/\/lustandlove.eu\/et\/#\/schema\/logo\/image\/"},"sameAs":["https:\/\/www.facebook.com\/LustandLoveEU\/","https:\/\/www.instagram.com\/lustandloveeu\/"]}]}},"_links":{"self":[{"href":"https:\/\/lustandlove.eu\/et\/wp-json\/wp\/v2\/product\/55499","targetHints":{"allow":["GET"]}}],"collection":[{"href":"https:\/\/lustandlove.eu\/et\/wp-json\/wp\/v2\/product"}],"about":[{"href":"https:\/\/lustandlove.eu\/et\/wp-json\/wp\/v2\/types\/product"}],"wp:featuredmedia":[{"embeddable":true,"href":"https:\/\/lustandlove.eu\/et\/wp-json\/wp\/v2\/media\/55517"}],"wp:attachment":[{"href":"https:\/\/lustandlove.eu\/et\/wp-json\/wp\/v2\/media?parent=55499"}],"wp:term":[{"taxonomy":"product_brand","embeddable":true,"href":"https:\/\/lustandlove.eu\/et\/wp-json\/wp\/v2\/product_brand?post=55499"},{"taxonomy":"product_cat","embeddable":true,"href":"https:\/\/lustandlove.eu\/et\/wp-json\/wp\/v2\/product_cat?post=55499"},{"taxonomy":"product_tag","embeddable":true,"href":"https:\/\/lustandlove.eu\/et\/wp-json\/wp\/v2\/product_tag?post=55499"}],"curies":[{"name":"wp","href":"https:\/\/api.w.org\/{rel}","templated":true}]}}