{"id":55619,"date":"2023-03-01T12:38:28","date_gmt":"2023-03-01T10:38:29","guid":{"rendered":"https:\/\/www.lustandlove.eu\/?post_type=product&#038;p=55619"},"modified":"2026-04-13T10:33:33","modified_gmt":"2026-04-13T07:33:33","slug":"geisha-balls-3-tupekuulid","status":"publish","type":"product","link":"https:\/\/lustandlove.eu\/et\/toode\/geisha-balls-3-tupekuulid\/","title":{"rendered":"Geisha Balls 3 Tupekuulid"},"content":{"rendered":"<p>Meie Geisha Balls komplektis\u00a0 on 5 erineva raskusega palli \u2013 77g, 56g, 44g, 34g ja 24g ning kaks silikoonn\u00f6\u00f6ri \u2013 \u00fchele ja kahele pallile. Alusta \u00fche palliga, k\u00f5ige kergemaga, siis liigu edasi kahega treeningu juurde: pane raskem pall alla, kergem peale. Kui valdate harjutusi k\u00f5ige raskemate pallidega, v\u00f5ite need seej\u00e4rel ilma n\u00f6\u00f6rita tuppe asetada ja proovida neid nii hoida (see on juba raskem).<\/p>\n<p>T\u00e4psem pallide kasutamise skeem on seadme kasutusjuhendis. Geisha pallide komplektist j\u00e4tkub teile enam kui kuueks kuuks treeninguid!<\/p>\n<p>Meie pallidega treenimise efektiivsuse tagab muuhulgas Geisha Ballsi nihkunud raskuskese. T\u00e4nu sellele p\u00fc\u00fcavad pallid alati v\u00e4lja libiseda, mis t\u00e4hendab, et lihased on sunnitud kokku t\u00f5mbuma ja treenid seda ise m\u00e4rkamata.<\/p>\n<p>Geisha pallid on valmistatud ABS-plastikust, mis on ohutu, h\u00fcpoallergeenne ja mittepoorne materjal, mida on lihtne puhastada ja lihtne hoiustada. N\u00f6\u00f6r on valmistatud pehmest meditsiinilisest silikoonist. Kindlasti peske pallid m\u00e4nguasjade puhastusvahendiga enne esimest kasutamist ja p\u00e4rast iga treeningut. Treenimiseks kasuta kindlasti veep\u00f5hist libestit.<\/p>\n<p><strong>Kasutusn\u00f5uanded<\/strong><\/p>\n<p>Kasutage palle v\u00e4hemalt 15-30 minutit p\u00e4evas.<br \/>\nIsegi igap\u00e4evaste tegevuste ajal, kui teil on pallid sees, treenitakse lihaseid.<br \/>\nMeie keha on piisavalt tark, nii et kui pallid on sees, hoiavad lihased palle loomulikult, ilma eriliste pingutusteta.<br \/>\nSuurendage kaalu k\u00f5ige kergemast raskemaks.<br \/>\nPallide tupest eemaldamiseks l\u00f5dvestage lihaseid ja t\u00f5mmake n\u00f6\u00f6rist.<br \/>\nKui olete piisavalt treenitud, proovige hoida ainult palli sees ilma n\u00f6\u00f6rita.<br \/>\nJ\u00e4tkake kaalu suurendamist.<\/p>\n<p><strong>Funktsioonid<\/strong>:<\/p>\n<p>Viis erineva raskusega palli.<br \/>\nUniversaalne lahendus \u00fches komplektis \u2013 \u00fcks kergemaid ja \u00fcks raskemaid palle turul.<br \/>\nAnatoomiline kuju \u2013 l\u00e4bim\u00f5\u00f5t 30 mm \/ 1,29\u2033.<br \/>\nKehakindel meditsiiniline silikoon ja abs plastik.<br \/>\nSeitse koolitusetappi.<\/p>\n","protected":false},"excerpt":{"rendered":"<p>Tupekuulid on \u00fcks populaarsemaid viise vaagnap\u00f5hjalihaste treenimiseks. Kuid peale selle on neil palju rohkem kasutusv\u00f5imalusi: n\u00e4iteks kui sisestate ja kannate palle 20 minutit enne seksi, tuleb m\u00f5nu kiiremini ning orgasm on s\u00fcgavam ja heledam!<\/p>\n","protected":false},"featured_media":55629,"template":"","meta":[],"product_brand":[4208],"product_cat":[1460,1487],"product_tag":[],"class_list":{"0":"post-55619","1":"product","2":"type-product","3":"status-publish","4":"has-post-thumbnail","6":"product_brand-gvibe-et","7":"product_cat-apteek","8":"product_cat-tupekuulid","9":"pa_brand-gvibe-et","11":"first","12":"instock","13":"taxable","14":"shipping-taxable","15":"purchasable","16":"product-type-simple"},"yoast_head":"<!-- This site is optimized with the Yoast SEO plugin v27.3 - https:\/\/yoast.com\/product\/yoast-seo-wordpress\/ -->\n<title>Geisha Balls 3 Tupekuulid | Lust and Love<\/title>\n<meta name=\"robots\" content=\"index,follow,max-snippet:-1,max-image-preview:large,max-video-preview:-1\" \/>\n<link rel=\"canonical\" href=\"https:\/\/lustandlove.eu\/et\/toode\/geisha-balls-3-tupekuulid\/\" \/>\n<meta name=\"twitter:card\" content=\"summary_large_image\" \/>\n<meta name=\"twitter:title\" content=\"Geisha Balls 3 Tupekuulid | Lust and Love\" \/>\n<meta name=\"twitter:description\" content=\"Tupekuulid on \u00fcks populaarsemaid viise vaagnap\u00f5hjalihaste treenimiseks. Kuid peale selle on neil palju rohkem kasutusv\u00f5imalusi: n\u00e4iteks kui sisestate ja kannate palle 20 minutit enne seksi, tuleb m\u00f5nu kiiremini ning orgasm on s\u00fcgavam ja heledam!\" \/>\n<meta name=\"twitter:image\" content=\"https:\/\/lustandlove.eu\/wp-content\/uploads\/gvibe-geisha-balls-3-104669_540x.webp\" \/>\n<meta name=\"twitter:label1\" content=\"Est. reading time\" \/>\n\t<meta name=\"twitter:data1\" content=\"1 minut\" \/>\n<script type=\"application\/ld+json\" class=\"yoast-schema-graph\">{\"@context\":\"https:\\\/\\\/schema.org\",\"@graph\":[{\"@type\":[\"WebPage\",\"ItemPage\"],\"@id\":\"https:\\\/\\\/lustandlove.eu\\\/et\\\/toode\\\/geisha-balls-3-tupekuulid\\\/\",\"url\":\"https:\\\/\\\/lustandlove.eu\\\/et\\\/toode\\\/geisha-balls-3-tupekuulid\\\/\",\"name\":\"Geisha Balls 3 Tupekuulid | Lust and Love\",\"isPartOf\":{\"@id\":\"https:\\\/\\\/lustandlove.eu\\\/et\\\/#website\"},\"primaryImageOfPage\":{\"@id\":\"https:\\\/\\\/lustandlove.eu\\\/et\\\/toode\\\/geisha-balls-3-tupekuulid\\\/#primaryimage\"},\"image\":{\"@id\":\"https:\\\/\\\/lustandlove.eu\\\/et\\\/toode\\\/geisha-balls-3-tupekuulid\\\/#primaryimage\"},\"thumbnailUrl\":\"https:\\\/\\\/lustandlove.eu\\\/wp-content\\\/uploads\\\/gvibe-geisha-balls-3-104669_540x.webp\",\"datePublished\":\"2023-03-01T10:38:29+00:00\",\"dateModified\":\"2026-04-13T07:33:33+00:00\",\"breadcrumb\":{\"@id\":\"https:\\\/\\\/lustandlove.eu\\\/et\\\/toode\\\/geisha-balls-3-tupekuulid\\\/#breadcrumb\"},\"inLanguage\":\"et\",\"potentialAction\":[{\"@type\":\"ReadAction\",\"target\":[\"https:\\\/\\\/lustandlove.eu\\\/et\\\/toode\\\/geisha-balls-3-tupekuulid\\\/\"]}]},{\"@type\":\"ImageObject\",\"inLanguage\":\"et\",\"@id\":\"https:\\\/\\\/lustandlove.eu\\\/et\\\/toode\\\/geisha-balls-3-tupekuulid\\\/#primaryimage\",\"url\":\"https:\\\/\\\/lustandlove.eu\\\/wp-content\\\/uploads\\\/gvibe-geisha-balls-3-104669_540x.webp\",\"contentUrl\":\"https:\\\/\\\/lustandlove.eu\\\/wp-content\\\/uploads\\\/gvibe-geisha-balls-3-104669_540x.webp\",\"width\":540,\"height\":540},{\"@type\":\"BreadcrumbList\",\"@id\":\"https:\\\/\\\/lustandlove.eu\\\/et\\\/toode\\\/geisha-balls-3-tupekuulid\\\/#breadcrumb\",\"itemListElement\":[{\"@type\":\"ListItem\",\"position\":1,\"name\":\"Lust and Love\",\"item\":\"https:\\\/\\\/lustandlove.eu\\\/et\\\/\"},{\"@type\":\"ListItem\",\"position\":2,\"name\":\"Pood\",\"item\":\"https:\\\/\\\/lustandlove.eu\\\/et\\\/pood\\\/\"},{\"@type\":\"ListItem\",\"position\":3,\"name\":\"Libestid ja kehahooldus\",\"item\":\"https:\\\/\\\/lustandlove.eu\\\/et\\\/pood\\\/apteek\\\/\"},{\"@type\":\"ListItem\",\"position\":4,\"name\":\"Tupekuulid\",\"item\":\"https:\\\/\\\/lustandlove.eu\\\/et\\\/pood\\\/apteek\\\/tupekuulid\\\/\"},{\"@type\":\"ListItem\",\"position\":5,\"name\":\"Geisha Balls 3 Tupekuulid\"}]},{\"@type\":\"WebSite\",\"@id\":\"https:\\\/\\\/lustandlove.eu\\\/et\\\/#website\",\"url\":\"https:\\\/\\\/lustandlove.eu\\\/et\\\/\",\"name\":\"Lust &amp; Love\",\"description\":\"Online erootikapood tervise, ilu ja armastuse jaoks\",\"publisher\":{\"@id\":\"https:\\\/\\\/lustandlove.eu\\\/et\\\/#organization\"},\"potentialAction\":[{\"@type\":\"SearchAction\",\"target\":{\"@type\":\"EntryPoint\",\"urlTemplate\":\"https:\\\/\\\/lustandlove.eu\\\/et\\\/?s={search_term_string}\"},\"query-input\":{\"@type\":\"PropertyValueSpecification\",\"valueRequired\":true,\"valueName\":\"search_term_string\"}}],\"inLanguage\":\"et\"},{\"@type\":\"Organization\",\"@id\":\"https:\\\/\\\/lustandlove.eu\\\/et\\\/#organization\",\"name\":\"Bioconcept Baltics O\u00dc\",\"url\":\"https:\\\/\\\/lustandlove.eu\\\/et\\\/\",\"logo\":{\"@type\":\"ImageObject\",\"inLanguage\":\"et\",\"@id\":\"https:\\\/\\\/lustandlove.eu\\\/et\\\/#\\\/schema\\\/logo\\\/image\\\/\",\"url\":\"\",\"contentUrl\":\"\",\"caption\":\"Bioconcept Baltics O\u00dc\"},\"image\":{\"@id\":\"https:\\\/\\\/lustandlove.eu\\\/et\\\/#\\\/schema\\\/logo\\\/image\\\/\"},\"sameAs\":[\"https:\\\/\\\/www.facebook.com\\\/LustandLoveEU\\\/\",\"https:\\\/\\\/www.instagram.com\\\/lustandloveeu\\\/\"]}]}<\/script>\n<!-- \/ Yoast SEO plugin. -->","yoast_head_json":{"title":"Geisha Balls 3 Tupekuulid | Lust and Love","robots":{"index,follow,max-snippet":"index,follow,max-snippet:-1,max-image-preview:large,max-video-preview:-1"},"canonical":"https:\/\/lustandlove.eu\/et\/toode\/geisha-balls-3-tupekuulid\/","twitter_card":"summary_large_image","twitter_title":"Geisha Balls 3 Tupekuulid | Lust and Love","twitter_description":"Tupekuulid on \u00fcks populaarsemaid viise vaagnap\u00f5hjalihaste treenimiseks. Kuid peale selle on neil palju rohkem kasutusv\u00f5imalusi: n\u00e4iteks kui sisestate ja kannate palle 20 minutit enne seksi, tuleb m\u00f5nu kiiremini ning orgasm on s\u00fcgavam ja heledam!","twitter_image":"https:\/\/lustandlove.eu\/wp-content\/uploads\/gvibe-geisha-balls-3-104669_540x.webp","twitter_misc":{"Est. reading time":"1 minut"},"schema":{"@context":"https:\/\/schema.org","@graph":[{"@type":["WebPage","ItemPage"],"@id":"https:\/\/lustandlove.eu\/et\/toode\/geisha-balls-3-tupekuulid\/","url":"https:\/\/lustandlove.eu\/et\/toode\/geisha-balls-3-tupekuulid\/","name":"Geisha Balls 3 Tupekuulid | Lust and Love","isPartOf":{"@id":"https:\/\/lustandlove.eu\/et\/#website"},"primaryImageOfPage":{"@id":"https:\/\/lustandlove.eu\/et\/toode\/geisha-balls-3-tupekuulid\/#primaryimage"},"image":{"@id":"https:\/\/lustandlove.eu\/et\/toode\/geisha-balls-3-tupekuulid\/#primaryimage"},"thumbnailUrl":"https:\/\/lustandlove.eu\/wp-content\/uploads\/gvibe-geisha-balls-3-104669_540x.webp","datePublished":"2023-03-01T10:38:29+00:00","dateModified":"2026-04-13T07:33:33+00:00","breadcrumb":{"@id":"https:\/\/lustandlove.eu\/et\/toode\/geisha-balls-3-tupekuulid\/#breadcrumb"},"inLanguage":"et","potentialAction":[{"@type":"ReadAction","target":["https:\/\/lustandlove.eu\/et\/toode\/geisha-balls-3-tupekuulid\/"]}]},{"@type":"ImageObject","inLanguage":"et","@id":"https:\/\/lustandlove.eu\/et\/toode\/geisha-balls-3-tupekuulid\/#primaryimage","url":"https:\/\/lustandlove.eu\/wp-content\/uploads\/gvibe-geisha-balls-3-104669_540x.webp","contentUrl":"https:\/\/lustandlove.eu\/wp-content\/uploads\/gvibe-geisha-balls-3-104669_540x.webp","width":540,"height":540},{"@type":"BreadcrumbList","@id":"https:\/\/lustandlove.eu\/et\/toode\/geisha-balls-3-tupekuulid\/#breadcrumb","itemListElement":[{"@type":"ListItem","position":1,"name":"Lust and Love","item":"https:\/\/lustandlove.eu\/et\/"},{"@type":"ListItem","position":2,"name":"Pood","item":"https:\/\/lustandlove.eu\/et\/pood\/"},{"@type":"ListItem","position":3,"name":"Libestid ja kehahooldus","item":"https:\/\/lustandlove.eu\/et\/pood\/apteek\/"},{"@type":"ListItem","position":4,"name":"Tupekuulid","item":"https:\/\/lustandlove.eu\/et\/pood\/apteek\/tupekuulid\/"},{"@type":"ListItem","position":5,"name":"Geisha Balls 3 Tupekuulid"}]},{"@type":"WebSite","@id":"https:\/\/lustandlove.eu\/et\/#website","url":"https:\/\/lustandlove.eu\/et\/","name":"Lust &amp; Love","description":"Online erootikapood tervise, ilu ja armastuse jaoks","publisher":{"@id":"https:\/\/lustandlove.eu\/et\/#organization"},"potentialAction":[{"@type":"SearchAction","target":{"@type":"EntryPoint","urlTemplate":"https:\/\/lustandlove.eu\/et\/?s={search_term_string}"},"query-input":{"@type":"PropertyValueSpecification","valueRequired":true,"valueName":"search_term_string"}}],"inLanguage":"et"},{"@type":"Organization","@id":"https:\/\/lustandlove.eu\/et\/#organization","name":"Bioconcept Baltics O\u00dc","url":"https:\/\/lustandlove.eu\/et\/","logo":{"@type":"ImageObject","inLanguage":"et","@id":"https:\/\/lustandlove.eu\/et\/#\/schema\/logo\/image\/","url":"","contentUrl":"","caption":"Bioconcept Baltics O\u00dc"},"image":{"@id":"https:\/\/lustandlove.eu\/et\/#\/schema\/logo\/image\/"},"sameAs":["https:\/\/www.facebook.com\/LustandLoveEU\/","https:\/\/www.instagram.com\/lustandloveeu\/"]}]}},"_links":{"self":[{"href":"https:\/\/lustandlove.eu\/et\/wp-json\/wp\/v2\/product\/55619","targetHints":{"allow":["GET"]}}],"collection":[{"href":"https:\/\/lustandlove.eu\/et\/wp-json\/wp\/v2\/product"}],"about":[{"href":"https:\/\/lustandlove.eu\/et\/wp-json\/wp\/v2\/types\/product"}],"wp:featuredmedia":[{"embeddable":true,"href":"https:\/\/lustandlove.eu\/et\/wp-json\/wp\/v2\/media\/55629"}],"wp:attachment":[{"href":"https:\/\/lustandlove.eu\/et\/wp-json\/wp\/v2\/media?parent=55619"}],"wp:term":[{"taxonomy":"product_brand","embeddable":true,"href":"https:\/\/lustandlove.eu\/et\/wp-json\/wp\/v2\/product_brand?post=55619"},{"taxonomy":"product_cat","embeddable":true,"href":"https:\/\/lustandlove.eu\/et\/wp-json\/wp\/v2\/product_cat?post=55619"},{"taxonomy":"product_tag","embeddable":true,"href":"https:\/\/lustandlove.eu\/et\/wp-json\/wp\/v2\/product_tag?post=55619"}],"curies":[{"name":"wp","href":"https:\/\/api.w.org\/{rel}","templated":true}]}}