{"id":55640,"date":"2023-03-01T12:51:30","date_gmt":"2023-03-01T10:51:32","guid":{"rendered":"https:\/\/www.lustandlove.eu\/?post_type=product&#038;p=55640"},"modified":"2025-08-19T15:39:05","modified_gmt":"2025-08-19T12:39:05","slug":"gjack%c2%b2-mini","status":"publish","type":"product","link":"https:\/\/lustandlove.eu\/et\/toode\/gjack%c2%b2-mini\/","title":{"rendered":"Gjack\u00b2 Mini"},"content":{"rendered":"<p>&#8220;Te ei taha l\u00f5petada Gjack2 mini Revolutsioonilise Bioskin\u2122 materjali puudutamist.&#8221;<\/p>\n<p>On peaaegu v\u00f5imatu uskuda, kui realistlik on selle sekslelu materjal. Gjack 2 mini pakub klassikalist vibraatoristiili suurte vahedega, mis tagavad intensiivsed m\u00f5nud \u00fcles ja alla liikudes.<\/p>\n<p>GVibe saavutas naudingutoodete materjalide arengus uue k\u00f5rguse, kui l\u00f5ime &#8220;BIOSKIN&#8221;. Kvaliteetne kehas\u00f5bralik silikoonmaterjal tundub inimese nahale v\u00f5imalikult l\u00e4hedane ja isegi soojendab koos sinuga, et tunduda veelgi rohkem t\u00f5ep\u00e4rasem.<\/p>\n<p>\u00d6koloogiliselt ohutu, h\u00fcpoallergeenne, esmaklassiline &#8220;Bioskin&#8221; on meditsiinilise kvaliteediga mittepoorne silikoonmaterjal. Loodud k\u00f5rgeimaid standardeid ja k\u00f5ige realistlikumat tunnet silmas pidades.<\/p>\n<p>Priske ja elutruu GVibe Gjack2 mini on 100% veekindel G-punkti sekslelu. M\u00e4ngige G-Jack2 miniga vannis, du\u0161i all v\u00f5i mullivannis, et asjad t\u00f5eliselt \u00fcles soojendada. Selle suure vaginaalse vibraatori ergonoomiline k\u00e4epide muudab selle k\u00e4es hoidmise lihtsaks ka libedates olukordades.<\/p>\n<p>Kuigi GJack2 minit saab kasutada anaalvibraatorina, pole see spetsiaalselt sellisena loodud ega soovitatav. Soovitame teil alati h\u00e4sti hoida iga anaalseksi m\u00e4nguasja otsast kinni ja valida stimulaatorid, mis on spetsiaalselt loodud suuremate k\u00e4epidemetega v\u00f5i laiema p\u00f5hjaga anaalseks kasutamiseks. Uurige Gpop2 ja Gplug anaaltappide valikut.<\/p>\n<p>GJack2 minivibraator loodi silmas pidades kliitorit, g-punkte ja tuppe. M\u00f5ned v\u00f5ivad seda nimetada naiste masseerijaks v\u00f5i naiste seksim\u00e4nguasjaks, kuid me usume, et selle ebareaalse leluga v\u00f5ib l\u00f5butseda iga sugupool.<\/p>\n<p>BIOSKIN\u2122 Gjack\u00b2 minil on magnetlaadija, mis tagab ka \u00fclilihtsa ja nutika laadimise. L\u00f5busad ja flirtivad v\u00e4rvivalikud pakuvad iga\u00fchele midagi, mis r\u00f5\u00f5mustab.<\/p>\n<p>Gvibe Gjack 2 mini disainitud Londonis.<\/p>\n","protected":false},"excerpt":{"rendered":"<p>Lelude evolutsioonis on loodud uus standard. Gjack BIOSKIN on inimese kehale uskumatult sarnane materjal.<\/p>\n","protected":false},"featured_media":85727,"template":"","meta":[],"product_cat":[1484,1488,3980],"product_tag":[1507,1543,4104],"yoast_head":"<!-- This site is optimized with the Yoast SEO plugin v22.9 - https:\/\/yoast.com\/wordpress\/plugins\/seo\/ -->\n<title>Gjack\u00b2 Mini | Lust and Love<\/title>\n<meta name=\"description\" content=\"Lelude evolutsioonis on loodud uus standard. Gjack BIOSKIN on inimese kehale uskumatult sarnane materjal.\" \/>\n<meta name=\"robots\" content=\"index,follow,max-snippet:-1,max-image-preview:large,max-video-preview:-1\" \/>\n<link rel=\"canonical\" href=\"https:\/\/lustandlove.eu\/et\/toode\/gjack%c2%b2-mini\/\" \/>\n<meta name=\"twitter:card\" content=\"summary_large_image\" \/>\n<meta name=\"twitter:title\" content=\"Gjack\u00b2 Mini | Lust and Love\" \/>\n<meta name=\"twitter:description\" content=\"Lelude evolutsioonis on loodud uus standard. Gjack BIOSKIN on inimese kehale uskumatult sarnane materjal.\" \/>\n<meta name=\"twitter:image\" content=\"https:\/\/lustandlove.eu\/wp-content\/uploads\/Gvibe_MiniVERS_GjackMINI_1350x1800_box_black.jpg\" \/>\n<meta name=\"twitter:label1\" content=\"Est. reading time\" \/>\n\t<meta name=\"twitter:data1\" content=\"1 minut\" \/>\n<script type=\"application\/ld+json\" class=\"yoast-schema-graph\">{\"@context\":\"https:\/\/schema.org\",\"@graph\":[{\"@type\":[\"WebPage\",\"ItemPage\"],\"@id\":\"https:\/\/lustandlove.eu\/et\/toode\/gjack%c2%b2-mini\/\",\"url\":\"https:\/\/lustandlove.eu\/et\/toode\/gjack%c2%b2-mini\/\",\"name\":\"Gjack\u00b2 Mini | Lust and Love\",\"isPartOf\":{\"@id\":\"https:\/\/lustandlove.eu\/et\/#website\"},\"primaryImageOfPage\":{\"@id\":\"https:\/\/lustandlove.eu\/et\/toode\/gjack%c2%b2-mini\/#primaryimage\"},\"image\":{\"@id\":\"https:\/\/lustandlove.eu\/et\/toode\/gjack%c2%b2-mini\/#primaryimage\"},\"thumbnailUrl\":\"https:\/\/lustandlove.eu\/wp-content\/uploads\/Gvibe_MiniVERS_GjackMINI_1350x1800_box_black.jpg\",\"datePublished\":\"2023-03-01T10:51:32+00:00\",\"dateModified\":\"2025-08-19T12:39:05+00:00\",\"description\":\"Lelude evolutsioonis on loodud uus standard. Gjack BIOSKIN on inimese kehale uskumatult sarnane materjal.\",\"breadcrumb\":{\"@id\":\"https:\/\/lustandlove.eu\/et\/toode\/gjack%c2%b2-mini\/#breadcrumb\"},\"inLanguage\":\"et\",\"potentialAction\":[{\"@type\":\"ReadAction\",\"target\":[\"https:\/\/lustandlove.eu\/et\/toode\/gjack%c2%b2-mini\/\"]}]},{\"@type\":\"ImageObject\",\"inLanguage\":\"et\",\"@id\":\"https:\/\/lustandlove.eu\/et\/toode\/gjack%c2%b2-mini\/#primaryimage\",\"url\":\"https:\/\/lustandlove.eu\/wp-content\/uploads\/Gvibe_MiniVERS_GjackMINI_1350x1800_box_black.jpg\",\"contentUrl\":\"https:\/\/lustandlove.eu\/wp-content\/uploads\/Gvibe_MiniVERS_GjackMINI_1350x1800_box_black.jpg\",\"width\":1350,\"height\":1800},{\"@type\":\"BreadcrumbList\",\"@id\":\"https:\/\/lustandlove.eu\/et\/toode\/gjack%c2%b2-mini\/#breadcrumb\",\"itemListElement\":[{\"@type\":\"ListItem\",\"position\":1,\"name\":\"Lust and Love\",\"item\":\"https:\/\/lustandlove.eu\/et\/\"},{\"@type\":\"ListItem\",\"position\":2,\"name\":\"Pood\",\"item\":\"https:\/\/lustandlove.eu\/et\/pood\/\"},{\"@type\":\"ListItem\",\"position\":3,\"name\":\"Sekslelud\",\"item\":\"https:\/\/lustandlove.eu\/et\/pood\/sekslelud\/\"},{\"@type\":\"ListItem\",\"position\":4,\"name\":\"Vibraatorid\",\"item\":\"https:\/\/lustandlove.eu\/et\/pood\/sekslelud\/vibraatorid\/\"},{\"@type\":\"ListItem\",\"position\":5,\"name\":\"Klassikalised\",\"item\":\"https:\/\/lustandlove.eu\/et\/pood\/sekslelud\/vibraatorid\/klassikalised\/\"},{\"@type\":\"ListItem\",\"position\":6,\"name\":\"Gjack\u00b2 Mini\"}]},{\"@type\":\"WebSite\",\"@id\":\"https:\/\/lustandlove.eu\/et\/#website\",\"url\":\"https:\/\/lustandlove.eu\/et\/\",\"name\":\"Lust &amp; Love\",\"description\":\"Online erootikapood tervise, ilu ja armastuse jaoks\",\"publisher\":{\"@id\":\"https:\/\/lustandlove.eu\/et\/#organization\"},\"potentialAction\":[{\"@type\":\"SearchAction\",\"target\":{\"@type\":\"EntryPoint\",\"urlTemplate\":\"https:\/\/lustandlove.eu\/et\/?s={search_term_string}\"},\"query-input\":\"required name=search_term_string\"}],\"inLanguage\":\"et\"},{\"@type\":\"Organization\",\"@id\":\"https:\/\/lustandlove.eu\/et\/#organization\",\"name\":\"Bioconcept Baltics O\u00dc\",\"url\":\"https:\/\/lustandlove.eu\/et\/\",\"logo\":{\"@type\":\"ImageObject\",\"inLanguage\":\"et\",\"@id\":\"https:\/\/lustandlove.eu\/et\/#\/schema\/logo\/image\/\",\"url\":\"\",\"contentUrl\":\"\",\"caption\":\"Bioconcept Baltics O\u00dc\"},\"image\":{\"@id\":\"https:\/\/lustandlove.eu\/et\/#\/schema\/logo\/image\/\"},\"sameAs\":[\"https:\/\/www.facebook.com\/LustandLoveEU\/\",\"https:\/\/www.instagram.com\/lustandloveeu\/\"]}]}<\/script>\n<!-- \/ Yoast SEO plugin. -->","yoast_head_json":{"title":"Gjack\u00b2 Mini | Lust and Love","description":"Lelude evolutsioonis on loodud uus standard. Gjack BIOSKIN on inimese kehale uskumatult sarnane materjal.","robots":{"index,follow,max-snippet":"index,follow,max-snippet:-1,max-image-preview:large,max-video-preview:-1"},"canonical":"https:\/\/lustandlove.eu\/et\/toode\/gjack%c2%b2-mini\/","twitter_card":"summary_large_image","twitter_title":"Gjack\u00b2 Mini | Lust and Love","twitter_description":"Lelude evolutsioonis on loodud uus standard. Gjack BIOSKIN on inimese kehale uskumatult sarnane materjal.","twitter_image":"https:\/\/lustandlove.eu\/wp-content\/uploads\/Gvibe_MiniVERS_GjackMINI_1350x1800_box_black.jpg","twitter_misc":{"Est. reading time":"1 minut"},"schema":{"@context":"https:\/\/schema.org","@graph":[{"@type":["WebPage","ItemPage"],"@id":"https:\/\/lustandlove.eu\/et\/toode\/gjack%c2%b2-mini\/","url":"https:\/\/lustandlove.eu\/et\/toode\/gjack%c2%b2-mini\/","name":"Gjack\u00b2 Mini | Lust and Love","isPartOf":{"@id":"https:\/\/lustandlove.eu\/et\/#website"},"primaryImageOfPage":{"@id":"https:\/\/lustandlove.eu\/et\/toode\/gjack%c2%b2-mini\/#primaryimage"},"image":{"@id":"https:\/\/lustandlove.eu\/et\/toode\/gjack%c2%b2-mini\/#primaryimage"},"thumbnailUrl":"https:\/\/lustandlove.eu\/wp-content\/uploads\/Gvibe_MiniVERS_GjackMINI_1350x1800_box_black.jpg","datePublished":"2023-03-01T10:51:32+00:00","dateModified":"2025-08-19T12:39:05+00:00","description":"Lelude evolutsioonis on loodud uus standard. Gjack BIOSKIN on inimese kehale uskumatult sarnane materjal.","breadcrumb":{"@id":"https:\/\/lustandlove.eu\/et\/toode\/gjack%c2%b2-mini\/#breadcrumb"},"inLanguage":"et","potentialAction":[{"@type":"ReadAction","target":["https:\/\/lustandlove.eu\/et\/toode\/gjack%c2%b2-mini\/"]}]},{"@type":"ImageObject","inLanguage":"et","@id":"https:\/\/lustandlove.eu\/et\/toode\/gjack%c2%b2-mini\/#primaryimage","url":"https:\/\/lustandlove.eu\/wp-content\/uploads\/Gvibe_MiniVERS_GjackMINI_1350x1800_box_black.jpg","contentUrl":"https:\/\/lustandlove.eu\/wp-content\/uploads\/Gvibe_MiniVERS_GjackMINI_1350x1800_box_black.jpg","width":1350,"height":1800},{"@type":"BreadcrumbList","@id":"https:\/\/lustandlove.eu\/et\/toode\/gjack%c2%b2-mini\/#breadcrumb","itemListElement":[{"@type":"ListItem","position":1,"name":"Lust and Love","item":"https:\/\/lustandlove.eu\/et\/"},{"@type":"ListItem","position":2,"name":"Pood","item":"https:\/\/lustandlove.eu\/et\/pood\/"},{"@type":"ListItem","position":3,"name":"Sekslelud","item":"https:\/\/lustandlove.eu\/et\/pood\/sekslelud\/"},{"@type":"ListItem","position":4,"name":"Vibraatorid","item":"https:\/\/lustandlove.eu\/et\/pood\/sekslelud\/vibraatorid\/"},{"@type":"ListItem","position":5,"name":"Klassikalised","item":"https:\/\/lustandlove.eu\/et\/pood\/sekslelud\/vibraatorid\/klassikalised\/"},{"@type":"ListItem","position":6,"name":"Gjack\u00b2 Mini"}]},{"@type":"WebSite","@id":"https:\/\/lustandlove.eu\/et\/#website","url":"https:\/\/lustandlove.eu\/et\/","name":"Lust &amp; Love","description":"Online erootikapood tervise, ilu ja armastuse jaoks","publisher":{"@id":"https:\/\/lustandlove.eu\/et\/#organization"},"potentialAction":[{"@type":"SearchAction","target":{"@type":"EntryPoint","urlTemplate":"https:\/\/lustandlove.eu\/et\/?s={search_term_string}"},"query-input":"required name=search_term_string"}],"inLanguage":"et"},{"@type":"Organization","@id":"https:\/\/lustandlove.eu\/et\/#organization","name":"Bioconcept Baltics O\u00dc","url":"https:\/\/lustandlove.eu\/et\/","logo":{"@type":"ImageObject","inLanguage":"et","@id":"https:\/\/lustandlove.eu\/et\/#\/schema\/logo\/image\/","url":"","contentUrl":"","caption":"Bioconcept Baltics O\u00dc"},"image":{"@id":"https:\/\/lustandlove.eu\/et\/#\/schema\/logo\/image\/"},"sameAs":["https:\/\/www.facebook.com\/LustandLoveEU\/","https:\/\/www.instagram.com\/lustandloveeu\/"]}]}},"_links":{"self":[{"href":"https:\/\/lustandlove.eu\/et\/wp-json\/wp\/v2\/product\/55640"}],"collection":[{"href":"https:\/\/lustandlove.eu\/et\/wp-json\/wp\/v2\/product"}],"about":[{"href":"https:\/\/lustandlove.eu\/et\/wp-json\/wp\/v2\/types\/product"}],"wp:featuredmedia":[{"embeddable":true,"href":"https:\/\/lustandlove.eu\/et\/wp-json\/wp\/v2\/media\/85727"}],"wp:attachment":[{"href":"https:\/\/lustandlove.eu\/et\/wp-json\/wp\/v2\/media?parent=55640"}],"wp:term":[{"taxonomy":"product_cat","embeddable":true,"href":"https:\/\/lustandlove.eu\/et\/wp-json\/wp\/v2\/product_cat?post=55640"},{"taxonomy":"product_tag","embeddable":true,"href":"https:\/\/lustandlove.eu\/et\/wp-json\/wp\/v2\/product_tag?post=55640"}],"curies":[{"name":"wp","href":"https:\/\/api.w.org\/{rel}","templated":true}]}}