{"id":55663,"date":"2023-03-01T13:09:55","date_gmt":"2023-03-01T11:09:56","guid":{"rendered":"https:\/\/www.lustandlove.eu\/?post_type=product&#038;p=55663"},"modified":"2026-04-13T10:33:33","modified_gmt":"2026-04-13T07:33:33","slug":"gcandy-mini","status":"publish","type":"product","link":"https:\/\/lustandlove.eu\/et\/toode\/gcandy-mini\/","title":{"rendered":"Gcandy Mini"},"content":{"rendered":"<p>Gcandy minil on kaks v\u00f5imsat mootorit, \u00fcks suuremas falloses, et stimuleerida G-punkti, ja \u00fcks mootor asub v\u00e4iksemas nupus kliitori massaa\u017ei jaoks. Gcandy mini hoiab m\u00f5lemad mootorid tugevana kuni neli (4) tundi t\u00e4islaadimisel. Need individuaalsed mootorid pakuvad tugevat topeltstimulatsiooni. Kas G-candy mini v\u00f5iks olla parim g-punkti vibraator ja parim kliitori vibraator \u00fches?<\/p>\n<p><strong>Kahekordne tegevus, et tabada k\u00f5iki \u00f5igeid kohti<\/strong><\/p>\n<p>Kasutage kahe mootori ja kuue uue vibratsioonire\u017eiimi eeliseid. M\u00e4nguasja suurem osa loodi tupes kasutus silmas pidades, samas kui v\u00e4iksem nukk v\u00f5i s\u00f5rm sobib ideaalselt kliitori v\u00e4liseks stimulatsiooniks. Raputage oma maailma, et saavutada kombineeritud ja kogu keha orgasme kahe samaaegse stimulatsiooniga.<\/p>\n<p>Lisaks muudab Gcandy mini du\u0161i all v\u00f5i vannis veedetud aja veelgi p\u00f5nevamaks. See vibraator on 100% veekindel ja sukeldatav.<\/p>\n<p>Kuigi seda vibratsiooni saab kasutada anaalse vibraatorina, soovitame m\u00f5nda muud meie spetsiaalselt anaalseks kasutuseks loodud lelu. Mis tahes g-punkti sekslelu anaalselt kasutades pidage meeles, et hoidke alusest v\u00f5i k\u00e4epidemest v\u00e4ljaspool keha ohutuks kasutamiseks head haaret.<\/p>\n<p>Disainitud Londonis.<\/p>\n","protected":false},"excerpt":{"rendered":"<p>Gcandy minil on kaks v\u00f5imsat mootorit, \u00fcks suuremas falloses, et stimuleerida G-punkti, ja \u00fcks mootor asub v\u00e4iksemas nupus kliitori massaa\u017ei jaoks.<\/p>\n","protected":false},"featured_media":85737,"template":"","meta":[],"product_brand":[4208],"product_cat":[3977,1484,1488],"product_tag":[3883],"class_list":{"0":"post-55663","1":"product","2":"type-product","3":"status-publish","4":"has-post-thumbnail","6":"product_brand-gvibe-et","7":"product_cat-janese","8":"product_cat-sekslelud","9":"product_cat-vibraatorid","10":"product_tag-rabbit-et","11":"pa_brand-gvibe-et","13":"first","14":"instock","15":"taxable","16":"shipping-taxable","17":"purchasable","18":"product-type-simple"},"yoast_head":"<!-- This site is optimized with the Yoast SEO plugin v27.3 - https:\/\/yoast.com\/product\/yoast-seo-wordpress\/ -->\n<title>Gcandy Mini | Lust and Love Adult E-shop<\/title>\n<meta name=\"description\" content=\"Gcandy minil on kaks v\u00f5imsat mootorit, \u00fcks suuremas falloses, et stimuleerida G-punkti, ja \u00fcks mootor asub v\u00e4iksemas nupus kliitori massaa\u017ei jaoks.\" \/>\n<meta name=\"robots\" content=\"index,follow,max-snippet:-1,max-image-preview:large,max-video-preview:-1\" \/>\n<link rel=\"canonical\" href=\"https:\/\/lustandlove.eu\/et\/toode\/gcandy-mini\/\" \/>\n<meta name=\"twitter:card\" content=\"summary_large_image\" \/>\n<meta name=\"twitter:title\" content=\"Gcandy Mini | Lust and Love Adult E-shop\" \/>\n<meta name=\"twitter:description\" content=\"Gcandy minil on kaks v\u00f5imsat mootorit, \u00fcks suuremas falloses, et stimuleerida G-punkti, ja \u00fcks mootor asub v\u00e4iksemas nupus kliitori massaa\u017ei jaoks.\" \/>\n<meta name=\"twitter:image\" content=\"https:\/\/lustandlove.eu\/wp-content\/uploads\/Gvibe_MiniVERS_GandyMINI_1350x1800_box_white2.jpg\" \/>\n<meta name=\"twitter:label1\" content=\"Est. reading time\" \/>\n\t<meta name=\"twitter:data1\" content=\"1 minut\" \/>\n<script type=\"application\/ld+json\" class=\"yoast-schema-graph\">{\"@context\":\"https:\\\/\\\/schema.org\",\"@graph\":[{\"@type\":[\"WebPage\",\"ItemPage\"],\"@id\":\"https:\\\/\\\/lustandlove.eu\\\/et\\\/toode\\\/gcandy-mini\\\/\",\"url\":\"https:\\\/\\\/lustandlove.eu\\\/et\\\/toode\\\/gcandy-mini\\\/\",\"name\":\"Gcandy Mini | Lust and Love Adult E-shop\",\"isPartOf\":{\"@id\":\"https:\\\/\\\/lustandlove.eu\\\/et\\\/#website\"},\"primaryImageOfPage\":{\"@id\":\"https:\\\/\\\/lustandlove.eu\\\/et\\\/toode\\\/gcandy-mini\\\/#primaryimage\"},\"image\":{\"@id\":\"https:\\\/\\\/lustandlove.eu\\\/et\\\/toode\\\/gcandy-mini\\\/#primaryimage\"},\"thumbnailUrl\":\"https:\\\/\\\/lustandlove.eu\\\/wp-content\\\/uploads\\\/Gvibe_MiniVERS_GandyMINI_1350x1800_box_white2.jpg\",\"datePublished\":\"2023-03-01T11:09:56+00:00\",\"dateModified\":\"2026-04-13T07:33:33+00:00\",\"description\":\"Gcandy minil on kaks v\u00f5imsat mootorit, \u00fcks suuremas falloses, et stimuleerida G-punkti, ja \u00fcks mootor asub v\u00e4iksemas nupus kliitori massaa\u017ei jaoks.\",\"breadcrumb\":{\"@id\":\"https:\\\/\\\/lustandlove.eu\\\/et\\\/toode\\\/gcandy-mini\\\/#breadcrumb\"},\"inLanguage\":\"et\",\"potentialAction\":[{\"@type\":\"ReadAction\",\"target\":[\"https:\\\/\\\/lustandlove.eu\\\/et\\\/toode\\\/gcandy-mini\\\/\"]}]},{\"@type\":\"ImageObject\",\"inLanguage\":\"et\",\"@id\":\"https:\\\/\\\/lustandlove.eu\\\/et\\\/toode\\\/gcandy-mini\\\/#primaryimage\",\"url\":\"https:\\\/\\\/lustandlove.eu\\\/wp-content\\\/uploads\\\/Gvibe_MiniVERS_GandyMINI_1350x1800_box_white2.jpg\",\"contentUrl\":\"https:\\\/\\\/lustandlove.eu\\\/wp-content\\\/uploads\\\/Gvibe_MiniVERS_GandyMINI_1350x1800_box_white2.jpg\",\"width\":1350,\"height\":1800},{\"@type\":\"BreadcrumbList\",\"@id\":\"https:\\\/\\\/lustandlove.eu\\\/et\\\/toode\\\/gcandy-mini\\\/#breadcrumb\",\"itemListElement\":[{\"@type\":\"ListItem\",\"position\":1,\"name\":\"Lust and Love\",\"item\":\"https:\\\/\\\/lustandlove.eu\\\/et\\\/\"},{\"@type\":\"ListItem\",\"position\":2,\"name\":\"Pood\",\"item\":\"https:\\\/\\\/lustandlove.eu\\\/et\\\/pood\\\/\"},{\"@type\":\"ListItem\",\"position\":3,\"name\":\"Sekslelud\",\"item\":\"https:\\\/\\\/lustandlove.eu\\\/et\\\/pood\\\/sekslelud\\\/\"},{\"@type\":\"ListItem\",\"position\":4,\"name\":\"Gcandy Mini\"}]},{\"@type\":\"WebSite\",\"@id\":\"https:\\\/\\\/lustandlove.eu\\\/et\\\/#website\",\"url\":\"https:\\\/\\\/lustandlove.eu\\\/et\\\/\",\"name\":\"Lust &amp; Love\",\"description\":\"Online erootikapood tervise, ilu ja armastuse jaoks\",\"publisher\":{\"@id\":\"https:\\\/\\\/lustandlove.eu\\\/et\\\/#organization\"},\"potentialAction\":[{\"@type\":\"SearchAction\",\"target\":{\"@type\":\"EntryPoint\",\"urlTemplate\":\"https:\\\/\\\/lustandlove.eu\\\/et\\\/?s={search_term_string}\"},\"query-input\":{\"@type\":\"PropertyValueSpecification\",\"valueRequired\":true,\"valueName\":\"search_term_string\"}}],\"inLanguage\":\"et\"},{\"@type\":\"Organization\",\"@id\":\"https:\\\/\\\/lustandlove.eu\\\/et\\\/#organization\",\"name\":\"Bioconcept Baltics O\u00dc\",\"url\":\"https:\\\/\\\/lustandlove.eu\\\/et\\\/\",\"logo\":{\"@type\":\"ImageObject\",\"inLanguage\":\"et\",\"@id\":\"https:\\\/\\\/lustandlove.eu\\\/et\\\/#\\\/schema\\\/logo\\\/image\\\/\",\"url\":\"\",\"contentUrl\":\"\",\"caption\":\"Bioconcept Baltics O\u00dc\"},\"image\":{\"@id\":\"https:\\\/\\\/lustandlove.eu\\\/et\\\/#\\\/schema\\\/logo\\\/image\\\/\"},\"sameAs\":[\"https:\\\/\\\/www.facebook.com\\\/LustandLoveEU\\\/\",\"https:\\\/\\\/www.instagram.com\\\/lustandloveeu\\\/\"]}]}<\/script>\n<!-- \/ Yoast SEO plugin. -->","yoast_head_json":{"title":"Gcandy Mini | Lust and Love Adult E-shop","description":"Gcandy minil on kaks v\u00f5imsat mootorit, \u00fcks suuremas falloses, et stimuleerida G-punkti, ja \u00fcks mootor asub v\u00e4iksemas nupus kliitori massaa\u017ei jaoks.","robots":{"index,follow,max-snippet":"index,follow,max-snippet:-1,max-image-preview:large,max-video-preview:-1"},"canonical":"https:\/\/lustandlove.eu\/et\/toode\/gcandy-mini\/","twitter_card":"summary_large_image","twitter_title":"Gcandy Mini | Lust and Love Adult E-shop","twitter_description":"Gcandy minil on kaks v\u00f5imsat mootorit, \u00fcks suuremas falloses, et stimuleerida G-punkti, ja \u00fcks mootor asub v\u00e4iksemas nupus kliitori massaa\u017ei jaoks.","twitter_image":"https:\/\/lustandlove.eu\/wp-content\/uploads\/Gvibe_MiniVERS_GandyMINI_1350x1800_box_white2.jpg","twitter_misc":{"Est. reading time":"1 minut"},"schema":{"@context":"https:\/\/schema.org","@graph":[{"@type":["WebPage","ItemPage"],"@id":"https:\/\/lustandlove.eu\/et\/toode\/gcandy-mini\/","url":"https:\/\/lustandlove.eu\/et\/toode\/gcandy-mini\/","name":"Gcandy Mini | Lust and Love Adult E-shop","isPartOf":{"@id":"https:\/\/lustandlove.eu\/et\/#website"},"primaryImageOfPage":{"@id":"https:\/\/lustandlove.eu\/et\/toode\/gcandy-mini\/#primaryimage"},"image":{"@id":"https:\/\/lustandlove.eu\/et\/toode\/gcandy-mini\/#primaryimage"},"thumbnailUrl":"https:\/\/lustandlove.eu\/wp-content\/uploads\/Gvibe_MiniVERS_GandyMINI_1350x1800_box_white2.jpg","datePublished":"2023-03-01T11:09:56+00:00","dateModified":"2026-04-13T07:33:33+00:00","description":"Gcandy minil on kaks v\u00f5imsat mootorit, \u00fcks suuremas falloses, et stimuleerida G-punkti, ja \u00fcks mootor asub v\u00e4iksemas nupus kliitori massaa\u017ei jaoks.","breadcrumb":{"@id":"https:\/\/lustandlove.eu\/et\/toode\/gcandy-mini\/#breadcrumb"},"inLanguage":"et","potentialAction":[{"@type":"ReadAction","target":["https:\/\/lustandlove.eu\/et\/toode\/gcandy-mini\/"]}]},{"@type":"ImageObject","inLanguage":"et","@id":"https:\/\/lustandlove.eu\/et\/toode\/gcandy-mini\/#primaryimage","url":"https:\/\/lustandlove.eu\/wp-content\/uploads\/Gvibe_MiniVERS_GandyMINI_1350x1800_box_white2.jpg","contentUrl":"https:\/\/lustandlove.eu\/wp-content\/uploads\/Gvibe_MiniVERS_GandyMINI_1350x1800_box_white2.jpg","width":1350,"height":1800},{"@type":"BreadcrumbList","@id":"https:\/\/lustandlove.eu\/et\/toode\/gcandy-mini\/#breadcrumb","itemListElement":[{"@type":"ListItem","position":1,"name":"Lust and Love","item":"https:\/\/lustandlove.eu\/et\/"},{"@type":"ListItem","position":2,"name":"Pood","item":"https:\/\/lustandlove.eu\/et\/pood\/"},{"@type":"ListItem","position":3,"name":"Sekslelud","item":"https:\/\/lustandlove.eu\/et\/pood\/sekslelud\/"},{"@type":"ListItem","position":4,"name":"Gcandy Mini"}]},{"@type":"WebSite","@id":"https:\/\/lustandlove.eu\/et\/#website","url":"https:\/\/lustandlove.eu\/et\/","name":"Lust &amp; Love","description":"Online erootikapood tervise, ilu ja armastuse jaoks","publisher":{"@id":"https:\/\/lustandlove.eu\/et\/#organization"},"potentialAction":[{"@type":"SearchAction","target":{"@type":"EntryPoint","urlTemplate":"https:\/\/lustandlove.eu\/et\/?s={search_term_string}"},"query-input":{"@type":"PropertyValueSpecification","valueRequired":true,"valueName":"search_term_string"}}],"inLanguage":"et"},{"@type":"Organization","@id":"https:\/\/lustandlove.eu\/et\/#organization","name":"Bioconcept Baltics O\u00dc","url":"https:\/\/lustandlove.eu\/et\/","logo":{"@type":"ImageObject","inLanguage":"et","@id":"https:\/\/lustandlove.eu\/et\/#\/schema\/logo\/image\/","url":"","contentUrl":"","caption":"Bioconcept Baltics O\u00dc"},"image":{"@id":"https:\/\/lustandlove.eu\/et\/#\/schema\/logo\/image\/"},"sameAs":["https:\/\/www.facebook.com\/LustandLoveEU\/","https:\/\/www.instagram.com\/lustandloveeu\/"]}]}},"_links":{"self":[{"href":"https:\/\/lustandlove.eu\/et\/wp-json\/wp\/v2\/product\/55663","targetHints":{"allow":["GET"]}}],"collection":[{"href":"https:\/\/lustandlove.eu\/et\/wp-json\/wp\/v2\/product"}],"about":[{"href":"https:\/\/lustandlove.eu\/et\/wp-json\/wp\/v2\/types\/product"}],"wp:featuredmedia":[{"embeddable":true,"href":"https:\/\/lustandlove.eu\/et\/wp-json\/wp\/v2\/media\/85737"}],"wp:attachment":[{"href":"https:\/\/lustandlove.eu\/et\/wp-json\/wp\/v2\/media?parent=55663"}],"wp:term":[{"taxonomy":"product_brand","embeddable":true,"href":"https:\/\/lustandlove.eu\/et\/wp-json\/wp\/v2\/product_brand?post=55663"},{"taxonomy":"product_cat","embeddable":true,"href":"https:\/\/lustandlove.eu\/et\/wp-json\/wp\/v2\/product_cat?post=55663"},{"taxonomy":"product_tag","embeddable":true,"href":"https:\/\/lustandlove.eu\/et\/wp-json\/wp\/v2\/product_tag?post=55663"}],"curies":[{"name":"wp","href":"https:\/\/api.w.org\/{rel}","templated":true}]}}