{"id":55682,"date":"2023-03-01T13:29:35","date_gmt":"2023-03-01T11:29:35","guid":{"rendered":"https:\/\/www.lustandlove.eu\/?post_type=product&#038;p=55682"},"modified":"2025-08-19T15:39:04","modified_gmt":"2025-08-19T12:39:04","slug":"bioskin-gjay-copy","status":"publish","type":"product","link":"https:\/\/lustandlove.eu\/et\/toode\/bioskin-gjay-copy\/","title":{"rendered":"Gjay Mini"},"content":{"rendered":"<p>G-Jay mini on vaginaalne vibraator ja g-punkti sekslelu, mis on valmistatud Gvibe Revolutionary Bioskin\u2122 materjalist. On raske uskuda, kui realistlik selle lelu materjal on. Gvibe on t\u00f5usnud uutesse k\u00f5rgustesse lelude materjalide teaduses ning loonud Bioskin\u2122 materjali \u2013 nii l\u00e4hedane inimese nahale, kui v\u00f5imalik.<\/p>\n<p>Gvibe Gjay mini on valmistatud k\u00f5ige luksuslikumast mittepoorsest silikoonist. &#8220;Bioskin&#8221; on \u00f6koloogiliselt ohutu, kehas\u00f5bralik, h\u00fcpoallergeenne, esmaklassiline meditsiiniline silikoon. Kui olete G-Vibe Bioskini tunnetanud, ei taha te enam lahti lasta.<\/p>\n<p>Saate G-jay miniga m\u00e4ngida du\u0161i all, vannis v\u00f5i mullivannis \u2013 see on 100% imeline ja veekindel. Magnet\u00fchendusega laetav, t\u00e4nu millele on lelu laadimine lihtne ja nutikas. Lelu uhke v\u00e4rv hakkab kaugelt silma ning annab v\u00e4limusele s\u00e4rtsu.<\/p>\n","protected":false},"excerpt":{"rendered":"<p>On raske uskuda, kui realistlik selle lelu materjal on. Gvibe on t\u00f5usnud uutesse k\u00f5rgustesse lelude materjalide teaduses ning loonud Bioskin\u2122 materjali \u2013 nii l\u00e4hedane inimese nahale, kui v\u00f5imalik.<\/p>\n","protected":false},"featured_media":85779,"template":"","meta":[],"product_cat":[3980,1484,1488],"product_tag":[1510,1507,1543,4104],"yoast_head":"<!-- This site is optimized with the Yoast SEO plugin v22.9 - https:\/\/yoast.com\/wordpress\/plugins\/seo\/ -->\n<title>Gjay Mini Vibrator 79.90\u20ac | Lust &amp; Love Erotic Shop<\/title>\n<meta name=\"description\" content=\"On raske uskuda, kui realistlik selle lelu materjal on. Gvibe on t\u00f5usnud uutesse k\u00f5rgustesse lelude materjalide teaduses ning loonud Bioskin\u2122 materjali \u2013 nii l\u00e4hedane inimese nahale, kui v\u00f5imalik.\u00a0\" \/>\n<meta name=\"robots\" content=\"index,follow,max-snippet:-1,max-image-preview:large,max-video-preview:-1\" \/>\n<link rel=\"canonical\" href=\"https:\/\/lustandlove.eu\/et\/toode\/bioskin-gjay-copy\/\" \/>\n<meta name=\"twitter:card\" content=\"summary_large_image\" \/>\n<meta name=\"twitter:title\" content=\"Gjay Mini Vibrator 79.90\u20ac | Lust &amp; Love Erotic Shop\" \/>\n<meta name=\"twitter:description\" content=\"On raske uskuda, kui realistlik selle lelu materjal on. Gvibe on t\u00f5usnud uutesse k\u00f5rgustesse lelude materjalide teaduses ning loonud Bioskin\u2122 materjali \u2013 nii l\u00e4hedane inimese nahale, kui v\u00f5imalik.\u00a0\" \/>\n<meta name=\"twitter:image\" content=\"https:\/\/lustandlove.eu\/wp-content\/uploads\/Gvibe_MiniVERS_GjayMINI_1350\u04451800_box_black.jpg\" \/>\n<meta name=\"twitter:label1\" content=\"Est. reading time\" \/>\n\t<meta name=\"twitter:data1\" content=\"1 minut\" \/>\n<script type=\"application\/ld+json\" class=\"yoast-schema-graph\">{\"@context\":\"https:\/\/schema.org\",\"@graph\":[{\"@type\":[\"WebPage\",\"ItemPage\"],\"@id\":\"https:\/\/lustandlove.eu\/et\/toode\/bioskin-gjay-copy\/\",\"url\":\"https:\/\/lustandlove.eu\/et\/toode\/bioskin-gjay-copy\/\",\"name\":\"Gjay Mini Vibrator 79.90\u20ac | Lust & Love Erotic Shop\",\"isPartOf\":{\"@id\":\"https:\/\/lustandlove.eu\/et\/#website\"},\"primaryImageOfPage\":{\"@id\":\"https:\/\/lustandlove.eu\/et\/toode\/bioskin-gjay-copy\/#primaryimage\"},\"image\":{\"@id\":\"https:\/\/lustandlove.eu\/et\/toode\/bioskin-gjay-copy\/#primaryimage\"},\"thumbnailUrl\":\"https:\/\/lustandlove.eu\/wp-content\/uploads\/Gvibe_MiniVERS_GjayMINI_1350\u04451800_box_black.jpg\",\"datePublished\":\"2023-03-01T11:29:35+00:00\",\"dateModified\":\"2025-08-19T12:39:04+00:00\",\"description\":\"On raske uskuda, kui realistlik selle lelu materjal on. Gvibe on t\u00f5usnud uutesse k\u00f5rgustesse lelude materjalide teaduses ning loonud Bioskin\u2122 materjali \u2013 nii l\u00e4hedane inimese nahale, kui v\u00f5imalik.\u00a0\",\"breadcrumb\":{\"@id\":\"https:\/\/lustandlove.eu\/et\/toode\/bioskin-gjay-copy\/#breadcrumb\"},\"inLanguage\":\"et\",\"potentialAction\":[{\"@type\":\"ReadAction\",\"target\":[\"https:\/\/lustandlove.eu\/et\/toode\/bioskin-gjay-copy\/\"]}]},{\"@type\":\"ImageObject\",\"inLanguage\":\"et\",\"@id\":\"https:\/\/lustandlove.eu\/et\/toode\/bioskin-gjay-copy\/#primaryimage\",\"url\":\"https:\/\/lustandlove.eu\/wp-content\/uploads\/Gvibe_MiniVERS_GjayMINI_1350\u04451800_box_black.jpg\",\"contentUrl\":\"https:\/\/lustandlove.eu\/wp-content\/uploads\/Gvibe_MiniVERS_GjayMINI_1350\u04451800_box_black.jpg\",\"width\":1350,\"height\":1800},{\"@type\":\"BreadcrumbList\",\"@id\":\"https:\/\/lustandlove.eu\/et\/toode\/bioskin-gjay-copy\/#breadcrumb\",\"itemListElement\":[{\"@type\":\"ListItem\",\"position\":1,\"name\":\"Lust and Love\",\"item\":\"https:\/\/lustandlove.eu\/et\/\"},{\"@type\":\"ListItem\",\"position\":2,\"name\":\"Pood\",\"item\":\"https:\/\/lustandlove.eu\/et\/pood\/\"},{\"@type\":\"ListItem\",\"position\":3,\"name\":\"Sekslelud\",\"item\":\"https:\/\/lustandlove.eu\/et\/pood\/sekslelud\/\"},{\"@type\":\"ListItem\",\"position\":4,\"name\":\"Vibraatorid\",\"item\":\"https:\/\/lustandlove.eu\/et\/pood\/sekslelud\/vibraatorid\/\"},{\"@type\":\"ListItem\",\"position\":5,\"name\":\"Klassikalised\",\"item\":\"https:\/\/lustandlove.eu\/et\/pood\/sekslelud\/vibraatorid\/klassikalised\/\"},{\"@type\":\"ListItem\",\"position\":6,\"name\":\"Gjay Mini\"}]},{\"@type\":\"WebSite\",\"@id\":\"https:\/\/lustandlove.eu\/et\/#website\",\"url\":\"https:\/\/lustandlove.eu\/et\/\",\"name\":\"Lust &amp; Love\",\"description\":\"Online erootikapood tervise, ilu ja armastuse jaoks\",\"publisher\":{\"@id\":\"https:\/\/lustandlove.eu\/et\/#organization\"},\"potentialAction\":[{\"@type\":\"SearchAction\",\"target\":{\"@type\":\"EntryPoint\",\"urlTemplate\":\"https:\/\/lustandlove.eu\/et\/?s={search_term_string}\"},\"query-input\":\"required name=search_term_string\"}],\"inLanguage\":\"et\"},{\"@type\":\"Organization\",\"@id\":\"https:\/\/lustandlove.eu\/et\/#organization\",\"name\":\"Bioconcept Baltics O\u00dc\",\"url\":\"https:\/\/lustandlove.eu\/et\/\",\"logo\":{\"@type\":\"ImageObject\",\"inLanguage\":\"et\",\"@id\":\"https:\/\/lustandlove.eu\/et\/#\/schema\/logo\/image\/\",\"url\":\"\",\"contentUrl\":\"\",\"caption\":\"Bioconcept Baltics O\u00dc\"},\"image\":{\"@id\":\"https:\/\/lustandlove.eu\/et\/#\/schema\/logo\/image\/\"},\"sameAs\":[\"https:\/\/www.facebook.com\/LustandLoveEU\/\",\"https:\/\/www.instagram.com\/lustandloveeu\/\"]}]}<\/script>\n<!-- \/ Yoast SEO plugin. -->","yoast_head_json":{"title":"Gjay Mini Vibrator 79.90\u20ac | Lust & Love Erotic Shop","description":"On raske uskuda, kui realistlik selle lelu materjal on. Gvibe on t\u00f5usnud uutesse k\u00f5rgustesse lelude materjalide teaduses ning loonud Bioskin\u2122 materjali \u2013 nii l\u00e4hedane inimese nahale, kui v\u00f5imalik.\u00a0","robots":{"index,follow,max-snippet":"index,follow,max-snippet:-1,max-image-preview:large,max-video-preview:-1"},"canonical":"https:\/\/lustandlove.eu\/et\/toode\/bioskin-gjay-copy\/","twitter_card":"summary_large_image","twitter_title":"Gjay Mini Vibrator 79.90\u20ac | Lust & Love Erotic Shop","twitter_description":"On raske uskuda, kui realistlik selle lelu materjal on. Gvibe on t\u00f5usnud uutesse k\u00f5rgustesse lelude materjalide teaduses ning loonud Bioskin\u2122 materjali \u2013 nii l\u00e4hedane inimese nahale, kui v\u00f5imalik.\u00a0","twitter_image":"https:\/\/lustandlove.eu\/wp-content\/uploads\/Gvibe_MiniVERS_GjayMINI_1350\u04451800_box_black.jpg","twitter_misc":{"Est. reading time":"1 minut"},"schema":{"@context":"https:\/\/schema.org","@graph":[{"@type":["WebPage","ItemPage"],"@id":"https:\/\/lustandlove.eu\/et\/toode\/bioskin-gjay-copy\/","url":"https:\/\/lustandlove.eu\/et\/toode\/bioskin-gjay-copy\/","name":"Gjay Mini Vibrator 79.90\u20ac | Lust & Love Erotic Shop","isPartOf":{"@id":"https:\/\/lustandlove.eu\/et\/#website"},"primaryImageOfPage":{"@id":"https:\/\/lustandlove.eu\/et\/toode\/bioskin-gjay-copy\/#primaryimage"},"image":{"@id":"https:\/\/lustandlove.eu\/et\/toode\/bioskin-gjay-copy\/#primaryimage"},"thumbnailUrl":"https:\/\/lustandlove.eu\/wp-content\/uploads\/Gvibe_MiniVERS_GjayMINI_1350\u04451800_box_black.jpg","datePublished":"2023-03-01T11:29:35+00:00","dateModified":"2025-08-19T12:39:04+00:00","description":"On raske uskuda, kui realistlik selle lelu materjal on. Gvibe on t\u00f5usnud uutesse k\u00f5rgustesse lelude materjalide teaduses ning loonud Bioskin\u2122 materjali \u2013 nii l\u00e4hedane inimese nahale, kui v\u00f5imalik.\u00a0","breadcrumb":{"@id":"https:\/\/lustandlove.eu\/et\/toode\/bioskin-gjay-copy\/#breadcrumb"},"inLanguage":"et","potentialAction":[{"@type":"ReadAction","target":["https:\/\/lustandlove.eu\/et\/toode\/bioskin-gjay-copy\/"]}]},{"@type":"ImageObject","inLanguage":"et","@id":"https:\/\/lustandlove.eu\/et\/toode\/bioskin-gjay-copy\/#primaryimage","url":"https:\/\/lustandlove.eu\/wp-content\/uploads\/Gvibe_MiniVERS_GjayMINI_1350\u04451800_box_black.jpg","contentUrl":"https:\/\/lustandlove.eu\/wp-content\/uploads\/Gvibe_MiniVERS_GjayMINI_1350\u04451800_box_black.jpg","width":1350,"height":1800},{"@type":"BreadcrumbList","@id":"https:\/\/lustandlove.eu\/et\/toode\/bioskin-gjay-copy\/#breadcrumb","itemListElement":[{"@type":"ListItem","position":1,"name":"Lust and Love","item":"https:\/\/lustandlove.eu\/et\/"},{"@type":"ListItem","position":2,"name":"Pood","item":"https:\/\/lustandlove.eu\/et\/pood\/"},{"@type":"ListItem","position":3,"name":"Sekslelud","item":"https:\/\/lustandlove.eu\/et\/pood\/sekslelud\/"},{"@type":"ListItem","position":4,"name":"Vibraatorid","item":"https:\/\/lustandlove.eu\/et\/pood\/sekslelud\/vibraatorid\/"},{"@type":"ListItem","position":5,"name":"Klassikalised","item":"https:\/\/lustandlove.eu\/et\/pood\/sekslelud\/vibraatorid\/klassikalised\/"},{"@type":"ListItem","position":6,"name":"Gjay Mini"}]},{"@type":"WebSite","@id":"https:\/\/lustandlove.eu\/et\/#website","url":"https:\/\/lustandlove.eu\/et\/","name":"Lust &amp; Love","description":"Online erootikapood tervise, ilu ja armastuse jaoks","publisher":{"@id":"https:\/\/lustandlove.eu\/et\/#organization"},"potentialAction":[{"@type":"SearchAction","target":{"@type":"EntryPoint","urlTemplate":"https:\/\/lustandlove.eu\/et\/?s={search_term_string}"},"query-input":"required name=search_term_string"}],"inLanguage":"et"},{"@type":"Organization","@id":"https:\/\/lustandlove.eu\/et\/#organization","name":"Bioconcept Baltics O\u00dc","url":"https:\/\/lustandlove.eu\/et\/","logo":{"@type":"ImageObject","inLanguage":"et","@id":"https:\/\/lustandlove.eu\/et\/#\/schema\/logo\/image\/","url":"","contentUrl":"","caption":"Bioconcept Baltics O\u00dc"},"image":{"@id":"https:\/\/lustandlove.eu\/et\/#\/schema\/logo\/image\/"},"sameAs":["https:\/\/www.facebook.com\/LustandLoveEU\/","https:\/\/www.instagram.com\/lustandloveeu\/"]}]}},"_links":{"self":[{"href":"https:\/\/lustandlove.eu\/et\/wp-json\/wp\/v2\/product\/55682"}],"collection":[{"href":"https:\/\/lustandlove.eu\/et\/wp-json\/wp\/v2\/product"}],"about":[{"href":"https:\/\/lustandlove.eu\/et\/wp-json\/wp\/v2\/types\/product"}],"wp:featuredmedia":[{"embeddable":true,"href":"https:\/\/lustandlove.eu\/et\/wp-json\/wp\/v2\/media\/85779"}],"wp:attachment":[{"href":"https:\/\/lustandlove.eu\/et\/wp-json\/wp\/v2\/media?parent=55682"}],"wp:term":[{"taxonomy":"product_cat","embeddable":true,"href":"https:\/\/lustandlove.eu\/et\/wp-json\/wp\/v2\/product_cat?post=55682"},{"taxonomy":"product_tag","embeddable":true,"href":"https:\/\/lustandlove.eu\/et\/wp-json\/wp\/v2\/product_tag?post=55682"}],"curies":[{"name":"wp","href":"https:\/\/api.w.org\/{rel}","templated":true}]}}