{"id":55700,"date":"2023-03-01T14:37:37","date_gmt":"2023-03-01T12:37:38","guid":{"rendered":"https:\/\/www.lustandlove.eu\/?post_type=product&#038;p=55700"},"modified":"2026-04-13T10:33:32","modified_gmt":"2026-04-13T07:33:32","slug":"grabbit-mini","status":"publish","type":"product","link":"https:\/\/lustandlove.eu\/et\/toode\/grabbit-mini\/","title":{"rendered":"Grabbit Mini"},"content":{"rendered":"<p>&#8220;Kui olete valmis oma uut lemmikvibraatorit ostma, olete valmis kohtuma G Vibe&#8217;i G-Rabbit miniga. \u00dclim G-punkti vibra, GRabbit mini on kolme (3) v\u00f5imsa mootoriga, millest \u00fcks on p\u00f5hiosa otsas, et stimuleerida G-punkti, ja kaks mootorit, mis asuvad v\u00e4ikestes k\u00f5rvades, et stimuleerida kliitorit. Grabbit mini j\u00e4tkab ja j\u00e4tkab liikumist kuni neli (4) tundi \u00fche laadimisega.<\/p>\n<p>N\u00fc\u00fcd saate nautida kolme (3) tugeva mootori v\u00f5imsust ja kuue (6) uue vibratsioonire\u017eiimi valikut. GRabbit mini-vibe \u00fchendab endas sisestatava vaginaalse vibraatori ja klitoorilise sekslelu luksuslikuks kahekordseks samaaegseks stimulatsiooniks. Kas see v\u00f5iks olla parim uus g-punkti vibraator ja kliitori masseerija \u00fches kvaliteetses sekslelus? Me pole rahul enne, kui teie olete.<\/p>\n<p>Laske k\u00e4ia ja nautige seksikalt vanni v\u00f5i du\u0161i koos GRabbit miniga \u2013 see on 100% veekindel ja sukeldatav. K\u00f5ik Gvibe seksm\u00e4nguasjad on valmistatud kvaliteetsest meditsiinilisest kehale ohutust silikoonist.<\/p>\n<p>GRabbit mini loodi teie mugavust ja puhast naudingut silmas pidades. GVibe&#8217;i Bioskin materjal on pehme ja elutruu ning GRibbit mini k\u00e4epide on valmistatud h\u00f5lpsaks haardeks mis tahes nurga alt. G-rabbit miniga on kaasas magnetlaadija.<\/p>\n<p>Disainitud Londonis.<\/p>\n","protected":false},"excerpt":{"rendered":"<p>See Bioskin materjaliga (Bioskin meenutab p\u00e4ris nahka) Grabbit mini vibraator saab uhkustada oma kolme v\u00f5imsa ent vaikse mootoriga<\/p>\n","protected":false},"featured_media":85679,"template":"","meta":[],"product_brand":[4208],"product_cat":[3977,1484,1488],"product_tag":[3403,3883,3312],"class_list":{"0":"post-55700","1":"product","2":"type-product","3":"status-publish","4":"has-post-thumbnail","6":"product_brand-gvibe-et","7":"product_cat-janese","8":"product_cat-sekslelud","9":"product_cat-vibraatorid","10":"product_tag-naistepaev","11":"product_tag-rabbit-et","12":"product_tag-valentines-et","13":"pa_brand-gvibe-et","15":"first","16":"instock","17":"taxable","18":"shipping-taxable","19":"purchasable","20":"product-type-simple"},"yoast_head":"<!-- This site is optimized with the Yoast SEO plugin v27.3 - https:\/\/yoast.com\/product\/yoast-seo-wordpress\/ -->\n<title>Grabbit Mini 99.90\u20ac | Lust and Love<\/title>\n<meta name=\"description\" content=\"See Bioskin materjaliga (Bioskin meenutab p\u00e4ris nahka) Grabbit vibraator saab uhkustada oma kolme v\u00f5imsa ent vaikse mootoriga\" \/>\n<meta name=\"robots\" content=\"index,follow,max-snippet:-1,max-image-preview:large,max-video-preview:-1\" \/>\n<link rel=\"canonical\" href=\"https:\/\/lustandlove.eu\/et\/toode\/grabbit-mini\/\" \/>\n<meta name=\"twitter:card\" content=\"summary_large_image\" \/>\n<meta name=\"twitter:title\" content=\"Grabbit Mini 99.90\u20ac | Lust and Love\" \/>\n<meta name=\"twitter:description\" content=\"See Bioskin materjaliga (Bioskin meenutab p\u00e4ris nahka) Grabbit vibraator saab uhkustada oma kolme v\u00f5imsa ent vaikse mootoriga\" \/>\n<meta name=\"twitter:image\" content=\"https:\/\/lustandlove.eu\/wp-content\/uploads\/Gvibe_MiniVERS_GrabbitMINI_1350x1800_box_black.jpg\" \/>\n<meta name=\"twitter:label1\" content=\"Est. reading time\" \/>\n\t<meta name=\"twitter:data1\" content=\"2 minutit\" \/>\n<script type=\"application\/ld+json\" class=\"yoast-schema-graph\">{\"@context\":\"https:\\\/\\\/schema.org\",\"@graph\":[{\"@type\":[\"WebPage\",\"ItemPage\"],\"@id\":\"https:\\\/\\\/lustandlove.eu\\\/et\\\/toode\\\/grabbit-mini\\\/\",\"url\":\"https:\\\/\\\/lustandlove.eu\\\/et\\\/toode\\\/grabbit-mini\\\/\",\"name\":\"Grabbit Mini 99.90\u20ac | Lust and Love\",\"isPartOf\":{\"@id\":\"https:\\\/\\\/lustandlove.eu\\\/et\\\/#website\"},\"primaryImageOfPage\":{\"@id\":\"https:\\\/\\\/lustandlove.eu\\\/et\\\/toode\\\/grabbit-mini\\\/#primaryimage\"},\"image\":{\"@id\":\"https:\\\/\\\/lustandlove.eu\\\/et\\\/toode\\\/grabbit-mini\\\/#primaryimage\"},\"thumbnailUrl\":\"https:\\\/\\\/lustandlove.eu\\\/wp-content\\\/uploads\\\/Gvibe_MiniVERS_GrabbitMINI_1350x1800_box_black.jpg\",\"datePublished\":\"2023-03-01T12:37:38+00:00\",\"dateModified\":\"2026-04-13T07:33:32+00:00\",\"description\":\"See Bioskin materjaliga (Bioskin meenutab p\u00e4ris nahka) Grabbit vibraator saab uhkustada oma kolme v\u00f5imsa ent vaikse mootoriga\",\"breadcrumb\":{\"@id\":\"https:\\\/\\\/lustandlove.eu\\\/et\\\/toode\\\/grabbit-mini\\\/#breadcrumb\"},\"inLanguage\":\"et\",\"potentialAction\":[{\"@type\":\"ReadAction\",\"target\":[\"https:\\\/\\\/lustandlove.eu\\\/et\\\/toode\\\/grabbit-mini\\\/\"]}]},{\"@type\":\"ImageObject\",\"inLanguage\":\"et\",\"@id\":\"https:\\\/\\\/lustandlove.eu\\\/et\\\/toode\\\/grabbit-mini\\\/#primaryimage\",\"url\":\"https:\\\/\\\/lustandlove.eu\\\/wp-content\\\/uploads\\\/Gvibe_MiniVERS_GrabbitMINI_1350x1800_box_black.jpg\",\"contentUrl\":\"https:\\\/\\\/lustandlove.eu\\\/wp-content\\\/uploads\\\/Gvibe_MiniVERS_GrabbitMINI_1350x1800_box_black.jpg\",\"width\":1350,\"height\":1800},{\"@type\":\"BreadcrumbList\",\"@id\":\"https:\\\/\\\/lustandlove.eu\\\/et\\\/toode\\\/grabbit-mini\\\/#breadcrumb\",\"itemListElement\":[{\"@type\":\"ListItem\",\"position\":1,\"name\":\"Lust and Love\",\"item\":\"https:\\\/\\\/lustandlove.eu\\\/et\\\/\"},{\"@type\":\"ListItem\",\"position\":2,\"name\":\"Pood\",\"item\":\"https:\\\/\\\/lustandlove.eu\\\/et\\\/pood\\\/\"},{\"@type\":\"ListItem\",\"position\":3,\"name\":\"Sekslelud\",\"item\":\"https:\\\/\\\/lustandlove.eu\\\/et\\\/pood\\\/sekslelud\\\/\"},{\"@type\":\"ListItem\",\"position\":4,\"name\":\"Vibraatorid\",\"item\":\"https:\\\/\\\/lustandlove.eu\\\/et\\\/pood\\\/sekslelud\\\/vibraatorid\\\/\"},{\"@type\":\"ListItem\",\"position\":5,\"name\":\"J\u00e4nese\",\"item\":\"https:\\\/\\\/lustandlove.eu\\\/et\\\/pood\\\/sekslelud\\\/vibraatorid\\\/janese\\\/\"},{\"@type\":\"ListItem\",\"position\":6,\"name\":\"Grabbit Mini\"}]},{\"@type\":\"WebSite\",\"@id\":\"https:\\\/\\\/lustandlove.eu\\\/et\\\/#website\",\"url\":\"https:\\\/\\\/lustandlove.eu\\\/et\\\/\",\"name\":\"Lust &amp; Love\",\"description\":\"Online erootikapood tervise, ilu ja armastuse jaoks\",\"publisher\":{\"@id\":\"https:\\\/\\\/lustandlove.eu\\\/et\\\/#organization\"},\"potentialAction\":[{\"@type\":\"SearchAction\",\"target\":{\"@type\":\"EntryPoint\",\"urlTemplate\":\"https:\\\/\\\/lustandlove.eu\\\/et\\\/?s={search_term_string}\"},\"query-input\":{\"@type\":\"PropertyValueSpecification\",\"valueRequired\":true,\"valueName\":\"search_term_string\"}}],\"inLanguage\":\"et\"},{\"@type\":\"Organization\",\"@id\":\"https:\\\/\\\/lustandlove.eu\\\/et\\\/#organization\",\"name\":\"Bioconcept Baltics O\u00dc\",\"url\":\"https:\\\/\\\/lustandlove.eu\\\/et\\\/\",\"logo\":{\"@type\":\"ImageObject\",\"inLanguage\":\"et\",\"@id\":\"https:\\\/\\\/lustandlove.eu\\\/et\\\/#\\\/schema\\\/logo\\\/image\\\/\",\"url\":\"\",\"contentUrl\":\"\",\"caption\":\"Bioconcept Baltics O\u00dc\"},\"image\":{\"@id\":\"https:\\\/\\\/lustandlove.eu\\\/et\\\/#\\\/schema\\\/logo\\\/image\\\/\"},\"sameAs\":[\"https:\\\/\\\/www.facebook.com\\\/LustandLoveEU\\\/\",\"https:\\\/\\\/www.instagram.com\\\/lustandloveeu\\\/\"]}]}<\/script>\n<!-- \/ Yoast SEO plugin. -->","yoast_head_json":{"title":"Grabbit Mini 99.90\u20ac | Lust and Love","description":"See Bioskin materjaliga (Bioskin meenutab p\u00e4ris nahka) Grabbit vibraator saab uhkustada oma kolme v\u00f5imsa ent vaikse mootoriga","robots":{"index,follow,max-snippet":"index,follow,max-snippet:-1,max-image-preview:large,max-video-preview:-1"},"canonical":"https:\/\/lustandlove.eu\/et\/toode\/grabbit-mini\/","twitter_card":"summary_large_image","twitter_title":"Grabbit Mini 99.90\u20ac | Lust and Love","twitter_description":"See Bioskin materjaliga (Bioskin meenutab p\u00e4ris nahka) Grabbit vibraator saab uhkustada oma kolme v\u00f5imsa ent vaikse mootoriga","twitter_image":"https:\/\/lustandlove.eu\/wp-content\/uploads\/Gvibe_MiniVERS_GrabbitMINI_1350x1800_box_black.jpg","twitter_misc":{"Est. reading time":"2 minutit"},"schema":{"@context":"https:\/\/schema.org","@graph":[{"@type":["WebPage","ItemPage"],"@id":"https:\/\/lustandlove.eu\/et\/toode\/grabbit-mini\/","url":"https:\/\/lustandlove.eu\/et\/toode\/grabbit-mini\/","name":"Grabbit Mini 99.90\u20ac | Lust and Love","isPartOf":{"@id":"https:\/\/lustandlove.eu\/et\/#website"},"primaryImageOfPage":{"@id":"https:\/\/lustandlove.eu\/et\/toode\/grabbit-mini\/#primaryimage"},"image":{"@id":"https:\/\/lustandlove.eu\/et\/toode\/grabbit-mini\/#primaryimage"},"thumbnailUrl":"https:\/\/lustandlove.eu\/wp-content\/uploads\/Gvibe_MiniVERS_GrabbitMINI_1350x1800_box_black.jpg","datePublished":"2023-03-01T12:37:38+00:00","dateModified":"2026-04-13T07:33:32+00:00","description":"See Bioskin materjaliga (Bioskin meenutab p\u00e4ris nahka) Grabbit vibraator saab uhkustada oma kolme v\u00f5imsa ent vaikse mootoriga","breadcrumb":{"@id":"https:\/\/lustandlove.eu\/et\/toode\/grabbit-mini\/#breadcrumb"},"inLanguage":"et","potentialAction":[{"@type":"ReadAction","target":["https:\/\/lustandlove.eu\/et\/toode\/grabbit-mini\/"]}]},{"@type":"ImageObject","inLanguage":"et","@id":"https:\/\/lustandlove.eu\/et\/toode\/grabbit-mini\/#primaryimage","url":"https:\/\/lustandlove.eu\/wp-content\/uploads\/Gvibe_MiniVERS_GrabbitMINI_1350x1800_box_black.jpg","contentUrl":"https:\/\/lustandlove.eu\/wp-content\/uploads\/Gvibe_MiniVERS_GrabbitMINI_1350x1800_box_black.jpg","width":1350,"height":1800},{"@type":"BreadcrumbList","@id":"https:\/\/lustandlove.eu\/et\/toode\/grabbit-mini\/#breadcrumb","itemListElement":[{"@type":"ListItem","position":1,"name":"Lust and Love","item":"https:\/\/lustandlove.eu\/et\/"},{"@type":"ListItem","position":2,"name":"Pood","item":"https:\/\/lustandlove.eu\/et\/pood\/"},{"@type":"ListItem","position":3,"name":"Sekslelud","item":"https:\/\/lustandlove.eu\/et\/pood\/sekslelud\/"},{"@type":"ListItem","position":4,"name":"Vibraatorid","item":"https:\/\/lustandlove.eu\/et\/pood\/sekslelud\/vibraatorid\/"},{"@type":"ListItem","position":5,"name":"J\u00e4nese","item":"https:\/\/lustandlove.eu\/et\/pood\/sekslelud\/vibraatorid\/janese\/"},{"@type":"ListItem","position":6,"name":"Grabbit Mini"}]},{"@type":"WebSite","@id":"https:\/\/lustandlove.eu\/et\/#website","url":"https:\/\/lustandlove.eu\/et\/","name":"Lust &amp; Love","description":"Online erootikapood tervise, ilu ja armastuse jaoks","publisher":{"@id":"https:\/\/lustandlove.eu\/et\/#organization"},"potentialAction":[{"@type":"SearchAction","target":{"@type":"EntryPoint","urlTemplate":"https:\/\/lustandlove.eu\/et\/?s={search_term_string}"},"query-input":{"@type":"PropertyValueSpecification","valueRequired":true,"valueName":"search_term_string"}}],"inLanguage":"et"},{"@type":"Organization","@id":"https:\/\/lustandlove.eu\/et\/#organization","name":"Bioconcept Baltics O\u00dc","url":"https:\/\/lustandlove.eu\/et\/","logo":{"@type":"ImageObject","inLanguage":"et","@id":"https:\/\/lustandlove.eu\/et\/#\/schema\/logo\/image\/","url":"","contentUrl":"","caption":"Bioconcept Baltics O\u00dc"},"image":{"@id":"https:\/\/lustandlove.eu\/et\/#\/schema\/logo\/image\/"},"sameAs":["https:\/\/www.facebook.com\/LustandLoveEU\/","https:\/\/www.instagram.com\/lustandloveeu\/"]}]}},"_links":{"self":[{"href":"https:\/\/lustandlove.eu\/et\/wp-json\/wp\/v2\/product\/55700","targetHints":{"allow":["GET"]}}],"collection":[{"href":"https:\/\/lustandlove.eu\/et\/wp-json\/wp\/v2\/product"}],"about":[{"href":"https:\/\/lustandlove.eu\/et\/wp-json\/wp\/v2\/types\/product"}],"wp:featuredmedia":[{"embeddable":true,"href":"https:\/\/lustandlove.eu\/et\/wp-json\/wp\/v2\/media\/85679"}],"wp:attachment":[{"href":"https:\/\/lustandlove.eu\/et\/wp-json\/wp\/v2\/media?parent=55700"}],"wp:term":[{"taxonomy":"product_brand","embeddable":true,"href":"https:\/\/lustandlove.eu\/et\/wp-json\/wp\/v2\/product_brand?post=55700"},{"taxonomy":"product_cat","embeddable":true,"href":"https:\/\/lustandlove.eu\/et\/wp-json\/wp\/v2\/product_cat?post=55700"},{"taxonomy":"product_tag","embeddable":true,"href":"https:\/\/lustandlove.eu\/et\/wp-json\/wp\/v2\/product_tag?post=55700"}],"curies":[{"name":"wp","href":"https:\/\/api.w.org\/{rel}","templated":true}]}}