{"id":55925,"date":"2023-03-23T10:15:33","date_gmt":"2023-03-23T08:15:33","guid":{"rendered":"https:\/\/www.lustandlove.eu\/?post_type=product&#038;p=55925"},"modified":"2026-04-13T10:33:30","modified_gmt":"2026-04-13T07:33:30","slug":"sex-play-mangukaardid","status":"publish","type":"product","link":"https:\/\/lustandlove.eu\/et\/toode\/sex-play-mangukaardid\/","title":{"rendered":"&#8220;Sex Play&#8221; m\u00e4ngukaardid"},"content":{"rendered":"<p>Kas sa tahad m\u00e4ngida? T\u00e4na \u00f5htul&#8230;Sex Play!<\/p>\n<p>Sex Play on kaardim\u00e4ng, kus saad oma partneri kohta rohkem teada. V\u00f5rgutamisk\u00fcsimused, erootilised fantaasiad ja k\u00f5ik, mida olete kunagi m\u00f5elnud teha. Kas j\u00f5uate l\u00f5puni? Avasta seksi teisel viisil. Unustage tabuud ja avastage see p\u00f5nev m\u00e4ng, mis viib t\u00e4ide k\u00f5ik teie soovid.<\/p>\n<p><strong>M\u00e4ngureeglid<\/strong>: 55 kaarti (2 kaarti koos juhistega) tuleb segada ja jagada v\u00f5rdselt igale m\u00e4ngijale, moodustades kaartidega kaks pakki. Vanim m\u00e4ngija alustab kaardi n\u00e4itamisega, teine peab tegema seda, mida kaart n\u00e4itab, seej\u00e4rel n\u00e4itab teine m\u00e4ngija enda kaarti ja nii edasi.<\/p>\n<p>Igal t\u00e4hel on oma t\u00e4hendus:<br \/>\nJ \u2013 SUUDLEMINE \u2013 Suudle pildil olevat kehapiirkonda.<br \/>\nQ \u2013 K\u00c4SITSI STIMULATSIOON \u2013 t\u00e4itke kaardil n\u00e4idatud stimulatsioonivorm.<br \/>\nK \u2013 ORAALSEKS \u2013 Oraalseks on oluline, t\u00f5esta seda, sooritades kaardil n\u00e4idatud toimingu.<br \/>\nA \u2013 PENETRATSIOON\u2013 Nende Kamasutra positsioonidega \u00fcllatate \u00fcksteist.<\/p>\n<p>K\u00f5lab nagu l\u00f5bus, kas sa ei arva?<\/p>\n<p>Teistel figuuridel on teine t\u00e4hendus:<br \/>\n\u00c4RTU \u2013 pead vastama k\u00f5ikidele k\u00fcsimustele, m\u00e4ngu l\u00f5pus \u00f5pid oma partnerit paremini tundma.<br \/>\nRUUTU \u2013 Paaritegevused \u2013 Oluline on teasta, kuidas teist inimest r\u00f5\u00f5mustada &#8211; siin avastad uusi m\u00f5nusid.<br \/>\nRISTI \u2013 sosista oma partnerile seda, mis on kaardile kirjutatud. Kuulmismeel on v\u00e4ga oluline. M\u00f5ned sensuaalsed s\u00f5nad suurendavad alati meie erutust ja seksuaalset iha.<br \/>\nPOTI \u2013 Testid \u2013 siin esitad oma partnerile v\u00e4ljakutse! Mida ta saab teie heaks teha?<\/p>\n<p>M\u00e4ng l\u00f5peb, kui kaardid saavad otsa. Samaaegsed orgasmid on lubatud.<\/p>\n","protected":false},"excerpt":{"rendered":"<p>Kas sa tahad m\u00e4ngida? T\u00e4na \u00f5htul&#8230;Sex Play! Sex Play on kaardim\u00e4ng, kus saad oma partneri kohta rohkem teada. V\u00f5rgutamisk\u00fcsimused, erootilised<\/p>\n","protected":false},"featured_media":55933,"template":"","meta":[],"product_brand":[4239],"product_cat":[4009,4010],"product_tag":[3253,3241,3315,3316],"class_list":{"0":"post-55925","1":"product","2":"type-product","3":"status-publish","4":"has-post-thumbnail","6":"product_brand-secret-play-et","7":"product_cat-lobu-mangud","8":"product_cat-mangud","9":"product_tag-lauamang","10":"product_tag-mang","11":"product_tag-rulett","12":"product_tag-seksikas","13":"pa_brand-secret-play-et","15":"first","16":"instock","17":"taxable","18":"shipping-taxable","19":"purchasable","20":"product-type-simple"},"yoast_head":"<!-- This site is optimized with the Yoast SEO plugin v27.3 - https:\/\/yoast.com\/product\/yoast-seo-wordpress\/ -->\n<title>&quot;Sex Play&quot; m\u00e4ngukaardid | Lust and Love<\/title>\n<meta name=\"robots\" content=\"index,follow,max-snippet:-1,max-image-preview:large,max-video-preview:-1\" \/>\n<link rel=\"canonical\" href=\"https:\/\/lustandlove.eu\/et\/toode\/sex-play-mangukaardid\/\" \/>\n<meta name=\"twitter:card\" content=\"summary_large_image\" \/>\n<meta name=\"twitter:title\" content=\"&quot;Sex Play&quot; m\u00e4ngukaardid | Lust and Love\" \/>\n<meta name=\"twitter:description\" content=\"Kas sa tahad m\u00e4ngida? T\u00e4na \u00f5htul&#8230;Sex Play! Sex Play on kaardim\u00e4ng, kus saad oma partneri kohta rohkem teada. V\u00f5rgutamisk\u00fcsimused, erootilised\" \/>\n<meta name=\"twitter:image\" content=\"https:\/\/lustandlove.eu\/wp-content\/uploads\/image-16.jpeg\" \/>\n<meta name=\"twitter:label1\" content=\"Est. reading time\" \/>\n\t<meta name=\"twitter:data1\" content=\"1 minut\" \/>\n<script type=\"application\/ld+json\" class=\"yoast-schema-graph\">{\"@context\":\"https:\\\/\\\/schema.org\",\"@graph\":[{\"@type\":[\"WebPage\",\"ItemPage\"],\"@id\":\"https:\\\/\\\/lustandlove.eu\\\/et\\\/toode\\\/sex-play-mangukaardid\\\/\",\"url\":\"https:\\\/\\\/lustandlove.eu\\\/et\\\/toode\\\/sex-play-mangukaardid\\\/\",\"name\":\"\\\"Sex Play\\\" m\u00e4ngukaardid | Lust and Love\",\"isPartOf\":{\"@id\":\"https:\\\/\\\/lustandlove.eu\\\/et\\\/#website\"},\"primaryImageOfPage\":{\"@id\":\"https:\\\/\\\/lustandlove.eu\\\/et\\\/toode\\\/sex-play-mangukaardid\\\/#primaryimage\"},\"image\":{\"@id\":\"https:\\\/\\\/lustandlove.eu\\\/et\\\/toode\\\/sex-play-mangukaardid\\\/#primaryimage\"},\"thumbnailUrl\":\"https:\\\/\\\/lustandlove.eu\\\/wp-content\\\/uploads\\\/image-16.jpeg\",\"datePublished\":\"2023-03-23T08:15:33+00:00\",\"dateModified\":\"2026-04-13T07:33:30+00:00\",\"breadcrumb\":{\"@id\":\"https:\\\/\\\/lustandlove.eu\\\/et\\\/toode\\\/sex-play-mangukaardid\\\/#breadcrumb\"},\"inLanguage\":\"et\",\"potentialAction\":[{\"@type\":\"ReadAction\",\"target\":[\"https:\\\/\\\/lustandlove.eu\\\/et\\\/toode\\\/sex-play-mangukaardid\\\/\"]}]},{\"@type\":\"ImageObject\",\"inLanguage\":\"et\",\"@id\":\"https:\\\/\\\/lustandlove.eu\\\/et\\\/toode\\\/sex-play-mangukaardid\\\/#primaryimage\",\"url\":\"https:\\\/\\\/lustandlove.eu\\\/wp-content\\\/uploads\\\/image-16.jpeg\",\"contentUrl\":\"https:\\\/\\\/lustandlove.eu\\\/wp-content\\\/uploads\\\/image-16.jpeg\",\"width\":1000,\"height\":1000},{\"@type\":\"BreadcrumbList\",\"@id\":\"https:\\\/\\\/lustandlove.eu\\\/et\\\/toode\\\/sex-play-mangukaardid\\\/#breadcrumb\",\"itemListElement\":[{\"@type\":\"ListItem\",\"position\":1,\"name\":\"Lust and Love\",\"item\":\"https:\\\/\\\/lustandlove.eu\\\/et\\\/\"},{\"@type\":\"ListItem\",\"position\":2,\"name\":\"Pood\",\"item\":\"https:\\\/\\\/lustandlove.eu\\\/et\\\/pood\\\/\"},{\"@type\":\"ListItem\",\"position\":3,\"name\":\"L\u00f5bu &amp; M\u00e4ngud\",\"item\":\"https:\\\/\\\/lustandlove.eu\\\/et\\\/pood\\\/lobu-mangud\\\/\"},{\"@type\":\"ListItem\",\"position\":4,\"name\":\"M\u00e4ngud\",\"item\":\"https:\\\/\\\/lustandlove.eu\\\/et\\\/pood\\\/lobu-mangud\\\/mangud\\\/\"},{\"@type\":\"ListItem\",\"position\":5,\"name\":\"&#8220;Sex Play&#8221; m\u00e4ngukaardid\"}]},{\"@type\":\"WebSite\",\"@id\":\"https:\\\/\\\/lustandlove.eu\\\/et\\\/#website\",\"url\":\"https:\\\/\\\/lustandlove.eu\\\/et\\\/\",\"name\":\"Lust &amp; Love\",\"description\":\"Online erootikapood tervise, ilu ja armastuse jaoks\",\"publisher\":{\"@id\":\"https:\\\/\\\/lustandlove.eu\\\/et\\\/#organization\"},\"potentialAction\":[{\"@type\":\"SearchAction\",\"target\":{\"@type\":\"EntryPoint\",\"urlTemplate\":\"https:\\\/\\\/lustandlove.eu\\\/et\\\/?s={search_term_string}\"},\"query-input\":{\"@type\":\"PropertyValueSpecification\",\"valueRequired\":true,\"valueName\":\"search_term_string\"}}],\"inLanguage\":\"et\"},{\"@type\":\"Organization\",\"@id\":\"https:\\\/\\\/lustandlove.eu\\\/et\\\/#organization\",\"name\":\"Bioconcept Baltics O\u00dc\",\"url\":\"https:\\\/\\\/lustandlove.eu\\\/et\\\/\",\"logo\":{\"@type\":\"ImageObject\",\"inLanguage\":\"et\",\"@id\":\"https:\\\/\\\/lustandlove.eu\\\/et\\\/#\\\/schema\\\/logo\\\/image\\\/\",\"url\":\"\",\"contentUrl\":\"\",\"caption\":\"Bioconcept Baltics O\u00dc\"},\"image\":{\"@id\":\"https:\\\/\\\/lustandlove.eu\\\/et\\\/#\\\/schema\\\/logo\\\/image\\\/\"},\"sameAs\":[\"https:\\\/\\\/www.facebook.com\\\/LustandLoveEU\\\/\",\"https:\\\/\\\/www.instagram.com\\\/lustandloveeu\\\/\"]}]}<\/script>\n<!-- \/ Yoast SEO plugin. -->","yoast_head_json":{"title":"\"Sex Play\" m\u00e4ngukaardid | Lust and Love","robots":{"index,follow,max-snippet":"index,follow,max-snippet:-1,max-image-preview:large,max-video-preview:-1"},"canonical":"https:\/\/lustandlove.eu\/et\/toode\/sex-play-mangukaardid\/","twitter_card":"summary_large_image","twitter_title":"\"Sex Play\" m\u00e4ngukaardid | Lust and Love","twitter_description":"Kas sa tahad m\u00e4ngida? T\u00e4na \u00f5htul&#8230;Sex Play! Sex Play on kaardim\u00e4ng, kus saad oma partneri kohta rohkem teada. V\u00f5rgutamisk\u00fcsimused, erootilised","twitter_image":"https:\/\/lustandlove.eu\/wp-content\/uploads\/image-16.jpeg","twitter_misc":{"Est. reading time":"1 minut"},"schema":{"@context":"https:\/\/schema.org","@graph":[{"@type":["WebPage","ItemPage"],"@id":"https:\/\/lustandlove.eu\/et\/toode\/sex-play-mangukaardid\/","url":"https:\/\/lustandlove.eu\/et\/toode\/sex-play-mangukaardid\/","name":"\"Sex Play\" m\u00e4ngukaardid | Lust and Love","isPartOf":{"@id":"https:\/\/lustandlove.eu\/et\/#website"},"primaryImageOfPage":{"@id":"https:\/\/lustandlove.eu\/et\/toode\/sex-play-mangukaardid\/#primaryimage"},"image":{"@id":"https:\/\/lustandlove.eu\/et\/toode\/sex-play-mangukaardid\/#primaryimage"},"thumbnailUrl":"https:\/\/lustandlove.eu\/wp-content\/uploads\/image-16.jpeg","datePublished":"2023-03-23T08:15:33+00:00","dateModified":"2026-04-13T07:33:30+00:00","breadcrumb":{"@id":"https:\/\/lustandlove.eu\/et\/toode\/sex-play-mangukaardid\/#breadcrumb"},"inLanguage":"et","potentialAction":[{"@type":"ReadAction","target":["https:\/\/lustandlove.eu\/et\/toode\/sex-play-mangukaardid\/"]}]},{"@type":"ImageObject","inLanguage":"et","@id":"https:\/\/lustandlove.eu\/et\/toode\/sex-play-mangukaardid\/#primaryimage","url":"https:\/\/lustandlove.eu\/wp-content\/uploads\/image-16.jpeg","contentUrl":"https:\/\/lustandlove.eu\/wp-content\/uploads\/image-16.jpeg","width":1000,"height":1000},{"@type":"BreadcrumbList","@id":"https:\/\/lustandlove.eu\/et\/toode\/sex-play-mangukaardid\/#breadcrumb","itemListElement":[{"@type":"ListItem","position":1,"name":"Lust and Love","item":"https:\/\/lustandlove.eu\/et\/"},{"@type":"ListItem","position":2,"name":"Pood","item":"https:\/\/lustandlove.eu\/et\/pood\/"},{"@type":"ListItem","position":3,"name":"L\u00f5bu &amp; M\u00e4ngud","item":"https:\/\/lustandlove.eu\/et\/pood\/lobu-mangud\/"},{"@type":"ListItem","position":4,"name":"M\u00e4ngud","item":"https:\/\/lustandlove.eu\/et\/pood\/lobu-mangud\/mangud\/"},{"@type":"ListItem","position":5,"name":"&#8220;Sex Play&#8221; m\u00e4ngukaardid"}]},{"@type":"WebSite","@id":"https:\/\/lustandlove.eu\/et\/#website","url":"https:\/\/lustandlove.eu\/et\/","name":"Lust &amp; Love","description":"Online erootikapood tervise, ilu ja armastuse jaoks","publisher":{"@id":"https:\/\/lustandlove.eu\/et\/#organization"},"potentialAction":[{"@type":"SearchAction","target":{"@type":"EntryPoint","urlTemplate":"https:\/\/lustandlove.eu\/et\/?s={search_term_string}"},"query-input":{"@type":"PropertyValueSpecification","valueRequired":true,"valueName":"search_term_string"}}],"inLanguage":"et"},{"@type":"Organization","@id":"https:\/\/lustandlove.eu\/et\/#organization","name":"Bioconcept Baltics O\u00dc","url":"https:\/\/lustandlove.eu\/et\/","logo":{"@type":"ImageObject","inLanguage":"et","@id":"https:\/\/lustandlove.eu\/et\/#\/schema\/logo\/image\/","url":"","contentUrl":"","caption":"Bioconcept Baltics O\u00dc"},"image":{"@id":"https:\/\/lustandlove.eu\/et\/#\/schema\/logo\/image\/"},"sameAs":["https:\/\/www.facebook.com\/LustandLoveEU\/","https:\/\/www.instagram.com\/lustandloveeu\/"]}]}},"_links":{"self":[{"href":"https:\/\/lustandlove.eu\/et\/wp-json\/wp\/v2\/product\/55925","targetHints":{"allow":["GET"]}}],"collection":[{"href":"https:\/\/lustandlove.eu\/et\/wp-json\/wp\/v2\/product"}],"about":[{"href":"https:\/\/lustandlove.eu\/et\/wp-json\/wp\/v2\/types\/product"}],"wp:featuredmedia":[{"embeddable":true,"href":"https:\/\/lustandlove.eu\/et\/wp-json\/wp\/v2\/media\/55933"}],"wp:attachment":[{"href":"https:\/\/lustandlove.eu\/et\/wp-json\/wp\/v2\/media?parent=55925"}],"wp:term":[{"taxonomy":"product_brand","embeddable":true,"href":"https:\/\/lustandlove.eu\/et\/wp-json\/wp\/v2\/product_brand?post=55925"},{"taxonomy":"product_cat","embeddable":true,"href":"https:\/\/lustandlove.eu\/et\/wp-json\/wp\/v2\/product_cat?post=55925"},{"taxonomy":"product_tag","embeddable":true,"href":"https:\/\/lustandlove.eu\/et\/wp-json\/wp\/v2\/product_tag?post=55925"}],"curies":[{"name":"wp","href":"https:\/\/api.w.org\/{rel}","templated":true}]}}