{"id":55935,"date":"2023-03-23T10:23:20","date_gmt":"2023-03-23T08:23:21","guid":{"rendered":"https:\/\/www.lustandlove.eu\/?post_type=product&#038;p=55935"},"modified":"2026-04-13T10:33:30","modified_gmt":"2026-04-13T07:33:30","slug":"tode-voi-tegu","status":"publish","type":"product","link":"https:\/\/lustandlove.eu\/et\/toode\/tode-voi-tegu\/","title":{"rendered":"T\u00f5de v\u00f5i Tegu"},"content":{"rendered":"<p>Juhised: M\u00e4ng sisaldab 80 kaarti, mis on jagatud T\u00f5de (?) v\u00f5i Tegu (!). Naudi oma partneri v\u00f5i s\u00f5pruskonnaga palju nalja. M\u00e4ng on m\u00f5eldud kahele v\u00f5i enamale m\u00e4ngijale (+18). See on kaardim\u00e4ng, kus pead olema aus v\u00f5i julgema v\u00e4ljakutseid esitada. K\u00f5ik on lubatud ja n\u00f5utakse vaid m\u00f5nusat ajaveetmist.<\/p>\n<p>(? \u2013 T\u00d5DE) Peate vastama siiralt ja andma v\u00e4ga hea \u00fcksikasjaliku vastuse. Kui teised leiavad, et sa ei ole aus, pead v\u00f5tma &#8220;Tegu&#8221; kaardi.<\/p>\n<p>(! \u2013 TEGU) T\u00e4ida v\u00e4ljakutse, julge teha k\u00f5ike. V\u00f5ite keelduda ka v\u00e4ljakutse t\u00e4itmisest. Sel juhul peaksite v\u00f5tma t\u00f5ekaardi. Kui teie s\u00f5brad arvavad, et te pole v\u00e4ljakutset edukalt t\u00e4itnud, peate jooma napsu. Napsud peaksid olema alati katseteks valmis.<\/p>\n<p>M\u00e4ngu alustamiseks: Grupi vanim inimene alustab m\u00e4ngu t\u00e4ringut veeretades. T\u00e4ringud n\u00e4itavad m\u00e4ngijale, millise kaardi kahest hunnikust peab valima. J\u00e4rgmine m\u00e4ngija, kes t\u00e4ringut veeretab, on paremal k\u00fcljel ja nii edasi, kuni k\u00f5ik kaardid on \u00e4ra kasutatud.<\/p>\n","protected":false},"excerpt":{"rendered":"<p>Juhised: M\u00e4ng sisaldab 80 kaarti, mis on jagatud T\u00f5de (?) v\u00f5i Tegu (!). Naudi oma partneri v\u00f5i s\u00f5pruskonnaga palju nalja.<\/p>\n","protected":false},"featured_media":55941,"template":"","meta":[],"product_brand":[4239],"product_cat":[4009,4010],"product_tag":[3253,3241,3315,3316],"class_list":{"0":"post-55935","1":"product","2":"type-product","3":"status-publish","4":"has-post-thumbnail","6":"product_brand-secret-play-et","7":"product_cat-lobu-mangud","8":"product_cat-mangud","9":"product_tag-lauamang","10":"product_tag-mang","11":"product_tag-rulett","12":"product_tag-seksikas","13":"pa_brand-secret-play-et","15":"first","16":"instock","17":"taxable","18":"shipping-taxable","19":"purchasable","20":"product-type-simple"},"yoast_head":"<!-- This site is optimized with the Yoast SEO plugin v27.3 - https:\/\/yoast.com\/product\/yoast-seo-wordpress\/ -->\n<title>T\u00f5de v\u00f5i Tegu | Lust and Love<\/title>\n<meta name=\"robots\" content=\"index,follow,max-snippet:-1,max-image-preview:large,max-video-preview:-1\" \/>\n<link rel=\"canonical\" href=\"https:\/\/lustandlove.eu\/et\/toode\/tode-voi-tegu\/\" \/>\n<meta name=\"twitter:card\" content=\"summary_large_image\" \/>\n<meta name=\"twitter:title\" content=\"T\u00f5de v\u00f5i Tegu | Lust and Love\" \/>\n<meta name=\"twitter:description\" content=\"Juhised: M\u00e4ng sisaldab 80 kaarti, mis on jagatud T\u00f5de (?) v\u00f5i Tegu (!). Naudi oma partneri v\u00f5i s\u00f5pruskonnaga palju nalja.\" \/>\n<meta name=\"twitter:image\" content=\"https:\/\/lustandlove.eu\/wp-content\/uploads\/truth_or_dare-101314.jpg\" \/>\n<meta name=\"twitter:label1\" content=\"Est. reading time\" \/>\n\t<meta name=\"twitter:data1\" content=\"1 minut\" \/>\n<script type=\"application\/ld+json\" class=\"yoast-schema-graph\">{\"@context\":\"https:\\\/\\\/schema.org\",\"@graph\":[{\"@type\":[\"WebPage\",\"ItemPage\"],\"@id\":\"https:\\\/\\\/lustandlove.eu\\\/et\\\/toode\\\/tode-voi-tegu\\\/\",\"url\":\"https:\\\/\\\/lustandlove.eu\\\/et\\\/toode\\\/tode-voi-tegu\\\/\",\"name\":\"T\u00f5de v\u00f5i Tegu | Lust and Love\",\"isPartOf\":{\"@id\":\"https:\\\/\\\/lustandlove.eu\\\/et\\\/#website\"},\"primaryImageOfPage\":{\"@id\":\"https:\\\/\\\/lustandlove.eu\\\/et\\\/toode\\\/tode-voi-tegu\\\/#primaryimage\"},\"image\":{\"@id\":\"https:\\\/\\\/lustandlove.eu\\\/et\\\/toode\\\/tode-voi-tegu\\\/#primaryimage\"},\"thumbnailUrl\":\"https:\\\/\\\/lustandlove.eu\\\/wp-content\\\/uploads\\\/truth_or_dare-101314.jpg\",\"datePublished\":\"2023-03-23T08:23:21+00:00\",\"dateModified\":\"2026-04-13T07:33:30+00:00\",\"breadcrumb\":{\"@id\":\"https:\\\/\\\/lustandlove.eu\\\/et\\\/toode\\\/tode-voi-tegu\\\/#breadcrumb\"},\"inLanguage\":\"et\",\"potentialAction\":[{\"@type\":\"ReadAction\",\"target\":[\"https:\\\/\\\/lustandlove.eu\\\/et\\\/toode\\\/tode-voi-tegu\\\/\"]}]},{\"@type\":\"ImageObject\",\"inLanguage\":\"et\",\"@id\":\"https:\\\/\\\/lustandlove.eu\\\/et\\\/toode\\\/tode-voi-tegu\\\/#primaryimage\",\"url\":\"https:\\\/\\\/lustandlove.eu\\\/wp-content\\\/uploads\\\/truth_or_dare-101314.jpg\",\"contentUrl\":\"https:\\\/\\\/lustandlove.eu\\\/wp-content\\\/uploads\\\/truth_or_dare-101314.jpg\",\"width\":574,\"height\":576},{\"@type\":\"BreadcrumbList\",\"@id\":\"https:\\\/\\\/lustandlove.eu\\\/et\\\/toode\\\/tode-voi-tegu\\\/#breadcrumb\",\"itemListElement\":[{\"@type\":\"ListItem\",\"position\":1,\"name\":\"Lust and Love\",\"item\":\"https:\\\/\\\/lustandlove.eu\\\/et\\\/\"},{\"@type\":\"ListItem\",\"position\":2,\"name\":\"Pood\",\"item\":\"https:\\\/\\\/lustandlove.eu\\\/et\\\/pood\\\/\"},{\"@type\":\"ListItem\",\"position\":3,\"name\":\"L\u00f5bu &amp; M\u00e4ngud\",\"item\":\"https:\\\/\\\/lustandlove.eu\\\/et\\\/pood\\\/lobu-mangud\\\/\"},{\"@type\":\"ListItem\",\"position\":4,\"name\":\"M\u00e4ngud\",\"item\":\"https:\\\/\\\/lustandlove.eu\\\/et\\\/pood\\\/lobu-mangud\\\/mangud\\\/\"},{\"@type\":\"ListItem\",\"position\":5,\"name\":\"T\u00f5de v\u00f5i Tegu\"}]},{\"@type\":\"WebSite\",\"@id\":\"https:\\\/\\\/lustandlove.eu\\\/et\\\/#website\",\"url\":\"https:\\\/\\\/lustandlove.eu\\\/et\\\/\",\"name\":\"Lust &amp; Love\",\"description\":\"Online erootikapood tervise, ilu ja armastuse jaoks\",\"publisher\":{\"@id\":\"https:\\\/\\\/lustandlove.eu\\\/et\\\/#organization\"},\"potentialAction\":[{\"@type\":\"SearchAction\",\"target\":{\"@type\":\"EntryPoint\",\"urlTemplate\":\"https:\\\/\\\/lustandlove.eu\\\/et\\\/?s={search_term_string}\"},\"query-input\":{\"@type\":\"PropertyValueSpecification\",\"valueRequired\":true,\"valueName\":\"search_term_string\"}}],\"inLanguage\":\"et\"},{\"@type\":\"Organization\",\"@id\":\"https:\\\/\\\/lustandlove.eu\\\/et\\\/#organization\",\"name\":\"Bioconcept Baltics O\u00dc\",\"url\":\"https:\\\/\\\/lustandlove.eu\\\/et\\\/\",\"logo\":{\"@type\":\"ImageObject\",\"inLanguage\":\"et\",\"@id\":\"https:\\\/\\\/lustandlove.eu\\\/et\\\/#\\\/schema\\\/logo\\\/image\\\/\",\"url\":\"\",\"contentUrl\":\"\",\"caption\":\"Bioconcept Baltics O\u00dc\"},\"image\":{\"@id\":\"https:\\\/\\\/lustandlove.eu\\\/et\\\/#\\\/schema\\\/logo\\\/image\\\/\"},\"sameAs\":[\"https:\\\/\\\/www.facebook.com\\\/LustandLoveEU\\\/\",\"https:\\\/\\\/www.instagram.com\\\/lustandloveeu\\\/\"]}]}<\/script>\n<!-- \/ Yoast SEO plugin. -->","yoast_head_json":{"title":"T\u00f5de v\u00f5i Tegu | Lust and Love","robots":{"index,follow,max-snippet":"index,follow,max-snippet:-1,max-image-preview:large,max-video-preview:-1"},"canonical":"https:\/\/lustandlove.eu\/et\/toode\/tode-voi-tegu\/","twitter_card":"summary_large_image","twitter_title":"T\u00f5de v\u00f5i Tegu | Lust and Love","twitter_description":"Juhised: M\u00e4ng sisaldab 80 kaarti, mis on jagatud T\u00f5de (?) v\u00f5i Tegu (!). Naudi oma partneri v\u00f5i s\u00f5pruskonnaga palju nalja.","twitter_image":"https:\/\/lustandlove.eu\/wp-content\/uploads\/truth_or_dare-101314.jpg","twitter_misc":{"Est. reading time":"1 minut"},"schema":{"@context":"https:\/\/schema.org","@graph":[{"@type":["WebPage","ItemPage"],"@id":"https:\/\/lustandlove.eu\/et\/toode\/tode-voi-tegu\/","url":"https:\/\/lustandlove.eu\/et\/toode\/tode-voi-tegu\/","name":"T\u00f5de v\u00f5i Tegu | Lust and Love","isPartOf":{"@id":"https:\/\/lustandlove.eu\/et\/#website"},"primaryImageOfPage":{"@id":"https:\/\/lustandlove.eu\/et\/toode\/tode-voi-tegu\/#primaryimage"},"image":{"@id":"https:\/\/lustandlove.eu\/et\/toode\/tode-voi-tegu\/#primaryimage"},"thumbnailUrl":"https:\/\/lustandlove.eu\/wp-content\/uploads\/truth_or_dare-101314.jpg","datePublished":"2023-03-23T08:23:21+00:00","dateModified":"2026-04-13T07:33:30+00:00","breadcrumb":{"@id":"https:\/\/lustandlove.eu\/et\/toode\/tode-voi-tegu\/#breadcrumb"},"inLanguage":"et","potentialAction":[{"@type":"ReadAction","target":["https:\/\/lustandlove.eu\/et\/toode\/tode-voi-tegu\/"]}]},{"@type":"ImageObject","inLanguage":"et","@id":"https:\/\/lustandlove.eu\/et\/toode\/tode-voi-tegu\/#primaryimage","url":"https:\/\/lustandlove.eu\/wp-content\/uploads\/truth_or_dare-101314.jpg","contentUrl":"https:\/\/lustandlove.eu\/wp-content\/uploads\/truth_or_dare-101314.jpg","width":574,"height":576},{"@type":"BreadcrumbList","@id":"https:\/\/lustandlove.eu\/et\/toode\/tode-voi-tegu\/#breadcrumb","itemListElement":[{"@type":"ListItem","position":1,"name":"Lust and Love","item":"https:\/\/lustandlove.eu\/et\/"},{"@type":"ListItem","position":2,"name":"Pood","item":"https:\/\/lustandlove.eu\/et\/pood\/"},{"@type":"ListItem","position":3,"name":"L\u00f5bu &amp; M\u00e4ngud","item":"https:\/\/lustandlove.eu\/et\/pood\/lobu-mangud\/"},{"@type":"ListItem","position":4,"name":"M\u00e4ngud","item":"https:\/\/lustandlove.eu\/et\/pood\/lobu-mangud\/mangud\/"},{"@type":"ListItem","position":5,"name":"T\u00f5de v\u00f5i Tegu"}]},{"@type":"WebSite","@id":"https:\/\/lustandlove.eu\/et\/#website","url":"https:\/\/lustandlove.eu\/et\/","name":"Lust &amp; Love","description":"Online erootikapood tervise, ilu ja armastuse jaoks","publisher":{"@id":"https:\/\/lustandlove.eu\/et\/#organization"},"potentialAction":[{"@type":"SearchAction","target":{"@type":"EntryPoint","urlTemplate":"https:\/\/lustandlove.eu\/et\/?s={search_term_string}"},"query-input":{"@type":"PropertyValueSpecification","valueRequired":true,"valueName":"search_term_string"}}],"inLanguage":"et"},{"@type":"Organization","@id":"https:\/\/lustandlove.eu\/et\/#organization","name":"Bioconcept Baltics O\u00dc","url":"https:\/\/lustandlove.eu\/et\/","logo":{"@type":"ImageObject","inLanguage":"et","@id":"https:\/\/lustandlove.eu\/et\/#\/schema\/logo\/image\/","url":"","contentUrl":"","caption":"Bioconcept Baltics O\u00dc"},"image":{"@id":"https:\/\/lustandlove.eu\/et\/#\/schema\/logo\/image\/"},"sameAs":["https:\/\/www.facebook.com\/LustandLoveEU\/","https:\/\/www.instagram.com\/lustandloveeu\/"]}]}},"_links":{"self":[{"href":"https:\/\/lustandlove.eu\/et\/wp-json\/wp\/v2\/product\/55935","targetHints":{"allow":["GET"]}}],"collection":[{"href":"https:\/\/lustandlove.eu\/et\/wp-json\/wp\/v2\/product"}],"about":[{"href":"https:\/\/lustandlove.eu\/et\/wp-json\/wp\/v2\/types\/product"}],"wp:featuredmedia":[{"embeddable":true,"href":"https:\/\/lustandlove.eu\/et\/wp-json\/wp\/v2\/media\/55941"}],"wp:attachment":[{"href":"https:\/\/lustandlove.eu\/et\/wp-json\/wp\/v2\/media?parent=55935"}],"wp:term":[{"taxonomy":"product_brand","embeddable":true,"href":"https:\/\/lustandlove.eu\/et\/wp-json\/wp\/v2\/product_brand?post=55935"},{"taxonomy":"product_cat","embeddable":true,"href":"https:\/\/lustandlove.eu\/et\/wp-json\/wp\/v2\/product_cat?post=55935"},{"taxonomy":"product_tag","embeddable":true,"href":"https:\/\/lustandlove.eu\/et\/wp-json\/wp\/v2\/product_tag?post=55935"}],"curies":[{"name":"wp","href":"https:\/\/api.w.org\/{rel}","templated":true}]}}