{"id":55964,"date":"2023-03-30T14:06:02","date_gmt":"2023-03-30T11:06:05","guid":{"rendered":"https:\/\/www.lustandlove.eu\/?post_type=product&#038;p=55964"},"modified":"2026-04-13T10:33:30","modified_gmt":"2026-04-13T07:33:30","slug":"vita-bullet-vibraator","status":"publish","type":"product","link":"https:\/\/lustandlove.eu\/et\/toode\/vita-bullet-vibraator\/","title":{"rendered":"Vita Bullet Vibraator"},"content":{"rendered":"<p>Tutvuge Vitaga, ainulaadse <em>wand<\/em> otsaga bullet vibraatoriga, mille \u00fcmar ots sobib suurep\u00e4raselt t\u00e4psema naudingu pakkumiseks. Kasutage Vitat v\u00e4liste naudingupunktide, nagu kliitor ja nibud, stimuleerimiseks. T\u00e4nu oma <em>wand<\/em> otsale ja painduvale kaelale suudab Vita painduda \u00fcmber k\u00f5igi kehade ja nende k\u00f5ige erogeensemate ja intiimsemate osade. T\u00e4nu oma &#8220;\u00f5mblusteta&#8221; disainile on Vital suurep\u00e4rane tunnetus. Laske meie kuulsatel m\u00fcrisevatel mootoritel tungida teie kehasse s\u00fcgavamale, andes teile rikkalikuma ja s\u00fcgavama m\u00f5nutunde.<\/p>\n<p>5 kiirust ja 7 mustrit, mis pakuvad teile p\u00f5nevust<br \/>\nVaikne privaatseks m\u00e4ngimiseks v\u00f5i sobib suurep\u00e4raselt partneriga kasutamiseks<br \/>\nVeekindel vees l\u00f5butsemiseks<br \/>\nT\u00e4ielikult laetav, \u00fchendage USB-porti k\u00f5ikjal, kus viibite<br \/>\n100% vegan vibraator<br \/>\nReisilukk \u2013 lukustamiseks ja avamiseks hoidke lihtsalt + ja \u2013 koos<\/p>\n<p><strong>Vibra m\u00f5\u00f5dud<\/strong><\/p>\n<p>Pikkus: 123 mm \/ 12,3 cm<br \/>\nS\u00fcgavus: 26 mm \/ 2,6 cm<br \/>\nLaius: 29,5 mm \/ 2,95 cm<\/p>\n","protected":false},"excerpt":{"rendered":"<p>Tutvuge Vitaga, ainulaadse wand otsaga bullet vibraatoriga, mille \u00fcmar ots sobib suurep\u00e4raselt t\u00e4psema naudingu pakkumiseks. Kasutage Vitat v\u00e4liste naudingupunktide, nagu<\/p>\n","protected":false},"featured_media":55978,"template":"","meta":[],"product_brand":[4211],"product_cat":[3981,1484,1488],"product_tag":[4088,1515,1577,3781],"class_list":{"0":"post-55964","1":"product","2":"type-product","3":"status-publish","4":"has-post-thumbnail","6":"product_brand-je-joue-et","7":"product_cat-kuulvibraator","8":"product_cat-sekslelud","9":"product_cat-vibraatorid","10":"product_tag-bf30-et","11":"product_tag-bullet-vibraator","12":"product_tag-mini-vibraator","13":"product_tag-must-reede","14":"pa_brand-je-joue-et","16":"first","17":"instock","18":"taxable","19":"shipping-taxable","20":"purchasable","21":"product-type-variable"},"yoast_head":"<!-- This site is optimized with the Yoast SEO plugin v27.3 - https:\/\/yoast.com\/product\/yoast-seo-wordpress\/ -->\n<title>Vita Bullet Vibraator Vibrator 65.00\u20ac | Lust and Love<\/title>\n<meta name=\"description\" content=\"Pehme ja painduv vibra liigub \u00fcle kogu su keha millal iganes soovid. Aseta kliitor laiema osa peale t\u00f5eliselt tugevateks vibratsioonideks!\" \/>\n<meta name=\"robots\" content=\"index,follow,max-snippet:-1,max-image-preview:large,max-video-preview:-1\" \/>\n<link rel=\"canonical\" href=\"https:\/\/lustandlove.eu\/et\/toode\/vita-bullet-vibraator\/\" \/>\n<meta name=\"twitter:card\" content=\"summary_large_image\" \/>\n<meta name=\"twitter:title\" content=\"Vita Bullet Vibraator Vibrator 65.00\u20ac | Lust and Love\" \/>\n<meta name=\"twitter:description\" content=\"Pehme ja painduv vibra liigub \u00fcle kogu su keha millal iganes soovid. Aseta kliitor laiema osa peale t\u00f5eliselt tugevateks vibratsioonideks!\" \/>\n<meta name=\"twitter:image\" content=\"https:\/\/lustandlove.eu\/wp-content\/uploads\/Untitleddesign_1_800x800.webp\" \/>\n<meta name=\"twitter:label1\" content=\"Est. reading time\" \/>\n\t<meta name=\"twitter:data1\" content=\"2 minutit\" \/>\n<script type=\"application\/ld+json\" class=\"yoast-schema-graph\">{\"@context\":\"https:\\\/\\\/schema.org\",\"@graph\":[{\"@type\":[\"WebPage\",\"ItemPage\"],\"@id\":\"https:\\\/\\\/lustandlove.eu\\\/et\\\/toode\\\/vita-bullet-vibraator\\\/\",\"url\":\"https:\\\/\\\/lustandlove.eu\\\/et\\\/toode\\\/vita-bullet-vibraator\\\/\",\"name\":\"Vita Bullet Vibraator Vibrator 65.00\u20ac | Lust and Love\",\"isPartOf\":{\"@id\":\"https:\\\/\\\/lustandlove.eu\\\/et\\\/#website\"},\"primaryImageOfPage\":{\"@id\":\"https:\\\/\\\/lustandlove.eu\\\/et\\\/toode\\\/vita-bullet-vibraator\\\/#primaryimage\"},\"image\":{\"@id\":\"https:\\\/\\\/lustandlove.eu\\\/et\\\/toode\\\/vita-bullet-vibraator\\\/#primaryimage\"},\"thumbnailUrl\":\"https:\\\/\\\/lustandlove.eu\\\/wp-content\\\/uploads\\\/Untitleddesign_1_800x800.webp\",\"datePublished\":\"2023-03-30T11:06:05+00:00\",\"dateModified\":\"2026-04-13T07:33:30+00:00\",\"description\":\"Pehme ja painduv vibra liigub \u00fcle kogu su keha millal iganes soovid. Aseta kliitor laiema osa peale t\u00f5eliselt tugevateks vibratsioonideks!\",\"breadcrumb\":{\"@id\":\"https:\\\/\\\/lustandlove.eu\\\/et\\\/toode\\\/vita-bullet-vibraator\\\/#breadcrumb\"},\"inLanguage\":\"et\",\"potentialAction\":[{\"@type\":\"ReadAction\",\"target\":[\"https:\\\/\\\/lustandlove.eu\\\/et\\\/toode\\\/vita-bullet-vibraator\\\/\"]}]},{\"@type\":\"ImageObject\",\"inLanguage\":\"et\",\"@id\":\"https:\\\/\\\/lustandlove.eu\\\/et\\\/toode\\\/vita-bullet-vibraator\\\/#primaryimage\",\"url\":\"https:\\\/\\\/lustandlove.eu\\\/wp-content\\\/uploads\\\/Untitleddesign_1_800x800.webp\",\"contentUrl\":\"https:\\\/\\\/lustandlove.eu\\\/wp-content\\\/uploads\\\/Untitleddesign_1_800x800.webp\",\"width\":800,\"height\":800},{\"@type\":\"BreadcrumbList\",\"@id\":\"https:\\\/\\\/lustandlove.eu\\\/et\\\/toode\\\/vita-bullet-vibraator\\\/#breadcrumb\",\"itemListElement\":[{\"@type\":\"ListItem\",\"position\":1,\"name\":\"Lust and Love\",\"item\":\"https:\\\/\\\/lustandlove.eu\\\/et\\\/\"},{\"@type\":\"ListItem\",\"position\":2,\"name\":\"Pood\",\"item\":\"https:\\\/\\\/lustandlove.eu\\\/et\\\/pood\\\/\"},{\"@type\":\"ListItem\",\"position\":3,\"name\":\"Sekslelud\",\"item\":\"https:\\\/\\\/lustandlove.eu\\\/et\\\/pood\\\/sekslelud\\\/\"},{\"@type\":\"ListItem\",\"position\":4,\"name\":\"Vibraatorid\",\"item\":\"https:\\\/\\\/lustandlove.eu\\\/et\\\/pood\\\/sekslelud\\\/vibraatorid\\\/\"},{\"@type\":\"ListItem\",\"position\":5,\"name\":\"Kuulvibraator\",\"item\":\"https:\\\/\\\/lustandlove.eu\\\/et\\\/pood\\\/sekslelud\\\/vibraatorid\\\/kuulvibraator\\\/\"},{\"@type\":\"ListItem\",\"position\":6,\"name\":\"Vita Bullet Vibraator\"}]},{\"@type\":\"WebSite\",\"@id\":\"https:\\\/\\\/lustandlove.eu\\\/et\\\/#website\",\"url\":\"https:\\\/\\\/lustandlove.eu\\\/et\\\/\",\"name\":\"Lust &amp; Love\",\"description\":\"Online erootikapood tervise, ilu ja armastuse jaoks\",\"publisher\":{\"@id\":\"https:\\\/\\\/lustandlove.eu\\\/et\\\/#organization\"},\"potentialAction\":[{\"@type\":\"SearchAction\",\"target\":{\"@type\":\"EntryPoint\",\"urlTemplate\":\"https:\\\/\\\/lustandlove.eu\\\/et\\\/?s={search_term_string}\"},\"query-input\":{\"@type\":\"PropertyValueSpecification\",\"valueRequired\":true,\"valueName\":\"search_term_string\"}}],\"inLanguage\":\"et\"},{\"@type\":\"Organization\",\"@id\":\"https:\\\/\\\/lustandlove.eu\\\/et\\\/#organization\",\"name\":\"Bioconcept Baltics O\u00dc\",\"url\":\"https:\\\/\\\/lustandlove.eu\\\/et\\\/\",\"logo\":{\"@type\":\"ImageObject\",\"inLanguage\":\"et\",\"@id\":\"https:\\\/\\\/lustandlove.eu\\\/et\\\/#\\\/schema\\\/logo\\\/image\\\/\",\"url\":\"\",\"contentUrl\":\"\",\"caption\":\"Bioconcept Baltics O\u00dc\"},\"image\":{\"@id\":\"https:\\\/\\\/lustandlove.eu\\\/et\\\/#\\\/schema\\\/logo\\\/image\\\/\"},\"sameAs\":[\"https:\\\/\\\/www.facebook.com\\\/LustandLoveEU\\\/\",\"https:\\\/\\\/www.instagram.com\\\/lustandloveeu\\\/\"]}]}<\/script>\n<!-- \/ Yoast SEO plugin. -->","yoast_head_json":{"title":"Vita Bullet Vibraator Vibrator 65.00\u20ac | Lust and Love","description":"Pehme ja painduv vibra liigub \u00fcle kogu su keha millal iganes soovid. Aseta kliitor laiema osa peale t\u00f5eliselt tugevateks vibratsioonideks!","robots":{"index,follow,max-snippet":"index,follow,max-snippet:-1,max-image-preview:large,max-video-preview:-1"},"canonical":"https:\/\/lustandlove.eu\/et\/toode\/vita-bullet-vibraator\/","twitter_card":"summary_large_image","twitter_title":"Vita Bullet Vibraator Vibrator 65.00\u20ac | Lust and Love","twitter_description":"Pehme ja painduv vibra liigub \u00fcle kogu su keha millal iganes soovid. Aseta kliitor laiema osa peale t\u00f5eliselt tugevateks vibratsioonideks!","twitter_image":"https:\/\/lustandlove.eu\/wp-content\/uploads\/Untitleddesign_1_800x800.webp","twitter_misc":{"Est. reading time":"2 minutit"},"schema":{"@context":"https:\/\/schema.org","@graph":[{"@type":["WebPage","ItemPage"],"@id":"https:\/\/lustandlove.eu\/et\/toode\/vita-bullet-vibraator\/","url":"https:\/\/lustandlove.eu\/et\/toode\/vita-bullet-vibraator\/","name":"Vita Bullet Vibraator Vibrator 65.00\u20ac | Lust and Love","isPartOf":{"@id":"https:\/\/lustandlove.eu\/et\/#website"},"primaryImageOfPage":{"@id":"https:\/\/lustandlove.eu\/et\/toode\/vita-bullet-vibraator\/#primaryimage"},"image":{"@id":"https:\/\/lustandlove.eu\/et\/toode\/vita-bullet-vibraator\/#primaryimage"},"thumbnailUrl":"https:\/\/lustandlove.eu\/wp-content\/uploads\/Untitleddesign_1_800x800.webp","datePublished":"2023-03-30T11:06:05+00:00","dateModified":"2026-04-13T07:33:30+00:00","description":"Pehme ja painduv vibra liigub \u00fcle kogu su keha millal iganes soovid. Aseta kliitor laiema osa peale t\u00f5eliselt tugevateks vibratsioonideks!","breadcrumb":{"@id":"https:\/\/lustandlove.eu\/et\/toode\/vita-bullet-vibraator\/#breadcrumb"},"inLanguage":"et","potentialAction":[{"@type":"ReadAction","target":["https:\/\/lustandlove.eu\/et\/toode\/vita-bullet-vibraator\/"]}]},{"@type":"ImageObject","inLanguage":"et","@id":"https:\/\/lustandlove.eu\/et\/toode\/vita-bullet-vibraator\/#primaryimage","url":"https:\/\/lustandlove.eu\/wp-content\/uploads\/Untitleddesign_1_800x800.webp","contentUrl":"https:\/\/lustandlove.eu\/wp-content\/uploads\/Untitleddesign_1_800x800.webp","width":800,"height":800},{"@type":"BreadcrumbList","@id":"https:\/\/lustandlove.eu\/et\/toode\/vita-bullet-vibraator\/#breadcrumb","itemListElement":[{"@type":"ListItem","position":1,"name":"Lust and Love","item":"https:\/\/lustandlove.eu\/et\/"},{"@type":"ListItem","position":2,"name":"Pood","item":"https:\/\/lustandlove.eu\/et\/pood\/"},{"@type":"ListItem","position":3,"name":"Sekslelud","item":"https:\/\/lustandlove.eu\/et\/pood\/sekslelud\/"},{"@type":"ListItem","position":4,"name":"Vibraatorid","item":"https:\/\/lustandlove.eu\/et\/pood\/sekslelud\/vibraatorid\/"},{"@type":"ListItem","position":5,"name":"Kuulvibraator","item":"https:\/\/lustandlove.eu\/et\/pood\/sekslelud\/vibraatorid\/kuulvibraator\/"},{"@type":"ListItem","position":6,"name":"Vita Bullet Vibraator"}]},{"@type":"WebSite","@id":"https:\/\/lustandlove.eu\/et\/#website","url":"https:\/\/lustandlove.eu\/et\/","name":"Lust &amp; Love","description":"Online erootikapood tervise, ilu ja armastuse jaoks","publisher":{"@id":"https:\/\/lustandlove.eu\/et\/#organization"},"potentialAction":[{"@type":"SearchAction","target":{"@type":"EntryPoint","urlTemplate":"https:\/\/lustandlove.eu\/et\/?s={search_term_string}"},"query-input":{"@type":"PropertyValueSpecification","valueRequired":true,"valueName":"search_term_string"}}],"inLanguage":"et"},{"@type":"Organization","@id":"https:\/\/lustandlove.eu\/et\/#organization","name":"Bioconcept Baltics O\u00dc","url":"https:\/\/lustandlove.eu\/et\/","logo":{"@type":"ImageObject","inLanguage":"et","@id":"https:\/\/lustandlove.eu\/et\/#\/schema\/logo\/image\/","url":"","contentUrl":"","caption":"Bioconcept Baltics O\u00dc"},"image":{"@id":"https:\/\/lustandlove.eu\/et\/#\/schema\/logo\/image\/"},"sameAs":["https:\/\/www.facebook.com\/LustandLoveEU\/","https:\/\/www.instagram.com\/lustandloveeu\/"]}]}},"_links":{"self":[{"href":"https:\/\/lustandlove.eu\/et\/wp-json\/wp\/v2\/product\/55964","targetHints":{"allow":["GET"]}}],"collection":[{"href":"https:\/\/lustandlove.eu\/et\/wp-json\/wp\/v2\/product"}],"about":[{"href":"https:\/\/lustandlove.eu\/et\/wp-json\/wp\/v2\/types\/product"}],"wp:featuredmedia":[{"embeddable":true,"href":"https:\/\/lustandlove.eu\/et\/wp-json\/wp\/v2\/media\/55978"}],"wp:attachment":[{"href":"https:\/\/lustandlove.eu\/et\/wp-json\/wp\/v2\/media?parent=55964"}],"wp:term":[{"taxonomy":"product_brand","embeddable":true,"href":"https:\/\/lustandlove.eu\/et\/wp-json\/wp\/v2\/product_brand?post=55964"},{"taxonomy":"product_cat","embeddable":true,"href":"https:\/\/lustandlove.eu\/et\/wp-json\/wp\/v2\/product_cat?post=55964"},{"taxonomy":"product_tag","embeddable":true,"href":"https:\/\/lustandlove.eu\/et\/wp-json\/wp\/v2\/product_tag?post=55964"}],"curies":[{"name":"wp","href":"https:\/\/api.w.org\/{rel}","templated":true}]}}