{"id":56058,"date":"2025-12-29T14:13:42","date_gmt":"2023-04-05T06:24:00","guid":{"rendered":"https:\/\/www.lustandlove.eu\/?post_type=product&#038;p=56058"},"modified":"2026-04-13T10:26:21","modified_gmt":"2026-04-13T07:26:21","slug":"oyo-geel-rohelise-tee-ekstraktiga-50ml","status":"publish","type":"product","link":"https:\/\/lustandlove.eu\/et\/toode\/oyo-geel-rohelise-tee-ekstraktiga-50ml\/","title":{"rendered":"Oyo geel Rohelise Tee ekstraktiga 50ml"},"content":{"rendered":"<div class=\"wpb-content-wrapper\"><p>[vc_row][vc_column][vc_column_text woodmart_inline=&#8221;no&#8221; text_larger=&#8221;no&#8221;]OYO veebaasil intiimne libestigeel rohelise tee ekstraktiga on meeldiv libisesti igat t\u00fc\u00fcpi seksi nautimiseks. Rohelise tee ekstrakt on suurep\u00e4rane niisutaja, kergete antiseptiliste omadustega ja normaliseerib looduslikku veetasakaalu. M\u00e4\u00e4rdeainel on tasakaalustatud pH ja see pestakse kergesti veega maha. Geel niisutab intensiivselt ja t\u00e4iendab loomulikku niiskust, andes pehme tunde. OYO libesti on universaalne ja sobib armum\u00e4ngudeks partneriga, kasutatav mistahes materjalist seksleludega ning \u00fchildub kondoomidega. N\u00f5rgalt soojendav efekt[\/vc_column_text][\/vc_column][\/vc_row]<\/p>\n<\/div>","protected":false},"excerpt":{"rendered":"<p>[vc_row][vc_column][vc_column_text woodmart_inline=&#8221;no&#8221; text_larger=&#8221;no&#8221;]OYO veebaasil intiimne libestigeel rohelise tee ekstraktiga on meeldiv libisesti igat t\u00fc\u00fcpi seksi nautimiseks. Rohelise tee ekstrakt on<\/p>\n","protected":false},"featured_media":56062,"template":"","meta":[],"product_brand":[4203],"product_cat":[1467,1460,3976],"product_tag":[4128],"class_list":{"0":"post-56058","1":"product","2":"type-product","3":"status-publish","4":"has-post-thumbnail","6":"product_brand-egzo-et","7":"product_cat-libestid","8":"product_cat-apteek","9":"product_cat-vee-baasil","10":"product_tag-lubricant-et","11":"pa_brand-egzo-et","13":"first","14":"instock","15":"taxable","16":"shipping-taxable","17":"purchasable","18":"product-type-simple"},"yoast_head":"<!-- This site is optimized with the Yoast SEO plugin v27.4 - https:\/\/yoast.com\/product\/yoast-seo-wordpress\/ -->\n<title>Oyo geel Rohelise Tee ekstraktiga 50ml | Lust and Love<\/title>\n<meta name=\"description\" content=\"Oyo on veebaasil rohelise tee ekstraktiga libesti.\" \/>\n<meta name=\"robots\" content=\"index,follow,max-snippet:-1,max-image-preview:large,max-video-preview:-1\" \/>\n<link rel=\"canonical\" href=\"https:\/\/lustandlove.eu\/et\/toode\/oyo-geel-rohelise-tee-ekstraktiga-50ml\/\" \/>\n<script type=\"application\/ld+json\" class=\"yoast-schema-graph\">{\"@context\":\"https:\\\/\\\/schema.org\",\"@graph\":[{\"@type\":[\"WebPage\",\"ItemPage\"],\"@id\":\"https:\\\/\\\/lustandlove.eu\\\/et\\\/toode\\\/oyo-geel-rohelise-tee-ekstraktiga-50ml\\\/\",\"url\":\"https:\\\/\\\/lustandlove.eu\\\/et\\\/toode\\\/oyo-geel-rohelise-tee-ekstraktiga-50ml\\\/\",\"name\":\"Oyo geel Rohelise Tee ekstraktiga 50ml | Lust and Love\",\"isPartOf\":{\"@id\":\"https:\\\/\\\/lustandlove.eu\\\/et\\\/#website\"},\"primaryImageOfPage\":{\"@id\":\"https:\\\/\\\/lustandlove.eu\\\/et\\\/toode\\\/oyo-geel-rohelise-tee-ekstraktiga-50ml\\\/#primaryimage\"},\"image\":{\"@id\":\"https:\\\/\\\/lustandlove.eu\\\/et\\\/toode\\\/oyo-geel-rohelise-tee-ekstraktiga-50ml\\\/#primaryimage\"},\"thumbnailUrl\":\"https:\\\/\\\/lustandlove.eu\\\/wp-content\\\/uploads\\\/c05aaf33bcce31fc9a32735bed3dce19.png\",\"datePublished\":\"2023-04-05T06:24:00+00:00\",\"dateModified\":\"2026-04-13T07:26:21+00:00\",\"description\":\"Oyo on veebaasil rohelise tee ekstraktiga libesti.\",\"breadcrumb\":{\"@id\":\"https:\\\/\\\/lustandlove.eu\\\/et\\\/toode\\\/oyo-geel-rohelise-tee-ekstraktiga-50ml\\\/#breadcrumb\"},\"inLanguage\":\"et\",\"potentialAction\":[{\"@type\":\"ReadAction\",\"target\":[\"https:\\\/\\\/lustandlove.eu\\\/et\\\/toode\\\/oyo-geel-rohelise-tee-ekstraktiga-50ml\\\/\"]}]},{\"@type\":\"ImageObject\",\"inLanguage\":\"et\",\"@id\":\"https:\\\/\\\/lustandlove.eu\\\/et\\\/toode\\\/oyo-geel-rohelise-tee-ekstraktiga-50ml\\\/#primaryimage\",\"url\":\"https:\\\/\\\/lustandlove.eu\\\/wp-content\\\/uploads\\\/c05aaf33bcce31fc9a32735bed3dce19.png\",\"contentUrl\":\"https:\\\/\\\/lustandlove.eu\\\/wp-content\\\/uploads\\\/c05aaf33bcce31fc9a32735bed3dce19.png\",\"width\":400,\"height\":600},{\"@type\":\"BreadcrumbList\",\"@id\":\"https:\\\/\\\/lustandlove.eu\\\/et\\\/toode\\\/oyo-geel-rohelise-tee-ekstraktiga-50ml\\\/#breadcrumb\",\"itemListElement\":[{\"@type\":\"ListItem\",\"position\":1,\"name\":\"Lust and Love\",\"item\":\"https:\\\/\\\/lustandlove.eu\\\/et\\\/\"},{\"@type\":\"ListItem\",\"position\":2,\"name\":\"Pood\",\"item\":\"https:\\\/\\\/lustandlove.eu\\\/et\\\/pood\\\/\"},{\"@type\":\"ListItem\",\"position\":3,\"name\":\"Libestid ja kehahooldus\",\"item\":\"https:\\\/\\\/lustandlove.eu\\\/et\\\/pood\\\/apteek\\\/\"},{\"@type\":\"ListItem\",\"position\":4,\"name\":\"Libestid\",\"item\":\"https:\\\/\\\/lustandlove.eu\\\/et\\\/pood\\\/apteek\\\/libestid\\\/\"},{\"@type\":\"ListItem\",\"position\":5,\"name\":\"Vee baasil\",\"item\":\"https:\\\/\\\/lustandlove.eu\\\/et\\\/pood\\\/apteek\\\/libestid\\\/vee-baasil\\\/\"},{\"@type\":\"ListItem\",\"position\":6,\"name\":\"Oyo geel Rohelise Tee ekstraktiga 50ml\"}]},{\"@type\":\"WebSite\",\"@id\":\"https:\\\/\\\/lustandlove.eu\\\/et\\\/#website\",\"url\":\"https:\\\/\\\/lustandlove.eu\\\/et\\\/\",\"name\":\"Lust & Love\",\"description\":\"Online erootikapood tervise, ilu ja armastuse jaoks\",\"publisher\":{\"@id\":\"https:\\\/\\\/lustandlove.eu\\\/et\\\/#organization\"},\"potentialAction\":[{\"@type\":\"SearchAction\",\"target\":{\"@type\":\"EntryPoint\",\"urlTemplate\":\"https:\\\/\\\/lustandlove.eu\\\/et\\\/?s={search_term_string}\"},\"query-input\":{\"@type\":\"PropertyValueSpecification\",\"valueRequired\":true,\"valueName\":\"search_term_string\"}}],\"inLanguage\":\"et\"},{\"@type\":\"Organization\",\"@id\":\"https:\\\/\\\/lustandlove.eu\\\/et\\\/#organization\",\"name\":\"Bioconcept Baltics O\u00dc\",\"url\":\"https:\\\/\\\/lustandlove.eu\\\/et\\\/\",\"logo\":{\"@type\":\"ImageObject\",\"inLanguage\":\"et\",\"@id\":\"https:\\\/\\\/lustandlove.eu\\\/et\\\/#\\\/schema\\\/logo\\\/image\\\/\",\"url\":\"https:\\\/\\\/lustandlove.eu\\\/wp-content\\\/uploads\\\/logo-full-2.png\",\"contentUrl\":\"https:\\\/\\\/lustandlove.eu\\\/wp-content\\\/uploads\\\/logo-full-2.png\",\"width\":837,\"height\":200,\"caption\":\"Bioconcept Baltics O\u00dc\"},\"image\":{\"@id\":\"https:\\\/\\\/lustandlove.eu\\\/et\\\/#\\\/schema\\\/logo\\\/image\\\/\"},\"sameAs\":[\"https:\\\/\\\/www.facebook.com\\\/LustandLoveEU\\\/\",\"https:\\\/\\\/www.instagram.com\\\/lustandloveeu\\\/\"]}]}<\/script>\n<!-- \/ Yoast SEO plugin. -->","yoast_head_json":{"title":"Oyo geel Rohelise Tee ekstraktiga 50ml | Lust and Love","description":"Oyo on veebaasil rohelise tee ekstraktiga libesti.","robots":{"index,follow,max-snippet":"index,follow,max-snippet:-1,max-image-preview:large,max-video-preview:-1"},"canonical":"https:\/\/lustandlove.eu\/et\/toode\/oyo-geel-rohelise-tee-ekstraktiga-50ml\/","schema":{"@context":"https:\/\/schema.org","@graph":[{"@type":["WebPage","ItemPage"],"@id":"https:\/\/lustandlove.eu\/et\/toode\/oyo-geel-rohelise-tee-ekstraktiga-50ml\/","url":"https:\/\/lustandlove.eu\/et\/toode\/oyo-geel-rohelise-tee-ekstraktiga-50ml\/","name":"Oyo geel Rohelise Tee ekstraktiga 50ml | Lust and Love","isPartOf":{"@id":"https:\/\/lustandlove.eu\/et\/#website"},"primaryImageOfPage":{"@id":"https:\/\/lustandlove.eu\/et\/toode\/oyo-geel-rohelise-tee-ekstraktiga-50ml\/#primaryimage"},"image":{"@id":"https:\/\/lustandlove.eu\/et\/toode\/oyo-geel-rohelise-tee-ekstraktiga-50ml\/#primaryimage"},"thumbnailUrl":"https:\/\/lustandlove.eu\/wp-content\/uploads\/c05aaf33bcce31fc9a32735bed3dce19.png","datePublished":"2023-04-05T06:24:00+00:00","dateModified":"2026-04-13T07:26:21+00:00","description":"Oyo on veebaasil rohelise tee ekstraktiga libesti.","breadcrumb":{"@id":"https:\/\/lustandlove.eu\/et\/toode\/oyo-geel-rohelise-tee-ekstraktiga-50ml\/#breadcrumb"},"inLanguage":"et","potentialAction":[{"@type":"ReadAction","target":["https:\/\/lustandlove.eu\/et\/toode\/oyo-geel-rohelise-tee-ekstraktiga-50ml\/"]}]},{"@type":"ImageObject","inLanguage":"et","@id":"https:\/\/lustandlove.eu\/et\/toode\/oyo-geel-rohelise-tee-ekstraktiga-50ml\/#primaryimage","url":"https:\/\/lustandlove.eu\/wp-content\/uploads\/c05aaf33bcce31fc9a32735bed3dce19.png","contentUrl":"https:\/\/lustandlove.eu\/wp-content\/uploads\/c05aaf33bcce31fc9a32735bed3dce19.png","width":400,"height":600},{"@type":"BreadcrumbList","@id":"https:\/\/lustandlove.eu\/et\/toode\/oyo-geel-rohelise-tee-ekstraktiga-50ml\/#breadcrumb","itemListElement":[{"@type":"ListItem","position":1,"name":"Lust and Love","item":"https:\/\/lustandlove.eu\/et\/"},{"@type":"ListItem","position":2,"name":"Pood","item":"https:\/\/lustandlove.eu\/et\/pood\/"},{"@type":"ListItem","position":3,"name":"Libestid ja kehahooldus","item":"https:\/\/lustandlove.eu\/et\/pood\/apteek\/"},{"@type":"ListItem","position":4,"name":"Libestid","item":"https:\/\/lustandlove.eu\/et\/pood\/apteek\/libestid\/"},{"@type":"ListItem","position":5,"name":"Vee baasil","item":"https:\/\/lustandlove.eu\/et\/pood\/apteek\/libestid\/vee-baasil\/"},{"@type":"ListItem","position":6,"name":"Oyo geel Rohelise Tee ekstraktiga 50ml"}]},{"@type":"WebSite","@id":"https:\/\/lustandlove.eu\/et\/#website","url":"https:\/\/lustandlove.eu\/et\/","name":"Lust & Love","description":"Online erootikapood tervise, ilu ja armastuse jaoks","publisher":{"@id":"https:\/\/lustandlove.eu\/et\/#organization"},"potentialAction":[{"@type":"SearchAction","target":{"@type":"EntryPoint","urlTemplate":"https:\/\/lustandlove.eu\/et\/?s={search_term_string}"},"query-input":{"@type":"PropertyValueSpecification","valueRequired":true,"valueName":"search_term_string"}}],"inLanguage":"et"},{"@type":"Organization","@id":"https:\/\/lustandlove.eu\/et\/#organization","name":"Bioconcept Baltics O\u00dc","url":"https:\/\/lustandlove.eu\/et\/","logo":{"@type":"ImageObject","inLanguage":"et","@id":"https:\/\/lustandlove.eu\/et\/#\/schema\/logo\/image\/","url":"https:\/\/lustandlove.eu\/wp-content\/uploads\/logo-full-2.png","contentUrl":"https:\/\/lustandlove.eu\/wp-content\/uploads\/logo-full-2.png","width":837,"height":200,"caption":"Bioconcept Baltics O\u00dc"},"image":{"@id":"https:\/\/lustandlove.eu\/et\/#\/schema\/logo\/image\/"},"sameAs":["https:\/\/www.facebook.com\/LustandLoveEU\/","https:\/\/www.instagram.com\/lustandloveeu\/"]}]}},"_links":{"self":[{"href":"https:\/\/lustandlove.eu\/et\/wp-json\/wp\/v2\/product\/56058","targetHints":{"allow":["GET"]}}],"collection":[{"href":"https:\/\/lustandlove.eu\/et\/wp-json\/wp\/v2\/product"}],"about":[{"href":"https:\/\/lustandlove.eu\/et\/wp-json\/wp\/v2\/types\/product"}],"wp:featuredmedia":[{"embeddable":true,"href":"https:\/\/lustandlove.eu\/et\/wp-json\/wp\/v2\/media\/56062"}],"wp:attachment":[{"href":"https:\/\/lustandlove.eu\/et\/wp-json\/wp\/v2\/media?parent=56058"}],"wp:term":[{"taxonomy":"product_brand","embeddable":true,"href":"https:\/\/lustandlove.eu\/et\/wp-json\/wp\/v2\/product_brand?post=56058"},{"taxonomy":"product_cat","embeddable":true,"href":"https:\/\/lustandlove.eu\/et\/wp-json\/wp\/v2\/product_cat?post=56058"},{"taxonomy":"product_tag","embeddable":true,"href":"https:\/\/lustandlove.eu\/et\/wp-json\/wp\/v2\/product_tag?post=56058"}],"curies":[{"name":"wp","href":"https:\/\/api.w.org\/{rel}","templated":true}]}}