{"id":56073,"date":"2025-12-29T14:13:41","date_gmt":"2023-04-05T06:35:42","guid":{"rendered":"https:\/\/www.lustandlove.eu\/?post_type=product&#038;p=56073"},"modified":"2026-04-13T10:26:22","modified_gmt":"2026-04-13T07:26:22","slug":"oyo-geel-mentooliga-50ml","status":"publish","type":"product","link":"https:\/\/lustandlove.eu\/et\/toode\/oyo-geel-mentooliga-50ml\/","title":{"rendered":"Oyo geel Mentooliga 50ml"},"content":{"rendered":"<div class=\"wpb-content-wrapper\"><p>[vc_row][vc_column][vc_column_text woodmart_inline=&#8221;no&#8221; text_larger=&#8221;no&#8221;]Selleks, et intiimsus oleks pikk ja m\u00f5lemad partnerid saaksid naudingu l\u00f5pppunkti, on vaja ainult \u00fchte geeli &#8211; OYO Mentooliga libestit. T\u00e4nu selles sisalduvale mentoolile tagab libesti mitte ainult suurep\u00e4rase libisemise, vaid ka kerge jahutava efekti \u2013 just seda, mida vajad oma sensuaalsuse hetkede pikendamiseks. Lisaks pikendavale toimele on mentool p\u00f5letikuvastase toimega, eemaldab toksiine, v\u00e4hendab valu ja s\u00fcgelust ning rahustab nahka ja limaskesti. Jahedustunne ja v\u00e4rskuse aroom r\u00f5hutavad hetke ainulaadsust. OYO Mentooliga libesti on veep\u00f5hine ja tasakaalustatud pH-ga, sisaldab sertifitseeritud orgaanilisi ekstrakte ja taimset p\u00e4ritolu looduslikke koostisosi. Geeljas tekstuur sobib igat t\u00fc\u00fcpi seksiks, saab kasutada kondoomi v\u00f5i mis tahes materjalist seksleludega. Geel ei j\u00e4ta plekke riietele ja voodipesule, see pestakse kiiresti veega kehalt maha.[\/vc_column_text][\/vc_column][\/vc_row]<\/p>\n<\/div>","protected":false},"excerpt":{"rendered":"<p>[vc_row][vc_column][vc_column_text woodmart_inline=&#8221;no&#8221; text_larger=&#8221;no&#8221;]Selleks, et intiimsus oleks pikk ja m\u00f5lemad partnerid saaksid naudingu l\u00f5pppunkti, on vaja ainult \u00fchte geeli &#8211; OYO<\/p>\n","protected":false},"featured_media":56077,"template":"","meta":[],"product_brand":[4203],"product_cat":[1467,1460,3976],"product_tag":[4128],"class_list":{"0":"post-56073","1":"product","2":"type-product","3":"status-publish","4":"has-post-thumbnail","6":"product_brand-egzo-et","7":"product_cat-libestid","8":"product_cat-apteek","9":"product_cat-vee-baasil","10":"product_tag-lubricant-et","11":"pa_brand-egzo-et","13":"first","14":"instock","15":"taxable","16":"shipping-taxable","17":"purchasable","18":"product-type-simple"},"yoast_head":"<!-- This site is optimized with the Yoast SEO plugin v27.4 - https:\/\/yoast.com\/product\/yoast-seo-wordpress\/ -->\n<title>Oyo geel Mentooliga 50ml | Lust and Love<\/title>\n<meta name=\"description\" content=\"Oyo on veebaasil libesti, mis sobib kasutamiseks nii lelude kui kondoomidega.\" \/>\n<meta name=\"robots\" content=\"index,follow,max-snippet:-1,max-image-preview:large,max-video-preview:-1\" \/>\n<link rel=\"canonical\" href=\"https:\/\/lustandlove.eu\/et\/toode\/oyo-geel-mentooliga-50ml\/\" \/>\n<script type=\"application\/ld+json\" class=\"yoast-schema-graph\">{\"@context\":\"https:\\\/\\\/schema.org\",\"@graph\":[{\"@type\":[\"WebPage\",\"ItemPage\"],\"@id\":\"https:\\\/\\\/lustandlove.eu\\\/et\\\/toode\\\/oyo-geel-mentooliga-50ml\\\/\",\"url\":\"https:\\\/\\\/lustandlove.eu\\\/et\\\/toode\\\/oyo-geel-mentooliga-50ml\\\/\",\"name\":\"Oyo geel Mentooliga 50ml | Lust and Love\",\"isPartOf\":{\"@id\":\"https:\\\/\\\/lustandlove.eu\\\/et\\\/#website\"},\"primaryImageOfPage\":{\"@id\":\"https:\\\/\\\/lustandlove.eu\\\/et\\\/toode\\\/oyo-geel-mentooliga-50ml\\\/#primaryimage\"},\"image\":{\"@id\":\"https:\\\/\\\/lustandlove.eu\\\/et\\\/toode\\\/oyo-geel-mentooliga-50ml\\\/#primaryimage\"},\"thumbnailUrl\":\"https:\\\/\\\/lustandlove.eu\\\/wp-content\\\/uploads\\\/9dfaef468d0a7e58ed4f68a87b4c2332.png\",\"datePublished\":\"2023-04-05T06:35:42+00:00\",\"dateModified\":\"2026-04-13T07:26:22+00:00\",\"description\":\"Oyo on veebaasil libesti, mis sobib kasutamiseks nii lelude kui kondoomidega.\",\"breadcrumb\":{\"@id\":\"https:\\\/\\\/lustandlove.eu\\\/et\\\/toode\\\/oyo-geel-mentooliga-50ml\\\/#breadcrumb\"},\"inLanguage\":\"et\",\"potentialAction\":[{\"@type\":\"ReadAction\",\"target\":[\"https:\\\/\\\/lustandlove.eu\\\/et\\\/toode\\\/oyo-geel-mentooliga-50ml\\\/\"]}]},{\"@type\":\"ImageObject\",\"inLanguage\":\"et\",\"@id\":\"https:\\\/\\\/lustandlove.eu\\\/et\\\/toode\\\/oyo-geel-mentooliga-50ml\\\/#primaryimage\",\"url\":\"https:\\\/\\\/lustandlove.eu\\\/wp-content\\\/uploads\\\/9dfaef468d0a7e58ed4f68a87b4c2332.png\",\"contentUrl\":\"https:\\\/\\\/lustandlove.eu\\\/wp-content\\\/uploads\\\/9dfaef468d0a7e58ed4f68a87b4c2332.png\",\"width\":400,\"height\":600},{\"@type\":\"BreadcrumbList\",\"@id\":\"https:\\\/\\\/lustandlove.eu\\\/et\\\/toode\\\/oyo-geel-mentooliga-50ml\\\/#breadcrumb\",\"itemListElement\":[{\"@type\":\"ListItem\",\"position\":1,\"name\":\"Lust and Love\",\"item\":\"https:\\\/\\\/lustandlove.eu\\\/et\\\/\"},{\"@type\":\"ListItem\",\"position\":2,\"name\":\"Pood\",\"item\":\"https:\\\/\\\/lustandlove.eu\\\/et\\\/pood\\\/\"},{\"@type\":\"ListItem\",\"position\":3,\"name\":\"Libestid ja kehahooldus\",\"item\":\"https:\\\/\\\/lustandlove.eu\\\/et\\\/pood\\\/apteek\\\/\"},{\"@type\":\"ListItem\",\"position\":4,\"name\":\"Libestid\",\"item\":\"https:\\\/\\\/lustandlove.eu\\\/et\\\/pood\\\/apteek\\\/libestid\\\/\"},{\"@type\":\"ListItem\",\"position\":5,\"name\":\"Vee baasil\",\"item\":\"https:\\\/\\\/lustandlove.eu\\\/et\\\/pood\\\/apteek\\\/libestid\\\/vee-baasil\\\/\"},{\"@type\":\"ListItem\",\"position\":6,\"name\":\"Oyo geel Mentooliga 50ml\"}]},{\"@type\":\"WebSite\",\"@id\":\"https:\\\/\\\/lustandlove.eu\\\/et\\\/#website\",\"url\":\"https:\\\/\\\/lustandlove.eu\\\/et\\\/\",\"name\":\"Lust & Love\",\"description\":\"Online erootikapood tervise, ilu ja armastuse jaoks\",\"publisher\":{\"@id\":\"https:\\\/\\\/lustandlove.eu\\\/et\\\/#organization\"},\"potentialAction\":[{\"@type\":\"SearchAction\",\"target\":{\"@type\":\"EntryPoint\",\"urlTemplate\":\"https:\\\/\\\/lustandlove.eu\\\/et\\\/?s={search_term_string}\"},\"query-input\":{\"@type\":\"PropertyValueSpecification\",\"valueRequired\":true,\"valueName\":\"search_term_string\"}}],\"inLanguage\":\"et\"},{\"@type\":\"Organization\",\"@id\":\"https:\\\/\\\/lustandlove.eu\\\/et\\\/#organization\",\"name\":\"Bioconcept Baltics O\u00dc\",\"url\":\"https:\\\/\\\/lustandlove.eu\\\/et\\\/\",\"logo\":{\"@type\":\"ImageObject\",\"inLanguage\":\"et\",\"@id\":\"https:\\\/\\\/lustandlove.eu\\\/et\\\/#\\\/schema\\\/logo\\\/image\\\/\",\"url\":\"https:\\\/\\\/lustandlove.eu\\\/wp-content\\\/uploads\\\/logo-full-2.png\",\"contentUrl\":\"https:\\\/\\\/lustandlove.eu\\\/wp-content\\\/uploads\\\/logo-full-2.png\",\"width\":837,\"height\":200,\"caption\":\"Bioconcept Baltics O\u00dc\"},\"image\":{\"@id\":\"https:\\\/\\\/lustandlove.eu\\\/et\\\/#\\\/schema\\\/logo\\\/image\\\/\"},\"sameAs\":[\"https:\\\/\\\/www.facebook.com\\\/LustandLoveEU\\\/\",\"https:\\\/\\\/www.instagram.com\\\/lustandloveeu\\\/\"]}]}<\/script>\n<!-- \/ Yoast SEO plugin. -->","yoast_head_json":{"title":"Oyo geel Mentooliga 50ml | Lust and Love","description":"Oyo on veebaasil libesti, mis sobib kasutamiseks nii lelude kui kondoomidega.","robots":{"index,follow,max-snippet":"index,follow,max-snippet:-1,max-image-preview:large,max-video-preview:-1"},"canonical":"https:\/\/lustandlove.eu\/et\/toode\/oyo-geel-mentooliga-50ml\/","schema":{"@context":"https:\/\/schema.org","@graph":[{"@type":["WebPage","ItemPage"],"@id":"https:\/\/lustandlove.eu\/et\/toode\/oyo-geel-mentooliga-50ml\/","url":"https:\/\/lustandlove.eu\/et\/toode\/oyo-geel-mentooliga-50ml\/","name":"Oyo geel Mentooliga 50ml | Lust and Love","isPartOf":{"@id":"https:\/\/lustandlove.eu\/et\/#website"},"primaryImageOfPage":{"@id":"https:\/\/lustandlove.eu\/et\/toode\/oyo-geel-mentooliga-50ml\/#primaryimage"},"image":{"@id":"https:\/\/lustandlove.eu\/et\/toode\/oyo-geel-mentooliga-50ml\/#primaryimage"},"thumbnailUrl":"https:\/\/lustandlove.eu\/wp-content\/uploads\/9dfaef468d0a7e58ed4f68a87b4c2332.png","datePublished":"2023-04-05T06:35:42+00:00","dateModified":"2026-04-13T07:26:22+00:00","description":"Oyo on veebaasil libesti, mis sobib kasutamiseks nii lelude kui kondoomidega.","breadcrumb":{"@id":"https:\/\/lustandlove.eu\/et\/toode\/oyo-geel-mentooliga-50ml\/#breadcrumb"},"inLanguage":"et","potentialAction":[{"@type":"ReadAction","target":["https:\/\/lustandlove.eu\/et\/toode\/oyo-geel-mentooliga-50ml\/"]}]},{"@type":"ImageObject","inLanguage":"et","@id":"https:\/\/lustandlove.eu\/et\/toode\/oyo-geel-mentooliga-50ml\/#primaryimage","url":"https:\/\/lustandlove.eu\/wp-content\/uploads\/9dfaef468d0a7e58ed4f68a87b4c2332.png","contentUrl":"https:\/\/lustandlove.eu\/wp-content\/uploads\/9dfaef468d0a7e58ed4f68a87b4c2332.png","width":400,"height":600},{"@type":"BreadcrumbList","@id":"https:\/\/lustandlove.eu\/et\/toode\/oyo-geel-mentooliga-50ml\/#breadcrumb","itemListElement":[{"@type":"ListItem","position":1,"name":"Lust and Love","item":"https:\/\/lustandlove.eu\/et\/"},{"@type":"ListItem","position":2,"name":"Pood","item":"https:\/\/lustandlove.eu\/et\/pood\/"},{"@type":"ListItem","position":3,"name":"Libestid ja kehahooldus","item":"https:\/\/lustandlove.eu\/et\/pood\/apteek\/"},{"@type":"ListItem","position":4,"name":"Libestid","item":"https:\/\/lustandlove.eu\/et\/pood\/apteek\/libestid\/"},{"@type":"ListItem","position":5,"name":"Vee baasil","item":"https:\/\/lustandlove.eu\/et\/pood\/apteek\/libestid\/vee-baasil\/"},{"@type":"ListItem","position":6,"name":"Oyo geel Mentooliga 50ml"}]},{"@type":"WebSite","@id":"https:\/\/lustandlove.eu\/et\/#website","url":"https:\/\/lustandlove.eu\/et\/","name":"Lust & Love","description":"Online erootikapood tervise, ilu ja armastuse jaoks","publisher":{"@id":"https:\/\/lustandlove.eu\/et\/#organization"},"potentialAction":[{"@type":"SearchAction","target":{"@type":"EntryPoint","urlTemplate":"https:\/\/lustandlove.eu\/et\/?s={search_term_string}"},"query-input":{"@type":"PropertyValueSpecification","valueRequired":true,"valueName":"search_term_string"}}],"inLanguage":"et"},{"@type":"Organization","@id":"https:\/\/lustandlove.eu\/et\/#organization","name":"Bioconcept Baltics O\u00dc","url":"https:\/\/lustandlove.eu\/et\/","logo":{"@type":"ImageObject","inLanguage":"et","@id":"https:\/\/lustandlove.eu\/et\/#\/schema\/logo\/image\/","url":"https:\/\/lustandlove.eu\/wp-content\/uploads\/logo-full-2.png","contentUrl":"https:\/\/lustandlove.eu\/wp-content\/uploads\/logo-full-2.png","width":837,"height":200,"caption":"Bioconcept Baltics O\u00dc"},"image":{"@id":"https:\/\/lustandlove.eu\/et\/#\/schema\/logo\/image\/"},"sameAs":["https:\/\/www.facebook.com\/LustandLoveEU\/","https:\/\/www.instagram.com\/lustandloveeu\/"]}]}},"_links":{"self":[{"href":"https:\/\/lustandlove.eu\/et\/wp-json\/wp\/v2\/product\/56073","targetHints":{"allow":["GET"]}}],"collection":[{"href":"https:\/\/lustandlove.eu\/et\/wp-json\/wp\/v2\/product"}],"about":[{"href":"https:\/\/lustandlove.eu\/et\/wp-json\/wp\/v2\/types\/product"}],"wp:featuredmedia":[{"embeddable":true,"href":"https:\/\/lustandlove.eu\/et\/wp-json\/wp\/v2\/media\/56077"}],"wp:attachment":[{"href":"https:\/\/lustandlove.eu\/et\/wp-json\/wp\/v2\/media?parent=56073"}],"wp:term":[{"taxonomy":"product_brand","embeddable":true,"href":"https:\/\/lustandlove.eu\/et\/wp-json\/wp\/v2\/product_brand?post=56073"},{"taxonomy":"product_cat","embeddable":true,"href":"https:\/\/lustandlove.eu\/et\/wp-json\/wp\/v2\/product_cat?post=56073"},{"taxonomy":"product_tag","embeddable":true,"href":"https:\/\/lustandlove.eu\/et\/wp-json\/wp\/v2\/product_tag?post=56073"}],"curies":[{"name":"wp","href":"https:\/\/api.w.org\/{rel}","templated":true}]}}