{"id":56095,"date":"2023-04-05T12:05:13","date_gmt":"2023-04-05T09:05:13","guid":{"rendered":"https:\/\/www.lustandlove.eu\/?post_type=product&#038;p=56095"},"modified":"2026-04-13T10:33:29","modified_gmt":"2026-04-13T07:33:29","slug":"gcat-ohkstimulaator","status":"publish","type":"product","link":"https:\/\/lustandlove.eu\/et\/toode\/gcat-ohkstimulaator\/","title":{"rendered":"Gcat \u00f5hkstimulaator"},"content":{"rendered":"<p>Tutvustame kliitorit imevat vibraatorit Gcat \u2013 \u00fclimat naudingut, mis on loodud teie kehale intensiivsete ja rahuldust pakkuvate tunnete pakkumiseks.<\/p>\n<p>Nautige oraalseksi naudingut ainulaadse orgasmitehnoloogia abil, mis v\u00f5imaldab teil stimuleerida oma kliitorit ja saavutada orgasmi sekunditega pehmetest puudutustest kuni intensiivse vibratsioonini.<\/p>\n<p>Oma 6 imemistugevuse tasemega pakub Gcat erinevaid kohandatavaid valikuid teie kogemuse parandamiseks.<\/p>\n<p>Vibraatorit saab kasutada kliitori stimuleerimiseks, kuid see sobib suurep\u00e4raselt ka nibudega m\u00e4ngimiseks, muutes selle mitmek\u00fclgseks ja p\u00f5nevaks lisaks teie magamistuppa. Madalaim imemisre\u017eiim sobib suurep\u00e4raselt sujuvaks ja \u00f5rnaks maandumiseks, v\u00f5imaldades teil nautida pikemaid ja intensiivsemaid orgasme. See on t\u00e4iuslik kombinatsioon t\u00e4iustatud Smooth Landing tehnoloogiast ja ainulaadsest disainist.<\/p>\n<p>Gcati naiste vaakumlaine kliitoristimulaator on loodud \u00dchendkuningriigis ning valmistatud turvalisest ABS-plastikust ja meditsiinilisest silikoonist. Lisage see oma kollektsiooni juba t\u00e4na ja uurige l\u00f5pmatuid naudinguv\u00f5imalusi.<\/p>\n<p>Funktsioonid<br \/>\nErgonoomiline disain.<br \/>\nIntuitiivne juhtimine.<br \/>\nEi mingit l\u00f5hna.<br \/>\n100% veekindel.<br \/>\nKuni 4 tundi t\u00f6\u00f6d akulaadimisega.<br \/>\nMagnet laadija. Pange t\u00e4hele, et esialgne laadimisaeg on 2 tundi.<br \/>\nReisilukk: lukust vabastamiseks vajutage nuppu &#8220;+&#8221; ja hoidke kaks sekundit all.<\/p>\n","protected":false},"excerpt":{"rendered":"<p>Laske oma nurrumisr\u00f5\u00f5m valla GCATiga \u2013 Gvibe \u00fclima <em>air-pulse<\/em> vibraatoriga!<\/p>\n","protected":false},"featured_media":56109,"template":"","meta":[],"product_brand":[4208],"product_cat":[3982,1484,1488],"product_tag":[3842],"class_list":{"0":"post-56095","1":"product","2":"type-product","3":"status-publish","4":"has-post-thumbnail","6":"product_brand-gvibe-et","7":"product_cat-ohksurve-simulaator","8":"product_cat-sekslelud","9":"product_cat-vibraatorid","10":"product_tag-imemis","11":"pa_brand-gvibe-et","13":"first","14":"instock","15":"taxable","16":"shipping-taxable","17":"purchasable","18":"product-type-simple"},"yoast_head":"<!-- This site is optimized with the Yoast SEO plugin v27.4 - https:\/\/yoast.com\/product\/yoast-seo-wordpress\/ -->\n<title>Gcat \u00f5hkstimulaator | Lust and Love Adult E-shop<\/title>\n<meta name=\"description\" content=\"Laske oma nurrumisr\u00f5\u00f5m valla GCATiga \u2013 Gvibe \u00fclima air-pulse vibraatoriga!\" \/>\n<meta name=\"robots\" content=\"index,follow,max-snippet:-1,max-image-preview:large,max-video-preview:-1\" \/>\n<link rel=\"canonical\" href=\"https:\/\/lustandlove.eu\/et\/toode\/gcat-ohkstimulaator\/\" \/>\n<script type=\"application\/ld+json\" class=\"yoast-schema-graph\">{\"@context\":\"https:\\\/\\\/schema.org\",\"@graph\":[{\"@type\":[\"WebPage\",\"ItemPage\"],\"@id\":\"https:\\\/\\\/lustandlove.eu\\\/et\\\/toode\\\/gcat-ohkstimulaator\\\/\",\"url\":\"https:\\\/\\\/lustandlove.eu\\\/et\\\/toode\\\/gcat-ohkstimulaator\\\/\",\"name\":\"Gcat \u00f5hkstimulaator | Lust and Love Adult E-shop\",\"isPartOf\":{\"@id\":\"https:\\\/\\\/lustandlove.eu\\\/et\\\/#website\"},\"primaryImageOfPage\":{\"@id\":\"https:\\\/\\\/lustandlove.eu\\\/et\\\/toode\\\/gcat-ohkstimulaator\\\/#primaryimage\"},\"image\":{\"@id\":\"https:\\\/\\\/lustandlove.eu\\\/et\\\/toode\\\/gcat-ohkstimulaator\\\/#primaryimage\"},\"thumbnailUrl\":\"https:\\\/\\\/lustandlove.eu\\\/wp-content\\\/uploads\\\/gvibe-gcat-114393_900x.webp\",\"datePublished\":\"2023-04-05T09:05:13+00:00\",\"dateModified\":\"2026-04-13T07:33:29+00:00\",\"description\":\"Laske oma nurrumisr\u00f5\u00f5m valla GCATiga \u2013 Gvibe \u00fclima air-pulse vibraatoriga!\",\"breadcrumb\":{\"@id\":\"https:\\\/\\\/lustandlove.eu\\\/et\\\/toode\\\/gcat-ohkstimulaator\\\/#breadcrumb\"},\"inLanguage\":\"et\",\"potentialAction\":[{\"@type\":\"ReadAction\",\"target\":[\"https:\\\/\\\/lustandlove.eu\\\/et\\\/toode\\\/gcat-ohkstimulaator\\\/\"]}]},{\"@type\":\"ImageObject\",\"inLanguage\":\"et\",\"@id\":\"https:\\\/\\\/lustandlove.eu\\\/et\\\/toode\\\/gcat-ohkstimulaator\\\/#primaryimage\",\"url\":\"https:\\\/\\\/lustandlove.eu\\\/wp-content\\\/uploads\\\/gvibe-gcat-114393_900x.webp\",\"contentUrl\":\"https:\\\/\\\/lustandlove.eu\\\/wp-content\\\/uploads\\\/gvibe-gcat-114393_900x.webp\",\"width\":900,\"height\":900},{\"@type\":\"BreadcrumbList\",\"@id\":\"https:\\\/\\\/lustandlove.eu\\\/et\\\/toode\\\/gcat-ohkstimulaator\\\/#breadcrumb\",\"itemListElement\":[{\"@type\":\"ListItem\",\"position\":1,\"name\":\"Lust and Love\",\"item\":\"https:\\\/\\\/lustandlove.eu\\\/et\\\/\"},{\"@type\":\"ListItem\",\"position\":2,\"name\":\"Pood\",\"item\":\"https:\\\/\\\/lustandlove.eu\\\/et\\\/pood\\\/\"},{\"@type\":\"ListItem\",\"position\":3,\"name\":\"Sekslelud\",\"item\":\"https:\\\/\\\/lustandlove.eu\\\/et\\\/pood\\\/sekslelud\\\/\"},{\"@type\":\"ListItem\",\"position\":4,\"name\":\"Gcat \u00f5hkstimulaator\"}]},{\"@type\":\"WebSite\",\"@id\":\"https:\\\/\\\/lustandlove.eu\\\/et\\\/#website\",\"url\":\"https:\\\/\\\/lustandlove.eu\\\/et\\\/\",\"name\":\"Lust & Love\",\"description\":\"Online erootikapood tervise, ilu ja armastuse jaoks\",\"publisher\":{\"@id\":\"https:\\\/\\\/lustandlove.eu\\\/et\\\/#organization\"},\"potentialAction\":[{\"@type\":\"SearchAction\",\"target\":{\"@type\":\"EntryPoint\",\"urlTemplate\":\"https:\\\/\\\/lustandlove.eu\\\/et\\\/?s={search_term_string}\"},\"query-input\":{\"@type\":\"PropertyValueSpecification\",\"valueRequired\":true,\"valueName\":\"search_term_string\"}}],\"inLanguage\":\"et\"},{\"@type\":\"Organization\",\"@id\":\"https:\\\/\\\/lustandlove.eu\\\/et\\\/#organization\",\"name\":\"Bioconcept Baltics O\u00dc\",\"url\":\"https:\\\/\\\/lustandlove.eu\\\/et\\\/\",\"logo\":{\"@type\":\"ImageObject\",\"inLanguage\":\"et\",\"@id\":\"https:\\\/\\\/lustandlove.eu\\\/et\\\/#\\\/schema\\\/logo\\\/image\\\/\",\"url\":\"https:\\\/\\\/lustandlove.eu\\\/wp-content\\\/uploads\\\/logo-full-2.png\",\"contentUrl\":\"https:\\\/\\\/lustandlove.eu\\\/wp-content\\\/uploads\\\/logo-full-2.png\",\"width\":837,\"height\":200,\"caption\":\"Bioconcept Baltics O\u00dc\"},\"image\":{\"@id\":\"https:\\\/\\\/lustandlove.eu\\\/et\\\/#\\\/schema\\\/logo\\\/image\\\/\"},\"sameAs\":[\"https:\\\/\\\/www.facebook.com\\\/LustandLoveEU\\\/\",\"https:\\\/\\\/www.instagram.com\\\/lustandloveeu\\\/\"]}]}<\/script>\n<!-- \/ Yoast SEO plugin. -->","yoast_head_json":{"title":"Gcat \u00f5hkstimulaator | Lust and Love Adult E-shop","description":"Laske oma nurrumisr\u00f5\u00f5m valla GCATiga \u2013 Gvibe \u00fclima air-pulse vibraatoriga!","robots":{"index,follow,max-snippet":"index,follow,max-snippet:-1,max-image-preview:large,max-video-preview:-1"},"canonical":"https:\/\/lustandlove.eu\/et\/toode\/gcat-ohkstimulaator\/","schema":{"@context":"https:\/\/schema.org","@graph":[{"@type":["WebPage","ItemPage"],"@id":"https:\/\/lustandlove.eu\/et\/toode\/gcat-ohkstimulaator\/","url":"https:\/\/lustandlove.eu\/et\/toode\/gcat-ohkstimulaator\/","name":"Gcat \u00f5hkstimulaator | Lust and Love Adult E-shop","isPartOf":{"@id":"https:\/\/lustandlove.eu\/et\/#website"},"primaryImageOfPage":{"@id":"https:\/\/lustandlove.eu\/et\/toode\/gcat-ohkstimulaator\/#primaryimage"},"image":{"@id":"https:\/\/lustandlove.eu\/et\/toode\/gcat-ohkstimulaator\/#primaryimage"},"thumbnailUrl":"https:\/\/lustandlove.eu\/wp-content\/uploads\/gvibe-gcat-114393_900x.webp","datePublished":"2023-04-05T09:05:13+00:00","dateModified":"2026-04-13T07:33:29+00:00","description":"Laske oma nurrumisr\u00f5\u00f5m valla GCATiga \u2013 Gvibe \u00fclima air-pulse vibraatoriga!","breadcrumb":{"@id":"https:\/\/lustandlove.eu\/et\/toode\/gcat-ohkstimulaator\/#breadcrumb"},"inLanguage":"et","potentialAction":[{"@type":"ReadAction","target":["https:\/\/lustandlove.eu\/et\/toode\/gcat-ohkstimulaator\/"]}]},{"@type":"ImageObject","inLanguage":"et","@id":"https:\/\/lustandlove.eu\/et\/toode\/gcat-ohkstimulaator\/#primaryimage","url":"https:\/\/lustandlove.eu\/wp-content\/uploads\/gvibe-gcat-114393_900x.webp","contentUrl":"https:\/\/lustandlove.eu\/wp-content\/uploads\/gvibe-gcat-114393_900x.webp","width":900,"height":900},{"@type":"BreadcrumbList","@id":"https:\/\/lustandlove.eu\/et\/toode\/gcat-ohkstimulaator\/#breadcrumb","itemListElement":[{"@type":"ListItem","position":1,"name":"Lust and Love","item":"https:\/\/lustandlove.eu\/et\/"},{"@type":"ListItem","position":2,"name":"Pood","item":"https:\/\/lustandlove.eu\/et\/pood\/"},{"@type":"ListItem","position":3,"name":"Sekslelud","item":"https:\/\/lustandlove.eu\/et\/pood\/sekslelud\/"},{"@type":"ListItem","position":4,"name":"Gcat \u00f5hkstimulaator"}]},{"@type":"WebSite","@id":"https:\/\/lustandlove.eu\/et\/#website","url":"https:\/\/lustandlove.eu\/et\/","name":"Lust & Love","description":"Online erootikapood tervise, ilu ja armastuse jaoks","publisher":{"@id":"https:\/\/lustandlove.eu\/et\/#organization"},"potentialAction":[{"@type":"SearchAction","target":{"@type":"EntryPoint","urlTemplate":"https:\/\/lustandlove.eu\/et\/?s={search_term_string}"},"query-input":{"@type":"PropertyValueSpecification","valueRequired":true,"valueName":"search_term_string"}}],"inLanguage":"et"},{"@type":"Organization","@id":"https:\/\/lustandlove.eu\/et\/#organization","name":"Bioconcept Baltics O\u00dc","url":"https:\/\/lustandlove.eu\/et\/","logo":{"@type":"ImageObject","inLanguage":"et","@id":"https:\/\/lustandlove.eu\/et\/#\/schema\/logo\/image\/","url":"https:\/\/lustandlove.eu\/wp-content\/uploads\/logo-full-2.png","contentUrl":"https:\/\/lustandlove.eu\/wp-content\/uploads\/logo-full-2.png","width":837,"height":200,"caption":"Bioconcept Baltics O\u00dc"},"image":{"@id":"https:\/\/lustandlove.eu\/et\/#\/schema\/logo\/image\/"},"sameAs":["https:\/\/www.facebook.com\/LustandLoveEU\/","https:\/\/www.instagram.com\/lustandloveeu\/"]}]}},"_links":{"self":[{"href":"https:\/\/lustandlove.eu\/et\/wp-json\/wp\/v2\/product\/56095","targetHints":{"allow":["GET"]}}],"collection":[{"href":"https:\/\/lustandlove.eu\/et\/wp-json\/wp\/v2\/product"}],"about":[{"href":"https:\/\/lustandlove.eu\/et\/wp-json\/wp\/v2\/types\/product"}],"wp:featuredmedia":[{"embeddable":true,"href":"https:\/\/lustandlove.eu\/et\/wp-json\/wp\/v2\/media\/56109"}],"wp:attachment":[{"href":"https:\/\/lustandlove.eu\/et\/wp-json\/wp\/v2\/media?parent=56095"}],"wp:term":[{"taxonomy":"product_brand","embeddable":true,"href":"https:\/\/lustandlove.eu\/et\/wp-json\/wp\/v2\/product_brand?post=56095"},{"taxonomy":"product_cat","embeddable":true,"href":"https:\/\/lustandlove.eu\/et\/wp-json\/wp\/v2\/product_cat?post=56095"},{"taxonomy":"product_tag","embeddable":true,"href":"https:\/\/lustandlove.eu\/et\/wp-json\/wp\/v2\/product_tag?post=56095"}],"curies":[{"name":"wp","href":"https:\/\/api.w.org\/{rel}","templated":true}]}}