{"id":85221,"date":"2023-06-01T12:59:23","date_gmt":"2023-06-01T09:59:23","guid":{"rendered":"https:\/\/www.lustandlove.eu\/?post_type=product&#038;p=85221"},"modified":"2026-04-13T10:33:28","modified_gmt":"2026-04-13T07:33:28","slug":"vikerkaar-ogadega-kolmerealine-pinwheel","status":"publish","type":"product","link":"https:\/\/lustandlove.eu\/et\/toode\/vikerkaar-ogadega-kolmerealine-pinwheel\/","title":{"rendered":"Vikerkaar Ogadega Kolmerealine Pinwheel"},"content":{"rendered":"<p>Sellel luksuslikul kolmekordsel pinwheelil on spetsiaalne kuumt\u00f6\u00f6tlus, et muuta terase v\u00e4rv kauniks vikerkaareefektiks. Sellel pinwheelil on kolm ogalist ketast, mis on v\u00e4ga kerged ja sobib suurep\u00e4raselt algajatele. See vikerkaareversioon annab teile sellega m\u00e4ngides suurep\u00e4rase tunde ja saate h\u00f5lpsalt pinget intensiivsema tunde saavutamiseks suurendada.<\/p>\n<p>Kolme rattaga pinwheel on valmistatud 100% roostevabast terasest ja kaetud teravate ogadega.<\/p>\n<p>Proovi kasutamise ajaks silmad kinni siduda, et tunda veelgi rohkem kuidas ogad nahka torgivad ja n\u00e4rve stimuleerivad.<\/p>\n","protected":false},"excerpt":{"rendered":"<p>Sellel luksuslikul kolmekordsel pinwheelil on spetsiaalne kuumt\u00f6\u00f6tlus, et muuta terase v\u00e4rv kauniks vikerkaareefektiks. Sellel pinwheelil on kolm ogalist ketast, mis on v\u00e4ga kerged ja sobib suurep\u00e4raselt algajatele.<\/p>\n","protected":false},"featured_media":85233,"template":"","meta":[],"product_brand":[4228],"product_cat":[1470,4003],"product_tag":[3773],"class_list":{"0":"post-85221","1":"product","2":"type-product","3":"status-publish","4":"has-post-thumbnail","6":"product_brand-o-products-et","7":"product_cat-bdsm-et","8":"product_cat-ogarattad","9":"product_tag-meditsiin","10":"pa_brand-o-products-et","12":"first","13":"instock","14":"taxable","15":"shipping-taxable","16":"purchasable","17":"product-type-simple"},"yoast_head":"<!-- This site is optimized with the Yoast SEO plugin v27.3 - https:\/\/yoast.com\/product\/yoast-seo-wordpress\/ -->\n<title>Vikerkaar Ogadega Kolmerealine Pinwheel | Lust and Love<\/title>\n<meta name=\"description\" content=\"Sellel luksuslikul kolmekordsel pinwheelil on spetsiaalne kuumt\u00f6\u00f6tlus, et muuta terase v\u00e4rv kauniks vikerkaareefektiks. Sellel pinwheelil on kolm ogalist ketast, mis on v\u00e4ga kerged ja sobib suurep\u00e4raselt algajatele.\" \/>\n<meta name=\"robots\" content=\"index,follow,max-snippet:-1,max-image-preview:large,max-video-preview:-1\" \/>\n<link rel=\"canonical\" href=\"https:\/\/lustandlove.eu\/et\/toode\/vikerkaar-ogadega-kolmerealine-pinwheel\/\" \/>\n<meta name=\"twitter:card\" content=\"summary_large_image\" \/>\n<meta name=\"twitter:title\" content=\"Vikerkaar Ogadega Kolmerealine Pinwheel | Lust and Love\" \/>\n<meta name=\"twitter:description\" content=\"Sellel luksuslikul kolmekordsel pinwheelil on spetsiaalne kuumt\u00f6\u00f6tlus, et muuta terase v\u00e4rv kauniks vikerkaareefektiks. Sellel pinwheelil on kolm ogalist ketast, mis on v\u00e4ga kerged ja sobib suurep\u00e4raselt algajatele.\" \/>\n<meta name=\"twitter:image\" content=\"https:\/\/lustandlove.eu\/wp-content\/uploads\/opr-277105-01.jpg\" \/>\n<script type=\"application\/ld+json\" class=\"yoast-schema-graph\">{\"@context\":\"https:\\\/\\\/schema.org\",\"@graph\":[{\"@type\":[\"WebPage\",\"ItemPage\"],\"@id\":\"https:\\\/\\\/lustandlove.eu\\\/et\\\/toode\\\/vikerkaar-ogadega-kolmerealine-pinwheel\\\/\",\"url\":\"https:\\\/\\\/lustandlove.eu\\\/et\\\/toode\\\/vikerkaar-ogadega-kolmerealine-pinwheel\\\/\",\"name\":\"Vikerkaar Ogadega Kolmerealine Pinwheel | Lust and Love\",\"isPartOf\":{\"@id\":\"https:\\\/\\\/lustandlove.eu\\\/et\\\/#website\"},\"primaryImageOfPage\":{\"@id\":\"https:\\\/\\\/lustandlove.eu\\\/et\\\/toode\\\/vikerkaar-ogadega-kolmerealine-pinwheel\\\/#primaryimage\"},\"image\":{\"@id\":\"https:\\\/\\\/lustandlove.eu\\\/et\\\/toode\\\/vikerkaar-ogadega-kolmerealine-pinwheel\\\/#primaryimage\"},\"thumbnailUrl\":\"https:\\\/\\\/lustandlove.eu\\\/wp-content\\\/uploads\\\/opr-277105-01.jpg\",\"datePublished\":\"2023-06-01T09:59:23+00:00\",\"dateModified\":\"2026-04-13T07:33:28+00:00\",\"description\":\"Sellel luksuslikul kolmekordsel pinwheelil on spetsiaalne kuumt\u00f6\u00f6tlus, et muuta terase v\u00e4rv kauniks vikerkaareefektiks. Sellel pinwheelil on kolm ogalist ketast, mis on v\u00e4ga kerged ja sobib suurep\u00e4raselt algajatele.\",\"breadcrumb\":{\"@id\":\"https:\\\/\\\/lustandlove.eu\\\/et\\\/toode\\\/vikerkaar-ogadega-kolmerealine-pinwheel\\\/#breadcrumb\"},\"inLanguage\":\"et\",\"potentialAction\":[{\"@type\":\"ReadAction\",\"target\":[\"https:\\\/\\\/lustandlove.eu\\\/et\\\/toode\\\/vikerkaar-ogadega-kolmerealine-pinwheel\\\/\"]}]},{\"@type\":\"ImageObject\",\"inLanguage\":\"et\",\"@id\":\"https:\\\/\\\/lustandlove.eu\\\/et\\\/toode\\\/vikerkaar-ogadega-kolmerealine-pinwheel\\\/#primaryimage\",\"url\":\"https:\\\/\\\/lustandlove.eu\\\/wp-content\\\/uploads\\\/opr-277105-01.jpg\",\"contentUrl\":\"https:\\\/\\\/lustandlove.eu\\\/wp-content\\\/uploads\\\/opr-277105-01.jpg\",\"width\":700,\"height\":450},{\"@type\":\"BreadcrumbList\",\"@id\":\"https:\\\/\\\/lustandlove.eu\\\/et\\\/toode\\\/vikerkaar-ogadega-kolmerealine-pinwheel\\\/#breadcrumb\",\"itemListElement\":[{\"@type\":\"ListItem\",\"position\":1,\"name\":\"Lust and Love\",\"item\":\"https:\\\/\\\/lustandlove.eu\\\/et\\\/\"},{\"@type\":\"ListItem\",\"position\":2,\"name\":\"Pood\",\"item\":\"https:\\\/\\\/lustandlove.eu\\\/et\\\/pood\\\/\"},{\"@type\":\"ListItem\",\"position\":3,\"name\":\"BDSM\",\"item\":\"https:\\\/\\\/lustandlove.eu\\\/et\\\/pood\\\/bdsm-et\\\/\"},{\"@type\":\"ListItem\",\"position\":4,\"name\":\"Vikerkaar Ogadega Kolmerealine Pinwheel\"}]},{\"@type\":\"WebSite\",\"@id\":\"https:\\\/\\\/lustandlove.eu\\\/et\\\/#website\",\"url\":\"https:\\\/\\\/lustandlove.eu\\\/et\\\/\",\"name\":\"Lust &amp; Love\",\"description\":\"Online erootikapood tervise, ilu ja armastuse jaoks\",\"publisher\":{\"@id\":\"https:\\\/\\\/lustandlove.eu\\\/et\\\/#organization\"},\"potentialAction\":[{\"@type\":\"SearchAction\",\"target\":{\"@type\":\"EntryPoint\",\"urlTemplate\":\"https:\\\/\\\/lustandlove.eu\\\/et\\\/?s={search_term_string}\"},\"query-input\":{\"@type\":\"PropertyValueSpecification\",\"valueRequired\":true,\"valueName\":\"search_term_string\"}}],\"inLanguage\":\"et\"},{\"@type\":\"Organization\",\"@id\":\"https:\\\/\\\/lustandlove.eu\\\/et\\\/#organization\",\"name\":\"Bioconcept Baltics O\u00dc\",\"url\":\"https:\\\/\\\/lustandlove.eu\\\/et\\\/\",\"logo\":{\"@type\":\"ImageObject\",\"inLanguage\":\"et\",\"@id\":\"https:\\\/\\\/lustandlove.eu\\\/et\\\/#\\\/schema\\\/logo\\\/image\\\/\",\"url\":\"\",\"contentUrl\":\"\",\"caption\":\"Bioconcept Baltics O\u00dc\"},\"image\":{\"@id\":\"https:\\\/\\\/lustandlove.eu\\\/et\\\/#\\\/schema\\\/logo\\\/image\\\/\"},\"sameAs\":[\"https:\\\/\\\/www.facebook.com\\\/LustandLoveEU\\\/\",\"https:\\\/\\\/www.instagram.com\\\/lustandloveeu\\\/\"]}]}<\/script>\n<!-- \/ Yoast SEO plugin. -->","yoast_head_json":{"title":"Vikerkaar Ogadega Kolmerealine Pinwheel | Lust and Love","description":"Sellel luksuslikul kolmekordsel pinwheelil on spetsiaalne kuumt\u00f6\u00f6tlus, et muuta terase v\u00e4rv kauniks vikerkaareefektiks. Sellel pinwheelil on kolm ogalist ketast, mis on v\u00e4ga kerged ja sobib suurep\u00e4raselt algajatele.","robots":{"index,follow,max-snippet":"index,follow,max-snippet:-1,max-image-preview:large,max-video-preview:-1"},"canonical":"https:\/\/lustandlove.eu\/et\/toode\/vikerkaar-ogadega-kolmerealine-pinwheel\/","twitter_card":"summary_large_image","twitter_title":"Vikerkaar Ogadega Kolmerealine Pinwheel | Lust and Love","twitter_description":"Sellel luksuslikul kolmekordsel pinwheelil on spetsiaalne kuumt\u00f6\u00f6tlus, et muuta terase v\u00e4rv kauniks vikerkaareefektiks. Sellel pinwheelil on kolm ogalist ketast, mis on v\u00e4ga kerged ja sobib suurep\u00e4raselt algajatele.","twitter_image":"https:\/\/lustandlove.eu\/wp-content\/uploads\/opr-277105-01.jpg","schema":{"@context":"https:\/\/schema.org","@graph":[{"@type":["WebPage","ItemPage"],"@id":"https:\/\/lustandlove.eu\/et\/toode\/vikerkaar-ogadega-kolmerealine-pinwheel\/","url":"https:\/\/lustandlove.eu\/et\/toode\/vikerkaar-ogadega-kolmerealine-pinwheel\/","name":"Vikerkaar Ogadega Kolmerealine Pinwheel | Lust and Love","isPartOf":{"@id":"https:\/\/lustandlove.eu\/et\/#website"},"primaryImageOfPage":{"@id":"https:\/\/lustandlove.eu\/et\/toode\/vikerkaar-ogadega-kolmerealine-pinwheel\/#primaryimage"},"image":{"@id":"https:\/\/lustandlove.eu\/et\/toode\/vikerkaar-ogadega-kolmerealine-pinwheel\/#primaryimage"},"thumbnailUrl":"https:\/\/lustandlove.eu\/wp-content\/uploads\/opr-277105-01.jpg","datePublished":"2023-06-01T09:59:23+00:00","dateModified":"2026-04-13T07:33:28+00:00","description":"Sellel luksuslikul kolmekordsel pinwheelil on spetsiaalne kuumt\u00f6\u00f6tlus, et muuta terase v\u00e4rv kauniks vikerkaareefektiks. Sellel pinwheelil on kolm ogalist ketast, mis on v\u00e4ga kerged ja sobib suurep\u00e4raselt algajatele.","breadcrumb":{"@id":"https:\/\/lustandlove.eu\/et\/toode\/vikerkaar-ogadega-kolmerealine-pinwheel\/#breadcrumb"},"inLanguage":"et","potentialAction":[{"@type":"ReadAction","target":["https:\/\/lustandlove.eu\/et\/toode\/vikerkaar-ogadega-kolmerealine-pinwheel\/"]}]},{"@type":"ImageObject","inLanguage":"et","@id":"https:\/\/lustandlove.eu\/et\/toode\/vikerkaar-ogadega-kolmerealine-pinwheel\/#primaryimage","url":"https:\/\/lustandlove.eu\/wp-content\/uploads\/opr-277105-01.jpg","contentUrl":"https:\/\/lustandlove.eu\/wp-content\/uploads\/opr-277105-01.jpg","width":700,"height":450},{"@type":"BreadcrumbList","@id":"https:\/\/lustandlove.eu\/et\/toode\/vikerkaar-ogadega-kolmerealine-pinwheel\/#breadcrumb","itemListElement":[{"@type":"ListItem","position":1,"name":"Lust and Love","item":"https:\/\/lustandlove.eu\/et\/"},{"@type":"ListItem","position":2,"name":"Pood","item":"https:\/\/lustandlove.eu\/et\/pood\/"},{"@type":"ListItem","position":3,"name":"BDSM","item":"https:\/\/lustandlove.eu\/et\/pood\/bdsm-et\/"},{"@type":"ListItem","position":4,"name":"Vikerkaar Ogadega Kolmerealine Pinwheel"}]},{"@type":"WebSite","@id":"https:\/\/lustandlove.eu\/et\/#website","url":"https:\/\/lustandlove.eu\/et\/","name":"Lust &amp; Love","description":"Online erootikapood tervise, ilu ja armastuse jaoks","publisher":{"@id":"https:\/\/lustandlove.eu\/et\/#organization"},"potentialAction":[{"@type":"SearchAction","target":{"@type":"EntryPoint","urlTemplate":"https:\/\/lustandlove.eu\/et\/?s={search_term_string}"},"query-input":{"@type":"PropertyValueSpecification","valueRequired":true,"valueName":"search_term_string"}}],"inLanguage":"et"},{"@type":"Organization","@id":"https:\/\/lustandlove.eu\/et\/#organization","name":"Bioconcept Baltics O\u00dc","url":"https:\/\/lustandlove.eu\/et\/","logo":{"@type":"ImageObject","inLanguage":"et","@id":"https:\/\/lustandlove.eu\/et\/#\/schema\/logo\/image\/","url":"","contentUrl":"","caption":"Bioconcept Baltics O\u00dc"},"image":{"@id":"https:\/\/lustandlove.eu\/et\/#\/schema\/logo\/image\/"},"sameAs":["https:\/\/www.facebook.com\/LustandLoveEU\/","https:\/\/www.instagram.com\/lustandloveeu\/"]}]}},"_links":{"self":[{"href":"https:\/\/lustandlove.eu\/et\/wp-json\/wp\/v2\/product\/85221","targetHints":{"allow":["GET"]}}],"collection":[{"href":"https:\/\/lustandlove.eu\/et\/wp-json\/wp\/v2\/product"}],"about":[{"href":"https:\/\/lustandlove.eu\/et\/wp-json\/wp\/v2\/types\/product"}],"wp:featuredmedia":[{"embeddable":true,"href":"https:\/\/lustandlove.eu\/et\/wp-json\/wp\/v2\/media\/85233"}],"wp:attachment":[{"href":"https:\/\/lustandlove.eu\/et\/wp-json\/wp\/v2\/media?parent=85221"}],"wp:term":[{"taxonomy":"product_brand","embeddable":true,"href":"https:\/\/lustandlove.eu\/et\/wp-json\/wp\/v2\/product_brand?post=85221"},{"taxonomy":"product_cat","embeddable":true,"href":"https:\/\/lustandlove.eu\/et\/wp-json\/wp\/v2\/product_cat?post=85221"},{"taxonomy":"product_tag","embeddable":true,"href":"https:\/\/lustandlove.eu\/et\/wp-json\/wp\/v2\/product_tag?post=85221"}],"curies":[{"name":"wp","href":"https:\/\/api.w.org\/{rel}","templated":true}]}}