{"id":85238,"date":"2023-06-01T13:03:50","date_gmt":"2023-06-01T10:03:53","guid":{"rendered":"https:\/\/www.lustandlove.eu\/?post_type=product&#038;p=85238"},"modified":"2026-04-13T10:33:27","modified_gmt":"2026-04-13T07:33:27","slug":"bdsm-silikoonist-noor-5-meetrit-must","status":"publish","type":"product","link":"https:\/\/lustandlove.eu\/et\/toode\/bdsm-silikoonist-noor-5-meetrit-must\/","title":{"rendered":"BDSM Silikoonist n\u00f6\u00f6r 5 meetrit Must"},"content":{"rendered":"<div class=\"wpb-content-wrapper\"><p>[vc_row][vc_column][vc_column_text woodmart_inline=&#8221;no&#8221; text_larger=&#8221;no&#8221;]See 5 meetri pikkune must Deluxe Silikoonist n\u00f6\u00f6r on valmistatud kvaliteetsetest silikoonidest ja on puudutusele pehme. Ideaalne sidumiseks ja kinnin\u00f6\u00f6rimiseks oma partnerit v\u00f5i m\u00e4ssige end sisse BDSM-i peo jaoks![\/vc_column_text][\/vc_column][\/vc_row]<\/p>\n<\/div>","protected":false},"excerpt":{"rendered":"<p>[vc_row][vc_column][vc_column_text woodmart_inline=&#8221;no&#8221; text_larger=&#8221;no&#8221;]See 5 meetri pikkune must Deluxe Silikoonist n\u00f6\u00f6r on valmistatud kvaliteetsetest silikoonidest ja on puudutusele pehme. Ideaalne sidumiseks<\/p>\n","protected":false},"featured_media":85247,"template":"","meta":[],"product_brand":[4228],"product_cat":[1470,1475],"product_tag":[],"class_list":{"0":"post-85238","1":"product","2":"type-product","3":"status-publish","4":"has-post-thumbnail","6":"product_brand-o-products-et","7":"product_cat-bdsm-et","8":"product_cat-koied","9":"pa_brand-o-products-et","11":"first","12":"instock","13":"taxable","14":"shipping-taxable","15":"purchasable","16":"product-type-simple"},"yoast_head":"<!-- This site is optimized with the Yoast SEO plugin v27.3 - https:\/\/yoast.com\/product\/yoast-seo-wordpress\/ -->\n<title>BDSM Silikoonist n\u00f6\u00f6r 5 meetrit Must | Lust and Love Sex Shop<\/title>\n<meta name=\"description\" content=\"See 5 meetri pikkune must Deluxe Silicone Rope on valmistatud kvaliteetsetest silikoonidest ja on puudutuseni pehme.\" \/>\n<meta name=\"robots\" content=\"index,follow,max-snippet:-1,max-image-preview:large,max-video-preview:-1\" \/>\n<link rel=\"canonical\" href=\"https:\/\/lustandlove.eu\/et\/toode\/bdsm-silikoonist-noor-5-meetrit-must\/\" \/>\n<meta name=\"twitter:card\" content=\"summary_large_image\" \/>\n<meta name=\"twitter:title\" content=\"BDSM Silikoonist n\u00f6\u00f6r 5 meetrit Must | Lust and Love Sex Shop\" \/>\n<meta name=\"twitter:description\" content=\"See 5 meetri pikkune must Deluxe Silicone Rope on valmistatud kvaliteetsetest silikoonidest ja on puudutuseni pehme.\" \/>\n<meta name=\"twitter:image\" content=\"https:\/\/lustandlove.eu\/wp-content\/uploads\/opr-2050056-01.png\" \/>\n<meta name=\"twitter:label1\" content=\"Est. reading time\" \/>\n\t<meta name=\"twitter:data1\" content=\"1 minut\" \/>\n<script type=\"application\/ld+json\" class=\"yoast-schema-graph\">{\"@context\":\"https:\\\/\\\/schema.org\",\"@graph\":[{\"@type\":[\"WebPage\",\"ItemPage\"],\"@id\":\"https:\\\/\\\/lustandlove.eu\\\/et\\\/toode\\\/bdsm-silikoonist-noor-5-meetrit-must\\\/\",\"url\":\"https:\\\/\\\/lustandlove.eu\\\/et\\\/toode\\\/bdsm-silikoonist-noor-5-meetrit-must\\\/\",\"name\":\"BDSM Silikoonist n\u00f6\u00f6r 5 meetrit Must | Lust and Love Sex Shop\",\"isPartOf\":{\"@id\":\"https:\\\/\\\/lustandlove.eu\\\/et\\\/#website\"},\"primaryImageOfPage\":{\"@id\":\"https:\\\/\\\/lustandlove.eu\\\/et\\\/toode\\\/bdsm-silikoonist-noor-5-meetrit-must\\\/#primaryimage\"},\"image\":{\"@id\":\"https:\\\/\\\/lustandlove.eu\\\/et\\\/toode\\\/bdsm-silikoonist-noor-5-meetrit-must\\\/#primaryimage\"},\"thumbnailUrl\":\"https:\\\/\\\/lustandlove.eu\\\/wp-content\\\/uploads\\\/opr-2050056-01.png\",\"datePublished\":\"2023-06-01T10:03:53+00:00\",\"dateModified\":\"2026-04-13T07:33:27+00:00\",\"description\":\"See 5 meetri pikkune must Deluxe Silicone Rope on valmistatud kvaliteetsetest silikoonidest ja on puudutuseni pehme.\",\"breadcrumb\":{\"@id\":\"https:\\\/\\\/lustandlove.eu\\\/et\\\/toode\\\/bdsm-silikoonist-noor-5-meetrit-must\\\/#breadcrumb\"},\"inLanguage\":\"et\",\"potentialAction\":[{\"@type\":\"ReadAction\",\"target\":[\"https:\\\/\\\/lustandlove.eu\\\/et\\\/toode\\\/bdsm-silikoonist-noor-5-meetrit-must\\\/\"]}]},{\"@type\":\"ImageObject\",\"inLanguage\":\"et\",\"@id\":\"https:\\\/\\\/lustandlove.eu\\\/et\\\/toode\\\/bdsm-silikoonist-noor-5-meetrit-must\\\/#primaryimage\",\"url\":\"https:\\\/\\\/lustandlove.eu\\\/wp-content\\\/uploads\\\/opr-2050056-01.png\",\"contentUrl\":\"https:\\\/\\\/lustandlove.eu\\\/wp-content\\\/uploads\\\/opr-2050056-01.png\",\"width\":700,\"height\":450},{\"@type\":\"BreadcrumbList\",\"@id\":\"https:\\\/\\\/lustandlove.eu\\\/et\\\/toode\\\/bdsm-silikoonist-noor-5-meetrit-must\\\/#breadcrumb\",\"itemListElement\":[{\"@type\":\"ListItem\",\"position\":1,\"name\":\"Lust and Love\",\"item\":\"https:\\\/\\\/lustandlove.eu\\\/et\\\/\"},{\"@type\":\"ListItem\",\"position\":2,\"name\":\"Pood\",\"item\":\"https:\\\/\\\/lustandlove.eu\\\/et\\\/pood\\\/\"},{\"@type\":\"ListItem\",\"position\":3,\"name\":\"BDSM\",\"item\":\"https:\\\/\\\/lustandlove.eu\\\/et\\\/pood\\\/bdsm-et\\\/\"},{\"@type\":\"ListItem\",\"position\":4,\"name\":\"Sidumine\",\"item\":\"https:\\\/\\\/lustandlove.eu\\\/et\\\/pood\\\/bdsm-et\\\/sidumine\\\/\"},{\"@type\":\"ListItem\",\"position\":5,\"name\":\"K\u00f6ied\",\"item\":\"https:\\\/\\\/lustandlove.eu\\\/et\\\/pood\\\/bdsm-et\\\/sidumine\\\/koied\\\/\"},{\"@type\":\"ListItem\",\"position\":6,\"name\":\"BDSM Silikoonist n\u00f6\u00f6r 5 meetrit Must\"}]},{\"@type\":\"WebSite\",\"@id\":\"https:\\\/\\\/lustandlove.eu\\\/et\\\/#website\",\"url\":\"https:\\\/\\\/lustandlove.eu\\\/et\\\/\",\"name\":\"Lust &amp; Love\",\"description\":\"Online erootikapood tervise, ilu ja armastuse jaoks\",\"publisher\":{\"@id\":\"https:\\\/\\\/lustandlove.eu\\\/et\\\/#organization\"},\"potentialAction\":[{\"@type\":\"SearchAction\",\"target\":{\"@type\":\"EntryPoint\",\"urlTemplate\":\"https:\\\/\\\/lustandlove.eu\\\/et\\\/?s={search_term_string}\"},\"query-input\":{\"@type\":\"PropertyValueSpecification\",\"valueRequired\":true,\"valueName\":\"search_term_string\"}}],\"inLanguage\":\"et\"},{\"@type\":\"Organization\",\"@id\":\"https:\\\/\\\/lustandlove.eu\\\/et\\\/#organization\",\"name\":\"Bioconcept Baltics O\u00dc\",\"url\":\"https:\\\/\\\/lustandlove.eu\\\/et\\\/\",\"logo\":{\"@type\":\"ImageObject\",\"inLanguage\":\"et\",\"@id\":\"https:\\\/\\\/lustandlove.eu\\\/et\\\/#\\\/schema\\\/logo\\\/image\\\/\",\"url\":\"\",\"contentUrl\":\"\",\"caption\":\"Bioconcept Baltics O\u00dc\"},\"image\":{\"@id\":\"https:\\\/\\\/lustandlove.eu\\\/et\\\/#\\\/schema\\\/logo\\\/image\\\/\"},\"sameAs\":[\"https:\\\/\\\/www.facebook.com\\\/LustandLoveEU\\\/\",\"https:\\\/\\\/www.instagram.com\\\/lustandloveeu\\\/\"]}]}<\/script>\n<!-- \/ Yoast SEO plugin. -->","yoast_head_json":{"title":"BDSM Silikoonist n\u00f6\u00f6r 5 meetrit Must | Lust and Love Sex Shop","description":"See 5 meetri pikkune must Deluxe Silicone Rope on valmistatud kvaliteetsetest silikoonidest ja on puudutuseni pehme.","robots":{"index,follow,max-snippet":"index,follow,max-snippet:-1,max-image-preview:large,max-video-preview:-1"},"canonical":"https:\/\/lustandlove.eu\/et\/toode\/bdsm-silikoonist-noor-5-meetrit-must\/","twitter_card":"summary_large_image","twitter_title":"BDSM Silikoonist n\u00f6\u00f6r 5 meetrit Must | Lust and Love Sex Shop","twitter_description":"See 5 meetri pikkune must Deluxe Silicone Rope on valmistatud kvaliteetsetest silikoonidest ja on puudutuseni pehme.","twitter_image":"https:\/\/lustandlove.eu\/wp-content\/uploads\/opr-2050056-01.png","twitter_misc":{"Est. reading time":"1 minut"},"schema":{"@context":"https:\/\/schema.org","@graph":[{"@type":["WebPage","ItemPage"],"@id":"https:\/\/lustandlove.eu\/et\/toode\/bdsm-silikoonist-noor-5-meetrit-must\/","url":"https:\/\/lustandlove.eu\/et\/toode\/bdsm-silikoonist-noor-5-meetrit-must\/","name":"BDSM Silikoonist n\u00f6\u00f6r 5 meetrit Must | Lust and Love Sex Shop","isPartOf":{"@id":"https:\/\/lustandlove.eu\/et\/#website"},"primaryImageOfPage":{"@id":"https:\/\/lustandlove.eu\/et\/toode\/bdsm-silikoonist-noor-5-meetrit-must\/#primaryimage"},"image":{"@id":"https:\/\/lustandlove.eu\/et\/toode\/bdsm-silikoonist-noor-5-meetrit-must\/#primaryimage"},"thumbnailUrl":"https:\/\/lustandlove.eu\/wp-content\/uploads\/opr-2050056-01.png","datePublished":"2023-06-01T10:03:53+00:00","dateModified":"2026-04-13T07:33:27+00:00","description":"See 5 meetri pikkune must Deluxe Silicone Rope on valmistatud kvaliteetsetest silikoonidest ja on puudutuseni pehme.","breadcrumb":{"@id":"https:\/\/lustandlove.eu\/et\/toode\/bdsm-silikoonist-noor-5-meetrit-must\/#breadcrumb"},"inLanguage":"et","potentialAction":[{"@type":"ReadAction","target":["https:\/\/lustandlove.eu\/et\/toode\/bdsm-silikoonist-noor-5-meetrit-must\/"]}]},{"@type":"ImageObject","inLanguage":"et","@id":"https:\/\/lustandlove.eu\/et\/toode\/bdsm-silikoonist-noor-5-meetrit-must\/#primaryimage","url":"https:\/\/lustandlove.eu\/wp-content\/uploads\/opr-2050056-01.png","contentUrl":"https:\/\/lustandlove.eu\/wp-content\/uploads\/opr-2050056-01.png","width":700,"height":450},{"@type":"BreadcrumbList","@id":"https:\/\/lustandlove.eu\/et\/toode\/bdsm-silikoonist-noor-5-meetrit-must\/#breadcrumb","itemListElement":[{"@type":"ListItem","position":1,"name":"Lust and Love","item":"https:\/\/lustandlove.eu\/et\/"},{"@type":"ListItem","position":2,"name":"Pood","item":"https:\/\/lustandlove.eu\/et\/pood\/"},{"@type":"ListItem","position":3,"name":"BDSM","item":"https:\/\/lustandlove.eu\/et\/pood\/bdsm-et\/"},{"@type":"ListItem","position":4,"name":"Sidumine","item":"https:\/\/lustandlove.eu\/et\/pood\/bdsm-et\/sidumine\/"},{"@type":"ListItem","position":5,"name":"K\u00f6ied","item":"https:\/\/lustandlove.eu\/et\/pood\/bdsm-et\/sidumine\/koied\/"},{"@type":"ListItem","position":6,"name":"BDSM Silikoonist n\u00f6\u00f6r 5 meetrit Must"}]},{"@type":"WebSite","@id":"https:\/\/lustandlove.eu\/et\/#website","url":"https:\/\/lustandlove.eu\/et\/","name":"Lust &amp; Love","description":"Online erootikapood tervise, ilu ja armastuse jaoks","publisher":{"@id":"https:\/\/lustandlove.eu\/et\/#organization"},"potentialAction":[{"@type":"SearchAction","target":{"@type":"EntryPoint","urlTemplate":"https:\/\/lustandlove.eu\/et\/?s={search_term_string}"},"query-input":{"@type":"PropertyValueSpecification","valueRequired":true,"valueName":"search_term_string"}}],"inLanguage":"et"},{"@type":"Organization","@id":"https:\/\/lustandlove.eu\/et\/#organization","name":"Bioconcept Baltics O\u00dc","url":"https:\/\/lustandlove.eu\/et\/","logo":{"@type":"ImageObject","inLanguage":"et","@id":"https:\/\/lustandlove.eu\/et\/#\/schema\/logo\/image\/","url":"","contentUrl":"","caption":"Bioconcept Baltics O\u00dc"},"image":{"@id":"https:\/\/lustandlove.eu\/et\/#\/schema\/logo\/image\/"},"sameAs":["https:\/\/www.facebook.com\/LustandLoveEU\/","https:\/\/www.instagram.com\/lustandloveeu\/"]}]}},"_links":{"self":[{"href":"https:\/\/lustandlove.eu\/et\/wp-json\/wp\/v2\/product\/85238","targetHints":{"allow":["GET"]}}],"collection":[{"href":"https:\/\/lustandlove.eu\/et\/wp-json\/wp\/v2\/product"}],"about":[{"href":"https:\/\/lustandlove.eu\/et\/wp-json\/wp\/v2\/types\/product"}],"wp:featuredmedia":[{"embeddable":true,"href":"https:\/\/lustandlove.eu\/et\/wp-json\/wp\/v2\/media\/85247"}],"wp:attachment":[{"href":"https:\/\/lustandlove.eu\/et\/wp-json\/wp\/v2\/media?parent=85238"}],"wp:term":[{"taxonomy":"product_brand","embeddable":true,"href":"https:\/\/lustandlove.eu\/et\/wp-json\/wp\/v2\/product_brand?post=85238"},{"taxonomy":"product_cat","embeddable":true,"href":"https:\/\/lustandlove.eu\/et\/wp-json\/wp\/v2\/product_cat?post=85238"},{"taxonomy":"product_tag","embeddable":true,"href":"https:\/\/lustandlove.eu\/et\/wp-json\/wp\/v2\/product_tag?post=85238"}],"curies":[{"name":"wp","href":"https:\/\/api.w.org\/{rel}","templated":true}]}}