{"id":86065,"date":"2023-07-12T13:24:14","date_gmt":"2023-07-12T10:24:15","guid":{"rendered":"https:\/\/www.lustandlove.eu\/?post_type=product&#038;p=86065"},"modified":"2026-04-13T10:33:26","modified_gmt":"2026-04-13T07:33:26","slug":"max-out","status":"publish","type":"product","link":"https:\/\/lustandlove.eu\/et\/toode\/max-out\/","title":{"rendered":"Max Out"},"content":{"rendered":"<p>Maailma esimene seerum, mis on loodud <em>jelqingi<\/em> tulemuste parandamiseks, Bathmate Max Out kasutab t\u00e4iesti looduslikke koostisosi, nagu k\u00f5ik meie Better Sex toidulisandid, ja t\u00f6\u00f6tab suurep\u00e4raselt koos meie h\u00fcdropumpade valikuga, et kasvu t\u00f5eliselt maksimeerida.<\/p>\n<p>Bathmate Max Out on k\u00f5igi aegade esimene toode, mis on loodud parandama teie <em>jelqing<\/em>-treeningut ja pidurdama teie ejakulatsioone t\u00e4nu Bathmate&#8217;i t\u00f5husale, t\u00e4iesti loomulikule koostisele.<br \/>\nMax Out on magamistoas revolutsioon, mis pakub enneolematut tuge <em>jelqingule<\/em>, kusjuures paljud kasutajad teatavad parematest treeningtulemustest. Kui olete valmis viima oma <em>jelqingi<\/em> t\u00e4iesti uuele tasemele, on Max Out ainus valik.<\/p>\n<p>P\u00f5hifunktsioonide hulka kuuluvad:<\/p>\n<p>Kunstlike koostisosadeta, loodusliku koostisega.<br \/>\nV\u00f5ib parandada teie libiidot, kasutajad teatavad olulistest tulemustest.<br \/>\nNahale ohutu, noorendavate ja v\u00e4rskendavate koostisosadega.<\/p>\n<p>Koostisained<br \/>\nT\u00e4iesti looduslikest koostisosadest valmistatud kliiniliselt\/dermatoloogiliselt testitud valemiga Bathmate Max Out on t\u00f5hus ja v\u00f5imas seerum. Meie salavalemi kaitsmiseks on m\u00f5ned looduslikud koostisosad salajased \u2013 m\u00f5ned neist v\u00f5ivad teid aidata j\u00e4rgmiselt:<\/p>\n<p>Kollageen \u2013 aitab lisada nahale loomulikku elastsust, aidates samal ajal taastada ja asendada surnud naharakke kogu peenises.<br \/>\nButea Superba \u2013 seda \u00fcrti peetakse sageli afrodisiaakumiks ja n\u00e4ib, et see sisaldab PDE-5, mis v\u00f5ib parandada erektsiooni kvaliteeti.<br \/>\n\u017den\u0161enn \u2013 Teine traditsiooniline afrodisiaakum, \u017een\u0161enn aitab leevendada v\u00e4simust, mis aitab teil magamistoas (ja sellest v\u00e4ljas) j\u00f5uda parimal viisil.<\/p>\n<p>Juhised kasutamiseks<br \/>\nKui olete <em>jelqingu<\/em> ekspert, on Max Outi lihtne kasutada \u2013 lihtsalt kandke v\u00e4ike kogus seerumit oma peenisele enne treeningut. Pole kunagi varem proovinud? \u00c4rge muretsege \u2013 selle lihtsa ja v\u00f5imsa tehnikaga on v\u00e4ga lihtne alustada.<\/p>\n<p>Esiteks peaksite olema poolk\u00f5va: mitte kunagi \u00e4ra <em>jelq-i<\/em> t\u00e4ieliku erektsiooniga. Kui olete Max Out\u2019i sisse h\u00f5\u00f5runud, hoidke p\u00f6idla ja nimetiss\u00f5rmega peenise \u00fcmber korralikult kinni.<\/p>\n<p>Alustades suhteliselt kerge haardega, liigutage oma peenisenahka \u00fclespoole, peatudes vahetult enne pead, enne starti naasmist. Enamik <em>jelqingi<\/em> f\u00e4nne soovitab \u00fche seansi jooksul umbes 100 <em>jelqi<\/em>.<\/p>\n<p>T\u00e4htis: kui tunnete kasutamise ajal ebamugavust v\u00f5i valu, soovitatakse teil viivitamatult l\u00f5petada. Samuti peaksite v\u00e4ltima <em>jelqingi<\/em> ajal \u00fclet\u00f6\u00f6tamist, eriti kui alles alustate. Muud eelised on j\u00e4rgmised:<\/p>\n<p>Ohutu kasutada tundliku nahaga<br \/>\nAlkoholi- ja parf\u00fc\u00fcmivaba<br \/>\n100% biolagunev<\/p>\n","protected":false},"excerpt":{"rendered":"<p>Parim enne 06\/2025<\/p>\n<p><em>Jelqing<\/em> on traditsiooniline tehnika, mida kasutavad kastavamise huvilised kogu maailmas. Kui seda tehakse koos meie Bathmate peenisepumpade regulaarse kasutamisega, on kasutajad n\u00e4inud v\u00f5rratuid ja rahuldavaid tulemusi.<\/p>\n","protected":false},"featured_media":86067,"template":"","meta":[],"product_brand":[4197],"product_cat":[1477,3870,1482],"product_tag":[3780,3868],"class_list":{"0":"post-86065","1":"product","2":"type-product","3":"status-publish","4":"has-post-thumbnail","6":"product_brand-bathmate-et","7":"product_cat-meestele","8":"product_cat-outlet-et","9":"product_cat-peenise-suurendus","10":"product_tag-jelq-et","11":"product_tag-outlet-et","12":"pa_brand-bathmate-et","14":"first","15":"outofstock","16":"sale","17":"taxable","18":"shipping-taxable","19":"purchasable","20":"product-type-simple"},"yoast_head":"<!-- This site is optimized with the Yoast SEO plugin v27.3 - https:\/\/yoast.com\/product\/yoast-seo-wordpress\/ -->\n<title>Max Out | Lust &amp; Love Adult Toy Store<\/title>\n<meta name=\"description\" content=\"Jelqing on traditsiooniline tehnika, mida kasutavad kastavamise huvilised kogu maailmas. Kui seda tehakse koos meie Bathmate peenisepumpade regulaarse kasutamisega, on kasutajad n\u00e4inud v\u00f5rratuid ja rahuldavaid tulemusi.\" \/>\n<meta name=\"robots\" content=\"index,follow,max-snippet:-1,max-image-preview:large,max-video-preview:-1\" \/>\n<link rel=\"canonical\" href=\"https:\/\/lustandlove.eu\/et\/toode\/max-out\/\" \/>\n<meta name=\"twitter:card\" content=\"summary_large_image\" \/>\n<meta name=\"twitter:title\" content=\"Max Out | Lust &amp; Love Adult Toy Store\" \/>\n<meta name=\"twitter:description\" content=\"Jelqing on traditsiooniline tehnika, mida kasutavad kastavamise huvilised kogu maailmas. Kui seda tehakse koos meie Bathmate peenisepumpade regulaarse kasutamisega, on kasutajad n\u00e4inud v\u00f5rratuid ja rahuldavaid tulemusi.\" \/>\n<meta name=\"twitter:image\" content=\"https:\/\/lustandlove.eu\/wp-content\/uploads\/Max_out_2.jpg\" \/>\n<meta name=\"twitter:label1\" content=\"Est. reading time\" \/>\n\t<meta name=\"twitter:data1\" content=\"2 minutit\" \/>\n<script type=\"application\/ld+json\" class=\"yoast-schema-graph\">{\"@context\":\"https:\\\/\\\/schema.org\",\"@graph\":[{\"@type\":[\"WebPage\",\"ItemPage\"],\"@id\":\"https:\\\/\\\/lustandlove.eu\\\/et\\\/toode\\\/max-out\\\/\",\"url\":\"https:\\\/\\\/lustandlove.eu\\\/et\\\/toode\\\/max-out\\\/\",\"name\":\"Max Out | Lust & Love Adult Toy Store\",\"isPartOf\":{\"@id\":\"https:\\\/\\\/lustandlove.eu\\\/et\\\/#website\"},\"primaryImageOfPage\":{\"@id\":\"https:\\\/\\\/lustandlove.eu\\\/et\\\/toode\\\/max-out\\\/#primaryimage\"},\"image\":{\"@id\":\"https:\\\/\\\/lustandlove.eu\\\/et\\\/toode\\\/max-out\\\/#primaryimage\"},\"thumbnailUrl\":\"https:\\\/\\\/lustandlove.eu\\\/wp-content\\\/uploads\\\/Max_out_2.jpg\",\"datePublished\":\"2023-07-12T10:24:15+00:00\",\"dateModified\":\"2026-04-13T07:33:26+00:00\",\"description\":\"Jelqing on traditsiooniline tehnika, mida kasutavad kastavamise huvilised kogu maailmas. Kui seda tehakse koos meie Bathmate peenisepumpade regulaarse kasutamisega, on kasutajad n\u00e4inud v\u00f5rratuid ja rahuldavaid tulemusi.\",\"breadcrumb\":{\"@id\":\"https:\\\/\\\/lustandlove.eu\\\/et\\\/toode\\\/max-out\\\/#breadcrumb\"},\"inLanguage\":\"et\",\"potentialAction\":[{\"@type\":\"ReadAction\",\"target\":[\"https:\\\/\\\/lustandlove.eu\\\/et\\\/toode\\\/max-out\\\/\"]}]},{\"@type\":\"ImageObject\",\"inLanguage\":\"et\",\"@id\":\"https:\\\/\\\/lustandlove.eu\\\/et\\\/toode\\\/max-out\\\/#primaryimage\",\"url\":\"https:\\\/\\\/lustandlove.eu\\\/wp-content\\\/uploads\\\/Max_out_2.jpg\",\"contentUrl\":\"https:\\\/\\\/lustandlove.eu\\\/wp-content\\\/uploads\\\/Max_out_2.jpg\",\"width\":1000,\"height\":1000},{\"@type\":\"BreadcrumbList\",\"@id\":\"https:\\\/\\\/lustandlove.eu\\\/et\\\/toode\\\/max-out\\\/#breadcrumb\",\"itemListElement\":[{\"@type\":\"ListItem\",\"position\":1,\"name\":\"Lust and Love\",\"item\":\"https:\\\/\\\/lustandlove.eu\\\/et\\\/\"},{\"@type\":\"ListItem\",\"position\":2,\"name\":\"Pood\",\"item\":\"https:\\\/\\\/lustandlove.eu\\\/et\\\/pood\\\/\"},{\"@type\":\"ListItem\",\"position\":3,\"name\":\"Meestele\",\"item\":\"https:\\\/\\\/lustandlove.eu\\\/et\\\/pood\\\/meestele\\\/\"},{\"@type\":\"ListItem\",\"position\":4,\"name\":\"Max Out\"}]},{\"@type\":\"WebSite\",\"@id\":\"https:\\\/\\\/lustandlove.eu\\\/et\\\/#website\",\"url\":\"https:\\\/\\\/lustandlove.eu\\\/et\\\/\",\"name\":\"Lust &amp; Love\",\"description\":\"Online erootikapood tervise, ilu ja armastuse jaoks\",\"publisher\":{\"@id\":\"https:\\\/\\\/lustandlove.eu\\\/et\\\/#organization\"},\"potentialAction\":[{\"@type\":\"SearchAction\",\"target\":{\"@type\":\"EntryPoint\",\"urlTemplate\":\"https:\\\/\\\/lustandlove.eu\\\/et\\\/?s={search_term_string}\"},\"query-input\":{\"@type\":\"PropertyValueSpecification\",\"valueRequired\":true,\"valueName\":\"search_term_string\"}}],\"inLanguage\":\"et\"},{\"@type\":\"Organization\",\"@id\":\"https:\\\/\\\/lustandlove.eu\\\/et\\\/#organization\",\"name\":\"Bioconcept Baltics O\u00dc\",\"url\":\"https:\\\/\\\/lustandlove.eu\\\/et\\\/\",\"logo\":{\"@type\":\"ImageObject\",\"inLanguage\":\"et\",\"@id\":\"https:\\\/\\\/lustandlove.eu\\\/et\\\/#\\\/schema\\\/logo\\\/image\\\/\",\"url\":\"\",\"contentUrl\":\"\",\"caption\":\"Bioconcept Baltics O\u00dc\"},\"image\":{\"@id\":\"https:\\\/\\\/lustandlove.eu\\\/et\\\/#\\\/schema\\\/logo\\\/image\\\/\"},\"sameAs\":[\"https:\\\/\\\/www.facebook.com\\\/LustandLoveEU\\\/\",\"https:\\\/\\\/www.instagram.com\\\/lustandloveeu\\\/\"]}]}<\/script>\n<!-- \/ Yoast SEO plugin. -->","yoast_head_json":{"title":"Max Out | Lust & Love Adult Toy Store","description":"Jelqing on traditsiooniline tehnika, mida kasutavad kastavamise huvilised kogu maailmas. Kui seda tehakse koos meie Bathmate peenisepumpade regulaarse kasutamisega, on kasutajad n\u00e4inud v\u00f5rratuid ja rahuldavaid tulemusi.","robots":{"index,follow,max-snippet":"index,follow,max-snippet:-1,max-image-preview:large,max-video-preview:-1"},"canonical":"https:\/\/lustandlove.eu\/et\/toode\/max-out\/","twitter_card":"summary_large_image","twitter_title":"Max Out | Lust & Love Adult Toy Store","twitter_description":"Jelqing on traditsiooniline tehnika, mida kasutavad kastavamise huvilised kogu maailmas. Kui seda tehakse koos meie Bathmate peenisepumpade regulaarse kasutamisega, on kasutajad n\u00e4inud v\u00f5rratuid ja rahuldavaid tulemusi.","twitter_image":"https:\/\/lustandlove.eu\/wp-content\/uploads\/Max_out_2.jpg","twitter_misc":{"Est. reading time":"2 minutit"},"schema":{"@context":"https:\/\/schema.org","@graph":[{"@type":["WebPage","ItemPage"],"@id":"https:\/\/lustandlove.eu\/et\/toode\/max-out\/","url":"https:\/\/lustandlove.eu\/et\/toode\/max-out\/","name":"Max Out | Lust & Love Adult Toy Store","isPartOf":{"@id":"https:\/\/lustandlove.eu\/et\/#website"},"primaryImageOfPage":{"@id":"https:\/\/lustandlove.eu\/et\/toode\/max-out\/#primaryimage"},"image":{"@id":"https:\/\/lustandlove.eu\/et\/toode\/max-out\/#primaryimage"},"thumbnailUrl":"https:\/\/lustandlove.eu\/wp-content\/uploads\/Max_out_2.jpg","datePublished":"2023-07-12T10:24:15+00:00","dateModified":"2026-04-13T07:33:26+00:00","description":"Jelqing on traditsiooniline tehnika, mida kasutavad kastavamise huvilised kogu maailmas. Kui seda tehakse koos meie Bathmate peenisepumpade regulaarse kasutamisega, on kasutajad n\u00e4inud v\u00f5rratuid ja rahuldavaid tulemusi.","breadcrumb":{"@id":"https:\/\/lustandlove.eu\/et\/toode\/max-out\/#breadcrumb"},"inLanguage":"et","potentialAction":[{"@type":"ReadAction","target":["https:\/\/lustandlove.eu\/et\/toode\/max-out\/"]}]},{"@type":"ImageObject","inLanguage":"et","@id":"https:\/\/lustandlove.eu\/et\/toode\/max-out\/#primaryimage","url":"https:\/\/lustandlove.eu\/wp-content\/uploads\/Max_out_2.jpg","contentUrl":"https:\/\/lustandlove.eu\/wp-content\/uploads\/Max_out_2.jpg","width":1000,"height":1000},{"@type":"BreadcrumbList","@id":"https:\/\/lustandlove.eu\/et\/toode\/max-out\/#breadcrumb","itemListElement":[{"@type":"ListItem","position":1,"name":"Lust and Love","item":"https:\/\/lustandlove.eu\/et\/"},{"@type":"ListItem","position":2,"name":"Pood","item":"https:\/\/lustandlove.eu\/et\/pood\/"},{"@type":"ListItem","position":3,"name":"Meestele","item":"https:\/\/lustandlove.eu\/et\/pood\/meestele\/"},{"@type":"ListItem","position":4,"name":"Max Out"}]},{"@type":"WebSite","@id":"https:\/\/lustandlove.eu\/et\/#website","url":"https:\/\/lustandlove.eu\/et\/","name":"Lust &amp; Love","description":"Online erootikapood tervise, ilu ja armastuse jaoks","publisher":{"@id":"https:\/\/lustandlove.eu\/et\/#organization"},"potentialAction":[{"@type":"SearchAction","target":{"@type":"EntryPoint","urlTemplate":"https:\/\/lustandlove.eu\/et\/?s={search_term_string}"},"query-input":{"@type":"PropertyValueSpecification","valueRequired":true,"valueName":"search_term_string"}}],"inLanguage":"et"},{"@type":"Organization","@id":"https:\/\/lustandlove.eu\/et\/#organization","name":"Bioconcept Baltics O\u00dc","url":"https:\/\/lustandlove.eu\/et\/","logo":{"@type":"ImageObject","inLanguage":"et","@id":"https:\/\/lustandlove.eu\/et\/#\/schema\/logo\/image\/","url":"","contentUrl":"","caption":"Bioconcept Baltics O\u00dc"},"image":{"@id":"https:\/\/lustandlove.eu\/et\/#\/schema\/logo\/image\/"},"sameAs":["https:\/\/www.facebook.com\/LustandLoveEU\/","https:\/\/www.instagram.com\/lustandloveeu\/"]}]}},"_links":{"self":[{"href":"https:\/\/lustandlove.eu\/et\/wp-json\/wp\/v2\/product\/86065","targetHints":{"allow":["GET"]}}],"collection":[{"href":"https:\/\/lustandlove.eu\/et\/wp-json\/wp\/v2\/product"}],"about":[{"href":"https:\/\/lustandlove.eu\/et\/wp-json\/wp\/v2\/types\/product"}],"wp:featuredmedia":[{"embeddable":true,"href":"https:\/\/lustandlove.eu\/et\/wp-json\/wp\/v2\/media\/86067"}],"wp:attachment":[{"href":"https:\/\/lustandlove.eu\/et\/wp-json\/wp\/v2\/media?parent=86065"}],"wp:term":[{"taxonomy":"product_brand","embeddable":true,"href":"https:\/\/lustandlove.eu\/et\/wp-json\/wp\/v2\/product_brand?post=86065"},{"taxonomy":"product_cat","embeddable":true,"href":"https:\/\/lustandlove.eu\/et\/wp-json\/wp\/v2\/product_cat?post=86065"},{"taxonomy":"product_tag","embeddable":true,"href":"https:\/\/lustandlove.eu\/et\/wp-json\/wp\/v2\/product_tag?post=86065"}],"curies":[{"name":"wp","href":"https:\/\/api.w.org\/{rel}","templated":true}]}}