{"id":86105,"date":"2023-07-13T09:59:29","date_gmt":"2023-07-13T06:59:29","guid":{"rendered":"https:\/\/www.lustandlove.eu\/?post_type=product&#038;p=86105"},"modified":"2026-04-13T10:33:26","modified_gmt":"2026-04-13T07:33:26","slug":"bathmate-control","status":"publish","type":"product","link":"https:\/\/lustandlove.eu\/et\/toode\/bathmate-control\/","title":{"rendered":"Bathmate Control"},"content":{"rendered":"<p>Meie revolutsiooniline kontrollgeel annab teile kindlustunde ja p\u00fcsiva j\u00f5u, et saavutada oma seni parim magamistoa j\u00f5udlus \u2013 vahend, mis annab teile kontrolli, et kestaks kauem kui kunagi varem, ilma et teie v\u00f5i teie partneri naudingut tuimastaks.<\/p>\n<p>P\u00f5hifunktsioonide hulka kuuluvad:<\/p>\n<p>Bensokaiini- ja lidokaiinivaba \u2013 meie geel ei tuimesta, vaid kontrollib!<br \/>\nSilikoon- ja kondoomis\u00f5bralik \u2013 ohutu sekslelu, kondoomi ja Bathmate pumpade jaoks<br \/>\nTulemused kestavad kuni 4 tundi p\u00e4rast pealekandmist<br \/>\nAitab parandada erektsioonij\u00f5udu, peenise tervist ja libiidot<\/p>\n<p>Koostisained<br \/>\nKoos k\u00f5igi meie toidulisanditega on Bathmate Control t\u00e4ielikult kliiniliselt ja dermatoloogiliselt testitud ning kasutab eranditult kvaliteetseid ja t\u00e4iesti ohutuid koostisosi. Kuigi m\u00f5nede meie koostisosade m\u00f5ju on \u00e4risaladus, oleme allpool v\u00e4lja toonud m\u00f5ned peamised.<\/p>\n<p><strong>Ginkgo Biloba<\/strong> \u2013 parandades \u00fcldist vereringet, muudab Ginkgo Biloba kasutajal lihtsamaks tugeva ja pikaajalise erektsiooni s\u00e4ilitamise (eriti koos meie Bathmate&#8217;i peenisepumpadega), mis on oluline osa seksuaalse kestvuse parandamisel.<br \/>\n<strong>Siberi \u017een\u0161enn<\/strong> \u2013 Traditsiooniliselt afrodisiaakumiks peetud \u017een\u0161enn v\u00e4hendab v\u00e4simust, parandades samas potentsiaalselt vastupidavust \u2013 m\u00f5lemad olulised osad seksuaalse soorituse parandamisel ja erektsiooniv\u00f5ime maksimeerimisel.<br \/>\n<strong>Tribulus Terrestris<\/strong> \u2013 Sageli arvatakse, et Tribulus Terrestris suurendab testosterooni taset, on Tribulus Terrestris palju kasulikum, kuna see on uuringutes testitud v\u00f5ime t\u00f5sta libiidot, suurendades \u00fcldist seksuaalset isu ja sooritusv\u00f5imet.<\/p>\n<p><strong>Juhised kasutamiseks<\/strong><br \/>\nBathmate Control Gel&#8217;i kasutamine ei saa olla lihtsam. Lihtsalt kandke ja masseerige v\u00e4ike tilk Bathmate Control Geeli peenise peale ja laske kuivada. 30\u201360 minuti jooksul hakkate tundma meeldivat kipitustunnet, mis n\u00e4itab, et Bathmate Control Gel on aktiivne ja t\u00f6\u00f6tab.<\/p>\n<p>Meie geeli toime v\u00f5ib kesta kuni 3-4 tundi ja nagu nimigi \u00fctleb, annab see teile parema v\u00f5ime kontrollida, millal j\u00f5uate ejakulatsioonipunkti, viivitades l\u00f5puks oluliselt teie orgasmi ja aidates teil kesta kauem kui kunagi varem.<\/p>\n<p>Lisaks v\u00e4ga t\u00f5husale Bathmate Control Gel loomulikule koostisele on:<\/p>\n<p>Ohutu kasutada tundliku nahaga<br \/>\nAlkoholi- ja parf\u00fc\u00fcmivaba<br \/>\n100% biolagunev<\/p>\n","protected":false},"excerpt":{"rendered":"<p>Olenemata sellest, kas teil on enneaegne ejakulatsioon v\u00f5i soovite lihtsalt voodis kauem vastu pidada, Bathmate Control aitab teil saavutada orgasmi ainult siis, kui olete ka selleks valmis, aidates teil ja teie partneril olla algusest l\u00f5puni kestvam ja meeldivam seks.<\/p>\n<p>Bathmate Control Gel pakub teile v\u00f5imalust kontrollida ja tagasi hoida oma ejakulatsiooni seksi ajal, kasutades transdemaalset tehnoloogiat ja t\u00f5husate, looduslike ja nahale ohutute koostisosade segu.<\/p>\n","protected":false},"featured_media":86111,"template":"","meta":[],"product_brand":[4197],"product_cat":[1464,1460,3870],"product_tag":[3868],"class_list":{"0":"post-86105","1":"product","2":"type-product","3":"status-publish","4":"has-post-thumbnail","6":"product_brand-bathmate-et","7":"product_cat-erutavad-geelid","8":"product_cat-apteek","9":"product_cat-outlet-et","10":"product_tag-outlet-et","11":"pa_brand-bathmate-et","13":"first","14":"outofstock","15":"sale","16":"taxable","17":"shipping-taxable","18":"purchasable","19":"product-type-simple"},"yoast_head":"<!-- This site is optimized with the Yoast SEO plugin v27.3 - https:\/\/yoast.com\/product\/yoast-seo-wordpress\/ -->\n<title>Bathmate Control | Lust and Love<\/title>\n<meta name=\"description\" content=\"Olenemata sellest, kas teil on enneaegne ejakulatsioon v\u00f5i soovite lihtsalt voodis kauem vastu pidada, Bathmate Control aitab teil saavutada orgasmi ainult siis, kui olete ka selleks valmis, aidates teil ja teie partneril olla algusest l\u00f5puni kestvam ja meeldivam seks.\" \/>\n<meta name=\"robots\" content=\"index,follow,max-snippet:-1,max-image-preview:large,max-video-preview:-1\" \/>\n<link rel=\"canonical\" href=\"https:\/\/lustandlove.eu\/et\/toode\/bathmate-control\/\" \/>\n<meta name=\"twitter:card\" content=\"summary_large_image\" \/>\n<meta name=\"twitter:title\" content=\"Bathmate Control | Lust and Love\" \/>\n<meta name=\"twitter:description\" content=\"Olenemata sellest, kas teil on enneaegne ejakulatsioon v\u00f5i soovite lihtsalt voodis kauem vastu pidada, Bathmate Control aitab teil saavutada orgasmi ainult siis, kui olete ka selleks valmis, aidates teil ja teie partneril olla algusest l\u00f5puni kestvam ja meeldivam seks.\" \/>\n<meta name=\"twitter:image\" content=\"https:\/\/lustandlove.eu\/wp-content\/uploads\/Control_3.png\" \/>\n<meta name=\"twitter:label1\" content=\"Est. reading time\" \/>\n\t<meta name=\"twitter:data1\" content=\"2 minutit\" \/>\n<script type=\"application\/ld+json\" class=\"yoast-schema-graph\">{\"@context\":\"https:\\\/\\\/schema.org\",\"@graph\":[{\"@type\":[\"WebPage\",\"ItemPage\"],\"@id\":\"https:\\\/\\\/lustandlove.eu\\\/et\\\/toode\\\/bathmate-control\\\/\",\"url\":\"https:\\\/\\\/lustandlove.eu\\\/et\\\/toode\\\/bathmate-control\\\/\",\"name\":\"Bathmate Control | Lust and Love\",\"isPartOf\":{\"@id\":\"https:\\\/\\\/lustandlove.eu\\\/et\\\/#website\"},\"primaryImageOfPage\":{\"@id\":\"https:\\\/\\\/lustandlove.eu\\\/et\\\/toode\\\/bathmate-control\\\/#primaryimage\"},\"image\":{\"@id\":\"https:\\\/\\\/lustandlove.eu\\\/et\\\/toode\\\/bathmate-control\\\/#primaryimage\"},\"thumbnailUrl\":\"https:\\\/\\\/lustandlove.eu\\\/wp-content\\\/uploads\\\/Control_3.png\",\"datePublished\":\"2023-07-13T06:59:29+00:00\",\"dateModified\":\"2026-04-13T07:33:26+00:00\",\"description\":\"Olenemata sellest, kas teil on enneaegne ejakulatsioon v\u00f5i soovite lihtsalt voodis kauem vastu pidada, Bathmate Control aitab teil saavutada orgasmi ainult siis, kui olete ka selleks valmis, aidates teil ja teie partneril olla algusest l\u00f5puni kestvam ja meeldivam seks.\",\"breadcrumb\":{\"@id\":\"https:\\\/\\\/lustandlove.eu\\\/et\\\/toode\\\/bathmate-control\\\/#breadcrumb\"},\"inLanguage\":\"et\",\"potentialAction\":[{\"@type\":\"ReadAction\",\"target\":[\"https:\\\/\\\/lustandlove.eu\\\/et\\\/toode\\\/bathmate-control\\\/\"]}]},{\"@type\":\"ImageObject\",\"inLanguage\":\"et\",\"@id\":\"https:\\\/\\\/lustandlove.eu\\\/et\\\/toode\\\/bathmate-control\\\/#primaryimage\",\"url\":\"https:\\\/\\\/lustandlove.eu\\\/wp-content\\\/uploads\\\/Control_3.png\",\"contentUrl\":\"https:\\\/\\\/lustandlove.eu\\\/wp-content\\\/uploads\\\/Control_3.png\",\"width\":1000,\"height\":1000},{\"@type\":\"BreadcrumbList\",\"@id\":\"https:\\\/\\\/lustandlove.eu\\\/et\\\/toode\\\/bathmate-control\\\/#breadcrumb\",\"itemListElement\":[{\"@type\":\"ListItem\",\"position\":1,\"name\":\"Lust and Love\",\"item\":\"https:\\\/\\\/lustandlove.eu\\\/et\\\/\"},{\"@type\":\"ListItem\",\"position\":2,\"name\":\"Pood\",\"item\":\"https:\\\/\\\/lustandlove.eu\\\/et\\\/pood\\\/\"},{\"@type\":\"ListItem\",\"position\":3,\"name\":\"Libestid ja kehahooldus\",\"item\":\"https:\\\/\\\/lustandlove.eu\\\/et\\\/pood\\\/apteek\\\/\"},{\"@type\":\"ListItem\",\"position\":4,\"name\":\"Bathmate Control\"}]},{\"@type\":\"WebSite\",\"@id\":\"https:\\\/\\\/lustandlove.eu\\\/et\\\/#website\",\"url\":\"https:\\\/\\\/lustandlove.eu\\\/et\\\/\",\"name\":\"Lust &amp; Love\",\"description\":\"Online erootikapood tervise, ilu ja armastuse jaoks\",\"publisher\":{\"@id\":\"https:\\\/\\\/lustandlove.eu\\\/et\\\/#organization\"},\"potentialAction\":[{\"@type\":\"SearchAction\",\"target\":{\"@type\":\"EntryPoint\",\"urlTemplate\":\"https:\\\/\\\/lustandlove.eu\\\/et\\\/?s={search_term_string}\"},\"query-input\":{\"@type\":\"PropertyValueSpecification\",\"valueRequired\":true,\"valueName\":\"search_term_string\"}}],\"inLanguage\":\"et\"},{\"@type\":\"Organization\",\"@id\":\"https:\\\/\\\/lustandlove.eu\\\/et\\\/#organization\",\"name\":\"Bioconcept Baltics O\u00dc\",\"url\":\"https:\\\/\\\/lustandlove.eu\\\/et\\\/\",\"logo\":{\"@type\":\"ImageObject\",\"inLanguage\":\"et\",\"@id\":\"https:\\\/\\\/lustandlove.eu\\\/et\\\/#\\\/schema\\\/logo\\\/image\\\/\",\"url\":\"\",\"contentUrl\":\"\",\"caption\":\"Bioconcept Baltics O\u00dc\"},\"image\":{\"@id\":\"https:\\\/\\\/lustandlove.eu\\\/et\\\/#\\\/schema\\\/logo\\\/image\\\/\"},\"sameAs\":[\"https:\\\/\\\/www.facebook.com\\\/LustandLoveEU\\\/\",\"https:\\\/\\\/www.instagram.com\\\/lustandloveeu\\\/\"]}]}<\/script>\n<!-- \/ Yoast SEO plugin. -->","yoast_head_json":{"title":"Bathmate Control | Lust and Love","description":"Olenemata sellest, kas teil on enneaegne ejakulatsioon v\u00f5i soovite lihtsalt voodis kauem vastu pidada, Bathmate Control aitab teil saavutada orgasmi ainult siis, kui olete ka selleks valmis, aidates teil ja teie partneril olla algusest l\u00f5puni kestvam ja meeldivam seks.","robots":{"index,follow,max-snippet":"index,follow,max-snippet:-1,max-image-preview:large,max-video-preview:-1"},"canonical":"https:\/\/lustandlove.eu\/et\/toode\/bathmate-control\/","twitter_card":"summary_large_image","twitter_title":"Bathmate Control | Lust and Love","twitter_description":"Olenemata sellest, kas teil on enneaegne ejakulatsioon v\u00f5i soovite lihtsalt voodis kauem vastu pidada, Bathmate Control aitab teil saavutada orgasmi ainult siis, kui olete ka selleks valmis, aidates teil ja teie partneril olla algusest l\u00f5puni kestvam ja meeldivam seks.","twitter_image":"https:\/\/lustandlove.eu\/wp-content\/uploads\/Control_3.png","twitter_misc":{"Est. reading time":"2 minutit"},"schema":{"@context":"https:\/\/schema.org","@graph":[{"@type":["WebPage","ItemPage"],"@id":"https:\/\/lustandlove.eu\/et\/toode\/bathmate-control\/","url":"https:\/\/lustandlove.eu\/et\/toode\/bathmate-control\/","name":"Bathmate Control | Lust and Love","isPartOf":{"@id":"https:\/\/lustandlove.eu\/et\/#website"},"primaryImageOfPage":{"@id":"https:\/\/lustandlove.eu\/et\/toode\/bathmate-control\/#primaryimage"},"image":{"@id":"https:\/\/lustandlove.eu\/et\/toode\/bathmate-control\/#primaryimage"},"thumbnailUrl":"https:\/\/lustandlove.eu\/wp-content\/uploads\/Control_3.png","datePublished":"2023-07-13T06:59:29+00:00","dateModified":"2026-04-13T07:33:26+00:00","description":"Olenemata sellest, kas teil on enneaegne ejakulatsioon v\u00f5i soovite lihtsalt voodis kauem vastu pidada, Bathmate Control aitab teil saavutada orgasmi ainult siis, kui olete ka selleks valmis, aidates teil ja teie partneril olla algusest l\u00f5puni kestvam ja meeldivam seks.","breadcrumb":{"@id":"https:\/\/lustandlove.eu\/et\/toode\/bathmate-control\/#breadcrumb"},"inLanguage":"et","potentialAction":[{"@type":"ReadAction","target":["https:\/\/lustandlove.eu\/et\/toode\/bathmate-control\/"]}]},{"@type":"ImageObject","inLanguage":"et","@id":"https:\/\/lustandlove.eu\/et\/toode\/bathmate-control\/#primaryimage","url":"https:\/\/lustandlove.eu\/wp-content\/uploads\/Control_3.png","contentUrl":"https:\/\/lustandlove.eu\/wp-content\/uploads\/Control_3.png","width":1000,"height":1000},{"@type":"BreadcrumbList","@id":"https:\/\/lustandlove.eu\/et\/toode\/bathmate-control\/#breadcrumb","itemListElement":[{"@type":"ListItem","position":1,"name":"Lust and Love","item":"https:\/\/lustandlove.eu\/et\/"},{"@type":"ListItem","position":2,"name":"Pood","item":"https:\/\/lustandlove.eu\/et\/pood\/"},{"@type":"ListItem","position":3,"name":"Libestid ja kehahooldus","item":"https:\/\/lustandlove.eu\/et\/pood\/apteek\/"},{"@type":"ListItem","position":4,"name":"Bathmate Control"}]},{"@type":"WebSite","@id":"https:\/\/lustandlove.eu\/et\/#website","url":"https:\/\/lustandlove.eu\/et\/","name":"Lust &amp; Love","description":"Online erootikapood tervise, ilu ja armastuse jaoks","publisher":{"@id":"https:\/\/lustandlove.eu\/et\/#organization"},"potentialAction":[{"@type":"SearchAction","target":{"@type":"EntryPoint","urlTemplate":"https:\/\/lustandlove.eu\/et\/?s={search_term_string}"},"query-input":{"@type":"PropertyValueSpecification","valueRequired":true,"valueName":"search_term_string"}}],"inLanguage":"et"},{"@type":"Organization","@id":"https:\/\/lustandlove.eu\/et\/#organization","name":"Bioconcept Baltics O\u00dc","url":"https:\/\/lustandlove.eu\/et\/","logo":{"@type":"ImageObject","inLanguage":"et","@id":"https:\/\/lustandlove.eu\/et\/#\/schema\/logo\/image\/","url":"","contentUrl":"","caption":"Bioconcept Baltics O\u00dc"},"image":{"@id":"https:\/\/lustandlove.eu\/et\/#\/schema\/logo\/image\/"},"sameAs":["https:\/\/www.facebook.com\/LustandLoveEU\/","https:\/\/www.instagram.com\/lustandloveeu\/"]}]}},"_links":{"self":[{"href":"https:\/\/lustandlove.eu\/et\/wp-json\/wp\/v2\/product\/86105","targetHints":{"allow":["GET"]}}],"collection":[{"href":"https:\/\/lustandlove.eu\/et\/wp-json\/wp\/v2\/product"}],"about":[{"href":"https:\/\/lustandlove.eu\/et\/wp-json\/wp\/v2\/types\/product"}],"wp:featuredmedia":[{"embeddable":true,"href":"https:\/\/lustandlove.eu\/et\/wp-json\/wp\/v2\/media\/86111"}],"wp:attachment":[{"href":"https:\/\/lustandlove.eu\/et\/wp-json\/wp\/v2\/media?parent=86105"}],"wp:term":[{"taxonomy":"product_brand","embeddable":true,"href":"https:\/\/lustandlove.eu\/et\/wp-json\/wp\/v2\/product_brand?post=86105"},{"taxonomy":"product_cat","embeddable":true,"href":"https:\/\/lustandlove.eu\/et\/wp-json\/wp\/v2\/product_cat?post=86105"},{"taxonomy":"product_tag","embeddable":true,"href":"https:\/\/lustandlove.eu\/et\/wp-json\/wp\/v2\/product_tag?post=86105"}],"curies":[{"name":"wp","href":"https:\/\/api.w.org\/{rel}","templated":true}]}}