{"id":86127,"date":"2023-07-13T10:31:06","date_gmt":"2023-07-13T07:31:07","guid":{"rendered":"https:\/\/www.lustandlove.eu\/?post_type=product&#038;p=86127"},"modified":"2026-04-13T10:33:25","modified_gmt":"2026-04-13T07:33:25","slug":"puhastusvahend-anaal-leludele-100ml","status":"publish","type":"product","link":"https:\/\/lustandlove.eu\/et\/toode\/puhastusvahend-anaal-leludele-100ml\/","title":{"rendered":"Puhastusvahend anaal leludele 100ml"},"content":{"rendered":"<p>Seda antibakteriaalset koostist, mis sobib peaaegu igat t\u00fc\u00fcpi seksleludega ja on saadaval k\u00e4ep\u00e4rases 100 ml pudelis, on lihtne kasutada ja see tagab t\u00e4ieliku h\u00fcgieeni \u2013 lihtsalt peske oma m\u00e4nguasi, h\u00f5\u00f5ruge anaalse m\u00e4nguasja puhastusvahendiga ja seej\u00e4rel loputage!<\/p>\n<p>Nagu k\u00f5ik meie tooted, on ka meie anaalm\u00e4nguasjade puhastusvahend t\u00e4iesti nahale ohutu ning meie valem ei sisalda parabeene ega alkoholi. Mittereaktiivse koostisega puhastusvahendit on ohutu kasutada praktiliselt k\u00f5igi m\u00e4nguasjadega. Lihtsalt veenduge, et puhastusvahend ei satuks silma, kuna see v\u00f5ib p\u00f5hjustada \u00e4rritust.<\/p>\n","protected":false},"excerpt":{"rendered":"<p>Esimene puhastusvahend, mis on loodud anaalm\u00e4nguasjade h\u00fcgieenilisuse hoidmiseks. See mugav ja turvaline puhastusvahend on ideaalne valik k\u00f5igile, kes on huvitatud anaalm\u00e4ngust, olenemata sellest, kas olete alustamas v\u00f5i teate t\u00e4pselt, mis teie jaoks t\u00f6\u00f6tab.<\/p>\n","protected":false},"featured_media":86129,"template":"","meta":[],"product_brand":[4197],"product_cat":[1466,1460],"product_tag":[],"class_list":{"0":"post-86127","1":"product","2":"type-product","3":"status-publish","4":"has-post-thumbnail","6":"product_brand-bathmate-et","7":"product_cat-hugieen","8":"product_cat-apteek","9":"pa_brand-bathmate-et","11":"first","12":"instock","13":"taxable","14":"shipping-taxable","15":"purchasable","16":"product-type-simple"},"yoast_head":"<!-- This site is optimized with the Yoast SEO plugin v27.3 - https:\/\/yoast.com\/product\/yoast-seo-wordpress\/ -->\n<title>Puhastusvahend anaal leludele 100ml | Lust and Love<\/title>\n<meta name=\"description\" content=\"Esimene puhastusvahend, mis on loodud anaalm\u00e4nguasjade h\u00fcgieenilisuse hoidmiseks. See mugav ja turvaline puhastusvahend on ideaalne valik k\u00f5igile, kes on huvitatud p\u00e4rakum\u00e4ngust, olenemata sellest, kas olete alustamas v\u00f5i teate t\u00e4pselt, mis teie jaoks t\u00f6\u00f6tab.\" \/>\n<meta name=\"robots\" content=\"index,follow,max-snippet:-1,max-image-preview:large,max-video-preview:-1\" \/>\n<link rel=\"canonical\" href=\"https:\/\/lustandlove.eu\/et\/toode\/puhastusvahend-anaal-leludele-100ml\/\" \/>\n<meta name=\"twitter:card\" content=\"summary_large_image\" \/>\n<meta name=\"twitter:title\" content=\"Puhastusvahend anaal leludele 100ml | Lust and Love\" \/>\n<meta name=\"twitter:description\" content=\"Esimene puhastusvahend, mis on loodud anaalm\u00e4nguasjade h\u00fcgieenilisuse hoidmiseks. See mugav ja turvaline puhastusvahend on ideaalne valik k\u00f5igile, kes on huvitatud p\u00e4rakum\u00e4ngust, olenemata sellest, kas olete alustamas v\u00f5i teate t\u00e4pselt, mis teie jaoks t\u00f6\u00f6tab.\" \/>\n<meta name=\"twitter:image\" content=\"https:\/\/lustandlove.eu\/wp-content\/uploads\/anal_clean_2.jpg\" \/>\n<script type=\"application\/ld+json\" class=\"yoast-schema-graph\">{\"@context\":\"https:\\\/\\\/schema.org\",\"@graph\":[{\"@type\":[\"WebPage\",\"ItemPage\"],\"@id\":\"https:\\\/\\\/lustandlove.eu\\\/et\\\/toode\\\/puhastusvahend-anaal-leludele-100ml\\\/\",\"url\":\"https:\\\/\\\/lustandlove.eu\\\/et\\\/toode\\\/puhastusvahend-anaal-leludele-100ml\\\/\",\"name\":\"Puhastusvahend anaal leludele 100ml | Lust and Love\",\"isPartOf\":{\"@id\":\"https:\\\/\\\/lustandlove.eu\\\/et\\\/#website\"},\"primaryImageOfPage\":{\"@id\":\"https:\\\/\\\/lustandlove.eu\\\/et\\\/toode\\\/puhastusvahend-anaal-leludele-100ml\\\/#primaryimage\"},\"image\":{\"@id\":\"https:\\\/\\\/lustandlove.eu\\\/et\\\/toode\\\/puhastusvahend-anaal-leludele-100ml\\\/#primaryimage\"},\"thumbnailUrl\":\"https:\\\/\\\/lustandlove.eu\\\/wp-content\\\/uploads\\\/anal_clean_2.jpg\",\"datePublished\":\"2023-07-13T07:31:07+00:00\",\"dateModified\":\"2026-04-13T07:33:25+00:00\",\"description\":\"Esimene puhastusvahend, mis on loodud anaalm\u00e4nguasjade h\u00fcgieenilisuse hoidmiseks. See mugav ja turvaline puhastusvahend on ideaalne valik k\u00f5igile, kes on huvitatud p\u00e4rakum\u00e4ngust, olenemata sellest, kas olete alustamas v\u00f5i teate t\u00e4pselt, mis teie jaoks t\u00f6\u00f6tab.\",\"breadcrumb\":{\"@id\":\"https:\\\/\\\/lustandlove.eu\\\/et\\\/toode\\\/puhastusvahend-anaal-leludele-100ml\\\/#breadcrumb\"},\"inLanguage\":\"et\",\"potentialAction\":[{\"@type\":\"ReadAction\",\"target\":[\"https:\\\/\\\/lustandlove.eu\\\/et\\\/toode\\\/puhastusvahend-anaal-leludele-100ml\\\/\"]}]},{\"@type\":\"ImageObject\",\"inLanguage\":\"et\",\"@id\":\"https:\\\/\\\/lustandlove.eu\\\/et\\\/toode\\\/puhastusvahend-anaal-leludele-100ml\\\/#primaryimage\",\"url\":\"https:\\\/\\\/lustandlove.eu\\\/wp-content\\\/uploads\\\/anal_clean_2.jpg\",\"contentUrl\":\"https:\\\/\\\/lustandlove.eu\\\/wp-content\\\/uploads\\\/anal_clean_2.jpg\",\"width\":1000,\"height\":1000},{\"@type\":\"BreadcrumbList\",\"@id\":\"https:\\\/\\\/lustandlove.eu\\\/et\\\/toode\\\/puhastusvahend-anaal-leludele-100ml\\\/#breadcrumb\",\"itemListElement\":[{\"@type\":\"ListItem\",\"position\":1,\"name\":\"Lust and Love\",\"item\":\"https:\\\/\\\/lustandlove.eu\\\/et\\\/\"},{\"@type\":\"ListItem\",\"position\":2,\"name\":\"Pood\",\"item\":\"https:\\\/\\\/lustandlove.eu\\\/et\\\/pood\\\/\"},{\"@type\":\"ListItem\",\"position\":3,\"name\":\"Libestid ja kehahooldus\",\"item\":\"https:\\\/\\\/lustandlove.eu\\\/et\\\/pood\\\/apteek\\\/\"},{\"@type\":\"ListItem\",\"position\":4,\"name\":\"Puhastusvahend anaal leludele 100ml\"}]},{\"@type\":\"WebSite\",\"@id\":\"https:\\\/\\\/lustandlove.eu\\\/et\\\/#website\",\"url\":\"https:\\\/\\\/lustandlove.eu\\\/et\\\/\",\"name\":\"Lust &amp; Love\",\"description\":\"Online erootikapood tervise, ilu ja armastuse jaoks\",\"publisher\":{\"@id\":\"https:\\\/\\\/lustandlove.eu\\\/et\\\/#organization\"},\"potentialAction\":[{\"@type\":\"SearchAction\",\"target\":{\"@type\":\"EntryPoint\",\"urlTemplate\":\"https:\\\/\\\/lustandlove.eu\\\/et\\\/?s={search_term_string}\"},\"query-input\":{\"@type\":\"PropertyValueSpecification\",\"valueRequired\":true,\"valueName\":\"search_term_string\"}}],\"inLanguage\":\"et\"},{\"@type\":\"Organization\",\"@id\":\"https:\\\/\\\/lustandlove.eu\\\/et\\\/#organization\",\"name\":\"Bioconcept Baltics O\u00dc\",\"url\":\"https:\\\/\\\/lustandlove.eu\\\/et\\\/\",\"logo\":{\"@type\":\"ImageObject\",\"inLanguage\":\"et\",\"@id\":\"https:\\\/\\\/lustandlove.eu\\\/et\\\/#\\\/schema\\\/logo\\\/image\\\/\",\"url\":\"\",\"contentUrl\":\"\",\"caption\":\"Bioconcept Baltics O\u00dc\"},\"image\":{\"@id\":\"https:\\\/\\\/lustandlove.eu\\\/et\\\/#\\\/schema\\\/logo\\\/image\\\/\"},\"sameAs\":[\"https:\\\/\\\/www.facebook.com\\\/LustandLoveEU\\\/\",\"https:\\\/\\\/www.instagram.com\\\/lustandloveeu\\\/\"]}]}<\/script>\n<!-- \/ Yoast SEO plugin. -->","yoast_head_json":{"title":"Puhastusvahend anaal leludele 100ml | Lust and Love","description":"Esimene puhastusvahend, mis on loodud anaalm\u00e4nguasjade h\u00fcgieenilisuse hoidmiseks. See mugav ja turvaline puhastusvahend on ideaalne valik k\u00f5igile, kes on huvitatud p\u00e4rakum\u00e4ngust, olenemata sellest, kas olete alustamas v\u00f5i teate t\u00e4pselt, mis teie jaoks t\u00f6\u00f6tab.","robots":{"index,follow,max-snippet":"index,follow,max-snippet:-1,max-image-preview:large,max-video-preview:-1"},"canonical":"https:\/\/lustandlove.eu\/et\/toode\/puhastusvahend-anaal-leludele-100ml\/","twitter_card":"summary_large_image","twitter_title":"Puhastusvahend anaal leludele 100ml | Lust and Love","twitter_description":"Esimene puhastusvahend, mis on loodud anaalm\u00e4nguasjade h\u00fcgieenilisuse hoidmiseks. See mugav ja turvaline puhastusvahend on ideaalne valik k\u00f5igile, kes on huvitatud p\u00e4rakum\u00e4ngust, olenemata sellest, kas olete alustamas v\u00f5i teate t\u00e4pselt, mis teie jaoks t\u00f6\u00f6tab.","twitter_image":"https:\/\/lustandlove.eu\/wp-content\/uploads\/anal_clean_2.jpg","schema":{"@context":"https:\/\/schema.org","@graph":[{"@type":["WebPage","ItemPage"],"@id":"https:\/\/lustandlove.eu\/et\/toode\/puhastusvahend-anaal-leludele-100ml\/","url":"https:\/\/lustandlove.eu\/et\/toode\/puhastusvahend-anaal-leludele-100ml\/","name":"Puhastusvahend anaal leludele 100ml | Lust and Love","isPartOf":{"@id":"https:\/\/lustandlove.eu\/et\/#website"},"primaryImageOfPage":{"@id":"https:\/\/lustandlove.eu\/et\/toode\/puhastusvahend-anaal-leludele-100ml\/#primaryimage"},"image":{"@id":"https:\/\/lustandlove.eu\/et\/toode\/puhastusvahend-anaal-leludele-100ml\/#primaryimage"},"thumbnailUrl":"https:\/\/lustandlove.eu\/wp-content\/uploads\/anal_clean_2.jpg","datePublished":"2023-07-13T07:31:07+00:00","dateModified":"2026-04-13T07:33:25+00:00","description":"Esimene puhastusvahend, mis on loodud anaalm\u00e4nguasjade h\u00fcgieenilisuse hoidmiseks. See mugav ja turvaline puhastusvahend on ideaalne valik k\u00f5igile, kes on huvitatud p\u00e4rakum\u00e4ngust, olenemata sellest, kas olete alustamas v\u00f5i teate t\u00e4pselt, mis teie jaoks t\u00f6\u00f6tab.","breadcrumb":{"@id":"https:\/\/lustandlove.eu\/et\/toode\/puhastusvahend-anaal-leludele-100ml\/#breadcrumb"},"inLanguage":"et","potentialAction":[{"@type":"ReadAction","target":["https:\/\/lustandlove.eu\/et\/toode\/puhastusvahend-anaal-leludele-100ml\/"]}]},{"@type":"ImageObject","inLanguage":"et","@id":"https:\/\/lustandlove.eu\/et\/toode\/puhastusvahend-anaal-leludele-100ml\/#primaryimage","url":"https:\/\/lustandlove.eu\/wp-content\/uploads\/anal_clean_2.jpg","contentUrl":"https:\/\/lustandlove.eu\/wp-content\/uploads\/anal_clean_2.jpg","width":1000,"height":1000},{"@type":"BreadcrumbList","@id":"https:\/\/lustandlove.eu\/et\/toode\/puhastusvahend-anaal-leludele-100ml\/#breadcrumb","itemListElement":[{"@type":"ListItem","position":1,"name":"Lust and Love","item":"https:\/\/lustandlove.eu\/et\/"},{"@type":"ListItem","position":2,"name":"Pood","item":"https:\/\/lustandlove.eu\/et\/pood\/"},{"@type":"ListItem","position":3,"name":"Libestid ja kehahooldus","item":"https:\/\/lustandlove.eu\/et\/pood\/apteek\/"},{"@type":"ListItem","position":4,"name":"Puhastusvahend anaal leludele 100ml"}]},{"@type":"WebSite","@id":"https:\/\/lustandlove.eu\/et\/#website","url":"https:\/\/lustandlove.eu\/et\/","name":"Lust &amp; Love","description":"Online erootikapood tervise, ilu ja armastuse jaoks","publisher":{"@id":"https:\/\/lustandlove.eu\/et\/#organization"},"potentialAction":[{"@type":"SearchAction","target":{"@type":"EntryPoint","urlTemplate":"https:\/\/lustandlove.eu\/et\/?s={search_term_string}"},"query-input":{"@type":"PropertyValueSpecification","valueRequired":true,"valueName":"search_term_string"}}],"inLanguage":"et"},{"@type":"Organization","@id":"https:\/\/lustandlove.eu\/et\/#organization","name":"Bioconcept Baltics O\u00dc","url":"https:\/\/lustandlove.eu\/et\/","logo":{"@type":"ImageObject","inLanguage":"et","@id":"https:\/\/lustandlove.eu\/et\/#\/schema\/logo\/image\/","url":"","contentUrl":"","caption":"Bioconcept Baltics O\u00dc"},"image":{"@id":"https:\/\/lustandlove.eu\/et\/#\/schema\/logo\/image\/"},"sameAs":["https:\/\/www.facebook.com\/LustandLoveEU\/","https:\/\/www.instagram.com\/lustandloveeu\/"]}]}},"_links":{"self":[{"href":"https:\/\/lustandlove.eu\/et\/wp-json\/wp\/v2\/product\/86127","targetHints":{"allow":["GET"]}}],"collection":[{"href":"https:\/\/lustandlove.eu\/et\/wp-json\/wp\/v2\/product"}],"about":[{"href":"https:\/\/lustandlove.eu\/et\/wp-json\/wp\/v2\/types\/product"}],"wp:featuredmedia":[{"embeddable":true,"href":"https:\/\/lustandlove.eu\/et\/wp-json\/wp\/v2\/media\/86129"}],"wp:attachment":[{"href":"https:\/\/lustandlove.eu\/et\/wp-json\/wp\/v2\/media?parent=86127"}],"wp:term":[{"taxonomy":"product_brand","embeddable":true,"href":"https:\/\/lustandlove.eu\/et\/wp-json\/wp\/v2\/product_brand?post=86127"},{"taxonomy":"product_cat","embeddable":true,"href":"https:\/\/lustandlove.eu\/et\/wp-json\/wp\/v2\/product_cat?post=86127"},{"taxonomy":"product_tag","embeddable":true,"href":"https:\/\/lustandlove.eu\/et\/wp-json\/wp\/v2\/product_tag?post=86127"}],"curies":[{"name":"wp","href":"https:\/\/api.w.org\/{rel}","templated":true}]}}