{"id":86135,"date":"2023-07-13T10:41:31","date_gmt":"2023-07-13T07:41:32","guid":{"rendered":"https:\/\/www.lustandlove.eu\/?post_type=product&#038;p=86135"},"modified":"2026-04-13T10:33:25","modified_gmt":"2026-04-13T07:33:25","slug":"bathmate-puhastusvahend-leludele-100ml","status":"publish","type":"product","link":"https:\/\/lustandlove.eu\/et\/toode\/bathmate-puhastusvahend-leludele-100ml\/","title":{"rendered":"Bathmate Puhastusvahend leludele 100ml"},"content":{"rendered":"<p>Kuigi Bathmate Cleani tavaliselt nahal ei kasutata, v\u00f5ite olla kindel, et valemit on t\u00e4iesti ohutu kasutada k\u00f5igi teie seksleludega, olgu need siis meie Better Sex Accessories kollektsioonist v\u00f5i mujalt. Kuid veenduge, et puhastusvahend ei satuks silmadesse, kuna see v\u00f5ib seal p\u00f5hjustada \u00e4rritust.<\/p>\n<p>Lihtsaks kasutamiseks m\u00f5eldud Bathmate Clean tuleb pihustada otse puhastatava sekslelu pinnale \u2013 h\u00f5\u00f5ruge puhastusvahend sisse, seej\u00e4rel p\u00fchkige niiske lapiga v\u00f5i veega ja kuivatage. Bathmate Clean sisaldab erinevaid koostisosi, sealhulgas &lt; 5% mitteioonseid pindaktiivseid aineid \u2013 anioonseid pindaktiivseid aineid: Methylchloroisothiazolinone ja Methylisothiazolinone.<\/p>\n","protected":false},"excerpt":{"rendered":"<p>Seksim\u00e4nguasjade puhtana ja h\u00fcgieenilisena hoidmine on oluline, seet\u00f5ttu l\u00f5ime Bathmate Cleani t\u00f5husa seksim\u00e4nguasjade puhastusvahendina. V\u00f5imas antibakteriaalne valem, mis on loodud silikooni ja kummiga ohutuks kasutamiseks, Bathmate Clean v\u00f5imaldab teil hoida k\u00f5ik m\u00e4nguasjad ideaalses seisukorras.<\/p>\n","protected":false},"featured_media":86137,"template":"","meta":[],"product_brand":[4197],"product_cat":[1466,1460],"product_tag":[],"class_list":{"0":"post-86135","1":"product","2":"type-product","3":"status-publish","4":"has-post-thumbnail","6":"product_brand-bathmate-et","7":"product_cat-hugieen","8":"product_cat-apteek","9":"pa_brand-bathmate-et","11":"first","12":"instock","13":"taxable","14":"shipping-taxable","15":"purchasable","16":"product-type-simple"},"yoast_head":"<!-- This site is optimized with the Yoast SEO plugin v27.4 - https:\/\/yoast.com\/product\/yoast-seo-wordpress\/ -->\n<title>Bathmate Puhastusvahend leludele 100ml | Lust and Love<\/title>\n<meta name=\"description\" content=\"Seksim\u00e4nguasjade puhtana ja h\u00fcgieenilisena hoidmine on oluline, seet\u00f5ttu l\u00f5ime Bathmate Cleani t\u00f5husa seksim\u00e4nguasjade puhastusvahendina.\" \/>\n<meta name=\"robots\" content=\"index,follow,max-snippet:-1,max-image-preview:large,max-video-preview:-1\" \/>\n<link rel=\"canonical\" href=\"https:\/\/lustandlove.eu\/et\/toode\/bathmate-puhastusvahend-leludele-100ml\/\" \/>\n<script type=\"application\/ld+json\" class=\"yoast-schema-graph\">{\"@context\":\"https:\\\/\\\/schema.org\",\"@graph\":[{\"@type\":[\"WebPage\",\"ItemPage\"],\"@id\":\"https:\\\/\\\/lustandlove.eu\\\/et\\\/toode\\\/bathmate-puhastusvahend-leludele-100ml\\\/\",\"url\":\"https:\\\/\\\/lustandlove.eu\\\/et\\\/toode\\\/bathmate-puhastusvahend-leludele-100ml\\\/\",\"name\":\"Bathmate Puhastusvahend leludele 100ml | Lust and Love\",\"isPartOf\":{\"@id\":\"https:\\\/\\\/lustandlove.eu\\\/et\\\/#website\"},\"primaryImageOfPage\":{\"@id\":\"https:\\\/\\\/lustandlove.eu\\\/et\\\/toode\\\/bathmate-puhastusvahend-leludele-100ml\\\/#primaryimage\"},\"image\":{\"@id\":\"https:\\\/\\\/lustandlove.eu\\\/et\\\/toode\\\/bathmate-puhastusvahend-leludele-100ml\\\/#primaryimage\"},\"thumbnailUrl\":\"https:\\\/\\\/lustandlove.eu\\\/wp-content\\\/uploads\\\/clean_3.png\",\"datePublished\":\"2023-07-13T07:41:32+00:00\",\"dateModified\":\"2026-04-13T07:33:25+00:00\",\"description\":\"Seksim\u00e4nguasjade puhtana ja h\u00fcgieenilisena hoidmine on oluline, seet\u00f5ttu l\u00f5ime Bathmate Cleani t\u00f5husa seksim\u00e4nguasjade puhastusvahendina.\",\"breadcrumb\":{\"@id\":\"https:\\\/\\\/lustandlove.eu\\\/et\\\/toode\\\/bathmate-puhastusvahend-leludele-100ml\\\/#breadcrumb\"},\"inLanguage\":\"et\",\"potentialAction\":[{\"@type\":\"ReadAction\",\"target\":[\"https:\\\/\\\/lustandlove.eu\\\/et\\\/toode\\\/bathmate-puhastusvahend-leludele-100ml\\\/\"]}]},{\"@type\":\"ImageObject\",\"inLanguage\":\"et\",\"@id\":\"https:\\\/\\\/lustandlove.eu\\\/et\\\/toode\\\/bathmate-puhastusvahend-leludele-100ml\\\/#primaryimage\",\"url\":\"https:\\\/\\\/lustandlove.eu\\\/wp-content\\\/uploads\\\/clean_3.png\",\"contentUrl\":\"https:\\\/\\\/lustandlove.eu\\\/wp-content\\\/uploads\\\/clean_3.png\",\"width\":1000,\"height\":1000},{\"@type\":\"BreadcrumbList\",\"@id\":\"https:\\\/\\\/lustandlove.eu\\\/et\\\/toode\\\/bathmate-puhastusvahend-leludele-100ml\\\/#breadcrumb\",\"itemListElement\":[{\"@type\":\"ListItem\",\"position\":1,\"name\":\"Lust and Love\",\"item\":\"https:\\\/\\\/lustandlove.eu\\\/et\\\/\"},{\"@type\":\"ListItem\",\"position\":2,\"name\":\"Pood\",\"item\":\"https:\\\/\\\/lustandlove.eu\\\/et\\\/pood\\\/\"},{\"@type\":\"ListItem\",\"position\":3,\"name\":\"Libestid ja kehahooldus\",\"item\":\"https:\\\/\\\/lustandlove.eu\\\/et\\\/pood\\\/apteek\\\/\"},{\"@type\":\"ListItem\",\"position\":4,\"name\":\"Bathmate Puhastusvahend leludele 100ml\"}]},{\"@type\":\"WebSite\",\"@id\":\"https:\\\/\\\/lustandlove.eu\\\/et\\\/#website\",\"url\":\"https:\\\/\\\/lustandlove.eu\\\/et\\\/\",\"name\":\"Lust & Love\",\"description\":\"Online erootikapood tervise, ilu ja armastuse jaoks\",\"publisher\":{\"@id\":\"https:\\\/\\\/lustandlove.eu\\\/et\\\/#organization\"},\"potentialAction\":[{\"@type\":\"SearchAction\",\"target\":{\"@type\":\"EntryPoint\",\"urlTemplate\":\"https:\\\/\\\/lustandlove.eu\\\/et\\\/?s={search_term_string}\"},\"query-input\":{\"@type\":\"PropertyValueSpecification\",\"valueRequired\":true,\"valueName\":\"search_term_string\"}}],\"inLanguage\":\"et\"},{\"@type\":\"Organization\",\"@id\":\"https:\\\/\\\/lustandlove.eu\\\/et\\\/#organization\",\"name\":\"Bioconcept Baltics O\u00dc\",\"url\":\"https:\\\/\\\/lustandlove.eu\\\/et\\\/\",\"logo\":{\"@type\":\"ImageObject\",\"inLanguage\":\"et\",\"@id\":\"https:\\\/\\\/lustandlove.eu\\\/et\\\/#\\\/schema\\\/logo\\\/image\\\/\",\"url\":\"https:\\\/\\\/lustandlove.eu\\\/wp-content\\\/uploads\\\/logo-full-2.png\",\"contentUrl\":\"https:\\\/\\\/lustandlove.eu\\\/wp-content\\\/uploads\\\/logo-full-2.png\",\"width\":837,\"height\":200,\"caption\":\"Bioconcept Baltics O\u00dc\"},\"image\":{\"@id\":\"https:\\\/\\\/lustandlove.eu\\\/et\\\/#\\\/schema\\\/logo\\\/image\\\/\"},\"sameAs\":[\"https:\\\/\\\/www.facebook.com\\\/LustandLoveEU\\\/\",\"https:\\\/\\\/www.instagram.com\\\/lustandloveeu\\\/\"]}]}<\/script>\n<!-- \/ Yoast SEO plugin. -->","yoast_head_json":{"title":"Bathmate Puhastusvahend leludele 100ml | Lust and Love","description":"Seksim\u00e4nguasjade puhtana ja h\u00fcgieenilisena hoidmine on oluline, seet\u00f5ttu l\u00f5ime Bathmate Cleani t\u00f5husa seksim\u00e4nguasjade puhastusvahendina.","robots":{"index,follow,max-snippet":"index,follow,max-snippet:-1,max-image-preview:large,max-video-preview:-1"},"canonical":"https:\/\/lustandlove.eu\/et\/toode\/bathmate-puhastusvahend-leludele-100ml\/","schema":{"@context":"https:\/\/schema.org","@graph":[{"@type":["WebPage","ItemPage"],"@id":"https:\/\/lustandlove.eu\/et\/toode\/bathmate-puhastusvahend-leludele-100ml\/","url":"https:\/\/lustandlove.eu\/et\/toode\/bathmate-puhastusvahend-leludele-100ml\/","name":"Bathmate Puhastusvahend leludele 100ml | Lust and Love","isPartOf":{"@id":"https:\/\/lustandlove.eu\/et\/#website"},"primaryImageOfPage":{"@id":"https:\/\/lustandlove.eu\/et\/toode\/bathmate-puhastusvahend-leludele-100ml\/#primaryimage"},"image":{"@id":"https:\/\/lustandlove.eu\/et\/toode\/bathmate-puhastusvahend-leludele-100ml\/#primaryimage"},"thumbnailUrl":"https:\/\/lustandlove.eu\/wp-content\/uploads\/clean_3.png","datePublished":"2023-07-13T07:41:32+00:00","dateModified":"2026-04-13T07:33:25+00:00","description":"Seksim\u00e4nguasjade puhtana ja h\u00fcgieenilisena hoidmine on oluline, seet\u00f5ttu l\u00f5ime Bathmate Cleani t\u00f5husa seksim\u00e4nguasjade puhastusvahendina.","breadcrumb":{"@id":"https:\/\/lustandlove.eu\/et\/toode\/bathmate-puhastusvahend-leludele-100ml\/#breadcrumb"},"inLanguage":"et","potentialAction":[{"@type":"ReadAction","target":["https:\/\/lustandlove.eu\/et\/toode\/bathmate-puhastusvahend-leludele-100ml\/"]}]},{"@type":"ImageObject","inLanguage":"et","@id":"https:\/\/lustandlove.eu\/et\/toode\/bathmate-puhastusvahend-leludele-100ml\/#primaryimage","url":"https:\/\/lustandlove.eu\/wp-content\/uploads\/clean_3.png","contentUrl":"https:\/\/lustandlove.eu\/wp-content\/uploads\/clean_3.png","width":1000,"height":1000},{"@type":"BreadcrumbList","@id":"https:\/\/lustandlove.eu\/et\/toode\/bathmate-puhastusvahend-leludele-100ml\/#breadcrumb","itemListElement":[{"@type":"ListItem","position":1,"name":"Lust and Love","item":"https:\/\/lustandlove.eu\/et\/"},{"@type":"ListItem","position":2,"name":"Pood","item":"https:\/\/lustandlove.eu\/et\/pood\/"},{"@type":"ListItem","position":3,"name":"Libestid ja kehahooldus","item":"https:\/\/lustandlove.eu\/et\/pood\/apteek\/"},{"@type":"ListItem","position":4,"name":"Bathmate Puhastusvahend leludele 100ml"}]},{"@type":"WebSite","@id":"https:\/\/lustandlove.eu\/et\/#website","url":"https:\/\/lustandlove.eu\/et\/","name":"Lust & Love","description":"Online erootikapood tervise, ilu ja armastuse jaoks","publisher":{"@id":"https:\/\/lustandlove.eu\/et\/#organization"},"potentialAction":[{"@type":"SearchAction","target":{"@type":"EntryPoint","urlTemplate":"https:\/\/lustandlove.eu\/et\/?s={search_term_string}"},"query-input":{"@type":"PropertyValueSpecification","valueRequired":true,"valueName":"search_term_string"}}],"inLanguage":"et"},{"@type":"Organization","@id":"https:\/\/lustandlove.eu\/et\/#organization","name":"Bioconcept Baltics O\u00dc","url":"https:\/\/lustandlove.eu\/et\/","logo":{"@type":"ImageObject","inLanguage":"et","@id":"https:\/\/lustandlove.eu\/et\/#\/schema\/logo\/image\/","url":"https:\/\/lustandlove.eu\/wp-content\/uploads\/logo-full-2.png","contentUrl":"https:\/\/lustandlove.eu\/wp-content\/uploads\/logo-full-2.png","width":837,"height":200,"caption":"Bioconcept Baltics O\u00dc"},"image":{"@id":"https:\/\/lustandlove.eu\/et\/#\/schema\/logo\/image\/"},"sameAs":["https:\/\/www.facebook.com\/LustandLoveEU\/","https:\/\/www.instagram.com\/lustandloveeu\/"]}]}},"_links":{"self":[{"href":"https:\/\/lustandlove.eu\/et\/wp-json\/wp\/v2\/product\/86135","targetHints":{"allow":["GET"]}}],"collection":[{"href":"https:\/\/lustandlove.eu\/et\/wp-json\/wp\/v2\/product"}],"about":[{"href":"https:\/\/lustandlove.eu\/et\/wp-json\/wp\/v2\/types\/product"}],"wp:featuredmedia":[{"embeddable":true,"href":"https:\/\/lustandlove.eu\/et\/wp-json\/wp\/v2\/media\/86137"}],"wp:attachment":[{"href":"https:\/\/lustandlove.eu\/et\/wp-json\/wp\/v2\/media?parent=86135"}],"wp:term":[{"taxonomy":"product_brand","embeddable":true,"href":"https:\/\/lustandlove.eu\/et\/wp-json\/wp\/v2\/product_brand?post=86135"},{"taxonomy":"product_cat","embeddable":true,"href":"https:\/\/lustandlove.eu\/et\/wp-json\/wp\/v2\/product_cat?post=86135"},{"taxonomy":"product_tag","embeddable":true,"href":"https:\/\/lustandlove.eu\/et\/wp-json\/wp\/v2\/product_tag?post=86135"}],"curies":[{"name":"wp","href":"https:\/\/api.w.org\/{rel}","templated":true}]}}