{"id":86290,"date":"2023-07-31T09:34:35","date_gmt":"2023-07-31T06:34:38","guid":{"rendered":"https:\/\/www.lustandlove.eu\/?post_type=product&#038;p=86290"},"modified":"2026-04-13T10:33:25","modified_gmt":"2026-04-13T07:33:25","slug":"oones-spiraalne-anaaltapp","status":"publish","type":"product","link":"https:\/\/lustandlove.eu\/et\/toode\/oones-spiraalne-anaaltapp\/","title":{"rendered":"\u00d5\u00f5nes Spiraalne Anaaltapp"},"content":{"rendered":"<div class=\"wpb-content-wrapper\"><p>[vc_row][vc_column mobile_bg_img_hidden=&#8221;no&#8221; tablet_bg_img_hidden=&#8221;no&#8221; woodmart_parallax=&#8221;0&#8243; woodmart_sticky_column=&#8221;false&#8221; parallax_scroll=&#8221;no&#8221; mobile_reset_margin=&#8221;no&#8221; tablet_reset_margin=&#8221;no&#8221;][vc_column_text woodmart_inline=&#8221;no&#8221; text_larger=&#8221;no&#8221;]Iga SEVANDA roostevabast terasest kullast \u00f5\u00f5nes spiraalne anaaltapp on kaunilt pakendatud ehetest inspireeritud luksuslikku karpi, mis lisab rafineeritust ja tagab diskreetse hoiustamise, kui seda ei kasutata. Karbi seest leiate riidest hoiukoti, millel on kaks otstarvet. See mitte ainult ei hoia teie tappi turvalisena, vaid toimib ka poleerimislapina, v\u00f5imaldades teil s\u00e4ilitada selle suurep\u00e4rase kuldse viimistluse puutumatus seisukorras.<\/p>\n<p>K\u00f5rgekvaliteedilisest roostevabast terasest valmistatud anaaltappil on sile ja \u00f5mblusteta pind, mis tagab mugava sisestamise ja parandab \u00fcldist sensoorset kogemust. Unikaalne \u00f5\u00f5nes spiraalne disain eristab seda tavap\u00e4rastest tappidest, pakkudes erakordset t\u00e4istunnet ja intensiivset stimulatsiooni. Iga liigutusega tekitab spiraalne kuju p\u00f5nevaid m\u00f5nusid, muutes iga m\u00e4nguhetke t\u00f5eliselt unustamatuks.<\/p>\n<p>Kitsenev ots v\u00f5imaldab h\u00f5lpsat sisestamist, samas kui j\u00e4rk-j\u00e4rgult laienev \u00fcmberm\u00f5\u00f5t tagab turvalise ja rahuldava istuvuse. Laiendatud alus mitte ainult ei lisa stabiilsust, vaid toimib ka turvaelemendina, v\u00e4ltides tappi liiga sisse libisemist. Mugav k\u00e4epide alusel pakub pingutuseta juhtimist ja lihtsat k\u00e4ttesaamist, tagades muretu ja meeldiva kogemuse. See h\u00fcgieeni ja vastupidavust silmas pidades loodud anaallelu on poorideta ja kergesti puhastatav. Peske seda lihtsalt \u00f5rna seebi ja sooja veega v\u00f5i kasutage p\u00f5hjalikuks steriliseerimiseks m\u00e4nguasjade puhastusvahendit.<\/p>\n<p>Roostevabast terasest konstruktsioon muudab selle \u00fchilduvaks igat t\u00fc\u00fcpi libestitega, sealhulgas vee-, silikooni- ja \u00f5lip\u00f5histe valikutega. Olenemata sellest, kas olete kogenud entusiast v\u00f5i algaja, kes uurib anaalm\u00e4ngu maailma, SEVANDA roostevabast terasest \u00f5\u00f5nes spiraalne anaaltapp on loodud teie soovidele vastama ja teie kirge s\u00fctitama. Nautige seda oivalist naudingut ja viige oma intiimsed hetked uutesse k\u00f5rgustesse selle vapustava ja sensuaalselt rahuldust pakkuva anaaltappiga.<\/p>\n<p><strong>V\u00e4ike<\/strong>: 30mm*64mm<br \/>\n<strong>Keskmine<\/strong>: 40mm*78mm<br \/>\n<strong>Suur<\/strong>: 45mm*98mm[\/vc_column_text][\/vc_column][\/vc_row]<\/p>\n<\/div>","protected":false},"excerpt":{"rendered":"<p>Tutvustame SEVANDA roostevabast terasest kullast \u00f5\u00f5nsat spiraalset anaaltappi, mis on luksuslik ja peen t\u00e4iendus teie intiimsele m\u00e4nguasjade kollektsioonile. See anaaltapp on loodud \u00fclima t\u00e4psusega SEVANDA poolt, kes on t\u00e4iskasvanutele m\u00f5eldud esmaklassiliste m\u00e4nguasjade usaldusv\u00e4\u00e4rne tootja. See anaaltapp on loodud pakkuma nii esteetilist v\u00e4limust kui ka v\u00f5rratut naudingut.<\/p>\n","protected":false},"featured_media":86311,"template":"","meta":[],"product_brand":[4228],"product_cat":[1491],"product_tag":[3403,3388,3312],"class_list":{"0":"post-86290","1":"product","2":"type-product","3":"status-publish","4":"has-post-thumbnail","6":"product_brand-o-products-et","7":"product_cat-anaallelud","8":"product_tag-naistepaev","9":"product_tag-pride-et","10":"product_tag-valentines-et","11":"pa_brand-o-products-et","13":"first","14":"instock","15":"taxable","16":"shipping-taxable","17":"purchasable","18":"product-type-variable"},"yoast_head":"<!-- This site is optimized with the Yoast SEO plugin v27.3 - https:\/\/yoast.com\/product\/yoast-seo-wordpress\/ -->\n<title>\u00d5\u00f5nes Spiraalne Anaaltapp | Lust and Love<\/title>\n<meta name=\"description\" content=\"Tutvustame SEVANDA roostevabast terasest kullast \u00f5\u00f5nsat spiraalset anaaltappi, mis on luksuslik ja peen t\u00e4iendus teie intiimsele m\u00e4nguasjade kollektsioonile.\" \/>\n<meta name=\"robots\" content=\"index,follow,max-snippet:-1,max-image-preview:large,max-video-preview:-1\" \/>\n<link rel=\"canonical\" href=\"https:\/\/lustandlove.eu\/et\/toode\/oones-spiraalne-anaaltapp\/\" \/>\n<meta name=\"twitter:card\" content=\"summary_large_image\" \/>\n<meta name=\"twitter:title\" content=\"\u00d5\u00f5nes Spiraalne Anaaltapp | Lust and Love\" \/>\n<meta name=\"twitter:description\" content=\"Tutvustame SEVANDA roostevabast terasest kullast \u00f5\u00f5nsat spiraalset anaaltappi, mis on luksuslik ja peen t\u00e4iendus teie intiimsele m\u00e4nguasjade kollektsioonile.\" \/>\n<meta name=\"twitter:image\" content=\"https:\/\/lustandlove.eu\/wp-content\/uploads\/opr-3330112-01.jpg\" \/>\n<meta name=\"twitter:label1\" content=\"Est. reading time\" \/>\n\t<meta name=\"twitter:data1\" content=\"1 minut\" \/>\n<script type=\"application\/ld+json\" class=\"yoast-schema-graph\">{\"@context\":\"https:\\\/\\\/schema.org\",\"@graph\":[{\"@type\":[\"WebPage\",\"ItemPage\"],\"@id\":\"https:\\\/\\\/lustandlove.eu\\\/et\\\/toode\\\/oones-spiraalne-anaaltapp\\\/\",\"url\":\"https:\\\/\\\/lustandlove.eu\\\/et\\\/toode\\\/oones-spiraalne-anaaltapp\\\/\",\"name\":\"\u00d5\u00f5nes Spiraalne Anaaltapp | Lust and Love\",\"isPartOf\":{\"@id\":\"https:\\\/\\\/lustandlove.eu\\\/et\\\/#website\"},\"primaryImageOfPage\":{\"@id\":\"https:\\\/\\\/lustandlove.eu\\\/et\\\/toode\\\/oones-spiraalne-anaaltapp\\\/#primaryimage\"},\"image\":{\"@id\":\"https:\\\/\\\/lustandlove.eu\\\/et\\\/toode\\\/oones-spiraalne-anaaltapp\\\/#primaryimage\"},\"thumbnailUrl\":\"https:\\\/\\\/lustandlove.eu\\\/wp-content\\\/uploads\\\/opr-3330112-01.jpg\",\"datePublished\":\"2023-07-31T06:34:38+00:00\",\"dateModified\":\"2026-04-13T07:33:25+00:00\",\"description\":\"Tutvustame SEVANDA roostevabast terasest kullast \u00f5\u00f5nsat spiraalset anaaltappi, mis on luksuslik ja peen t\u00e4iendus teie intiimsele m\u00e4nguasjade kollektsioonile.\",\"breadcrumb\":{\"@id\":\"https:\\\/\\\/lustandlove.eu\\\/et\\\/toode\\\/oones-spiraalne-anaaltapp\\\/#breadcrumb\"},\"inLanguage\":\"et\",\"potentialAction\":[{\"@type\":\"ReadAction\",\"target\":[\"https:\\\/\\\/lustandlove.eu\\\/et\\\/toode\\\/oones-spiraalne-anaaltapp\\\/\"]}]},{\"@type\":\"ImageObject\",\"inLanguage\":\"et\",\"@id\":\"https:\\\/\\\/lustandlove.eu\\\/et\\\/toode\\\/oones-spiraalne-anaaltapp\\\/#primaryimage\",\"url\":\"https:\\\/\\\/lustandlove.eu\\\/wp-content\\\/uploads\\\/opr-3330112-01.jpg\",\"contentUrl\":\"https:\\\/\\\/lustandlove.eu\\\/wp-content\\\/uploads\\\/opr-3330112-01.jpg\",\"width\":1200,\"height\":1200},{\"@type\":\"BreadcrumbList\",\"@id\":\"https:\\\/\\\/lustandlove.eu\\\/et\\\/toode\\\/oones-spiraalne-anaaltapp\\\/#breadcrumb\",\"itemListElement\":[{\"@type\":\"ListItem\",\"position\":1,\"name\":\"Lust and Love\",\"item\":\"https:\\\/\\\/lustandlove.eu\\\/et\\\/\"},{\"@type\":\"ListItem\",\"position\":2,\"name\":\"Pood\",\"item\":\"https:\\\/\\\/lustandlove.eu\\\/et\\\/pood\\\/\"},{\"@type\":\"ListItem\",\"position\":3,\"name\":\"Sekslelud\",\"item\":\"https:\\\/\\\/lustandlove.eu\\\/et\\\/pood\\\/sekslelud\\\/\"},{\"@type\":\"ListItem\",\"position\":4,\"name\":\"Anaallelud\",\"item\":\"https:\\\/\\\/lustandlove.eu\\\/et\\\/pood\\\/sekslelud\\\/anaallelud\\\/\"},{\"@type\":\"ListItem\",\"position\":5,\"name\":\"\u00d5\u00f5nes Spiraalne Anaaltapp\"}]},{\"@type\":\"WebSite\",\"@id\":\"https:\\\/\\\/lustandlove.eu\\\/et\\\/#website\",\"url\":\"https:\\\/\\\/lustandlove.eu\\\/et\\\/\",\"name\":\"Lust &amp; Love\",\"description\":\"Online erootikapood tervise, ilu ja armastuse jaoks\",\"publisher\":{\"@id\":\"https:\\\/\\\/lustandlove.eu\\\/et\\\/#organization\"},\"potentialAction\":[{\"@type\":\"SearchAction\",\"target\":{\"@type\":\"EntryPoint\",\"urlTemplate\":\"https:\\\/\\\/lustandlove.eu\\\/et\\\/?s={search_term_string}\"},\"query-input\":{\"@type\":\"PropertyValueSpecification\",\"valueRequired\":true,\"valueName\":\"search_term_string\"}}],\"inLanguage\":\"et\"},{\"@type\":\"Organization\",\"@id\":\"https:\\\/\\\/lustandlove.eu\\\/et\\\/#organization\",\"name\":\"Bioconcept Baltics O\u00dc\",\"url\":\"https:\\\/\\\/lustandlove.eu\\\/et\\\/\",\"logo\":{\"@type\":\"ImageObject\",\"inLanguage\":\"et\",\"@id\":\"https:\\\/\\\/lustandlove.eu\\\/et\\\/#\\\/schema\\\/logo\\\/image\\\/\",\"url\":\"\",\"contentUrl\":\"\",\"caption\":\"Bioconcept Baltics O\u00dc\"},\"image\":{\"@id\":\"https:\\\/\\\/lustandlove.eu\\\/et\\\/#\\\/schema\\\/logo\\\/image\\\/\"},\"sameAs\":[\"https:\\\/\\\/www.facebook.com\\\/LustandLoveEU\\\/\",\"https:\\\/\\\/www.instagram.com\\\/lustandloveeu\\\/\"]}]}<\/script>\n<!-- \/ Yoast SEO plugin. -->","yoast_head_json":{"title":"\u00d5\u00f5nes Spiraalne Anaaltapp | Lust and Love","description":"Tutvustame SEVANDA roostevabast terasest kullast \u00f5\u00f5nsat spiraalset anaaltappi, mis on luksuslik ja peen t\u00e4iendus teie intiimsele m\u00e4nguasjade kollektsioonile.","robots":{"index,follow,max-snippet":"index,follow,max-snippet:-1,max-image-preview:large,max-video-preview:-1"},"canonical":"https:\/\/lustandlove.eu\/et\/toode\/oones-spiraalne-anaaltapp\/","twitter_card":"summary_large_image","twitter_title":"\u00d5\u00f5nes Spiraalne Anaaltapp | Lust and Love","twitter_description":"Tutvustame SEVANDA roostevabast terasest kullast \u00f5\u00f5nsat spiraalset anaaltappi, mis on luksuslik ja peen t\u00e4iendus teie intiimsele m\u00e4nguasjade kollektsioonile.","twitter_image":"https:\/\/lustandlove.eu\/wp-content\/uploads\/opr-3330112-01.jpg","twitter_misc":{"Est. reading time":"1 minut"},"schema":{"@context":"https:\/\/schema.org","@graph":[{"@type":["WebPage","ItemPage"],"@id":"https:\/\/lustandlove.eu\/et\/toode\/oones-spiraalne-anaaltapp\/","url":"https:\/\/lustandlove.eu\/et\/toode\/oones-spiraalne-anaaltapp\/","name":"\u00d5\u00f5nes Spiraalne Anaaltapp | Lust and Love","isPartOf":{"@id":"https:\/\/lustandlove.eu\/et\/#website"},"primaryImageOfPage":{"@id":"https:\/\/lustandlove.eu\/et\/toode\/oones-spiraalne-anaaltapp\/#primaryimage"},"image":{"@id":"https:\/\/lustandlove.eu\/et\/toode\/oones-spiraalne-anaaltapp\/#primaryimage"},"thumbnailUrl":"https:\/\/lustandlove.eu\/wp-content\/uploads\/opr-3330112-01.jpg","datePublished":"2023-07-31T06:34:38+00:00","dateModified":"2026-04-13T07:33:25+00:00","description":"Tutvustame SEVANDA roostevabast terasest kullast \u00f5\u00f5nsat spiraalset anaaltappi, mis on luksuslik ja peen t\u00e4iendus teie intiimsele m\u00e4nguasjade kollektsioonile.","breadcrumb":{"@id":"https:\/\/lustandlove.eu\/et\/toode\/oones-spiraalne-anaaltapp\/#breadcrumb"},"inLanguage":"et","potentialAction":[{"@type":"ReadAction","target":["https:\/\/lustandlove.eu\/et\/toode\/oones-spiraalne-anaaltapp\/"]}]},{"@type":"ImageObject","inLanguage":"et","@id":"https:\/\/lustandlove.eu\/et\/toode\/oones-spiraalne-anaaltapp\/#primaryimage","url":"https:\/\/lustandlove.eu\/wp-content\/uploads\/opr-3330112-01.jpg","contentUrl":"https:\/\/lustandlove.eu\/wp-content\/uploads\/opr-3330112-01.jpg","width":1200,"height":1200},{"@type":"BreadcrumbList","@id":"https:\/\/lustandlove.eu\/et\/toode\/oones-spiraalne-anaaltapp\/#breadcrumb","itemListElement":[{"@type":"ListItem","position":1,"name":"Lust and Love","item":"https:\/\/lustandlove.eu\/et\/"},{"@type":"ListItem","position":2,"name":"Pood","item":"https:\/\/lustandlove.eu\/et\/pood\/"},{"@type":"ListItem","position":3,"name":"Sekslelud","item":"https:\/\/lustandlove.eu\/et\/pood\/sekslelud\/"},{"@type":"ListItem","position":4,"name":"Anaallelud","item":"https:\/\/lustandlove.eu\/et\/pood\/sekslelud\/anaallelud\/"},{"@type":"ListItem","position":5,"name":"\u00d5\u00f5nes Spiraalne Anaaltapp"}]},{"@type":"WebSite","@id":"https:\/\/lustandlove.eu\/et\/#website","url":"https:\/\/lustandlove.eu\/et\/","name":"Lust &amp; Love","description":"Online erootikapood tervise, ilu ja armastuse jaoks","publisher":{"@id":"https:\/\/lustandlove.eu\/et\/#organization"},"potentialAction":[{"@type":"SearchAction","target":{"@type":"EntryPoint","urlTemplate":"https:\/\/lustandlove.eu\/et\/?s={search_term_string}"},"query-input":{"@type":"PropertyValueSpecification","valueRequired":true,"valueName":"search_term_string"}}],"inLanguage":"et"},{"@type":"Organization","@id":"https:\/\/lustandlove.eu\/et\/#organization","name":"Bioconcept Baltics O\u00dc","url":"https:\/\/lustandlove.eu\/et\/","logo":{"@type":"ImageObject","inLanguage":"et","@id":"https:\/\/lustandlove.eu\/et\/#\/schema\/logo\/image\/","url":"","contentUrl":"","caption":"Bioconcept Baltics O\u00dc"},"image":{"@id":"https:\/\/lustandlove.eu\/et\/#\/schema\/logo\/image\/"},"sameAs":["https:\/\/www.facebook.com\/LustandLoveEU\/","https:\/\/www.instagram.com\/lustandloveeu\/"]}]}},"_links":{"self":[{"href":"https:\/\/lustandlove.eu\/et\/wp-json\/wp\/v2\/product\/86290","targetHints":{"allow":["GET"]}}],"collection":[{"href":"https:\/\/lustandlove.eu\/et\/wp-json\/wp\/v2\/product"}],"about":[{"href":"https:\/\/lustandlove.eu\/et\/wp-json\/wp\/v2\/types\/product"}],"wp:featuredmedia":[{"embeddable":true,"href":"https:\/\/lustandlove.eu\/et\/wp-json\/wp\/v2\/media\/86311"}],"wp:attachment":[{"href":"https:\/\/lustandlove.eu\/et\/wp-json\/wp\/v2\/media?parent=86290"}],"wp:term":[{"taxonomy":"product_brand","embeddable":true,"href":"https:\/\/lustandlove.eu\/et\/wp-json\/wp\/v2\/product_brand?post=86290"},{"taxonomy":"product_cat","embeddable":true,"href":"https:\/\/lustandlove.eu\/et\/wp-json\/wp\/v2\/product_cat?post=86290"},{"taxonomy":"product_tag","embeddable":true,"href":"https:\/\/lustandlove.eu\/et\/wp-json\/wp\/v2\/product_tag?post=86290"}],"curies":[{"name":"wp","href":"https:\/\/api.w.org\/{rel}","templated":true}]}}