{"id":86380,"date":"2023-08-07T12:14:07","date_gmt":"2023-08-07T09:14:08","guid":{"rendered":"https:\/\/www.lustandlove.eu\/?post_type=product&#038;p=86380"},"modified":"2026-04-13T10:33:24","modified_gmt":"2026-04-13T07:33:24","slug":"kihisev-massazivaht","status":"publish","type":"product","link":"https:\/\/lustandlove.eu\/et\/toode\/kihisev-massazivaht\/","title":{"rendered":"Kihisev Massa\u017eivaht"},"content":{"rendered":"<div class=\"wpb-content-wrapper\"><p>[vc_row][vc_column][vc_column_text woodmart_inline=&#8221;no&#8221; text_larger=&#8221;no&#8221;]<strong>Kihisev kreemjas vaht<\/strong><br \/>\nNahaga kokku puutudes pakub YESforLOV massaa\u017eivaht kauakestvat s\u00e4risevat tunnet, mis lisab teie massaa\u017eidesse m\u00f5nusa originaalsuse ja erootilisuse. See sensuaalne massaa\u017eivaht ei kleepu ega j\u00e4ta j\u00e4\u00e4ke.<\/p>\n<p><strong>Kohene v\u00e4rskuse tunne<\/strong><br \/>\nYESforLOV s\u00e4risev massaa\u017eivaht kutsub teid avastama uusi sensoorseid naudinguid: see annab nahale kohese jaheda tunde, et v\u00e4rskendada teie p\u00e4ikese k\u00e4es suudletud keha. Ideaalne suvel, see on seksikaim aksessuaar kohvrisse pakkimiseks, ideaalne p\u00e4rast rannas lebamist.<\/p>\n<p><strong>Sensuaalne, s\u00f5ltuvust tekitav ja t\u00e4iesti s\u00fcndsusetu aroom<\/strong><br \/>\nYESforLOV uus nahkne aroom uinutab teid erootilises ja magusas unen\u00e4os. Meeldivad ja lillelised safraninoodid tabavad teid kindlasti v\u00e4ikese magususega, millele vastandub metsik ja erootiline merevaigu j\u00e4ljend.<\/p>\n<p><strong>Luksuslik esitlus<\/strong><br \/>\nValges ja kuldses pakendis ning ohutus aerosoolpudelis, mida on lihtne kasutada. Sama kaasaegne ja tipptasemel identiteet, mis leiab loomulikult oma koha teie vannitoas, rannakotis v\u00f5i \u00f6\u00f6kapil.<\/p>\n<p>\u00dcLEMINOODID: safran, viiruk, must pipar<\/p>\n<p>KESKMISED NOTODID: nahk, absoluutne labdanum<\/p>\n<p>P\u00d5HJANOODID: seeder, muskus, merevaik<\/p>\n<p><strong>Austus oma naha vastu<\/strong><br \/>\nS\u00fcndsusetu l\u00f5hnaga s\u00e4risev YESforLOV massaa\u017eivaht on dermatoloogilise kontrolli all testitud.<\/p>\n<p>Sobib k\u00f5ikidele nahat\u00fc\u00fcpidele: normaalne, rasune, kuiv v\u00f5i atoopiline.<\/p>\n<p>Kosmeetikavalve: Siiani ei ole teatatud kahjulikest m\u00f5judest.<\/p>\n<p>Soovitused kasutamiseks:<\/p>\n<p>Ainult v\u00e4line kasutamine.<br \/>\n\u00c4rge kasutage koos kondoomidega.<br \/>\nMitte kanda intiimsetele limaskestadele.<br \/>\nMitte alla neelata. Allaneelamisel: loputada suud. Silma sattumisel: Loputage hoolikalt mitme minuti jooksul veega. Eemaldage kontaktl\u00e4\u00e4tsed, kui kannatanu kannab neid ja kui neid saab kergesti eemaldada. J\u00e4tkake loputamist.<\/p>\n<p>N\u00f5uanded kasutamiseks<br \/>\n1. Raputage pudelit tugevalt, hoides seda enne kasutamist p\u00fcsti.<\/p>\n<p>150ml vahtu annab umbes 50 ploomusuurust annust.<\/p>\n<p>Ettevaatust Eriti tuleohtlik aerosool \u2013 Surveanum: v\u00f5ib kuumuse m\u00f5jul l\u00f5hkeda. \u00c4rge torgake ega p\u00f5letage isegi p\u00e4rast kasutamist. Hoida lastele k\u00e4ttesaamatus kohas. Hoida eemal kuumusest, kuumadest pindadest, s\u00e4demetest, lahtisest leegist ja muudest s\u00fc\u00fcteallikatest. \u00c4ra suitseta. Mitte pihustada lahtisele tulele ega muule s\u00fc\u00fcteallikale. Kaitsta p\u00e4ikesekiirguse eest. Mitte hoida temperatuuril \u00fcle 50\u00b0C\/122\u00b0F.[\/vc_column_text][\/vc_column][\/vc_row]<\/p>\n<\/div>","protected":false},"excerpt":{"rendered":"<p>YESforLOV kihisev massaa\u017eivaht \u00fcletab massaa\u017ei peene kunsti. Selle kreemjas ja \u00fcmbritsev tekstuur annab nahale kihiseva tunde, mis on \u00fchtaegu p\u00f5nev ja v\u00e4rskendav, samas kui parf\u00fc\u00fcmi lille-, safrani- ja nahkjad noodid aitavad s\u00fctitada ihaldustunde. Just selle enneolematu p\u00f5nevusega pakute oma partnerile k\u00f5ige meeletumat ekstaasi.<\/p>\n","protected":false},"featured_media":86390,"template":"","meta":[],"product_brand":[4248],"product_cat":[1460,1468],"product_tag":[3654,3095,3444],"class_list":{"0":"post-86380","1":"product","2":"type-product","3":"status-publish","4":"has-post-thumbnail","6":"product_brand-yesforlov-et","7":"product_cat-apteek","8":"product_cat-massaaziolid-ja-geelid","9":"product_tag-reisiks","10":"product_tag-stc_bdsm-et","11":"product_tag-sugis","12":"pa_brand-yesforlov-et","14":"first","15":"instock","16":"purchasable","17":"product-type-simple"},"yoast_head":"<!-- This site is optimized with the Yoast SEO plugin v27.3 - https:\/\/yoast.com\/product\/yoast-seo-wordpress\/ -->\n<title>Kihisev Massa\u017eivaht - ideaalne teie magamistuppa | Lust&amp;Love<\/title>\n<meta name=\"description\" content=\"YESforLOV kihisev massaa\u017eivaht \u00fcletab massaa\u017ei peene kunsti. Selle kreemjas ja \u00fcmbritsev tekstuur annab nahale kihise tunde, mis on \u00fchtaegu p\u00f5nev ja v\u00e4rskendav.\" \/>\n<meta name=\"robots\" content=\"index,follow,max-snippet:-1,max-image-preview:large,max-video-preview:-1\" \/>\n<link rel=\"canonical\" href=\"https:\/\/lustandlove.eu\/et\/toode\/kihisev-massazivaht\/\" \/>\n<meta name=\"twitter:card\" content=\"summary_large_image\" \/>\n<meta name=\"twitter:title\" content=\"Kihisev Massa\u017eivaht - ideaalne teie magamistuppa | Lust&amp;Love\" \/>\n<meta name=\"twitter:description\" content=\"YESforLOV kihisev massaa\u017eivaht \u00fcletab massaa\u017ei peene kunsti. Selle kreemjas ja \u00fcmbritsev tekstuur annab nahale kihise tunde, mis on \u00fchtaegu p\u00f5nev ja v\u00e4rskendav.\" \/>\n<meta name=\"twitter:image\" content=\"https:\/\/lustandlove.eu\/wp-content\/uploads\/Fizzy_massage_foam_yesforlov.gr_.jpg\" \/>\n<meta name=\"twitter:label1\" content=\"Est. reading time\" \/>\n\t<meta name=\"twitter:data1\" content=\"1 minut\" \/>\n<script type=\"application\/ld+json\" class=\"yoast-schema-graph\">{\"@context\":\"https:\\\/\\\/schema.org\",\"@graph\":[{\"@type\":[\"WebPage\",\"ItemPage\"],\"@id\":\"https:\\\/\\\/lustandlove.eu\\\/et\\\/toode\\\/kihisev-massazivaht\\\/\",\"url\":\"https:\\\/\\\/lustandlove.eu\\\/et\\\/toode\\\/kihisev-massazivaht\\\/\",\"name\":\"Kihisev Massa\u017eivaht - ideaalne teie magamistuppa | Lust&Love\",\"isPartOf\":{\"@id\":\"https:\\\/\\\/lustandlove.eu\\\/et\\\/#website\"},\"primaryImageOfPage\":{\"@id\":\"https:\\\/\\\/lustandlove.eu\\\/et\\\/toode\\\/kihisev-massazivaht\\\/#primaryimage\"},\"image\":{\"@id\":\"https:\\\/\\\/lustandlove.eu\\\/et\\\/toode\\\/kihisev-massazivaht\\\/#primaryimage\"},\"thumbnailUrl\":\"https:\\\/\\\/lustandlove.eu\\\/wp-content\\\/uploads\\\/Fizzy_massage_foam_yesforlov.gr_.jpg\",\"datePublished\":\"2023-08-07T09:14:08+00:00\",\"dateModified\":\"2026-04-13T07:33:24+00:00\",\"description\":\"YESforLOV kihisev massaa\u017eivaht \u00fcletab massaa\u017ei peene kunsti. Selle kreemjas ja \u00fcmbritsev tekstuur annab nahale kihise tunde, mis on \u00fchtaegu p\u00f5nev ja v\u00e4rskendav.\",\"breadcrumb\":{\"@id\":\"https:\\\/\\\/lustandlove.eu\\\/et\\\/toode\\\/kihisev-massazivaht\\\/#breadcrumb\"},\"inLanguage\":\"et\",\"potentialAction\":[{\"@type\":\"ReadAction\",\"target\":[\"https:\\\/\\\/lustandlove.eu\\\/et\\\/toode\\\/kihisev-massazivaht\\\/\"]}]},{\"@type\":\"ImageObject\",\"inLanguage\":\"et\",\"@id\":\"https:\\\/\\\/lustandlove.eu\\\/et\\\/toode\\\/kihisev-massazivaht\\\/#primaryimage\",\"url\":\"https:\\\/\\\/lustandlove.eu\\\/wp-content\\\/uploads\\\/Fizzy_massage_foam_yesforlov.gr_.jpg\",\"contentUrl\":\"https:\\\/\\\/lustandlove.eu\\\/wp-content\\\/uploads\\\/Fizzy_massage_foam_yesforlov.gr_.jpg\",\"width\":1920,\"height\":1920},{\"@type\":\"BreadcrumbList\",\"@id\":\"https:\\\/\\\/lustandlove.eu\\\/et\\\/toode\\\/kihisev-massazivaht\\\/#breadcrumb\",\"itemListElement\":[{\"@type\":\"ListItem\",\"position\":1,\"name\":\"Lust and Love\",\"item\":\"https:\\\/\\\/lustandlove.eu\\\/et\\\/\"},{\"@type\":\"ListItem\",\"position\":2,\"name\":\"Pood\",\"item\":\"https:\\\/\\\/lustandlove.eu\\\/et\\\/pood\\\/\"},{\"@type\":\"ListItem\",\"position\":3,\"name\":\"Libestid ja kehahooldus\",\"item\":\"https:\\\/\\\/lustandlove.eu\\\/et\\\/pood\\\/apteek\\\/\"},{\"@type\":\"ListItem\",\"position\":4,\"name\":\"Massaa\u017ei\u00f5lid ja -geelid\",\"item\":\"https:\\\/\\\/lustandlove.eu\\\/et\\\/pood\\\/apteek\\\/massaaziolid-ja-geelid\\\/\"},{\"@type\":\"ListItem\",\"position\":5,\"name\":\"Kihisev Massa\u017eivaht\"}]},{\"@type\":\"WebSite\",\"@id\":\"https:\\\/\\\/lustandlove.eu\\\/et\\\/#website\",\"url\":\"https:\\\/\\\/lustandlove.eu\\\/et\\\/\",\"name\":\"Lust &amp; Love\",\"description\":\"Online erootikapood tervise, ilu ja armastuse jaoks\",\"publisher\":{\"@id\":\"https:\\\/\\\/lustandlove.eu\\\/et\\\/#organization\"},\"potentialAction\":[{\"@type\":\"SearchAction\",\"target\":{\"@type\":\"EntryPoint\",\"urlTemplate\":\"https:\\\/\\\/lustandlove.eu\\\/et\\\/?s={search_term_string}\"},\"query-input\":{\"@type\":\"PropertyValueSpecification\",\"valueRequired\":true,\"valueName\":\"search_term_string\"}}],\"inLanguage\":\"et\"},{\"@type\":\"Organization\",\"@id\":\"https:\\\/\\\/lustandlove.eu\\\/et\\\/#organization\",\"name\":\"Bioconcept Baltics O\u00dc\",\"url\":\"https:\\\/\\\/lustandlove.eu\\\/et\\\/\",\"logo\":{\"@type\":\"ImageObject\",\"inLanguage\":\"et\",\"@id\":\"https:\\\/\\\/lustandlove.eu\\\/et\\\/#\\\/schema\\\/logo\\\/image\\\/\",\"url\":\"\",\"contentUrl\":\"\",\"caption\":\"Bioconcept Baltics O\u00dc\"},\"image\":{\"@id\":\"https:\\\/\\\/lustandlove.eu\\\/et\\\/#\\\/schema\\\/logo\\\/image\\\/\"},\"sameAs\":[\"https:\\\/\\\/www.facebook.com\\\/LustandLoveEU\\\/\",\"https:\\\/\\\/www.instagram.com\\\/lustandloveeu\\\/\"]}]}<\/script>\n<!-- \/ Yoast SEO plugin. -->","yoast_head_json":{"title":"Kihisev Massa\u017eivaht - ideaalne teie magamistuppa | Lust&Love","description":"YESforLOV kihisev massaa\u017eivaht \u00fcletab massaa\u017ei peene kunsti. Selle kreemjas ja \u00fcmbritsev tekstuur annab nahale kihise tunde, mis on \u00fchtaegu p\u00f5nev ja v\u00e4rskendav.","robots":{"index,follow,max-snippet":"index,follow,max-snippet:-1,max-image-preview:large,max-video-preview:-1"},"canonical":"https:\/\/lustandlove.eu\/et\/toode\/kihisev-massazivaht\/","twitter_card":"summary_large_image","twitter_title":"Kihisev Massa\u017eivaht - ideaalne teie magamistuppa | Lust&Love","twitter_description":"YESforLOV kihisev massaa\u017eivaht \u00fcletab massaa\u017ei peene kunsti. Selle kreemjas ja \u00fcmbritsev tekstuur annab nahale kihise tunde, mis on \u00fchtaegu p\u00f5nev ja v\u00e4rskendav.","twitter_image":"https:\/\/lustandlove.eu\/wp-content\/uploads\/Fizzy_massage_foam_yesforlov.gr_.jpg","twitter_misc":{"Est. reading time":"1 minut"},"schema":{"@context":"https:\/\/schema.org","@graph":[{"@type":["WebPage","ItemPage"],"@id":"https:\/\/lustandlove.eu\/et\/toode\/kihisev-massazivaht\/","url":"https:\/\/lustandlove.eu\/et\/toode\/kihisev-massazivaht\/","name":"Kihisev Massa\u017eivaht - ideaalne teie magamistuppa | Lust&Love","isPartOf":{"@id":"https:\/\/lustandlove.eu\/et\/#website"},"primaryImageOfPage":{"@id":"https:\/\/lustandlove.eu\/et\/toode\/kihisev-massazivaht\/#primaryimage"},"image":{"@id":"https:\/\/lustandlove.eu\/et\/toode\/kihisev-massazivaht\/#primaryimage"},"thumbnailUrl":"https:\/\/lustandlove.eu\/wp-content\/uploads\/Fizzy_massage_foam_yesforlov.gr_.jpg","datePublished":"2023-08-07T09:14:08+00:00","dateModified":"2026-04-13T07:33:24+00:00","description":"YESforLOV kihisev massaa\u017eivaht \u00fcletab massaa\u017ei peene kunsti. Selle kreemjas ja \u00fcmbritsev tekstuur annab nahale kihise tunde, mis on \u00fchtaegu p\u00f5nev ja v\u00e4rskendav.","breadcrumb":{"@id":"https:\/\/lustandlove.eu\/et\/toode\/kihisev-massazivaht\/#breadcrumb"},"inLanguage":"et","potentialAction":[{"@type":"ReadAction","target":["https:\/\/lustandlove.eu\/et\/toode\/kihisev-massazivaht\/"]}]},{"@type":"ImageObject","inLanguage":"et","@id":"https:\/\/lustandlove.eu\/et\/toode\/kihisev-massazivaht\/#primaryimage","url":"https:\/\/lustandlove.eu\/wp-content\/uploads\/Fizzy_massage_foam_yesforlov.gr_.jpg","contentUrl":"https:\/\/lustandlove.eu\/wp-content\/uploads\/Fizzy_massage_foam_yesforlov.gr_.jpg","width":1920,"height":1920},{"@type":"BreadcrumbList","@id":"https:\/\/lustandlove.eu\/et\/toode\/kihisev-massazivaht\/#breadcrumb","itemListElement":[{"@type":"ListItem","position":1,"name":"Lust and Love","item":"https:\/\/lustandlove.eu\/et\/"},{"@type":"ListItem","position":2,"name":"Pood","item":"https:\/\/lustandlove.eu\/et\/pood\/"},{"@type":"ListItem","position":3,"name":"Libestid ja kehahooldus","item":"https:\/\/lustandlove.eu\/et\/pood\/apteek\/"},{"@type":"ListItem","position":4,"name":"Massaa\u017ei\u00f5lid ja -geelid","item":"https:\/\/lustandlove.eu\/et\/pood\/apteek\/massaaziolid-ja-geelid\/"},{"@type":"ListItem","position":5,"name":"Kihisev Massa\u017eivaht"}]},{"@type":"WebSite","@id":"https:\/\/lustandlove.eu\/et\/#website","url":"https:\/\/lustandlove.eu\/et\/","name":"Lust &amp; Love","description":"Online erootikapood tervise, ilu ja armastuse jaoks","publisher":{"@id":"https:\/\/lustandlove.eu\/et\/#organization"},"potentialAction":[{"@type":"SearchAction","target":{"@type":"EntryPoint","urlTemplate":"https:\/\/lustandlove.eu\/et\/?s={search_term_string}"},"query-input":{"@type":"PropertyValueSpecification","valueRequired":true,"valueName":"search_term_string"}}],"inLanguage":"et"},{"@type":"Organization","@id":"https:\/\/lustandlove.eu\/et\/#organization","name":"Bioconcept Baltics O\u00dc","url":"https:\/\/lustandlove.eu\/et\/","logo":{"@type":"ImageObject","inLanguage":"et","@id":"https:\/\/lustandlove.eu\/et\/#\/schema\/logo\/image\/","url":"","contentUrl":"","caption":"Bioconcept Baltics O\u00dc"},"image":{"@id":"https:\/\/lustandlove.eu\/et\/#\/schema\/logo\/image\/"},"sameAs":["https:\/\/www.facebook.com\/LustandLoveEU\/","https:\/\/www.instagram.com\/lustandloveeu\/"]}]}},"_links":{"self":[{"href":"https:\/\/lustandlove.eu\/et\/wp-json\/wp\/v2\/product\/86380","targetHints":{"allow":["GET"]}}],"collection":[{"href":"https:\/\/lustandlove.eu\/et\/wp-json\/wp\/v2\/product"}],"about":[{"href":"https:\/\/lustandlove.eu\/et\/wp-json\/wp\/v2\/types\/product"}],"wp:featuredmedia":[{"embeddable":true,"href":"https:\/\/lustandlove.eu\/et\/wp-json\/wp\/v2\/media\/86390"}],"wp:attachment":[{"href":"https:\/\/lustandlove.eu\/et\/wp-json\/wp\/v2\/media?parent=86380"}],"wp:term":[{"taxonomy":"product_brand","embeddable":true,"href":"https:\/\/lustandlove.eu\/et\/wp-json\/wp\/v2\/product_brand?post=86380"},{"taxonomy":"product_cat","embeddable":true,"href":"https:\/\/lustandlove.eu\/et\/wp-json\/wp\/v2\/product_cat?post=86380"},{"taxonomy":"product_tag","embeddable":true,"href":"https:\/\/lustandlove.eu\/et\/wp-json\/wp\/v2\/product_tag?post=86380"}],"curies":[{"name":"wp","href":"https:\/\/api.w.org\/{rel}","templated":true}]}}