{"id":86581,"date":"2023-08-22T11:31:33","date_gmt":"2023-08-22T08:31:33","guid":{"rendered":"https:\/\/www.lustandlove.eu\/?post_type=product&#038;p=86581"},"modified":"2026-04-13T10:33:23","modified_gmt":"2026-04-13T07:33:23","slug":"nahast-mask-meestele","status":"publish","type":"product","link":"https:\/\/lustandlove.eu\/et\/toode\/nahast-mask-meestele\/","title":{"rendered":"Nahast mask meestele"},"content":{"rendered":"<p>See kaunis k\u00e4sitsi valmistatud mask on tehtud kvalikteetsest nahast, ning on sobilik igaks olukorraks, \u00fcksk\u00f5ik kas soovid oma n\u00e4gu peita v\u00f5i paljastada oma ulakas pool! Kanna seda people, magamistoas v\u00f5i kasuta seda oma partneri karistamiseks, ning lisa ulakust igale v\u00e4limusele.<\/p>\n<p>Universaalne suurus<\/p>\n","protected":false},"excerpt":{"rendered":"<p>WHIPS on ainulaadne erootiline kollektsioon, mille on loonud Wroclawi k\u00e4sit\u00f6\u00f6lised Poolas. Meie ettev\u00f5tte ajalugu ulatub aastasse 1986. Meie erootiliste aksessuaaride kollektsioon on vallutanud Poola klientide s\u00fcdamed. Meil on hea meel teha erakordseid projekte. Otsime uusi kogemusi ja soovime iga p\u00e4ev oma silmaringi laiendada.<\/p>\n","protected":false},"featured_media":86583,"template":"","meta":[],"product_brand":[4247],"product_cat":[1470,3275],"product_tag":[1550,3278,3774,1525,1508],"class_list":{"0":"post-86581","1":"product","2":"type-product","3":"status-publish","4":"has-post-thumbnail","6":"product_brand-whips-et","7":"product_cat-bdsm-et","8":"product_cat-kaelarihmad-ja-keharihmad","9":"product_tag-bdsm-et","10":"product_tag-bdsm-mangud","11":"product_tag-kutsika-mang","12":"product_tag-rakmed","13":"product_tag-sidumine","14":"pa_brand-whips-et","16":"first","17":"instock","18":"taxable","19":"shipping-taxable","20":"purchasable","21":"product-type-simple"},"yoast_head":"<!-- This site is optimized with the Yoast SEO plugin v27.3 - https:\/\/yoast.com\/product\/yoast-seo-wordpress\/ -->\n<title>Nahast mask meestele | Lust and Love<\/title>\n<meta name=\"description\" content=\"Kaunis nahast mask igaks olukorraks! WHIPS on ainulaadne erootiline kollektsioon, mille on loonud Wroclawi k\u00e4sit\u00f6\u00f6lised Poolas.\" \/>\n<meta name=\"robots\" content=\"index,follow,max-snippet:-1,max-image-preview:large,max-video-preview:-1\" \/>\n<link rel=\"canonical\" href=\"https:\/\/lustandlove.eu\/et\/toode\/nahast-mask-meestele\/\" \/>\n<meta name=\"twitter:card\" content=\"summary_large_image\" \/>\n<meta name=\"twitter:title\" content=\"Nahast mask meestele | Lust and Love\" \/>\n<meta name=\"twitter:description\" content=\"Kaunis nahast mask igaks olukorraks! WHIPS on ainulaadne erootiline kollektsioon, mille on loonud Wroclawi k\u00e4sit\u00f6\u00f6lised Poolas.\" \/>\n<meta name=\"twitter:image\" content=\"https:\/\/lustandlove.eu\/wp-content\/uploads\/8.jpg\" \/>\n<script type=\"application\/ld+json\" class=\"yoast-schema-graph\">{\"@context\":\"https:\\\/\\\/schema.org\",\"@graph\":[{\"@type\":[\"WebPage\",\"ItemPage\"],\"@id\":\"https:\\\/\\\/lustandlove.eu\\\/et\\\/toode\\\/nahast-mask-meestele\\\/\",\"url\":\"https:\\\/\\\/lustandlove.eu\\\/et\\\/toode\\\/nahast-mask-meestele\\\/\",\"name\":\"Nahast mask meestele | Lust and Love\",\"isPartOf\":{\"@id\":\"https:\\\/\\\/lustandlove.eu\\\/et\\\/#website\"},\"primaryImageOfPage\":{\"@id\":\"https:\\\/\\\/lustandlove.eu\\\/et\\\/toode\\\/nahast-mask-meestele\\\/#primaryimage\"},\"image\":{\"@id\":\"https:\\\/\\\/lustandlove.eu\\\/et\\\/toode\\\/nahast-mask-meestele\\\/#primaryimage\"},\"thumbnailUrl\":\"https:\\\/\\\/lustandlove.eu\\\/wp-content\\\/uploads\\\/8.jpg\",\"datePublished\":\"2023-08-22T08:31:33+00:00\",\"dateModified\":\"2026-04-13T07:33:23+00:00\",\"description\":\"Kaunis nahast mask igaks olukorraks! WHIPS on ainulaadne erootiline kollektsioon, mille on loonud Wroclawi k\u00e4sit\u00f6\u00f6lised Poolas.\",\"breadcrumb\":{\"@id\":\"https:\\\/\\\/lustandlove.eu\\\/et\\\/toode\\\/nahast-mask-meestele\\\/#breadcrumb\"},\"inLanguage\":\"et\",\"potentialAction\":[{\"@type\":\"ReadAction\",\"target\":[\"https:\\\/\\\/lustandlove.eu\\\/et\\\/toode\\\/nahast-mask-meestele\\\/\"]}]},{\"@type\":\"ImageObject\",\"inLanguage\":\"et\",\"@id\":\"https:\\\/\\\/lustandlove.eu\\\/et\\\/toode\\\/nahast-mask-meestele\\\/#primaryimage\",\"url\":\"https:\\\/\\\/lustandlove.eu\\\/wp-content\\\/uploads\\\/8.jpg\",\"contentUrl\":\"https:\\\/\\\/lustandlove.eu\\\/wp-content\\\/uploads\\\/8.jpg\",\"width\":2048,\"height\":1536},{\"@type\":\"BreadcrumbList\",\"@id\":\"https:\\\/\\\/lustandlove.eu\\\/et\\\/toode\\\/nahast-mask-meestele\\\/#breadcrumb\",\"itemListElement\":[{\"@type\":\"ListItem\",\"position\":1,\"name\":\"Lust and Love\",\"item\":\"https:\\\/\\\/lustandlove.eu\\\/et\\\/\"},{\"@type\":\"ListItem\",\"position\":2,\"name\":\"Pood\",\"item\":\"https:\\\/\\\/lustandlove.eu\\\/et\\\/pood\\\/\"},{\"@type\":\"ListItem\",\"position\":3,\"name\":\"BDSM\",\"item\":\"https:\\\/\\\/lustandlove.eu\\\/et\\\/pood\\\/bdsm-et\\\/\"},{\"@type\":\"ListItem\",\"position\":4,\"name\":\"Nahast mask meestele\"}]},{\"@type\":\"WebSite\",\"@id\":\"https:\\\/\\\/lustandlove.eu\\\/et\\\/#website\",\"url\":\"https:\\\/\\\/lustandlove.eu\\\/et\\\/\",\"name\":\"Lust &amp; Love\",\"description\":\"Online erootikapood tervise, ilu ja armastuse jaoks\",\"publisher\":{\"@id\":\"https:\\\/\\\/lustandlove.eu\\\/et\\\/#organization\"},\"potentialAction\":[{\"@type\":\"SearchAction\",\"target\":{\"@type\":\"EntryPoint\",\"urlTemplate\":\"https:\\\/\\\/lustandlove.eu\\\/et\\\/?s={search_term_string}\"},\"query-input\":{\"@type\":\"PropertyValueSpecification\",\"valueRequired\":true,\"valueName\":\"search_term_string\"}}],\"inLanguage\":\"et\"},{\"@type\":\"Organization\",\"@id\":\"https:\\\/\\\/lustandlove.eu\\\/et\\\/#organization\",\"name\":\"Bioconcept Baltics O\u00dc\",\"url\":\"https:\\\/\\\/lustandlove.eu\\\/et\\\/\",\"logo\":{\"@type\":\"ImageObject\",\"inLanguage\":\"et\",\"@id\":\"https:\\\/\\\/lustandlove.eu\\\/et\\\/#\\\/schema\\\/logo\\\/image\\\/\",\"url\":\"\",\"contentUrl\":\"\",\"caption\":\"Bioconcept Baltics O\u00dc\"},\"image\":{\"@id\":\"https:\\\/\\\/lustandlove.eu\\\/et\\\/#\\\/schema\\\/logo\\\/image\\\/\"},\"sameAs\":[\"https:\\\/\\\/www.facebook.com\\\/LustandLoveEU\\\/\",\"https:\\\/\\\/www.instagram.com\\\/lustandloveeu\\\/\"]}]}<\/script>\n<!-- \/ Yoast SEO plugin. -->","yoast_head_json":{"title":"Nahast mask meestele | Lust and Love","description":"Kaunis nahast mask igaks olukorraks! WHIPS on ainulaadne erootiline kollektsioon, mille on loonud Wroclawi k\u00e4sit\u00f6\u00f6lised Poolas.","robots":{"index,follow,max-snippet":"index,follow,max-snippet:-1,max-image-preview:large,max-video-preview:-1"},"canonical":"https:\/\/lustandlove.eu\/et\/toode\/nahast-mask-meestele\/","twitter_card":"summary_large_image","twitter_title":"Nahast mask meestele | Lust and Love","twitter_description":"Kaunis nahast mask igaks olukorraks! WHIPS on ainulaadne erootiline kollektsioon, mille on loonud Wroclawi k\u00e4sit\u00f6\u00f6lised Poolas.","twitter_image":"https:\/\/lustandlove.eu\/wp-content\/uploads\/8.jpg","schema":{"@context":"https:\/\/schema.org","@graph":[{"@type":["WebPage","ItemPage"],"@id":"https:\/\/lustandlove.eu\/et\/toode\/nahast-mask-meestele\/","url":"https:\/\/lustandlove.eu\/et\/toode\/nahast-mask-meestele\/","name":"Nahast mask meestele | Lust and Love","isPartOf":{"@id":"https:\/\/lustandlove.eu\/et\/#website"},"primaryImageOfPage":{"@id":"https:\/\/lustandlove.eu\/et\/toode\/nahast-mask-meestele\/#primaryimage"},"image":{"@id":"https:\/\/lustandlove.eu\/et\/toode\/nahast-mask-meestele\/#primaryimage"},"thumbnailUrl":"https:\/\/lustandlove.eu\/wp-content\/uploads\/8.jpg","datePublished":"2023-08-22T08:31:33+00:00","dateModified":"2026-04-13T07:33:23+00:00","description":"Kaunis nahast mask igaks olukorraks! WHIPS on ainulaadne erootiline kollektsioon, mille on loonud Wroclawi k\u00e4sit\u00f6\u00f6lised Poolas.","breadcrumb":{"@id":"https:\/\/lustandlove.eu\/et\/toode\/nahast-mask-meestele\/#breadcrumb"},"inLanguage":"et","potentialAction":[{"@type":"ReadAction","target":["https:\/\/lustandlove.eu\/et\/toode\/nahast-mask-meestele\/"]}]},{"@type":"ImageObject","inLanguage":"et","@id":"https:\/\/lustandlove.eu\/et\/toode\/nahast-mask-meestele\/#primaryimage","url":"https:\/\/lustandlove.eu\/wp-content\/uploads\/8.jpg","contentUrl":"https:\/\/lustandlove.eu\/wp-content\/uploads\/8.jpg","width":2048,"height":1536},{"@type":"BreadcrumbList","@id":"https:\/\/lustandlove.eu\/et\/toode\/nahast-mask-meestele\/#breadcrumb","itemListElement":[{"@type":"ListItem","position":1,"name":"Lust and Love","item":"https:\/\/lustandlove.eu\/et\/"},{"@type":"ListItem","position":2,"name":"Pood","item":"https:\/\/lustandlove.eu\/et\/pood\/"},{"@type":"ListItem","position":3,"name":"BDSM","item":"https:\/\/lustandlove.eu\/et\/pood\/bdsm-et\/"},{"@type":"ListItem","position":4,"name":"Nahast mask meestele"}]},{"@type":"WebSite","@id":"https:\/\/lustandlove.eu\/et\/#website","url":"https:\/\/lustandlove.eu\/et\/","name":"Lust &amp; Love","description":"Online erootikapood tervise, ilu ja armastuse jaoks","publisher":{"@id":"https:\/\/lustandlove.eu\/et\/#organization"},"potentialAction":[{"@type":"SearchAction","target":{"@type":"EntryPoint","urlTemplate":"https:\/\/lustandlove.eu\/et\/?s={search_term_string}"},"query-input":{"@type":"PropertyValueSpecification","valueRequired":true,"valueName":"search_term_string"}}],"inLanguage":"et"},{"@type":"Organization","@id":"https:\/\/lustandlove.eu\/et\/#organization","name":"Bioconcept Baltics O\u00dc","url":"https:\/\/lustandlove.eu\/et\/","logo":{"@type":"ImageObject","inLanguage":"et","@id":"https:\/\/lustandlove.eu\/et\/#\/schema\/logo\/image\/","url":"","contentUrl":"","caption":"Bioconcept Baltics O\u00dc"},"image":{"@id":"https:\/\/lustandlove.eu\/et\/#\/schema\/logo\/image\/"},"sameAs":["https:\/\/www.facebook.com\/LustandLoveEU\/","https:\/\/www.instagram.com\/lustandloveeu\/"]}]}},"_links":{"self":[{"href":"https:\/\/lustandlove.eu\/et\/wp-json\/wp\/v2\/product\/86581","targetHints":{"allow":["GET"]}}],"collection":[{"href":"https:\/\/lustandlove.eu\/et\/wp-json\/wp\/v2\/product"}],"about":[{"href":"https:\/\/lustandlove.eu\/et\/wp-json\/wp\/v2\/types\/product"}],"wp:featuredmedia":[{"embeddable":true,"href":"https:\/\/lustandlove.eu\/et\/wp-json\/wp\/v2\/media\/86583"}],"wp:attachment":[{"href":"https:\/\/lustandlove.eu\/et\/wp-json\/wp\/v2\/media?parent=86581"}],"wp:term":[{"taxonomy":"product_brand","embeddable":true,"href":"https:\/\/lustandlove.eu\/et\/wp-json\/wp\/v2\/product_brand?post=86581"},{"taxonomy":"product_cat","embeddable":true,"href":"https:\/\/lustandlove.eu\/et\/wp-json\/wp\/v2\/product_cat?post=86581"},{"taxonomy":"product_tag","embeddable":true,"href":"https:\/\/lustandlove.eu\/et\/wp-json\/wp\/v2\/product_tag?post=86581"}],"curies":[{"name":"wp","href":"https:\/\/api.w.org\/{rel}","templated":true}]}}