{"id":86793,"date":"2023-09-19T14:39:55","date_gmt":"2023-09-19T11:39:56","guid":{"rendered":"https:\/\/www.lustandlove.eu\/?post_type=product&#038;p=86793"},"modified":"2026-04-13T10:33:22","modified_gmt":"2026-04-13T07:33:22","slug":"oscar-vibreeriv-dildo-mootoriga","status":"publish","type":"product","link":"https:\/\/lustandlove.eu\/et\/toode\/oscar-vibreeriv-dildo-mootoriga\/","title":{"rendered":"Oscar Vibreeriv Dildo Puldiga"},"content":{"rendered":"<p>Egzo Mad Oscar realistlik vibreeriv dildo koos inimnapaga on puldiga juhitav, cyberskin materjalist dildo mis tundub t\u00e4pselt nagu p\u00e4ris! Sosinvaikne tugev mootor on su uus parim kaaslane. Detailid dildol on muljetavaldavad. Pealmine \u201ck\u00fcbernahk\u201d on \u00e4\u00e4rmiselt l\u00e4hedane reaalsele peenisele oma v\u00e4rvi ja pehme peenisepea osas. Materjal mitte ainult ei n\u00e4e realistlik, vaid ka tundub elutruu sinu naha vastas. Integreeritud mootor v\u00f5imaldab naudinguid mitmekesistada ja v\u00f5imendada.<\/p>\n<p>Oscar vajab 2xAA patareid.<\/p>\n<p><strong>Kuidas oma EGZO eest hoolt kanda<\/strong><\/p>\n<p>Palun kasuta toodet kondoomiga. T\u00e4nu sellele v\u00e4heneb \u201ck\u00fcbernaha\u201d puhastusaeg m\u00e4rkimisv\u00e4\u00e4rselt ning pikeneb toote eluiga. Kondoom v\u00f5ib olla lateksist ning eelistatult ilma libestita. Kasutades toodet mitme paarilisega v\u00e4hendate kondoomi kasutades ka suguhaiguste ja infektsioonide v\u00f5imalikku levikut. Vastasel juhul tuleb toode desinfitseerida. Seda saab teha seebiveega. Peale pesu kasutage talki (\u00e4ra kasuta talgipulbrit kui kavatsed toodet kohe\u00a0uuesti kasutada).<\/p>\n<p>Soovitame kasutada ainult vee-baasil toodetud libesteid. \u00c4ra kasuta silikoni- ja \u00f5li-baasil toodetud libesteid. Enne hoiustamist eemalda alati patareid. Eluaeg on 1-2 aastat, oleneb kui tihti sa kasutad ning kui h\u00e4sti tema eest hoolt kanda.<\/p>\n<p>&nbsp;<\/p>\n<p><strong>P.S<\/strong> Karbil n\u00e4idatud pult ja p\u00e4ris pult v\u00f5ivad v\u00e4rvi poolest erineda.<\/p>\n","protected":false},"excerpt":{"rendered":"<p>Super realistliku tunnetusega vibraator!<\/p>\n","protected":false},"featured_media":86807,"template":"","meta":[],"product_brand":[4203],"product_cat":[1485,1484,4067],"product_tag":[4094,1516,3781],"class_list":{"0":"post-86793","1":"product","2":"type-product","3":"status-publish","4":"has-post-thumbnail","6":"product_brand-egzo-et","7":"product_cat-dildod","8":"product_cat-sekslelud","9":"product_cat-vibreerivad","10":"product_tag-bf40-et","11":"product_tag-dildo-et","12":"product_tag-must-reede","13":"pa_brand-egzo-et","15":"first","16":"instock","17":"taxable","18":"shipping-taxable","19":"purchasable","20":"product-type-variable"},"yoast_head":"<!-- This site is optimized with the Yoast SEO plugin v27.4 - https:\/\/yoast.com\/product\/yoast-seo-wordpress\/ -->\n<title>Oscar EGZO Vibreeriv Dildo | LUST&amp;LOVE Sex Shop<\/title>\n<meta name=\"description\" content=\"EGZO MAD OSCAR realistlik CyberSkin vibreeriv dildo iminapa ja juhtmega kaugjuhtimispuldiga.\" \/>\n<meta name=\"robots\" content=\"index,follow,max-snippet:-1,max-image-preview:large,max-video-preview:-1\" \/>\n<link rel=\"canonical\" href=\"https:\/\/lustandlove.eu\/et\/toode\/oscar-vibreeriv-dildo-mootoriga\/\" \/>\n<script type=\"application\/ld+json\" class=\"yoast-schema-graph\">{\"@context\":\"https:\\\/\\\/schema.org\",\"@graph\":[{\"@type\":[\"WebPage\",\"ItemPage\"],\"@id\":\"https:\\\/\\\/lustandlove.eu\\\/et\\\/toode\\\/oscar-vibreeriv-dildo-mootoriga\\\/\",\"url\":\"https:\\\/\\\/lustandlove.eu\\\/et\\\/toode\\\/oscar-vibreeriv-dildo-mootoriga\\\/\",\"name\":\"Oscar EGZO Vibreeriv Dildo | LUST&LOVE Sex Shop\",\"isPartOf\":{\"@id\":\"https:\\\/\\\/lustandlove.eu\\\/et\\\/#website\"},\"primaryImageOfPage\":{\"@id\":\"https:\\\/\\\/lustandlove.eu\\\/et\\\/toode\\\/oscar-vibreeriv-dildo-mootoriga\\\/#primaryimage\"},\"image\":{\"@id\":\"https:\\\/\\\/lustandlove.eu\\\/et\\\/toode\\\/oscar-vibreeriv-dildo-mootoriga\\\/#primaryimage\"},\"thumbnailUrl\":\"https:\\\/\\\/lustandlove.eu\\\/wp-content\\\/uploads\\\/DVR003_oscar.jpg\",\"datePublished\":\"2023-09-19T11:39:56+00:00\",\"dateModified\":\"2026-04-13T07:33:22+00:00\",\"description\":\"EGZO MAD OSCAR realistlik CyberSkin vibreeriv dildo iminapa ja juhtmega kaugjuhtimispuldiga.\",\"breadcrumb\":{\"@id\":\"https:\\\/\\\/lustandlove.eu\\\/et\\\/toode\\\/oscar-vibreeriv-dildo-mootoriga\\\/#breadcrumb\"},\"inLanguage\":\"et\",\"potentialAction\":[{\"@type\":\"ReadAction\",\"target\":[\"https:\\\/\\\/lustandlove.eu\\\/et\\\/toode\\\/oscar-vibreeriv-dildo-mootoriga\\\/\"]}]},{\"@type\":\"ImageObject\",\"inLanguage\":\"et\",\"@id\":\"https:\\\/\\\/lustandlove.eu\\\/et\\\/toode\\\/oscar-vibreeriv-dildo-mootoriga\\\/#primaryimage\",\"url\":\"https:\\\/\\\/lustandlove.eu\\\/wp-content\\\/uploads\\\/DVR003_oscar.jpg\",\"contentUrl\":\"https:\\\/\\\/lustandlove.eu\\\/wp-content\\\/uploads\\\/DVR003_oscar.jpg\",\"width\":2000,\"height\":1750},{\"@type\":\"BreadcrumbList\",\"@id\":\"https:\\\/\\\/lustandlove.eu\\\/et\\\/toode\\\/oscar-vibreeriv-dildo-mootoriga\\\/#breadcrumb\",\"itemListElement\":[{\"@type\":\"ListItem\",\"position\":1,\"name\":\"Lust and Love\",\"item\":\"https:\\\/\\\/lustandlove.eu\\\/et\\\/\"},{\"@type\":\"ListItem\",\"position\":2,\"name\":\"Pood\",\"item\":\"https:\\\/\\\/lustandlove.eu\\\/et\\\/pood\\\/\"},{\"@type\":\"ListItem\",\"position\":3,\"name\":\"Sekslelud\",\"item\":\"https:\\\/\\\/lustandlove.eu\\\/et\\\/pood\\\/sekslelud\\\/\"},{\"@type\":\"ListItem\",\"position\":4,\"name\":\"Oscar Vibreeriv Dildo Puldiga\"}]},{\"@type\":\"WebSite\",\"@id\":\"https:\\\/\\\/lustandlove.eu\\\/et\\\/#website\",\"url\":\"https:\\\/\\\/lustandlove.eu\\\/et\\\/\",\"name\":\"Lust & Love\",\"description\":\"Online erootikapood tervise, ilu ja armastuse jaoks\",\"publisher\":{\"@id\":\"https:\\\/\\\/lustandlove.eu\\\/et\\\/#organization\"},\"potentialAction\":[{\"@type\":\"SearchAction\",\"target\":{\"@type\":\"EntryPoint\",\"urlTemplate\":\"https:\\\/\\\/lustandlove.eu\\\/et\\\/?s={search_term_string}\"},\"query-input\":{\"@type\":\"PropertyValueSpecification\",\"valueRequired\":true,\"valueName\":\"search_term_string\"}}],\"inLanguage\":\"et\"},{\"@type\":\"Organization\",\"@id\":\"https:\\\/\\\/lustandlove.eu\\\/et\\\/#organization\",\"name\":\"Bioconcept Baltics O\u00dc\",\"url\":\"https:\\\/\\\/lustandlove.eu\\\/et\\\/\",\"logo\":{\"@type\":\"ImageObject\",\"inLanguage\":\"et\",\"@id\":\"https:\\\/\\\/lustandlove.eu\\\/et\\\/#\\\/schema\\\/logo\\\/image\\\/\",\"url\":\"https:\\\/\\\/lustandlove.eu\\\/wp-content\\\/uploads\\\/logo-full-2.png\",\"contentUrl\":\"https:\\\/\\\/lustandlove.eu\\\/wp-content\\\/uploads\\\/logo-full-2.png\",\"width\":837,\"height\":200,\"caption\":\"Bioconcept Baltics O\u00dc\"},\"image\":{\"@id\":\"https:\\\/\\\/lustandlove.eu\\\/et\\\/#\\\/schema\\\/logo\\\/image\\\/\"},\"sameAs\":[\"https:\\\/\\\/www.facebook.com\\\/LustandLoveEU\\\/\",\"https:\\\/\\\/www.instagram.com\\\/lustandloveeu\\\/\"]}]}<\/script>\n<!-- \/ Yoast SEO plugin. -->","yoast_head_json":{"title":"Oscar EGZO Vibreeriv Dildo | LUST&LOVE Sex Shop","description":"EGZO MAD OSCAR realistlik CyberSkin vibreeriv dildo iminapa ja juhtmega kaugjuhtimispuldiga.","robots":{"index,follow,max-snippet":"index,follow,max-snippet:-1,max-image-preview:large,max-video-preview:-1"},"canonical":"https:\/\/lustandlove.eu\/et\/toode\/oscar-vibreeriv-dildo-mootoriga\/","schema":{"@context":"https:\/\/schema.org","@graph":[{"@type":["WebPage","ItemPage"],"@id":"https:\/\/lustandlove.eu\/et\/toode\/oscar-vibreeriv-dildo-mootoriga\/","url":"https:\/\/lustandlove.eu\/et\/toode\/oscar-vibreeriv-dildo-mootoriga\/","name":"Oscar EGZO Vibreeriv Dildo | LUST&LOVE Sex Shop","isPartOf":{"@id":"https:\/\/lustandlove.eu\/et\/#website"},"primaryImageOfPage":{"@id":"https:\/\/lustandlove.eu\/et\/toode\/oscar-vibreeriv-dildo-mootoriga\/#primaryimage"},"image":{"@id":"https:\/\/lustandlove.eu\/et\/toode\/oscar-vibreeriv-dildo-mootoriga\/#primaryimage"},"thumbnailUrl":"https:\/\/lustandlove.eu\/wp-content\/uploads\/DVR003_oscar.jpg","datePublished":"2023-09-19T11:39:56+00:00","dateModified":"2026-04-13T07:33:22+00:00","description":"EGZO MAD OSCAR realistlik CyberSkin vibreeriv dildo iminapa ja juhtmega kaugjuhtimispuldiga.","breadcrumb":{"@id":"https:\/\/lustandlove.eu\/et\/toode\/oscar-vibreeriv-dildo-mootoriga\/#breadcrumb"},"inLanguage":"et","potentialAction":[{"@type":"ReadAction","target":["https:\/\/lustandlove.eu\/et\/toode\/oscar-vibreeriv-dildo-mootoriga\/"]}]},{"@type":"ImageObject","inLanguage":"et","@id":"https:\/\/lustandlove.eu\/et\/toode\/oscar-vibreeriv-dildo-mootoriga\/#primaryimage","url":"https:\/\/lustandlove.eu\/wp-content\/uploads\/DVR003_oscar.jpg","contentUrl":"https:\/\/lustandlove.eu\/wp-content\/uploads\/DVR003_oscar.jpg","width":2000,"height":1750},{"@type":"BreadcrumbList","@id":"https:\/\/lustandlove.eu\/et\/toode\/oscar-vibreeriv-dildo-mootoriga\/#breadcrumb","itemListElement":[{"@type":"ListItem","position":1,"name":"Lust and Love","item":"https:\/\/lustandlove.eu\/et\/"},{"@type":"ListItem","position":2,"name":"Pood","item":"https:\/\/lustandlove.eu\/et\/pood\/"},{"@type":"ListItem","position":3,"name":"Sekslelud","item":"https:\/\/lustandlove.eu\/et\/pood\/sekslelud\/"},{"@type":"ListItem","position":4,"name":"Oscar Vibreeriv Dildo Puldiga"}]},{"@type":"WebSite","@id":"https:\/\/lustandlove.eu\/et\/#website","url":"https:\/\/lustandlove.eu\/et\/","name":"Lust & Love","description":"Online erootikapood tervise, ilu ja armastuse jaoks","publisher":{"@id":"https:\/\/lustandlove.eu\/et\/#organization"},"potentialAction":[{"@type":"SearchAction","target":{"@type":"EntryPoint","urlTemplate":"https:\/\/lustandlove.eu\/et\/?s={search_term_string}"},"query-input":{"@type":"PropertyValueSpecification","valueRequired":true,"valueName":"search_term_string"}}],"inLanguage":"et"},{"@type":"Organization","@id":"https:\/\/lustandlove.eu\/et\/#organization","name":"Bioconcept Baltics O\u00dc","url":"https:\/\/lustandlove.eu\/et\/","logo":{"@type":"ImageObject","inLanguage":"et","@id":"https:\/\/lustandlove.eu\/et\/#\/schema\/logo\/image\/","url":"https:\/\/lustandlove.eu\/wp-content\/uploads\/logo-full-2.png","contentUrl":"https:\/\/lustandlove.eu\/wp-content\/uploads\/logo-full-2.png","width":837,"height":200,"caption":"Bioconcept Baltics O\u00dc"},"image":{"@id":"https:\/\/lustandlove.eu\/et\/#\/schema\/logo\/image\/"},"sameAs":["https:\/\/www.facebook.com\/LustandLoveEU\/","https:\/\/www.instagram.com\/lustandloveeu\/"]}]}},"_links":{"self":[{"href":"https:\/\/lustandlove.eu\/et\/wp-json\/wp\/v2\/product\/86793","targetHints":{"allow":["GET"]}}],"collection":[{"href":"https:\/\/lustandlove.eu\/et\/wp-json\/wp\/v2\/product"}],"about":[{"href":"https:\/\/lustandlove.eu\/et\/wp-json\/wp\/v2\/types\/product"}],"wp:featuredmedia":[{"embeddable":true,"href":"https:\/\/lustandlove.eu\/et\/wp-json\/wp\/v2\/media\/86807"}],"wp:attachment":[{"href":"https:\/\/lustandlove.eu\/et\/wp-json\/wp\/v2\/media?parent=86793"}],"wp:term":[{"taxonomy":"product_brand","embeddable":true,"href":"https:\/\/lustandlove.eu\/et\/wp-json\/wp\/v2\/product_brand?post=86793"},{"taxonomy":"product_cat","embeddable":true,"href":"https:\/\/lustandlove.eu\/et\/wp-json\/wp\/v2\/product_cat?post=86793"},{"taxonomy":"product_tag","embeddable":true,"href":"https:\/\/lustandlove.eu\/et\/wp-json\/wp\/v2\/product_tag?post=86793"}],"curies":[{"name":"wp","href":"https:\/\/api.w.org\/{rel}","templated":true}]}}