{"id":86906,"date":"2023-10-16T09:40:37","date_gmt":"2023-10-16T06:40:37","guid":{"rendered":"https:\/\/www.lustandlove.eu\/?post_type=product&#038;p=86906"},"modified":"2026-04-13T10:33:22","modified_gmt":"2026-04-13T07:33:22","slug":"roosakad-nibuklambrid","status":"publish","type":"product","link":"https:\/\/lustandlove.eu\/et\/toode\/roosakad-nibuklambrid\/","title":{"rendered":"Roosakad Nibuklambrid"},"content":{"rendered":"<div class=\"wpb-content-wrapper\"><p>[vc_row][vc_column][vc_column_text woodmart_inline=&#8221;no&#8221; text_larger=&#8221;no&#8221;]Need n\u00e4pistajad on loodud \u00fchendama elegantsi sensatsiooniga, pakkudes ainulaadset ja stiilset viisi fantaasiate uurimiseks. Suurendage oma pakkumisi selle ahvatleva aksessuaariga, mis sobib ideaalselt neile, kes otsivad intiimsetel hetkedel rafineeritust. Avastage sensuaalsuse maailma nende k\u00fctkestavate roosakullast nibuklambritega.[\/vc_column_text][vc_column_text woodmart_inline=&#8221;no&#8221; text_larger=&#8221;no&#8221;]M\u00fc\u00fcakse ainult m\u00e4nguasjana. See toode on m\u00f5eldud kasutamiseks ainult m\u00e4ngimiseks. Ainult v\u00e4lispidiseks kasutamiseks. Keelatud on k\u00f5ik tooted, mida kasutatakse meditsiinilistel eesm\u00e4rkidel v\u00f5i kasutamiseks olukorras, millel on kahjulik m\u00f5ju organismi mis tahes funktsioonile.[\/vc_column_text][\/vc_column][\/vc_row]<\/p>\n<\/div>","protected":false},"excerpt":{"rendered":"<p>Tutvustame meie roosakuldset nibuklambreid, mis on suurep\u00e4rane t\u00e4iendus teie intiimsele kogule.<\/p>\n","protected":false},"featured_media":86910,"template":"","meta":[],"product_brand":[4228],"product_cat":[1470,4002],"product_tag":[4103,3095],"class_list":{"0":"post-86906","1":"product","2":"type-product","3":"status-publish","4":"has-post-thumbnail","6":"product_brand-o-products-et","7":"product_cat-bdsm-et","8":"product_cat-nibuklambrid","9":"product_tag-gifts-et","10":"product_tag-stc_bdsm-et","11":"pa_brand-o-products-et","13":"first","14":"instock","15":"taxable","16":"shipping-taxable","17":"purchasable","18":"product-type-simple"},"yoast_head":"<!-- This site is optimized with the Yoast SEO plugin v27.3 - https:\/\/yoast.com\/product\/yoast-seo-wordpress\/ -->\n<title>Roosakad Nibuklambrid | Lust and Love<\/title>\n<meta name=\"description\" content=\"Tutvustame meie roosakuldset nipliklambrit, mis on suurep\u00e4rane t\u00e4iendus teie intiimsele tootevalikule.\" \/>\n<meta name=\"robots\" content=\"index,follow,max-snippet:-1,max-image-preview:large,max-video-preview:-1\" \/>\n<link rel=\"canonical\" href=\"https:\/\/lustandlove.eu\/et\/toode\/roosakad-nibuklambrid\/\" \/>\n<meta name=\"twitter:card\" content=\"summary_large_image\" \/>\n<meta name=\"twitter:title\" content=\"Roosakad Nibuklambrid | Lust and Love\" \/>\n<meta name=\"twitter:description\" content=\"Tutvustame meie roosakuldset nipliklambrit, mis on suurep\u00e4rane t\u00e4iendus teie intiimsele tootevalikule.\" \/>\n<meta name=\"twitter:image\" content=\"https:\/\/lustandlove.eu\/wp-content\/uploads\/opr-321146-03_1.png\" \/>\n<meta name=\"twitter:label1\" content=\"Est. reading time\" \/>\n\t<meta name=\"twitter:data1\" content=\"1 minut\" \/>\n<script type=\"application\/ld+json\" class=\"yoast-schema-graph\">{\"@context\":\"https:\\\/\\\/schema.org\",\"@graph\":[{\"@type\":[\"WebPage\",\"ItemPage\"],\"@id\":\"https:\\\/\\\/lustandlove.eu\\\/et\\\/toode\\\/roosakad-nibuklambrid\\\/\",\"url\":\"https:\\\/\\\/lustandlove.eu\\\/et\\\/toode\\\/roosakad-nibuklambrid\\\/\",\"name\":\"Roosakad Nibuklambrid | Lust and Love\",\"isPartOf\":{\"@id\":\"https:\\\/\\\/lustandlove.eu\\\/et\\\/#website\"},\"primaryImageOfPage\":{\"@id\":\"https:\\\/\\\/lustandlove.eu\\\/et\\\/toode\\\/roosakad-nibuklambrid\\\/#primaryimage\"},\"image\":{\"@id\":\"https:\\\/\\\/lustandlove.eu\\\/et\\\/toode\\\/roosakad-nibuklambrid\\\/#primaryimage\"},\"thumbnailUrl\":\"https:\\\/\\\/lustandlove.eu\\\/wp-content\\\/uploads\\\/opr-321146-03_1.png\",\"datePublished\":\"2023-10-16T06:40:37+00:00\",\"dateModified\":\"2026-04-13T07:33:22+00:00\",\"description\":\"Tutvustame meie roosakuldset nipliklambrit, mis on suurep\u00e4rane t\u00e4iendus teie intiimsele tootevalikule.\",\"breadcrumb\":{\"@id\":\"https:\\\/\\\/lustandlove.eu\\\/et\\\/toode\\\/roosakad-nibuklambrid\\\/#breadcrumb\"},\"inLanguage\":\"et\",\"potentialAction\":[{\"@type\":\"ReadAction\",\"target\":[\"https:\\\/\\\/lustandlove.eu\\\/et\\\/toode\\\/roosakad-nibuklambrid\\\/\"]}]},{\"@type\":\"ImageObject\",\"inLanguage\":\"et\",\"@id\":\"https:\\\/\\\/lustandlove.eu\\\/et\\\/toode\\\/roosakad-nibuklambrid\\\/#primaryimage\",\"url\":\"https:\\\/\\\/lustandlove.eu\\\/wp-content\\\/uploads\\\/opr-321146-03_1.png\",\"contentUrl\":\"https:\\\/\\\/lustandlove.eu\\\/wp-content\\\/uploads\\\/opr-321146-03_1.png\",\"width\":700,\"height\":450},{\"@type\":\"BreadcrumbList\",\"@id\":\"https:\\\/\\\/lustandlove.eu\\\/et\\\/toode\\\/roosakad-nibuklambrid\\\/#breadcrumb\",\"itemListElement\":[{\"@type\":\"ListItem\",\"position\":1,\"name\":\"Lust and Love\",\"item\":\"https:\\\/\\\/lustandlove.eu\\\/et\\\/\"},{\"@type\":\"ListItem\",\"position\":2,\"name\":\"Pood\",\"item\":\"https:\\\/\\\/lustandlove.eu\\\/et\\\/pood\\\/\"},{\"@type\":\"ListItem\",\"position\":3,\"name\":\"BDSM\",\"item\":\"https:\\\/\\\/lustandlove.eu\\\/et\\\/pood\\\/bdsm-et\\\/\"},{\"@type\":\"ListItem\",\"position\":4,\"name\":\"Roosakad Nibuklambrid\"}]},{\"@type\":\"WebSite\",\"@id\":\"https:\\\/\\\/lustandlove.eu\\\/et\\\/#website\",\"url\":\"https:\\\/\\\/lustandlove.eu\\\/et\\\/\",\"name\":\"Lust &amp; Love\",\"description\":\"Online erootikapood tervise, ilu ja armastuse jaoks\",\"publisher\":{\"@id\":\"https:\\\/\\\/lustandlove.eu\\\/et\\\/#organization\"},\"potentialAction\":[{\"@type\":\"SearchAction\",\"target\":{\"@type\":\"EntryPoint\",\"urlTemplate\":\"https:\\\/\\\/lustandlove.eu\\\/et\\\/?s={search_term_string}\"},\"query-input\":{\"@type\":\"PropertyValueSpecification\",\"valueRequired\":true,\"valueName\":\"search_term_string\"}}],\"inLanguage\":\"et\"},{\"@type\":\"Organization\",\"@id\":\"https:\\\/\\\/lustandlove.eu\\\/et\\\/#organization\",\"name\":\"Bioconcept Baltics O\u00dc\",\"url\":\"https:\\\/\\\/lustandlove.eu\\\/et\\\/\",\"logo\":{\"@type\":\"ImageObject\",\"inLanguage\":\"et\",\"@id\":\"https:\\\/\\\/lustandlove.eu\\\/et\\\/#\\\/schema\\\/logo\\\/image\\\/\",\"url\":\"\",\"contentUrl\":\"\",\"caption\":\"Bioconcept Baltics O\u00dc\"},\"image\":{\"@id\":\"https:\\\/\\\/lustandlove.eu\\\/et\\\/#\\\/schema\\\/logo\\\/image\\\/\"},\"sameAs\":[\"https:\\\/\\\/www.facebook.com\\\/LustandLoveEU\\\/\",\"https:\\\/\\\/www.instagram.com\\\/lustandloveeu\\\/\"]}]}<\/script>\n<!-- \/ Yoast SEO plugin. -->","yoast_head_json":{"title":"Roosakad Nibuklambrid | Lust and Love","description":"Tutvustame meie roosakuldset nipliklambrit, mis on suurep\u00e4rane t\u00e4iendus teie intiimsele tootevalikule.","robots":{"index,follow,max-snippet":"index,follow,max-snippet:-1,max-image-preview:large,max-video-preview:-1"},"canonical":"https:\/\/lustandlove.eu\/et\/toode\/roosakad-nibuklambrid\/","twitter_card":"summary_large_image","twitter_title":"Roosakad Nibuklambrid | Lust and Love","twitter_description":"Tutvustame meie roosakuldset nipliklambrit, mis on suurep\u00e4rane t\u00e4iendus teie intiimsele tootevalikule.","twitter_image":"https:\/\/lustandlove.eu\/wp-content\/uploads\/opr-321146-03_1.png","twitter_misc":{"Est. reading time":"1 minut"},"schema":{"@context":"https:\/\/schema.org","@graph":[{"@type":["WebPage","ItemPage"],"@id":"https:\/\/lustandlove.eu\/et\/toode\/roosakad-nibuklambrid\/","url":"https:\/\/lustandlove.eu\/et\/toode\/roosakad-nibuklambrid\/","name":"Roosakad Nibuklambrid | Lust and Love","isPartOf":{"@id":"https:\/\/lustandlove.eu\/et\/#website"},"primaryImageOfPage":{"@id":"https:\/\/lustandlove.eu\/et\/toode\/roosakad-nibuklambrid\/#primaryimage"},"image":{"@id":"https:\/\/lustandlove.eu\/et\/toode\/roosakad-nibuklambrid\/#primaryimage"},"thumbnailUrl":"https:\/\/lustandlove.eu\/wp-content\/uploads\/opr-321146-03_1.png","datePublished":"2023-10-16T06:40:37+00:00","dateModified":"2026-04-13T07:33:22+00:00","description":"Tutvustame meie roosakuldset nipliklambrit, mis on suurep\u00e4rane t\u00e4iendus teie intiimsele tootevalikule.","breadcrumb":{"@id":"https:\/\/lustandlove.eu\/et\/toode\/roosakad-nibuklambrid\/#breadcrumb"},"inLanguage":"et","potentialAction":[{"@type":"ReadAction","target":["https:\/\/lustandlove.eu\/et\/toode\/roosakad-nibuklambrid\/"]}]},{"@type":"ImageObject","inLanguage":"et","@id":"https:\/\/lustandlove.eu\/et\/toode\/roosakad-nibuklambrid\/#primaryimage","url":"https:\/\/lustandlove.eu\/wp-content\/uploads\/opr-321146-03_1.png","contentUrl":"https:\/\/lustandlove.eu\/wp-content\/uploads\/opr-321146-03_1.png","width":700,"height":450},{"@type":"BreadcrumbList","@id":"https:\/\/lustandlove.eu\/et\/toode\/roosakad-nibuklambrid\/#breadcrumb","itemListElement":[{"@type":"ListItem","position":1,"name":"Lust and Love","item":"https:\/\/lustandlove.eu\/et\/"},{"@type":"ListItem","position":2,"name":"Pood","item":"https:\/\/lustandlove.eu\/et\/pood\/"},{"@type":"ListItem","position":3,"name":"BDSM","item":"https:\/\/lustandlove.eu\/et\/pood\/bdsm-et\/"},{"@type":"ListItem","position":4,"name":"Roosakad Nibuklambrid"}]},{"@type":"WebSite","@id":"https:\/\/lustandlove.eu\/et\/#website","url":"https:\/\/lustandlove.eu\/et\/","name":"Lust &amp; Love","description":"Online erootikapood tervise, ilu ja armastuse jaoks","publisher":{"@id":"https:\/\/lustandlove.eu\/et\/#organization"},"potentialAction":[{"@type":"SearchAction","target":{"@type":"EntryPoint","urlTemplate":"https:\/\/lustandlove.eu\/et\/?s={search_term_string}"},"query-input":{"@type":"PropertyValueSpecification","valueRequired":true,"valueName":"search_term_string"}}],"inLanguage":"et"},{"@type":"Organization","@id":"https:\/\/lustandlove.eu\/et\/#organization","name":"Bioconcept Baltics O\u00dc","url":"https:\/\/lustandlove.eu\/et\/","logo":{"@type":"ImageObject","inLanguage":"et","@id":"https:\/\/lustandlove.eu\/et\/#\/schema\/logo\/image\/","url":"","contentUrl":"","caption":"Bioconcept Baltics O\u00dc"},"image":{"@id":"https:\/\/lustandlove.eu\/et\/#\/schema\/logo\/image\/"},"sameAs":["https:\/\/www.facebook.com\/LustandLoveEU\/","https:\/\/www.instagram.com\/lustandloveeu\/"]}]}},"_links":{"self":[{"href":"https:\/\/lustandlove.eu\/et\/wp-json\/wp\/v2\/product\/86906","targetHints":{"allow":["GET"]}}],"collection":[{"href":"https:\/\/lustandlove.eu\/et\/wp-json\/wp\/v2\/product"}],"about":[{"href":"https:\/\/lustandlove.eu\/et\/wp-json\/wp\/v2\/types\/product"}],"wp:featuredmedia":[{"embeddable":true,"href":"https:\/\/lustandlove.eu\/et\/wp-json\/wp\/v2\/media\/86910"}],"wp:attachment":[{"href":"https:\/\/lustandlove.eu\/et\/wp-json\/wp\/v2\/media?parent=86906"}],"wp:term":[{"taxonomy":"product_brand","embeddable":true,"href":"https:\/\/lustandlove.eu\/et\/wp-json\/wp\/v2\/product_brand?post=86906"},{"taxonomy":"product_cat","embeddable":true,"href":"https:\/\/lustandlove.eu\/et\/wp-json\/wp\/v2\/product_cat?post=86906"},{"taxonomy":"product_tag","embeddable":true,"href":"https:\/\/lustandlove.eu\/et\/wp-json\/wp\/v2\/product_tag?post=86906"}],"curies":[{"name":"wp","href":"https:\/\/api.w.org\/{rel}","templated":true}]}}