{"id":86946,"date":"2023-10-18T11:29:27","date_gmt":"2023-10-18T08:29:27","guid":{"rendered":"https:\/\/www.lustandlove.eu\/?post_type=product&#038;p=86946"},"modified":"2026-04-13T10:33:21","modified_gmt":"2026-04-13T07:33:21","slug":"libesti-monugeel-50ml","status":"publish","type":"product","link":"https:\/\/lustandlove.eu\/et\/toode\/libesti-monugeel-50ml\/","title":{"rendered":"Libesti M\u00f5nugeel 50ml"},"content":{"rendered":"<p>Minu missioon on pakkuda teile mugavust ja naudingut, olenemata sellest, milliseid positsioone te valite, sest teie seksuaalelu v\u00e4\u00e4rib s\u00e4ra. Ja parim osa? Olen prantslane (s\u00fcndinud ja kasvanud) ja valmistatud looduslikest koostisosadest, nii et olge valmis \u00fctlema: &#8220;ooh la la!&#8221; Sobib kasutamiseks sekslelude ja kondoomidega.<\/p>\n<p>Valmistatud Annecys Prantsusmaal \ud83c\udfd4\ufe0f meie partnerlaboris<br \/>\n100% biolagunev valem<br \/>\nSuurep\u00e4rane YUKA skoor 93\/100 \ud83e\udd55<br \/>\nVegan<br \/>\n98,81% looduslikku p\u00e4ritolu koostisosi<br \/>\nKaitstud \u00fchest materjalist valmistatud taaskasutatava \u267b pakendiga<br \/>\nRoheline PE pudel, mis on valmistatud 50% taastuvast toorainest<\/p>\n<p>V\u00e4ltida silma sattumist. \ud83d\udc40<br \/>\n\u00c4rge kandke seda katkisele v\u00f5i \u00e4rritunud nahale.<br \/>\nNahareaktsioonide korral on soovitatav kasutamine l\u00f5petada ja p\u00f6\u00f6rduda arsti poole.<br \/>\nSee libesti ei ole rasestumisvastane vahend.<br \/>\nEnne pealekandmist peske alati k\u00e4ed.<\/p>\n<p>S\u00e4ilitamise eritingimused: Hoida valguse eest kaitstult ja toatemperatuuril<\/p>\n<p>K\u00f5lblikkusaeg: 12 kuud p\u00e4rast avamist<\/p>\n<p>Sisaldab: 50 ml \/ 1,7 fl.oz<\/p>\n","protected":false},"excerpt":{"rendered":"<p>Sinust saab kiiresti minu f\u00e4nn number \u00fcks, sest minu jaoks on Sinu intiimne heaolu vaieldamatu! Luban loomulikku ja kauakestvat libisemist nii anaal- kui vaginaalseksi ajal!<\/p>\n","protected":false},"featured_media":86954,"template":"","meta":[],"product_brand":[4249],"product_cat":[1467,1460,1468,3976],"product_tag":[],"class_list":{"0":"post-86946","1":"product","2":"type-product","3":"status-publish","4":"has-post-thumbnail","6":"product_brand-friday-bae-et","7":"product_cat-libestid","8":"product_cat-apteek","9":"product_cat-massaaziolid-ja-geelid","10":"product_cat-vee-baasil","11":"pa_brand-friday-bae-et","13":"first","14":"instock","15":"taxable","16":"shipping-taxable","17":"purchasable","18":"product-type-simple"},"yoast_head":"<!-- This site is optimized with the Yoast SEO plugin v27.3 - https:\/\/yoast.com\/product\/yoast-seo-wordpress\/ -->\n<title>Libesti M\u00f5nugeel 50ml | Lust and Love<\/title>\n<meta name=\"description\" content=\"Sinust saab kiiresti minu f\u00e4nn number \u00fcks looduslikke libestite hulgas! Luban loomulikku ja kauakestvat libisemist nii anaal- kui vaginaalseksi ajal!\" \/>\n<meta name=\"robots\" content=\"index,follow,max-snippet:-1,max-image-preview:large,max-video-preview:-1\" \/>\n<link rel=\"canonical\" href=\"https:\/\/lustandlove.eu\/et\/toode\/libesti-monugeel-50ml\/\" \/>\n<meta name=\"twitter:card\" content=\"summary_large_image\" \/>\n<meta name=\"twitter:title\" content=\"Libesti M\u00f5nugeel 50ml | Lust and Love\" \/>\n<meta name=\"twitter:description\" content=\"Sinust saab kiiresti minu f\u00e4nn number \u00fcks looduslikke libestite hulgas! Luban loomulikku ja kauakestvat libisemist nii anaal- kui vaginaalseksi ajal!\" \/>\n<meta name=\"twitter:image\" content=\"https:\/\/lustandlove.eu\/wp-content\/uploads\/BAE01C02-LUBE-1-Friday-Bae.png\" \/>\n<meta name=\"twitter:label1\" content=\"Est. reading time\" \/>\n\t<meta name=\"twitter:data1\" content=\"1 minut\" \/>\n<script type=\"application\/ld+json\" class=\"yoast-schema-graph\">{\"@context\":\"https:\\\/\\\/schema.org\",\"@graph\":[{\"@type\":[\"WebPage\",\"ItemPage\"],\"@id\":\"https:\\\/\\\/lustandlove.eu\\\/et\\\/toode\\\/libesti-monugeel-50ml\\\/\",\"url\":\"https:\\\/\\\/lustandlove.eu\\\/et\\\/toode\\\/libesti-monugeel-50ml\\\/\",\"name\":\"Libesti M\u00f5nugeel 50ml | Lust and Love\",\"isPartOf\":{\"@id\":\"https:\\\/\\\/lustandlove.eu\\\/et\\\/#website\"},\"primaryImageOfPage\":{\"@id\":\"https:\\\/\\\/lustandlove.eu\\\/et\\\/toode\\\/libesti-monugeel-50ml\\\/#primaryimage\"},\"image\":{\"@id\":\"https:\\\/\\\/lustandlove.eu\\\/et\\\/toode\\\/libesti-monugeel-50ml\\\/#primaryimage\"},\"thumbnailUrl\":\"https:\\\/\\\/lustandlove.eu\\\/wp-content\\\/uploads\\\/BAE01C02-LUBE-1-Friday-Bae.png\",\"datePublished\":\"2023-10-18T08:29:27+00:00\",\"dateModified\":\"2026-04-13T07:33:21+00:00\",\"description\":\"Sinust saab kiiresti minu f\u00e4nn number \u00fcks looduslikke libestite hulgas! Luban loomulikku ja kauakestvat libisemist nii anaal- kui vaginaalseksi ajal!\",\"breadcrumb\":{\"@id\":\"https:\\\/\\\/lustandlove.eu\\\/et\\\/toode\\\/libesti-monugeel-50ml\\\/#breadcrumb\"},\"inLanguage\":\"et\",\"potentialAction\":[{\"@type\":\"ReadAction\",\"target\":[\"https:\\\/\\\/lustandlove.eu\\\/et\\\/toode\\\/libesti-monugeel-50ml\\\/\"]}]},{\"@type\":\"ImageObject\",\"inLanguage\":\"et\",\"@id\":\"https:\\\/\\\/lustandlove.eu\\\/et\\\/toode\\\/libesti-monugeel-50ml\\\/#primaryimage\",\"url\":\"https:\\\/\\\/lustandlove.eu\\\/wp-content\\\/uploads\\\/BAE01C02-LUBE-1-Friday-Bae.png\",\"contentUrl\":\"https:\\\/\\\/lustandlove.eu\\\/wp-content\\\/uploads\\\/BAE01C02-LUBE-1-Friday-Bae.png\",\"width\":1080,\"height\":1080},{\"@type\":\"BreadcrumbList\",\"@id\":\"https:\\\/\\\/lustandlove.eu\\\/et\\\/toode\\\/libesti-monugeel-50ml\\\/#breadcrumb\",\"itemListElement\":[{\"@type\":\"ListItem\",\"position\":1,\"name\":\"Lust and Love\",\"item\":\"https:\\\/\\\/lustandlove.eu\\\/et\\\/\"},{\"@type\":\"ListItem\",\"position\":2,\"name\":\"Pood\",\"item\":\"https:\\\/\\\/lustandlove.eu\\\/et\\\/pood\\\/\"},{\"@type\":\"ListItem\",\"position\":3,\"name\":\"Libestid ja kehahooldus\",\"item\":\"https:\\\/\\\/lustandlove.eu\\\/et\\\/pood\\\/apteek\\\/\"},{\"@type\":\"ListItem\",\"position\":4,\"name\":\"Libesti M\u00f5nugeel 50ml\"}]},{\"@type\":\"WebSite\",\"@id\":\"https:\\\/\\\/lustandlove.eu\\\/et\\\/#website\",\"url\":\"https:\\\/\\\/lustandlove.eu\\\/et\\\/\",\"name\":\"Lust &amp; Love\",\"description\":\"Online erootikapood tervise, ilu ja armastuse jaoks\",\"publisher\":{\"@id\":\"https:\\\/\\\/lustandlove.eu\\\/et\\\/#organization\"},\"potentialAction\":[{\"@type\":\"SearchAction\",\"target\":{\"@type\":\"EntryPoint\",\"urlTemplate\":\"https:\\\/\\\/lustandlove.eu\\\/et\\\/?s={search_term_string}\"},\"query-input\":{\"@type\":\"PropertyValueSpecification\",\"valueRequired\":true,\"valueName\":\"search_term_string\"}}],\"inLanguage\":\"et\"},{\"@type\":\"Organization\",\"@id\":\"https:\\\/\\\/lustandlove.eu\\\/et\\\/#organization\",\"name\":\"Bioconcept Baltics O\u00dc\",\"url\":\"https:\\\/\\\/lustandlove.eu\\\/et\\\/\",\"logo\":{\"@type\":\"ImageObject\",\"inLanguage\":\"et\",\"@id\":\"https:\\\/\\\/lustandlove.eu\\\/et\\\/#\\\/schema\\\/logo\\\/image\\\/\",\"url\":\"\",\"contentUrl\":\"\",\"caption\":\"Bioconcept Baltics O\u00dc\"},\"image\":{\"@id\":\"https:\\\/\\\/lustandlove.eu\\\/et\\\/#\\\/schema\\\/logo\\\/image\\\/\"},\"sameAs\":[\"https:\\\/\\\/www.facebook.com\\\/LustandLoveEU\\\/\",\"https:\\\/\\\/www.instagram.com\\\/lustandloveeu\\\/\"]}]}<\/script>\n<!-- \/ Yoast SEO plugin. -->","yoast_head_json":{"title":"Libesti M\u00f5nugeel 50ml | Lust and Love","description":"Sinust saab kiiresti minu f\u00e4nn number \u00fcks looduslikke libestite hulgas! Luban loomulikku ja kauakestvat libisemist nii anaal- kui vaginaalseksi ajal!","robots":{"index,follow,max-snippet":"index,follow,max-snippet:-1,max-image-preview:large,max-video-preview:-1"},"canonical":"https:\/\/lustandlove.eu\/et\/toode\/libesti-monugeel-50ml\/","twitter_card":"summary_large_image","twitter_title":"Libesti M\u00f5nugeel 50ml | Lust and Love","twitter_description":"Sinust saab kiiresti minu f\u00e4nn number \u00fcks looduslikke libestite hulgas! Luban loomulikku ja kauakestvat libisemist nii anaal- kui vaginaalseksi ajal!","twitter_image":"https:\/\/lustandlove.eu\/wp-content\/uploads\/BAE01C02-LUBE-1-Friday-Bae.png","twitter_misc":{"Est. reading time":"1 minut"},"schema":{"@context":"https:\/\/schema.org","@graph":[{"@type":["WebPage","ItemPage"],"@id":"https:\/\/lustandlove.eu\/et\/toode\/libesti-monugeel-50ml\/","url":"https:\/\/lustandlove.eu\/et\/toode\/libesti-monugeel-50ml\/","name":"Libesti M\u00f5nugeel 50ml | Lust and Love","isPartOf":{"@id":"https:\/\/lustandlove.eu\/et\/#website"},"primaryImageOfPage":{"@id":"https:\/\/lustandlove.eu\/et\/toode\/libesti-monugeel-50ml\/#primaryimage"},"image":{"@id":"https:\/\/lustandlove.eu\/et\/toode\/libesti-monugeel-50ml\/#primaryimage"},"thumbnailUrl":"https:\/\/lustandlove.eu\/wp-content\/uploads\/BAE01C02-LUBE-1-Friday-Bae.png","datePublished":"2023-10-18T08:29:27+00:00","dateModified":"2026-04-13T07:33:21+00:00","description":"Sinust saab kiiresti minu f\u00e4nn number \u00fcks looduslikke libestite hulgas! Luban loomulikku ja kauakestvat libisemist nii anaal- kui vaginaalseksi ajal!","breadcrumb":{"@id":"https:\/\/lustandlove.eu\/et\/toode\/libesti-monugeel-50ml\/#breadcrumb"},"inLanguage":"et","potentialAction":[{"@type":"ReadAction","target":["https:\/\/lustandlove.eu\/et\/toode\/libesti-monugeel-50ml\/"]}]},{"@type":"ImageObject","inLanguage":"et","@id":"https:\/\/lustandlove.eu\/et\/toode\/libesti-monugeel-50ml\/#primaryimage","url":"https:\/\/lustandlove.eu\/wp-content\/uploads\/BAE01C02-LUBE-1-Friday-Bae.png","contentUrl":"https:\/\/lustandlove.eu\/wp-content\/uploads\/BAE01C02-LUBE-1-Friday-Bae.png","width":1080,"height":1080},{"@type":"BreadcrumbList","@id":"https:\/\/lustandlove.eu\/et\/toode\/libesti-monugeel-50ml\/#breadcrumb","itemListElement":[{"@type":"ListItem","position":1,"name":"Lust and Love","item":"https:\/\/lustandlove.eu\/et\/"},{"@type":"ListItem","position":2,"name":"Pood","item":"https:\/\/lustandlove.eu\/et\/pood\/"},{"@type":"ListItem","position":3,"name":"Libestid ja kehahooldus","item":"https:\/\/lustandlove.eu\/et\/pood\/apteek\/"},{"@type":"ListItem","position":4,"name":"Libesti M\u00f5nugeel 50ml"}]},{"@type":"WebSite","@id":"https:\/\/lustandlove.eu\/et\/#website","url":"https:\/\/lustandlove.eu\/et\/","name":"Lust &amp; Love","description":"Online erootikapood tervise, ilu ja armastuse jaoks","publisher":{"@id":"https:\/\/lustandlove.eu\/et\/#organization"},"potentialAction":[{"@type":"SearchAction","target":{"@type":"EntryPoint","urlTemplate":"https:\/\/lustandlove.eu\/et\/?s={search_term_string}"},"query-input":{"@type":"PropertyValueSpecification","valueRequired":true,"valueName":"search_term_string"}}],"inLanguage":"et"},{"@type":"Organization","@id":"https:\/\/lustandlove.eu\/et\/#organization","name":"Bioconcept Baltics O\u00dc","url":"https:\/\/lustandlove.eu\/et\/","logo":{"@type":"ImageObject","inLanguage":"et","@id":"https:\/\/lustandlove.eu\/et\/#\/schema\/logo\/image\/","url":"","contentUrl":"","caption":"Bioconcept Baltics O\u00dc"},"image":{"@id":"https:\/\/lustandlove.eu\/et\/#\/schema\/logo\/image\/"},"sameAs":["https:\/\/www.facebook.com\/LustandLoveEU\/","https:\/\/www.instagram.com\/lustandloveeu\/"]}]}},"_links":{"self":[{"href":"https:\/\/lustandlove.eu\/et\/wp-json\/wp\/v2\/product\/86946","targetHints":{"allow":["GET"]}}],"collection":[{"href":"https:\/\/lustandlove.eu\/et\/wp-json\/wp\/v2\/product"}],"about":[{"href":"https:\/\/lustandlove.eu\/et\/wp-json\/wp\/v2\/types\/product"}],"wp:featuredmedia":[{"embeddable":true,"href":"https:\/\/lustandlove.eu\/et\/wp-json\/wp\/v2\/media\/86954"}],"wp:attachment":[{"href":"https:\/\/lustandlove.eu\/et\/wp-json\/wp\/v2\/media?parent=86946"}],"wp:term":[{"taxonomy":"product_brand","embeddable":true,"href":"https:\/\/lustandlove.eu\/et\/wp-json\/wp\/v2\/product_brand?post=86946"},{"taxonomy":"product_cat","embeddable":true,"href":"https:\/\/lustandlove.eu\/et\/wp-json\/wp\/v2\/product_cat?post=86946"},{"taxonomy":"product_tag","embeddable":true,"href":"https:\/\/lustandlove.eu\/et\/wp-json\/wp\/v2\/product_tag?post=86946"}],"curies":[{"name":"wp","href":"https:\/\/api.w.org\/{rel}","templated":true}]}}