{"id":86994,"date":"2023-10-18T12:35:36","date_gmt":"2023-10-18T09:35:36","guid":{"rendered":"https:\/\/www.lustandlove.eu\/?post_type=product&#038;p=86994"},"modified":"2026-04-20T15:29:06","modified_gmt":"2026-04-20T12:29:06","slug":"xcite-erutusgeel-kahele-15ml","status":"publish","type":"product","link":"https:\/\/lustandlove.eu\/et\/toode\/xcite-erutusgeel-kahele-15ml\/","title":{"rendered":"Xcite Erutusgeel Kahele 15ml"},"content":{"rendered":"<p>Olen afrodisiaakkreem, mis s\u00fctitab naudingu kahele. Olenemata sellest, kas ma stimuleerin kliitorit v\u00f5i peenist, minu superv\u00f5ime on k\u00f5iki korraga erutada. Tugevdan sensatsioone ja pikendan armum\u00e4nge, et saaksite kogeda samaaegset ekstaasi. T\u00e4iesti tagasihoidlikult olen ma v\u00e4ga helde, mulle meeldib jagada.<\/p>\n<p>Valmistatud Annecys Prantsusmaal \ud83c\udfd4\ufe0f meie partnerlaboris<br \/>\n100% biolagunev valem<br \/>\nSuurep\u00e4rane YUKA skoor 93\/100 \ud83e\udd55<br \/>\nVegan<br \/>\nKaitstud \u00fchest materjalist valmistatud taaskasutatava \u267b pakendiga<\/p>\n<p>15ml = 30 kasutust<br \/>\nV\u00e4ltida silma sattumist. \ud83d\udc40<br \/>\n\u00c4rge kandke seda katkisele v\u00f5i \u00e4rritunud nahale.<br \/>\nNahareaktsioonide korral on soovitatav kasutamine l\u00f5petada ja p\u00f6\u00f6rduda arsti poole.<\/p>\n<p>S\u00e4ilitamise eritingimused: Hoida valguse eest kaitstult ja toatemperatuuril<\/p>\n<p>K\u00f5lblikkusaeg: 12 kuud p\u00e4rast avamist<\/p>\n<p>Sisaldab: 15ml \/ 0.51 fl.oz<\/p>\n","protected":false},"excerpt":{"rendered":"<p>Olen afrodisiaakkreem, mis s\u00fctitab naudingu kahele. Olenemata sellest, kas ma stimuleerin kliitorit v\u00f5i peenist, minu superv\u00f5ime on k\u00f5iki korraga erutada.<\/p>\n","protected":false},"featured_media":87002,"template":"","meta":[],"product_brand":[4249],"product_cat":[1464,1460],"product_tag":[],"class_list":{"0":"post-86994","1":"product","2":"type-product","3":"status-publish","4":"has-post-thumbnail","6":"product_brand-friday-bae-et","7":"product_cat-erutavad-geelid","8":"product_cat-apteek","9":"pa_brand-friday-bae-et","11":"first","12":"instock","13":"taxable","14":"shipping-taxable","15":"purchasable","16":"product-type-simple"},"yoast_head":"<!-- This site is optimized with the Yoast SEO plugin v27.3 - https:\/\/yoast.com\/product\/yoast-seo-wordpress\/ -->\n<title>Xcite Erutusgeel Kahele 15ml | Lust and Love<\/title>\n<meta name=\"description\" content=\"Olen afrodisiaakkreem, mis s\u00fctitab naudingu kahele. Olenemata sellest, kas ma stimuleerin kliitorit v\u00f5i peenist, minu superv\u00f5ime on k\u00f5iki korraga erutada.\" \/>\n<meta name=\"robots\" content=\"index,follow,max-snippet:-1,max-image-preview:large,max-video-preview:-1\" \/>\n<link rel=\"canonical\" href=\"https:\/\/lustandlove.eu\/et\/toode\/xcite-erutusgeel-kahele-15ml\/\" \/>\n<meta name=\"twitter:card\" content=\"summary_large_image\" \/>\n<meta name=\"twitter:title\" content=\"Xcite Erutusgeel Kahele 15ml | Lust and Love\" \/>\n<meta name=\"twitter:description\" content=\"Olen afrodisiaakkreem, mis s\u00fctitab naudingu kahele. Olenemata sellest, kas ma stimuleerin kliitorit v\u00f5i peenist, minu superv\u00f5ime on k\u00f5iki korraga erutada.\" \/>\n<meta name=\"twitter:image\" content=\"https:\/\/lustandlove.eu\/wp-content\/uploads\/BAE01C06-XCITE-1-Friday-Bae.png\" \/>\n<meta name=\"twitter:label1\" content=\"Est. reading time\" \/>\n\t<meta name=\"twitter:data1\" content=\"1 minut\" \/>\n<script type=\"application\/ld+json\" class=\"yoast-schema-graph\">{\"@context\":\"https:\\\/\\\/schema.org\",\"@graph\":[{\"@type\":[\"WebPage\",\"ItemPage\"],\"@id\":\"https:\\\/\\\/lustandlove.eu\\\/et\\\/toode\\\/xcite-erutusgeel-kahele-15ml\\\/\",\"url\":\"https:\\\/\\\/lustandlove.eu\\\/et\\\/toode\\\/xcite-erutusgeel-kahele-15ml\\\/\",\"name\":\"Xcite Erutusgeel Kahele 15ml | Lust and Love\",\"isPartOf\":{\"@id\":\"https:\\\/\\\/lustandlove.eu\\\/et\\\/#website\"},\"primaryImageOfPage\":{\"@id\":\"https:\\\/\\\/lustandlove.eu\\\/et\\\/toode\\\/xcite-erutusgeel-kahele-15ml\\\/#primaryimage\"},\"image\":{\"@id\":\"https:\\\/\\\/lustandlove.eu\\\/et\\\/toode\\\/xcite-erutusgeel-kahele-15ml\\\/#primaryimage\"},\"thumbnailUrl\":\"https:\\\/\\\/lustandlove.eu\\\/wp-content\\\/uploads\\\/BAE01C06-XCITE-1-Friday-Bae.png\",\"datePublished\":\"2023-10-18T09:35:36+00:00\",\"dateModified\":\"2026-04-20T12:29:06+00:00\",\"description\":\"Olen afrodisiaakkreem, mis s\u00fctitab naudingu kahele. Olenemata sellest, kas ma stimuleerin kliitorit v\u00f5i peenist, minu superv\u00f5ime on k\u00f5iki korraga erutada.\",\"breadcrumb\":{\"@id\":\"https:\\\/\\\/lustandlove.eu\\\/et\\\/toode\\\/xcite-erutusgeel-kahele-15ml\\\/#breadcrumb\"},\"inLanguage\":\"et\",\"potentialAction\":[{\"@type\":\"ReadAction\",\"target\":[\"https:\\\/\\\/lustandlove.eu\\\/et\\\/toode\\\/xcite-erutusgeel-kahele-15ml\\\/\"]}]},{\"@type\":\"ImageObject\",\"inLanguage\":\"et\",\"@id\":\"https:\\\/\\\/lustandlove.eu\\\/et\\\/toode\\\/xcite-erutusgeel-kahele-15ml\\\/#primaryimage\",\"url\":\"https:\\\/\\\/lustandlove.eu\\\/wp-content\\\/uploads\\\/BAE01C06-XCITE-1-Friday-Bae.png\",\"contentUrl\":\"https:\\\/\\\/lustandlove.eu\\\/wp-content\\\/uploads\\\/BAE01C06-XCITE-1-Friday-Bae.png\",\"width\":1080,\"height\":1080},{\"@type\":\"BreadcrumbList\",\"@id\":\"https:\\\/\\\/lustandlove.eu\\\/et\\\/toode\\\/xcite-erutusgeel-kahele-15ml\\\/#breadcrumb\",\"itemListElement\":[{\"@type\":\"ListItem\",\"position\":1,\"name\":\"Lust and Love\",\"item\":\"https:\\\/\\\/lustandlove.eu\\\/et\\\/\"},{\"@type\":\"ListItem\",\"position\":2,\"name\":\"Pood\",\"item\":\"https:\\\/\\\/lustandlove.eu\\\/et\\\/pood\\\/\"},{\"@type\":\"ListItem\",\"position\":3,\"name\":\"Libestid ja kehahooldus\",\"item\":\"https:\\\/\\\/lustandlove.eu\\\/et\\\/pood\\\/apteek\\\/\"},{\"@type\":\"ListItem\",\"position\":4,\"name\":\"Erutavad Geelid\",\"item\":\"https:\\\/\\\/lustandlove.eu\\\/et\\\/pood\\\/apteek\\\/erutavad-geelid\\\/\"},{\"@type\":\"ListItem\",\"position\":5,\"name\":\"Xcite Erutusgeel Kahele 15ml\"}]},{\"@type\":\"WebSite\",\"@id\":\"https:\\\/\\\/lustandlove.eu\\\/et\\\/#website\",\"url\":\"https:\\\/\\\/lustandlove.eu\\\/et\\\/\",\"name\":\"Lust &amp; Love\",\"description\":\"Online erootikapood tervise, ilu ja armastuse jaoks\",\"publisher\":{\"@id\":\"https:\\\/\\\/lustandlove.eu\\\/et\\\/#organization\"},\"potentialAction\":[{\"@type\":\"SearchAction\",\"target\":{\"@type\":\"EntryPoint\",\"urlTemplate\":\"https:\\\/\\\/lustandlove.eu\\\/et\\\/?s={search_term_string}\"},\"query-input\":{\"@type\":\"PropertyValueSpecification\",\"valueRequired\":true,\"valueName\":\"search_term_string\"}}],\"inLanguage\":\"et\"},{\"@type\":\"Organization\",\"@id\":\"https:\\\/\\\/lustandlove.eu\\\/et\\\/#organization\",\"name\":\"Bioconcept Baltics O\u00dc\",\"url\":\"https:\\\/\\\/lustandlove.eu\\\/et\\\/\",\"logo\":{\"@type\":\"ImageObject\",\"inLanguage\":\"et\",\"@id\":\"https:\\\/\\\/lustandlove.eu\\\/et\\\/#\\\/schema\\\/logo\\\/image\\\/\",\"url\":\"\",\"contentUrl\":\"\",\"caption\":\"Bioconcept Baltics O\u00dc\"},\"image\":{\"@id\":\"https:\\\/\\\/lustandlove.eu\\\/et\\\/#\\\/schema\\\/logo\\\/image\\\/\"},\"sameAs\":[\"https:\\\/\\\/www.facebook.com\\\/LustandLoveEU\\\/\",\"https:\\\/\\\/www.instagram.com\\\/lustandloveeu\\\/\"]}]}<\/script>\n<!-- \/ Yoast SEO plugin. -->","yoast_head_json":{"title":"Xcite Erutusgeel Kahele 15ml | Lust and Love","description":"Olen afrodisiaakkreem, mis s\u00fctitab naudingu kahele. Olenemata sellest, kas ma stimuleerin kliitorit v\u00f5i peenist, minu superv\u00f5ime on k\u00f5iki korraga erutada.","robots":{"index,follow,max-snippet":"index,follow,max-snippet:-1,max-image-preview:large,max-video-preview:-1"},"canonical":"https:\/\/lustandlove.eu\/et\/toode\/xcite-erutusgeel-kahele-15ml\/","twitter_card":"summary_large_image","twitter_title":"Xcite Erutusgeel Kahele 15ml | Lust and Love","twitter_description":"Olen afrodisiaakkreem, mis s\u00fctitab naudingu kahele. Olenemata sellest, kas ma stimuleerin kliitorit v\u00f5i peenist, minu superv\u00f5ime on k\u00f5iki korraga erutada.","twitter_image":"https:\/\/lustandlove.eu\/wp-content\/uploads\/BAE01C06-XCITE-1-Friday-Bae.png","twitter_misc":{"Est. reading time":"1 minut"},"schema":{"@context":"https:\/\/schema.org","@graph":[{"@type":["WebPage","ItemPage"],"@id":"https:\/\/lustandlove.eu\/et\/toode\/xcite-erutusgeel-kahele-15ml\/","url":"https:\/\/lustandlove.eu\/et\/toode\/xcite-erutusgeel-kahele-15ml\/","name":"Xcite Erutusgeel Kahele 15ml | Lust and Love","isPartOf":{"@id":"https:\/\/lustandlove.eu\/et\/#website"},"primaryImageOfPage":{"@id":"https:\/\/lustandlove.eu\/et\/toode\/xcite-erutusgeel-kahele-15ml\/#primaryimage"},"image":{"@id":"https:\/\/lustandlove.eu\/et\/toode\/xcite-erutusgeel-kahele-15ml\/#primaryimage"},"thumbnailUrl":"https:\/\/lustandlove.eu\/wp-content\/uploads\/BAE01C06-XCITE-1-Friday-Bae.png","datePublished":"2023-10-18T09:35:36+00:00","dateModified":"2026-04-20T12:29:06+00:00","description":"Olen afrodisiaakkreem, mis s\u00fctitab naudingu kahele. Olenemata sellest, kas ma stimuleerin kliitorit v\u00f5i peenist, minu superv\u00f5ime on k\u00f5iki korraga erutada.","breadcrumb":{"@id":"https:\/\/lustandlove.eu\/et\/toode\/xcite-erutusgeel-kahele-15ml\/#breadcrumb"},"inLanguage":"et","potentialAction":[{"@type":"ReadAction","target":["https:\/\/lustandlove.eu\/et\/toode\/xcite-erutusgeel-kahele-15ml\/"]}]},{"@type":"ImageObject","inLanguage":"et","@id":"https:\/\/lustandlove.eu\/et\/toode\/xcite-erutusgeel-kahele-15ml\/#primaryimage","url":"https:\/\/lustandlove.eu\/wp-content\/uploads\/BAE01C06-XCITE-1-Friday-Bae.png","contentUrl":"https:\/\/lustandlove.eu\/wp-content\/uploads\/BAE01C06-XCITE-1-Friday-Bae.png","width":1080,"height":1080},{"@type":"BreadcrumbList","@id":"https:\/\/lustandlove.eu\/et\/toode\/xcite-erutusgeel-kahele-15ml\/#breadcrumb","itemListElement":[{"@type":"ListItem","position":1,"name":"Lust and Love","item":"https:\/\/lustandlove.eu\/et\/"},{"@type":"ListItem","position":2,"name":"Pood","item":"https:\/\/lustandlove.eu\/et\/pood\/"},{"@type":"ListItem","position":3,"name":"Libestid ja kehahooldus","item":"https:\/\/lustandlove.eu\/et\/pood\/apteek\/"},{"@type":"ListItem","position":4,"name":"Erutavad Geelid","item":"https:\/\/lustandlove.eu\/et\/pood\/apteek\/erutavad-geelid\/"},{"@type":"ListItem","position":5,"name":"Xcite Erutusgeel Kahele 15ml"}]},{"@type":"WebSite","@id":"https:\/\/lustandlove.eu\/et\/#website","url":"https:\/\/lustandlove.eu\/et\/","name":"Lust &amp; Love","description":"Online erootikapood tervise, ilu ja armastuse jaoks","publisher":{"@id":"https:\/\/lustandlove.eu\/et\/#organization"},"potentialAction":[{"@type":"SearchAction","target":{"@type":"EntryPoint","urlTemplate":"https:\/\/lustandlove.eu\/et\/?s={search_term_string}"},"query-input":{"@type":"PropertyValueSpecification","valueRequired":true,"valueName":"search_term_string"}}],"inLanguage":"et"},{"@type":"Organization","@id":"https:\/\/lustandlove.eu\/et\/#organization","name":"Bioconcept Baltics O\u00dc","url":"https:\/\/lustandlove.eu\/et\/","logo":{"@type":"ImageObject","inLanguage":"et","@id":"https:\/\/lustandlove.eu\/et\/#\/schema\/logo\/image\/","url":"","contentUrl":"","caption":"Bioconcept Baltics O\u00dc"},"image":{"@id":"https:\/\/lustandlove.eu\/et\/#\/schema\/logo\/image\/"},"sameAs":["https:\/\/www.facebook.com\/LustandLoveEU\/","https:\/\/www.instagram.com\/lustandloveeu\/"]}]}},"_links":{"self":[{"href":"https:\/\/lustandlove.eu\/et\/wp-json\/wp\/v2\/product\/86994","targetHints":{"allow":["GET"]}}],"collection":[{"href":"https:\/\/lustandlove.eu\/et\/wp-json\/wp\/v2\/product"}],"about":[{"href":"https:\/\/lustandlove.eu\/et\/wp-json\/wp\/v2\/types\/product"}],"wp:featuredmedia":[{"embeddable":true,"href":"https:\/\/lustandlove.eu\/et\/wp-json\/wp\/v2\/media\/87002"}],"wp:attachment":[{"href":"https:\/\/lustandlove.eu\/et\/wp-json\/wp\/v2\/media?parent=86994"}],"wp:term":[{"taxonomy":"product_brand","embeddable":true,"href":"https:\/\/lustandlove.eu\/et\/wp-json\/wp\/v2\/product_brand?post=86994"},{"taxonomy":"product_cat","embeddable":true,"href":"https:\/\/lustandlove.eu\/et\/wp-json\/wp\/v2\/product_cat?post=86994"},{"taxonomy":"product_tag","embeddable":true,"href":"https:\/\/lustandlove.eu\/et\/wp-json\/wp\/v2\/product_tag?post=86994"}],"curies":[{"name":"wp","href":"https:\/\/api.w.org\/{rel}","templated":true}]}}