{"id":87004,"date":"2023-10-18T13:24:00","date_gmt":"2023-10-18T10:24:00","guid":{"rendered":"https:\/\/www.lustandlove.eu\/?post_type=product&#038;p=87004"},"modified":"2026-04-20T15:29:56","modified_gmt":"2026-04-20T12:29:56","slug":"wait-naudingut-pikendav-sprei-10ml","status":"publish","type":"product","link":"https:\/\/lustandlove.eu\/et\/toode\/wait-naudingut-pikendav-sprei-10ml\/","title":{"rendered":"Wait Naudingut pikendav sprei 10ml"},"content":{"rendered":"<p>Aitan teil s\u00e4ilitada kindlat erektsiooni, ilma et te j\u00f5uaksite liiga vara ejakulatsioonini. Viivitan teie naudinguga, et saaksite rohkem aega linade vahel \u201ckallistada\u201d, ilma et peaksite kartma, et tulete liiga kiiresti. L\u00e4hme!<\/p>\n<p>Valmistatud Annecys Prantsusmaal \ud83c\udfd4\ufe0f meie partnerlaboris<br \/>\n100% biolagunev valem<br \/>\nSuurep\u00e4rane YUKA skoor 73\/100 \ud83e\udd55<br \/>\nVegan<br \/>\nKaitstud \u00fchest materjalist valmistatud taaskasutatava \u267b pakendiga<\/p>\n<p>10ml = 20 kasutust<br \/>\nV\u00e4ltida silma sattumist. \ud83d\udc40<br \/>\nSee viivitussprei ei ole rasestumisvastane vahend.<br \/>\nSilma sattumisel loputage hoolikalt veega.<br \/>\nEi soovitata rasedatele ega imetavatele naistele.<br \/>\n\u00c4rge kandke seda katkisele v\u00f5i \u00e4rritunud nahale.<br \/>\nNahareaktsioonide korral on soovitatav kasutamine l\u00f5petada ja p\u00f6\u00f6rduda arsti poole.<\/p>\n<p>S\u00e4ilitamise eritingimused: Hoida valguse eest kaitstult ja toatemperatuuril<\/p>\n<p>K\u00f5lblikkusaeg: 12 kuud p\u00e4rast avamist<\/p>\n<p>Sisaldab: 10ml \/ 0.34 fl.oz<\/p>\n","protected":false},"excerpt":{"rendered":"<p>Koos minuga saad m\u00e4ngida \u00fcleaja!<\/p>\n","protected":false},"featured_media":87010,"template":"","meta":[],"product_brand":[4249],"product_cat":[1464,1460],"product_tag":[],"class_list":{"0":"post-87004","1":"product","2":"type-product","3":"status-publish","4":"has-post-thumbnail","6":"product_brand-friday-bae-et","7":"product_cat-erutavad-geelid","8":"product_cat-apteek","9":"pa_brand-friday-bae-et","11":"first","12":"instock","13":"taxable","14":"shipping-taxable","15":"purchasable","16":"product-type-simple"},"yoast_head":"<!-- This site is optimized with the Yoast SEO plugin v27.3 - https:\/\/yoast.com\/product\/yoast-seo-wordpress\/ -->\n<title>Wait Naudingut pikendav sprei 10ml | Lust and Love<\/title>\n<meta name=\"description\" content=\"Aitan teil s\u00e4ilitada kindlat erektsiooni, ilma et te j\u00f5uaksite liiga vara ejakulatsioonini. Viivitan teie naudinguga, et saaksite rohkem aega linade vahel \u201ckallistada\u201d\" \/>\n<meta name=\"robots\" content=\"index,follow,max-snippet:-1,max-image-preview:large,max-video-preview:-1\" \/>\n<link rel=\"canonical\" href=\"https:\/\/lustandlove.eu\/et\/toode\/wait-naudingut-pikendav-sprei-10ml\/\" \/>\n<meta name=\"twitter:card\" content=\"summary_large_image\" \/>\n<meta name=\"twitter:title\" content=\"Wait Naudingut pikendav sprei 10ml | Lust and Love\" \/>\n<meta name=\"twitter:description\" content=\"Aitan teil s\u00e4ilitada kindlat erektsiooni, ilma et te j\u00f5uaksite liiga vara ejakulatsioonini. Viivitan teie naudinguga, et saaksite rohkem aega linade vahel \u201ckallistada\u201d\" \/>\n<meta name=\"twitter:image\" content=\"https:\/\/lustandlove.eu\/wp-content\/uploads\/BAE01C07-WAIT-1-Friday-Bae.png\" \/>\n<meta name=\"twitter:label1\" content=\"Est. reading time\" \/>\n\t<meta name=\"twitter:data1\" content=\"1 minut\" \/>\n<script type=\"application\/ld+json\" class=\"yoast-schema-graph\">{\"@context\":\"https:\\\/\\\/schema.org\",\"@graph\":[{\"@type\":[\"WebPage\",\"ItemPage\"],\"@id\":\"https:\\\/\\\/lustandlove.eu\\\/et\\\/toode\\\/wait-naudingut-pikendav-sprei-10ml\\\/\",\"url\":\"https:\\\/\\\/lustandlove.eu\\\/et\\\/toode\\\/wait-naudingut-pikendav-sprei-10ml\\\/\",\"name\":\"Wait Naudingut pikendav sprei 10ml | Lust and Love\",\"isPartOf\":{\"@id\":\"https:\\\/\\\/lustandlove.eu\\\/et\\\/#website\"},\"primaryImageOfPage\":{\"@id\":\"https:\\\/\\\/lustandlove.eu\\\/et\\\/toode\\\/wait-naudingut-pikendav-sprei-10ml\\\/#primaryimage\"},\"image\":{\"@id\":\"https:\\\/\\\/lustandlove.eu\\\/et\\\/toode\\\/wait-naudingut-pikendav-sprei-10ml\\\/#primaryimage\"},\"thumbnailUrl\":\"https:\\\/\\\/lustandlove.eu\\\/wp-content\\\/uploads\\\/BAE01C07-WAIT-1-Friday-Bae.png\",\"datePublished\":\"2023-10-18T10:24:00+00:00\",\"dateModified\":\"2026-04-20T12:29:56+00:00\",\"description\":\"Aitan teil s\u00e4ilitada kindlat erektsiooni, ilma et te j\u00f5uaksite liiga vara ejakulatsioonini. Viivitan teie naudinguga, et saaksite rohkem aega linade vahel \u201ckallistada\u201d\",\"breadcrumb\":{\"@id\":\"https:\\\/\\\/lustandlove.eu\\\/et\\\/toode\\\/wait-naudingut-pikendav-sprei-10ml\\\/#breadcrumb\"},\"inLanguage\":\"et\",\"potentialAction\":[{\"@type\":\"ReadAction\",\"target\":[\"https:\\\/\\\/lustandlove.eu\\\/et\\\/toode\\\/wait-naudingut-pikendav-sprei-10ml\\\/\"]}]},{\"@type\":\"ImageObject\",\"inLanguage\":\"et\",\"@id\":\"https:\\\/\\\/lustandlove.eu\\\/et\\\/toode\\\/wait-naudingut-pikendav-sprei-10ml\\\/#primaryimage\",\"url\":\"https:\\\/\\\/lustandlove.eu\\\/wp-content\\\/uploads\\\/BAE01C07-WAIT-1-Friday-Bae.png\",\"contentUrl\":\"https:\\\/\\\/lustandlove.eu\\\/wp-content\\\/uploads\\\/BAE01C07-WAIT-1-Friday-Bae.png\",\"width\":1080,\"height\":1080},{\"@type\":\"BreadcrumbList\",\"@id\":\"https:\\\/\\\/lustandlove.eu\\\/et\\\/toode\\\/wait-naudingut-pikendav-sprei-10ml\\\/#breadcrumb\",\"itemListElement\":[{\"@type\":\"ListItem\",\"position\":1,\"name\":\"Lust and Love\",\"item\":\"https:\\\/\\\/lustandlove.eu\\\/et\\\/\"},{\"@type\":\"ListItem\",\"position\":2,\"name\":\"Pood\",\"item\":\"https:\\\/\\\/lustandlove.eu\\\/et\\\/pood\\\/\"},{\"@type\":\"ListItem\",\"position\":3,\"name\":\"Libestid ja kehahooldus\",\"item\":\"https:\\\/\\\/lustandlove.eu\\\/et\\\/pood\\\/apteek\\\/\"},{\"@type\":\"ListItem\",\"position\":4,\"name\":\"Erutavad Geelid\",\"item\":\"https:\\\/\\\/lustandlove.eu\\\/et\\\/pood\\\/apteek\\\/erutavad-geelid\\\/\"},{\"@type\":\"ListItem\",\"position\":5,\"name\":\"Wait Naudingut pikendav sprei 10ml\"}]},{\"@type\":\"WebSite\",\"@id\":\"https:\\\/\\\/lustandlove.eu\\\/et\\\/#website\",\"url\":\"https:\\\/\\\/lustandlove.eu\\\/et\\\/\",\"name\":\"Lust &amp; Love\",\"description\":\"Online erootikapood tervise, ilu ja armastuse jaoks\",\"publisher\":{\"@id\":\"https:\\\/\\\/lustandlove.eu\\\/et\\\/#organization\"},\"potentialAction\":[{\"@type\":\"SearchAction\",\"target\":{\"@type\":\"EntryPoint\",\"urlTemplate\":\"https:\\\/\\\/lustandlove.eu\\\/et\\\/?s={search_term_string}\"},\"query-input\":{\"@type\":\"PropertyValueSpecification\",\"valueRequired\":true,\"valueName\":\"search_term_string\"}}],\"inLanguage\":\"et\"},{\"@type\":\"Organization\",\"@id\":\"https:\\\/\\\/lustandlove.eu\\\/et\\\/#organization\",\"name\":\"Bioconcept Baltics O\u00dc\",\"url\":\"https:\\\/\\\/lustandlove.eu\\\/et\\\/\",\"logo\":{\"@type\":\"ImageObject\",\"inLanguage\":\"et\",\"@id\":\"https:\\\/\\\/lustandlove.eu\\\/et\\\/#\\\/schema\\\/logo\\\/image\\\/\",\"url\":\"\",\"contentUrl\":\"\",\"caption\":\"Bioconcept Baltics O\u00dc\"},\"image\":{\"@id\":\"https:\\\/\\\/lustandlove.eu\\\/et\\\/#\\\/schema\\\/logo\\\/image\\\/\"},\"sameAs\":[\"https:\\\/\\\/www.facebook.com\\\/LustandLoveEU\\\/\",\"https:\\\/\\\/www.instagram.com\\\/lustandloveeu\\\/\"]}]}<\/script>\n<!-- \/ Yoast SEO plugin. -->","yoast_head_json":{"title":"Wait Naudingut pikendav sprei 10ml | Lust and Love","description":"Aitan teil s\u00e4ilitada kindlat erektsiooni, ilma et te j\u00f5uaksite liiga vara ejakulatsioonini. Viivitan teie naudinguga, et saaksite rohkem aega linade vahel \u201ckallistada\u201d","robots":{"index,follow,max-snippet":"index,follow,max-snippet:-1,max-image-preview:large,max-video-preview:-1"},"canonical":"https:\/\/lustandlove.eu\/et\/toode\/wait-naudingut-pikendav-sprei-10ml\/","twitter_card":"summary_large_image","twitter_title":"Wait Naudingut pikendav sprei 10ml | Lust and Love","twitter_description":"Aitan teil s\u00e4ilitada kindlat erektsiooni, ilma et te j\u00f5uaksite liiga vara ejakulatsioonini. Viivitan teie naudinguga, et saaksite rohkem aega linade vahel \u201ckallistada\u201d","twitter_image":"https:\/\/lustandlove.eu\/wp-content\/uploads\/BAE01C07-WAIT-1-Friday-Bae.png","twitter_misc":{"Est. reading time":"1 minut"},"schema":{"@context":"https:\/\/schema.org","@graph":[{"@type":["WebPage","ItemPage"],"@id":"https:\/\/lustandlove.eu\/et\/toode\/wait-naudingut-pikendav-sprei-10ml\/","url":"https:\/\/lustandlove.eu\/et\/toode\/wait-naudingut-pikendav-sprei-10ml\/","name":"Wait Naudingut pikendav sprei 10ml | Lust and Love","isPartOf":{"@id":"https:\/\/lustandlove.eu\/et\/#website"},"primaryImageOfPage":{"@id":"https:\/\/lustandlove.eu\/et\/toode\/wait-naudingut-pikendav-sprei-10ml\/#primaryimage"},"image":{"@id":"https:\/\/lustandlove.eu\/et\/toode\/wait-naudingut-pikendav-sprei-10ml\/#primaryimage"},"thumbnailUrl":"https:\/\/lustandlove.eu\/wp-content\/uploads\/BAE01C07-WAIT-1-Friday-Bae.png","datePublished":"2023-10-18T10:24:00+00:00","dateModified":"2026-04-20T12:29:56+00:00","description":"Aitan teil s\u00e4ilitada kindlat erektsiooni, ilma et te j\u00f5uaksite liiga vara ejakulatsioonini. Viivitan teie naudinguga, et saaksite rohkem aega linade vahel \u201ckallistada\u201d","breadcrumb":{"@id":"https:\/\/lustandlove.eu\/et\/toode\/wait-naudingut-pikendav-sprei-10ml\/#breadcrumb"},"inLanguage":"et","potentialAction":[{"@type":"ReadAction","target":["https:\/\/lustandlove.eu\/et\/toode\/wait-naudingut-pikendav-sprei-10ml\/"]}]},{"@type":"ImageObject","inLanguage":"et","@id":"https:\/\/lustandlove.eu\/et\/toode\/wait-naudingut-pikendav-sprei-10ml\/#primaryimage","url":"https:\/\/lustandlove.eu\/wp-content\/uploads\/BAE01C07-WAIT-1-Friday-Bae.png","contentUrl":"https:\/\/lustandlove.eu\/wp-content\/uploads\/BAE01C07-WAIT-1-Friday-Bae.png","width":1080,"height":1080},{"@type":"BreadcrumbList","@id":"https:\/\/lustandlove.eu\/et\/toode\/wait-naudingut-pikendav-sprei-10ml\/#breadcrumb","itemListElement":[{"@type":"ListItem","position":1,"name":"Lust and Love","item":"https:\/\/lustandlove.eu\/et\/"},{"@type":"ListItem","position":2,"name":"Pood","item":"https:\/\/lustandlove.eu\/et\/pood\/"},{"@type":"ListItem","position":3,"name":"Libestid ja kehahooldus","item":"https:\/\/lustandlove.eu\/et\/pood\/apteek\/"},{"@type":"ListItem","position":4,"name":"Erutavad Geelid","item":"https:\/\/lustandlove.eu\/et\/pood\/apteek\/erutavad-geelid\/"},{"@type":"ListItem","position":5,"name":"Wait Naudingut pikendav sprei 10ml"}]},{"@type":"WebSite","@id":"https:\/\/lustandlove.eu\/et\/#website","url":"https:\/\/lustandlove.eu\/et\/","name":"Lust &amp; Love","description":"Online erootikapood tervise, ilu ja armastuse jaoks","publisher":{"@id":"https:\/\/lustandlove.eu\/et\/#organization"},"potentialAction":[{"@type":"SearchAction","target":{"@type":"EntryPoint","urlTemplate":"https:\/\/lustandlove.eu\/et\/?s={search_term_string}"},"query-input":{"@type":"PropertyValueSpecification","valueRequired":true,"valueName":"search_term_string"}}],"inLanguage":"et"},{"@type":"Organization","@id":"https:\/\/lustandlove.eu\/et\/#organization","name":"Bioconcept Baltics O\u00dc","url":"https:\/\/lustandlove.eu\/et\/","logo":{"@type":"ImageObject","inLanguage":"et","@id":"https:\/\/lustandlove.eu\/et\/#\/schema\/logo\/image\/","url":"","contentUrl":"","caption":"Bioconcept Baltics O\u00dc"},"image":{"@id":"https:\/\/lustandlove.eu\/et\/#\/schema\/logo\/image\/"},"sameAs":["https:\/\/www.facebook.com\/LustandLoveEU\/","https:\/\/www.instagram.com\/lustandloveeu\/"]}]}},"_links":{"self":[{"href":"https:\/\/lustandlove.eu\/et\/wp-json\/wp\/v2\/product\/87004","targetHints":{"allow":["GET"]}}],"collection":[{"href":"https:\/\/lustandlove.eu\/et\/wp-json\/wp\/v2\/product"}],"about":[{"href":"https:\/\/lustandlove.eu\/et\/wp-json\/wp\/v2\/types\/product"}],"wp:featuredmedia":[{"embeddable":true,"href":"https:\/\/lustandlove.eu\/et\/wp-json\/wp\/v2\/media\/87010"}],"wp:attachment":[{"href":"https:\/\/lustandlove.eu\/et\/wp-json\/wp\/v2\/media?parent=87004"}],"wp:term":[{"taxonomy":"product_brand","embeddable":true,"href":"https:\/\/lustandlove.eu\/et\/wp-json\/wp\/v2\/product_brand?post=87004"},{"taxonomy":"product_cat","embeddable":true,"href":"https:\/\/lustandlove.eu\/et\/wp-json\/wp\/v2\/product_cat?post=87004"},{"taxonomy":"product_tag","embeddable":true,"href":"https:\/\/lustandlove.eu\/et\/wp-json\/wp\/v2\/product_tag?post=87004"}],"curies":[{"name":"wp","href":"https:\/\/api.w.org\/{rel}","templated":true}]}}