{"id":87028,"date":"2023-10-18T13:56:22","date_gmt":"2023-10-18T10:56:23","guid":{"rendered":"https:\/\/www.lustandlove.eu\/?post_type=product&#038;p=87028"},"modified":"2026-04-13T10:27:31","modified_gmt":"2026-04-13T07:27:31","slug":"imeja-stimulaator-koos-pehme-hoiukotiga","status":"publish","type":"product","link":"https:\/\/lustandlove.eu\/et\/toode\/imeja-stimulaator-koos-pehme-hoiukotiga\/","title":{"rendered":"Imeja Stimulaator koos Pehme Hoiukotiga"},"content":{"rendered":"<p>Olen siin, et tuua teieni kliitori stimulatsiooni vorm, mis lihtsalt tabab teistmoodi. \u00dctle s\u00f5na ja ma l\u00e4hen pimesi kuhu iganes, niikaua, kuni sa mind laed.<\/p>\n<p>Olen siin, et sulle ikka ja j\u00e4lle r\u00f5\u00f5mu pakkuda, sest kallis, sa tead, et see on ilmselge, ma olen s\u00fcndinud kestma. Te naudite kindlasti minu pehmet meditsiinilist silikoonkeha.<\/p>\n<p>T\u00e4nu oma 9 imemisre\u017eiimile stimuleerin kliitorit nagu mitte \u00fckski teine.<br \/>\nMinu vahelduvad \u00f5hupulsatsioonid ja vibratsioonid konkureerivad parima oraalseksiga\ud83d\udc45<br \/>\nOlen \u00fclivaikne, AGA\u2026<br \/>\n\u2026Mul on salajane nupp, mis saadab mind turbore\u017eiimi<br \/>\nVannis ja du\u0161i all saab l\u00f5butseda \ud83d\udebf, ma olen veekindel!<br \/>\nMul on magneetiline USB laadija\ud83d\udd0c<br \/>\nMul on kaasas Shibae pl\u00fc\u00fcsist kott, mis sulandub diskreetselt teie kotti v\u00f5i teie tuppa<\/p>\n<p>ABS + PC \u00fcmbris + meditsiiniline silikoon, mitte ohtlik, mittepoorne, h\u00fcpoallergeenne ja vastupidav.<\/p>\n<p>Puhastage intiimm\u00e4nguasi enne ja p\u00e4rast iga kasutamist p\u00f5hjalikult l\u00e4bipaistva seebiveega.<br \/>\nKasuta m\u00e4nguasja alati veep\u00f5hise \ud83d\udca6 libestiga, n\u00e4iteks Friday Bae Pleasure Lubricant.<br \/>\nHoidke stimulaatorit tolmuvabas kohas, eemal teistest seksleludest (nagu selle Shibae kott \ud83e\uddf8).<br \/>\nV\u00e4ltige selle j\u00e4tmist otsese p\u00e4ikesevalguse k\u00e4tte \u2600\ufe0f ja mitte kunagi \u00e4\u00e4rmusliku kuumuse k\u00e4tte.<br \/>\nHoida lastele k\u00e4ttesaamatus kohas \ud83e\uddd2.<\/p>\n","protected":false},"excerpt":{"rendered":"<p>Olen sinu j\u00e4rele hull \ud83d\udc9b<\/p>\n","protected":false},"featured_media":87040,"template":"","meta":[],"product_brand":[4249],"product_cat":[3982,1484,1488],"product_tag":[],"class_list":{"0":"post-87028","1":"product","2":"type-product","3":"status-publish","4":"has-post-thumbnail","6":"product_brand-friday-bae-et","7":"product_cat-ohksurve-simulaator","8":"product_cat-sekslelud","9":"product_cat-vibraatorid","10":"pa_brand-friday-bae-et","12":"first","13":"instock","14":"taxable","15":"shipping-taxable","16":"purchasable","17":"product-type-simple"},"yoast_head":"<!-- This site is optimized with the Yoast SEO plugin v27.4 - https:\/\/yoast.com\/product\/yoast-seo-wordpress\/ -->\n<title>Imeja Stimulaator koos Pehme Hoiukotiga | LUST&amp;LOVE Sex Shop<\/title>\n<meta name=\"description\" content=\"Olen siin, et tuua teieni kliitori stimulatsiooni vorm, mis lihtsalt tabab teistmoodi. \u00dctle s\u00f5na ja ma l\u00e4hen pimesi kuhu iganes, niikaua, kuni sa mind laed.\" \/>\n<meta name=\"robots\" content=\"index,follow,max-snippet:-1,max-image-preview:large,max-video-preview:-1\" \/>\n<link rel=\"canonical\" href=\"https:\/\/lustandlove.eu\/et\/toode\/imeja-stimulaator-koos-pehme-hoiukotiga\/\" \/>\n<script type=\"application\/ld+json\" class=\"yoast-schema-graph\">{\"@context\":\"https:\\\/\\\/schema.org\",\"@graph\":[{\"@type\":[\"WebPage\",\"ItemPage\"],\"@id\":\"https:\\\/\\\/lustandlove.eu\\\/et\\\/toode\\\/imeja-stimulaator-koos-pehme-hoiukotiga\\\/\",\"url\":\"https:\\\/\\\/lustandlove.eu\\\/et\\\/toode\\\/imeja-stimulaator-koos-pehme-hoiukotiga\\\/\",\"name\":\"Imeja Stimulaator koos Pehme Hoiukotiga | LUST&LOVE Sex Shop\",\"isPartOf\":{\"@id\":\"https:\\\/\\\/lustandlove.eu\\\/et\\\/#website\"},\"primaryImageOfPage\":{\"@id\":\"https:\\\/\\\/lustandlove.eu\\\/et\\\/toode\\\/imeja-stimulaator-koos-pehme-hoiukotiga\\\/#primaryimage\"},\"image\":{\"@id\":\"https:\\\/\\\/lustandlove.eu\\\/et\\\/toode\\\/imeja-stimulaator-koos-pehme-hoiukotiga\\\/#primaryimage\"},\"thumbnailUrl\":\"https:\\\/\\\/lustandlove.eu\\\/wp-content\\\/uploads\\\/BAE01T02-TOYS-1-Friday-Bae.png\",\"datePublished\":\"2023-10-18T10:56:23+00:00\",\"dateModified\":\"2026-04-13T07:27:31+00:00\",\"description\":\"Olen siin, et tuua teieni kliitori stimulatsiooni vorm, mis lihtsalt tabab teistmoodi. \u00dctle s\u00f5na ja ma l\u00e4hen pimesi kuhu iganes, niikaua, kuni sa mind laed.\",\"breadcrumb\":{\"@id\":\"https:\\\/\\\/lustandlove.eu\\\/et\\\/toode\\\/imeja-stimulaator-koos-pehme-hoiukotiga\\\/#breadcrumb\"},\"inLanguage\":\"et\",\"potentialAction\":[{\"@type\":\"ReadAction\",\"target\":[\"https:\\\/\\\/lustandlove.eu\\\/et\\\/toode\\\/imeja-stimulaator-koos-pehme-hoiukotiga\\\/\"]}]},{\"@type\":\"ImageObject\",\"inLanguage\":\"et\",\"@id\":\"https:\\\/\\\/lustandlove.eu\\\/et\\\/toode\\\/imeja-stimulaator-koos-pehme-hoiukotiga\\\/#primaryimage\",\"url\":\"https:\\\/\\\/lustandlove.eu\\\/wp-content\\\/uploads\\\/BAE01T02-TOYS-1-Friday-Bae.png\",\"contentUrl\":\"https:\\\/\\\/lustandlove.eu\\\/wp-content\\\/uploads\\\/BAE01T02-TOYS-1-Friday-Bae.png\",\"width\":1080,\"height\":1080},{\"@type\":\"BreadcrumbList\",\"@id\":\"https:\\\/\\\/lustandlove.eu\\\/et\\\/toode\\\/imeja-stimulaator-koos-pehme-hoiukotiga\\\/#breadcrumb\",\"itemListElement\":[{\"@type\":\"ListItem\",\"position\":1,\"name\":\"Lust and Love\",\"item\":\"https:\\\/\\\/lustandlove.eu\\\/et\\\/\"},{\"@type\":\"ListItem\",\"position\":2,\"name\":\"Pood\",\"item\":\"https:\\\/\\\/lustandlove.eu\\\/et\\\/pood\\\/\"},{\"@type\":\"ListItem\",\"position\":3,\"name\":\"Sekslelud\",\"item\":\"https:\\\/\\\/lustandlove.eu\\\/et\\\/pood\\\/sekslelud\\\/\"},{\"@type\":\"ListItem\",\"position\":4,\"name\":\"Imeja Stimulaator koos Pehme Hoiukotiga\"}]},{\"@type\":\"WebSite\",\"@id\":\"https:\\\/\\\/lustandlove.eu\\\/et\\\/#website\",\"url\":\"https:\\\/\\\/lustandlove.eu\\\/et\\\/\",\"name\":\"Lust & Love\",\"description\":\"Online erootikapood tervise, ilu ja armastuse jaoks\",\"publisher\":{\"@id\":\"https:\\\/\\\/lustandlove.eu\\\/et\\\/#organization\"},\"potentialAction\":[{\"@type\":\"SearchAction\",\"target\":{\"@type\":\"EntryPoint\",\"urlTemplate\":\"https:\\\/\\\/lustandlove.eu\\\/et\\\/?s={search_term_string}\"},\"query-input\":{\"@type\":\"PropertyValueSpecification\",\"valueRequired\":true,\"valueName\":\"search_term_string\"}}],\"inLanguage\":\"et\"},{\"@type\":\"Organization\",\"@id\":\"https:\\\/\\\/lustandlove.eu\\\/et\\\/#organization\",\"name\":\"Bioconcept Baltics O\u00dc\",\"url\":\"https:\\\/\\\/lustandlove.eu\\\/et\\\/\",\"logo\":{\"@type\":\"ImageObject\",\"inLanguage\":\"et\",\"@id\":\"https:\\\/\\\/lustandlove.eu\\\/et\\\/#\\\/schema\\\/logo\\\/image\\\/\",\"url\":\"https:\\\/\\\/lustandlove.eu\\\/wp-content\\\/uploads\\\/logo-full-2.png\",\"contentUrl\":\"https:\\\/\\\/lustandlove.eu\\\/wp-content\\\/uploads\\\/logo-full-2.png\",\"width\":837,\"height\":200,\"caption\":\"Bioconcept Baltics O\u00dc\"},\"image\":{\"@id\":\"https:\\\/\\\/lustandlove.eu\\\/et\\\/#\\\/schema\\\/logo\\\/image\\\/\"},\"sameAs\":[\"https:\\\/\\\/www.facebook.com\\\/LustandLoveEU\\\/\",\"https:\\\/\\\/www.instagram.com\\\/lustandloveeu\\\/\"]}]}<\/script>\n<!-- \/ Yoast SEO plugin. -->","yoast_head_json":{"title":"Imeja Stimulaator koos Pehme Hoiukotiga | LUST&LOVE Sex Shop","description":"Olen siin, et tuua teieni kliitori stimulatsiooni vorm, mis lihtsalt tabab teistmoodi. \u00dctle s\u00f5na ja ma l\u00e4hen pimesi kuhu iganes, niikaua, kuni sa mind laed.","robots":{"index,follow,max-snippet":"index,follow,max-snippet:-1,max-image-preview:large,max-video-preview:-1"},"canonical":"https:\/\/lustandlove.eu\/et\/toode\/imeja-stimulaator-koos-pehme-hoiukotiga\/","schema":{"@context":"https:\/\/schema.org","@graph":[{"@type":["WebPage","ItemPage"],"@id":"https:\/\/lustandlove.eu\/et\/toode\/imeja-stimulaator-koos-pehme-hoiukotiga\/","url":"https:\/\/lustandlove.eu\/et\/toode\/imeja-stimulaator-koos-pehme-hoiukotiga\/","name":"Imeja Stimulaator koos Pehme Hoiukotiga | LUST&LOVE Sex Shop","isPartOf":{"@id":"https:\/\/lustandlove.eu\/et\/#website"},"primaryImageOfPage":{"@id":"https:\/\/lustandlove.eu\/et\/toode\/imeja-stimulaator-koos-pehme-hoiukotiga\/#primaryimage"},"image":{"@id":"https:\/\/lustandlove.eu\/et\/toode\/imeja-stimulaator-koos-pehme-hoiukotiga\/#primaryimage"},"thumbnailUrl":"https:\/\/lustandlove.eu\/wp-content\/uploads\/BAE01T02-TOYS-1-Friday-Bae.png","datePublished":"2023-10-18T10:56:23+00:00","dateModified":"2026-04-13T07:27:31+00:00","description":"Olen siin, et tuua teieni kliitori stimulatsiooni vorm, mis lihtsalt tabab teistmoodi. \u00dctle s\u00f5na ja ma l\u00e4hen pimesi kuhu iganes, niikaua, kuni sa mind laed.","breadcrumb":{"@id":"https:\/\/lustandlove.eu\/et\/toode\/imeja-stimulaator-koos-pehme-hoiukotiga\/#breadcrumb"},"inLanguage":"et","potentialAction":[{"@type":"ReadAction","target":["https:\/\/lustandlove.eu\/et\/toode\/imeja-stimulaator-koos-pehme-hoiukotiga\/"]}]},{"@type":"ImageObject","inLanguage":"et","@id":"https:\/\/lustandlove.eu\/et\/toode\/imeja-stimulaator-koos-pehme-hoiukotiga\/#primaryimage","url":"https:\/\/lustandlove.eu\/wp-content\/uploads\/BAE01T02-TOYS-1-Friday-Bae.png","contentUrl":"https:\/\/lustandlove.eu\/wp-content\/uploads\/BAE01T02-TOYS-1-Friday-Bae.png","width":1080,"height":1080},{"@type":"BreadcrumbList","@id":"https:\/\/lustandlove.eu\/et\/toode\/imeja-stimulaator-koos-pehme-hoiukotiga\/#breadcrumb","itemListElement":[{"@type":"ListItem","position":1,"name":"Lust and Love","item":"https:\/\/lustandlove.eu\/et\/"},{"@type":"ListItem","position":2,"name":"Pood","item":"https:\/\/lustandlove.eu\/et\/pood\/"},{"@type":"ListItem","position":3,"name":"Sekslelud","item":"https:\/\/lustandlove.eu\/et\/pood\/sekslelud\/"},{"@type":"ListItem","position":4,"name":"Imeja Stimulaator koos Pehme Hoiukotiga"}]},{"@type":"WebSite","@id":"https:\/\/lustandlove.eu\/et\/#website","url":"https:\/\/lustandlove.eu\/et\/","name":"Lust & Love","description":"Online erootikapood tervise, ilu ja armastuse jaoks","publisher":{"@id":"https:\/\/lustandlove.eu\/et\/#organization"},"potentialAction":[{"@type":"SearchAction","target":{"@type":"EntryPoint","urlTemplate":"https:\/\/lustandlove.eu\/et\/?s={search_term_string}"},"query-input":{"@type":"PropertyValueSpecification","valueRequired":true,"valueName":"search_term_string"}}],"inLanguage":"et"},{"@type":"Organization","@id":"https:\/\/lustandlove.eu\/et\/#organization","name":"Bioconcept Baltics O\u00dc","url":"https:\/\/lustandlove.eu\/et\/","logo":{"@type":"ImageObject","inLanguage":"et","@id":"https:\/\/lustandlove.eu\/et\/#\/schema\/logo\/image\/","url":"https:\/\/lustandlove.eu\/wp-content\/uploads\/logo-full-2.png","contentUrl":"https:\/\/lustandlove.eu\/wp-content\/uploads\/logo-full-2.png","width":837,"height":200,"caption":"Bioconcept Baltics O\u00dc"},"image":{"@id":"https:\/\/lustandlove.eu\/et\/#\/schema\/logo\/image\/"},"sameAs":["https:\/\/www.facebook.com\/LustandLoveEU\/","https:\/\/www.instagram.com\/lustandloveeu\/"]}]}},"_links":{"self":[{"href":"https:\/\/lustandlove.eu\/et\/wp-json\/wp\/v2\/product\/87028","targetHints":{"allow":["GET"]}}],"collection":[{"href":"https:\/\/lustandlove.eu\/et\/wp-json\/wp\/v2\/product"}],"about":[{"href":"https:\/\/lustandlove.eu\/et\/wp-json\/wp\/v2\/types\/product"}],"wp:featuredmedia":[{"embeddable":true,"href":"https:\/\/lustandlove.eu\/et\/wp-json\/wp\/v2\/media\/87040"}],"wp:attachment":[{"href":"https:\/\/lustandlove.eu\/et\/wp-json\/wp\/v2\/media?parent=87028"}],"wp:term":[{"taxonomy":"product_brand","embeddable":true,"href":"https:\/\/lustandlove.eu\/et\/wp-json\/wp\/v2\/product_brand?post=87028"},{"taxonomy":"product_cat","embeddable":true,"href":"https:\/\/lustandlove.eu\/et\/wp-json\/wp\/v2\/product_cat?post=87028"},{"taxonomy":"product_tag","embeddable":true,"href":"https:\/\/lustandlove.eu\/et\/wp-json\/wp\/v2\/product_tag?post=87028"}],"curies":[{"name":"wp","href":"https:\/\/api.w.org\/{rel}","templated":true}]}}