{"id":87598,"date":"2023-11-15T12:24:39","date_gmt":"2023-11-15T10:24:39","guid":{"rendered":"https:\/\/www.lustandlove.eu\/product\/uniq-oral-oraalseksi-lapike-lateksivaba-3tk\/"},"modified":"2026-04-13T10:27:31","modified_gmt":"2026-04-13T07:27:31","slug":"uniq-oral-oraalseksi-lapike-lateksivaba-3tk","status":"publish","type":"product","link":"https:\/\/lustandlove.eu\/et\/toode\/uniq-oral-oraalseksi-lapike-lateksivaba-3tk\/","title":{"rendered":"Uniq Oral Oraalseksi lapike lateksivaba turvakile 3tk"},"content":{"rendered":"<p>\u00d5ige kasutamise korral takistab Oral Dental Dam kehavedelike l\u00e4bip\u00e4\u00e4su, aidates v\u00e4hendada STI-de, nagu s\u00fc\u00fcfilis, herpes, gonorr\u00f6a, kandidoos, HIV ja inimese papilloomiviirus (HPV) omandamise v\u00f5i edasikandumise riski.<\/p>\n<p>Sisaldab 3 maski oraalseksi jaoks. Lapikest saab kasutada maskina v\u00f5i alusp\u00fckstena. \u00dchekordseks kasutumiseks. H\u00fcpoallergeenne.<\/p>\n","protected":false},"excerpt":{"rendered":"<p>Uniq Oral Love AT-10 s\u00fcnteetilisest <em>resin-<\/em>ist oraalseksi lapike kaitseb oraalseksi ajal vedelike, haiguste ja k\u00f5ige muu eest.<\/p>\n","protected":false},"featured_media":93581,"template":"","meta":[],"product_brand":[4245],"product_cat":[1462,1460],"product_tag":[3669,3668,3667],"class_list":{"0":"post-87598","1":"product","2":"type-product","3":"status-publish","4":"has-post-thumbnail","6":"product_brand-uniq-et","7":"product_cat-kondoomid","8":"product_cat-apteek","9":"product_tag-oraal","10":"product_tag-oraallapp","11":"product_tag-turvakile","12":"pa_brand-uniq-et","14":"first","15":"instock","16":"taxable","17":"shipping-taxable","18":"purchasable","19":"product-type-simple"},"yoast_head":"<!-- This site is optimized with the Yoast SEO plugin v27.4 - https:\/\/yoast.com\/product\/yoast-seo-wordpress\/ -->\n<title>Uniq Oral Oraalseksi lapike lateksivaba turvakile 3tk | Lust and Love<\/title>\n<meta name=\"description\" content=\"Nende oraalseksi lapikestega saad kaitsta end vedelike, sugulisel teel levivate haiguste ja k\u00f5ige muu eest. Turvakile on lateksivaba\" \/>\n<meta name=\"robots\" content=\"index,follow,max-snippet:-1,max-image-preview:large,max-video-preview:-1\" \/>\n<link rel=\"canonical\" href=\"https:\/\/lustandlove.eu\/et\/toode\/uniq-oral-oraalseksi-lapike-lateksivaba-3tk\/\" \/>\n<script type=\"application\/ld+json\" class=\"yoast-schema-graph\">{\"@context\":\"https:\\\/\\\/schema.org\",\"@graph\":[{\"@type\":[\"WebPage\",\"ItemPage\"],\"@id\":\"https:\\\/\\\/lustandlove.eu\\\/et\\\/toode\\\/uniq-oral-oraalseksi-lapike-lateksivaba-3tk\\\/\",\"url\":\"https:\\\/\\\/lustandlove.eu\\\/et\\\/toode\\\/uniq-oral-oraalseksi-lapike-lateksivaba-3tk\\\/\",\"name\":\"Uniq Oral Oraalseksi lapike lateksivaba turvakile 3tk | Lust and Love\",\"isPartOf\":{\"@id\":\"https:\\\/\\\/lustandlove.eu\\\/et\\\/#website\"},\"primaryImageOfPage\":{\"@id\":\"https:\\\/\\\/lustandlove.eu\\\/et\\\/toode\\\/uniq-oral-oraalseksi-lapike-lateksivaba-3tk\\\/#primaryimage\"},\"image\":{\"@id\":\"https:\\\/\\\/lustandlove.eu\\\/et\\\/toode\\\/uniq-oral-oraalseksi-lapike-lateksivaba-3tk\\\/#primaryimage\"},\"thumbnailUrl\":\"https:\\\/\\\/lustandlove.eu\\\/wp-content\\\/uploads\\\/Screenshot-2025-05-15-at-13.08.46.png\",\"datePublished\":\"2023-11-15T10:24:39+00:00\",\"dateModified\":\"2026-04-13T07:27:31+00:00\",\"description\":\"Nende oraalseksi lapikestega saad kaitsta end vedelike, sugulisel teel levivate haiguste ja k\u00f5ige muu eest. Turvakile on lateksivaba\",\"breadcrumb\":{\"@id\":\"https:\\\/\\\/lustandlove.eu\\\/et\\\/toode\\\/uniq-oral-oraalseksi-lapike-lateksivaba-3tk\\\/#breadcrumb\"},\"inLanguage\":\"et\",\"potentialAction\":[{\"@type\":\"ReadAction\",\"target\":[\"https:\\\/\\\/lustandlove.eu\\\/et\\\/toode\\\/uniq-oral-oraalseksi-lapike-lateksivaba-3tk\\\/\"]}]},{\"@type\":\"ImageObject\",\"inLanguage\":\"et\",\"@id\":\"https:\\\/\\\/lustandlove.eu\\\/et\\\/toode\\\/uniq-oral-oraalseksi-lapike-lateksivaba-3tk\\\/#primaryimage\",\"url\":\"https:\\\/\\\/lustandlove.eu\\\/wp-content\\\/uploads\\\/Screenshot-2025-05-15-at-13.08.46.png\",\"contentUrl\":\"https:\\\/\\\/lustandlove.eu\\\/wp-content\\\/uploads\\\/Screenshot-2025-05-15-at-13.08.46.png\",\"width\":403,\"height\":518},{\"@type\":\"BreadcrumbList\",\"@id\":\"https:\\\/\\\/lustandlove.eu\\\/et\\\/toode\\\/uniq-oral-oraalseksi-lapike-lateksivaba-3tk\\\/#breadcrumb\",\"itemListElement\":[{\"@type\":\"ListItem\",\"position\":1,\"name\":\"Lust and Love\",\"item\":\"https:\\\/\\\/lustandlove.eu\\\/et\\\/\"},{\"@type\":\"ListItem\",\"position\":2,\"name\":\"Pood\",\"item\":\"https:\\\/\\\/lustandlove.eu\\\/et\\\/pood\\\/\"},{\"@type\":\"ListItem\",\"position\":3,\"name\":\"Libestid ja kehahooldus\",\"item\":\"https:\\\/\\\/lustandlove.eu\\\/et\\\/pood\\\/apteek\\\/\"},{\"@type\":\"ListItem\",\"position\":4,\"name\":\"Uniq Oral Oraalseksi lapike lateksivaba turvakile 3tk\"}]},{\"@type\":\"WebSite\",\"@id\":\"https:\\\/\\\/lustandlove.eu\\\/et\\\/#website\",\"url\":\"https:\\\/\\\/lustandlove.eu\\\/et\\\/\",\"name\":\"Lust & Love\",\"description\":\"Online erootikapood tervise, ilu ja armastuse jaoks\",\"publisher\":{\"@id\":\"https:\\\/\\\/lustandlove.eu\\\/et\\\/#organization\"},\"potentialAction\":[{\"@type\":\"SearchAction\",\"target\":{\"@type\":\"EntryPoint\",\"urlTemplate\":\"https:\\\/\\\/lustandlove.eu\\\/et\\\/?s={search_term_string}\"},\"query-input\":{\"@type\":\"PropertyValueSpecification\",\"valueRequired\":true,\"valueName\":\"search_term_string\"}}],\"inLanguage\":\"et\"},{\"@type\":\"Organization\",\"@id\":\"https:\\\/\\\/lustandlove.eu\\\/et\\\/#organization\",\"name\":\"Bioconcept Baltics O\u00dc\",\"url\":\"https:\\\/\\\/lustandlove.eu\\\/et\\\/\",\"logo\":{\"@type\":\"ImageObject\",\"inLanguage\":\"et\",\"@id\":\"https:\\\/\\\/lustandlove.eu\\\/et\\\/#\\\/schema\\\/logo\\\/image\\\/\",\"url\":\"https:\\\/\\\/lustandlove.eu\\\/wp-content\\\/uploads\\\/logo-full-2.png\",\"contentUrl\":\"https:\\\/\\\/lustandlove.eu\\\/wp-content\\\/uploads\\\/logo-full-2.png\",\"width\":837,\"height\":200,\"caption\":\"Bioconcept Baltics O\u00dc\"},\"image\":{\"@id\":\"https:\\\/\\\/lustandlove.eu\\\/et\\\/#\\\/schema\\\/logo\\\/image\\\/\"},\"sameAs\":[\"https:\\\/\\\/www.facebook.com\\\/LustandLoveEU\\\/\",\"https:\\\/\\\/www.instagram.com\\\/lustandloveeu\\\/\"]}]}<\/script>\n<!-- \/ Yoast SEO plugin. -->","yoast_head_json":{"title":"Uniq Oral Oraalseksi lapike lateksivaba turvakile 3tk | Lust and Love","description":"Nende oraalseksi lapikestega saad kaitsta end vedelike, sugulisel teel levivate haiguste ja k\u00f5ige muu eest. Turvakile on lateksivaba","robots":{"index,follow,max-snippet":"index,follow,max-snippet:-1,max-image-preview:large,max-video-preview:-1"},"canonical":"https:\/\/lustandlove.eu\/et\/toode\/uniq-oral-oraalseksi-lapike-lateksivaba-3tk\/","schema":{"@context":"https:\/\/schema.org","@graph":[{"@type":["WebPage","ItemPage"],"@id":"https:\/\/lustandlove.eu\/et\/toode\/uniq-oral-oraalseksi-lapike-lateksivaba-3tk\/","url":"https:\/\/lustandlove.eu\/et\/toode\/uniq-oral-oraalseksi-lapike-lateksivaba-3tk\/","name":"Uniq Oral Oraalseksi lapike lateksivaba turvakile 3tk | Lust and Love","isPartOf":{"@id":"https:\/\/lustandlove.eu\/et\/#website"},"primaryImageOfPage":{"@id":"https:\/\/lustandlove.eu\/et\/toode\/uniq-oral-oraalseksi-lapike-lateksivaba-3tk\/#primaryimage"},"image":{"@id":"https:\/\/lustandlove.eu\/et\/toode\/uniq-oral-oraalseksi-lapike-lateksivaba-3tk\/#primaryimage"},"thumbnailUrl":"https:\/\/lustandlove.eu\/wp-content\/uploads\/Screenshot-2025-05-15-at-13.08.46.png","datePublished":"2023-11-15T10:24:39+00:00","dateModified":"2026-04-13T07:27:31+00:00","description":"Nende oraalseksi lapikestega saad kaitsta end vedelike, sugulisel teel levivate haiguste ja k\u00f5ige muu eest. Turvakile on lateksivaba","breadcrumb":{"@id":"https:\/\/lustandlove.eu\/et\/toode\/uniq-oral-oraalseksi-lapike-lateksivaba-3tk\/#breadcrumb"},"inLanguage":"et","potentialAction":[{"@type":"ReadAction","target":["https:\/\/lustandlove.eu\/et\/toode\/uniq-oral-oraalseksi-lapike-lateksivaba-3tk\/"]}]},{"@type":"ImageObject","inLanguage":"et","@id":"https:\/\/lustandlove.eu\/et\/toode\/uniq-oral-oraalseksi-lapike-lateksivaba-3tk\/#primaryimage","url":"https:\/\/lustandlove.eu\/wp-content\/uploads\/Screenshot-2025-05-15-at-13.08.46.png","contentUrl":"https:\/\/lustandlove.eu\/wp-content\/uploads\/Screenshot-2025-05-15-at-13.08.46.png","width":403,"height":518},{"@type":"BreadcrumbList","@id":"https:\/\/lustandlove.eu\/et\/toode\/uniq-oral-oraalseksi-lapike-lateksivaba-3tk\/#breadcrumb","itemListElement":[{"@type":"ListItem","position":1,"name":"Lust and Love","item":"https:\/\/lustandlove.eu\/et\/"},{"@type":"ListItem","position":2,"name":"Pood","item":"https:\/\/lustandlove.eu\/et\/pood\/"},{"@type":"ListItem","position":3,"name":"Libestid ja kehahooldus","item":"https:\/\/lustandlove.eu\/et\/pood\/apteek\/"},{"@type":"ListItem","position":4,"name":"Uniq Oral Oraalseksi lapike lateksivaba turvakile 3tk"}]},{"@type":"WebSite","@id":"https:\/\/lustandlove.eu\/et\/#website","url":"https:\/\/lustandlove.eu\/et\/","name":"Lust & Love","description":"Online erootikapood tervise, ilu ja armastuse jaoks","publisher":{"@id":"https:\/\/lustandlove.eu\/et\/#organization"},"potentialAction":[{"@type":"SearchAction","target":{"@type":"EntryPoint","urlTemplate":"https:\/\/lustandlove.eu\/et\/?s={search_term_string}"},"query-input":{"@type":"PropertyValueSpecification","valueRequired":true,"valueName":"search_term_string"}}],"inLanguage":"et"},{"@type":"Organization","@id":"https:\/\/lustandlove.eu\/et\/#organization","name":"Bioconcept Baltics O\u00dc","url":"https:\/\/lustandlove.eu\/et\/","logo":{"@type":"ImageObject","inLanguage":"et","@id":"https:\/\/lustandlove.eu\/et\/#\/schema\/logo\/image\/","url":"https:\/\/lustandlove.eu\/wp-content\/uploads\/logo-full-2.png","contentUrl":"https:\/\/lustandlove.eu\/wp-content\/uploads\/logo-full-2.png","width":837,"height":200,"caption":"Bioconcept Baltics O\u00dc"},"image":{"@id":"https:\/\/lustandlove.eu\/et\/#\/schema\/logo\/image\/"},"sameAs":["https:\/\/www.facebook.com\/LustandLoveEU\/","https:\/\/www.instagram.com\/lustandloveeu\/"]}]}},"_links":{"self":[{"href":"https:\/\/lustandlove.eu\/et\/wp-json\/wp\/v2\/product\/87598","targetHints":{"allow":["GET"]}}],"collection":[{"href":"https:\/\/lustandlove.eu\/et\/wp-json\/wp\/v2\/product"}],"about":[{"href":"https:\/\/lustandlove.eu\/et\/wp-json\/wp\/v2\/types\/product"}],"wp:featuredmedia":[{"embeddable":true,"href":"https:\/\/lustandlove.eu\/et\/wp-json\/wp\/v2\/media\/93581"}],"wp:attachment":[{"href":"https:\/\/lustandlove.eu\/et\/wp-json\/wp\/v2\/media?parent=87598"}],"wp:term":[{"taxonomy":"product_brand","embeddable":true,"href":"https:\/\/lustandlove.eu\/et\/wp-json\/wp\/v2\/product_brand?post=87598"},{"taxonomy":"product_cat","embeddable":true,"href":"https:\/\/lustandlove.eu\/et\/wp-json\/wp\/v2\/product_cat?post=87598"},{"taxonomy":"product_tag","embeddable":true,"href":"https:\/\/lustandlove.eu\/et\/wp-json\/wp\/v2\/product_tag?post=87598"}],"curies":[{"name":"wp","href":"https:\/\/api.w.org\/{rel}","templated":true}]}}