{"id":87599,"date":"2023-11-15T12:26:46","date_gmt":"2023-11-15T10:26:46","guid":{"rendered":"https:\/\/www.lustandlove.eu\/product\/loovara-oral-oraalseksi-lapike-lateksivaba-3tk\/"},"modified":"2026-04-13T10:27:30","modified_gmt":"2026-04-13T07:27:30","slug":"loovara-oral-oraalseksi-lapike-lateksivaba-3tk","status":"publish","type":"product","link":"https:\/\/lustandlove.eu\/et\/toode\/loovara-oral-oraalseksi-lapike-lateksivaba-3tk\/","title":{"rendered":"Loovara Oral Oraalseksi lapike lateksivaba 3tk"},"content":{"rendered":"<p>Oraalseksi lapike on kondoomi oraalseksi vastand. Lateksivaba lina takistab vedeliku imendumist oraalseksi ajal. See aitab \u00e4ra hoida sugulisel teel levivad haiguseid. Seda saab kasutada n\u00e4ol v\u00f5i allpool.<br \/>\nSamuti on see l\u00e4bipaistev, eriti pehme, l\u00f5hnatu ja h\u00fcpoallergeenne. Kaitsetamm vastab k\u00f5rgeimatele kvaliteedistandarditele.<\/p>\n<p>Lateksivaba, \u00fcli\u00f5huke ja vastupidav. Loomulik tunne, Vegan.<\/p>\n","protected":false},"excerpt":{"rendered":"<p>Suulapid, lakkumislapid, kaitsetamm v\u00f5i oraalseksi lapike. K\u00f5ik on sama ja 100% lateksivaba!<\/p>\n","protected":false},"featured_media":87589,"template":"","meta":[],"product_brand":[],"product_cat":[1462,1460],"product_tag":[3669,3668,3667],"class_list":{"0":"post-87599","1":"product","2":"type-product","3":"status-publish","4":"has-post-thumbnail","6":"product_cat-kondoomid","7":"product_cat-apteek","8":"product_tag-oraal","9":"product_tag-oraallapp","10":"product_tag-turvakile","11":"pa_brand-loovara-et","13":"first","14":"outofstock","15":"taxable","16":"shipping-taxable","17":"purchasable","18":"product-type-simple"},"yoast_head":"<!-- This site is optimized with the Yoast SEO plugin v27.4 - https:\/\/yoast.com\/product\/yoast-seo-wordpress\/ -->\n<title>Loovara Oral Oraalseksi lapike lateksivaba 3tk | Lust and Love<\/title>\n<meta name=\"description\" content=\"Suulapid, lakkumislapid, kaitsetamm v\u00f5i oraalseksi lapike. K\u00f5ik on sama ja 100% lateksivaba!\" \/>\n<meta name=\"robots\" content=\"index,follow,max-snippet:-1,max-image-preview:large,max-video-preview:-1\" \/>\n<link rel=\"canonical\" href=\"https:\/\/lustandlove.eu\/et\/toode\/loovara-oral-oraalseksi-lapike-lateksivaba-3tk\/\" \/>\n<script type=\"application\/ld+json\" class=\"yoast-schema-graph\">{\"@context\":\"https:\\\/\\\/schema.org\",\"@graph\":[{\"@type\":[\"WebPage\",\"ItemPage\"],\"@id\":\"https:\\\/\\\/lustandlove.eu\\\/et\\\/toode\\\/loovara-oral-oraalseksi-lapike-lateksivaba-3tk\\\/\",\"url\":\"https:\\\/\\\/lustandlove.eu\\\/et\\\/toode\\\/loovara-oral-oraalseksi-lapike-lateksivaba-3tk\\\/\",\"name\":\"Loovara Oral Oraalseksi lapike lateksivaba 3tk | Lust and Love\",\"isPartOf\":{\"@id\":\"https:\\\/\\\/lustandlove.eu\\\/et\\\/#website\"},\"primaryImageOfPage\":{\"@id\":\"https:\\\/\\\/lustandlove.eu\\\/et\\\/toode\\\/loovara-oral-oraalseksi-lapike-lateksivaba-3tk\\\/#primaryimage\"},\"image\":{\"@id\":\"https:\\\/\\\/lustandlove.eu\\\/et\\\/toode\\\/loovara-oral-oraalseksi-lapike-lateksivaba-3tk\\\/#primaryimage\"},\"thumbnailUrl\":\"https:\\\/\\\/lustandlove.eu\\\/wp-content\\\/uploads\\\/71P19AFuOHL.jpg\",\"datePublished\":\"2023-11-15T10:26:46+00:00\",\"dateModified\":\"2026-04-13T07:27:30+00:00\",\"description\":\"Suulapid, lakkumislapid, kaitsetamm v\u00f5i oraalseksi lapike. K\u00f5ik on sama ja 100% lateksivaba!\",\"breadcrumb\":{\"@id\":\"https:\\\/\\\/lustandlove.eu\\\/et\\\/toode\\\/loovara-oral-oraalseksi-lapike-lateksivaba-3tk\\\/#breadcrumb\"},\"inLanguage\":\"et\",\"potentialAction\":[{\"@type\":\"ReadAction\",\"target\":[\"https:\\\/\\\/lustandlove.eu\\\/et\\\/toode\\\/loovara-oral-oraalseksi-lapike-lateksivaba-3tk\\\/\"]}]},{\"@type\":\"ImageObject\",\"inLanguage\":\"et\",\"@id\":\"https:\\\/\\\/lustandlove.eu\\\/et\\\/toode\\\/loovara-oral-oraalseksi-lapike-lateksivaba-3tk\\\/#primaryimage\",\"url\":\"https:\\\/\\\/lustandlove.eu\\\/wp-content\\\/uploads\\\/71P19AFuOHL.jpg\",\"contentUrl\":\"https:\\\/\\\/lustandlove.eu\\\/wp-content\\\/uploads\\\/71P19AFuOHL.jpg\",\"width\":1920,\"height\":1920},{\"@type\":\"BreadcrumbList\",\"@id\":\"https:\\\/\\\/lustandlove.eu\\\/et\\\/toode\\\/loovara-oral-oraalseksi-lapike-lateksivaba-3tk\\\/#breadcrumb\",\"itemListElement\":[{\"@type\":\"ListItem\",\"position\":1,\"name\":\"Lust and Love\",\"item\":\"https:\\\/\\\/lustandlove.eu\\\/et\\\/\"},{\"@type\":\"ListItem\",\"position\":2,\"name\":\"Pood\",\"item\":\"https:\\\/\\\/lustandlove.eu\\\/et\\\/pood\\\/\"},{\"@type\":\"ListItem\",\"position\":3,\"name\":\"Libestid ja kehahooldus\",\"item\":\"https:\\\/\\\/lustandlove.eu\\\/et\\\/pood\\\/apteek\\\/\"},{\"@type\":\"ListItem\",\"position\":4,\"name\":\"Loovara Oral Oraalseksi lapike lateksivaba 3tk\"}]},{\"@type\":\"WebSite\",\"@id\":\"https:\\\/\\\/lustandlove.eu\\\/et\\\/#website\",\"url\":\"https:\\\/\\\/lustandlove.eu\\\/et\\\/\",\"name\":\"Lust & Love\",\"description\":\"Online erootikapood tervise, ilu ja armastuse jaoks\",\"publisher\":{\"@id\":\"https:\\\/\\\/lustandlove.eu\\\/et\\\/#organization\"},\"potentialAction\":[{\"@type\":\"SearchAction\",\"target\":{\"@type\":\"EntryPoint\",\"urlTemplate\":\"https:\\\/\\\/lustandlove.eu\\\/et\\\/?s={search_term_string}\"},\"query-input\":{\"@type\":\"PropertyValueSpecification\",\"valueRequired\":true,\"valueName\":\"search_term_string\"}}],\"inLanguage\":\"et\"},{\"@type\":\"Organization\",\"@id\":\"https:\\\/\\\/lustandlove.eu\\\/et\\\/#organization\",\"name\":\"Bioconcept Baltics O\u00dc\",\"url\":\"https:\\\/\\\/lustandlove.eu\\\/et\\\/\",\"logo\":{\"@type\":\"ImageObject\",\"inLanguage\":\"et\",\"@id\":\"https:\\\/\\\/lustandlove.eu\\\/et\\\/#\\\/schema\\\/logo\\\/image\\\/\",\"url\":\"https:\\\/\\\/lustandlove.eu\\\/wp-content\\\/uploads\\\/logo-full-2.png\",\"contentUrl\":\"https:\\\/\\\/lustandlove.eu\\\/wp-content\\\/uploads\\\/logo-full-2.png\",\"width\":837,\"height\":200,\"caption\":\"Bioconcept Baltics O\u00dc\"},\"image\":{\"@id\":\"https:\\\/\\\/lustandlove.eu\\\/et\\\/#\\\/schema\\\/logo\\\/image\\\/\"},\"sameAs\":[\"https:\\\/\\\/www.facebook.com\\\/LustandLoveEU\\\/\",\"https:\\\/\\\/www.instagram.com\\\/lustandloveeu\\\/\"]}]}<\/script>\n<!-- \/ Yoast SEO plugin. -->","yoast_head_json":{"title":"Loovara Oral Oraalseksi lapike lateksivaba 3tk | Lust and Love","description":"Suulapid, lakkumislapid, kaitsetamm v\u00f5i oraalseksi lapike. K\u00f5ik on sama ja 100% lateksivaba!","robots":{"index,follow,max-snippet":"index,follow,max-snippet:-1,max-image-preview:large,max-video-preview:-1"},"canonical":"https:\/\/lustandlove.eu\/et\/toode\/loovara-oral-oraalseksi-lapike-lateksivaba-3tk\/","schema":{"@context":"https:\/\/schema.org","@graph":[{"@type":["WebPage","ItemPage"],"@id":"https:\/\/lustandlove.eu\/et\/toode\/loovara-oral-oraalseksi-lapike-lateksivaba-3tk\/","url":"https:\/\/lustandlove.eu\/et\/toode\/loovara-oral-oraalseksi-lapike-lateksivaba-3tk\/","name":"Loovara Oral Oraalseksi lapike lateksivaba 3tk | Lust and Love","isPartOf":{"@id":"https:\/\/lustandlove.eu\/et\/#website"},"primaryImageOfPage":{"@id":"https:\/\/lustandlove.eu\/et\/toode\/loovara-oral-oraalseksi-lapike-lateksivaba-3tk\/#primaryimage"},"image":{"@id":"https:\/\/lustandlove.eu\/et\/toode\/loovara-oral-oraalseksi-lapike-lateksivaba-3tk\/#primaryimage"},"thumbnailUrl":"https:\/\/lustandlove.eu\/wp-content\/uploads\/71P19AFuOHL.jpg","datePublished":"2023-11-15T10:26:46+00:00","dateModified":"2026-04-13T07:27:30+00:00","description":"Suulapid, lakkumislapid, kaitsetamm v\u00f5i oraalseksi lapike. K\u00f5ik on sama ja 100% lateksivaba!","breadcrumb":{"@id":"https:\/\/lustandlove.eu\/et\/toode\/loovara-oral-oraalseksi-lapike-lateksivaba-3tk\/#breadcrumb"},"inLanguage":"et","potentialAction":[{"@type":"ReadAction","target":["https:\/\/lustandlove.eu\/et\/toode\/loovara-oral-oraalseksi-lapike-lateksivaba-3tk\/"]}]},{"@type":"ImageObject","inLanguage":"et","@id":"https:\/\/lustandlove.eu\/et\/toode\/loovara-oral-oraalseksi-lapike-lateksivaba-3tk\/#primaryimage","url":"https:\/\/lustandlove.eu\/wp-content\/uploads\/71P19AFuOHL.jpg","contentUrl":"https:\/\/lustandlove.eu\/wp-content\/uploads\/71P19AFuOHL.jpg","width":1920,"height":1920},{"@type":"BreadcrumbList","@id":"https:\/\/lustandlove.eu\/et\/toode\/loovara-oral-oraalseksi-lapike-lateksivaba-3tk\/#breadcrumb","itemListElement":[{"@type":"ListItem","position":1,"name":"Lust and Love","item":"https:\/\/lustandlove.eu\/et\/"},{"@type":"ListItem","position":2,"name":"Pood","item":"https:\/\/lustandlove.eu\/et\/pood\/"},{"@type":"ListItem","position":3,"name":"Libestid ja kehahooldus","item":"https:\/\/lustandlove.eu\/et\/pood\/apteek\/"},{"@type":"ListItem","position":4,"name":"Loovara Oral Oraalseksi lapike lateksivaba 3tk"}]},{"@type":"WebSite","@id":"https:\/\/lustandlove.eu\/et\/#website","url":"https:\/\/lustandlove.eu\/et\/","name":"Lust & Love","description":"Online erootikapood tervise, ilu ja armastuse jaoks","publisher":{"@id":"https:\/\/lustandlove.eu\/et\/#organization"},"potentialAction":[{"@type":"SearchAction","target":{"@type":"EntryPoint","urlTemplate":"https:\/\/lustandlove.eu\/et\/?s={search_term_string}"},"query-input":{"@type":"PropertyValueSpecification","valueRequired":true,"valueName":"search_term_string"}}],"inLanguage":"et"},{"@type":"Organization","@id":"https:\/\/lustandlove.eu\/et\/#organization","name":"Bioconcept Baltics O\u00dc","url":"https:\/\/lustandlove.eu\/et\/","logo":{"@type":"ImageObject","inLanguage":"et","@id":"https:\/\/lustandlove.eu\/et\/#\/schema\/logo\/image\/","url":"https:\/\/lustandlove.eu\/wp-content\/uploads\/logo-full-2.png","contentUrl":"https:\/\/lustandlove.eu\/wp-content\/uploads\/logo-full-2.png","width":837,"height":200,"caption":"Bioconcept Baltics O\u00dc"},"image":{"@id":"https:\/\/lustandlove.eu\/et\/#\/schema\/logo\/image\/"},"sameAs":["https:\/\/www.facebook.com\/LustandLoveEU\/","https:\/\/www.instagram.com\/lustandloveeu\/"]}]}},"_links":{"self":[{"href":"https:\/\/lustandlove.eu\/et\/wp-json\/wp\/v2\/product\/87599","targetHints":{"allow":["GET"]}}],"collection":[{"href":"https:\/\/lustandlove.eu\/et\/wp-json\/wp\/v2\/product"}],"about":[{"href":"https:\/\/lustandlove.eu\/et\/wp-json\/wp\/v2\/types\/product"}],"wp:featuredmedia":[{"embeddable":true,"href":"https:\/\/lustandlove.eu\/et\/wp-json\/wp\/v2\/media\/87589"}],"wp:attachment":[{"href":"https:\/\/lustandlove.eu\/et\/wp-json\/wp\/v2\/media?parent=87599"}],"wp:term":[{"taxonomy":"product_brand","embeddable":true,"href":"https:\/\/lustandlove.eu\/et\/wp-json\/wp\/v2\/product_brand?post=87599"},{"taxonomy":"product_cat","embeddable":true,"href":"https:\/\/lustandlove.eu\/et\/wp-json\/wp\/v2\/product_cat?post=87599"},{"taxonomy":"product_tag","embeddable":true,"href":"https:\/\/lustandlove.eu\/et\/wp-json\/wp\/v2\/product_tag?post=87599"}],"curies":[{"name":"wp","href":"https:\/\/api.w.org\/{rel}","templated":true}]}}