{"id":87788,"date":"2023-12-04T15:11:13","date_gmt":"2023-12-04T13:11:14","guid":{"rendered":"https:\/\/www.lustandlove.eu\/?post_type=product&#038;p=87788"},"modified":"2026-04-13T10:27:29","modified_gmt":"2026-04-13T07:27:29","slug":"rihm-meestele-must-koos-kaepidemega-120cm","status":"publish","type":"product","link":"https:\/\/lustandlove.eu\/et\/toode\/rihm-meestele-must-koos-kaepidemega-120cm\/","title":{"rendered":"Rihm Must koos k\u00e4epidemega 120cm"},"content":{"rendered":"<p>Pikkus (koos k\u00e4epidemega): 120cm<br \/>\nWHIPS on ainulaadne erootiline kollektsioon, mille on loonud Wroclawi k\u00e4sit\u00f6\u00f6lised Poolas. Meie ettev\u00f5tte ajalugu ulatub aastasse 1986. Meie erootiliste aksessuaaride kollektsioon on vallutanud Poola klientide s\u00fcdamed. Meil on hea meel teha erakordseid projekte. Otsime uusi kogemusi ja soovime iga p\u00e4ev oma silmaringi laiendada.<\/p>\n","protected":false},"excerpt":{"rendered":"<p>T\u00e4ielikult k\u00e4sitsi valmistatud nahast Poola ekspertide poolt. Kogupikkus koos k\u00e4epidemega 120cm. See ilus nahast rihm on talle ideaalne kingitus.<\/p>\n","protected":false},"featured_media":87794,"template":"","meta":[],"product_brand":[4247],"product_cat":[1470,3275],"product_tag":[1550,3278,1570,1508],"class_list":{"0":"post-87788","1":"product","2":"type-product","3":"status-publish","4":"has-post-thumbnail","6":"product_brand-whips-et","7":"product_cat-bdsm-et","8":"product_cat-kaelarihmad-ja-keharihmad","9":"product_tag-bdsm-et","10":"product_tag-bdsm-mangud","11":"product_tag-rihm","12":"product_tag-sidumine","13":"pa_brand-whips-et","15":"first","16":"instock","17":"taxable","18":"shipping-taxable","19":"purchasable","20":"product-type-simple"},"yoast_head":"<!-- This site is optimized with the Yoast SEO plugin v27.4 - https:\/\/yoast.com\/product\/yoast-seo-wordpress\/ -->\n<title>Rihm Must koos k\u00e4epidemega 120cm | Lust and Love<\/title>\n<meta name=\"description\" content=\"T\u00e4ielikult k\u00e4sitsi valmistatud nahast Poola ekspertide poolt. Kogupikkus koos k\u00e4epidemega 120cm. See ilus nahast rihm on talle ideaalne kingitus.\" \/>\n<meta name=\"robots\" content=\"index,follow,max-snippet:-1,max-image-preview:large,max-video-preview:-1\" \/>\n<link rel=\"canonical\" href=\"https:\/\/lustandlove.eu\/et\/toode\/rihm-meestele-must-koos-kaepidemega-120cm\/\" \/>\n<script type=\"application\/ld+json\" class=\"yoast-schema-graph\">{\"@context\":\"https:\\\/\\\/schema.org\",\"@graph\":[{\"@type\":[\"WebPage\",\"ItemPage\"],\"@id\":\"https:\\\/\\\/lustandlove.eu\\\/et\\\/toode\\\/rihm-meestele-must-koos-kaepidemega-120cm\\\/\",\"url\":\"https:\\\/\\\/lustandlove.eu\\\/et\\\/toode\\\/rihm-meestele-must-koos-kaepidemega-120cm\\\/\",\"name\":\"Rihm Must koos k\u00e4epidemega 120cm | Lust and Love\",\"isPartOf\":{\"@id\":\"https:\\\/\\\/lustandlove.eu\\\/et\\\/#website\"},\"primaryImageOfPage\":{\"@id\":\"https:\\\/\\\/lustandlove.eu\\\/et\\\/toode\\\/rihm-meestele-must-koos-kaepidemega-120cm\\\/#primaryimage\"},\"image\":{\"@id\":\"https:\\\/\\\/lustandlove.eu\\\/et\\\/toode\\\/rihm-meestele-must-koos-kaepidemega-120cm\\\/#primaryimage\"},\"thumbnailUrl\":\"https:\\\/\\\/lustandlove.eu\\\/wp-content\\\/uploads\\\/Leash_for_him_150229.png\",\"datePublished\":\"2023-12-04T13:11:14+00:00\",\"dateModified\":\"2026-04-13T07:27:29+00:00\",\"description\":\"T\u00e4ielikult k\u00e4sitsi valmistatud nahast Poola ekspertide poolt. Kogupikkus koos k\u00e4epidemega 120cm. See ilus nahast rihm on talle ideaalne kingitus.\",\"breadcrumb\":{\"@id\":\"https:\\\/\\\/lustandlove.eu\\\/et\\\/toode\\\/rihm-meestele-must-koos-kaepidemega-120cm\\\/#breadcrumb\"},\"inLanguage\":\"et\",\"potentialAction\":[{\"@type\":\"ReadAction\",\"target\":[\"https:\\\/\\\/lustandlove.eu\\\/et\\\/toode\\\/rihm-meestele-must-koos-kaepidemega-120cm\\\/\"]}]},{\"@type\":\"ImageObject\",\"inLanguage\":\"et\",\"@id\":\"https:\\\/\\\/lustandlove.eu\\\/et\\\/toode\\\/rihm-meestele-must-koos-kaepidemega-120cm\\\/#primaryimage\",\"url\":\"https:\\\/\\\/lustandlove.eu\\\/wp-content\\\/uploads\\\/Leash_for_him_150229.png\",\"contentUrl\":\"https:\\\/\\\/lustandlove.eu\\\/wp-content\\\/uploads\\\/Leash_for_him_150229.png\",\"width\":478,\"height\":351},{\"@type\":\"BreadcrumbList\",\"@id\":\"https:\\\/\\\/lustandlove.eu\\\/et\\\/toode\\\/rihm-meestele-must-koos-kaepidemega-120cm\\\/#breadcrumb\",\"itemListElement\":[{\"@type\":\"ListItem\",\"position\":1,\"name\":\"Lust and Love\",\"item\":\"https:\\\/\\\/lustandlove.eu\\\/et\\\/\"},{\"@type\":\"ListItem\",\"position\":2,\"name\":\"Pood\",\"item\":\"https:\\\/\\\/lustandlove.eu\\\/et\\\/pood\\\/\"},{\"@type\":\"ListItem\",\"position\":3,\"name\":\"BDSM\",\"item\":\"https:\\\/\\\/lustandlove.eu\\\/et\\\/pood\\\/bdsm-et\\\/\"},{\"@type\":\"ListItem\",\"position\":4,\"name\":\"Rihm Must koos k\u00e4epidemega 120cm\"}]},{\"@type\":\"WebSite\",\"@id\":\"https:\\\/\\\/lustandlove.eu\\\/et\\\/#website\",\"url\":\"https:\\\/\\\/lustandlove.eu\\\/et\\\/\",\"name\":\"Lust & Love\",\"description\":\"Online erootikapood tervise, ilu ja armastuse jaoks\",\"publisher\":{\"@id\":\"https:\\\/\\\/lustandlove.eu\\\/et\\\/#organization\"},\"potentialAction\":[{\"@type\":\"SearchAction\",\"target\":{\"@type\":\"EntryPoint\",\"urlTemplate\":\"https:\\\/\\\/lustandlove.eu\\\/et\\\/?s={search_term_string}\"},\"query-input\":{\"@type\":\"PropertyValueSpecification\",\"valueRequired\":true,\"valueName\":\"search_term_string\"}}],\"inLanguage\":\"et\"},{\"@type\":\"Organization\",\"@id\":\"https:\\\/\\\/lustandlove.eu\\\/et\\\/#organization\",\"name\":\"Bioconcept Baltics O\u00dc\",\"url\":\"https:\\\/\\\/lustandlove.eu\\\/et\\\/\",\"logo\":{\"@type\":\"ImageObject\",\"inLanguage\":\"et\",\"@id\":\"https:\\\/\\\/lustandlove.eu\\\/et\\\/#\\\/schema\\\/logo\\\/image\\\/\",\"url\":\"https:\\\/\\\/lustandlove.eu\\\/wp-content\\\/uploads\\\/logo-full-2.png\",\"contentUrl\":\"https:\\\/\\\/lustandlove.eu\\\/wp-content\\\/uploads\\\/logo-full-2.png\",\"width\":837,\"height\":200,\"caption\":\"Bioconcept Baltics O\u00dc\"},\"image\":{\"@id\":\"https:\\\/\\\/lustandlove.eu\\\/et\\\/#\\\/schema\\\/logo\\\/image\\\/\"},\"sameAs\":[\"https:\\\/\\\/www.facebook.com\\\/LustandLoveEU\\\/\",\"https:\\\/\\\/www.instagram.com\\\/lustandloveeu\\\/\"]}]}<\/script>\n<!-- \/ Yoast SEO plugin. -->","yoast_head_json":{"title":"Rihm Must koos k\u00e4epidemega 120cm | Lust and Love","description":"T\u00e4ielikult k\u00e4sitsi valmistatud nahast Poola ekspertide poolt. Kogupikkus koos k\u00e4epidemega 120cm. See ilus nahast rihm on talle ideaalne kingitus.","robots":{"index,follow,max-snippet":"index,follow,max-snippet:-1,max-image-preview:large,max-video-preview:-1"},"canonical":"https:\/\/lustandlove.eu\/et\/toode\/rihm-meestele-must-koos-kaepidemega-120cm\/","schema":{"@context":"https:\/\/schema.org","@graph":[{"@type":["WebPage","ItemPage"],"@id":"https:\/\/lustandlove.eu\/et\/toode\/rihm-meestele-must-koos-kaepidemega-120cm\/","url":"https:\/\/lustandlove.eu\/et\/toode\/rihm-meestele-must-koos-kaepidemega-120cm\/","name":"Rihm Must koos k\u00e4epidemega 120cm | Lust and Love","isPartOf":{"@id":"https:\/\/lustandlove.eu\/et\/#website"},"primaryImageOfPage":{"@id":"https:\/\/lustandlove.eu\/et\/toode\/rihm-meestele-must-koos-kaepidemega-120cm\/#primaryimage"},"image":{"@id":"https:\/\/lustandlove.eu\/et\/toode\/rihm-meestele-must-koos-kaepidemega-120cm\/#primaryimage"},"thumbnailUrl":"https:\/\/lustandlove.eu\/wp-content\/uploads\/Leash_for_him_150229.png","datePublished":"2023-12-04T13:11:14+00:00","dateModified":"2026-04-13T07:27:29+00:00","description":"T\u00e4ielikult k\u00e4sitsi valmistatud nahast Poola ekspertide poolt. Kogupikkus koos k\u00e4epidemega 120cm. See ilus nahast rihm on talle ideaalne kingitus.","breadcrumb":{"@id":"https:\/\/lustandlove.eu\/et\/toode\/rihm-meestele-must-koos-kaepidemega-120cm\/#breadcrumb"},"inLanguage":"et","potentialAction":[{"@type":"ReadAction","target":["https:\/\/lustandlove.eu\/et\/toode\/rihm-meestele-must-koos-kaepidemega-120cm\/"]}]},{"@type":"ImageObject","inLanguage":"et","@id":"https:\/\/lustandlove.eu\/et\/toode\/rihm-meestele-must-koos-kaepidemega-120cm\/#primaryimage","url":"https:\/\/lustandlove.eu\/wp-content\/uploads\/Leash_for_him_150229.png","contentUrl":"https:\/\/lustandlove.eu\/wp-content\/uploads\/Leash_for_him_150229.png","width":478,"height":351},{"@type":"BreadcrumbList","@id":"https:\/\/lustandlove.eu\/et\/toode\/rihm-meestele-must-koos-kaepidemega-120cm\/#breadcrumb","itemListElement":[{"@type":"ListItem","position":1,"name":"Lust and Love","item":"https:\/\/lustandlove.eu\/et\/"},{"@type":"ListItem","position":2,"name":"Pood","item":"https:\/\/lustandlove.eu\/et\/pood\/"},{"@type":"ListItem","position":3,"name":"BDSM","item":"https:\/\/lustandlove.eu\/et\/pood\/bdsm-et\/"},{"@type":"ListItem","position":4,"name":"Rihm Must koos k\u00e4epidemega 120cm"}]},{"@type":"WebSite","@id":"https:\/\/lustandlove.eu\/et\/#website","url":"https:\/\/lustandlove.eu\/et\/","name":"Lust & Love","description":"Online erootikapood tervise, ilu ja armastuse jaoks","publisher":{"@id":"https:\/\/lustandlove.eu\/et\/#organization"},"potentialAction":[{"@type":"SearchAction","target":{"@type":"EntryPoint","urlTemplate":"https:\/\/lustandlove.eu\/et\/?s={search_term_string}"},"query-input":{"@type":"PropertyValueSpecification","valueRequired":true,"valueName":"search_term_string"}}],"inLanguage":"et"},{"@type":"Organization","@id":"https:\/\/lustandlove.eu\/et\/#organization","name":"Bioconcept Baltics O\u00dc","url":"https:\/\/lustandlove.eu\/et\/","logo":{"@type":"ImageObject","inLanguage":"et","@id":"https:\/\/lustandlove.eu\/et\/#\/schema\/logo\/image\/","url":"https:\/\/lustandlove.eu\/wp-content\/uploads\/logo-full-2.png","contentUrl":"https:\/\/lustandlove.eu\/wp-content\/uploads\/logo-full-2.png","width":837,"height":200,"caption":"Bioconcept Baltics O\u00dc"},"image":{"@id":"https:\/\/lustandlove.eu\/et\/#\/schema\/logo\/image\/"},"sameAs":["https:\/\/www.facebook.com\/LustandLoveEU\/","https:\/\/www.instagram.com\/lustandloveeu\/"]}]}},"_links":{"self":[{"href":"https:\/\/lustandlove.eu\/et\/wp-json\/wp\/v2\/product\/87788","targetHints":{"allow":["GET"]}}],"collection":[{"href":"https:\/\/lustandlove.eu\/et\/wp-json\/wp\/v2\/product"}],"about":[{"href":"https:\/\/lustandlove.eu\/et\/wp-json\/wp\/v2\/types\/product"}],"wp:featuredmedia":[{"embeddable":true,"href":"https:\/\/lustandlove.eu\/et\/wp-json\/wp\/v2\/media\/87794"}],"wp:attachment":[{"href":"https:\/\/lustandlove.eu\/et\/wp-json\/wp\/v2\/media?parent=87788"}],"wp:term":[{"taxonomy":"product_brand","embeddable":true,"href":"https:\/\/lustandlove.eu\/et\/wp-json\/wp\/v2\/product_brand?post=87788"},{"taxonomy":"product_cat","embeddable":true,"href":"https:\/\/lustandlove.eu\/et\/wp-json\/wp\/v2\/product_cat?post=87788"},{"taxonomy":"product_tag","embeddable":true,"href":"https:\/\/lustandlove.eu\/et\/wp-json\/wp\/v2\/product_tag?post=87788"}],"curies":[{"name":"wp","href":"https:\/\/api.w.org\/{rel}","templated":true}]}}