{"id":87854,"date":"2023-12-15T15:02:43","date_gmt":"2023-12-15T13:02:52","guid":{"rendered":"https:\/\/www.lustandlove.eu\/?post_type=product&#038;p=87854"},"modified":"2026-04-13T10:27:28","modified_gmt":"2026-04-13T07:27:28","slug":"joque-harness-strap-on-rakmed-cover-versioon","status":"publish","type":"product","link":"https:\/\/lustandlove.eu\/et\/toode\/joque-harness-strap-on-rakmed-cover-versioon\/","title":{"rendered":"Joque Harness Strap-On Rakmed Cover Versioon"},"content":{"rendered":"<p>Uue Joque-i uus elastne O-R\u00f5ngas asub taskus samas asendis kus Originaalse Joque peal, kuid on \u00fcmber kujundatud nii, et see istuks oma v\u00e4limuselt lamedamalt, andes sellele madalama profiiliga v\u00e4limuse. O-R\u00f5ngas on valmistatud elastsest kangast ja samast kvaliteetsest materjalist nagu rakmed, nii et see s\u00e4ilitab oma kuju! O-r\u00f5nga veninus muudab selle sobilikuks paljude erinevate lisavahentidega kasutamiseks, sealhulgas kahe seadme jaoks korraga, v\u00f5imaldades laia valikut elamusi. O-R\u00f5nga lihtsus t\u00e4hendab, et seda on lihtne kasutada; libistage valitud lelu sellest l\u00e4bi ja seej\u00e4rel libistage uuesti v\u00e4lja, kui olete l\u00f5petanud. Suuremate lelude, loomuliku nahatundega v\u00f5i t\u00f5mbe-\/takistuskindla tekstuuriga lelude jaoks soovitab SpareParts\u00ae kasutada oma *Kotitrikki, et asjad veelgi lihtsamaks ja kiiremaks muuta.<\/p>\n<p>Uus Joque on n\u00fc\u00fcd kolme sisemise taskuga, \u00fcks O-r\u00f5nga kohal ja all, et mahutada standardsuuruses minivibraatoreid, ja \u00fcks uus suuremas suuruses tasku allpool suuremate vibraatorite jaoks. Minivibraatoreid saab h\u00f5lpsasti taskutesse sisestada ka tasku seestpoolt. Sisestatuna istuvad vibraatorid lelu ees ja neid on lihtne l\u00e4bi kanga sisse ja v\u00e4lja l\u00fclitada. T\u00e4iustatud disain v\u00f5imaldab kasutatava(te) lelude t\u00e4iendavat vibratsiooni nautida, ning vibratsioon kandub ka l\u00e4bi riidetasku, mida nii kandja kui ka tema partner saavad kasutamise ajal kogeda.<\/p>\n<p>Neile teist, kellele meeldib <em>packing<\/em>, on uus Joque ideaalne <em>packimise<\/em> ja m\u00e4ngimise jaoks! Uus sisemine rihm, mis on m\u00f5eldud valitud lelude alumise osa \u00fcmber kinnitamiseks, pakub kandjale lisaturvalisust, et asjad paigal p\u00fcsiksid. Uus esipaneel libiseb \u00fcle <em>packeri<\/em>, n\u00e4idates loomulikku kontuuri ja kuju!<\/p>\n<p><strong>Materjalid:<\/strong><\/p>\n<p>Kvaliteetsest nailonist\/spandexist valmistatud uuel Joque-il on ainulaadsed imavad elemendid, mis t\u00f5mbavad niiskuse kehalt eemale, et tagada parem hingavus ja mugavus, kandes neit kogu p\u00e4eva v\u00e4ltel. Materjalid on masinpestavad, seega saab seda kasutada ka veekeskkonnas.<\/p>\n<p>Uuel Joque-il on siltideta sildid ning see on ka uskumatult kerge ja pehme vastu nahka, pakkudes nii kandjale kui ka vastuv\u00f5tjale sujuva kogemuse! Uus Joque on nii paindlik kui ka reguleeritav, see kohandub h\u00f5lpsalt teie kuju ja suurusega sobivaks.<\/p>\n<p>Uus Joque sobib suurep\u00e4raselt ka vegan eluviisiga inimestele.<\/p>\n<p><strong>Hooldamine<\/strong>:<\/p>\n<p>Uut Joque-i on lihtne puhastada ja t\u00e4nu kasutatud materjalidele saab seda t\u00e4ielikult k\u00e4sitsi v\u00f5i masinas ohutult pesta, ilma rakmeid kahjustamata.<\/p>\n<p>*Kotitrikk: 1. Libistage kilekott \u00be lelust alla\/ 2. Libistage O-r\u00f5ngas t\u00e4ielikult m\u00f6\u00f6da lelu alla, mis m\u00f6\u00f6dus koti otsast\/ 3. N\u00fc\u00fcd eemaldage kott lelu pealt t\u00e4ielikult. (Seda nippi saab kasutada O-r\u00f5ngale lelude lihtsamaks lisamiseks v\u00f5i eemaldamiseks.)<\/p>\n<p>*Pange t\u00e4hele, et m\u00f5ned Minivibraatorid ei pruugi olla vees\u00f5bralikud, pidage alati n\u00f5u tootjaga<\/p>\n<p>Saadaval kahes suuruses:<\/p>\n<table width=\"612\" data-sanitized-data-mce-fragment=\"1\">\n<tbody data-sanitized-data-mce-fragment=\"1\">\n<tr data-sanitized-data-mce-fragment=\"1\">\n<td width=\"72\" data-sanitized-data-mce-fragment=\"1\"><\/td>\n<td width=\"131\" data-sanitized-data-mce-fragment=\"1\">\n<p data-sanitized-data-mce-fragment=\"1\"><strong data-sanitized-data-mce-fragment=\"1\">V\u00f6\u00f6rihma \u00fcmberm\u00f5\u00f5t (V\u00f6\u00f6 jaoks)<\/strong><\/p>\n<\/td>\n<td width=\"133\" data-sanitized-data-mce-fragment=\"1\">\n<p data-sanitized-data-mce-fragment=\"1\"><strong data-sanitized-data-mce-fragment=\"1\">Reie \u00fclaosa m\u00f5\u00f5t\/ (jalarihmade jaoks)<\/strong><\/p>\n<\/td>\n<td width=\"156\" data-sanitized-data-mce-fragment=\"1\">\n<p data-sanitized-data-mce-fragment=\"1\"><strong data-sanitized-data-mce-fragment=\"1\">O-r\u00f5nga l\u00e4bim\u00f5\u00f5t<\/strong><\/p>\n<\/td>\n<td width=\"120\" data-sanitized-data-mce-fragment=\"1\">\n<p data-sanitized-data-mce-fragment=\"1\"><strong data-sanitized-data-mce-fragment=\"1\">\u00dcmberm\u00f5\u00f5t O-r\u00f5nga \u00fcmber<\/strong><\/p>\n<\/td>\n<\/tr>\n<tr data-sanitized-data-mce-fragment=\"1\">\n<td width=\"72\" data-sanitized-data-mce-fragment=\"1\">\n<p data-sanitized-data-mce-fragment=\"1\"><strong data-sanitized-data-mce-fragment=\"1\">Suurus A<\/strong><\/p>\n<\/td>\n<td width=\"131\" data-sanitized-data-mce-fragment=\"1\">\n<p data-sanitized-data-mce-fragment=\"1\"><strong data-sanitized-data-mce-fragment=\"1\">20 &#8211; 50 tolli\/ 51 &#8211; 127 cm<\/strong><\/p>\n<\/td>\n<td width=\"133\" data-sanitized-data-mce-fragment=\"1\">\n<p data-sanitized-data-mce-fragment=\"1\"><strong data-sanitized-data-mce-fragment=\"1\">24 -35 tolli\/ 61 &#8211; 89 cm<\/strong><\/p>\n<\/td>\n<td width=\"156\" data-sanitized-data-mce-fragment=\"1\">\n<p data-sanitized-data-mce-fragment=\"1\"><strong data-sanitized-data-mce-fragment=\"1\">1.25 &#8211; 2.25 tolli\/ 3 &#8211; 6 cm<\/strong><\/p>\n<\/td>\n<td width=\"120\" data-sanitized-data-mce-fragment=\"1\">\n<p data-sanitized-data-mce-fragment=\"1\"><strong data-sanitized-data-mce-fragment=\"1\">5 &#8211; 7 tolli\/<\/strong><\/p>\n<p data-sanitized-data-mce-fragment=\"1\"><strong data-sanitized-data-mce-fragment=\"1\">13 &#8211; 18 cm<\/strong><\/p>\n<\/td>\n<\/tr>\n<tr data-sanitized-data-mce-fragment=\"1\">\n<td width=\"72\" data-sanitized-data-mce-fragment=\"1\">\n<p data-sanitized-data-mce-fragment=\"1\"><strong data-sanitized-data-mce-fragment=\"1\">Suurus B<\/strong><\/p>\n<\/td>\n<td width=\"131\" data-sanitized-data-mce-fragment=\"1\">\n<p data-sanitized-data-mce-fragment=\"1\"><strong data-sanitized-data-mce-fragment=\"1\">35 &#8211; 65 tolli\/ 89 &#8211; 165 cm<\/strong><\/p>\n<\/td>\n<td width=\"133\" data-sanitized-data-mce-fragment=\"1\">\n<p data-sanitized-data-mce-fragment=\"1\"><strong data-sanitized-data-mce-fragment=\"1\">30 &#8211; 45 tolli\/ 76- 114 cm<\/strong><\/p>\n<\/td>\n<td width=\"156\" data-sanitized-data-mce-fragment=\"1\">\n<p data-sanitized-data-mce-fragment=\"1\"><strong data-sanitized-data-mce-fragment=\"1\">1.25 &#8211; 2.25 tolli\/ 3 &#8211; 6 cm<\/strong><\/p>\n<\/td>\n<td width=\"120\" data-sanitized-data-mce-fragment=\"1\">\n<p data-sanitized-data-mce-fragment=\"1\"><strong data-sanitized-data-mce-fragment=\"1\">5 &#8211; 7 tolli\/<\/strong><\/p>\n<p data-sanitized-data-mce-fragment=\"1\"><strong data-sanitized-data-mce-fragment=\"1\">13 &#8211; 18 cm<\/strong><\/p>\n<\/td>\n<\/tr>\n<\/tbody>\n<\/table>\n","protected":false},"excerpt":{"rendered":"<p>Uue elegantse katte, madala profiiliga elastse O-r\u00f5nga ja l\u00e4bipaistva logoga on uus Joque veelgi diskreetsem. K\u00e4sitsi valmistatud; see seksikas ja stiilne jockey kahe rihma stiilis Aluspesu\/Rakmed on loodud meeles pidades just l\u00f5bu, mugavust, kvaliteeti ja funktsionaalsust. Uus Joque on mitmek\u00fclgne, t\u00e4ielikult reguleeritav ja kerge ning tundub su keha vastas nagu &#8220;teine nahk&#8221;, mis on loodud kandmiseks koos lisadega v\u00f5i ilma&#8230; Need v\u00f5ivad olla ainsad rakmed, mida kunagi vajate!<\/p>\n","protected":false},"featured_media":87914,"template":"","meta":[],"product_brand":[4240],"product_cat":[1496,1500],"product_tag":[1525],"class_list":{"0":"post-87854","1":"product","2":"type-product","3":"status-publish","4":"has-post-thumbnail","6":"product_brand-spareparts-et","7":"product_cat-lgbtq-et","8":"product_cat-strap-onid","9":"product_tag-rakmed","10":"pa_brand-spareparts-et","12":"first","13":"instock","14":"taxable","15":"shipping-taxable","16":"purchasable","17":"product-type-variable"},"yoast_head":"<!-- This site is optimized with the Yoast SEO plugin v27.3 - https:\/\/yoast.com\/product\/yoast-seo-wordpress\/ -->\n<title>Joque Harness Strap-On Rakmed Cover Versioon | Lust and Love<\/title>\n<meta name=\"robots\" content=\"index,follow,max-snippet:-1,max-image-preview:large,max-video-preview:-1\" \/>\n<link rel=\"canonical\" href=\"https:\/\/lustandlove.eu\/et\/toode\/joque-harness-strap-on-rakmed-cover-versioon\/\" \/>\n<meta name=\"twitter:card\" content=\"summary_large_image\" \/>\n<meta name=\"twitter:title\" content=\"Joque Harness Strap-On Rakmed Cover Versioon | Lust and Love\" \/>\n<meta name=\"twitter:description\" content=\"Uue elegantse katte, madala profiiliga elastse O-r\u00f5nga ja l\u00e4bipaistva logoga on uus Joque veelgi diskreetsem. K\u00e4sitsi valmistatud; see seksikas ja stiilne jockey kahe rihma stiilis Aluspesu\/Rakmed on loodud meeles pidades just l\u00f5bu, mugavust, kvaliteeti ja funktsionaalsust. Uus Joque on mitmek\u00fclgne, t\u00e4ielikult reguleeritav ja kerge ning tundub su keha vastas nagu &quot;teine nahk&quot;, mis on loodud kandmiseks koos lisadega v\u00f5i ilma... Need v\u00f5ivad olla ainsad rakmed, mida kunagi vajate!\" \/>\n<meta name=\"twitter:image\" content=\"https:\/\/lustandlove.eu\/wp-content\/uploads\/JOQUE_BLACK_PACKER.jpg\" \/>\n<meta name=\"twitter:label1\" content=\"Est. reading time\" \/>\n\t<meta name=\"twitter:data1\" content=\"2 minutit\" \/>\n<script type=\"application\/ld+json\" class=\"yoast-schema-graph\">{\"@context\":\"https:\\\/\\\/schema.org\",\"@graph\":[{\"@type\":[\"WebPage\",\"ItemPage\"],\"@id\":\"https:\\\/\\\/lustandlove.eu\\\/et\\\/toode\\\/joque-harness-strap-on-rakmed-cover-versioon\\\/\",\"url\":\"https:\\\/\\\/lustandlove.eu\\\/et\\\/toode\\\/joque-harness-strap-on-rakmed-cover-versioon\\\/\",\"name\":\"Joque Harness Strap-On Rakmed Cover Versioon | Lust and Love\",\"isPartOf\":{\"@id\":\"https:\\\/\\\/lustandlove.eu\\\/et\\\/#website\"},\"primaryImageOfPage\":{\"@id\":\"https:\\\/\\\/lustandlove.eu\\\/et\\\/toode\\\/joque-harness-strap-on-rakmed-cover-versioon\\\/#primaryimage\"},\"image\":{\"@id\":\"https:\\\/\\\/lustandlove.eu\\\/et\\\/toode\\\/joque-harness-strap-on-rakmed-cover-versioon\\\/#primaryimage\"},\"thumbnailUrl\":\"https:\\\/\\\/lustandlove.eu\\\/wp-content\\\/uploads\\\/JOQUE_BLACK_PACKER.jpg\",\"datePublished\":\"2023-12-15T13:02:52+00:00\",\"dateModified\":\"2026-04-13T07:27:28+00:00\",\"breadcrumb\":{\"@id\":\"https:\\\/\\\/lustandlove.eu\\\/et\\\/toode\\\/joque-harness-strap-on-rakmed-cover-versioon\\\/#breadcrumb\"},\"inLanguage\":\"et\",\"potentialAction\":[{\"@type\":\"ReadAction\",\"target\":[\"https:\\\/\\\/lustandlove.eu\\\/et\\\/toode\\\/joque-harness-strap-on-rakmed-cover-versioon\\\/\"]}]},{\"@type\":\"ImageObject\",\"inLanguage\":\"et\",\"@id\":\"https:\\\/\\\/lustandlove.eu\\\/et\\\/toode\\\/joque-harness-strap-on-rakmed-cover-versioon\\\/#primaryimage\",\"url\":\"https:\\\/\\\/lustandlove.eu\\\/wp-content\\\/uploads\\\/JOQUE_BLACK_PACKER.jpg\",\"contentUrl\":\"https:\\\/\\\/lustandlove.eu\\\/wp-content\\\/uploads\\\/JOQUE_BLACK_PACKER.jpg\",\"width\":1920,\"height\":1920},{\"@type\":\"BreadcrumbList\",\"@id\":\"https:\\\/\\\/lustandlove.eu\\\/et\\\/toode\\\/joque-harness-strap-on-rakmed-cover-versioon\\\/#breadcrumb\",\"itemListElement\":[{\"@type\":\"ListItem\",\"position\":1,\"name\":\"Lust and Love\",\"item\":\"https:\\\/\\\/lustandlove.eu\\\/et\\\/\"},{\"@type\":\"ListItem\",\"position\":2,\"name\":\"Pood\",\"item\":\"https:\\\/\\\/lustandlove.eu\\\/et\\\/pood\\\/\"},{\"@type\":\"ListItem\",\"position\":3,\"name\":\"Sekslelud\",\"item\":\"https:\\\/\\\/lustandlove.eu\\\/et\\\/pood\\\/sekslelud\\\/\"},{\"@type\":\"ListItem\",\"position\":4,\"name\":\"LGBTQ\",\"item\":\"https:\\\/\\\/lustandlove.eu\\\/et\\\/pood\\\/sekslelud\\\/lgbtq-et\\\/\"},{\"@type\":\"ListItem\",\"position\":5,\"name\":\"Strap-on rakmed\",\"item\":\"https:\\\/\\\/lustandlove.eu\\\/et\\\/pood\\\/sekslelud\\\/lgbtq-et\\\/strap-onid\\\/\"},{\"@type\":\"ListItem\",\"position\":6,\"name\":\"Joque Harness Strap-On Rakmed Cover Versioon\"}]},{\"@type\":\"WebSite\",\"@id\":\"https:\\\/\\\/lustandlove.eu\\\/et\\\/#website\",\"url\":\"https:\\\/\\\/lustandlove.eu\\\/et\\\/\",\"name\":\"Lust &amp; Love\",\"description\":\"Online erootikapood tervise, ilu ja armastuse jaoks\",\"publisher\":{\"@id\":\"https:\\\/\\\/lustandlove.eu\\\/et\\\/#organization\"},\"potentialAction\":[{\"@type\":\"SearchAction\",\"target\":{\"@type\":\"EntryPoint\",\"urlTemplate\":\"https:\\\/\\\/lustandlove.eu\\\/et\\\/?s={search_term_string}\"},\"query-input\":{\"@type\":\"PropertyValueSpecification\",\"valueRequired\":true,\"valueName\":\"search_term_string\"}}],\"inLanguage\":\"et\"},{\"@type\":\"Organization\",\"@id\":\"https:\\\/\\\/lustandlove.eu\\\/et\\\/#organization\",\"name\":\"Bioconcept Baltics O\u00dc\",\"url\":\"https:\\\/\\\/lustandlove.eu\\\/et\\\/\",\"logo\":{\"@type\":\"ImageObject\",\"inLanguage\":\"et\",\"@id\":\"https:\\\/\\\/lustandlove.eu\\\/et\\\/#\\\/schema\\\/logo\\\/image\\\/\",\"url\":\"\",\"contentUrl\":\"\",\"caption\":\"Bioconcept Baltics O\u00dc\"},\"image\":{\"@id\":\"https:\\\/\\\/lustandlove.eu\\\/et\\\/#\\\/schema\\\/logo\\\/image\\\/\"},\"sameAs\":[\"https:\\\/\\\/www.facebook.com\\\/LustandLoveEU\\\/\",\"https:\\\/\\\/www.instagram.com\\\/lustandloveeu\\\/\"]}]}<\/script>\n<!-- \/ Yoast SEO plugin. -->","yoast_head_json":{"title":"Joque Harness Strap-On Rakmed Cover Versioon | Lust and Love","robots":{"index,follow,max-snippet":"index,follow,max-snippet:-1,max-image-preview:large,max-video-preview:-1"},"canonical":"https:\/\/lustandlove.eu\/et\/toode\/joque-harness-strap-on-rakmed-cover-versioon\/","twitter_card":"summary_large_image","twitter_title":"Joque Harness Strap-On Rakmed Cover Versioon | Lust and Love","twitter_description":"Uue elegantse katte, madala profiiliga elastse O-r\u00f5nga ja l\u00e4bipaistva logoga on uus Joque veelgi diskreetsem. K\u00e4sitsi valmistatud; see seksikas ja stiilne jockey kahe rihma stiilis Aluspesu\/Rakmed on loodud meeles pidades just l\u00f5bu, mugavust, kvaliteeti ja funktsionaalsust. Uus Joque on mitmek\u00fclgne, t\u00e4ielikult reguleeritav ja kerge ning tundub su keha vastas nagu \"teine nahk\", mis on loodud kandmiseks koos lisadega v\u00f5i ilma... Need v\u00f5ivad olla ainsad rakmed, mida kunagi vajate!","twitter_image":"https:\/\/lustandlove.eu\/wp-content\/uploads\/JOQUE_BLACK_PACKER.jpg","twitter_misc":{"Est. reading time":"2 minutit"},"schema":{"@context":"https:\/\/schema.org","@graph":[{"@type":["WebPage","ItemPage"],"@id":"https:\/\/lustandlove.eu\/et\/toode\/joque-harness-strap-on-rakmed-cover-versioon\/","url":"https:\/\/lustandlove.eu\/et\/toode\/joque-harness-strap-on-rakmed-cover-versioon\/","name":"Joque Harness Strap-On Rakmed Cover Versioon | Lust and Love","isPartOf":{"@id":"https:\/\/lustandlove.eu\/et\/#website"},"primaryImageOfPage":{"@id":"https:\/\/lustandlove.eu\/et\/toode\/joque-harness-strap-on-rakmed-cover-versioon\/#primaryimage"},"image":{"@id":"https:\/\/lustandlove.eu\/et\/toode\/joque-harness-strap-on-rakmed-cover-versioon\/#primaryimage"},"thumbnailUrl":"https:\/\/lustandlove.eu\/wp-content\/uploads\/JOQUE_BLACK_PACKER.jpg","datePublished":"2023-12-15T13:02:52+00:00","dateModified":"2026-04-13T07:27:28+00:00","breadcrumb":{"@id":"https:\/\/lustandlove.eu\/et\/toode\/joque-harness-strap-on-rakmed-cover-versioon\/#breadcrumb"},"inLanguage":"et","potentialAction":[{"@type":"ReadAction","target":["https:\/\/lustandlove.eu\/et\/toode\/joque-harness-strap-on-rakmed-cover-versioon\/"]}]},{"@type":"ImageObject","inLanguage":"et","@id":"https:\/\/lustandlove.eu\/et\/toode\/joque-harness-strap-on-rakmed-cover-versioon\/#primaryimage","url":"https:\/\/lustandlove.eu\/wp-content\/uploads\/JOQUE_BLACK_PACKER.jpg","contentUrl":"https:\/\/lustandlove.eu\/wp-content\/uploads\/JOQUE_BLACK_PACKER.jpg","width":1920,"height":1920},{"@type":"BreadcrumbList","@id":"https:\/\/lustandlove.eu\/et\/toode\/joque-harness-strap-on-rakmed-cover-versioon\/#breadcrumb","itemListElement":[{"@type":"ListItem","position":1,"name":"Lust and Love","item":"https:\/\/lustandlove.eu\/et\/"},{"@type":"ListItem","position":2,"name":"Pood","item":"https:\/\/lustandlove.eu\/et\/pood\/"},{"@type":"ListItem","position":3,"name":"Sekslelud","item":"https:\/\/lustandlove.eu\/et\/pood\/sekslelud\/"},{"@type":"ListItem","position":4,"name":"LGBTQ","item":"https:\/\/lustandlove.eu\/et\/pood\/sekslelud\/lgbtq-et\/"},{"@type":"ListItem","position":5,"name":"Strap-on rakmed","item":"https:\/\/lustandlove.eu\/et\/pood\/sekslelud\/lgbtq-et\/strap-onid\/"},{"@type":"ListItem","position":6,"name":"Joque Harness Strap-On Rakmed Cover Versioon"}]},{"@type":"WebSite","@id":"https:\/\/lustandlove.eu\/et\/#website","url":"https:\/\/lustandlove.eu\/et\/","name":"Lust &amp; Love","description":"Online erootikapood tervise, ilu ja armastuse jaoks","publisher":{"@id":"https:\/\/lustandlove.eu\/et\/#organization"},"potentialAction":[{"@type":"SearchAction","target":{"@type":"EntryPoint","urlTemplate":"https:\/\/lustandlove.eu\/et\/?s={search_term_string}"},"query-input":{"@type":"PropertyValueSpecification","valueRequired":true,"valueName":"search_term_string"}}],"inLanguage":"et"},{"@type":"Organization","@id":"https:\/\/lustandlove.eu\/et\/#organization","name":"Bioconcept Baltics O\u00dc","url":"https:\/\/lustandlove.eu\/et\/","logo":{"@type":"ImageObject","inLanguage":"et","@id":"https:\/\/lustandlove.eu\/et\/#\/schema\/logo\/image\/","url":"","contentUrl":"","caption":"Bioconcept Baltics O\u00dc"},"image":{"@id":"https:\/\/lustandlove.eu\/et\/#\/schema\/logo\/image\/"},"sameAs":["https:\/\/www.facebook.com\/LustandLoveEU\/","https:\/\/www.instagram.com\/lustandloveeu\/"]}]}},"_links":{"self":[{"href":"https:\/\/lustandlove.eu\/et\/wp-json\/wp\/v2\/product\/87854","targetHints":{"allow":["GET"]}}],"collection":[{"href":"https:\/\/lustandlove.eu\/et\/wp-json\/wp\/v2\/product"}],"about":[{"href":"https:\/\/lustandlove.eu\/et\/wp-json\/wp\/v2\/types\/product"}],"wp:featuredmedia":[{"embeddable":true,"href":"https:\/\/lustandlove.eu\/et\/wp-json\/wp\/v2\/media\/87914"}],"wp:attachment":[{"href":"https:\/\/lustandlove.eu\/et\/wp-json\/wp\/v2\/media?parent=87854"}],"wp:term":[{"taxonomy":"product_brand","embeddable":true,"href":"https:\/\/lustandlove.eu\/et\/wp-json\/wp\/v2\/product_brand?post=87854"},{"taxonomy":"product_cat","embeddable":true,"href":"https:\/\/lustandlove.eu\/et\/wp-json\/wp\/v2\/product_cat?post=87854"},{"taxonomy":"product_tag","embeddable":true,"href":"https:\/\/lustandlove.eu\/et\/wp-json\/wp\/v2\/product_tag?post=87854"}],"curies":[{"name":"wp","href":"https:\/\/api.w.org\/{rel}","templated":true}]}}