{"id":87990,"date":"2023-12-18T11:52:18","date_gmt":"2023-12-18T09:52:25","guid":{"rendered":"https:\/\/www.lustandlove.eu\/?post_type=product&#038;p=87990"},"modified":"2026-04-13T10:27:28","modified_gmt":"2026-04-13T07:27:28","slug":"deuce-meeste-rakmed-cover-versioon","status":"publish","type":"product","link":"https:\/\/lustandlove.eu\/et\/toode\/deuce-meeste-rakmed-cover-versioon\/","title":{"rendered":"Deuce Meeste Rakmed Cover Versioon"},"content":{"rendered":"<p>Uus Deuce Cover on n\u00fc\u00fcd kahe sisemise taskuga, \u00fcks O-r\u00f5nga kohal ja all, et mahutada standardsuuruses minivibraatoreid. Minivibraatoreid saab h\u00f5lpsasti taskutesse sisestada ka tasku seestpoolt. Sisestatuna istuvad vibraatorid lelu ees ja neid on lihtne l\u00e4bi kanga sisse ja v\u00e4lja l\u00fclitada. T\u00e4iustatud disain v\u00f5imaldab kasutatava(te) lelude t\u00e4iendavat vibratsiooni nautida, ning vibratsioon kandub ka l\u00e4bi riidetasku, mida nii kandja kui ka tema partner saavad kasutamise ajal kogeda. Uuel Deuce Cover-il, nagu ka originaalil, on kaks elastset avatud auku.<\/p>\n<p>Esimene auk on \u00fclemine O-r\u00f5ngas:<br \/>\n\u2022 see on \u00fcmber kujundatud, et istuda oma v\u00e4limuselt lamedamalt, andes sellele madalama profiiliga v\u00e4limuse.<br \/>\n\u2022 Istub taskus samas asendis kui Originaalse Deuce sees, C-r\u00f5nga kohal, mis tundub teie kehal loomulikuna.<br \/>\n\u2022 T\u00e4nu venivale materjalile on sellel v\u00f5imalik laieneda ja kokku t\u00f5mbuda ning mahutada erinevaid lisaseadmeid, pakkudes teile rohkem v\u00f5imalusi<br \/>\n\u2022 Valmistatud elastsest ja sama kvaliteetsest materjalist nagu rakmed, nii et see s\u00e4ilitab oma kuju!<br \/>\n\u2022 Lihtsus t\u00e4hendab, et seda on lihtne kasutada; libistage valitud lelu sellest l\u00e4bi ja seej\u00e4rel libistage uuesti v\u00e4lja, kui olete l\u00f5petanud.<br \/>\n\u2022 Suuremate tarvikute, loomuliku nahatundega v\u00f5i t\u00f5mbe-\/takistuskindla tekstuuriga lelude puhul soovitab SpareParts kasutada oma *kotitrikki, et h\u00f5lbustada ja kiirendada tarvikute sisse- ja v\u00e4ljasaamist.<\/p>\n<p>Teine auk on alumine C-r\u00f5ngas:<br \/>\n\u2022 Uus C-R\u00f5ngas on suurem ja loodud kandja loomuliku \u00fcmberm\u00f5\u00f5duga kohanema<br \/>\n\u2022 On vooderdatud pehme puudutusega elastikust<br \/>\n\u2022 Pakub juurdep\u00e4\u00e4su ja v\u00f5imaluse hoida peenist kasutamise ajal koti sees v\u00f5i v\u00e4ljaspool.<\/p>\n<p>Uue Deuce Cover&#8217;i lihtsus t\u00e4hendab, et selle kasutamine on mitmel erineval viisil lihtne. Te ei pea toodet eemaldama, et sisestada peenist v\u00f5i lelu selleks ette n\u00e4htud aukudest, kui te seda kannate. Saate lihtsalt v\u00f6\u00f6rihma vabastada ja taskut ettepoole t\u00f5mmata v\u00f5i tasku eespaneeli k\u00fclje peale t\u00f5mmata lihtsaks sisestamiseks.<\/p>\n<p>Lisatud on ka uued v\u00f5rkkangast sisepaneelid, mis v\u00f5imaldavad teil valida, kas lelu on teie vastu, et luua rohkem nahk-nahale \u00fchendust, v\u00f5i saate selle katta, et kogemus oleks sujuvam. Uute v\u00f5rkpaneelidega saate n\u00fc\u00fcd valida ka:<br \/>\n\u2022 Hoidke peenist t\u00e4ielikult koti sees ja keha k\u00f5rval, kuna uus Deuce Cover on loodud spetsiaalselt meeste anatoomia jaoks, hoiab tasku soovi korral mugavalt munandeid ja peenist, ilma et tekiks h\u00f5\u00f5rdumist v\u00f5i muljumist<br \/>\n\u2022 Laske peenis ja\/v\u00f5i munandid asetada just sisemiste kangapaneelide sisse, v\u00f5imaldades \u00f5huvoolu keha ja munandite vahel, kuna need ei asu naha vastas kehal.<br \/>\n\u2022 Sisestage peenis l\u00e4bi keskpaneelide ava ja asetage munandid otse v\u00f5rkpaneelide sisse, v\u00f5imaldades peenise, munandite ja keha vahel suuremat \u00f5huvoolu, kuna need ei asu otse naha vastas.<\/p>\n<p>Uuel Deuce Cover-il on reguleeritav lukustusrihm ja jalarihmad, mis aitavad tagada, et see sobib kindlalt ning p\u00fcsib turvaliselt paigal, pakkudes enesekindlust ja mugavust.<br \/>\nRihm on kinnitatud takjapaelaga ja sellel on teine elastne t\u00f5mbefunktsioon aluspesu\/rakmete paigale lukustamiseks. Jalarihma lukustusmehhanismid v\u00f5imaldavad reguleerimisel liigutada liugureid, et need soovitud suurusele kinnitada, samal ajal kui \u00fclemise liuguri lukustushambad hoiavad rihmasid ja rakmeid paigal. Seega saab Uut Deuce&#8217;i katet mugavalt kanda, ilma et peaksite seda pidevalt \u00fcmber reguleerima.<br \/>\nNeile, kes soovivad lisada lelusid alternatiivina, tagavara plaanina v\u00f5i et lihtsalt oma kogemusele midagi uut ja erilist lisada, on Uus Deuce Cover ideaalne aluspesu\/rakmed, mida proovida, kuna see pakub erinevaid v\u00f5imalusi!<\/p>\n<p><strong>Materjalid:<\/strong><\/p>\n<p>Kvaliteetsest nailonist\/spandexist valmistatud uuel Deuce Cover-il on ainulaadsed imavad elemendid, mis t\u00f5mbavad niiskuse kehalt eemale, et tagada parem hingavus ja mugavus, kandes neit kogu p\u00e4eva v\u00e4ltel. Materjalid on masinpestavad, seega saab seda kasutada ka veekeskkonnas.<\/p>\n<p>Uuel Deuce Cover-il on siltideta sildid ning see on ka uskumatult kerge ja pehme vastu nahka, pakkudes nii kandjale kui ka vastuv\u00f5tjale sujuva kogemuse! Uus Deuce Cover on nii paindlik kui ka reguleeritav, see kohandub h\u00f5lpsalt teie kuju ja suurusega sobivaks.<\/p>\n<p>Uus Deuce Cover sobib suurep\u00e4raselt ka vegan eluviisiga inimestele.<\/p>\n<p><strong>Hooldamine<\/strong>:<\/p>\n<p>Uut Deuce Cover-i on lihtne puhastada ja t\u00e4nu kasutatud materjalidele saab seda t\u00e4ielikult k\u00e4sitsi v\u00f5i masinas ohutult pesta, ilma rakmeid kahjustamata.<\/p>\n<p>*Kotitrikk: 1. Libistage kilekott \u00be lelust alla\/ 2. Libistage O-r\u00f5ngas t\u00e4ielikult m\u00f6\u00f6da lelu alla, mis m\u00f6\u00f6dus koti otsast\/ 3. N\u00fc\u00fcd eemaldage kott lelu pealt t\u00e4ielikult. (Seda nippi saab kasutada O-r\u00f5ngale lelude lihtsamaks lisamiseks v\u00f5i eemaldamiseks.)<\/p>\n<p>*Pange t\u00e4hele, et m\u00f5ned Minivibraatorid ei pruugi olla vees\u00f5bralikud, pidage alati n\u00f5u tootjaga<\/p>\n<p>Saadaval kahes suuruses:<br \/>\n<strong>Uus!<\/strong> Lihtsustasime ka suuruse m\u00e4\u00e4ramist, lisades alumise C-r\u00f5nga ava jaoks suurema magnumsuuruse augu ning pakkudes seda A- ja B-suuruse jala- ja v\u00f6\u00f6suuruses.<\/p>\n<table width=\"612\" data-sanitized-data-mce-fragment=\"1\">\n<tbody data-sanitized-data-mce-fragment=\"1\">\n<tr data-sanitized-data-mce-fragment=\"1\">\n<td width=\"72\" data-sanitized-data-mce-fragment=\"1\"><\/td>\n<td width=\"131\" data-sanitized-data-mce-fragment=\"1\">\n<p data-sanitized-data-mce-fragment=\"1\"><span data-sanitized-data-mce-fragment=\"1\">V\u00f6\u00f6rihma \u00fcmberm\u00f5\u00f5t (V\u00f6\u00f6 jaoks)<\/span><\/p>\n<\/td>\n<td width=\"133\" data-sanitized-data-mce-fragment=\"1\">\n<p data-sanitized-data-mce-fragment=\"1\"><span data-sanitized-data-mce-fragment=\"1\">Reie \u00fclaosa m\u00f5\u00f5t\/ (jalarihmade jaoks)<\/span><\/p>\n<\/td>\n<td width=\"156\" data-sanitized-data-mce-fragment=\"1\">\n<p data-sanitized-data-mce-fragment=\"1\"><span data-sanitized-data-mce-fragment=\"1\">O-r\u00f5nga l\u00e4bim\u00f5\u00f5t<\/span><\/p>\n<\/td>\n<td width=\"120\" data-sanitized-data-mce-fragment=\"1\">\n<p data-sanitized-data-mce-fragment=\"1\"><span data-sanitized-data-mce-fragment=\"1\">\u00dcmberm\u00f5\u00f5t O-r\u00f5nga \u00fcmber<\/span><\/p>\n<\/td>\n<\/tr>\n<tr data-sanitized-data-mce-fragment=\"1\">\n<td width=\"72\" data-sanitized-data-mce-fragment=\"1\">\n<p data-sanitized-data-mce-fragment=\"1\"><span data-sanitized-data-mce-fragment=\"1\">Suurus A<\/span><\/p>\n<\/td>\n<td width=\"131\" data-sanitized-data-mce-fragment=\"1\">\n<p data-sanitized-data-mce-fragment=\"1\"><span data-sanitized-data-mce-fragment=\"1\">20 &#8211; 50 tolli\/ 51 &#8211; 127 cm<\/span><\/p>\n<\/td>\n<td width=\"133\" data-sanitized-data-mce-fragment=\"1\">\n<p data-sanitized-data-mce-fragment=\"1\"><span data-sanitized-data-mce-fragment=\"1\">27 -33 tolli\/ 69 &#8211; 84 cm<\/span><\/p>\n<\/td>\n<td width=\"156\" data-sanitized-data-mce-fragment=\"1\">\n<p data-sanitized-data-mce-fragment=\"1\"><span data-sanitized-data-mce-fragment=\"1\">1.25 &#8211; 2.25 tolli\/ 3 &#8211; 6 cm<\/span><\/p>\n<\/td>\n<td width=\"120\" data-sanitized-data-mce-fragment=\"1\">\n<p data-sanitized-data-mce-fragment=\"1\"><span data-sanitized-data-mce-fragment=\"1\">5 &#8211; 7 tolli\/<\/span><\/p>\n<p data-sanitized-data-mce-fragment=\"1\"><span data-sanitized-data-mce-fragment=\"1\">13 &#8211; 18 cm<\/span><\/p>\n<\/td>\n<\/tr>\n<tr data-sanitized-data-mce-fragment=\"1\">\n<td width=\"72\" data-sanitized-data-mce-fragment=\"1\">\n<p data-sanitized-data-mce-fragment=\"1\"><span data-sanitized-data-mce-fragment=\"1\">Suurus B<\/span><\/p>\n<\/td>\n<td width=\"131\" data-sanitized-data-mce-fragment=\"1\">\n<p data-sanitized-data-mce-fragment=\"1\"><span data-sanitized-data-mce-fragment=\"1\">35 &#8211; 65 tolli\/ 89 &#8211; 165 cm<\/span><\/p>\n<\/td>\n<td width=\"133\" data-sanitized-data-mce-fragment=\"1\">\n<p data-sanitized-data-mce-fragment=\"1\"><span data-sanitized-data-mce-fragment=\"1\">30 &#8211; 40 tolli\/ 76- 102 cm<\/span><\/p>\n<\/td>\n<td width=\"156\" data-sanitized-data-mce-fragment=\"1\">\n<p data-sanitized-data-mce-fragment=\"1\"><span data-sanitized-data-mce-fragment=\"1\">1.25 &#8211; 2.25 tolli\/ 3 &#8211; 6 cm<\/span><\/p>\n<\/td>\n<td width=\"120\" data-sanitized-data-mce-fragment=\"1\">\n<p data-sanitized-data-mce-fragment=\"1\"><span data-sanitized-data-mce-fragment=\"1\">5 &#8211; 7 tolli\/<\/span><\/p>\n<p data-sanitized-data-mce-fragment=\"1\"><span data-sanitized-data-mce-fragment=\"1\">13 &#8211; 18 cm<\/span><\/p>\n<\/td>\n<\/tr>\n<\/tbody>\n<\/table>\n","protected":false},"excerpt":{"rendered":"<p>Uue elegantse katte, madala profiiliga elastse O-r\u00f5nga ja l\u00e4bipaistva logoga uus Deuce Cover on mugav, atraktiivne ja n\u00fc\u00fcd veelgi diskreetsem. K\u00e4sitsi valmistatud ja toele orienteeritud; selle kontuuriga kahe rihmaga aluspesu\/rakmed on disainitud l\u00f5busalt, mugavalt, kvaliteetselt ja funktsionaalselt.<\/p>\n<p>See on loodud kandmiseks koos ja ilma leludeta. Uus Deuce Cover v\u00f5ib aidata pikendada eelm\u00e4ngu v\u00f5i olla suurep\u00e4rane alternatiiv erektsioonide vahel. &#8230; Duaalsusega rakmed; mis v\u00f5ivad aidata ja laiendada v\u00f5imalusi\u2026<\/p>\n","protected":false},"featured_media":88012,"template":"","meta":[],"product_brand":[4240],"product_cat":[1496,1500],"product_tag":[1525],"class_list":{"0":"post-87990","1":"product","2":"type-product","3":"status-publish","4":"has-post-thumbnail","6":"product_brand-spareparts-et","7":"product_cat-lgbtq-et","8":"product_cat-strap-onid","9":"product_tag-rakmed","10":"pa_brand-spareparts-et","12":"first","13":"instock","14":"taxable","15":"shipping-taxable","16":"purchasable","17":"product-type-variable"},"yoast_head":"<!-- This site is optimized with the Yoast SEO plugin v27.3 - https:\/\/yoast.com\/product\/yoast-seo-wordpress\/ -->\n<title>Deuce Meeste Rakmed Cover Versioon | Lust and Love<\/title>\n<meta name=\"robots\" content=\"index,follow,max-snippet:-1,max-image-preview:large,max-video-preview:-1\" \/>\n<link rel=\"canonical\" href=\"https:\/\/lustandlove.eu\/et\/toode\/deuce-meeste-rakmed-cover-versioon\/\" \/>\n<meta name=\"twitter:card\" content=\"summary_large_image\" \/>\n<meta name=\"twitter:title\" content=\"Deuce Meeste Rakmed Cover Versioon | Lust and Love\" \/>\n<meta name=\"twitter:description\" content=\"Uue elegantse katte, madala profiiliga elastse O-r\u00f5nga ja l\u00e4bipaistva logoga uus Deuce Cover on mugav, atraktiivne ja n\u00fc\u00fcd veelgi diskreetsem. K\u00e4sitsi valmistatud ja toele orienteeritud; selle kontuuriga kahe rihmaga aluspesu\/rakmed on disainitud l\u00f5busalt, mugavalt, kvaliteetselt ja funktsionaalselt.  See on loodud kandmiseks koos ja ilma leludeta. Uus Deuce Cover v\u00f5ib aidata pikendada eelm\u00e4ngu v\u00f5i olla suurep\u00e4rane alternatiiv erektsioonide vahel. ... Duaalsusega rakmed; mis v\u00f5ivad aidata ja laiendada v\u00f5imalusi\u2026\" \/>\n<meta name=\"twitter:image\" content=\"https:\/\/lustandlove.eu\/wp-content\/uploads\/DEUCE_BLACK_PACKER_SIDE_FRONT.jpg\" \/>\n<meta name=\"twitter:label1\" content=\"Est. reading time\" \/>\n\t<meta name=\"twitter:data1\" content=\"4 minutit\" \/>\n<script type=\"application\/ld+json\" class=\"yoast-schema-graph\">{\"@context\":\"https:\\\/\\\/schema.org\",\"@graph\":[{\"@type\":[\"WebPage\",\"ItemPage\"],\"@id\":\"https:\\\/\\\/lustandlove.eu\\\/et\\\/toode\\\/deuce-meeste-rakmed-cover-versioon\\\/\",\"url\":\"https:\\\/\\\/lustandlove.eu\\\/et\\\/toode\\\/deuce-meeste-rakmed-cover-versioon\\\/\",\"name\":\"Deuce Meeste Rakmed Cover Versioon | Lust and Love\",\"isPartOf\":{\"@id\":\"https:\\\/\\\/lustandlove.eu\\\/et\\\/#website\"},\"primaryImageOfPage\":{\"@id\":\"https:\\\/\\\/lustandlove.eu\\\/et\\\/toode\\\/deuce-meeste-rakmed-cover-versioon\\\/#primaryimage\"},\"image\":{\"@id\":\"https:\\\/\\\/lustandlove.eu\\\/et\\\/toode\\\/deuce-meeste-rakmed-cover-versioon\\\/#primaryimage\"},\"thumbnailUrl\":\"https:\\\/\\\/lustandlove.eu\\\/wp-content\\\/uploads\\\/DEUCE_BLACK_PACKER_SIDE_FRONT.jpg\",\"datePublished\":\"2023-12-18T09:52:25+00:00\",\"dateModified\":\"2026-04-13T07:27:28+00:00\",\"breadcrumb\":{\"@id\":\"https:\\\/\\\/lustandlove.eu\\\/et\\\/toode\\\/deuce-meeste-rakmed-cover-versioon\\\/#breadcrumb\"},\"inLanguage\":\"et\",\"potentialAction\":[{\"@type\":\"ReadAction\",\"target\":[\"https:\\\/\\\/lustandlove.eu\\\/et\\\/toode\\\/deuce-meeste-rakmed-cover-versioon\\\/\"]}]},{\"@type\":\"ImageObject\",\"inLanguage\":\"et\",\"@id\":\"https:\\\/\\\/lustandlove.eu\\\/et\\\/toode\\\/deuce-meeste-rakmed-cover-versioon\\\/#primaryimage\",\"url\":\"https:\\\/\\\/lustandlove.eu\\\/wp-content\\\/uploads\\\/DEUCE_BLACK_PACKER_SIDE_FRONT.jpg\",\"contentUrl\":\"https:\\\/\\\/lustandlove.eu\\\/wp-content\\\/uploads\\\/DEUCE_BLACK_PACKER_SIDE_FRONT.jpg\",\"width\":1920,\"height\":1920},{\"@type\":\"BreadcrumbList\",\"@id\":\"https:\\\/\\\/lustandlove.eu\\\/et\\\/toode\\\/deuce-meeste-rakmed-cover-versioon\\\/#breadcrumb\",\"itemListElement\":[{\"@type\":\"ListItem\",\"position\":1,\"name\":\"Lust and Love\",\"item\":\"https:\\\/\\\/lustandlove.eu\\\/et\\\/\"},{\"@type\":\"ListItem\",\"position\":2,\"name\":\"Pood\",\"item\":\"https:\\\/\\\/lustandlove.eu\\\/et\\\/pood\\\/\"},{\"@type\":\"ListItem\",\"position\":3,\"name\":\"Sekslelud\",\"item\":\"https:\\\/\\\/lustandlove.eu\\\/et\\\/pood\\\/sekslelud\\\/\"},{\"@type\":\"ListItem\",\"position\":4,\"name\":\"LGBTQ\",\"item\":\"https:\\\/\\\/lustandlove.eu\\\/et\\\/pood\\\/sekslelud\\\/lgbtq-et\\\/\"},{\"@type\":\"ListItem\",\"position\":5,\"name\":\"Strap-on rakmed\",\"item\":\"https:\\\/\\\/lustandlove.eu\\\/et\\\/pood\\\/sekslelud\\\/lgbtq-et\\\/strap-onid\\\/\"},{\"@type\":\"ListItem\",\"position\":6,\"name\":\"Deuce Meeste Rakmed Cover Versioon\"}]},{\"@type\":\"WebSite\",\"@id\":\"https:\\\/\\\/lustandlove.eu\\\/et\\\/#website\",\"url\":\"https:\\\/\\\/lustandlove.eu\\\/et\\\/\",\"name\":\"Lust &amp; Love\",\"description\":\"Online erootikapood tervise, ilu ja armastuse jaoks\",\"publisher\":{\"@id\":\"https:\\\/\\\/lustandlove.eu\\\/et\\\/#organization\"},\"potentialAction\":[{\"@type\":\"SearchAction\",\"target\":{\"@type\":\"EntryPoint\",\"urlTemplate\":\"https:\\\/\\\/lustandlove.eu\\\/et\\\/?s={search_term_string}\"},\"query-input\":{\"@type\":\"PropertyValueSpecification\",\"valueRequired\":true,\"valueName\":\"search_term_string\"}}],\"inLanguage\":\"et\"},{\"@type\":\"Organization\",\"@id\":\"https:\\\/\\\/lustandlove.eu\\\/et\\\/#organization\",\"name\":\"Bioconcept Baltics O\u00dc\",\"url\":\"https:\\\/\\\/lustandlove.eu\\\/et\\\/\",\"logo\":{\"@type\":\"ImageObject\",\"inLanguage\":\"et\",\"@id\":\"https:\\\/\\\/lustandlove.eu\\\/et\\\/#\\\/schema\\\/logo\\\/image\\\/\",\"url\":\"\",\"contentUrl\":\"\",\"caption\":\"Bioconcept Baltics O\u00dc\"},\"image\":{\"@id\":\"https:\\\/\\\/lustandlove.eu\\\/et\\\/#\\\/schema\\\/logo\\\/image\\\/\"},\"sameAs\":[\"https:\\\/\\\/www.facebook.com\\\/LustandLoveEU\\\/\",\"https:\\\/\\\/www.instagram.com\\\/lustandloveeu\\\/\"]}]}<\/script>\n<!-- \/ Yoast SEO plugin. -->","yoast_head_json":{"title":"Deuce Meeste Rakmed Cover Versioon | Lust and Love","robots":{"index,follow,max-snippet":"index,follow,max-snippet:-1,max-image-preview:large,max-video-preview:-1"},"canonical":"https:\/\/lustandlove.eu\/et\/toode\/deuce-meeste-rakmed-cover-versioon\/","twitter_card":"summary_large_image","twitter_title":"Deuce Meeste Rakmed Cover Versioon | Lust and Love","twitter_description":"Uue elegantse katte, madala profiiliga elastse O-r\u00f5nga ja l\u00e4bipaistva logoga uus Deuce Cover on mugav, atraktiivne ja n\u00fc\u00fcd veelgi diskreetsem. K\u00e4sitsi valmistatud ja toele orienteeritud; selle kontuuriga kahe rihmaga aluspesu\/rakmed on disainitud l\u00f5busalt, mugavalt, kvaliteetselt ja funktsionaalselt.  See on loodud kandmiseks koos ja ilma leludeta. Uus Deuce Cover v\u00f5ib aidata pikendada eelm\u00e4ngu v\u00f5i olla suurep\u00e4rane alternatiiv erektsioonide vahel. ... Duaalsusega rakmed; mis v\u00f5ivad aidata ja laiendada v\u00f5imalusi\u2026","twitter_image":"https:\/\/lustandlove.eu\/wp-content\/uploads\/DEUCE_BLACK_PACKER_SIDE_FRONT.jpg","twitter_misc":{"Est. reading time":"4 minutit"},"schema":{"@context":"https:\/\/schema.org","@graph":[{"@type":["WebPage","ItemPage"],"@id":"https:\/\/lustandlove.eu\/et\/toode\/deuce-meeste-rakmed-cover-versioon\/","url":"https:\/\/lustandlove.eu\/et\/toode\/deuce-meeste-rakmed-cover-versioon\/","name":"Deuce Meeste Rakmed Cover Versioon | Lust and Love","isPartOf":{"@id":"https:\/\/lustandlove.eu\/et\/#website"},"primaryImageOfPage":{"@id":"https:\/\/lustandlove.eu\/et\/toode\/deuce-meeste-rakmed-cover-versioon\/#primaryimage"},"image":{"@id":"https:\/\/lustandlove.eu\/et\/toode\/deuce-meeste-rakmed-cover-versioon\/#primaryimage"},"thumbnailUrl":"https:\/\/lustandlove.eu\/wp-content\/uploads\/DEUCE_BLACK_PACKER_SIDE_FRONT.jpg","datePublished":"2023-12-18T09:52:25+00:00","dateModified":"2026-04-13T07:27:28+00:00","breadcrumb":{"@id":"https:\/\/lustandlove.eu\/et\/toode\/deuce-meeste-rakmed-cover-versioon\/#breadcrumb"},"inLanguage":"et","potentialAction":[{"@type":"ReadAction","target":["https:\/\/lustandlove.eu\/et\/toode\/deuce-meeste-rakmed-cover-versioon\/"]}]},{"@type":"ImageObject","inLanguage":"et","@id":"https:\/\/lustandlove.eu\/et\/toode\/deuce-meeste-rakmed-cover-versioon\/#primaryimage","url":"https:\/\/lustandlove.eu\/wp-content\/uploads\/DEUCE_BLACK_PACKER_SIDE_FRONT.jpg","contentUrl":"https:\/\/lustandlove.eu\/wp-content\/uploads\/DEUCE_BLACK_PACKER_SIDE_FRONT.jpg","width":1920,"height":1920},{"@type":"BreadcrumbList","@id":"https:\/\/lustandlove.eu\/et\/toode\/deuce-meeste-rakmed-cover-versioon\/#breadcrumb","itemListElement":[{"@type":"ListItem","position":1,"name":"Lust and Love","item":"https:\/\/lustandlove.eu\/et\/"},{"@type":"ListItem","position":2,"name":"Pood","item":"https:\/\/lustandlove.eu\/et\/pood\/"},{"@type":"ListItem","position":3,"name":"Sekslelud","item":"https:\/\/lustandlove.eu\/et\/pood\/sekslelud\/"},{"@type":"ListItem","position":4,"name":"LGBTQ","item":"https:\/\/lustandlove.eu\/et\/pood\/sekslelud\/lgbtq-et\/"},{"@type":"ListItem","position":5,"name":"Strap-on rakmed","item":"https:\/\/lustandlove.eu\/et\/pood\/sekslelud\/lgbtq-et\/strap-onid\/"},{"@type":"ListItem","position":6,"name":"Deuce Meeste Rakmed Cover Versioon"}]},{"@type":"WebSite","@id":"https:\/\/lustandlove.eu\/et\/#website","url":"https:\/\/lustandlove.eu\/et\/","name":"Lust &amp; Love","description":"Online erootikapood tervise, ilu ja armastuse jaoks","publisher":{"@id":"https:\/\/lustandlove.eu\/et\/#organization"},"potentialAction":[{"@type":"SearchAction","target":{"@type":"EntryPoint","urlTemplate":"https:\/\/lustandlove.eu\/et\/?s={search_term_string}"},"query-input":{"@type":"PropertyValueSpecification","valueRequired":true,"valueName":"search_term_string"}}],"inLanguage":"et"},{"@type":"Organization","@id":"https:\/\/lustandlove.eu\/et\/#organization","name":"Bioconcept Baltics O\u00dc","url":"https:\/\/lustandlove.eu\/et\/","logo":{"@type":"ImageObject","inLanguage":"et","@id":"https:\/\/lustandlove.eu\/et\/#\/schema\/logo\/image\/","url":"","contentUrl":"","caption":"Bioconcept Baltics O\u00dc"},"image":{"@id":"https:\/\/lustandlove.eu\/et\/#\/schema\/logo\/image\/"},"sameAs":["https:\/\/www.facebook.com\/LustandLoveEU\/","https:\/\/www.instagram.com\/lustandloveeu\/"]}]}},"_links":{"self":[{"href":"https:\/\/lustandlove.eu\/et\/wp-json\/wp\/v2\/product\/87990","targetHints":{"allow":["GET"]}}],"collection":[{"href":"https:\/\/lustandlove.eu\/et\/wp-json\/wp\/v2\/product"}],"about":[{"href":"https:\/\/lustandlove.eu\/et\/wp-json\/wp\/v2\/types\/product"}],"wp:featuredmedia":[{"embeddable":true,"href":"https:\/\/lustandlove.eu\/et\/wp-json\/wp\/v2\/media\/88012"}],"wp:attachment":[{"href":"https:\/\/lustandlove.eu\/et\/wp-json\/wp\/v2\/media?parent=87990"}],"wp:term":[{"taxonomy":"product_brand","embeddable":true,"href":"https:\/\/lustandlove.eu\/et\/wp-json\/wp\/v2\/product_brand?post=87990"},{"taxonomy":"product_cat","embeddable":true,"href":"https:\/\/lustandlove.eu\/et\/wp-json\/wp\/v2\/product_cat?post=87990"},{"taxonomy":"product_tag","embeddable":true,"href":"https:\/\/lustandlove.eu\/et\/wp-json\/wp\/v2\/product_tag?post=87990"}],"curies":[{"name":"wp","href":"https:\/\/api.w.org\/{rel}","templated":true}]}}