{"id":88084,"date":"2024-01-05T09:23:46","date_gmt":"2024-01-05T07:23:46","guid":{"rendered":"https:\/\/www.lustandlove.eu\/?post_type=product&#038;p=88084"},"modified":"2025-08-19T15:36:41","modified_gmt":"2025-08-19T12:36:41","slug":"aquawand","status":"publish","type":"product","link":"https:\/\/lustandlove.eu\/et\/toode\/aquawand\/","title":{"rendered":"Aquawand 8500rpm"},"content":{"rendered":"<p>Aquawand on peaaegu t\u00e4ielikult valmistatud silikoonist, mitte ainult pea (l\u00e4bim\u00f5\u00f5t 55 mm), vaid ka k\u00e4epide! kehas\u00f5bralik silikoon muudab sensuaalse tunde veelgi intensiivsemaks. See Pixey Aquawand on pritsme-veekindel, mis t\u00e4hendab, et saate seda puhastada kraani all, kuid v\u00f5ite seda kasutada ka du\u0161i all. Me ei soovita sellega vannis m\u00e4ngida.<br \/>\nKolm lihtsat nuppu juhtimine, 20 vibratsiooni mustrit ja viis kiirust.<br \/>\nPixey kvaliteetne toode, parim valik h\u00e4mmastava sensatsiooni jaoks.<\/p>\n<p>* Paindlik pea<br \/>\n* Tugev ja vaikne mootor (8500 p\/min)<br \/>\n* 3 nuppu abil juhtimine<br \/>\n* 5 vibratsioonikiirust, 20 re\u017eiimi<br \/>\n* Veekindel (pritsmekindel)<br \/>\n* Silikoonist<br \/>\n* Taaslaetav<br \/>\n* Magnetiline laadimine<br \/>\n* Kehakindel materjal<\/p>\n","protected":false},"excerpt":{"rendered":"<p>Selle vibraatori omadused on t\u00e4iuslikud, nagu vaikne ja v\u00f5imas mootor, painduv silikoonpea ja loomulikult vetth\u00fclgav efekt, ning ka magneetiline laadimine.<\/p>\n","protected":false},"featured_media":88100,"template":"","meta":[],"product_cat":[1484,1488,1495],"product_tag":[1545,4104],"yoast_head":"<!-- This site is optimized with the Yoast SEO plugin v22.9 - https:\/\/yoast.com\/wordpress\/plugins\/seo\/ -->\n<title>Aquawand 8500rpm vibrator | Lust and Love<\/title>\n<meta name=\"description\" content=\"Pixey Exceed on v\u00e4ga v\u00f5imas ja lihtsasti reguleeritav wand masseerija. Pixey Exceed suudab tagada kuni 13 500 p\u00f6\u00f6ret minutis, mis on tunduvalt rohkem, kui tavalised vibraatorid pakuvad. Sellel on painduv pea, et \u00f5igetesse kohtadesse ulatuda. Reguleeritava ja keritava nupuga on v\u00f5imalik Pixey panna kas vaikselt m\u00fcrisema v\u00f5i luua maailmaraputav intensiivne kogemus. Pixey Exceedil on sisse lisatud jahutuss\u00fcsteem, t\u00e4nu millele ei l\u00e4he see kunagi liiga kuumaks, et kasutada.\" \/>\n<meta name=\"robots\" content=\"index,follow,max-snippet:-1,max-image-preview:large,max-video-preview:-1\" \/>\n<link rel=\"canonical\" href=\"https:\/\/lustandlove.eu\/et\/toode\/aquawand\/\" \/>\n<meta name=\"twitter:card\" content=\"summary_large_image\" \/>\n<meta name=\"twitter:title\" content=\"Aquawand 8500rpm vibrator | Lust and Love\" \/>\n<meta name=\"twitter:description\" content=\"Pixey Exceed on v\u00e4ga v\u00f5imas ja lihtsasti reguleeritav wand masseerija. Pixey Exceed suudab tagada kuni 13 500 p\u00f6\u00f6ret minutis, mis on tunduvalt rohkem, kui tavalised vibraatorid pakuvad. Sellel on painduv pea, et \u00f5igetesse kohtadesse ulatuda. Reguleeritava ja keritava nupuga on v\u00f5imalik Pixey panna kas vaikselt m\u00fcrisema v\u00f5i luua maailmaraputav intensiivne kogemus. Pixey Exceedil on sisse lisatud jahutuss\u00fcsteem, t\u00e4nu millele ei l\u00e4he see kunagi liiga kuumaks, et kasutada.\" \/>\n<meta name=\"twitter:image\" content=\"https:\/\/lustandlove.eu\/wp-content\/uploads\/122-4000-b-01.png\" \/>\n<meta name=\"twitter:label1\" content=\"Est. reading time\" \/>\n\t<meta name=\"twitter:data1\" content=\"2 minutit\" \/>\n<script type=\"application\/ld+json\" class=\"yoast-schema-graph\">{\"@context\":\"https:\/\/schema.org\",\"@graph\":[{\"@type\":[\"WebPage\",\"ItemPage\"],\"@id\":\"https:\/\/lustandlove.eu\/et\/toode\/aquawand\/\",\"url\":\"https:\/\/lustandlove.eu\/et\/toode\/aquawand\/\",\"name\":\"Aquawand 8500rpm vibrator | Lust and Love\",\"isPartOf\":{\"@id\":\"https:\/\/lustandlove.eu\/et\/#website\"},\"primaryImageOfPage\":{\"@id\":\"https:\/\/lustandlove.eu\/et\/toode\/aquawand\/#primaryimage\"},\"image\":{\"@id\":\"https:\/\/lustandlove.eu\/et\/toode\/aquawand\/#primaryimage\"},\"thumbnailUrl\":\"https:\/\/lustandlove.eu\/wp-content\/uploads\/122-4000-b-01.png\",\"datePublished\":\"2024-01-05T07:23:46+00:00\",\"dateModified\":\"2025-08-19T12:36:41+00:00\",\"description\":\"Pixey Exceed on v\u00e4ga v\u00f5imas ja lihtsasti reguleeritav wand masseerija. Pixey Exceed suudab tagada kuni 13 500 p\u00f6\u00f6ret minutis, mis on tunduvalt rohkem, kui tavalised vibraatorid pakuvad. Sellel on painduv pea, et \u00f5igetesse kohtadesse ulatuda. Reguleeritava ja keritava nupuga on v\u00f5imalik Pixey panna kas vaikselt m\u00fcrisema v\u00f5i luua maailmaraputav intensiivne kogemus. Pixey Exceedil on sisse lisatud jahutuss\u00fcsteem, t\u00e4nu millele ei l\u00e4he see kunagi liiga kuumaks, et kasutada.\",\"breadcrumb\":{\"@id\":\"https:\/\/lustandlove.eu\/et\/toode\/aquawand\/#breadcrumb\"},\"inLanguage\":\"et\",\"potentialAction\":[{\"@type\":\"ReadAction\",\"target\":[\"https:\/\/lustandlove.eu\/et\/toode\/aquawand\/\"]}]},{\"@type\":\"ImageObject\",\"inLanguage\":\"et\",\"@id\":\"https:\/\/lustandlove.eu\/et\/toode\/aquawand\/#primaryimage\",\"url\":\"https:\/\/lustandlove.eu\/wp-content\/uploads\/122-4000-b-01.png\",\"contentUrl\":\"https:\/\/lustandlove.eu\/wp-content\/uploads\/122-4000-b-01.png\",\"width\":700,\"height\":450,\"caption\":\"black wand vibrator\"},{\"@type\":\"BreadcrumbList\",\"@id\":\"https:\/\/lustandlove.eu\/et\/toode\/aquawand\/#breadcrumb\",\"itemListElement\":[{\"@type\":\"ListItem\",\"position\":1,\"name\":\"Lust and Love\",\"item\":\"https:\/\/lustandlove.eu\/et\/\"},{\"@type\":\"ListItem\",\"position\":2,\"name\":\"Pood\",\"item\":\"https:\/\/lustandlove.eu\/et\/pood\/\"},{\"@type\":\"ListItem\",\"position\":3,\"name\":\"Sekslelud\",\"item\":\"https:\/\/lustandlove.eu\/et\/pood\/sekslelud\/\"},{\"@type\":\"ListItem\",\"position\":4,\"name\":\"Vibraatorid\",\"item\":\"https:\/\/lustandlove.eu\/et\/pood\/sekslelud\/vibraatorid\/\"},{\"@type\":\"ListItem\",\"position\":5,\"name\":\"Wandid\",\"item\":\"https:\/\/lustandlove.eu\/et\/pood\/sekslelud\/vibraatorid\/wandid\/\"},{\"@type\":\"ListItem\",\"position\":6,\"name\":\"Aquawand 8500rpm\"}]},{\"@type\":\"WebSite\",\"@id\":\"https:\/\/lustandlove.eu\/et\/#website\",\"url\":\"https:\/\/lustandlove.eu\/et\/\",\"name\":\"Lust &amp; Love\",\"description\":\"Online erootikapood tervise, ilu ja armastuse jaoks\",\"publisher\":{\"@id\":\"https:\/\/lustandlove.eu\/et\/#organization\"},\"potentialAction\":[{\"@type\":\"SearchAction\",\"target\":{\"@type\":\"EntryPoint\",\"urlTemplate\":\"https:\/\/lustandlove.eu\/et\/?s={search_term_string}\"},\"query-input\":\"required name=search_term_string\"}],\"inLanguage\":\"et\"},{\"@type\":\"Organization\",\"@id\":\"https:\/\/lustandlove.eu\/et\/#organization\",\"name\":\"Bioconcept Baltics O\u00dc\",\"url\":\"https:\/\/lustandlove.eu\/et\/\",\"logo\":{\"@type\":\"ImageObject\",\"inLanguage\":\"et\",\"@id\":\"https:\/\/lustandlove.eu\/et\/#\/schema\/logo\/image\/\",\"url\":\"\",\"contentUrl\":\"\",\"caption\":\"Bioconcept Baltics O\u00dc\"},\"image\":{\"@id\":\"https:\/\/lustandlove.eu\/et\/#\/schema\/logo\/image\/\"},\"sameAs\":[\"https:\/\/www.facebook.com\/LustandLoveEU\/\",\"https:\/\/www.instagram.com\/lustandloveeu\/\"]}]}<\/script>\n<!-- \/ Yoast SEO plugin. -->","yoast_head_json":{"title":"Aquawand 8500rpm vibrator | Lust and Love","description":"Pixey Exceed on v\u00e4ga v\u00f5imas ja lihtsasti reguleeritav wand masseerija. Pixey Exceed suudab tagada kuni 13 500 p\u00f6\u00f6ret minutis, mis on tunduvalt rohkem, kui tavalised vibraatorid pakuvad. Sellel on painduv pea, et \u00f5igetesse kohtadesse ulatuda. Reguleeritava ja keritava nupuga on v\u00f5imalik Pixey panna kas vaikselt m\u00fcrisema v\u00f5i luua maailmaraputav intensiivne kogemus. Pixey Exceedil on sisse lisatud jahutuss\u00fcsteem, t\u00e4nu millele ei l\u00e4he see kunagi liiga kuumaks, et kasutada.","robots":{"index,follow,max-snippet":"index,follow,max-snippet:-1,max-image-preview:large,max-video-preview:-1"},"canonical":"https:\/\/lustandlove.eu\/et\/toode\/aquawand\/","twitter_card":"summary_large_image","twitter_title":"Aquawand 8500rpm vibrator | Lust and Love","twitter_description":"Pixey Exceed on v\u00e4ga v\u00f5imas ja lihtsasti reguleeritav wand masseerija. Pixey Exceed suudab tagada kuni 13 500 p\u00f6\u00f6ret minutis, mis on tunduvalt rohkem, kui tavalised vibraatorid pakuvad. Sellel on painduv pea, et \u00f5igetesse kohtadesse ulatuda. Reguleeritava ja keritava nupuga on v\u00f5imalik Pixey panna kas vaikselt m\u00fcrisema v\u00f5i luua maailmaraputav intensiivne kogemus. Pixey Exceedil on sisse lisatud jahutuss\u00fcsteem, t\u00e4nu millele ei l\u00e4he see kunagi liiga kuumaks, et kasutada.","twitter_image":"https:\/\/lustandlove.eu\/wp-content\/uploads\/122-4000-b-01.png","twitter_misc":{"Est. reading time":"2 minutit"},"schema":{"@context":"https:\/\/schema.org","@graph":[{"@type":["WebPage","ItemPage"],"@id":"https:\/\/lustandlove.eu\/et\/toode\/aquawand\/","url":"https:\/\/lustandlove.eu\/et\/toode\/aquawand\/","name":"Aquawand 8500rpm vibrator | Lust and Love","isPartOf":{"@id":"https:\/\/lustandlove.eu\/et\/#website"},"primaryImageOfPage":{"@id":"https:\/\/lustandlove.eu\/et\/toode\/aquawand\/#primaryimage"},"image":{"@id":"https:\/\/lustandlove.eu\/et\/toode\/aquawand\/#primaryimage"},"thumbnailUrl":"https:\/\/lustandlove.eu\/wp-content\/uploads\/122-4000-b-01.png","datePublished":"2024-01-05T07:23:46+00:00","dateModified":"2025-08-19T12:36:41+00:00","description":"Pixey Exceed on v\u00e4ga v\u00f5imas ja lihtsasti reguleeritav wand masseerija. Pixey Exceed suudab tagada kuni 13 500 p\u00f6\u00f6ret minutis, mis on tunduvalt rohkem, kui tavalised vibraatorid pakuvad. Sellel on painduv pea, et \u00f5igetesse kohtadesse ulatuda. Reguleeritava ja keritava nupuga on v\u00f5imalik Pixey panna kas vaikselt m\u00fcrisema v\u00f5i luua maailmaraputav intensiivne kogemus. Pixey Exceedil on sisse lisatud jahutuss\u00fcsteem, t\u00e4nu millele ei l\u00e4he see kunagi liiga kuumaks, et kasutada.","breadcrumb":{"@id":"https:\/\/lustandlove.eu\/et\/toode\/aquawand\/#breadcrumb"},"inLanguage":"et","potentialAction":[{"@type":"ReadAction","target":["https:\/\/lustandlove.eu\/et\/toode\/aquawand\/"]}]},{"@type":"ImageObject","inLanguage":"et","@id":"https:\/\/lustandlove.eu\/et\/toode\/aquawand\/#primaryimage","url":"https:\/\/lustandlove.eu\/wp-content\/uploads\/122-4000-b-01.png","contentUrl":"https:\/\/lustandlove.eu\/wp-content\/uploads\/122-4000-b-01.png","width":700,"height":450,"caption":"black wand vibrator"},{"@type":"BreadcrumbList","@id":"https:\/\/lustandlove.eu\/et\/toode\/aquawand\/#breadcrumb","itemListElement":[{"@type":"ListItem","position":1,"name":"Lust and Love","item":"https:\/\/lustandlove.eu\/et\/"},{"@type":"ListItem","position":2,"name":"Pood","item":"https:\/\/lustandlove.eu\/et\/pood\/"},{"@type":"ListItem","position":3,"name":"Sekslelud","item":"https:\/\/lustandlove.eu\/et\/pood\/sekslelud\/"},{"@type":"ListItem","position":4,"name":"Vibraatorid","item":"https:\/\/lustandlove.eu\/et\/pood\/sekslelud\/vibraatorid\/"},{"@type":"ListItem","position":5,"name":"Wandid","item":"https:\/\/lustandlove.eu\/et\/pood\/sekslelud\/vibraatorid\/wandid\/"},{"@type":"ListItem","position":6,"name":"Aquawand 8500rpm"}]},{"@type":"WebSite","@id":"https:\/\/lustandlove.eu\/et\/#website","url":"https:\/\/lustandlove.eu\/et\/","name":"Lust &amp; Love","description":"Online erootikapood tervise, ilu ja armastuse jaoks","publisher":{"@id":"https:\/\/lustandlove.eu\/et\/#organization"},"potentialAction":[{"@type":"SearchAction","target":{"@type":"EntryPoint","urlTemplate":"https:\/\/lustandlove.eu\/et\/?s={search_term_string}"},"query-input":"required name=search_term_string"}],"inLanguage":"et"},{"@type":"Organization","@id":"https:\/\/lustandlove.eu\/et\/#organization","name":"Bioconcept Baltics O\u00dc","url":"https:\/\/lustandlove.eu\/et\/","logo":{"@type":"ImageObject","inLanguage":"et","@id":"https:\/\/lustandlove.eu\/et\/#\/schema\/logo\/image\/","url":"","contentUrl":"","caption":"Bioconcept Baltics O\u00dc"},"image":{"@id":"https:\/\/lustandlove.eu\/et\/#\/schema\/logo\/image\/"},"sameAs":["https:\/\/www.facebook.com\/LustandLoveEU\/","https:\/\/www.instagram.com\/lustandloveeu\/"]}]}},"_links":{"self":[{"href":"https:\/\/lustandlove.eu\/et\/wp-json\/wp\/v2\/product\/88084"}],"collection":[{"href":"https:\/\/lustandlove.eu\/et\/wp-json\/wp\/v2\/product"}],"about":[{"href":"https:\/\/lustandlove.eu\/et\/wp-json\/wp\/v2\/types\/product"}],"wp:featuredmedia":[{"embeddable":true,"href":"https:\/\/lustandlove.eu\/et\/wp-json\/wp\/v2\/media\/88100"}],"wp:attachment":[{"href":"https:\/\/lustandlove.eu\/et\/wp-json\/wp\/v2\/media?parent=88084"}],"wp:term":[{"taxonomy":"product_cat","embeddable":true,"href":"https:\/\/lustandlove.eu\/et\/wp-json\/wp\/v2\/product_cat?post=88084"},{"taxonomy":"product_tag","embeddable":true,"href":"https:\/\/lustandlove.eu\/et\/wp-json\/wp\/v2\/product_tag?post=88084"}],"curies":[{"name":"wp","href":"https:\/\/api.w.org\/{rel}","templated":true}]}}