{"id":88129,"date":"2024-01-05T09:55:09","date_gmt":"2024-01-05T07:55:09","guid":{"rendered":"https:\/\/www.lustandlove.eu\/?post_type=product&#038;p=88129"},"modified":"2026-04-13T10:27:26","modified_gmt":"2026-04-13T07:27:26","slug":"silikoonist-nibuimejad-vaike","status":"publish","type":"product","link":"https:\/\/lustandlove.eu\/et\/toode\/silikoonist-nibuimejad-vaike\/","title":{"rendered":"Silikoonist Nibuimejad &#8211; v\u00e4ike"},"content":{"rendered":"<div class=\"wpb-content-wrapper\"><p>[vc_row][vc_column][vc_column_text woodmart_inline=&#8221;no&#8221; text_larger=&#8221;no&#8221;]Imikorgid t\u00f6\u00f6tavad, asetades lelu nahapinnale ja pigistades, mis tekitab vaakumi. O-r\u00f5ngad v\u00f5imaldavad kinnitada n\u00e4iteks ketti. Kasuta oma kujutlusv\u00f5imet ja ole loominguline! Iminapad on valmistatud kvaliteetsest silikoonist ja tunduvad nahal imeliselt.<\/p>\n<p>Kiotose Leechi saab asetada erinevatele kehaosadele, kuid need on m\u00f5eldud nibudele.[\/vc_column_text][\/vc_column][\/vc_row]<\/p>\n<\/div>","protected":false},"excerpt":{"rendered":"<p>Need nibuimejad on ideaalne m\u00e4nguasi teie BDSM-kollektsiooni koostamiseks. N\u00e4pitsatest \u00f5rnemad nibuimejad on ideaalne aksessuaar k\u00f5igile.<\/p>\n","protected":false},"featured_media":88131,"template":"","meta":[],"product_brand":[4228],"product_cat":[1470,4002],"product_tag":[3095],"class_list":{"0":"post-88129","1":"product","2":"type-product","3":"status-publish","4":"has-post-thumbnail","6":"product_brand-o-products-et","7":"product_cat-bdsm-et","8":"product_cat-nibuklambrid","9":"product_tag-stc_bdsm-et","10":"pa_brand-o-products-et","12":"first","13":"instock","14":"taxable","15":"shipping-taxable","16":"purchasable","17":"product-type-simple"},"yoast_head":"<!-- This site is optimized with the Yoast SEO plugin v27.4 - https:\/\/yoast.com\/product\/yoast-seo-wordpress\/ -->\n<title>Silikoonist Nibuimejad - v\u00e4ike | Lust and Love<\/title>\n<meta name=\"description\" content=\"Need nibuimejad on ideaalne m\u00e4nguasi teie BDSM-kollektsiooni koostamiseks. N\u00e4pitsatest \u00f5rnemad nibuimejad on ideaalne nibude m\u00e4nguasi k\u00f5igile.\" \/>\n<meta name=\"robots\" content=\"index,follow,max-snippet:-1,max-image-preview:large,max-video-preview:-1\" \/>\n<link rel=\"canonical\" href=\"https:\/\/lustandlove.eu\/et\/toode\/silikoonist-nibuimejad-vaike\/\" \/>\n<script type=\"application\/ld+json\" class=\"yoast-schema-graph\">{\"@context\":\"https:\\\/\\\/schema.org\",\"@graph\":[{\"@type\":[\"WebPage\",\"ItemPage\"],\"@id\":\"https:\\\/\\\/lustandlove.eu\\\/et\\\/toode\\\/silikoonist-nibuimejad-vaike\\\/\",\"url\":\"https:\\\/\\\/lustandlove.eu\\\/et\\\/toode\\\/silikoonist-nibuimejad-vaike\\\/\",\"name\":\"Silikoonist Nibuimejad - v\u00e4ike | Lust and Love\",\"isPartOf\":{\"@id\":\"https:\\\/\\\/lustandlove.eu\\\/et\\\/#website\"},\"primaryImageOfPage\":{\"@id\":\"https:\\\/\\\/lustandlove.eu\\\/et\\\/toode\\\/silikoonist-nibuimejad-vaike\\\/#primaryimage\"},\"image\":{\"@id\":\"https:\\\/\\\/lustandlove.eu\\\/et\\\/toode\\\/silikoonist-nibuimejad-vaike\\\/#primaryimage\"},\"thumbnailUrl\":\"https:\\\/\\\/lustandlove.eu\\\/wp-content\\\/uploads\\\/152-0019-00-01.png\",\"datePublished\":\"2024-01-05T07:55:09+00:00\",\"dateModified\":\"2026-04-13T07:27:26+00:00\",\"description\":\"Need nibuimejad on ideaalne m\u00e4nguasi teie BDSM-kollektsiooni koostamiseks. N\u00e4pitsatest \u00f5rnemad nibuimejad on ideaalne nibude m\u00e4nguasi k\u00f5igile.\",\"breadcrumb\":{\"@id\":\"https:\\\/\\\/lustandlove.eu\\\/et\\\/toode\\\/silikoonist-nibuimejad-vaike\\\/#breadcrumb\"},\"inLanguage\":\"et\",\"potentialAction\":[{\"@type\":\"ReadAction\",\"target\":[\"https:\\\/\\\/lustandlove.eu\\\/et\\\/toode\\\/silikoonist-nibuimejad-vaike\\\/\"]}]},{\"@type\":\"ImageObject\",\"inLanguage\":\"et\",\"@id\":\"https:\\\/\\\/lustandlove.eu\\\/et\\\/toode\\\/silikoonist-nibuimejad-vaike\\\/#primaryimage\",\"url\":\"https:\\\/\\\/lustandlove.eu\\\/wp-content\\\/uploads\\\/152-0019-00-01.png\",\"contentUrl\":\"https:\\\/\\\/lustandlove.eu\\\/wp-content\\\/uploads\\\/152-0019-00-01.png\",\"width\":700,\"height\":450},{\"@type\":\"BreadcrumbList\",\"@id\":\"https:\\\/\\\/lustandlove.eu\\\/et\\\/toode\\\/silikoonist-nibuimejad-vaike\\\/#breadcrumb\",\"itemListElement\":[{\"@type\":\"ListItem\",\"position\":1,\"name\":\"Lust and Love\",\"item\":\"https:\\\/\\\/lustandlove.eu\\\/et\\\/\"},{\"@type\":\"ListItem\",\"position\":2,\"name\":\"Pood\",\"item\":\"https:\\\/\\\/lustandlove.eu\\\/et\\\/pood\\\/\"},{\"@type\":\"ListItem\",\"position\":3,\"name\":\"BDSM\",\"item\":\"https:\\\/\\\/lustandlove.eu\\\/et\\\/pood\\\/bdsm-et\\\/\"},{\"@type\":\"ListItem\",\"position\":4,\"name\":\"Silikoonist Nibuimejad &#8211; v\u00e4ike\"}]},{\"@type\":\"WebSite\",\"@id\":\"https:\\\/\\\/lustandlove.eu\\\/et\\\/#website\",\"url\":\"https:\\\/\\\/lustandlove.eu\\\/et\\\/\",\"name\":\"Lust & Love\",\"description\":\"Online erootikapood tervise, ilu ja armastuse jaoks\",\"publisher\":{\"@id\":\"https:\\\/\\\/lustandlove.eu\\\/et\\\/#organization\"},\"potentialAction\":[{\"@type\":\"SearchAction\",\"target\":{\"@type\":\"EntryPoint\",\"urlTemplate\":\"https:\\\/\\\/lustandlove.eu\\\/et\\\/?s={search_term_string}\"},\"query-input\":{\"@type\":\"PropertyValueSpecification\",\"valueRequired\":true,\"valueName\":\"search_term_string\"}}],\"inLanguage\":\"et\"},{\"@type\":\"Organization\",\"@id\":\"https:\\\/\\\/lustandlove.eu\\\/et\\\/#organization\",\"name\":\"Bioconcept Baltics O\u00dc\",\"url\":\"https:\\\/\\\/lustandlove.eu\\\/et\\\/\",\"logo\":{\"@type\":\"ImageObject\",\"inLanguage\":\"et\",\"@id\":\"https:\\\/\\\/lustandlove.eu\\\/et\\\/#\\\/schema\\\/logo\\\/image\\\/\",\"url\":\"https:\\\/\\\/lustandlove.eu\\\/wp-content\\\/uploads\\\/logo-full-2.png\",\"contentUrl\":\"https:\\\/\\\/lustandlove.eu\\\/wp-content\\\/uploads\\\/logo-full-2.png\",\"width\":837,\"height\":200,\"caption\":\"Bioconcept Baltics O\u00dc\"},\"image\":{\"@id\":\"https:\\\/\\\/lustandlove.eu\\\/et\\\/#\\\/schema\\\/logo\\\/image\\\/\"},\"sameAs\":[\"https:\\\/\\\/www.facebook.com\\\/LustandLoveEU\\\/\",\"https:\\\/\\\/www.instagram.com\\\/lustandloveeu\\\/\"]}]}<\/script>\n<!-- \/ Yoast SEO plugin. -->","yoast_head_json":{"title":"Silikoonist Nibuimejad - v\u00e4ike | Lust and Love","description":"Need nibuimejad on ideaalne m\u00e4nguasi teie BDSM-kollektsiooni koostamiseks. N\u00e4pitsatest \u00f5rnemad nibuimejad on ideaalne nibude m\u00e4nguasi k\u00f5igile.","robots":{"index,follow,max-snippet":"index,follow,max-snippet:-1,max-image-preview:large,max-video-preview:-1"},"canonical":"https:\/\/lustandlove.eu\/et\/toode\/silikoonist-nibuimejad-vaike\/","schema":{"@context":"https:\/\/schema.org","@graph":[{"@type":["WebPage","ItemPage"],"@id":"https:\/\/lustandlove.eu\/et\/toode\/silikoonist-nibuimejad-vaike\/","url":"https:\/\/lustandlove.eu\/et\/toode\/silikoonist-nibuimejad-vaike\/","name":"Silikoonist Nibuimejad - v\u00e4ike | Lust and Love","isPartOf":{"@id":"https:\/\/lustandlove.eu\/et\/#website"},"primaryImageOfPage":{"@id":"https:\/\/lustandlove.eu\/et\/toode\/silikoonist-nibuimejad-vaike\/#primaryimage"},"image":{"@id":"https:\/\/lustandlove.eu\/et\/toode\/silikoonist-nibuimejad-vaike\/#primaryimage"},"thumbnailUrl":"https:\/\/lustandlove.eu\/wp-content\/uploads\/152-0019-00-01.png","datePublished":"2024-01-05T07:55:09+00:00","dateModified":"2026-04-13T07:27:26+00:00","description":"Need nibuimejad on ideaalne m\u00e4nguasi teie BDSM-kollektsiooni koostamiseks. N\u00e4pitsatest \u00f5rnemad nibuimejad on ideaalne nibude m\u00e4nguasi k\u00f5igile.","breadcrumb":{"@id":"https:\/\/lustandlove.eu\/et\/toode\/silikoonist-nibuimejad-vaike\/#breadcrumb"},"inLanguage":"et","potentialAction":[{"@type":"ReadAction","target":["https:\/\/lustandlove.eu\/et\/toode\/silikoonist-nibuimejad-vaike\/"]}]},{"@type":"ImageObject","inLanguage":"et","@id":"https:\/\/lustandlove.eu\/et\/toode\/silikoonist-nibuimejad-vaike\/#primaryimage","url":"https:\/\/lustandlove.eu\/wp-content\/uploads\/152-0019-00-01.png","contentUrl":"https:\/\/lustandlove.eu\/wp-content\/uploads\/152-0019-00-01.png","width":700,"height":450},{"@type":"BreadcrumbList","@id":"https:\/\/lustandlove.eu\/et\/toode\/silikoonist-nibuimejad-vaike\/#breadcrumb","itemListElement":[{"@type":"ListItem","position":1,"name":"Lust and Love","item":"https:\/\/lustandlove.eu\/et\/"},{"@type":"ListItem","position":2,"name":"Pood","item":"https:\/\/lustandlove.eu\/et\/pood\/"},{"@type":"ListItem","position":3,"name":"BDSM","item":"https:\/\/lustandlove.eu\/et\/pood\/bdsm-et\/"},{"@type":"ListItem","position":4,"name":"Silikoonist Nibuimejad &#8211; v\u00e4ike"}]},{"@type":"WebSite","@id":"https:\/\/lustandlove.eu\/et\/#website","url":"https:\/\/lustandlove.eu\/et\/","name":"Lust & Love","description":"Online erootikapood tervise, ilu ja armastuse jaoks","publisher":{"@id":"https:\/\/lustandlove.eu\/et\/#organization"},"potentialAction":[{"@type":"SearchAction","target":{"@type":"EntryPoint","urlTemplate":"https:\/\/lustandlove.eu\/et\/?s={search_term_string}"},"query-input":{"@type":"PropertyValueSpecification","valueRequired":true,"valueName":"search_term_string"}}],"inLanguage":"et"},{"@type":"Organization","@id":"https:\/\/lustandlove.eu\/et\/#organization","name":"Bioconcept Baltics O\u00dc","url":"https:\/\/lustandlove.eu\/et\/","logo":{"@type":"ImageObject","inLanguage":"et","@id":"https:\/\/lustandlove.eu\/et\/#\/schema\/logo\/image\/","url":"https:\/\/lustandlove.eu\/wp-content\/uploads\/logo-full-2.png","contentUrl":"https:\/\/lustandlove.eu\/wp-content\/uploads\/logo-full-2.png","width":837,"height":200,"caption":"Bioconcept Baltics O\u00dc"},"image":{"@id":"https:\/\/lustandlove.eu\/et\/#\/schema\/logo\/image\/"},"sameAs":["https:\/\/www.facebook.com\/LustandLoveEU\/","https:\/\/www.instagram.com\/lustandloveeu\/"]}]}},"_links":{"self":[{"href":"https:\/\/lustandlove.eu\/et\/wp-json\/wp\/v2\/product\/88129","targetHints":{"allow":["GET"]}}],"collection":[{"href":"https:\/\/lustandlove.eu\/et\/wp-json\/wp\/v2\/product"}],"about":[{"href":"https:\/\/lustandlove.eu\/et\/wp-json\/wp\/v2\/types\/product"}],"wp:featuredmedia":[{"embeddable":true,"href":"https:\/\/lustandlove.eu\/et\/wp-json\/wp\/v2\/media\/88131"}],"wp:attachment":[{"href":"https:\/\/lustandlove.eu\/et\/wp-json\/wp\/v2\/media?parent=88129"}],"wp:term":[{"taxonomy":"product_brand","embeddable":true,"href":"https:\/\/lustandlove.eu\/et\/wp-json\/wp\/v2\/product_brand?post=88129"},{"taxonomy":"product_cat","embeddable":true,"href":"https:\/\/lustandlove.eu\/et\/wp-json\/wp\/v2\/product_cat?post=88129"},{"taxonomy":"product_tag","embeddable":true,"href":"https:\/\/lustandlove.eu\/et\/wp-json\/wp\/v2\/product_tag?post=88129"}],"curies":[{"name":"wp","href":"https:\/\/api.w.org\/{rel}","templated":true}]}}