{"id":88163,"date":"2024-01-11T12:41:50","date_gmt":"2024-01-11T10:41:51","guid":{"rendered":"https:\/\/www.lustandlove.eu\/?post_type=product&#038;p=88163"},"modified":"2026-04-13T10:27:24","modified_gmt":"2026-04-13T07:27:24","slug":"crazy-horse-kaerauad-sinine","status":"publish","type":"product","link":"https:\/\/lustandlove.eu\/et\/toode\/crazy-horse-kaerauad-sinine\/","title":{"rendered":"Crazy Horse K\u00e4erauad Sinine"},"content":{"rendered":"<p>Crazy Horse sarja tooted on sensuaalne teekond luksusliku BDSM-i maailma, kus igast detailist \u00f5hkub elegantsi ja haritud disaini. Kvaliteetseimast naturaalsest nahast valmistatud kollektsioon ei vasta mitte ainult praktilistele vajadustele, vaid v\u00e4ljendab ka individuaalset stiili BDSM-i intiimses maailmas, pakkudes k\u00f5rgeimat kogemust ning enneolematud v\u00e4rvid r\u00f5\u00f5mustavad teie meeli pidevalt muutuvate nahav\u00e4rvidega.<\/p>\n<p>Kogupikkus:<\/p>\n<p>S-suurus: 19-23cm<br \/>\nL-suurus: 22-28cm<\/p>\n<p>WHIPS on ainulaadne erootiline kollektsioon, mille on loonud Wroclawi k\u00e4sit\u00f6\u00f6lised. Nende ettev\u00f5tte ajalugu ulatub aastasse 1986. Nende erootiliste aksessuaaride kollektsioon on vallutanud Poola klientide s\u00fcdamed. Neil on hea meel teha erakordseid projekte, otsida uusi kogemusi ja iga p\u00e4ev oma silmaringi laiendada.<\/p>\n<p>Lubage k\u00e4sitsi m\u00f5\u00f5tmise t\u00f5ttu 1\u20133 cm erinevusi<\/p>\n","protected":false},"excerpt":{"rendered":"<p>Side siduja ja sidutava inimese vahel on ainulaadne ja lahutamatu. T\u00e4pselt nagu meie k\u00e4erauad ja konnektorid. Meie kasutatavad tehnoloogiad tagavad teile nii tugeva mulje kui ka kasutusmugavuse. Mis Whips br\u00e4nd on kokku liitnud, seda \u00e4rgu keegi lahutagu.<\/p>\n<p>Kogupikkus:<\/p>\n<p>S suurus: 19-23 cm<br \/>\nL-suurus: 22-28 cm<\/p>\n","protected":false},"featured_media":88167,"template":"","meta":[],"product_brand":[4247],"product_cat":[1470,1474],"product_tag":[1550,3278,3284,1508],"class_list":{"0":"post-88163","1":"product","2":"type-product","3":"status-publish","4":"has-post-thumbnail","6":"product_brand-whips-et","7":"product_cat-bdsm-et","8":"product_cat-kaerauad-ja-rakmed","9":"product_tag-bdsm-et","10":"product_tag-bdsm-mangud","11":"product_tag-kaerauad","12":"product_tag-sidumine","13":"pa_brand-whips-et","15":"first","16":"instock","17":"taxable","18":"shipping-taxable","19":"purchasable","20":"product-type-variable"},"yoast_head":"<!-- This site is optimized with the Yoast SEO plugin v27.3 - https:\/\/yoast.com\/product\/yoast-seo-wordpress\/ -->\n<title>Crazy Horse K\u00e4erauad Sinine | Lust and Love<\/title>\n<meta name=\"robots\" content=\"index,follow,max-snippet:-1,max-image-preview:large,max-video-preview:-1\" \/>\n<link rel=\"canonical\" href=\"https:\/\/lustandlove.eu\/et\/toode\/crazy-horse-kaerauad-sinine\/\" \/>\n<meta name=\"twitter:card\" content=\"summary_large_image\" \/>\n<meta name=\"twitter:title\" content=\"Crazy Horse K\u00e4erauad Sinine | Lust and Love\" \/>\n<meta name=\"twitter:description\" content=\"Side siduja ja sidutava inimese vahel on ainulaadne ja lahutamatu. T\u00e4pselt nagu meie k\u00e4erauad ja konnektorid. Meie kasutatavad tehnoloogiad tagavad teile nii tugeva mulje kui ka kasutusmugavuse. Mis Whips br\u00e4nd on kokku liitnud, seda \u00e4rgu keegi lahutagu.  Kogupikkus:  S suurus: 19-23 cm L-suurus: 22-28 cm\" \/>\n<meta name=\"twitter:image\" content=\"https:\/\/lustandlove.eu\/wp-content\/uploads\/Cuffs-crazy-horse-blue-L.jpg\" \/>\n<meta name=\"twitter:label1\" content=\"Est. reading time\" \/>\n\t<meta name=\"twitter:data1\" content=\"1 minut\" \/>\n<script type=\"application\/ld+json\" class=\"yoast-schema-graph\">{\"@context\":\"https:\\\/\\\/schema.org\",\"@graph\":[{\"@type\":[\"WebPage\",\"ItemPage\"],\"@id\":\"https:\\\/\\\/lustandlove.eu\\\/et\\\/toode\\\/crazy-horse-kaerauad-sinine\\\/\",\"url\":\"https:\\\/\\\/lustandlove.eu\\\/et\\\/toode\\\/crazy-horse-kaerauad-sinine\\\/\",\"name\":\"Crazy Horse K\u00e4erauad Sinine | Lust and Love\",\"isPartOf\":{\"@id\":\"https:\\\/\\\/lustandlove.eu\\\/et\\\/#website\"},\"primaryImageOfPage\":{\"@id\":\"https:\\\/\\\/lustandlove.eu\\\/et\\\/toode\\\/crazy-horse-kaerauad-sinine\\\/#primaryimage\"},\"image\":{\"@id\":\"https:\\\/\\\/lustandlove.eu\\\/et\\\/toode\\\/crazy-horse-kaerauad-sinine\\\/#primaryimage\"},\"thumbnailUrl\":\"https:\\\/\\\/lustandlove.eu\\\/wp-content\\\/uploads\\\/Cuffs-crazy-horse-blue-L.jpg\",\"datePublished\":\"2024-01-11T10:41:51+00:00\",\"dateModified\":\"2026-04-13T07:27:24+00:00\",\"breadcrumb\":{\"@id\":\"https:\\\/\\\/lustandlove.eu\\\/et\\\/toode\\\/crazy-horse-kaerauad-sinine\\\/#breadcrumb\"},\"inLanguage\":\"et\",\"potentialAction\":[{\"@type\":\"ReadAction\",\"target\":[\"https:\\\/\\\/lustandlove.eu\\\/et\\\/toode\\\/crazy-horse-kaerauad-sinine\\\/\"]}]},{\"@type\":\"ImageObject\",\"inLanguage\":\"et\",\"@id\":\"https:\\\/\\\/lustandlove.eu\\\/et\\\/toode\\\/crazy-horse-kaerauad-sinine\\\/#primaryimage\",\"url\":\"https:\\\/\\\/lustandlove.eu\\\/wp-content\\\/uploads\\\/Cuffs-crazy-horse-blue-L.jpg\",\"contentUrl\":\"https:\\\/\\\/lustandlove.eu\\\/wp-content\\\/uploads\\\/Cuffs-crazy-horse-blue-L.jpg\",\"width\":2070,\"height\":1380},{\"@type\":\"BreadcrumbList\",\"@id\":\"https:\\\/\\\/lustandlove.eu\\\/et\\\/toode\\\/crazy-horse-kaerauad-sinine\\\/#breadcrumb\",\"itemListElement\":[{\"@type\":\"ListItem\",\"position\":1,\"name\":\"Lust and Love\",\"item\":\"https:\\\/\\\/lustandlove.eu\\\/et\\\/\"},{\"@type\":\"ListItem\",\"position\":2,\"name\":\"Pood\",\"item\":\"https:\\\/\\\/lustandlove.eu\\\/et\\\/pood\\\/\"},{\"@type\":\"ListItem\",\"position\":3,\"name\":\"BDSM\",\"item\":\"https:\\\/\\\/lustandlove.eu\\\/et\\\/pood\\\/bdsm-et\\\/\"},{\"@type\":\"ListItem\",\"position\":4,\"name\":\"Crazy Horse K\u00e4erauad Sinine\"}]},{\"@type\":\"WebSite\",\"@id\":\"https:\\\/\\\/lustandlove.eu\\\/et\\\/#website\",\"url\":\"https:\\\/\\\/lustandlove.eu\\\/et\\\/\",\"name\":\"Lust &amp; Love\",\"description\":\"Online erootikapood tervise, ilu ja armastuse jaoks\",\"publisher\":{\"@id\":\"https:\\\/\\\/lustandlove.eu\\\/et\\\/#organization\"},\"potentialAction\":[{\"@type\":\"SearchAction\",\"target\":{\"@type\":\"EntryPoint\",\"urlTemplate\":\"https:\\\/\\\/lustandlove.eu\\\/et\\\/?s={search_term_string}\"},\"query-input\":{\"@type\":\"PropertyValueSpecification\",\"valueRequired\":true,\"valueName\":\"search_term_string\"}}],\"inLanguage\":\"et\"},{\"@type\":\"Organization\",\"@id\":\"https:\\\/\\\/lustandlove.eu\\\/et\\\/#organization\",\"name\":\"Bioconcept Baltics O\u00dc\",\"url\":\"https:\\\/\\\/lustandlove.eu\\\/et\\\/\",\"logo\":{\"@type\":\"ImageObject\",\"inLanguage\":\"et\",\"@id\":\"https:\\\/\\\/lustandlove.eu\\\/et\\\/#\\\/schema\\\/logo\\\/image\\\/\",\"url\":\"\",\"contentUrl\":\"\",\"caption\":\"Bioconcept Baltics O\u00dc\"},\"image\":{\"@id\":\"https:\\\/\\\/lustandlove.eu\\\/et\\\/#\\\/schema\\\/logo\\\/image\\\/\"},\"sameAs\":[\"https:\\\/\\\/www.facebook.com\\\/LustandLoveEU\\\/\",\"https:\\\/\\\/www.instagram.com\\\/lustandloveeu\\\/\"]}]}<\/script>\n<!-- \/ Yoast SEO plugin. -->","yoast_head_json":{"title":"Crazy Horse K\u00e4erauad Sinine | Lust and Love","robots":{"index,follow,max-snippet":"index,follow,max-snippet:-1,max-image-preview:large,max-video-preview:-1"},"canonical":"https:\/\/lustandlove.eu\/et\/toode\/crazy-horse-kaerauad-sinine\/","twitter_card":"summary_large_image","twitter_title":"Crazy Horse K\u00e4erauad Sinine | Lust and Love","twitter_description":"Side siduja ja sidutava inimese vahel on ainulaadne ja lahutamatu. T\u00e4pselt nagu meie k\u00e4erauad ja konnektorid. Meie kasutatavad tehnoloogiad tagavad teile nii tugeva mulje kui ka kasutusmugavuse. Mis Whips br\u00e4nd on kokku liitnud, seda \u00e4rgu keegi lahutagu.  Kogupikkus:  S suurus: 19-23 cm L-suurus: 22-28 cm","twitter_image":"https:\/\/lustandlove.eu\/wp-content\/uploads\/Cuffs-crazy-horse-blue-L.jpg","twitter_misc":{"Est. reading time":"1 minut"},"schema":{"@context":"https:\/\/schema.org","@graph":[{"@type":["WebPage","ItemPage"],"@id":"https:\/\/lustandlove.eu\/et\/toode\/crazy-horse-kaerauad-sinine\/","url":"https:\/\/lustandlove.eu\/et\/toode\/crazy-horse-kaerauad-sinine\/","name":"Crazy Horse K\u00e4erauad Sinine | Lust and Love","isPartOf":{"@id":"https:\/\/lustandlove.eu\/et\/#website"},"primaryImageOfPage":{"@id":"https:\/\/lustandlove.eu\/et\/toode\/crazy-horse-kaerauad-sinine\/#primaryimage"},"image":{"@id":"https:\/\/lustandlove.eu\/et\/toode\/crazy-horse-kaerauad-sinine\/#primaryimage"},"thumbnailUrl":"https:\/\/lustandlove.eu\/wp-content\/uploads\/Cuffs-crazy-horse-blue-L.jpg","datePublished":"2024-01-11T10:41:51+00:00","dateModified":"2026-04-13T07:27:24+00:00","breadcrumb":{"@id":"https:\/\/lustandlove.eu\/et\/toode\/crazy-horse-kaerauad-sinine\/#breadcrumb"},"inLanguage":"et","potentialAction":[{"@type":"ReadAction","target":["https:\/\/lustandlove.eu\/et\/toode\/crazy-horse-kaerauad-sinine\/"]}]},{"@type":"ImageObject","inLanguage":"et","@id":"https:\/\/lustandlove.eu\/et\/toode\/crazy-horse-kaerauad-sinine\/#primaryimage","url":"https:\/\/lustandlove.eu\/wp-content\/uploads\/Cuffs-crazy-horse-blue-L.jpg","contentUrl":"https:\/\/lustandlove.eu\/wp-content\/uploads\/Cuffs-crazy-horse-blue-L.jpg","width":2070,"height":1380},{"@type":"BreadcrumbList","@id":"https:\/\/lustandlove.eu\/et\/toode\/crazy-horse-kaerauad-sinine\/#breadcrumb","itemListElement":[{"@type":"ListItem","position":1,"name":"Lust and Love","item":"https:\/\/lustandlove.eu\/et\/"},{"@type":"ListItem","position":2,"name":"Pood","item":"https:\/\/lustandlove.eu\/et\/pood\/"},{"@type":"ListItem","position":3,"name":"BDSM","item":"https:\/\/lustandlove.eu\/et\/pood\/bdsm-et\/"},{"@type":"ListItem","position":4,"name":"Crazy Horse K\u00e4erauad Sinine"}]},{"@type":"WebSite","@id":"https:\/\/lustandlove.eu\/et\/#website","url":"https:\/\/lustandlove.eu\/et\/","name":"Lust &amp; Love","description":"Online erootikapood tervise, ilu ja armastuse jaoks","publisher":{"@id":"https:\/\/lustandlove.eu\/et\/#organization"},"potentialAction":[{"@type":"SearchAction","target":{"@type":"EntryPoint","urlTemplate":"https:\/\/lustandlove.eu\/et\/?s={search_term_string}"},"query-input":{"@type":"PropertyValueSpecification","valueRequired":true,"valueName":"search_term_string"}}],"inLanguage":"et"},{"@type":"Organization","@id":"https:\/\/lustandlove.eu\/et\/#organization","name":"Bioconcept Baltics O\u00dc","url":"https:\/\/lustandlove.eu\/et\/","logo":{"@type":"ImageObject","inLanguage":"et","@id":"https:\/\/lustandlove.eu\/et\/#\/schema\/logo\/image\/","url":"","contentUrl":"","caption":"Bioconcept Baltics O\u00dc"},"image":{"@id":"https:\/\/lustandlove.eu\/et\/#\/schema\/logo\/image\/"},"sameAs":["https:\/\/www.facebook.com\/LustandLoveEU\/","https:\/\/www.instagram.com\/lustandloveeu\/"]}]}},"_links":{"self":[{"href":"https:\/\/lustandlove.eu\/et\/wp-json\/wp\/v2\/product\/88163","targetHints":{"allow":["GET"]}}],"collection":[{"href":"https:\/\/lustandlove.eu\/et\/wp-json\/wp\/v2\/product"}],"about":[{"href":"https:\/\/lustandlove.eu\/et\/wp-json\/wp\/v2\/types\/product"}],"wp:featuredmedia":[{"embeddable":true,"href":"https:\/\/lustandlove.eu\/et\/wp-json\/wp\/v2\/media\/88167"}],"wp:attachment":[{"href":"https:\/\/lustandlove.eu\/et\/wp-json\/wp\/v2\/media?parent=88163"}],"wp:term":[{"taxonomy":"product_brand","embeddable":true,"href":"https:\/\/lustandlove.eu\/et\/wp-json\/wp\/v2\/product_brand?post=88163"},{"taxonomy":"product_cat","embeddable":true,"href":"https:\/\/lustandlove.eu\/et\/wp-json\/wp\/v2\/product_cat?post=88163"},{"taxonomy":"product_tag","embeddable":true,"href":"https:\/\/lustandlove.eu\/et\/wp-json\/wp\/v2\/product_tag?post=88163"}],"curies":[{"name":"wp","href":"https:\/\/api.w.org\/{rel}","templated":true}]}}