{"id":88321,"date":"2024-02-02T08:41:58","date_gmt":"2024-02-02T06:41:59","guid":{"rendered":"https:\/\/www.lustandlove.eu\/?post_type=product&#038;p=88321"},"modified":"2026-04-13T10:27:23","modified_gmt":"2026-04-13T07:27:23","slug":"parfuumioli-orchid-20ml","status":"publish","type":"product","link":"https:\/\/lustandlove.eu\/et\/toode\/parfuumioli-orchid-20ml\/","title":{"rendered":"Parf\u00fc\u00fcmi\u00f5li Orchid 20ml"},"content":{"rendered":"<div class=\"wpb-content-wrapper\"><p>[vc_row][vc_column][vc_column_text woodmart_inline=&#8221;no&#8221; text_larger=&#8221;no&#8221;]Tr\u00fchvli bioloogilised osakesed oma aroomiga stimuleerivad seksuaalset iha loomulikul viisil. Oled k\u00f5igi jaoks vastupandamatu atraktsiooniga.<\/p>\n<p>Lihtne kasutamine<br \/>\nMaht: 20 ml<br \/>\nMust orhidee ja vanill<br \/>\n100% julmusevaba<br \/>\nKosmeetikatoode ainult v\u00e4lispidiseks kasutamiseks<br \/>\nNaistele<br \/>\nValmistatud Hispaanias<\/p>\n<p><strong>Koostis<\/strong>: isoprop\u00fc\u00fclm\u00fcristaat, okt\u00fc\u00fcldodekanool, parf\u00fc\u00fcm, helianthus Annuus (p\u00e4evalille) seemne\u00f5li, mugula melanosporumi ekstrakt, tokofer\u00fc\u00fclatsetaat, bens\u00fc\u00fclalkohol, bens\u00fc\u00fclsalits\u00fclaat, h\u00fcdroks\u00fctsitronellaal, limoneen, geraniool, linalool.<\/p>\n<p><strong>Kasutamine<\/strong>: kandke \u00f5liparf\u00fc\u00fcmi koos rulliga otse tavalistele nahapiirkondadele.<\/p>\n<p><strong>Ettevaatusabin\u00f5ud<\/strong>:<\/p>\n<p>-\u00c4rge segage \u00fchegi teise parf\u00fc\u00fcmi v\u00f5i odekolonniga.<br \/>\n&#8211; Kosmeetikatoode ainult v\u00e4lispidiseks kasutamiseks.<br \/>\n&#8211; Mitte kasutada \u00fclitundlikkuse v\u00f5i allergia korral m\u00f5ne koostisosa suhtes.<br \/>\n&#8211; \u00c4rrituse korral l\u00f5petage kasutamine.<br \/>\n&#8211; Mitte alla neelata.<br \/>\n&#8211; \u00c4rge kandke silma\u00fcmbrusele ega haavadele.<br \/>\n&#8211; Hoida lastele k\u00e4ttesaamatus kohas.<br \/>\n&#8211; Hoida jahedas ja kuivas kohas ning kaitsta p\u00e4ikesevalguse eest.[\/vc_column_text][\/vc_column][\/vc_row]<\/p>\n<\/div>","protected":false},"excerpt":{"rendered":"<p>Sensuaalne naiselik \u00f5liparf\u00fc\u00fcm Orchid oma loomuliku tr\u00fchvli erootilise v\u00f5luga t\u00f5stab esile teie seksuaalse atraktiivsuse, suurendab teie enesekindlust ja muudab teid teiste silmis p\u00f5nevamaks, v\u00f5rgutavamaks ja ihaldusv\u00e4\u00e4rsemaks inimeseks.<\/p>\n","protected":false},"featured_media":88327,"template":"","meta":[],"product_brand":[4239],"product_cat":[1460,1469],"product_tag":[3013,3014],"class_list":{"0":"post-88321","1":"product","2":"type-product","3":"status-publish","4":"has-post-thumbnail","6":"product_brand-secret-play-et","7":"product_cat-apteek","8":"product_cat-parfuumid","9":"product_tag-secret-play-et","10":"product_tag-secretplay-et","11":"pa_brand-secret-play-et","13":"first","14":"instock","15":"taxable","16":"shipping-taxable","17":"purchasable","18":"product-type-simple"},"yoast_head":"<!-- This site is optimized with the Yoast SEO plugin v27.3 - https:\/\/yoast.com\/product\/yoast-seo-wordpress\/ -->\n<title>Parf\u00fc\u00fcmi\u00f5li Orchid 20ml | Lust and Love<\/title>\n<meta name=\"description\" content=\"Sensuaalne naiselik \u00f5liparf\u00fc\u00fcm Orchid oma loomuliku tr\u00fchvli erootilise v\u00f5luga t\u00f5stab esile teie seksuaalse atraktiivsuse ja suurendab teie enesekindlust\" \/>\n<meta name=\"robots\" content=\"index,follow,max-snippet:-1,max-image-preview:large,max-video-preview:-1\" \/>\n<link rel=\"canonical\" href=\"https:\/\/lustandlove.eu\/et\/toode\/parfuumioli-orchid-20ml\/\" \/>\n<meta name=\"twitter:card\" content=\"summary_large_image\" \/>\n<meta name=\"twitter:title\" content=\"Parf\u00fc\u00fcmi\u00f5li Orchid 20ml | Lust and Love\" \/>\n<meta name=\"twitter:description\" content=\"Sensuaalne naiselik \u00f5liparf\u00fc\u00fcm Orchid oma loomuliku tr\u00fchvli erootilise v\u00f5luga t\u00f5stab esile teie seksuaalse atraktiivsuse ja suurendab teie enesekindlust\" \/>\n<meta name=\"twitter:image\" content=\"https:\/\/lustandlove.eu\/wp-content\/uploads\/Secret_Orchid_oil_155921.png\" \/>\n<meta name=\"twitter:label1\" content=\"Est. reading time\" \/>\n\t<meta name=\"twitter:data1\" content=\"1 minut\" \/>\n<script type=\"application\/ld+json\" class=\"yoast-schema-graph\">{\"@context\":\"https:\\\/\\\/schema.org\",\"@graph\":[{\"@type\":[\"WebPage\",\"ItemPage\"],\"@id\":\"https:\\\/\\\/lustandlove.eu\\\/et\\\/toode\\\/parfuumioli-orchid-20ml\\\/\",\"url\":\"https:\\\/\\\/lustandlove.eu\\\/et\\\/toode\\\/parfuumioli-orchid-20ml\\\/\",\"name\":\"Parf\u00fc\u00fcmi\u00f5li Orchid 20ml | Lust and Love\",\"isPartOf\":{\"@id\":\"https:\\\/\\\/lustandlove.eu\\\/et\\\/#website\"},\"primaryImageOfPage\":{\"@id\":\"https:\\\/\\\/lustandlove.eu\\\/et\\\/toode\\\/parfuumioli-orchid-20ml\\\/#primaryimage\"},\"image\":{\"@id\":\"https:\\\/\\\/lustandlove.eu\\\/et\\\/toode\\\/parfuumioli-orchid-20ml\\\/#primaryimage\"},\"thumbnailUrl\":\"https:\\\/\\\/lustandlove.eu\\\/wp-content\\\/uploads\\\/Secret_Orchid_oil_155921.png\",\"datePublished\":\"2024-02-02T06:41:59+00:00\",\"dateModified\":\"2026-04-13T07:27:23+00:00\",\"description\":\"Sensuaalne naiselik \u00f5liparf\u00fc\u00fcm Orchid oma loomuliku tr\u00fchvli erootilise v\u00f5luga t\u00f5stab esile teie seksuaalse atraktiivsuse ja suurendab teie enesekindlust\",\"breadcrumb\":{\"@id\":\"https:\\\/\\\/lustandlove.eu\\\/et\\\/toode\\\/parfuumioli-orchid-20ml\\\/#breadcrumb\"},\"inLanguage\":\"et\",\"potentialAction\":[{\"@type\":\"ReadAction\",\"target\":[\"https:\\\/\\\/lustandlove.eu\\\/et\\\/toode\\\/parfuumioli-orchid-20ml\\\/\"]}]},{\"@type\":\"ImageObject\",\"inLanguage\":\"et\",\"@id\":\"https:\\\/\\\/lustandlove.eu\\\/et\\\/toode\\\/parfuumioli-orchid-20ml\\\/#primaryimage\",\"url\":\"https:\\\/\\\/lustandlove.eu\\\/wp-content\\\/uploads\\\/Secret_Orchid_oil_155921.png\",\"contentUrl\":\"https:\\\/\\\/lustandlove.eu\\\/wp-content\\\/uploads\\\/Secret_Orchid_oil_155921.png\",\"width\":520,\"height\":540},{\"@type\":\"BreadcrumbList\",\"@id\":\"https:\\\/\\\/lustandlove.eu\\\/et\\\/toode\\\/parfuumioli-orchid-20ml\\\/#breadcrumb\",\"itemListElement\":[{\"@type\":\"ListItem\",\"position\":1,\"name\":\"Lust and Love\",\"item\":\"https:\\\/\\\/lustandlove.eu\\\/et\\\/\"},{\"@type\":\"ListItem\",\"position\":2,\"name\":\"Pood\",\"item\":\"https:\\\/\\\/lustandlove.eu\\\/et\\\/pood\\\/\"},{\"@type\":\"ListItem\",\"position\":3,\"name\":\"Libestid ja kehahooldus\",\"item\":\"https:\\\/\\\/lustandlove.eu\\\/et\\\/pood\\\/apteek\\\/\"},{\"@type\":\"ListItem\",\"position\":4,\"name\":\"Parf\u00fc\u00fcmi\u00f5li Orchid 20ml\"}]},{\"@type\":\"WebSite\",\"@id\":\"https:\\\/\\\/lustandlove.eu\\\/et\\\/#website\",\"url\":\"https:\\\/\\\/lustandlove.eu\\\/et\\\/\",\"name\":\"Lust &amp; Love\",\"description\":\"Online erootikapood tervise, ilu ja armastuse jaoks\",\"publisher\":{\"@id\":\"https:\\\/\\\/lustandlove.eu\\\/et\\\/#organization\"},\"potentialAction\":[{\"@type\":\"SearchAction\",\"target\":{\"@type\":\"EntryPoint\",\"urlTemplate\":\"https:\\\/\\\/lustandlove.eu\\\/et\\\/?s={search_term_string}\"},\"query-input\":{\"@type\":\"PropertyValueSpecification\",\"valueRequired\":true,\"valueName\":\"search_term_string\"}}],\"inLanguage\":\"et\"},{\"@type\":\"Organization\",\"@id\":\"https:\\\/\\\/lustandlove.eu\\\/et\\\/#organization\",\"name\":\"Bioconcept Baltics O\u00dc\",\"url\":\"https:\\\/\\\/lustandlove.eu\\\/et\\\/\",\"logo\":{\"@type\":\"ImageObject\",\"inLanguage\":\"et\",\"@id\":\"https:\\\/\\\/lustandlove.eu\\\/et\\\/#\\\/schema\\\/logo\\\/image\\\/\",\"url\":\"\",\"contentUrl\":\"\",\"caption\":\"Bioconcept Baltics O\u00dc\"},\"image\":{\"@id\":\"https:\\\/\\\/lustandlove.eu\\\/et\\\/#\\\/schema\\\/logo\\\/image\\\/\"},\"sameAs\":[\"https:\\\/\\\/www.facebook.com\\\/LustandLoveEU\\\/\",\"https:\\\/\\\/www.instagram.com\\\/lustandloveeu\\\/\"]}]}<\/script>\n<!-- \/ Yoast SEO plugin. -->","yoast_head_json":{"title":"Parf\u00fc\u00fcmi\u00f5li Orchid 20ml | Lust and Love","description":"Sensuaalne naiselik \u00f5liparf\u00fc\u00fcm Orchid oma loomuliku tr\u00fchvli erootilise v\u00f5luga t\u00f5stab esile teie seksuaalse atraktiivsuse ja suurendab teie enesekindlust","robots":{"index,follow,max-snippet":"index,follow,max-snippet:-1,max-image-preview:large,max-video-preview:-1"},"canonical":"https:\/\/lustandlove.eu\/et\/toode\/parfuumioli-orchid-20ml\/","twitter_card":"summary_large_image","twitter_title":"Parf\u00fc\u00fcmi\u00f5li Orchid 20ml | Lust and Love","twitter_description":"Sensuaalne naiselik \u00f5liparf\u00fc\u00fcm Orchid oma loomuliku tr\u00fchvli erootilise v\u00f5luga t\u00f5stab esile teie seksuaalse atraktiivsuse ja suurendab teie enesekindlust","twitter_image":"https:\/\/lustandlove.eu\/wp-content\/uploads\/Secret_Orchid_oil_155921.png","twitter_misc":{"Est. reading time":"1 minut"},"schema":{"@context":"https:\/\/schema.org","@graph":[{"@type":["WebPage","ItemPage"],"@id":"https:\/\/lustandlove.eu\/et\/toode\/parfuumioli-orchid-20ml\/","url":"https:\/\/lustandlove.eu\/et\/toode\/parfuumioli-orchid-20ml\/","name":"Parf\u00fc\u00fcmi\u00f5li Orchid 20ml | Lust and Love","isPartOf":{"@id":"https:\/\/lustandlove.eu\/et\/#website"},"primaryImageOfPage":{"@id":"https:\/\/lustandlove.eu\/et\/toode\/parfuumioli-orchid-20ml\/#primaryimage"},"image":{"@id":"https:\/\/lustandlove.eu\/et\/toode\/parfuumioli-orchid-20ml\/#primaryimage"},"thumbnailUrl":"https:\/\/lustandlove.eu\/wp-content\/uploads\/Secret_Orchid_oil_155921.png","datePublished":"2024-02-02T06:41:59+00:00","dateModified":"2026-04-13T07:27:23+00:00","description":"Sensuaalne naiselik \u00f5liparf\u00fc\u00fcm Orchid oma loomuliku tr\u00fchvli erootilise v\u00f5luga t\u00f5stab esile teie seksuaalse atraktiivsuse ja suurendab teie enesekindlust","breadcrumb":{"@id":"https:\/\/lustandlove.eu\/et\/toode\/parfuumioli-orchid-20ml\/#breadcrumb"},"inLanguage":"et","potentialAction":[{"@type":"ReadAction","target":["https:\/\/lustandlove.eu\/et\/toode\/parfuumioli-orchid-20ml\/"]}]},{"@type":"ImageObject","inLanguage":"et","@id":"https:\/\/lustandlove.eu\/et\/toode\/parfuumioli-orchid-20ml\/#primaryimage","url":"https:\/\/lustandlove.eu\/wp-content\/uploads\/Secret_Orchid_oil_155921.png","contentUrl":"https:\/\/lustandlove.eu\/wp-content\/uploads\/Secret_Orchid_oil_155921.png","width":520,"height":540},{"@type":"BreadcrumbList","@id":"https:\/\/lustandlove.eu\/et\/toode\/parfuumioli-orchid-20ml\/#breadcrumb","itemListElement":[{"@type":"ListItem","position":1,"name":"Lust and Love","item":"https:\/\/lustandlove.eu\/et\/"},{"@type":"ListItem","position":2,"name":"Pood","item":"https:\/\/lustandlove.eu\/et\/pood\/"},{"@type":"ListItem","position":3,"name":"Libestid ja kehahooldus","item":"https:\/\/lustandlove.eu\/et\/pood\/apteek\/"},{"@type":"ListItem","position":4,"name":"Parf\u00fc\u00fcmi\u00f5li Orchid 20ml"}]},{"@type":"WebSite","@id":"https:\/\/lustandlove.eu\/et\/#website","url":"https:\/\/lustandlove.eu\/et\/","name":"Lust &amp; Love","description":"Online erootikapood tervise, ilu ja armastuse jaoks","publisher":{"@id":"https:\/\/lustandlove.eu\/et\/#organization"},"potentialAction":[{"@type":"SearchAction","target":{"@type":"EntryPoint","urlTemplate":"https:\/\/lustandlove.eu\/et\/?s={search_term_string}"},"query-input":{"@type":"PropertyValueSpecification","valueRequired":true,"valueName":"search_term_string"}}],"inLanguage":"et"},{"@type":"Organization","@id":"https:\/\/lustandlove.eu\/et\/#organization","name":"Bioconcept Baltics O\u00dc","url":"https:\/\/lustandlove.eu\/et\/","logo":{"@type":"ImageObject","inLanguage":"et","@id":"https:\/\/lustandlove.eu\/et\/#\/schema\/logo\/image\/","url":"","contentUrl":"","caption":"Bioconcept Baltics O\u00dc"},"image":{"@id":"https:\/\/lustandlove.eu\/et\/#\/schema\/logo\/image\/"},"sameAs":["https:\/\/www.facebook.com\/LustandLoveEU\/","https:\/\/www.instagram.com\/lustandloveeu\/"]}]}},"_links":{"self":[{"href":"https:\/\/lustandlove.eu\/et\/wp-json\/wp\/v2\/product\/88321","targetHints":{"allow":["GET"]}}],"collection":[{"href":"https:\/\/lustandlove.eu\/et\/wp-json\/wp\/v2\/product"}],"about":[{"href":"https:\/\/lustandlove.eu\/et\/wp-json\/wp\/v2\/types\/product"}],"wp:featuredmedia":[{"embeddable":true,"href":"https:\/\/lustandlove.eu\/et\/wp-json\/wp\/v2\/media\/88327"}],"wp:attachment":[{"href":"https:\/\/lustandlove.eu\/et\/wp-json\/wp\/v2\/media?parent=88321"}],"wp:term":[{"taxonomy":"product_brand","embeddable":true,"href":"https:\/\/lustandlove.eu\/et\/wp-json\/wp\/v2\/product_brand?post=88321"},{"taxonomy":"product_cat","embeddable":true,"href":"https:\/\/lustandlove.eu\/et\/wp-json\/wp\/v2\/product_cat?post=88321"},{"taxonomy":"product_tag","embeddable":true,"href":"https:\/\/lustandlove.eu\/et\/wp-json\/wp\/v2\/product_tag?post=88321"}],"curies":[{"name":"wp","href":"https:\/\/api.w.org\/{rel}","templated":true}]}}