{"id":88333,"date":"2024-02-02T08:51:11","date_gmt":"2024-02-02T06:51:11","guid":{"rendered":"https:\/\/www.lustandlove.eu\/?post_type=product&#038;p=88333"},"modified":"2026-04-13T10:27:23","modified_gmt":"2026-04-13T07:27:23","slug":"liberte-sensuaalne-intiimoli","status":"publish","type":"product","link":"https:\/\/lustandlove.eu\/et\/toode\/liberte-sensuaalne-intiimoli\/","title":{"rendered":"Liberte &#8211; Sensuaalne intiim\u00f5li"},"content":{"rendered":"<div class=\"wpb-content-wrapper\"><p>[vc_row][vc_column][vc_column_text woodmart_inline=&#8221;no&#8221; text_larger=&#8221;no&#8221;]See on t\u00e4iuslik kombinatsioon taimsetest koostisosadest (jojoba, \u00f5htune priimula, saialill, nisuidu, E-vitamiin) ja Ylang Ylangi eeterlikest \u00f5lidest, mis oma afrodisiaakumi aroomiga toimib loodusliku deodorandina.<\/p>\n<p>Niisutab ja m\u00e4\u00e4rib, pakkudes intiimpiirkonnale pehmust, elastsust, siledust, rahulolu ja heaolutunnet.<\/p>\n<p><strong>Koostis:<\/strong><\/p>\n<p>Jojoba: Oleme kasutanud seda toote alusena, kuna see ei oks\u00fcdeeru kergesti ega omanda halba l\u00f5hna. Tuntud oma mitmek\u00fclgse kasutuse ja nahale kasulike omaduste poolest. Tuntud kui looduslik vedel kuld. Selle omadused on: pehmendav, niisutav, antioks\u00fcdant ja rahustav. See loob nahale kaitsva pH barj\u00e4\u00e4ri ja v\u00e4hendab t\u00e4nu keramiididele niiskuskadu. Lisaks suurendab see naha elastsust ning hoiab \u00e4ra l\u00f5tvumise ja venitusarmide tekke.<\/p>\n<p>\u00d5htune priimula: rikas pol\u00fck\u00fcllastumata asendamatute rasvhapete poolest, mis kuuluvad Omega 6 r\u00fchma. Sellel on k\u00f5rge antioks\u00fcdantide kontsentratsioon, mis elustab naharakke ja annab sellele v\u00e4rske ja terve v\u00e4limuse. See leevendab ekseemi, psoriaasi ja rosaatsea, aidates leevendada s\u00fcgelevat nahka.<\/p>\n<p>Saialill: \u00fcks enim n\u00e4idustatud taimi dermatoloogiliste seisundite leevendamiseks t\u00e4nu oma m\u00e4rkimisv\u00e4\u00e4rsele p\u00f5letikuvastasele, antiseptilisele, viirusevastasele, antibakteriaalsele, spasmol\u00fc\u00fctilisele, emmenagoogilisele, kolereetilisele, antihemorraagilisele ja tsirkuleerivale toimele. See aitab kaasa kahjustatud ja eriti tundliku v\u00f5i allergilise naha taastumisele.<\/p>\n<p>Nisuidud: M\u00e4rkimisv\u00e4\u00e4rne E-vitamiini suure panuse poolest, kuna see on v\u00e4ga v\u00f5imas looduslik antioks\u00fcdant<\/p>\n<p>Ylang ylang: l\u00f5\u00f5gastavad ja stimuleerivad omadused. \u00dchelt poolt aitab see l\u00f5\u00f5gastuda, teisalt aga selle l\u00e4bitungiv ja magus aroom parandab tuju ja aitab tekitada positiivseid tundeid. See on ka eeterlik \u00f5li, mis on tuntud oma afrodisiaakumi m\u00f5ju poolest. Seda on selle omap\u00e4rasuse jaoks sajandeid kasutatud Aasias, Tahitil ja Indias. Ylang ylangi eeterlik \u00f5li on hea tuju, eufooria ja heaolu \u00f5li. Indoneesias asetatakse selle lilled pulma\u00f6\u00f6l pruutpaari voodile, kuna arvatakse, et sellel on suur afrodisiaakumiv\u00f5ime.<\/p>\n<p>Tr\u00fchvli ekstrakt: tr\u00fchvel eritab rohkem kui sada lenduvat \u00fchendit. \u00dcks neist on andostrenool, \u00fcks inimeste poolt eralduvatest feromoonidest, mist\u00f5ttu tr\u00fchvlile omistatakse afrodisiaakumilist toimet.<\/p>\n<p>&#8220;\u00f5hutu&#8221; pudeli doseerimiss\u00fcsteem<br \/>\nMaht: 50 ml<br \/>\nSobib veganitele<br \/>\nJulmusevaba<br \/>\n100% looduslik<br \/>\nValmistatud Hispaanias<\/p>\n<p><strong>Kasutamine<\/strong>: kandke v\u00e4ike kogus intiimsele piirkonnale. Sobib igale naisele. Seda v\u00f5ib manustada mitu korda p\u00e4evas ja vajadusel annust suurendada. Soovitame seda kasutada enne ja p\u00e4rast seksi.<\/p>\n<p>Ettevaatusabin\u00f5ud:<\/p>\n<p>&#8211; Kosmeetikatoode ainult v\u00e4lispidiseks kasutamiseks.<br \/>\n&#8211; Mitte kasutada \u00fclitundlikkuse v\u00f5i allergia korral m\u00f5ne koostisosa suhtes.<br \/>\n&#8211; \u00c4rrituse korral l\u00f5petage kasutamine.<br \/>\n&#8211; \u00c4rge kandke silma\u00fcmbrusele ega haavadele.<br \/>\n&#8211; Mitte alla neelata.<br \/>\n-Hoida lastele k\u00e4ttesaamatus kohas.<br \/>\n&#8211; Hoida jahedas ja kuivas kohas ning kaitsta p\u00e4ikesevalguse eest.<\/p>\n<p>Koostis: Simmondsia Chinensis (jojoba) seemne\u00f5li, Triticum Vulgare idu\u00f5li, parf\u00fc\u00fcm, Cananga Odorata lille\u00f5li, tokofer\u00fc\u00fclatsetaat, Oenothera Biennis (\u00f5htupriimula) seemne\u00f5li, Olea Europaea (oliiv) puuvilja\u00f5li, SeeSunflower, Annuuser Calendula Officinalis&#8217;e lilleekstrakt, mugula melanosporumi ekstrakt, bens\u00fc\u00fclsalits\u00fclaat, heks\u00fc\u00fclkannamal, linalool, h\u00fcdroks\u00fctsitronellaal, kuomariin, eugenool, bens\u00fc\u00fclbensoaat, farnesool[\/vc_column_text][\/vc_column][\/vc_row]<\/p>\n<\/div>","protected":false},"excerpt":{"rendered":"<p>Libert\u00e9 on naiste intiimne niisutaja, mis aitab parandada seksuaalset iha ja intiimsuhteid, muutes need meeldivamaks.<\/p>\n","protected":false},"featured_media":88337,"template":"","meta":[],"product_brand":[4239],"product_cat":[1464,1460],"product_tag":[3013,3014],"class_list":{"0":"post-88333","1":"product","2":"type-product","3":"status-publish","4":"has-post-thumbnail","6":"product_brand-secret-play-et","7":"product_cat-erutavad-geelid","8":"product_cat-apteek","9":"product_tag-secret-play-et","10":"product_tag-secretplay-et","11":"pa_brand-secret-play-et","13":"first","14":"outofstock","15":"sale","16":"taxable","17":"shipping-taxable","18":"purchasable","19":"product-type-simple"},"yoast_head":"<!-- This site is optimized with the Yoast SEO plugin v27.4 - https:\/\/yoast.com\/product\/yoast-seo-wordpress\/ -->\n<title>Liberte - Sensuaalne intiim\u00f5li | Lust and Love<\/title>\n<meta name=\"description\" content=\"Libert\u00e9 on naiste intiimne niisutaja, mis aitab parandada seksuaalset iha ja intiimsuhteid, muutes need meeldivamaks.\" \/>\n<meta name=\"robots\" content=\"index,follow,max-snippet:-1,max-image-preview:large,max-video-preview:-1\" \/>\n<link rel=\"canonical\" href=\"https:\/\/lustandlove.eu\/et\/toode\/liberte-sensuaalne-intiimoli\/\" \/>\n<script type=\"application\/ld+json\" class=\"yoast-schema-graph\">{\"@context\":\"https:\\\/\\\/schema.org\",\"@graph\":[{\"@type\":[\"WebPage\",\"ItemPage\"],\"@id\":\"https:\\\/\\\/lustandlove.eu\\\/et\\\/toode\\\/liberte-sensuaalne-intiimoli\\\/\",\"url\":\"https:\\\/\\\/lustandlove.eu\\\/et\\\/toode\\\/liberte-sensuaalne-intiimoli\\\/\",\"name\":\"Liberte - Sensuaalne intiim\u00f5li | Lust and Love\",\"isPartOf\":{\"@id\":\"https:\\\/\\\/lustandlove.eu\\\/et\\\/#website\"},\"primaryImageOfPage\":{\"@id\":\"https:\\\/\\\/lustandlove.eu\\\/et\\\/toode\\\/liberte-sensuaalne-intiimoli\\\/#primaryimage\"},\"image\":{\"@id\":\"https:\\\/\\\/lustandlove.eu\\\/et\\\/toode\\\/liberte-sensuaalne-intiimoli\\\/#primaryimage\"},\"thumbnailUrl\":\"https:\\\/\\\/lustandlove.eu\\\/wp-content\\\/uploads\\\/intimate_oil_132204.jpg\",\"datePublished\":\"2024-02-02T06:51:11+00:00\",\"dateModified\":\"2026-04-13T07:27:23+00:00\",\"description\":\"Libert\u00e9 on naiste intiimne niisutaja, mis aitab parandada seksuaalset iha ja intiimsuhteid, muutes need meeldivamaks.\",\"breadcrumb\":{\"@id\":\"https:\\\/\\\/lustandlove.eu\\\/et\\\/toode\\\/liberte-sensuaalne-intiimoli\\\/#breadcrumb\"},\"inLanguage\":\"et\",\"potentialAction\":[{\"@type\":\"ReadAction\",\"target\":[\"https:\\\/\\\/lustandlove.eu\\\/et\\\/toode\\\/liberte-sensuaalne-intiimoli\\\/\"]}]},{\"@type\":\"ImageObject\",\"inLanguage\":\"et\",\"@id\":\"https:\\\/\\\/lustandlove.eu\\\/et\\\/toode\\\/liberte-sensuaalne-intiimoli\\\/#primaryimage\",\"url\":\"https:\\\/\\\/lustandlove.eu\\\/wp-content\\\/uploads\\\/intimate_oil_132204.jpg\",\"contentUrl\":\"https:\\\/\\\/lustandlove.eu\\\/wp-content\\\/uploads\\\/intimate_oil_132204.jpg\",\"width\":811,\"height\":813},{\"@type\":\"BreadcrumbList\",\"@id\":\"https:\\\/\\\/lustandlove.eu\\\/et\\\/toode\\\/liberte-sensuaalne-intiimoli\\\/#breadcrumb\",\"itemListElement\":[{\"@type\":\"ListItem\",\"position\":1,\"name\":\"Lust and Love\",\"item\":\"https:\\\/\\\/lustandlove.eu\\\/et\\\/\"},{\"@type\":\"ListItem\",\"position\":2,\"name\":\"Pood\",\"item\":\"https:\\\/\\\/lustandlove.eu\\\/et\\\/pood\\\/\"},{\"@type\":\"ListItem\",\"position\":3,\"name\":\"Libestid ja kehahooldus\",\"item\":\"https:\\\/\\\/lustandlove.eu\\\/et\\\/pood\\\/apteek\\\/\"},{\"@type\":\"ListItem\",\"position\":4,\"name\":\"Liberte &#8211; Sensuaalne intiim\u00f5li\"}]},{\"@type\":\"WebSite\",\"@id\":\"https:\\\/\\\/lustandlove.eu\\\/et\\\/#website\",\"url\":\"https:\\\/\\\/lustandlove.eu\\\/et\\\/\",\"name\":\"Lust & Love\",\"description\":\"Online erootikapood tervise, ilu ja armastuse jaoks\",\"publisher\":{\"@id\":\"https:\\\/\\\/lustandlove.eu\\\/et\\\/#organization\"},\"potentialAction\":[{\"@type\":\"SearchAction\",\"target\":{\"@type\":\"EntryPoint\",\"urlTemplate\":\"https:\\\/\\\/lustandlove.eu\\\/et\\\/?s={search_term_string}\"},\"query-input\":{\"@type\":\"PropertyValueSpecification\",\"valueRequired\":true,\"valueName\":\"search_term_string\"}}],\"inLanguage\":\"et\"},{\"@type\":\"Organization\",\"@id\":\"https:\\\/\\\/lustandlove.eu\\\/et\\\/#organization\",\"name\":\"Bioconcept Baltics O\u00dc\",\"url\":\"https:\\\/\\\/lustandlove.eu\\\/et\\\/\",\"logo\":{\"@type\":\"ImageObject\",\"inLanguage\":\"et\",\"@id\":\"https:\\\/\\\/lustandlove.eu\\\/et\\\/#\\\/schema\\\/logo\\\/image\\\/\",\"url\":\"https:\\\/\\\/lustandlove.eu\\\/wp-content\\\/uploads\\\/logo-full-2.png\",\"contentUrl\":\"https:\\\/\\\/lustandlove.eu\\\/wp-content\\\/uploads\\\/logo-full-2.png\",\"width\":837,\"height\":200,\"caption\":\"Bioconcept Baltics O\u00dc\"},\"image\":{\"@id\":\"https:\\\/\\\/lustandlove.eu\\\/et\\\/#\\\/schema\\\/logo\\\/image\\\/\"},\"sameAs\":[\"https:\\\/\\\/www.facebook.com\\\/LustandLoveEU\\\/\",\"https:\\\/\\\/www.instagram.com\\\/lustandloveeu\\\/\"]}]}<\/script>\n<!-- \/ Yoast SEO plugin. -->","yoast_head_json":{"title":"Liberte - Sensuaalne intiim\u00f5li | Lust and Love","description":"Libert\u00e9 on naiste intiimne niisutaja, mis aitab parandada seksuaalset iha ja intiimsuhteid, muutes need meeldivamaks.","robots":{"index,follow,max-snippet":"index,follow,max-snippet:-1,max-image-preview:large,max-video-preview:-1"},"canonical":"https:\/\/lustandlove.eu\/et\/toode\/liberte-sensuaalne-intiimoli\/","schema":{"@context":"https:\/\/schema.org","@graph":[{"@type":["WebPage","ItemPage"],"@id":"https:\/\/lustandlove.eu\/et\/toode\/liberte-sensuaalne-intiimoli\/","url":"https:\/\/lustandlove.eu\/et\/toode\/liberte-sensuaalne-intiimoli\/","name":"Liberte - Sensuaalne intiim\u00f5li | Lust and Love","isPartOf":{"@id":"https:\/\/lustandlove.eu\/et\/#website"},"primaryImageOfPage":{"@id":"https:\/\/lustandlove.eu\/et\/toode\/liberte-sensuaalne-intiimoli\/#primaryimage"},"image":{"@id":"https:\/\/lustandlove.eu\/et\/toode\/liberte-sensuaalne-intiimoli\/#primaryimage"},"thumbnailUrl":"https:\/\/lustandlove.eu\/wp-content\/uploads\/intimate_oil_132204.jpg","datePublished":"2024-02-02T06:51:11+00:00","dateModified":"2026-04-13T07:27:23+00:00","description":"Libert\u00e9 on naiste intiimne niisutaja, mis aitab parandada seksuaalset iha ja intiimsuhteid, muutes need meeldivamaks.","breadcrumb":{"@id":"https:\/\/lustandlove.eu\/et\/toode\/liberte-sensuaalne-intiimoli\/#breadcrumb"},"inLanguage":"et","potentialAction":[{"@type":"ReadAction","target":["https:\/\/lustandlove.eu\/et\/toode\/liberte-sensuaalne-intiimoli\/"]}]},{"@type":"ImageObject","inLanguage":"et","@id":"https:\/\/lustandlove.eu\/et\/toode\/liberte-sensuaalne-intiimoli\/#primaryimage","url":"https:\/\/lustandlove.eu\/wp-content\/uploads\/intimate_oil_132204.jpg","contentUrl":"https:\/\/lustandlove.eu\/wp-content\/uploads\/intimate_oil_132204.jpg","width":811,"height":813},{"@type":"BreadcrumbList","@id":"https:\/\/lustandlove.eu\/et\/toode\/liberte-sensuaalne-intiimoli\/#breadcrumb","itemListElement":[{"@type":"ListItem","position":1,"name":"Lust and Love","item":"https:\/\/lustandlove.eu\/et\/"},{"@type":"ListItem","position":2,"name":"Pood","item":"https:\/\/lustandlove.eu\/et\/pood\/"},{"@type":"ListItem","position":3,"name":"Libestid ja kehahooldus","item":"https:\/\/lustandlove.eu\/et\/pood\/apteek\/"},{"@type":"ListItem","position":4,"name":"Liberte &#8211; Sensuaalne intiim\u00f5li"}]},{"@type":"WebSite","@id":"https:\/\/lustandlove.eu\/et\/#website","url":"https:\/\/lustandlove.eu\/et\/","name":"Lust & Love","description":"Online erootikapood tervise, ilu ja armastuse jaoks","publisher":{"@id":"https:\/\/lustandlove.eu\/et\/#organization"},"potentialAction":[{"@type":"SearchAction","target":{"@type":"EntryPoint","urlTemplate":"https:\/\/lustandlove.eu\/et\/?s={search_term_string}"},"query-input":{"@type":"PropertyValueSpecification","valueRequired":true,"valueName":"search_term_string"}}],"inLanguage":"et"},{"@type":"Organization","@id":"https:\/\/lustandlove.eu\/et\/#organization","name":"Bioconcept Baltics O\u00dc","url":"https:\/\/lustandlove.eu\/et\/","logo":{"@type":"ImageObject","inLanguage":"et","@id":"https:\/\/lustandlove.eu\/et\/#\/schema\/logo\/image\/","url":"https:\/\/lustandlove.eu\/wp-content\/uploads\/logo-full-2.png","contentUrl":"https:\/\/lustandlove.eu\/wp-content\/uploads\/logo-full-2.png","width":837,"height":200,"caption":"Bioconcept Baltics O\u00dc"},"image":{"@id":"https:\/\/lustandlove.eu\/et\/#\/schema\/logo\/image\/"},"sameAs":["https:\/\/www.facebook.com\/LustandLoveEU\/","https:\/\/www.instagram.com\/lustandloveeu\/"]}]}},"_links":{"self":[{"href":"https:\/\/lustandlove.eu\/et\/wp-json\/wp\/v2\/product\/88333","targetHints":{"allow":["GET"]}}],"collection":[{"href":"https:\/\/lustandlove.eu\/et\/wp-json\/wp\/v2\/product"}],"about":[{"href":"https:\/\/lustandlove.eu\/et\/wp-json\/wp\/v2\/types\/product"}],"wp:featuredmedia":[{"embeddable":true,"href":"https:\/\/lustandlove.eu\/et\/wp-json\/wp\/v2\/media\/88337"}],"wp:attachment":[{"href":"https:\/\/lustandlove.eu\/et\/wp-json\/wp\/v2\/media?parent=88333"}],"wp:term":[{"taxonomy":"product_brand","embeddable":true,"href":"https:\/\/lustandlove.eu\/et\/wp-json\/wp\/v2\/product_brand?post=88333"},{"taxonomy":"product_cat","embeddable":true,"href":"https:\/\/lustandlove.eu\/et\/wp-json\/wp\/v2\/product_cat?post=88333"},{"taxonomy":"product_tag","embeddable":true,"href":"https:\/\/lustandlove.eu\/et\/wp-json\/wp\/v2\/product_tag?post=88333"}],"curies":[{"name":"wp","href":"https:\/\/api.w.org\/{rel}","templated":true}]}}