{"id":88351,"date":"2024-02-02T10:03:44","date_gmt":"2024-02-02T08:03:45","guid":{"rendered":"https:\/\/www.lustandlove.eu\/?post_type=product&#038;p=88351"},"modified":"2026-04-13T10:27:21","modified_gmt":"2026-04-13T07:27:21","slug":"emojibator-banana-usb","status":"publish","type":"product","link":"https:\/\/lustandlove.eu\/et\/toode\/emojibator-banana-usb\/","title":{"rendered":"Emojibator Banana USB"},"content":{"rendered":"<p>See on bananas. B-A-N-A-N-A-S. Kui sa otsid rohkem k\u00e4ed-k\u00fcljes seksuaalseid teadmisi, siis on Emojibator vibraator \u00f5ige valik. Inspireeritud banaani emojist, on sellel imelisel m\u00e4nguasjal 10 vibratsioonimustrit, mis on t\u00e4nu veekindlale disainile du\u0161i all m\u00e4ngimiseks ohutud. Tee seda Gwen Stefani nimel.<\/p>\n<p>10 vibratsiooniseadet, mis tabavad alati t\u00e4pselt eesm\u00e4rki<br \/>\nTervislik portsjon D-vitamiini<br \/>\nUSB laetav<br \/>\nVeekindel vannis ja du\u0161i all m\u00e4ngimiseks<br \/>\nMeditsiiniline, kehale ohutu silikoon<br \/>\nM\u00f5\u00f5dud: 11,68 cm * 3,1 cm (4,60 x 1,22 tolli)<\/p>\n","protected":false},"excerpt":{"rendered":"<p>Emojibator vibraator, mis n\u00e4eb v\u00e4lja nagu banaani emoji. Lelu on tehtud k\u00f5rg-kvaliteetsest, meditsiinilisel-tasemel silikonist. See on lihtsalt B-A-N-A-N-A-S!<\/p>\n","protected":false},"featured_media":44956,"template":"","meta":[],"product_brand":[4140],"product_cat":[1484,1488],"product_tag":[1543,4104],"class_list":{"0":"post-88351","1":"product","2":"type-product","3":"status-publish","4":"has-post-thumbnail","6":"product_brand-emojibator-et","7":"product_cat-sekslelud","8":"product_cat-vibraatorid","9":"product_tag-vibraator","10":"product_tag-waterproof-et","11":"pa_brand-emojibator-et","13":"first","14":"instock","15":"taxable","16":"shipping-taxable","17":"purchasable","18":"product-type-simple"},"yoast_head":"<!-- This site is optimized with the Yoast SEO plugin v27.3 - https:\/\/yoast.com\/product\/yoast-seo-wordpress\/ -->\n<title>Emojibator Banana USB Vibrator 29.00\u20ac | Lust and Love<\/title>\n<meta name=\"description\" content=\"Emojibator vibraator, mis n\u00e4eb v\u00e4lja nagu banaani emoji. Lelu on tehtud k\u00f5rg-kvaliteetsest, meditsiinilisel-tasemel silikonist. See on lihtsalt B-A-N-A-N-A-S!\" \/>\n<meta name=\"robots\" content=\"index,follow,max-snippet:-1,max-image-preview:large,max-video-preview:-1\" \/>\n<link rel=\"canonical\" href=\"https:\/\/lustandlove.eu\/et\/toode\/emojibator-banana-usb\/\" \/>\n<meta name=\"twitter:card\" content=\"summary_large_image\" \/>\n<meta name=\"twitter:title\" content=\"Emojibator Banana USB Vibrator 29.00\u20ac | Lust and Love\" \/>\n<meta name=\"twitter:description\" content=\"Emojibator vibraator, mis n\u00e4eb v\u00e4lja nagu banaani emoji. Lelu on tehtud k\u00f5rg-kvaliteetsest, meditsiinilisel-tasemel silikonist. See on lihtsalt B-A-N-A-N-A-S!\" \/>\n<meta name=\"twitter:image\" content=\"https:\/\/lustandlove.eu\/wp-content\/uploads\/BananaEmojibator-RosieSimmons-2020-4_800x.jpg\" \/>\n<meta name=\"twitter:label1\" content=\"Est. reading time\" \/>\n\t<meta name=\"twitter:data1\" content=\"2 minutit\" \/>\n<script type=\"application\/ld+json\" class=\"yoast-schema-graph\">{\"@context\":\"https:\\\/\\\/schema.org\",\"@graph\":[{\"@type\":[\"WebPage\",\"ItemPage\"],\"@id\":\"https:\\\/\\\/lustandlove.eu\\\/et\\\/toode\\\/emojibator-banana-usb\\\/\",\"url\":\"https:\\\/\\\/lustandlove.eu\\\/et\\\/toode\\\/emojibator-banana-usb\\\/\",\"name\":\"Emojibator Banana USB Vibrator 29.00\u20ac | Lust and Love\",\"isPartOf\":{\"@id\":\"https:\\\/\\\/lustandlove.eu\\\/et\\\/#website\"},\"primaryImageOfPage\":{\"@id\":\"https:\\\/\\\/lustandlove.eu\\\/et\\\/toode\\\/emojibator-banana-usb\\\/#primaryimage\"},\"image\":{\"@id\":\"https:\\\/\\\/lustandlove.eu\\\/et\\\/toode\\\/emojibator-banana-usb\\\/#primaryimage\"},\"thumbnailUrl\":\"https:\\\/\\\/lustandlove.eu\\\/wp-content\\\/uploads\\\/BananaEmojibator-RosieSimmons-2020-4_800x.jpg\",\"datePublished\":\"2024-02-02T08:03:45+00:00\",\"dateModified\":\"2026-04-13T07:27:21+00:00\",\"description\":\"Emojibator vibraator, mis n\u00e4eb v\u00e4lja nagu banaani emoji. Lelu on tehtud k\u00f5rg-kvaliteetsest, meditsiinilisel-tasemel silikonist. See on lihtsalt B-A-N-A-N-A-S!\",\"breadcrumb\":{\"@id\":\"https:\\\/\\\/lustandlove.eu\\\/et\\\/toode\\\/emojibator-banana-usb\\\/#breadcrumb\"},\"inLanguage\":\"et\",\"potentialAction\":[{\"@type\":\"ReadAction\",\"target\":[\"https:\\\/\\\/lustandlove.eu\\\/et\\\/toode\\\/emojibator-banana-usb\\\/\"]}]},{\"@type\":\"ImageObject\",\"inLanguage\":\"et\",\"@id\":\"https:\\\/\\\/lustandlove.eu\\\/et\\\/toode\\\/emojibator-banana-usb\\\/#primaryimage\",\"url\":\"https:\\\/\\\/lustandlove.eu\\\/wp-content\\\/uploads\\\/BananaEmojibator-RosieSimmons-2020-4_800x.jpg\",\"contentUrl\":\"https:\\\/\\\/lustandlove.eu\\\/wp-content\\\/uploads\\\/BananaEmojibator-RosieSimmons-2020-4_800x.jpg\",\"width\":800,\"height\":800},{\"@type\":\"BreadcrumbList\",\"@id\":\"https:\\\/\\\/lustandlove.eu\\\/et\\\/toode\\\/emojibator-banana-usb\\\/#breadcrumb\",\"itemListElement\":[{\"@type\":\"ListItem\",\"position\":1,\"name\":\"Lust and Love\",\"item\":\"https:\\\/\\\/lustandlove.eu\\\/et\\\/\"},{\"@type\":\"ListItem\",\"position\":2,\"name\":\"Pood\",\"item\":\"https:\\\/\\\/lustandlove.eu\\\/et\\\/pood\\\/\"},{\"@type\":\"ListItem\",\"position\":3,\"name\":\"Sekslelud\",\"item\":\"https:\\\/\\\/lustandlove.eu\\\/et\\\/pood\\\/sekslelud\\\/\"},{\"@type\":\"ListItem\",\"position\":4,\"name\":\"Vibraatorid\",\"item\":\"https:\\\/\\\/lustandlove.eu\\\/et\\\/pood\\\/sekslelud\\\/vibraatorid\\\/\"},{\"@type\":\"ListItem\",\"position\":5,\"name\":\"Emojibator Banana USB\"}]},{\"@type\":\"WebSite\",\"@id\":\"https:\\\/\\\/lustandlove.eu\\\/et\\\/#website\",\"url\":\"https:\\\/\\\/lustandlove.eu\\\/et\\\/\",\"name\":\"Lust &amp; Love\",\"description\":\"Online erootikapood tervise, ilu ja armastuse jaoks\",\"publisher\":{\"@id\":\"https:\\\/\\\/lustandlove.eu\\\/et\\\/#organization\"},\"potentialAction\":[{\"@type\":\"SearchAction\",\"target\":{\"@type\":\"EntryPoint\",\"urlTemplate\":\"https:\\\/\\\/lustandlove.eu\\\/et\\\/?s={search_term_string}\"},\"query-input\":{\"@type\":\"PropertyValueSpecification\",\"valueRequired\":true,\"valueName\":\"search_term_string\"}}],\"inLanguage\":\"et\"},{\"@type\":\"Organization\",\"@id\":\"https:\\\/\\\/lustandlove.eu\\\/et\\\/#organization\",\"name\":\"Bioconcept Baltics O\u00dc\",\"url\":\"https:\\\/\\\/lustandlove.eu\\\/et\\\/\",\"logo\":{\"@type\":\"ImageObject\",\"inLanguage\":\"et\",\"@id\":\"https:\\\/\\\/lustandlove.eu\\\/et\\\/#\\\/schema\\\/logo\\\/image\\\/\",\"url\":\"\",\"contentUrl\":\"\",\"caption\":\"Bioconcept Baltics O\u00dc\"},\"image\":{\"@id\":\"https:\\\/\\\/lustandlove.eu\\\/et\\\/#\\\/schema\\\/logo\\\/image\\\/\"},\"sameAs\":[\"https:\\\/\\\/www.facebook.com\\\/LustandLoveEU\\\/\",\"https:\\\/\\\/www.instagram.com\\\/lustandloveeu\\\/\"]}]}<\/script>\n<!-- \/ Yoast SEO plugin. -->","yoast_head_json":{"title":"Emojibator Banana USB Vibrator 29.00\u20ac | Lust and Love","description":"Emojibator vibraator, mis n\u00e4eb v\u00e4lja nagu banaani emoji. Lelu on tehtud k\u00f5rg-kvaliteetsest, meditsiinilisel-tasemel silikonist. See on lihtsalt B-A-N-A-N-A-S!","robots":{"index,follow,max-snippet":"index,follow,max-snippet:-1,max-image-preview:large,max-video-preview:-1"},"canonical":"https:\/\/lustandlove.eu\/et\/toode\/emojibator-banana-usb\/","twitter_card":"summary_large_image","twitter_title":"Emojibator Banana USB Vibrator 29.00\u20ac | Lust and Love","twitter_description":"Emojibator vibraator, mis n\u00e4eb v\u00e4lja nagu banaani emoji. Lelu on tehtud k\u00f5rg-kvaliteetsest, meditsiinilisel-tasemel silikonist. See on lihtsalt B-A-N-A-N-A-S!","twitter_image":"https:\/\/lustandlove.eu\/wp-content\/uploads\/BananaEmojibator-RosieSimmons-2020-4_800x.jpg","twitter_misc":{"Est. reading time":"2 minutit"},"schema":{"@context":"https:\/\/schema.org","@graph":[{"@type":["WebPage","ItemPage"],"@id":"https:\/\/lustandlove.eu\/et\/toode\/emojibator-banana-usb\/","url":"https:\/\/lustandlove.eu\/et\/toode\/emojibator-banana-usb\/","name":"Emojibator Banana USB Vibrator 29.00\u20ac | Lust and Love","isPartOf":{"@id":"https:\/\/lustandlove.eu\/et\/#website"},"primaryImageOfPage":{"@id":"https:\/\/lustandlove.eu\/et\/toode\/emojibator-banana-usb\/#primaryimage"},"image":{"@id":"https:\/\/lustandlove.eu\/et\/toode\/emojibator-banana-usb\/#primaryimage"},"thumbnailUrl":"https:\/\/lustandlove.eu\/wp-content\/uploads\/BananaEmojibator-RosieSimmons-2020-4_800x.jpg","datePublished":"2024-02-02T08:03:45+00:00","dateModified":"2026-04-13T07:27:21+00:00","description":"Emojibator vibraator, mis n\u00e4eb v\u00e4lja nagu banaani emoji. Lelu on tehtud k\u00f5rg-kvaliteetsest, meditsiinilisel-tasemel silikonist. See on lihtsalt B-A-N-A-N-A-S!","breadcrumb":{"@id":"https:\/\/lustandlove.eu\/et\/toode\/emojibator-banana-usb\/#breadcrumb"},"inLanguage":"et","potentialAction":[{"@type":"ReadAction","target":["https:\/\/lustandlove.eu\/et\/toode\/emojibator-banana-usb\/"]}]},{"@type":"ImageObject","inLanguage":"et","@id":"https:\/\/lustandlove.eu\/et\/toode\/emojibator-banana-usb\/#primaryimage","url":"https:\/\/lustandlove.eu\/wp-content\/uploads\/BananaEmojibator-RosieSimmons-2020-4_800x.jpg","contentUrl":"https:\/\/lustandlove.eu\/wp-content\/uploads\/BananaEmojibator-RosieSimmons-2020-4_800x.jpg","width":800,"height":800},{"@type":"BreadcrumbList","@id":"https:\/\/lustandlove.eu\/et\/toode\/emojibator-banana-usb\/#breadcrumb","itemListElement":[{"@type":"ListItem","position":1,"name":"Lust and Love","item":"https:\/\/lustandlove.eu\/et\/"},{"@type":"ListItem","position":2,"name":"Pood","item":"https:\/\/lustandlove.eu\/et\/pood\/"},{"@type":"ListItem","position":3,"name":"Sekslelud","item":"https:\/\/lustandlove.eu\/et\/pood\/sekslelud\/"},{"@type":"ListItem","position":4,"name":"Vibraatorid","item":"https:\/\/lustandlove.eu\/et\/pood\/sekslelud\/vibraatorid\/"},{"@type":"ListItem","position":5,"name":"Emojibator Banana USB"}]},{"@type":"WebSite","@id":"https:\/\/lustandlove.eu\/et\/#website","url":"https:\/\/lustandlove.eu\/et\/","name":"Lust &amp; Love","description":"Online erootikapood tervise, ilu ja armastuse jaoks","publisher":{"@id":"https:\/\/lustandlove.eu\/et\/#organization"},"potentialAction":[{"@type":"SearchAction","target":{"@type":"EntryPoint","urlTemplate":"https:\/\/lustandlove.eu\/et\/?s={search_term_string}"},"query-input":{"@type":"PropertyValueSpecification","valueRequired":true,"valueName":"search_term_string"}}],"inLanguage":"et"},{"@type":"Organization","@id":"https:\/\/lustandlove.eu\/et\/#organization","name":"Bioconcept Baltics O\u00dc","url":"https:\/\/lustandlove.eu\/et\/","logo":{"@type":"ImageObject","inLanguage":"et","@id":"https:\/\/lustandlove.eu\/et\/#\/schema\/logo\/image\/","url":"","contentUrl":"","caption":"Bioconcept Baltics O\u00dc"},"image":{"@id":"https:\/\/lustandlove.eu\/et\/#\/schema\/logo\/image\/"},"sameAs":["https:\/\/www.facebook.com\/LustandLoveEU\/","https:\/\/www.instagram.com\/lustandloveeu\/"]}]}},"_links":{"self":[{"href":"https:\/\/lustandlove.eu\/et\/wp-json\/wp\/v2\/product\/88351","targetHints":{"allow":["GET"]}}],"collection":[{"href":"https:\/\/lustandlove.eu\/et\/wp-json\/wp\/v2\/product"}],"about":[{"href":"https:\/\/lustandlove.eu\/et\/wp-json\/wp\/v2\/types\/product"}],"wp:featuredmedia":[{"embeddable":true,"href":"https:\/\/lustandlove.eu\/et\/wp-json\/wp\/v2\/media\/44956"}],"wp:attachment":[{"href":"https:\/\/lustandlove.eu\/et\/wp-json\/wp\/v2\/media?parent=88351"}],"wp:term":[{"taxonomy":"product_brand","embeddable":true,"href":"https:\/\/lustandlove.eu\/et\/wp-json\/wp\/v2\/product_brand?post=88351"},{"taxonomy":"product_cat","embeddable":true,"href":"https:\/\/lustandlove.eu\/et\/wp-json\/wp\/v2\/product_cat?post=88351"},{"taxonomy":"product_tag","embeddable":true,"href":"https:\/\/lustandlove.eu\/et\/wp-json\/wp\/v2\/product_tag?post=88351"}],"curies":[{"name":"wp","href":"https:\/\/api.w.org\/{rel}","templated":true}]}}