{"id":88374,"date":"2024-02-08T12:09:10","date_gmt":"2024-02-08T10:09:10","guid":{"rendered":"https:\/\/www.lustandlove.eu\/?post_type=product&#038;p=88374"},"modified":"2026-04-13T10:27:14","modified_gmt":"2026-04-13T07:27:14","slug":"kyo-f-motion","status":"publish","type":"product","link":"https:\/\/lustandlove.eu\/et\/toode\/kyo-f-motion\/","title":{"rendered":"Kyo F-Motion"},"content":{"rendered":"<p><strong>Vabalt liikuv sekslelu k\u00f5ige orgasmilisema elamuse saamiseks<\/strong><br \/>\nMida F-motion t\u00e4hendab? See t\u00e4histab s\u00f5nu Fuck Motion ja Full Motion ning oma nimele truult on see tipptasemel sekslelu loodud t\u00e4ielikult liikuma ja riistama orgasme, mida te pole kunagi varem kogenud. M\u00f5ned \u00fctlevad, et see t\u00e4hendab ka &#8220;vaba liikumist&#8221; ja nad ei eksi ka \u2013 see futuristlik seade vabastab teid kindlasti vanamoelisest t\u00f5mblemisest.<\/p>\n<p>Moodsa mootoriga varustatud F-motion on konstrueeritud nii, et see v\u00f5tab vastu k\u00f5ik, mida sellele viskate, ega peatu ega pidurda, tagades, et teie seansid j\u00e4\u00e4vad intensiivseks ja katkematuks. F-motion pakub kokku 11 re\u017eiimi, sealhulgas v\u00f5imsa orgasmi, ning annab teile iga kord eufoorilist orgasmi. Selle seksleluga m\u00e4ngimiseks on palju v\u00f5imalusi \u2013 see on palju enamat kui vanillla seksiks.<\/p>\n<p><strong>Esmaklassiline lelu \u00fclima tunde jaoks<\/strong><br \/>\nF-motionil on kvaliteetne silikoonvarrukas, mis on eemaldatav ja kergesti puhastatav. Puudutades pehme ja stimuleeriva tekstuuriga F-motioni varrukas tundub teie peenisele taevalik; sa l\u00e4hed m\u00f5ne sekundiga hulluks.<\/p>\n<p>Lisaks on F-motion juhtmeta ja sellel on laetav aku, nii et saate selle kaasa v\u00f5tta k\u00f5ikjal, kus soovite, ja m\u00e4ngida endaga t\u00e4ieliku \u00e4ran\u00e4gemise j\u00e4rgi. Selle t\u00e4ielikuks laadimiseks kulub vaid kaks tundi ja see on kuni 45 minutit peale laadimist teie p\u00e4ralt. See on enam kui piisav aeg, et teid kurnata ja v\u00e4risema j\u00e4tta.<\/p>\n<p><strong>M\u00f5eldud t\u00f5eliseks l\u00f5butsemiseks ja naudinguks<\/strong><br \/>\nK\u00f5rgeimal seadistusel suudab F-motion pakkuda teile intensiivset ja v\u00f5imsat 200 l\u00f6\u00f6ki minutis \u2013 kui kaua te arvate, et v\u00f5iksite nii vastu pidada? See on loodud ja konstrueeritud teie naudingut silmas pidades, see on nii mitmel viisil parem kui seks ning see on k\u00f5ige v\u00f5imsam ja keerukam meeste sekslelu turul.<\/p>\n<p>Pritsige libestit oma peenisele, libistage see F-Motion lelu sisse ja nautige oma elu parimaid orgasme. Kas olete valmis oma \u00fclimat naudingut avama?<\/p>\n<p>Tehnilised andmed<br \/>\nPikkus: 43 cm<br \/>\nLaius: 10 cm<br \/>\nK\u00f5rgus: 8,5 cm<\/p>\n","protected":false},"excerpt":{"rendered":"<p><strong>K\u00f5ige n\u00f5utum meeste sekslelu<\/strong><br \/>\nKas soovite kogeda sensatsiooni, erinevalt k\u00f5igest, mida olete varem kogenud? Siis peate oma peenise sisse libistama F-motioni \u2013 k\u00f5ige n\u00f5utuma ja revolutsioonilisema meeste sekslelu t\u00e4nap\u00e4eval turul. Varustatud paljude funktsioonidega, mis stimuleerivad teie peenist teie arvates v\u00f5imatutel viisidel, v\u00f5ib F-motion olla parim meestele leiutatud asi p\u00e4rast viilutatud leiba. Olge siiski hoiatatud \u2013 kui proovite F-motioni ja kogete \u00fclimat naudingut, on v\u00f5imatu tagasi p\u00f6\u00f6rduda.<\/p>\n","protected":false},"featured_media":88373,"template":"","meta":[],"product_brand":[4142],"product_cat":[4007,1480,1477,3870,1501],"product_tag":[],"class_list":{"0":"post-88374","1":"product","2":"type-product","3":"status-publish","4":"has-post-thumbnail","6":"product_brand-motsutoys-et","7":"product_cat-automaatsed","8":"product_cat-masturbaatorid","9":"product_cat-meestele","10":"product_cat-outlet-et","11":"product_cat-pakkumised","12":"pa_brand-motsutoys-et","14":"first","15":"instock","16":"sale","17":"taxable","18":"shipping-taxable","19":"purchasable","20":"product-type-simple"},"yoast_head":"<!-- This site is optimized with the Yoast SEO plugin v27.3 - https:\/\/yoast.com\/product\/yoast-seo-wordpress\/ -->\n<title>Kyo F-Motion | Lust and Love<\/title>\n<meta name=\"description\" content=\"Kas soovite kogeda sensatsiooni, erinevalt k\u00f5igest, mida olete varem kogenud? F-motion vastab teie palvetele!\" \/>\n<meta name=\"robots\" content=\"index,follow,max-snippet:-1,max-image-preview:large,max-video-preview:-1\" \/>\n<link rel=\"canonical\" href=\"https:\/\/lustandlove.eu\/et\/toode\/kyo-f-motion\/\" \/>\n<meta name=\"twitter:card\" content=\"summary_large_image\" \/>\n<meta name=\"twitter:title\" content=\"Kyo F-Motion | Lust and Love\" \/>\n<meta name=\"twitter:description\" content=\"Kas soovite kogeda sensatsiooni, erinevalt k\u00f5igest, mida olete varem kogenud? F-motion vastab teie palvetele!\" \/>\n<meta name=\"twitter:image\" content=\"https:\/\/lustandlove.eu\/wp-content\/uploads\/f-motion.webp\" \/>\n<meta name=\"twitter:label1\" content=\"Est. reading time\" \/>\n\t<meta name=\"twitter:data1\" content=\"2 minutit\" \/>\n<script type=\"application\/ld+json\" class=\"yoast-schema-graph\">{\"@context\":\"https:\\\/\\\/schema.org\",\"@graph\":[{\"@type\":[\"WebPage\",\"ItemPage\"],\"@id\":\"https:\\\/\\\/lustandlove.eu\\\/et\\\/toode\\\/kyo-f-motion\\\/\",\"url\":\"https:\\\/\\\/lustandlove.eu\\\/et\\\/toode\\\/kyo-f-motion\\\/\",\"name\":\"Kyo F-Motion | Lust and Love\",\"isPartOf\":{\"@id\":\"https:\\\/\\\/lustandlove.eu\\\/et\\\/#website\"},\"primaryImageOfPage\":{\"@id\":\"https:\\\/\\\/lustandlove.eu\\\/et\\\/toode\\\/kyo-f-motion\\\/#primaryimage\"},\"image\":{\"@id\":\"https:\\\/\\\/lustandlove.eu\\\/et\\\/toode\\\/kyo-f-motion\\\/#primaryimage\"},\"thumbnailUrl\":\"https:\\\/\\\/lustandlove.eu\\\/wp-content\\\/uploads\\\/f-motion.webp\",\"datePublished\":\"2024-02-08T10:09:10+00:00\",\"dateModified\":\"2026-04-13T07:27:14+00:00\",\"description\":\"Kas soovite kogeda sensatsiooni, erinevalt k\u00f5igest, mida olete varem kogenud? F-motion vastab teie palvetele!\",\"breadcrumb\":{\"@id\":\"https:\\\/\\\/lustandlove.eu\\\/et\\\/toode\\\/kyo-f-motion\\\/#breadcrumb\"},\"inLanguage\":\"et\",\"potentialAction\":[{\"@type\":\"ReadAction\",\"target\":[\"https:\\\/\\\/lustandlove.eu\\\/et\\\/toode\\\/kyo-f-motion\\\/\"]}]},{\"@type\":\"ImageObject\",\"inLanguage\":\"et\",\"@id\":\"https:\\\/\\\/lustandlove.eu\\\/et\\\/toode\\\/kyo-f-motion\\\/#primaryimage\",\"url\":\"https:\\\/\\\/lustandlove.eu\\\/wp-content\\\/uploads\\\/f-motion.webp\",\"contentUrl\":\"https:\\\/\\\/lustandlove.eu\\\/wp-content\\\/uploads\\\/f-motion.webp\",\"width\":700,\"height\":700},{\"@type\":\"BreadcrumbList\",\"@id\":\"https:\\\/\\\/lustandlove.eu\\\/et\\\/toode\\\/kyo-f-motion\\\/#breadcrumb\",\"itemListElement\":[{\"@type\":\"ListItem\",\"position\":1,\"name\":\"Lust and Love\",\"item\":\"https:\\\/\\\/lustandlove.eu\\\/et\\\/\"},{\"@type\":\"ListItem\",\"position\":2,\"name\":\"Pood\",\"item\":\"https:\\\/\\\/lustandlove.eu\\\/et\\\/pood\\\/\"},{\"@type\":\"ListItem\",\"position\":3,\"name\":\"Meestele\",\"item\":\"https:\\\/\\\/lustandlove.eu\\\/et\\\/pood\\\/meestele\\\/\"},{\"@type\":\"ListItem\",\"position\":4,\"name\":\"Kyo F-Motion\"}]},{\"@type\":\"WebSite\",\"@id\":\"https:\\\/\\\/lustandlove.eu\\\/et\\\/#website\",\"url\":\"https:\\\/\\\/lustandlove.eu\\\/et\\\/\",\"name\":\"Lust &amp; Love\",\"description\":\"Online erootikapood tervise, ilu ja armastuse jaoks\",\"publisher\":{\"@id\":\"https:\\\/\\\/lustandlove.eu\\\/et\\\/#organization\"},\"potentialAction\":[{\"@type\":\"SearchAction\",\"target\":{\"@type\":\"EntryPoint\",\"urlTemplate\":\"https:\\\/\\\/lustandlove.eu\\\/et\\\/?s={search_term_string}\"},\"query-input\":{\"@type\":\"PropertyValueSpecification\",\"valueRequired\":true,\"valueName\":\"search_term_string\"}}],\"inLanguage\":\"et\"},{\"@type\":\"Organization\",\"@id\":\"https:\\\/\\\/lustandlove.eu\\\/et\\\/#organization\",\"name\":\"Bioconcept Baltics O\u00dc\",\"url\":\"https:\\\/\\\/lustandlove.eu\\\/et\\\/\",\"logo\":{\"@type\":\"ImageObject\",\"inLanguage\":\"et\",\"@id\":\"https:\\\/\\\/lustandlove.eu\\\/et\\\/#\\\/schema\\\/logo\\\/image\\\/\",\"url\":\"\",\"contentUrl\":\"\",\"caption\":\"Bioconcept Baltics O\u00dc\"},\"image\":{\"@id\":\"https:\\\/\\\/lustandlove.eu\\\/et\\\/#\\\/schema\\\/logo\\\/image\\\/\"},\"sameAs\":[\"https:\\\/\\\/www.facebook.com\\\/LustandLoveEU\\\/\",\"https:\\\/\\\/www.instagram.com\\\/lustandloveeu\\\/\"]}]}<\/script>\n<!-- \/ Yoast SEO plugin. -->","yoast_head_json":{"title":"Kyo F-Motion | Lust and Love","description":"Kas soovite kogeda sensatsiooni, erinevalt k\u00f5igest, mida olete varem kogenud? F-motion vastab teie palvetele!","robots":{"index,follow,max-snippet":"index,follow,max-snippet:-1,max-image-preview:large,max-video-preview:-1"},"canonical":"https:\/\/lustandlove.eu\/et\/toode\/kyo-f-motion\/","twitter_card":"summary_large_image","twitter_title":"Kyo F-Motion | Lust and Love","twitter_description":"Kas soovite kogeda sensatsiooni, erinevalt k\u00f5igest, mida olete varem kogenud? F-motion vastab teie palvetele!","twitter_image":"https:\/\/lustandlove.eu\/wp-content\/uploads\/f-motion.webp","twitter_misc":{"Est. reading time":"2 minutit"},"schema":{"@context":"https:\/\/schema.org","@graph":[{"@type":["WebPage","ItemPage"],"@id":"https:\/\/lustandlove.eu\/et\/toode\/kyo-f-motion\/","url":"https:\/\/lustandlove.eu\/et\/toode\/kyo-f-motion\/","name":"Kyo F-Motion | Lust and Love","isPartOf":{"@id":"https:\/\/lustandlove.eu\/et\/#website"},"primaryImageOfPage":{"@id":"https:\/\/lustandlove.eu\/et\/toode\/kyo-f-motion\/#primaryimage"},"image":{"@id":"https:\/\/lustandlove.eu\/et\/toode\/kyo-f-motion\/#primaryimage"},"thumbnailUrl":"https:\/\/lustandlove.eu\/wp-content\/uploads\/f-motion.webp","datePublished":"2024-02-08T10:09:10+00:00","dateModified":"2026-04-13T07:27:14+00:00","description":"Kas soovite kogeda sensatsiooni, erinevalt k\u00f5igest, mida olete varem kogenud? F-motion vastab teie palvetele!","breadcrumb":{"@id":"https:\/\/lustandlove.eu\/et\/toode\/kyo-f-motion\/#breadcrumb"},"inLanguage":"et","potentialAction":[{"@type":"ReadAction","target":["https:\/\/lustandlove.eu\/et\/toode\/kyo-f-motion\/"]}]},{"@type":"ImageObject","inLanguage":"et","@id":"https:\/\/lustandlove.eu\/et\/toode\/kyo-f-motion\/#primaryimage","url":"https:\/\/lustandlove.eu\/wp-content\/uploads\/f-motion.webp","contentUrl":"https:\/\/lustandlove.eu\/wp-content\/uploads\/f-motion.webp","width":700,"height":700},{"@type":"BreadcrumbList","@id":"https:\/\/lustandlove.eu\/et\/toode\/kyo-f-motion\/#breadcrumb","itemListElement":[{"@type":"ListItem","position":1,"name":"Lust and Love","item":"https:\/\/lustandlove.eu\/et\/"},{"@type":"ListItem","position":2,"name":"Pood","item":"https:\/\/lustandlove.eu\/et\/pood\/"},{"@type":"ListItem","position":3,"name":"Meestele","item":"https:\/\/lustandlove.eu\/et\/pood\/meestele\/"},{"@type":"ListItem","position":4,"name":"Kyo F-Motion"}]},{"@type":"WebSite","@id":"https:\/\/lustandlove.eu\/et\/#website","url":"https:\/\/lustandlove.eu\/et\/","name":"Lust &amp; Love","description":"Online erootikapood tervise, ilu ja armastuse jaoks","publisher":{"@id":"https:\/\/lustandlove.eu\/et\/#organization"},"potentialAction":[{"@type":"SearchAction","target":{"@type":"EntryPoint","urlTemplate":"https:\/\/lustandlove.eu\/et\/?s={search_term_string}"},"query-input":{"@type":"PropertyValueSpecification","valueRequired":true,"valueName":"search_term_string"}}],"inLanguage":"et"},{"@type":"Organization","@id":"https:\/\/lustandlove.eu\/et\/#organization","name":"Bioconcept Baltics O\u00dc","url":"https:\/\/lustandlove.eu\/et\/","logo":{"@type":"ImageObject","inLanguage":"et","@id":"https:\/\/lustandlove.eu\/et\/#\/schema\/logo\/image\/","url":"","contentUrl":"","caption":"Bioconcept Baltics O\u00dc"},"image":{"@id":"https:\/\/lustandlove.eu\/et\/#\/schema\/logo\/image\/"},"sameAs":["https:\/\/www.facebook.com\/LustandLoveEU\/","https:\/\/www.instagram.com\/lustandloveeu\/"]}]}},"_links":{"self":[{"href":"https:\/\/lustandlove.eu\/et\/wp-json\/wp\/v2\/product\/88374","targetHints":{"allow":["GET"]}}],"collection":[{"href":"https:\/\/lustandlove.eu\/et\/wp-json\/wp\/v2\/product"}],"about":[{"href":"https:\/\/lustandlove.eu\/et\/wp-json\/wp\/v2\/types\/product"}],"wp:featuredmedia":[{"embeddable":true,"href":"https:\/\/lustandlove.eu\/et\/wp-json\/wp\/v2\/media\/88373"}],"wp:attachment":[{"href":"https:\/\/lustandlove.eu\/et\/wp-json\/wp\/v2\/media?parent=88374"}],"wp:term":[{"taxonomy":"product_brand","embeddable":true,"href":"https:\/\/lustandlove.eu\/et\/wp-json\/wp\/v2\/product_brand?post=88374"},{"taxonomy":"product_cat","embeddable":true,"href":"https:\/\/lustandlove.eu\/et\/wp-json\/wp\/v2\/product_cat?post=88374"},{"taxonomy":"product_tag","embeddable":true,"href":"https:\/\/lustandlove.eu\/et\/wp-json\/wp\/v2\/product_tag?post=88374"}],"curies":[{"name":"wp","href":"https:\/\/api.w.org\/{rel}","templated":true}]}}