{"id":88376,"date":"2024-02-06T14:47:39","date_gmt":"2024-02-06T12:47:39","guid":{"rendered":"https:\/\/www.lustandlove.eu\/?post_type=product&#038;p=88376"},"modified":"2026-04-13T10:27:21","modified_gmt":"2026-04-13T07:27:21","slug":"kyo-capsule-2","status":"publish","type":"product","link":"https:\/\/lustandlove.eu\/et\/toode\/kyo-capsule-2\/","title":{"rendered":"Kyo Capsule 2"},"content":{"rendered":"<p><strong>V\u00f5imsam kui kunagi varem<\/strong><br \/>\nVibratsioon muudab teie orgasmi intensiivsemaks. Kuidas? Stimuleerides intensiivselt teie peenise n\u00e4rvil\u00f5pmeid ja suurendades verevoolu, v\u00f5imendavad vibratsioonid naudingut masturbeerimise ja seksi ajal.<\/p>\n<p>Kyo Capsule 2-l on kaks v\u00f5imsat vibratsioonipunkti ning sisemus on valmistatud keerukast ja venivast elastomeerist, mis haardub kindlalt teie peenist ja pakub intensiivset vibratsiooni, et saada \u00fctlemata naudingut ja eufoorilisi orgasme. Lisaks on Capsule 2 varustatud ka arvukate massaa\u017eikummidega, mis stimuleerivad teie mehelikkust \u00f5igel viisil.<\/p>\n<p>Liigutage Capsule 2 \u00fcles-alla oma armupulgal v\u00f5i ainult pea otsast \u2013 sellega m\u00e4ngimiseks on palju v\u00f5imalusi ja peate lihtsalt leidma \u00f5iged kohad orgasmide vabastamiseks, mida te pole kunagi varem kogenud. Olenemata sellest, kas see on m\u00f5eldud \u00fcksi m\u00e4ngimiseks v\u00f5i oma partneri(te)ga, Kyo Capsule 2 on siin, et viia teie seksuaalelu j\u00e4rgmisele tasemele.<\/p>\n<p><strong>Topelt vibratsioonitehnoloogia uute m\u00f5nude jaoks<\/strong><br \/>\nKyo Capsule 2 peamine esilet\u00f5st on topelt vibratsiooni tehnoloogia, mis sisaldab muljetavaldavat 12 vibratsioonire\u017eiimi; tunnete, kuidas intensiivne vibratsioon l\u00e4bib teie peenise iga sentimeetrit ja \u00fckski re\u017eiim ei tundu samamoodi. Peate lihtsalt mustritega natuke ringi m\u00e4ngima ja leidma selle, mis paneb teid k\u00f5ige rohkem tulema.<\/p>\n<p>Mis veel? Uue Kyo Capsule 2 abil saate pigistada keskosa, et avaldada oma peenisele rohkem survet ja suurendada vibratsiooni intensiivsust!<\/p>\n<p><strong>Suure v\u00f5imsusega ja v\u00e4hese hooldusega<\/strong><br \/>\nKyo Capsule 2 on sinu t\u00e4iuslik kepis\u00f5ber \u2013 kompaktne, intensiivne, paneb sind p\u00f6\u00f6raselt orgasmi saama ja mis k\u00f5ige parem? See on madala hooldusega! See sekslelu on juhtmeta, nii et te ei pea m\u00f5nude saamiseks kaablitega tegelema.<\/p>\n<p>Kompaktne ja ergonoomiline disain muudab selle h\u00f5lpsa k\u00e4sitsemise ja kaasav\u00f5tmise k\u00f5ikjale lihtsaks \u2013 saate r\u00f5\u00f5mu tunda igal pool ja millal soovite. Lihtsalt \u00e4ra j\u00e4\u00e4 vahele!<\/p>\n<p>Seda on ka \u00fclilihtne puhastada \u2013 kui olete sellega l\u00f5petanud, on vaja vaid veidi seebivett ja see on teiseks ringiks valmis.<\/p>\n","protected":false},"excerpt":{"rendered":"<p>Kyo Capsule 2, mis on loodud pakkuma teile k\u00f5ige intensiivsemat naudingut, t\u00e4iustab armastatud ja originaalset Kyo kapslit ning pakub uusi ja t\u00e4iustatud funktsioone veelgi paremaks kogemuseks. T\u00e4nu teedrajavale topeltvibratsioonitehnoloogiale, mis v\u00f5imaldab teil nautida erinevaid m\u00f5nusid, on Kyo Capsule 2 ideaalne m\u00e4nguasi teie seksuaalelu v\u00fcrtsitamiseks.<\/p>\n","protected":false},"featured_media":88384,"template":"","meta":[],"product_brand":[4142],"product_cat":[4007,1480,1477],"product_tag":[],"class_list":{"0":"post-88376","1":"product","2":"type-product","3":"status-publish","4":"has-post-thumbnail","6":"product_brand-motsutoys-et","7":"product_cat-automaatsed","8":"product_cat-masturbaatorid","9":"product_cat-meestele","10":"pa_brand-motsutoys-et","12":"first","13":"instock","14":"taxable","15":"shipping-taxable","16":"purchasable","17":"product-type-simple"},"yoast_head":"<!-- This site is optimized with the Yoast SEO plugin v27.3 - https:\/\/yoast.com\/product\/yoast-seo-wordpress\/ -->\n<title>Kyo Capsule 2 | Lust and Love<\/title>\n<meta name=\"description\" content=\"T\u00e4nu teedrajavale topeltvibratsioonitehnoloogiale, mis v\u00f5imaldab teil nautida erinevaid m\u00f5nusid, on Kyo Capsule 2 ideaalne m\u00e4nguasi teie seksuaalelu v\u00fcrtsitamiseks.\" \/>\n<meta name=\"robots\" content=\"index,follow,max-snippet:-1,max-image-preview:large,max-video-preview:-1\" \/>\n<link rel=\"canonical\" href=\"https:\/\/lustandlove.eu\/et\/toode\/kyo-capsule-2\/\" \/>\n<meta name=\"twitter:card\" content=\"summary_large_image\" \/>\n<meta name=\"twitter:title\" content=\"Kyo Capsule 2 | Lust and Love\" \/>\n<meta name=\"twitter:description\" content=\"T\u00e4nu teedrajavale topeltvibratsioonitehnoloogiale, mis v\u00f5imaldab teil nautida erinevaid m\u00f5nusid, on Kyo Capsule 2 ideaalne m\u00e4nguasi teie seksuaalelu v\u00fcrtsitamiseks.\" \/>\n<meta name=\"twitter:image\" content=\"https:\/\/lustandlove.eu\/wp-content\/uploads\/kyo-capsule-2-03.png\" \/>\n<meta name=\"twitter:label1\" content=\"Est. reading time\" \/>\n\t<meta name=\"twitter:data1\" content=\"2 minutit\" \/>\n<script type=\"application\/ld+json\" class=\"yoast-schema-graph\">{\"@context\":\"https:\\\/\\\/schema.org\",\"@graph\":[{\"@type\":[\"WebPage\",\"ItemPage\"],\"@id\":\"https:\\\/\\\/lustandlove.eu\\\/et\\\/toode\\\/kyo-capsule-2\\\/\",\"url\":\"https:\\\/\\\/lustandlove.eu\\\/et\\\/toode\\\/kyo-capsule-2\\\/\",\"name\":\"Kyo Capsule 2 | Lust and Love\",\"isPartOf\":{\"@id\":\"https:\\\/\\\/lustandlove.eu\\\/et\\\/#website\"},\"primaryImageOfPage\":{\"@id\":\"https:\\\/\\\/lustandlove.eu\\\/et\\\/toode\\\/kyo-capsule-2\\\/#primaryimage\"},\"image\":{\"@id\":\"https:\\\/\\\/lustandlove.eu\\\/et\\\/toode\\\/kyo-capsule-2\\\/#primaryimage\"},\"thumbnailUrl\":\"https:\\\/\\\/lustandlove.eu\\\/wp-content\\\/uploads\\\/kyo-capsule-2-03.png\",\"datePublished\":\"2024-02-06T12:47:39+00:00\",\"dateModified\":\"2026-04-13T07:27:21+00:00\",\"description\":\"T\u00e4nu teedrajavale topeltvibratsioonitehnoloogiale, mis v\u00f5imaldab teil nautida erinevaid m\u00f5nusid, on Kyo Capsule 2 ideaalne m\u00e4nguasi teie seksuaalelu v\u00fcrtsitamiseks.\",\"breadcrumb\":{\"@id\":\"https:\\\/\\\/lustandlove.eu\\\/et\\\/toode\\\/kyo-capsule-2\\\/#breadcrumb\"},\"inLanguage\":\"et\",\"potentialAction\":[{\"@type\":\"ReadAction\",\"target\":[\"https:\\\/\\\/lustandlove.eu\\\/et\\\/toode\\\/kyo-capsule-2\\\/\"]}]},{\"@type\":\"ImageObject\",\"inLanguage\":\"et\",\"@id\":\"https:\\\/\\\/lustandlove.eu\\\/et\\\/toode\\\/kyo-capsule-2\\\/#primaryimage\",\"url\":\"https:\\\/\\\/lustandlove.eu\\\/wp-content\\\/uploads\\\/kyo-capsule-2-03.png\",\"contentUrl\":\"https:\\\/\\\/lustandlove.eu\\\/wp-content\\\/uploads\\\/kyo-capsule-2-03.png\",\"width\":700,\"height\":700},{\"@type\":\"BreadcrumbList\",\"@id\":\"https:\\\/\\\/lustandlove.eu\\\/et\\\/toode\\\/kyo-capsule-2\\\/#breadcrumb\",\"itemListElement\":[{\"@type\":\"ListItem\",\"position\":1,\"name\":\"Lust and Love\",\"item\":\"https:\\\/\\\/lustandlove.eu\\\/et\\\/\"},{\"@type\":\"ListItem\",\"position\":2,\"name\":\"Pood\",\"item\":\"https:\\\/\\\/lustandlove.eu\\\/et\\\/pood\\\/\"},{\"@type\":\"ListItem\",\"position\":3,\"name\":\"Meestele\",\"item\":\"https:\\\/\\\/lustandlove.eu\\\/et\\\/pood\\\/meestele\\\/\"},{\"@type\":\"ListItem\",\"position\":4,\"name\":\"Kyo Capsule 2\"}]},{\"@type\":\"WebSite\",\"@id\":\"https:\\\/\\\/lustandlove.eu\\\/et\\\/#website\",\"url\":\"https:\\\/\\\/lustandlove.eu\\\/et\\\/\",\"name\":\"Lust &amp; Love\",\"description\":\"Online erootikapood tervise, ilu ja armastuse jaoks\",\"publisher\":{\"@id\":\"https:\\\/\\\/lustandlove.eu\\\/et\\\/#organization\"},\"potentialAction\":[{\"@type\":\"SearchAction\",\"target\":{\"@type\":\"EntryPoint\",\"urlTemplate\":\"https:\\\/\\\/lustandlove.eu\\\/et\\\/?s={search_term_string}\"},\"query-input\":{\"@type\":\"PropertyValueSpecification\",\"valueRequired\":true,\"valueName\":\"search_term_string\"}}],\"inLanguage\":\"et\"},{\"@type\":\"Organization\",\"@id\":\"https:\\\/\\\/lustandlove.eu\\\/et\\\/#organization\",\"name\":\"Bioconcept Baltics O\u00dc\",\"url\":\"https:\\\/\\\/lustandlove.eu\\\/et\\\/\",\"logo\":{\"@type\":\"ImageObject\",\"inLanguage\":\"et\",\"@id\":\"https:\\\/\\\/lustandlove.eu\\\/et\\\/#\\\/schema\\\/logo\\\/image\\\/\",\"url\":\"\",\"contentUrl\":\"\",\"caption\":\"Bioconcept Baltics O\u00dc\"},\"image\":{\"@id\":\"https:\\\/\\\/lustandlove.eu\\\/et\\\/#\\\/schema\\\/logo\\\/image\\\/\"},\"sameAs\":[\"https:\\\/\\\/www.facebook.com\\\/LustandLoveEU\\\/\",\"https:\\\/\\\/www.instagram.com\\\/lustandloveeu\\\/\"]}]}<\/script>\n<!-- \/ Yoast SEO plugin. -->","yoast_head_json":{"title":"Kyo Capsule 2 | Lust and Love","description":"T\u00e4nu teedrajavale topeltvibratsioonitehnoloogiale, mis v\u00f5imaldab teil nautida erinevaid m\u00f5nusid, on Kyo Capsule 2 ideaalne m\u00e4nguasi teie seksuaalelu v\u00fcrtsitamiseks.","robots":{"index,follow,max-snippet":"index,follow,max-snippet:-1,max-image-preview:large,max-video-preview:-1"},"canonical":"https:\/\/lustandlove.eu\/et\/toode\/kyo-capsule-2\/","twitter_card":"summary_large_image","twitter_title":"Kyo Capsule 2 | Lust and Love","twitter_description":"T\u00e4nu teedrajavale topeltvibratsioonitehnoloogiale, mis v\u00f5imaldab teil nautida erinevaid m\u00f5nusid, on Kyo Capsule 2 ideaalne m\u00e4nguasi teie seksuaalelu v\u00fcrtsitamiseks.","twitter_image":"https:\/\/lustandlove.eu\/wp-content\/uploads\/kyo-capsule-2-03.png","twitter_misc":{"Est. reading time":"2 minutit"},"schema":{"@context":"https:\/\/schema.org","@graph":[{"@type":["WebPage","ItemPage"],"@id":"https:\/\/lustandlove.eu\/et\/toode\/kyo-capsule-2\/","url":"https:\/\/lustandlove.eu\/et\/toode\/kyo-capsule-2\/","name":"Kyo Capsule 2 | Lust and Love","isPartOf":{"@id":"https:\/\/lustandlove.eu\/et\/#website"},"primaryImageOfPage":{"@id":"https:\/\/lustandlove.eu\/et\/toode\/kyo-capsule-2\/#primaryimage"},"image":{"@id":"https:\/\/lustandlove.eu\/et\/toode\/kyo-capsule-2\/#primaryimage"},"thumbnailUrl":"https:\/\/lustandlove.eu\/wp-content\/uploads\/kyo-capsule-2-03.png","datePublished":"2024-02-06T12:47:39+00:00","dateModified":"2026-04-13T07:27:21+00:00","description":"T\u00e4nu teedrajavale topeltvibratsioonitehnoloogiale, mis v\u00f5imaldab teil nautida erinevaid m\u00f5nusid, on Kyo Capsule 2 ideaalne m\u00e4nguasi teie seksuaalelu v\u00fcrtsitamiseks.","breadcrumb":{"@id":"https:\/\/lustandlove.eu\/et\/toode\/kyo-capsule-2\/#breadcrumb"},"inLanguage":"et","potentialAction":[{"@type":"ReadAction","target":["https:\/\/lustandlove.eu\/et\/toode\/kyo-capsule-2\/"]}]},{"@type":"ImageObject","inLanguage":"et","@id":"https:\/\/lustandlove.eu\/et\/toode\/kyo-capsule-2\/#primaryimage","url":"https:\/\/lustandlove.eu\/wp-content\/uploads\/kyo-capsule-2-03.png","contentUrl":"https:\/\/lustandlove.eu\/wp-content\/uploads\/kyo-capsule-2-03.png","width":700,"height":700},{"@type":"BreadcrumbList","@id":"https:\/\/lustandlove.eu\/et\/toode\/kyo-capsule-2\/#breadcrumb","itemListElement":[{"@type":"ListItem","position":1,"name":"Lust and Love","item":"https:\/\/lustandlove.eu\/et\/"},{"@type":"ListItem","position":2,"name":"Pood","item":"https:\/\/lustandlove.eu\/et\/pood\/"},{"@type":"ListItem","position":3,"name":"Meestele","item":"https:\/\/lustandlove.eu\/et\/pood\/meestele\/"},{"@type":"ListItem","position":4,"name":"Kyo Capsule 2"}]},{"@type":"WebSite","@id":"https:\/\/lustandlove.eu\/et\/#website","url":"https:\/\/lustandlove.eu\/et\/","name":"Lust &amp; Love","description":"Online erootikapood tervise, ilu ja armastuse jaoks","publisher":{"@id":"https:\/\/lustandlove.eu\/et\/#organization"},"potentialAction":[{"@type":"SearchAction","target":{"@type":"EntryPoint","urlTemplate":"https:\/\/lustandlove.eu\/et\/?s={search_term_string}"},"query-input":{"@type":"PropertyValueSpecification","valueRequired":true,"valueName":"search_term_string"}}],"inLanguage":"et"},{"@type":"Organization","@id":"https:\/\/lustandlove.eu\/et\/#organization","name":"Bioconcept Baltics O\u00dc","url":"https:\/\/lustandlove.eu\/et\/","logo":{"@type":"ImageObject","inLanguage":"et","@id":"https:\/\/lustandlove.eu\/et\/#\/schema\/logo\/image\/","url":"","contentUrl":"","caption":"Bioconcept Baltics O\u00dc"},"image":{"@id":"https:\/\/lustandlove.eu\/et\/#\/schema\/logo\/image\/"},"sameAs":["https:\/\/www.facebook.com\/LustandLoveEU\/","https:\/\/www.instagram.com\/lustandloveeu\/"]}]}},"_links":{"self":[{"href":"https:\/\/lustandlove.eu\/et\/wp-json\/wp\/v2\/product\/88376","targetHints":{"allow":["GET"]}}],"collection":[{"href":"https:\/\/lustandlove.eu\/et\/wp-json\/wp\/v2\/product"}],"about":[{"href":"https:\/\/lustandlove.eu\/et\/wp-json\/wp\/v2\/types\/product"}],"wp:featuredmedia":[{"embeddable":true,"href":"https:\/\/lustandlove.eu\/et\/wp-json\/wp\/v2\/media\/88384"}],"wp:attachment":[{"href":"https:\/\/lustandlove.eu\/et\/wp-json\/wp\/v2\/media?parent=88376"}],"wp:term":[{"taxonomy":"product_brand","embeddable":true,"href":"https:\/\/lustandlove.eu\/et\/wp-json\/wp\/v2\/product_brand?post=88376"},{"taxonomy":"product_cat","embeddable":true,"href":"https:\/\/lustandlove.eu\/et\/wp-json\/wp\/v2\/product_cat?post=88376"},{"taxonomy":"product_tag","embeddable":true,"href":"https:\/\/lustandlove.eu\/et\/wp-json\/wp\/v2\/product_tag?post=88376"}],"curies":[{"name":"wp","href":"https:\/\/api.w.org\/{rel}","templated":true}]}}