{"id":88390,"date":"2024-02-07T09:11:47","date_gmt":"2024-02-07T07:11:48","guid":{"rendered":"https:\/\/www.lustandlove.eu\/?post_type=product&#038;p=88390"},"modified":"2026-04-13T10:27:20","modified_gmt":"2026-04-13T07:27:20","slug":"kyo-onahole-duss","status":"publish","type":"product","link":"https:\/\/lustandlove.eu\/et\/toode\/kyo-onahole-duss\/","title":{"rendered":"Kyo onAhole Du\u0161\u0161"},"content":{"rendered":"<p><strong>Parim viis onahole&#8217;i pesemiseks<\/strong><br \/>\nSeksim\u00e4nguasja \u00f5ige pesemine on puhastusprotsessi oluline samm, kuna see eemaldab nii bakterid kui ka asjad, millega neile meeldib maiustada, nii et tahate kindel olla, et seda tehakse \u00f5igesti. Enamik inimesi loputab oma m\u00e4nguasja kraanikausis, kuid raskemate m\u00e4nguasjade puhul v\u00f5ib see osutuda keeruliseks ja vesi j\u00f5uab harva tunneli taha piisava j\u00f5uga, et olla efektiivne.<\/p>\n<p>KYO du\u0161iga on lihtne oma sekslelusid p\u00f5hjalikult puhastada kuni l\u00f5puni, olenemata nende suurusest.<\/p>\n<p>KYO onahole du\u0161\u0161&#8230;<\/p>\n<p>Pehme pikk otsik puhastab kuni lelu tagaosani ilma kahjustusteta, isegi kui onAhole&#8217;il on raskesti ligip\u00e4\u00e4setav tasku<br \/>\nPumba mehhanism v\u00f5imaldab pritsida v\u00f5imsaid veejugasid<br \/>\nKinnitatud pudel v\u00f5imaldab teil lisada \u00f5ige koguse m\u00e4nguasjade puhastusvahendit, kui soovite seda kasutada<br \/>\n\u00dcheksa vahedega asetsevat auku pihustavad vett eri suundades ja erinevate nurkade alt, puhastades s\u00fcgavaid servi ja keerukaid tekstuure<br \/>\nLihtne kasutada \u00fche k\u00e4ega t\u00e4nu spetsiaalsele \u00fclaosale \u2013 teise k\u00e4ega saad otsikut sisse-v\u00e4lja liigutada.<\/p>\n<p><strong>Kuidas see siis t\u00f6\u00f6tab?<\/strong><br \/>\nT\u00e4idate 300 ml pudeli veega ja soovi korral lisage natuke m\u00e4nguasjade puhastusvahendit. Soovitame k\u00fclma v\u00f5i leiget vett, kuna kuum vesi v\u00f5ib kahjustada materjali, millest onAhole on valmistatud. Seej\u00e4rel keerake painduva vooliku ja loputustarvikuga kork peale. N\u00fc\u00fcd saate sisestada otsiku sekslelu sisse, mida soovite puhastada, ja pumbata sellest vett l\u00e4bi, vajutades pudeli \u00fclaosa paar korda alla.<\/p>\n<p>Pudelit on lihtne kasutada \u00fche k\u00e4ega: m\u00e4ssige nimetis- ja keskmine s\u00f5rm \u00fcmber plastkonksude ning suruge p\u00f6idla v\u00f5i peopesaga \u00fclaosa alla. See j\u00e4tab teie teise k\u00e4e m\u00e4nguasja hoidmiseks v\u00f5i otsiku liigutamiseks vabaks.<\/p>\n<p>Pumpamismehhanismi saab lukustada v\u00f5i lahti lukustada, vajutades seda alla ja veidi keerates. Pudeli &#8220;lukustatud&#8221; re\u017eiimi panemine muudab selle veidi kompaktsemaks ja hoiab \u00e4ra juhusliku pihustamise.<\/p>\n<p>Kuna vesi s\u00fcstitakse onAhole&#8217;i tagaossa, on protsess v\u00e4ga t\u00f5hus.<\/p>\n","protected":false},"excerpt":{"rendered":"<p>KYO suurep\u00e4rase puhastustoodete sarja uus t\u00e4iendus KYO Onahole du\u0161\u0161 muudab seksim\u00e4nguasjade pesemise ja loputamise lihtsamaks kui kunagi varem. Eriti suuremate m\u00e4nguasjade puhul on see asendamatu!<\/p>\n","protected":false},"featured_media":88404,"template":"","meta":[],"product_brand":[4142],"product_cat":[3525,1486,4004,1477,1484],"product_tag":[],"class_list":{"0":"post-88390","1":"product","2":"type-product","3":"status-publish","4":"has-post-thumbnail","6":"product_brand-motsutoys-et","7":"product_cat-hentai","8":"product_cat-lelude-aksessuaarid","9":"product_cat-lisad-ja-hooldus","10":"product_cat-meestele","11":"product_cat-sekslelud","12":"pa_brand-motsutoys-et","14":"first","15":"instock","16":"taxable","17":"shipping-taxable","18":"purchasable","19":"product-type-simple"},"yoast_head":"<!-- This site is optimized with the Yoast SEO plugin v27.3 - https:\/\/yoast.com\/product\/yoast-seo-wordpress\/ -->\n<title>Kyo onAhole Du\u0161\u0161 | Lust and Love<\/title>\n<meta name=\"description\" content=\"KYO suurep\u00e4rase puhastustoodete sarja uus t\u00e4iendus KYO Onahole du\u0161\u0161 muudab seksim\u00e4nguasjade pesemise ja loputamise lihtsamaks kui kunagi varem. Eriti suuremate m\u00e4nguasjade puhul on see asendamatu!\" \/>\n<meta name=\"robots\" content=\"index,follow,max-snippet:-1,max-image-preview:large,max-video-preview:-1\" \/>\n<link rel=\"canonical\" href=\"https:\/\/lustandlove.eu\/et\/toode\/kyo-onahole-duss\/\" \/>\n<meta name=\"twitter:card\" content=\"summary_large_image\" \/>\n<meta name=\"twitter:title\" content=\"Kyo onAhole Du\u0161\u0161 | Lust and Love\" \/>\n<meta name=\"twitter:description\" content=\"KYO suurep\u00e4rase puhastustoodete sarja uus t\u00e4iendus KYO Onahole du\u0161\u0161 muudab seksim\u00e4nguasjade pesemise ja loputamise lihtsamaks kui kunagi varem. Eriti suuremate m\u00e4nguasjade puhul on see asendamatu!\" \/>\n<meta name=\"twitter:image\" content=\"https:\/\/lustandlove.eu\/wp-content\/uploads\/kyo_onahole_shower_2_.png\" \/>\n<meta name=\"twitter:label1\" content=\"Est. reading time\" \/>\n\t<meta name=\"twitter:data1\" content=\"2 minutit\" \/>\n<script type=\"application\/ld+json\" class=\"yoast-schema-graph\">{\"@context\":\"https:\\\/\\\/schema.org\",\"@graph\":[{\"@type\":[\"WebPage\",\"ItemPage\"],\"@id\":\"https:\\\/\\\/lustandlove.eu\\\/et\\\/toode\\\/kyo-onahole-duss\\\/\",\"url\":\"https:\\\/\\\/lustandlove.eu\\\/et\\\/toode\\\/kyo-onahole-duss\\\/\",\"name\":\"Kyo onAhole Du\u0161\u0161 | Lust and Love\",\"isPartOf\":{\"@id\":\"https:\\\/\\\/lustandlove.eu\\\/et\\\/#website\"},\"primaryImageOfPage\":{\"@id\":\"https:\\\/\\\/lustandlove.eu\\\/et\\\/toode\\\/kyo-onahole-duss\\\/#primaryimage\"},\"image\":{\"@id\":\"https:\\\/\\\/lustandlove.eu\\\/et\\\/toode\\\/kyo-onahole-duss\\\/#primaryimage\"},\"thumbnailUrl\":\"https:\\\/\\\/lustandlove.eu\\\/wp-content\\\/uploads\\\/kyo_onahole_shower_2_.png\",\"datePublished\":\"2024-02-07T07:11:48+00:00\",\"dateModified\":\"2026-04-13T07:27:20+00:00\",\"description\":\"KYO suurep\u00e4rase puhastustoodete sarja uus t\u00e4iendus KYO Onahole du\u0161\u0161 muudab seksim\u00e4nguasjade pesemise ja loputamise lihtsamaks kui kunagi varem. Eriti suuremate m\u00e4nguasjade puhul on see asendamatu!\",\"breadcrumb\":{\"@id\":\"https:\\\/\\\/lustandlove.eu\\\/et\\\/toode\\\/kyo-onahole-duss\\\/#breadcrumb\"},\"inLanguage\":\"et\",\"potentialAction\":[{\"@type\":\"ReadAction\",\"target\":[\"https:\\\/\\\/lustandlove.eu\\\/et\\\/toode\\\/kyo-onahole-duss\\\/\"]}]},{\"@type\":\"ImageObject\",\"inLanguage\":\"et\",\"@id\":\"https:\\\/\\\/lustandlove.eu\\\/et\\\/toode\\\/kyo-onahole-duss\\\/#primaryimage\",\"url\":\"https:\\\/\\\/lustandlove.eu\\\/wp-content\\\/uploads\\\/kyo_onahole_shower_2_.png\",\"contentUrl\":\"https:\\\/\\\/lustandlove.eu\\\/wp-content\\\/uploads\\\/kyo_onahole_shower_2_.png\",\"width\":700,\"height\":700},{\"@type\":\"BreadcrumbList\",\"@id\":\"https:\\\/\\\/lustandlove.eu\\\/et\\\/toode\\\/kyo-onahole-duss\\\/#breadcrumb\",\"itemListElement\":[{\"@type\":\"ListItem\",\"position\":1,\"name\":\"Lust and Love\",\"item\":\"https:\\\/\\\/lustandlove.eu\\\/et\\\/\"},{\"@type\":\"ListItem\",\"position\":2,\"name\":\"Pood\",\"item\":\"https:\\\/\\\/lustandlove.eu\\\/et\\\/pood\\\/\"},{\"@type\":\"ListItem\",\"position\":3,\"name\":\"Libestid ja kehahooldus\",\"item\":\"https:\\\/\\\/lustandlove.eu\\\/et\\\/pood\\\/apteek\\\/\"},{\"@type\":\"ListItem\",\"position\":4,\"name\":\"Kyo onAhole Du\u0161\u0161\"}]},{\"@type\":\"WebSite\",\"@id\":\"https:\\\/\\\/lustandlove.eu\\\/et\\\/#website\",\"url\":\"https:\\\/\\\/lustandlove.eu\\\/et\\\/\",\"name\":\"Lust &amp; Love\",\"description\":\"Online erootikapood tervise, ilu ja armastuse jaoks\",\"publisher\":{\"@id\":\"https:\\\/\\\/lustandlove.eu\\\/et\\\/#organization\"},\"potentialAction\":[{\"@type\":\"SearchAction\",\"target\":{\"@type\":\"EntryPoint\",\"urlTemplate\":\"https:\\\/\\\/lustandlove.eu\\\/et\\\/?s={search_term_string}\"},\"query-input\":{\"@type\":\"PropertyValueSpecification\",\"valueRequired\":true,\"valueName\":\"search_term_string\"}}],\"inLanguage\":\"et\"},{\"@type\":\"Organization\",\"@id\":\"https:\\\/\\\/lustandlove.eu\\\/et\\\/#organization\",\"name\":\"Bioconcept Baltics O\u00dc\",\"url\":\"https:\\\/\\\/lustandlove.eu\\\/et\\\/\",\"logo\":{\"@type\":\"ImageObject\",\"inLanguage\":\"et\",\"@id\":\"https:\\\/\\\/lustandlove.eu\\\/et\\\/#\\\/schema\\\/logo\\\/image\\\/\",\"url\":\"\",\"contentUrl\":\"\",\"caption\":\"Bioconcept Baltics O\u00dc\"},\"image\":{\"@id\":\"https:\\\/\\\/lustandlove.eu\\\/et\\\/#\\\/schema\\\/logo\\\/image\\\/\"},\"sameAs\":[\"https:\\\/\\\/www.facebook.com\\\/LustandLoveEU\\\/\",\"https:\\\/\\\/www.instagram.com\\\/lustandloveeu\\\/\"]}]}<\/script>\n<!-- \/ Yoast SEO plugin. -->","yoast_head_json":{"title":"Kyo onAhole Du\u0161\u0161 | Lust and Love","description":"KYO suurep\u00e4rase puhastustoodete sarja uus t\u00e4iendus KYO Onahole du\u0161\u0161 muudab seksim\u00e4nguasjade pesemise ja loputamise lihtsamaks kui kunagi varem. Eriti suuremate m\u00e4nguasjade puhul on see asendamatu!","robots":{"index,follow,max-snippet":"index,follow,max-snippet:-1,max-image-preview:large,max-video-preview:-1"},"canonical":"https:\/\/lustandlove.eu\/et\/toode\/kyo-onahole-duss\/","twitter_card":"summary_large_image","twitter_title":"Kyo onAhole Du\u0161\u0161 | Lust and Love","twitter_description":"KYO suurep\u00e4rase puhastustoodete sarja uus t\u00e4iendus KYO Onahole du\u0161\u0161 muudab seksim\u00e4nguasjade pesemise ja loputamise lihtsamaks kui kunagi varem. Eriti suuremate m\u00e4nguasjade puhul on see asendamatu!","twitter_image":"https:\/\/lustandlove.eu\/wp-content\/uploads\/kyo_onahole_shower_2_.png","twitter_misc":{"Est. reading time":"2 minutit"},"schema":{"@context":"https:\/\/schema.org","@graph":[{"@type":["WebPage","ItemPage"],"@id":"https:\/\/lustandlove.eu\/et\/toode\/kyo-onahole-duss\/","url":"https:\/\/lustandlove.eu\/et\/toode\/kyo-onahole-duss\/","name":"Kyo onAhole Du\u0161\u0161 | Lust and Love","isPartOf":{"@id":"https:\/\/lustandlove.eu\/et\/#website"},"primaryImageOfPage":{"@id":"https:\/\/lustandlove.eu\/et\/toode\/kyo-onahole-duss\/#primaryimage"},"image":{"@id":"https:\/\/lustandlove.eu\/et\/toode\/kyo-onahole-duss\/#primaryimage"},"thumbnailUrl":"https:\/\/lustandlove.eu\/wp-content\/uploads\/kyo_onahole_shower_2_.png","datePublished":"2024-02-07T07:11:48+00:00","dateModified":"2026-04-13T07:27:20+00:00","description":"KYO suurep\u00e4rase puhastustoodete sarja uus t\u00e4iendus KYO Onahole du\u0161\u0161 muudab seksim\u00e4nguasjade pesemise ja loputamise lihtsamaks kui kunagi varem. Eriti suuremate m\u00e4nguasjade puhul on see asendamatu!","breadcrumb":{"@id":"https:\/\/lustandlove.eu\/et\/toode\/kyo-onahole-duss\/#breadcrumb"},"inLanguage":"et","potentialAction":[{"@type":"ReadAction","target":["https:\/\/lustandlove.eu\/et\/toode\/kyo-onahole-duss\/"]}]},{"@type":"ImageObject","inLanguage":"et","@id":"https:\/\/lustandlove.eu\/et\/toode\/kyo-onahole-duss\/#primaryimage","url":"https:\/\/lustandlove.eu\/wp-content\/uploads\/kyo_onahole_shower_2_.png","contentUrl":"https:\/\/lustandlove.eu\/wp-content\/uploads\/kyo_onahole_shower_2_.png","width":700,"height":700},{"@type":"BreadcrumbList","@id":"https:\/\/lustandlove.eu\/et\/toode\/kyo-onahole-duss\/#breadcrumb","itemListElement":[{"@type":"ListItem","position":1,"name":"Lust and Love","item":"https:\/\/lustandlove.eu\/et\/"},{"@type":"ListItem","position":2,"name":"Pood","item":"https:\/\/lustandlove.eu\/et\/pood\/"},{"@type":"ListItem","position":3,"name":"Libestid ja kehahooldus","item":"https:\/\/lustandlove.eu\/et\/pood\/apteek\/"},{"@type":"ListItem","position":4,"name":"Kyo onAhole Du\u0161\u0161"}]},{"@type":"WebSite","@id":"https:\/\/lustandlove.eu\/et\/#website","url":"https:\/\/lustandlove.eu\/et\/","name":"Lust &amp; Love","description":"Online erootikapood tervise, ilu ja armastuse jaoks","publisher":{"@id":"https:\/\/lustandlove.eu\/et\/#organization"},"potentialAction":[{"@type":"SearchAction","target":{"@type":"EntryPoint","urlTemplate":"https:\/\/lustandlove.eu\/et\/?s={search_term_string}"},"query-input":{"@type":"PropertyValueSpecification","valueRequired":true,"valueName":"search_term_string"}}],"inLanguage":"et"},{"@type":"Organization","@id":"https:\/\/lustandlove.eu\/et\/#organization","name":"Bioconcept Baltics O\u00dc","url":"https:\/\/lustandlove.eu\/et\/","logo":{"@type":"ImageObject","inLanguage":"et","@id":"https:\/\/lustandlove.eu\/et\/#\/schema\/logo\/image\/","url":"","contentUrl":"","caption":"Bioconcept Baltics O\u00dc"},"image":{"@id":"https:\/\/lustandlove.eu\/et\/#\/schema\/logo\/image\/"},"sameAs":["https:\/\/www.facebook.com\/LustandLoveEU\/","https:\/\/www.instagram.com\/lustandloveeu\/"]}]}},"_links":{"self":[{"href":"https:\/\/lustandlove.eu\/et\/wp-json\/wp\/v2\/product\/88390","targetHints":{"allow":["GET"]}}],"collection":[{"href":"https:\/\/lustandlove.eu\/et\/wp-json\/wp\/v2\/product"}],"about":[{"href":"https:\/\/lustandlove.eu\/et\/wp-json\/wp\/v2\/types\/product"}],"wp:featuredmedia":[{"embeddable":true,"href":"https:\/\/lustandlove.eu\/et\/wp-json\/wp\/v2\/media\/88404"}],"wp:attachment":[{"href":"https:\/\/lustandlove.eu\/et\/wp-json\/wp\/v2\/media?parent=88390"}],"wp:term":[{"taxonomy":"product_brand","embeddable":true,"href":"https:\/\/lustandlove.eu\/et\/wp-json\/wp\/v2\/product_brand?post=88390"},{"taxonomy":"product_cat","embeddable":true,"href":"https:\/\/lustandlove.eu\/et\/wp-json\/wp\/v2\/product_cat?post=88390"},{"taxonomy":"product_tag","embeddable":true,"href":"https:\/\/lustandlove.eu\/et\/wp-json\/wp\/v2\/product_tag?post=88390"}],"curies":[{"name":"wp","href":"https:\/\/api.w.org\/{rel}","templated":true}]}}