{"id":88419,"date":"2024-02-07T09:50:52","date_gmt":"2024-02-07T07:50:52","guid":{"rendered":"https:\/\/www.lustandlove.eu\/?post_type=product&#038;p=88419"},"modified":"2026-04-13T10:27:20","modified_gmt":"2026-04-13T07:27:20","slug":"kyo-onahole-soojendaja","status":"publish","type":"product","link":"https:\/\/lustandlove.eu\/et\/toode\/kyo-onahole-soojendaja\/","title":{"rendered":"Kyo onAhole Soojendaja"},"content":{"rendered":"<p><strong>Eriti turvaline onahole soojendaja<\/strong><br \/>\nKuigi odavad soojendajad l\u00e4heb aina kuumemaks, juhib KYO Onahole Soojendajat sisseehitatud termostaat. Nii ei saa see \u00fcle kuumeneda ega kahjustada teie m\u00e4nguasju*.<\/p>\n<p>KYO Onahole soojendil ei ole teravaid servi ega v\u00e4ljaulatuvaid punkte, nii et see ei kahjusta teie onahole&#8217;i \u00f5rna sisestruktuuri.<\/p>\n<p><strong>Kuidas kasutada USB-soojendit<\/strong><br \/>\nOnahole Warmeri kasutamine on lihtne: lihtsalt sisestage soojendaja oma lemmiksekslelu v\u00f5i -nukku sisse ja \u00fchendage USB-pistik USB-pessa. M\u00e4nguasja soojenemiseks kulub keskmiselt 2\u20134 minutit. Tagak\u00fcljel olev LED-indikaator annab m\u00e4rku, kas soojendaja alles soojeneb v\u00f5i on juba saavutanud temperatuuri 40 kraadi. V\u00f5tke soojendus v\u00e4lja ja teie m\u00e4nguasi on kasutamiseks valmis!<\/p>\n<p><strong>Seksim\u00e4nguasjade soojendaja kasutamise eelised<\/strong><br \/>\nTundub realistlikum<br \/>\nEi mingit &#8220;k\u00fclma\u0161okki&#8221; teie tundlikele osadele<br \/>\nKiirem ja lihtsam kui alternatiivid nagu kuum vesi<br \/>\nLubame, et kui te seda proovite, ei taha te enam kunagi k\u00fclmade onaholide juurde tagasi minna!<\/p>\n<p>* Kuigi soojendi kuumust piirab termostaat, on siiski ohutum kontrollida soojendatava toote temperatuuri iga paari minuti j\u00e4rel, et see liiga kuumaks ei l\u00e4heks.<\/p>\n","protected":false},"excerpt":{"rendered":"<p>Mis on veel parem kui onahole&#8217;i v\u00f5i seksnuku kasutamine? Eelsoojendatud onahole v\u00f5i seksnuku kasutamine! N\u00fc\u00fcd saate KYO Onahole Soojendajaga oma masturbatsioonilelusid kiiresti ja turvaliselt soojendada. USB-soojendid pole m\u00f5eldud ainult nendeks k\u00fclmadeks talve\u00f5htuteks; need muudavad teie kogemuse iga kord paremaks.<\/p>\n","protected":false},"featured_media":88421,"template":"","meta":[],"product_brand":[4142],"product_cat":[3525,1486,4004,1477,1484],"product_tag":[],"class_list":{"0":"post-88419","1":"product","2":"type-product","3":"status-publish","4":"has-post-thumbnail","6":"product_brand-motsutoys-et","7":"product_cat-hentai","8":"product_cat-lelude-aksessuaarid","9":"product_cat-lisad-ja-hooldus","10":"product_cat-meestele","11":"product_cat-sekslelud","12":"pa_brand-motsutoys-et","14":"first","15":"instock","16":"taxable","17":"shipping-taxable","18":"purchasable","19":"product-type-simple"},"yoast_head":"<!-- This site is optimized with the Yoast SEO plugin v27.4 - https:\/\/yoast.com\/product\/yoast-seo-wordpress\/ -->\n<title>Kyo onAhole Soojendaja | Lust and Love<\/title>\n<meta name=\"description\" content=\"N\u00fc\u00fcd saate KYO Onahole Warmeriga oma masturbatsioonitooteid kiiresti ja turvaliselt soojendada. Naudi 40-kraadist soojust vaid minutitega.\" \/>\n<meta name=\"robots\" content=\"index,follow,max-snippet:-1,max-image-preview:large,max-video-preview:-1\" \/>\n<link rel=\"canonical\" href=\"https:\/\/lustandlove.eu\/et\/toode\/kyo-onahole-soojendaja\/\" \/>\n<script type=\"application\/ld+json\" class=\"yoast-schema-graph\">{\"@context\":\"https:\\\/\\\/schema.org\",\"@graph\":[{\"@type\":[\"WebPage\",\"ItemPage\"],\"@id\":\"https:\\\/\\\/lustandlove.eu\\\/et\\\/toode\\\/kyo-onahole-soojendaja\\\/\",\"url\":\"https:\\\/\\\/lustandlove.eu\\\/et\\\/toode\\\/kyo-onahole-soojendaja\\\/\",\"name\":\"Kyo onAhole Soojendaja | Lust and Love\",\"isPartOf\":{\"@id\":\"https:\\\/\\\/lustandlove.eu\\\/et\\\/#website\"},\"primaryImageOfPage\":{\"@id\":\"https:\\\/\\\/lustandlove.eu\\\/et\\\/toode\\\/kyo-onahole-soojendaja\\\/#primaryimage\"},\"image\":{\"@id\":\"https:\\\/\\\/lustandlove.eu\\\/et\\\/toode\\\/kyo-onahole-soojendaja\\\/#primaryimage\"},\"thumbnailUrl\":\"https:\\\/\\\/lustandlove.eu\\\/wp-content\\\/uploads\\\/kyo-onahole-heater-800x800-1.png\",\"datePublished\":\"2024-02-07T07:50:52+00:00\",\"dateModified\":\"2026-04-13T07:27:20+00:00\",\"description\":\"N\u00fc\u00fcd saate KYO Onahole Warmeriga oma masturbatsioonitooteid kiiresti ja turvaliselt soojendada. Naudi 40-kraadist soojust vaid minutitega.\",\"breadcrumb\":{\"@id\":\"https:\\\/\\\/lustandlove.eu\\\/et\\\/toode\\\/kyo-onahole-soojendaja\\\/#breadcrumb\"},\"inLanguage\":\"et\",\"potentialAction\":[{\"@type\":\"ReadAction\",\"target\":[\"https:\\\/\\\/lustandlove.eu\\\/et\\\/toode\\\/kyo-onahole-soojendaja\\\/\"]}]},{\"@type\":\"ImageObject\",\"inLanguage\":\"et\",\"@id\":\"https:\\\/\\\/lustandlove.eu\\\/et\\\/toode\\\/kyo-onahole-soojendaja\\\/#primaryimage\",\"url\":\"https:\\\/\\\/lustandlove.eu\\\/wp-content\\\/uploads\\\/kyo-onahole-heater-800x800-1.png\",\"contentUrl\":\"https:\\\/\\\/lustandlove.eu\\\/wp-content\\\/uploads\\\/kyo-onahole-heater-800x800-1.png\",\"width\":700,\"height\":700},{\"@type\":\"BreadcrumbList\",\"@id\":\"https:\\\/\\\/lustandlove.eu\\\/et\\\/toode\\\/kyo-onahole-soojendaja\\\/#breadcrumb\",\"itemListElement\":[{\"@type\":\"ListItem\",\"position\":1,\"name\":\"Lust and Love\",\"item\":\"https:\\\/\\\/lustandlove.eu\\\/et\\\/\"},{\"@type\":\"ListItem\",\"position\":2,\"name\":\"Pood\",\"item\":\"https:\\\/\\\/lustandlove.eu\\\/et\\\/pood\\\/\"},{\"@type\":\"ListItem\",\"position\":3,\"name\":\"Meestele\",\"item\":\"https:\\\/\\\/lustandlove.eu\\\/et\\\/pood\\\/meestele\\\/\"},{\"@type\":\"ListItem\",\"position\":4,\"name\":\"Kyo onAhole Soojendaja\"}]},{\"@type\":\"WebSite\",\"@id\":\"https:\\\/\\\/lustandlove.eu\\\/et\\\/#website\",\"url\":\"https:\\\/\\\/lustandlove.eu\\\/et\\\/\",\"name\":\"Lust & Love\",\"description\":\"Online erootikapood tervise, ilu ja armastuse jaoks\",\"publisher\":{\"@id\":\"https:\\\/\\\/lustandlove.eu\\\/et\\\/#organization\"},\"potentialAction\":[{\"@type\":\"SearchAction\",\"target\":{\"@type\":\"EntryPoint\",\"urlTemplate\":\"https:\\\/\\\/lustandlove.eu\\\/et\\\/?s={search_term_string}\"},\"query-input\":{\"@type\":\"PropertyValueSpecification\",\"valueRequired\":true,\"valueName\":\"search_term_string\"}}],\"inLanguage\":\"et\"},{\"@type\":\"Organization\",\"@id\":\"https:\\\/\\\/lustandlove.eu\\\/et\\\/#organization\",\"name\":\"Bioconcept Baltics O\u00dc\",\"url\":\"https:\\\/\\\/lustandlove.eu\\\/et\\\/\",\"logo\":{\"@type\":\"ImageObject\",\"inLanguage\":\"et\",\"@id\":\"https:\\\/\\\/lustandlove.eu\\\/et\\\/#\\\/schema\\\/logo\\\/image\\\/\",\"url\":\"https:\\\/\\\/lustandlove.eu\\\/wp-content\\\/uploads\\\/logo-full-2.png\",\"contentUrl\":\"https:\\\/\\\/lustandlove.eu\\\/wp-content\\\/uploads\\\/logo-full-2.png\",\"width\":837,\"height\":200,\"caption\":\"Bioconcept Baltics O\u00dc\"},\"image\":{\"@id\":\"https:\\\/\\\/lustandlove.eu\\\/et\\\/#\\\/schema\\\/logo\\\/image\\\/\"},\"sameAs\":[\"https:\\\/\\\/www.facebook.com\\\/LustandLoveEU\\\/\",\"https:\\\/\\\/www.instagram.com\\\/lustandloveeu\\\/\"]}]}<\/script>\n<!-- \/ Yoast SEO plugin. -->","yoast_head_json":{"title":"Kyo onAhole Soojendaja | Lust and Love","description":"N\u00fc\u00fcd saate KYO Onahole Warmeriga oma masturbatsioonitooteid kiiresti ja turvaliselt soojendada. Naudi 40-kraadist soojust vaid minutitega.","robots":{"index,follow,max-snippet":"index,follow,max-snippet:-1,max-image-preview:large,max-video-preview:-1"},"canonical":"https:\/\/lustandlove.eu\/et\/toode\/kyo-onahole-soojendaja\/","schema":{"@context":"https:\/\/schema.org","@graph":[{"@type":["WebPage","ItemPage"],"@id":"https:\/\/lustandlove.eu\/et\/toode\/kyo-onahole-soojendaja\/","url":"https:\/\/lustandlove.eu\/et\/toode\/kyo-onahole-soojendaja\/","name":"Kyo onAhole Soojendaja | Lust and Love","isPartOf":{"@id":"https:\/\/lustandlove.eu\/et\/#website"},"primaryImageOfPage":{"@id":"https:\/\/lustandlove.eu\/et\/toode\/kyo-onahole-soojendaja\/#primaryimage"},"image":{"@id":"https:\/\/lustandlove.eu\/et\/toode\/kyo-onahole-soojendaja\/#primaryimage"},"thumbnailUrl":"https:\/\/lustandlove.eu\/wp-content\/uploads\/kyo-onahole-heater-800x800-1.png","datePublished":"2024-02-07T07:50:52+00:00","dateModified":"2026-04-13T07:27:20+00:00","description":"N\u00fc\u00fcd saate KYO Onahole Warmeriga oma masturbatsioonitooteid kiiresti ja turvaliselt soojendada. Naudi 40-kraadist soojust vaid minutitega.","breadcrumb":{"@id":"https:\/\/lustandlove.eu\/et\/toode\/kyo-onahole-soojendaja\/#breadcrumb"},"inLanguage":"et","potentialAction":[{"@type":"ReadAction","target":["https:\/\/lustandlove.eu\/et\/toode\/kyo-onahole-soojendaja\/"]}]},{"@type":"ImageObject","inLanguage":"et","@id":"https:\/\/lustandlove.eu\/et\/toode\/kyo-onahole-soojendaja\/#primaryimage","url":"https:\/\/lustandlove.eu\/wp-content\/uploads\/kyo-onahole-heater-800x800-1.png","contentUrl":"https:\/\/lustandlove.eu\/wp-content\/uploads\/kyo-onahole-heater-800x800-1.png","width":700,"height":700},{"@type":"BreadcrumbList","@id":"https:\/\/lustandlove.eu\/et\/toode\/kyo-onahole-soojendaja\/#breadcrumb","itemListElement":[{"@type":"ListItem","position":1,"name":"Lust and Love","item":"https:\/\/lustandlove.eu\/et\/"},{"@type":"ListItem","position":2,"name":"Pood","item":"https:\/\/lustandlove.eu\/et\/pood\/"},{"@type":"ListItem","position":3,"name":"Meestele","item":"https:\/\/lustandlove.eu\/et\/pood\/meestele\/"},{"@type":"ListItem","position":4,"name":"Kyo onAhole Soojendaja"}]},{"@type":"WebSite","@id":"https:\/\/lustandlove.eu\/et\/#website","url":"https:\/\/lustandlove.eu\/et\/","name":"Lust & Love","description":"Online erootikapood tervise, ilu ja armastuse jaoks","publisher":{"@id":"https:\/\/lustandlove.eu\/et\/#organization"},"potentialAction":[{"@type":"SearchAction","target":{"@type":"EntryPoint","urlTemplate":"https:\/\/lustandlove.eu\/et\/?s={search_term_string}"},"query-input":{"@type":"PropertyValueSpecification","valueRequired":true,"valueName":"search_term_string"}}],"inLanguage":"et"},{"@type":"Organization","@id":"https:\/\/lustandlove.eu\/et\/#organization","name":"Bioconcept Baltics O\u00dc","url":"https:\/\/lustandlove.eu\/et\/","logo":{"@type":"ImageObject","inLanguage":"et","@id":"https:\/\/lustandlove.eu\/et\/#\/schema\/logo\/image\/","url":"https:\/\/lustandlove.eu\/wp-content\/uploads\/logo-full-2.png","contentUrl":"https:\/\/lustandlove.eu\/wp-content\/uploads\/logo-full-2.png","width":837,"height":200,"caption":"Bioconcept Baltics O\u00dc"},"image":{"@id":"https:\/\/lustandlove.eu\/et\/#\/schema\/logo\/image\/"},"sameAs":["https:\/\/www.facebook.com\/LustandLoveEU\/","https:\/\/www.instagram.com\/lustandloveeu\/"]}]}},"_links":{"self":[{"href":"https:\/\/lustandlove.eu\/et\/wp-json\/wp\/v2\/product\/88419","targetHints":{"allow":["GET"]}}],"collection":[{"href":"https:\/\/lustandlove.eu\/et\/wp-json\/wp\/v2\/product"}],"about":[{"href":"https:\/\/lustandlove.eu\/et\/wp-json\/wp\/v2\/types\/product"}],"wp:featuredmedia":[{"embeddable":true,"href":"https:\/\/lustandlove.eu\/et\/wp-json\/wp\/v2\/media\/88421"}],"wp:attachment":[{"href":"https:\/\/lustandlove.eu\/et\/wp-json\/wp\/v2\/media?parent=88419"}],"wp:term":[{"taxonomy":"product_brand","embeddable":true,"href":"https:\/\/lustandlove.eu\/et\/wp-json\/wp\/v2\/product_brand?post=88419"},{"taxonomy":"product_cat","embeddable":true,"href":"https:\/\/lustandlove.eu\/et\/wp-json\/wp\/v2\/product_cat?post=88419"},{"taxonomy":"product_tag","embeddable":true,"href":"https:\/\/lustandlove.eu\/et\/wp-json\/wp\/v2\/product_tag?post=88419"}],"curies":[{"name":"wp","href":"https:\/\/api.w.org\/{rel}","templated":true}]}}