{"id":88429,"date":"2024-02-07T10:22:13","date_gmt":"2024-02-07T08:22:13","guid":{"rendered":"https:\/\/www.lustandlove.eu\/?post_type=product&#038;p=88429"},"modified":"2026-04-13T10:27:19","modified_gmt":"2026-04-13T07:27:19","slug":"kyo-onahole-puhastusvahend","status":"publish","type":"product","link":"https:\/\/lustandlove.eu\/et\/toode\/kyo-onahole-puhastusvahend\/","title":{"rendered":"Kyo onAhole Puhastusvahend"},"content":{"rendered":"<p><strong>Ideaalne sekslelude puhastamiseks<\/strong><br \/>\nT\u00e4nu koostisele on see puhastussprei uskumatult mitmek\u00fclgne. Seda saab kasutada nende ja paljude muude m\u00e4nguasjade puhastamiseks:<br \/>\nPeeniser\u00f5ngas<br \/>\nDildo<br \/>\nVibraator<br \/>\nAnaaltapp<br \/>\nSuutropp<br \/>\nSeksimasin<br \/>\nSeksnukk<br \/>\nEriti ideaalne teie onahole jaoks<\/p>\n<p>Onahole&#8217;i on kurikuulsalt raske puhastada, kuna nende sisemustel on sageli keeruline tekstuur, mis p\u00fc\u00fcab kinni mustuse ja mikroorganismid. Piisava pesemise ja k\u00fc\u00fcrimisega saate need praod kindlasti puhastada, kuid kareda k\u00fc\u00fcrimine v\u00f5ib m\u00e4nguasja eluiga ka l\u00fchendada.<\/p>\n<p>Puhastusprotsessis v\u00f5ib abiks olla m\u00e4nguasjade puhastusvahend. \u00d5hukesed, veep\u00f5hised vedelikud nagu KYO Spray, &#8220;imatakse&#8221; automaatselt kitsastesse kohtadesse protsessi abil, mida nimetatakse kapillaartegevuseks. T\u00e4nu sellele j\u00f5uab m\u00e4nguasjade puhastusvahend t\u00e4pselt sinna, kus ta olema peab! Puhastussprei tungib k\u00f5ige v\u00e4iksematesse pragudesse, tagades, et teie sekslelu on t\u00f5esti ja t\u00f5eliselt puhas.<\/p>\n<p>KYO puhastussprei sisaldab koostisosi, mis tapavad aktiivselt mikroorganisme, erinevalt seepidest, mis enamasti aitavad neid pinnalt eemaldada.<\/p>\n<p>See pihusti ei sisalda alkoholi. Paljud puhastusvahendid kasutavad alkoholi, kuna see on t\u00f5hus ja odav, kuid see l\u00fchendab ka teie onahole&#8217;i eluiga, kuivatades materjali, muutes selle rebenemisohtlikumaks.<\/p>\n<p><strong>Kuidas kasutada seksim\u00e4nguasjade puhastusspreid<\/strong><br \/>\nAlustuseks eemaldage m\u00e4nguasjalt nii palju libestit ja vedelikke kui v\u00f5imalik. Lihtsaim viis seda teha on tavaliselt kraani all loputada.<br \/>\nKandke pihustit soovitud kohta ja vajadusel masseerige v\u00f5i h\u00f5\u00f5ruge m\u00e4nguasja veidi, et see hajutada.<br \/>\nOodake minut v\u00f5i nii. N\u00fc\u00fcd on pihusti koostisosadel aega oma v\u00f5lu toimimiseks.<br \/>\nLoputage m\u00e4nguasi uuesti ja kuivatage see h\u00e4sti.<br \/>\nPeske k\u00e4si<\/p>\n","protected":false},"excerpt":{"rendered":"<p>Kas soovite, et teie seksim\u00e4nguasjad oleksid m\u00e4\u00e4rdunud ja r\u00e4pased?<br \/>\nKas soovite kulutada palju aega nende puhastamisele?<\/p>\n<p>Kui vastus m\u00f5lemale k\u00fcsimusele on &#8220;ei&#8221;, on puhastussprei \u00f5ige valik! KYO Cleaning Spray sisaldab aktiivseid koostisosi, mis tapavad baktereid vaevata, ilma tugeva n\u00fchkimiseta.<\/p>\n","protected":false},"featured_media":88437,"template":"","meta":[],"product_brand":[4142],"product_cat":[3525,1486,4004,1477,1484],"product_tag":[],"class_list":{"0":"post-88429","1":"product","2":"type-product","3":"status-publish","4":"has-post-thumbnail","6":"product_brand-motsutoys-et","7":"product_cat-hentai","8":"product_cat-lelude-aksessuaarid","9":"product_cat-lisad-ja-hooldus","10":"product_cat-meestele","11":"product_cat-sekslelud","12":"pa_brand-motsutoys-et","14":"first","15":"instock","16":"taxable","17":"shipping-taxable","18":"purchasable","19":"product-type-simple"},"yoast_head":"<!-- This site is optimized with the Yoast SEO plugin v27.3 - https:\/\/yoast.com\/product\/yoast-seo-wordpress\/ -->\n<title>Kyo onAhole Puhastusvahend | Lust and Love<\/title>\n<meta name=\"description\" content=\"KYO OnAhole puhastusvahend sisaldab aktiivseid koostisosi, mis tapavad baktereid vaevata, ilma tugeva n\u00fchkimiseta. Puhastussprei tungib k\u00f5ige v\u00e4iksematesse pragudesse.\" \/>\n<meta name=\"robots\" content=\"index,follow,max-snippet:-1,max-image-preview:large,max-video-preview:-1\" \/>\n<link rel=\"canonical\" href=\"https:\/\/lustandlove.eu\/et\/toode\/kyo-onahole-puhastusvahend\/\" \/>\n<meta name=\"twitter:card\" content=\"summary_large_image\" \/>\n<meta name=\"twitter:title\" content=\"Kyo onAhole Puhastusvahend | Lust and Love\" \/>\n<meta name=\"twitter:description\" content=\"KYO OnAhole puhastusvahend sisaldab aktiivseid koostisosi, mis tapavad baktereid vaevata, ilma tugeva n\u00fchkimiseta. Puhastussprei tungib k\u00f5ige v\u00e4iksematesse pragudesse.\" \/>\n<meta name=\"twitter:image\" content=\"https:\/\/lustandlove.eu\/wp-content\/uploads\/kyo_sex_toy_cleaner_spray_3_.png\" \/>\n<meta name=\"twitter:label1\" content=\"Est. reading time\" \/>\n\t<meta name=\"twitter:data1\" content=\"1 minut\" \/>\n<script type=\"application\/ld+json\" class=\"yoast-schema-graph\">{\"@context\":\"https:\\\/\\\/schema.org\",\"@graph\":[{\"@type\":[\"WebPage\",\"ItemPage\"],\"@id\":\"https:\\\/\\\/lustandlove.eu\\\/et\\\/toode\\\/kyo-onahole-puhastusvahend\\\/\",\"url\":\"https:\\\/\\\/lustandlove.eu\\\/et\\\/toode\\\/kyo-onahole-puhastusvahend\\\/\",\"name\":\"Kyo onAhole Puhastusvahend | Lust and Love\",\"isPartOf\":{\"@id\":\"https:\\\/\\\/lustandlove.eu\\\/et\\\/#website\"},\"primaryImageOfPage\":{\"@id\":\"https:\\\/\\\/lustandlove.eu\\\/et\\\/toode\\\/kyo-onahole-puhastusvahend\\\/#primaryimage\"},\"image\":{\"@id\":\"https:\\\/\\\/lustandlove.eu\\\/et\\\/toode\\\/kyo-onahole-puhastusvahend\\\/#primaryimage\"},\"thumbnailUrl\":\"https:\\\/\\\/lustandlove.eu\\\/wp-content\\\/uploads\\\/kyo_sex_toy_cleaner_spray_3_.png\",\"datePublished\":\"2024-02-07T08:22:13+00:00\",\"dateModified\":\"2026-04-13T07:27:19+00:00\",\"description\":\"KYO OnAhole puhastusvahend sisaldab aktiivseid koostisosi, mis tapavad baktereid vaevata, ilma tugeva n\u00fchkimiseta. Puhastussprei tungib k\u00f5ige v\u00e4iksematesse pragudesse.\",\"breadcrumb\":{\"@id\":\"https:\\\/\\\/lustandlove.eu\\\/et\\\/toode\\\/kyo-onahole-puhastusvahend\\\/#breadcrumb\"},\"inLanguage\":\"et\",\"potentialAction\":[{\"@type\":\"ReadAction\",\"target\":[\"https:\\\/\\\/lustandlove.eu\\\/et\\\/toode\\\/kyo-onahole-puhastusvahend\\\/\"]}]},{\"@type\":\"ImageObject\",\"inLanguage\":\"et\",\"@id\":\"https:\\\/\\\/lustandlove.eu\\\/et\\\/toode\\\/kyo-onahole-puhastusvahend\\\/#primaryimage\",\"url\":\"https:\\\/\\\/lustandlove.eu\\\/wp-content\\\/uploads\\\/kyo_sex_toy_cleaner_spray_3_.png\",\"contentUrl\":\"https:\\\/\\\/lustandlove.eu\\\/wp-content\\\/uploads\\\/kyo_sex_toy_cleaner_spray_3_.png\",\"width\":700,\"height\":700},{\"@type\":\"BreadcrumbList\",\"@id\":\"https:\\\/\\\/lustandlove.eu\\\/et\\\/toode\\\/kyo-onahole-puhastusvahend\\\/#breadcrumb\",\"itemListElement\":[{\"@type\":\"ListItem\",\"position\":1,\"name\":\"Lust and Love\",\"item\":\"https:\\\/\\\/lustandlove.eu\\\/et\\\/\"},{\"@type\":\"ListItem\",\"position\":2,\"name\":\"Pood\",\"item\":\"https:\\\/\\\/lustandlove.eu\\\/et\\\/pood\\\/\"},{\"@type\":\"ListItem\",\"position\":3,\"name\":\"Libestid ja kehahooldus\",\"item\":\"https:\\\/\\\/lustandlove.eu\\\/et\\\/pood\\\/apteek\\\/\"},{\"@type\":\"ListItem\",\"position\":4,\"name\":\"Kyo onAhole Puhastusvahend\"}]},{\"@type\":\"WebSite\",\"@id\":\"https:\\\/\\\/lustandlove.eu\\\/et\\\/#website\",\"url\":\"https:\\\/\\\/lustandlove.eu\\\/et\\\/\",\"name\":\"Lust &amp; Love\",\"description\":\"Online erootikapood tervise, ilu ja armastuse jaoks\",\"publisher\":{\"@id\":\"https:\\\/\\\/lustandlove.eu\\\/et\\\/#organization\"},\"potentialAction\":[{\"@type\":\"SearchAction\",\"target\":{\"@type\":\"EntryPoint\",\"urlTemplate\":\"https:\\\/\\\/lustandlove.eu\\\/et\\\/?s={search_term_string}\"},\"query-input\":{\"@type\":\"PropertyValueSpecification\",\"valueRequired\":true,\"valueName\":\"search_term_string\"}}],\"inLanguage\":\"et\"},{\"@type\":\"Organization\",\"@id\":\"https:\\\/\\\/lustandlove.eu\\\/et\\\/#organization\",\"name\":\"Bioconcept Baltics O\u00dc\",\"url\":\"https:\\\/\\\/lustandlove.eu\\\/et\\\/\",\"logo\":{\"@type\":\"ImageObject\",\"inLanguage\":\"et\",\"@id\":\"https:\\\/\\\/lustandlove.eu\\\/et\\\/#\\\/schema\\\/logo\\\/image\\\/\",\"url\":\"\",\"contentUrl\":\"\",\"caption\":\"Bioconcept Baltics O\u00dc\"},\"image\":{\"@id\":\"https:\\\/\\\/lustandlove.eu\\\/et\\\/#\\\/schema\\\/logo\\\/image\\\/\"},\"sameAs\":[\"https:\\\/\\\/www.facebook.com\\\/LustandLoveEU\\\/\",\"https:\\\/\\\/www.instagram.com\\\/lustandloveeu\\\/\"]}]}<\/script>\n<!-- \/ Yoast SEO plugin. -->","yoast_head_json":{"title":"Kyo onAhole Puhastusvahend | Lust and Love","description":"KYO OnAhole puhastusvahend sisaldab aktiivseid koostisosi, mis tapavad baktereid vaevata, ilma tugeva n\u00fchkimiseta. Puhastussprei tungib k\u00f5ige v\u00e4iksematesse pragudesse.","robots":{"index,follow,max-snippet":"index,follow,max-snippet:-1,max-image-preview:large,max-video-preview:-1"},"canonical":"https:\/\/lustandlove.eu\/et\/toode\/kyo-onahole-puhastusvahend\/","twitter_card":"summary_large_image","twitter_title":"Kyo onAhole Puhastusvahend | Lust and Love","twitter_description":"KYO OnAhole puhastusvahend sisaldab aktiivseid koostisosi, mis tapavad baktereid vaevata, ilma tugeva n\u00fchkimiseta. Puhastussprei tungib k\u00f5ige v\u00e4iksematesse pragudesse.","twitter_image":"https:\/\/lustandlove.eu\/wp-content\/uploads\/kyo_sex_toy_cleaner_spray_3_.png","twitter_misc":{"Est. reading time":"1 minut"},"schema":{"@context":"https:\/\/schema.org","@graph":[{"@type":["WebPage","ItemPage"],"@id":"https:\/\/lustandlove.eu\/et\/toode\/kyo-onahole-puhastusvahend\/","url":"https:\/\/lustandlove.eu\/et\/toode\/kyo-onahole-puhastusvahend\/","name":"Kyo onAhole Puhastusvahend | Lust and Love","isPartOf":{"@id":"https:\/\/lustandlove.eu\/et\/#website"},"primaryImageOfPage":{"@id":"https:\/\/lustandlove.eu\/et\/toode\/kyo-onahole-puhastusvahend\/#primaryimage"},"image":{"@id":"https:\/\/lustandlove.eu\/et\/toode\/kyo-onahole-puhastusvahend\/#primaryimage"},"thumbnailUrl":"https:\/\/lustandlove.eu\/wp-content\/uploads\/kyo_sex_toy_cleaner_spray_3_.png","datePublished":"2024-02-07T08:22:13+00:00","dateModified":"2026-04-13T07:27:19+00:00","description":"KYO OnAhole puhastusvahend sisaldab aktiivseid koostisosi, mis tapavad baktereid vaevata, ilma tugeva n\u00fchkimiseta. Puhastussprei tungib k\u00f5ige v\u00e4iksematesse pragudesse.","breadcrumb":{"@id":"https:\/\/lustandlove.eu\/et\/toode\/kyo-onahole-puhastusvahend\/#breadcrumb"},"inLanguage":"et","potentialAction":[{"@type":"ReadAction","target":["https:\/\/lustandlove.eu\/et\/toode\/kyo-onahole-puhastusvahend\/"]}]},{"@type":"ImageObject","inLanguage":"et","@id":"https:\/\/lustandlove.eu\/et\/toode\/kyo-onahole-puhastusvahend\/#primaryimage","url":"https:\/\/lustandlove.eu\/wp-content\/uploads\/kyo_sex_toy_cleaner_spray_3_.png","contentUrl":"https:\/\/lustandlove.eu\/wp-content\/uploads\/kyo_sex_toy_cleaner_spray_3_.png","width":700,"height":700},{"@type":"BreadcrumbList","@id":"https:\/\/lustandlove.eu\/et\/toode\/kyo-onahole-puhastusvahend\/#breadcrumb","itemListElement":[{"@type":"ListItem","position":1,"name":"Lust and Love","item":"https:\/\/lustandlove.eu\/et\/"},{"@type":"ListItem","position":2,"name":"Pood","item":"https:\/\/lustandlove.eu\/et\/pood\/"},{"@type":"ListItem","position":3,"name":"Libestid ja kehahooldus","item":"https:\/\/lustandlove.eu\/et\/pood\/apteek\/"},{"@type":"ListItem","position":4,"name":"Kyo onAhole Puhastusvahend"}]},{"@type":"WebSite","@id":"https:\/\/lustandlove.eu\/et\/#website","url":"https:\/\/lustandlove.eu\/et\/","name":"Lust &amp; Love","description":"Online erootikapood tervise, ilu ja armastuse jaoks","publisher":{"@id":"https:\/\/lustandlove.eu\/et\/#organization"},"potentialAction":[{"@type":"SearchAction","target":{"@type":"EntryPoint","urlTemplate":"https:\/\/lustandlove.eu\/et\/?s={search_term_string}"},"query-input":{"@type":"PropertyValueSpecification","valueRequired":true,"valueName":"search_term_string"}}],"inLanguage":"et"},{"@type":"Organization","@id":"https:\/\/lustandlove.eu\/et\/#organization","name":"Bioconcept Baltics O\u00dc","url":"https:\/\/lustandlove.eu\/et\/","logo":{"@type":"ImageObject","inLanguage":"et","@id":"https:\/\/lustandlove.eu\/et\/#\/schema\/logo\/image\/","url":"","contentUrl":"","caption":"Bioconcept Baltics O\u00dc"},"image":{"@id":"https:\/\/lustandlove.eu\/et\/#\/schema\/logo\/image\/"},"sameAs":["https:\/\/www.facebook.com\/LustandLoveEU\/","https:\/\/www.instagram.com\/lustandloveeu\/"]}]}},"_links":{"self":[{"href":"https:\/\/lustandlove.eu\/et\/wp-json\/wp\/v2\/product\/88429","targetHints":{"allow":["GET"]}}],"collection":[{"href":"https:\/\/lustandlove.eu\/et\/wp-json\/wp\/v2\/product"}],"about":[{"href":"https:\/\/lustandlove.eu\/et\/wp-json\/wp\/v2\/types\/product"}],"wp:featuredmedia":[{"embeddable":true,"href":"https:\/\/lustandlove.eu\/et\/wp-json\/wp\/v2\/media\/88437"}],"wp:attachment":[{"href":"https:\/\/lustandlove.eu\/et\/wp-json\/wp\/v2\/media?parent=88429"}],"wp:term":[{"taxonomy":"product_brand","embeddable":true,"href":"https:\/\/lustandlove.eu\/et\/wp-json\/wp\/v2\/product_brand?post=88429"},{"taxonomy":"product_cat","embeddable":true,"href":"https:\/\/lustandlove.eu\/et\/wp-json\/wp\/v2\/product_cat?post=88429"},{"taxonomy":"product_tag","embeddable":true,"href":"https:\/\/lustandlove.eu\/et\/wp-json\/wp\/v2\/product_tag?post=88429"}],"curies":[{"name":"wp","href":"https:\/\/api.w.org\/{rel}","templated":true}]}}