{"id":88441,"date":"2024-02-07T10:54:39","date_gmt":"2024-02-07T08:54:39","guid":{"rendered":"https:\/\/www.lustandlove.eu\/?post_type=product&#038;p=88441"},"modified":"2026-04-13T10:27:19","modified_gmt":"2026-04-13T07:27:19","slug":"kyo-onahole-puhastusvaht","status":"publish","type":"product","link":"https:\/\/lustandlove.eu\/et\/toode\/kyo-onahole-puhastusvaht\/","title":{"rendered":"Kyo onAhole Puhastusvaht Orgaaniline"},"content":{"rendered":"<p><strong>Puhastusvaht onahole&#8217;i, taskumastrubaatorite ja muu jaoks<\/strong><br \/>\nIga kord, kui selle pudeli \u00fclaosa alla vajutate, pigistatakse v\u00e4lja rikkaliku t\u00e4pi vahtu. See tihe vaht koosneb tohutul hulgal pisikestest mullidest. Vahu eeliseks pihustiga v\u00f5rreldes on see, et mullid p\u00fc\u00fcavad mustuseosakesi eriti h\u00e4sti kinni. Veelgi enam, kuna mullid on nii v\u00e4ikesed, sobivad need suurep\u00e4raselt paljudele pisikeste detailide puhastamiseks. P\u00e4rast onahole loputades pestakse koos vahuga v\u00e4lja ka kogu mustus!<\/p>\n<p><strong>Puhastusvahtu saab kasutada puhastamiseks:<\/strong><br \/>\nOnahole, taskumastrubaatorite, Fleshlights ja muu sarnase jaoks<br \/>\nAnaaltapid<br \/>\nVibraatorid<br \/>\nDildod<br \/>\nPeeniser\u00f5ngad<br \/>\nEesn\u00e4\u00e4rme masseerijad<br \/>\nSeksimasinad<br \/>\nSeksnukud<br \/>\nJa palju muid intiimseid m\u00e4nguasju.<\/p>\n<p><strong>Kuidas kasutada KYO orgaanilist vahtu<\/strong><br \/>\nLoputage libesti ja kehavedelikud<br \/>\nEemaldage kork ja pigistage vaht m\u00e4nguasjale, mida soovite puhastada.<br \/>\nH\u00f5\u00f5ruge sellega \u00fcle pindade ja\/v\u00f5i seest, et see j\u00f5uaks k\u00f5ikjale.<br \/>\nLoputage m\u00e4nguasi vee all ja kuivatage see h\u00e4sti.<\/p>\n<p>Onahole&#8217;i ja muude sisetunneliga sekslelude puhul on viimane samm eriti oluline. Meil on saadaval spetsiaalsed sekslelude kuivatamise tooted, mis muudavad selle sammu kiiremaks ja lihtsamaks.<\/p>\n","protected":false},"excerpt":{"rendered":"<p>Otsime alati v\u00f5imalusi, kuidas muuta teie m\u00e4nguasjade puhastamine veelgi lihtsamaks ja t\u00f5husamaks, sest puhastamine on sekslelu omamise igav, kuid vajalik osa. Seda uut orgaanilise vahuga puhastusvahendit pole mitte ainult \u00fclilihtne kasutada, vaid see on ka ohutu teile, teie m\u00e4nguasjadele ja planeedile.<\/p>\n","protected":false},"featured_media":88447,"template":"","meta":[],"product_brand":[4142],"product_cat":[3525,1486,4004,1477,1484],"product_tag":[],"class_list":{"0":"post-88441","1":"product","2":"type-product","3":"status-publish","4":"has-post-thumbnail","6":"product_brand-motsutoys-et","7":"product_cat-hentai","8":"product_cat-lelude-aksessuaarid","9":"product_cat-lisad-ja-hooldus","10":"product_cat-meestele","11":"product_cat-sekslelud","12":"pa_brand-motsutoys-et","14":"first","15":"instock","16":"taxable","17":"shipping-taxable","18":"purchasable","19":"product-type-simple"},"yoast_head":"<!-- This site is optimized with the Yoast SEO plugin v27.3 - https:\/\/yoast.com\/product\/yoast-seo-wordpress\/ -->\n<title>Kyo onAhole Puhastusvaht Orgaaniline | Lust and Love<\/title>\n<meta name=\"description\" content=\"Seda uut orgaanilise vahuga puhastusvahendit pole mitte ainult \u00fclilihtne kasutada, vaid see on ka ohutu teile, teie m\u00e4nguasjadele ja planeedile.\" \/>\n<meta name=\"robots\" content=\"index,follow,max-snippet:-1,max-image-preview:large,max-video-preview:-1\" \/>\n<link rel=\"canonical\" href=\"https:\/\/lustandlove.eu\/et\/toode\/kyo-onahole-puhastusvaht\/\" \/>\n<meta name=\"twitter:card\" content=\"summary_large_image\" \/>\n<meta name=\"twitter:title\" content=\"Kyo onAhole Puhastusvaht Orgaaniline | Lust and Love\" \/>\n<meta name=\"twitter:description\" content=\"Seda uut orgaanilise vahuga puhastusvahendit pole mitte ainult \u00fclilihtne kasutada, vaid see on ka ohutu teile, teie m\u00e4nguasjadele ja planeedile.\" \/>\n<meta name=\"twitter:image\" content=\"https:\/\/lustandlove.eu\/wp-content\/uploads\/kyo_sex_toy_cleaner_organic_foam_2_.png\" \/>\n<meta name=\"twitter:label1\" content=\"Est. reading time\" \/>\n\t<meta name=\"twitter:data1\" content=\"1 minut\" \/>\n<script type=\"application\/ld+json\" class=\"yoast-schema-graph\">{\"@context\":\"https:\\\/\\\/schema.org\",\"@graph\":[{\"@type\":[\"WebPage\",\"ItemPage\"],\"@id\":\"https:\\\/\\\/lustandlove.eu\\\/et\\\/toode\\\/kyo-onahole-puhastusvaht\\\/\",\"url\":\"https:\\\/\\\/lustandlove.eu\\\/et\\\/toode\\\/kyo-onahole-puhastusvaht\\\/\",\"name\":\"Kyo onAhole Puhastusvaht Orgaaniline | Lust and Love\",\"isPartOf\":{\"@id\":\"https:\\\/\\\/lustandlove.eu\\\/et\\\/#website\"},\"primaryImageOfPage\":{\"@id\":\"https:\\\/\\\/lustandlove.eu\\\/et\\\/toode\\\/kyo-onahole-puhastusvaht\\\/#primaryimage\"},\"image\":{\"@id\":\"https:\\\/\\\/lustandlove.eu\\\/et\\\/toode\\\/kyo-onahole-puhastusvaht\\\/#primaryimage\"},\"thumbnailUrl\":\"https:\\\/\\\/lustandlove.eu\\\/wp-content\\\/uploads\\\/kyo_sex_toy_cleaner_organic_foam_2_.png\",\"datePublished\":\"2024-02-07T08:54:39+00:00\",\"dateModified\":\"2026-04-13T07:27:19+00:00\",\"description\":\"Seda uut orgaanilise vahuga puhastusvahendit pole mitte ainult \u00fclilihtne kasutada, vaid see on ka ohutu teile, teie m\u00e4nguasjadele ja planeedile.\",\"breadcrumb\":{\"@id\":\"https:\\\/\\\/lustandlove.eu\\\/et\\\/toode\\\/kyo-onahole-puhastusvaht\\\/#breadcrumb\"},\"inLanguage\":\"et\",\"potentialAction\":[{\"@type\":\"ReadAction\",\"target\":[\"https:\\\/\\\/lustandlove.eu\\\/et\\\/toode\\\/kyo-onahole-puhastusvaht\\\/\"]}]},{\"@type\":\"ImageObject\",\"inLanguage\":\"et\",\"@id\":\"https:\\\/\\\/lustandlove.eu\\\/et\\\/toode\\\/kyo-onahole-puhastusvaht\\\/#primaryimage\",\"url\":\"https:\\\/\\\/lustandlove.eu\\\/wp-content\\\/uploads\\\/kyo_sex_toy_cleaner_organic_foam_2_.png\",\"contentUrl\":\"https:\\\/\\\/lustandlove.eu\\\/wp-content\\\/uploads\\\/kyo_sex_toy_cleaner_organic_foam_2_.png\",\"width\":700,\"height\":700},{\"@type\":\"BreadcrumbList\",\"@id\":\"https:\\\/\\\/lustandlove.eu\\\/et\\\/toode\\\/kyo-onahole-puhastusvaht\\\/#breadcrumb\",\"itemListElement\":[{\"@type\":\"ListItem\",\"position\":1,\"name\":\"Lust and Love\",\"item\":\"https:\\\/\\\/lustandlove.eu\\\/et\\\/\"},{\"@type\":\"ListItem\",\"position\":2,\"name\":\"Pood\",\"item\":\"https:\\\/\\\/lustandlove.eu\\\/et\\\/pood\\\/\"},{\"@type\":\"ListItem\",\"position\":3,\"name\":\"Libestid ja kehahooldus\",\"item\":\"https:\\\/\\\/lustandlove.eu\\\/et\\\/pood\\\/apteek\\\/\"},{\"@type\":\"ListItem\",\"position\":4,\"name\":\"Kyo onAhole Puhastusvaht Orgaaniline\"}]},{\"@type\":\"WebSite\",\"@id\":\"https:\\\/\\\/lustandlove.eu\\\/et\\\/#website\",\"url\":\"https:\\\/\\\/lustandlove.eu\\\/et\\\/\",\"name\":\"Lust &amp; Love\",\"description\":\"Online erootikapood tervise, ilu ja armastuse jaoks\",\"publisher\":{\"@id\":\"https:\\\/\\\/lustandlove.eu\\\/et\\\/#organization\"},\"potentialAction\":[{\"@type\":\"SearchAction\",\"target\":{\"@type\":\"EntryPoint\",\"urlTemplate\":\"https:\\\/\\\/lustandlove.eu\\\/et\\\/?s={search_term_string}\"},\"query-input\":{\"@type\":\"PropertyValueSpecification\",\"valueRequired\":true,\"valueName\":\"search_term_string\"}}],\"inLanguage\":\"et\"},{\"@type\":\"Organization\",\"@id\":\"https:\\\/\\\/lustandlove.eu\\\/et\\\/#organization\",\"name\":\"Bioconcept Baltics O\u00dc\",\"url\":\"https:\\\/\\\/lustandlove.eu\\\/et\\\/\",\"logo\":{\"@type\":\"ImageObject\",\"inLanguage\":\"et\",\"@id\":\"https:\\\/\\\/lustandlove.eu\\\/et\\\/#\\\/schema\\\/logo\\\/image\\\/\",\"url\":\"\",\"contentUrl\":\"\",\"caption\":\"Bioconcept Baltics O\u00dc\"},\"image\":{\"@id\":\"https:\\\/\\\/lustandlove.eu\\\/et\\\/#\\\/schema\\\/logo\\\/image\\\/\"},\"sameAs\":[\"https:\\\/\\\/www.facebook.com\\\/LustandLoveEU\\\/\",\"https:\\\/\\\/www.instagram.com\\\/lustandloveeu\\\/\"]}]}<\/script>\n<!-- \/ Yoast SEO plugin. -->","yoast_head_json":{"title":"Kyo onAhole Puhastusvaht Orgaaniline | Lust and Love","description":"Seda uut orgaanilise vahuga puhastusvahendit pole mitte ainult \u00fclilihtne kasutada, vaid see on ka ohutu teile, teie m\u00e4nguasjadele ja planeedile.","robots":{"index,follow,max-snippet":"index,follow,max-snippet:-1,max-image-preview:large,max-video-preview:-1"},"canonical":"https:\/\/lustandlove.eu\/et\/toode\/kyo-onahole-puhastusvaht\/","twitter_card":"summary_large_image","twitter_title":"Kyo onAhole Puhastusvaht Orgaaniline | Lust and Love","twitter_description":"Seda uut orgaanilise vahuga puhastusvahendit pole mitte ainult \u00fclilihtne kasutada, vaid see on ka ohutu teile, teie m\u00e4nguasjadele ja planeedile.","twitter_image":"https:\/\/lustandlove.eu\/wp-content\/uploads\/kyo_sex_toy_cleaner_organic_foam_2_.png","twitter_misc":{"Est. reading time":"1 minut"},"schema":{"@context":"https:\/\/schema.org","@graph":[{"@type":["WebPage","ItemPage"],"@id":"https:\/\/lustandlove.eu\/et\/toode\/kyo-onahole-puhastusvaht\/","url":"https:\/\/lustandlove.eu\/et\/toode\/kyo-onahole-puhastusvaht\/","name":"Kyo onAhole Puhastusvaht Orgaaniline | Lust and Love","isPartOf":{"@id":"https:\/\/lustandlove.eu\/et\/#website"},"primaryImageOfPage":{"@id":"https:\/\/lustandlove.eu\/et\/toode\/kyo-onahole-puhastusvaht\/#primaryimage"},"image":{"@id":"https:\/\/lustandlove.eu\/et\/toode\/kyo-onahole-puhastusvaht\/#primaryimage"},"thumbnailUrl":"https:\/\/lustandlove.eu\/wp-content\/uploads\/kyo_sex_toy_cleaner_organic_foam_2_.png","datePublished":"2024-02-07T08:54:39+00:00","dateModified":"2026-04-13T07:27:19+00:00","description":"Seda uut orgaanilise vahuga puhastusvahendit pole mitte ainult \u00fclilihtne kasutada, vaid see on ka ohutu teile, teie m\u00e4nguasjadele ja planeedile.","breadcrumb":{"@id":"https:\/\/lustandlove.eu\/et\/toode\/kyo-onahole-puhastusvaht\/#breadcrumb"},"inLanguage":"et","potentialAction":[{"@type":"ReadAction","target":["https:\/\/lustandlove.eu\/et\/toode\/kyo-onahole-puhastusvaht\/"]}]},{"@type":"ImageObject","inLanguage":"et","@id":"https:\/\/lustandlove.eu\/et\/toode\/kyo-onahole-puhastusvaht\/#primaryimage","url":"https:\/\/lustandlove.eu\/wp-content\/uploads\/kyo_sex_toy_cleaner_organic_foam_2_.png","contentUrl":"https:\/\/lustandlove.eu\/wp-content\/uploads\/kyo_sex_toy_cleaner_organic_foam_2_.png","width":700,"height":700},{"@type":"BreadcrumbList","@id":"https:\/\/lustandlove.eu\/et\/toode\/kyo-onahole-puhastusvaht\/#breadcrumb","itemListElement":[{"@type":"ListItem","position":1,"name":"Lust and Love","item":"https:\/\/lustandlove.eu\/et\/"},{"@type":"ListItem","position":2,"name":"Pood","item":"https:\/\/lustandlove.eu\/et\/pood\/"},{"@type":"ListItem","position":3,"name":"Libestid ja kehahooldus","item":"https:\/\/lustandlove.eu\/et\/pood\/apteek\/"},{"@type":"ListItem","position":4,"name":"Kyo onAhole Puhastusvaht Orgaaniline"}]},{"@type":"WebSite","@id":"https:\/\/lustandlove.eu\/et\/#website","url":"https:\/\/lustandlove.eu\/et\/","name":"Lust &amp; Love","description":"Online erootikapood tervise, ilu ja armastuse jaoks","publisher":{"@id":"https:\/\/lustandlove.eu\/et\/#organization"},"potentialAction":[{"@type":"SearchAction","target":{"@type":"EntryPoint","urlTemplate":"https:\/\/lustandlove.eu\/et\/?s={search_term_string}"},"query-input":{"@type":"PropertyValueSpecification","valueRequired":true,"valueName":"search_term_string"}}],"inLanguage":"et"},{"@type":"Organization","@id":"https:\/\/lustandlove.eu\/et\/#organization","name":"Bioconcept Baltics O\u00dc","url":"https:\/\/lustandlove.eu\/et\/","logo":{"@type":"ImageObject","inLanguage":"et","@id":"https:\/\/lustandlove.eu\/et\/#\/schema\/logo\/image\/","url":"","contentUrl":"","caption":"Bioconcept Baltics O\u00dc"},"image":{"@id":"https:\/\/lustandlove.eu\/et\/#\/schema\/logo\/image\/"},"sameAs":["https:\/\/www.facebook.com\/LustandLoveEU\/","https:\/\/www.instagram.com\/lustandloveeu\/"]}]}},"_links":{"self":[{"href":"https:\/\/lustandlove.eu\/et\/wp-json\/wp\/v2\/product\/88441","targetHints":{"allow":["GET"]}}],"collection":[{"href":"https:\/\/lustandlove.eu\/et\/wp-json\/wp\/v2\/product"}],"about":[{"href":"https:\/\/lustandlove.eu\/et\/wp-json\/wp\/v2\/types\/product"}],"wp:featuredmedia":[{"embeddable":true,"href":"https:\/\/lustandlove.eu\/et\/wp-json\/wp\/v2\/media\/88447"}],"wp:attachment":[{"href":"https:\/\/lustandlove.eu\/et\/wp-json\/wp\/v2\/media?parent=88441"}],"wp:term":[{"taxonomy":"product_brand","embeddable":true,"href":"https:\/\/lustandlove.eu\/et\/wp-json\/wp\/v2\/product_brand?post=88441"},{"taxonomy":"product_cat","embeddable":true,"href":"https:\/\/lustandlove.eu\/et\/wp-json\/wp\/v2\/product_cat?post=88441"},{"taxonomy":"product_tag","embeddable":true,"href":"https:\/\/lustandlove.eu\/et\/wp-json\/wp\/v2\/product_tag?post=88441"}],"curies":[{"name":"wp","href":"https:\/\/api.w.org\/{rel}","templated":true}]}}