{"id":88451,"date":"2024-02-07T11:18:35","date_gmt":"2024-02-07T09:18:36","guid":{"rendered":"https:\/\/www.lustandlove.eu\/?post_type=product&#038;p=88451"},"modified":"2026-04-13T10:27:19","modified_gmt":"2026-04-13T07:27:19","slug":"kyo-onahole-hoolduspulber","status":"publish","type":"product","link":"https:\/\/lustandlove.eu\/et\/toode\/kyo-onahole-hoolduspulber\/","title":{"rendered":"Kyo onAhole Hoolduspulber"},"content":{"rendered":"<p><strong>Kuidas oma onahole&#8217;i eest hoolitseda<\/strong><br \/>\nKasutage oma onahole&#8217;i (usume, et saate selle osa \u00fcksikasjad ise v\u00e4lja m\u00f5elda)<br \/>\nLoputage see p\u00f5hjalikult kraani all. Soovi korral v\u00f5ite kasutada kerget seepi v\u00f5i m\u00e4nguasjade puhastusvahendit.<br \/>\nPatsutage onahole puhta imava lapiga kuivaks<br \/>\nKuivatage seestpoolt, l\u00fckates imavat lappi ettevaatlikult sisse v\u00f5i kasutades m\u00f5nda meie kuivatuspulkadest<br \/>\nKui onahole on t\u00e4ielikult kuivanud, kasutage KYO hoolduspulbrit, et kanda m\u00e4nguasja v\u00e4lispinnale \u00f5huke kiht pulbrit. Soovi korral v\u00f5id pulbri edasi hajutada pehme (meigi)pintsliga.<br \/>\nTeie onahole on valmis j\u00e4rgmise kasutuskorrani \u00e4rapanemiseks! Kasutage m\u00e4nguasjakotti, et hoida seda p\u00e4ikesevalguse ja mustuse eest kaitstult.<\/p>\n<p><strong>Miks peaksin kasutama hoolduspulbrit?<\/strong><br \/>\nTPE materjal, millest peaaegu k\u00f5ik onaholid on valmistatud, on kleepuv. Tootjad panevad peale katte, mis muudab selle katsudes pehmeks ja siledaks, kuid p\u00e4rast pesemist v\u00f5ib tunduda, et lelu hakkab tunduma veidi kleepuv ja ebameeldiv. M\u00f5ned onaholid v\u00f5ivad juba karbist v\u00e4lja v\u00f5ttes tunduda veidi kleepuvad, teised v\u00f5ivad olla head, kuni te neid paar korda pesete, kuid peaaegu iga onahole muutub mingil hetkel kleepuvaks. See kleepuvus ei tundu mitte ainult r\u00e4pane, vaid paneb ka puru, tolmu ja karvad teie lelu k\u00fclge kleepuma. Mitte just ilus (v\u00f5i h\u00fcgieeniline).<\/p>\n<p>Hoolduspulbri kasutamine selle kihi taastamiseks on kiire ja lihtne. Need hoolduspulbrid on peeneks jahvatatud ja t\u00e4iesti ohutud teile ja teie onahole&#8217;ile.<\/p>\n","protected":false},"excerpt":{"rendered":"<p>See kvaliteetne hoolduspulber hoiab teie m\u00e4nguasjad ideaalses vormis! P\u00e4rast m\u00e4nguasja puhastamist katke v\u00e4ljastpoolt \u00fchtlaselt \u00f5hukese pulbrikihiga. Spetsiaalne hoolduspulber imab endasse viimasedki niiskuskillud ja hoiab v\u00e4lispinna pehme.<\/p>\n<p>+ \u00fclipeen pulber<br \/>\n+ Ei l\u00f5hna<br \/>\n+ Sobib k\u00f5ikidele TPE ja silikoonivormidele<br \/>\n+ Suur pakend, kestab kaua<br \/>\n+ T\u00e4iendav kaitsekate, et pulber korgi sisse ei valguks<\/p>\n","protected":false},"featured_media":88455,"template":"","meta":[],"product_brand":[4142],"product_cat":[3525,1486,4004,1477,1484],"product_tag":[],"class_list":{"0":"post-88451","1":"product","2":"type-product","3":"status-publish","4":"has-post-thumbnail","6":"product_brand-motsutoys-et","7":"product_cat-hentai","8":"product_cat-lelude-aksessuaarid","9":"product_cat-lisad-ja-hooldus","10":"product_cat-meestele","11":"product_cat-sekslelud","12":"pa_brand-motsutoys-et","14":"first","15":"instock","16":"taxable","17":"shipping-taxable","18":"purchasable","19":"product-type-simple"},"yoast_head":"<!-- This site is optimized with the Yoast SEO plugin v27.4 - https:\/\/yoast.com\/product\/yoast-seo-wordpress\/ -->\n<title>Kyo onAhole Hoolduspulber | Lust and Love<\/title>\n<meta name=\"description\" content=\"See kvaliteetne hoolduspulber hoiab teie m\u00e4nguasjad ideaalses vormis! Kaitske oma lelu tolmu, mustuse ja karvade eest.\" \/>\n<meta name=\"robots\" content=\"index,follow,max-snippet:-1,max-image-preview:large,max-video-preview:-1\" \/>\n<link rel=\"canonical\" href=\"https:\/\/lustandlove.eu\/et\/toode\/kyo-onahole-hoolduspulber\/\" \/>\n<script type=\"application\/ld+json\" class=\"yoast-schema-graph\">{\"@context\":\"https:\\\/\\\/schema.org\",\"@graph\":[{\"@type\":[\"WebPage\",\"ItemPage\"],\"@id\":\"https:\\\/\\\/lustandlove.eu\\\/et\\\/toode\\\/kyo-onahole-hoolduspulber\\\/\",\"url\":\"https:\\\/\\\/lustandlove.eu\\\/et\\\/toode\\\/kyo-onahole-hoolduspulber\\\/\",\"name\":\"Kyo onAhole Hoolduspulber | Lust and Love\",\"isPartOf\":{\"@id\":\"https:\\\/\\\/lustandlove.eu\\\/et\\\/#website\"},\"primaryImageOfPage\":{\"@id\":\"https:\\\/\\\/lustandlove.eu\\\/et\\\/toode\\\/kyo-onahole-hoolduspulber\\\/#primaryimage\"},\"image\":{\"@id\":\"https:\\\/\\\/lustandlove.eu\\\/et\\\/toode\\\/kyo-onahole-hoolduspulber\\\/#primaryimage\"},\"thumbnailUrl\":\"https:\\\/\\\/lustandlove.eu\\\/wp-content\\\/uploads\\\/kyo_sex_toy_maintenance_powder_3_.png\",\"datePublished\":\"2024-02-07T09:18:36+00:00\",\"dateModified\":\"2026-04-13T07:27:19+00:00\",\"description\":\"See kvaliteetne hoolduspulber hoiab teie m\u00e4nguasjad ideaalses vormis! Kaitske oma lelu tolmu, mustuse ja karvade eest.\",\"breadcrumb\":{\"@id\":\"https:\\\/\\\/lustandlove.eu\\\/et\\\/toode\\\/kyo-onahole-hoolduspulber\\\/#breadcrumb\"},\"inLanguage\":\"et\",\"potentialAction\":[{\"@type\":\"ReadAction\",\"target\":[\"https:\\\/\\\/lustandlove.eu\\\/et\\\/toode\\\/kyo-onahole-hoolduspulber\\\/\"]}]},{\"@type\":\"ImageObject\",\"inLanguage\":\"et\",\"@id\":\"https:\\\/\\\/lustandlove.eu\\\/et\\\/toode\\\/kyo-onahole-hoolduspulber\\\/#primaryimage\",\"url\":\"https:\\\/\\\/lustandlove.eu\\\/wp-content\\\/uploads\\\/kyo_sex_toy_maintenance_powder_3_.png\",\"contentUrl\":\"https:\\\/\\\/lustandlove.eu\\\/wp-content\\\/uploads\\\/kyo_sex_toy_maintenance_powder_3_.png\",\"width\":700,\"height\":700},{\"@type\":\"BreadcrumbList\",\"@id\":\"https:\\\/\\\/lustandlove.eu\\\/et\\\/toode\\\/kyo-onahole-hoolduspulber\\\/#breadcrumb\",\"itemListElement\":[{\"@type\":\"ListItem\",\"position\":1,\"name\":\"Lust and Love\",\"item\":\"https:\\\/\\\/lustandlove.eu\\\/et\\\/\"},{\"@type\":\"ListItem\",\"position\":2,\"name\":\"Pood\",\"item\":\"https:\\\/\\\/lustandlove.eu\\\/et\\\/pood\\\/\"},{\"@type\":\"ListItem\",\"position\":3,\"name\":\"Libestid ja kehahooldus\",\"item\":\"https:\\\/\\\/lustandlove.eu\\\/et\\\/pood\\\/apteek\\\/\"},{\"@type\":\"ListItem\",\"position\":4,\"name\":\"Kyo onAhole Hoolduspulber\"}]},{\"@type\":\"WebSite\",\"@id\":\"https:\\\/\\\/lustandlove.eu\\\/et\\\/#website\",\"url\":\"https:\\\/\\\/lustandlove.eu\\\/et\\\/\",\"name\":\"Lust & Love\",\"description\":\"Online erootikapood tervise, ilu ja armastuse jaoks\",\"publisher\":{\"@id\":\"https:\\\/\\\/lustandlove.eu\\\/et\\\/#organization\"},\"potentialAction\":[{\"@type\":\"SearchAction\",\"target\":{\"@type\":\"EntryPoint\",\"urlTemplate\":\"https:\\\/\\\/lustandlove.eu\\\/et\\\/?s={search_term_string}\"},\"query-input\":{\"@type\":\"PropertyValueSpecification\",\"valueRequired\":true,\"valueName\":\"search_term_string\"}}],\"inLanguage\":\"et\"},{\"@type\":\"Organization\",\"@id\":\"https:\\\/\\\/lustandlove.eu\\\/et\\\/#organization\",\"name\":\"Bioconcept Baltics O\u00dc\",\"url\":\"https:\\\/\\\/lustandlove.eu\\\/et\\\/\",\"logo\":{\"@type\":\"ImageObject\",\"inLanguage\":\"et\",\"@id\":\"https:\\\/\\\/lustandlove.eu\\\/et\\\/#\\\/schema\\\/logo\\\/image\\\/\",\"url\":\"https:\\\/\\\/lustandlove.eu\\\/wp-content\\\/uploads\\\/logo-full-2.png\",\"contentUrl\":\"https:\\\/\\\/lustandlove.eu\\\/wp-content\\\/uploads\\\/logo-full-2.png\",\"width\":837,\"height\":200,\"caption\":\"Bioconcept Baltics O\u00dc\"},\"image\":{\"@id\":\"https:\\\/\\\/lustandlove.eu\\\/et\\\/#\\\/schema\\\/logo\\\/image\\\/\"},\"sameAs\":[\"https:\\\/\\\/www.facebook.com\\\/LustandLoveEU\\\/\",\"https:\\\/\\\/www.instagram.com\\\/lustandloveeu\\\/\"]}]}<\/script>\n<!-- \/ Yoast SEO plugin. -->","yoast_head_json":{"title":"Kyo onAhole Hoolduspulber | Lust and Love","description":"See kvaliteetne hoolduspulber hoiab teie m\u00e4nguasjad ideaalses vormis! Kaitske oma lelu tolmu, mustuse ja karvade eest.","robots":{"index,follow,max-snippet":"index,follow,max-snippet:-1,max-image-preview:large,max-video-preview:-1"},"canonical":"https:\/\/lustandlove.eu\/et\/toode\/kyo-onahole-hoolduspulber\/","schema":{"@context":"https:\/\/schema.org","@graph":[{"@type":["WebPage","ItemPage"],"@id":"https:\/\/lustandlove.eu\/et\/toode\/kyo-onahole-hoolduspulber\/","url":"https:\/\/lustandlove.eu\/et\/toode\/kyo-onahole-hoolduspulber\/","name":"Kyo onAhole Hoolduspulber | Lust and Love","isPartOf":{"@id":"https:\/\/lustandlove.eu\/et\/#website"},"primaryImageOfPage":{"@id":"https:\/\/lustandlove.eu\/et\/toode\/kyo-onahole-hoolduspulber\/#primaryimage"},"image":{"@id":"https:\/\/lustandlove.eu\/et\/toode\/kyo-onahole-hoolduspulber\/#primaryimage"},"thumbnailUrl":"https:\/\/lustandlove.eu\/wp-content\/uploads\/kyo_sex_toy_maintenance_powder_3_.png","datePublished":"2024-02-07T09:18:36+00:00","dateModified":"2026-04-13T07:27:19+00:00","description":"See kvaliteetne hoolduspulber hoiab teie m\u00e4nguasjad ideaalses vormis! Kaitske oma lelu tolmu, mustuse ja karvade eest.","breadcrumb":{"@id":"https:\/\/lustandlove.eu\/et\/toode\/kyo-onahole-hoolduspulber\/#breadcrumb"},"inLanguage":"et","potentialAction":[{"@type":"ReadAction","target":["https:\/\/lustandlove.eu\/et\/toode\/kyo-onahole-hoolduspulber\/"]}]},{"@type":"ImageObject","inLanguage":"et","@id":"https:\/\/lustandlove.eu\/et\/toode\/kyo-onahole-hoolduspulber\/#primaryimage","url":"https:\/\/lustandlove.eu\/wp-content\/uploads\/kyo_sex_toy_maintenance_powder_3_.png","contentUrl":"https:\/\/lustandlove.eu\/wp-content\/uploads\/kyo_sex_toy_maintenance_powder_3_.png","width":700,"height":700},{"@type":"BreadcrumbList","@id":"https:\/\/lustandlove.eu\/et\/toode\/kyo-onahole-hoolduspulber\/#breadcrumb","itemListElement":[{"@type":"ListItem","position":1,"name":"Lust and Love","item":"https:\/\/lustandlove.eu\/et\/"},{"@type":"ListItem","position":2,"name":"Pood","item":"https:\/\/lustandlove.eu\/et\/pood\/"},{"@type":"ListItem","position":3,"name":"Libestid ja kehahooldus","item":"https:\/\/lustandlove.eu\/et\/pood\/apteek\/"},{"@type":"ListItem","position":4,"name":"Kyo onAhole Hoolduspulber"}]},{"@type":"WebSite","@id":"https:\/\/lustandlove.eu\/et\/#website","url":"https:\/\/lustandlove.eu\/et\/","name":"Lust & Love","description":"Online erootikapood tervise, ilu ja armastuse jaoks","publisher":{"@id":"https:\/\/lustandlove.eu\/et\/#organization"},"potentialAction":[{"@type":"SearchAction","target":{"@type":"EntryPoint","urlTemplate":"https:\/\/lustandlove.eu\/et\/?s={search_term_string}"},"query-input":{"@type":"PropertyValueSpecification","valueRequired":true,"valueName":"search_term_string"}}],"inLanguage":"et"},{"@type":"Organization","@id":"https:\/\/lustandlove.eu\/et\/#organization","name":"Bioconcept Baltics O\u00dc","url":"https:\/\/lustandlove.eu\/et\/","logo":{"@type":"ImageObject","inLanguage":"et","@id":"https:\/\/lustandlove.eu\/et\/#\/schema\/logo\/image\/","url":"https:\/\/lustandlove.eu\/wp-content\/uploads\/logo-full-2.png","contentUrl":"https:\/\/lustandlove.eu\/wp-content\/uploads\/logo-full-2.png","width":837,"height":200,"caption":"Bioconcept Baltics O\u00dc"},"image":{"@id":"https:\/\/lustandlove.eu\/et\/#\/schema\/logo\/image\/"},"sameAs":["https:\/\/www.facebook.com\/LustandLoveEU\/","https:\/\/www.instagram.com\/lustandloveeu\/"]}]}},"_links":{"self":[{"href":"https:\/\/lustandlove.eu\/et\/wp-json\/wp\/v2\/product\/88451","targetHints":{"allow":["GET"]}}],"collection":[{"href":"https:\/\/lustandlove.eu\/et\/wp-json\/wp\/v2\/product"}],"about":[{"href":"https:\/\/lustandlove.eu\/et\/wp-json\/wp\/v2\/types\/product"}],"wp:featuredmedia":[{"embeddable":true,"href":"https:\/\/lustandlove.eu\/et\/wp-json\/wp\/v2\/media\/88455"}],"wp:attachment":[{"href":"https:\/\/lustandlove.eu\/et\/wp-json\/wp\/v2\/media?parent=88451"}],"wp:term":[{"taxonomy":"product_brand","embeddable":true,"href":"https:\/\/lustandlove.eu\/et\/wp-json\/wp\/v2\/product_brand?post=88451"},{"taxonomy":"product_cat","embeddable":true,"href":"https:\/\/lustandlove.eu\/et\/wp-json\/wp\/v2\/product_cat?post=88451"},{"taxonomy":"product_tag","embeddable":true,"href":"https:\/\/lustandlove.eu\/et\/wp-json\/wp\/v2\/product_tag?post=88451"}],"curies":[{"name":"wp","href":"https:\/\/api.w.org\/{rel}","templated":true}]}}