{"id":88465,"date":"2024-02-07T11:55:37","date_gmt":"2024-02-07T09:55:38","guid":{"rendered":"https:\/\/www.lustandlove.eu\/?post_type=product&#038;p=88465"},"modified":"2026-04-13T10:27:18","modified_gmt":"2026-04-13T07:27:18","slug":"seiraku-prinz-eugen-5kg","status":"publish","type":"product","link":"https:\/\/lustandlove.eu\/et\/toode\/seiraku-prinz-eugen-5kg\/","title":{"rendered":"Seiraku Prinz Eugen 5kg"},"content":{"rendered":"<p><strong>Onahip loodud teie \u00fclima fantaasia jaoks<\/strong><br \/>\nLisaks sellele, et Prinz Eugen on Ironblood laevastiku liige ja v\u00f5itleb teiste raskete ristlejatega, on ta ka ilus naine, kellel on v\u00e4ike kehaehitus ja raske rinnakorv.<\/p>\n<p>Ja p\u00e4rast k\u00f5iki merel peetud lahinguid ihkab ta ainult head keppi! Tehke see teoks ja kogege selle seksika onahipiga naudingut nagu ei kunagi varem \u2013 sina oled komand\u00f6r ja on sinu kord oma unistuste jumalanna m\u00f5lemad augud t\u00e4is panna.<\/p>\n<p>Prinz Eugen onahip on pakitud tumesinise pakendiga. Pakendi esi- ja tagak\u00fclg ei j\u00e4ta midagi kujutlusv\u00f5ime hooleks ning sellel on kaks seksikat kunstiteost, millest kumbki on Prinz Eugeni armas virsikukujuline tagumik ja tema kaunis kiisu. Heitke pilk k\u00fclgedele ja m\u00f5tlete kohe k\u00f5igele, mida temaga teeksite.<\/p>\n<p><strong>Teispoolne r\u00f5\u00f5m ainulaadse \u00f5hukambriga<\/strong><br \/>\nPrinz Eugen onahip ei ole teie tavaline seksim\u00e4nguasi. Iga toll on hoolikalt kavandatud, et saavutada uskumatu realistlikkus ja mugavus, et saaksite orgasmida nagu ei kunagi varem. 5 kg kaaluv ja 26 cm laiune onahip on t\u00e4iusliku suurusega ning tundub ehtne k\u00e4es hoida ja puudutada.<\/p>\n<p>Pehme tekstuur ja elutruu disain t\u00f5stavad kogemust veelgi ning m\u00f5lemal tunnelil on arvukalt konarusi, n\u00e4iteks M\u00e4rja vastuv\u00f5tu tsoonis, h\u00e4mmastavas Orgasmi kambris ja hullumeelses Anaalhaardepiirkonnas \u2013 kui nimetada m\u00f5nda<\/p>\n<p>Prinz Eugeni tunneli \u00fcksikasjad<\/p>\n<p>Vagiina tunnel 145mm:<br \/>\n1.) Ulakas Sissep\u00e4\u00e4s<br \/>\n2.) M\u00e4rg vastuv\u00f5tutsoon<br \/>\n3.) Stimuleeriv kallistustsoon<br \/>\n4.) Orgasmiava<br \/>\n5.) Orgasmikamber<\/p>\n<p>Anaaltunnel 125mm:<br \/>\n1.) Anaalhaarde piirkond<br \/>\n2.) Anaal liugtsoon<br \/>\n3.) P\u00f6\u00f6riline ots<\/p>\n<p>Mis veel? Selle onahipi enim k\u00f5neainet pakkuv omadus on \u00f5hukamber \u2014 saate perse kuju muutmiseks vastavalt oma maitsele \u00f5hku sisse v\u00f5i v\u00e4lja pigistada. Saate seda t\u00e4iendavat s\u00e4risemist, kui libistate tema aukudest sisse ja v\u00e4lja, samal ajal tema tagumikku l\u00fc\u00fces ja kinni haarates. See s\u00e4\u00e4stab ka kaalu, nii et see 5 kg puus on v\u00e4ga v\u00f5rreldav teiste 5,5\/6 kg puusadega.<\/p>\n<p><strong>Mitmek\u00fclgne Onahip, mis on loodud teie armastuspulga jaoks<\/strong><br \/>\nKvaliteetse ja realistliku disainiga onahip on puudutamisel pehme ja sulle meeldib seda paha t\u00fcdrukut terve \u00f6\u00f6 panna. On palju v\u00f5imalusi, kuidas teda kaasa v\u00f5tta, olgu see siis <em>cowgirl<\/em>, misjon\u00e4r v\u00f5i koer \u2013 lihtsalt pritsige k\u00e4tele libestit ja oletegi valmis oma torpeedot tema sisse puhuma.<br \/>\nKas teil on k\u00f5ik, mida on vaja, et anda talle oma elu parim seks? Prinz Eugen onahip on valmis teenima k\u00f5iki teie patuseid soove.<\/p>\n","protected":false},"excerpt":{"rendered":"<p>Uskumatult pehme ja katsudes sametine kahe v\u00e4ga kutsuva auguga Prinz Eugen onahip toob teieni t\u00f5elise ekstaasi ning ainulaadne \u00f5hukamber muudab l\u00f5bu veelgi p\u00f5nevamaks. Kas olete valmis sellele kuumale t\u00fcdrukule k\u00f5vasti taha panema ja ejakuleerima eufooriasse?<\/p>\n","protected":false},"featured_media":88481,"template":"","meta":[],"product_brand":[4142],"product_cat":[3525,1477,4006],"product_tag":[],"class_list":{"0":"post-88465","1":"product","2":"type-product","3":"status-publish","4":"has-post-thumbnail","6":"product_brand-motsutoys-et","7":"product_cat-hentai","8":"product_cat-meestele","9":"product_cat-onahip-ja-nukud","10":"pa_brand-motsutoys-et","12":"first","13":"instock","14":"taxable","15":"shipping-taxable","16":"purchasable","17":"product-type-simple"},"yoast_head":"<!-- This site is optimized with the Yoast SEO plugin v27.4 - https:\/\/yoast.com\/product\/yoast-seo-wordpress\/ -->\n<title>Seiraku Prinz Eugen 5kg | Lust and Love<\/title>\n<meta name=\"description\" content=\"Uskumatult pehme ja katsudes sametine kahe v\u00e4ga kutsuva auguga Prinz Eugen onahip toob teieni t\u00f5elise ekstaasi ning ainulaadne \u00f5hukamber muudab l\u00f5bu veelgi p\u00f5nevamaks.\" \/>\n<meta name=\"robots\" content=\"index,follow,max-snippet:-1,max-image-preview:large,max-video-preview:-1\" \/>\n<link rel=\"canonical\" href=\"https:\/\/lustandlove.eu\/et\/toode\/seiraku-prinz-eugen-5kg\/\" \/>\n<script type=\"application\/ld+json\" class=\"yoast-schema-graph\">{\"@context\":\"https:\\\/\\\/schema.org\",\"@graph\":[{\"@type\":[\"WebPage\",\"ItemPage\"],\"@id\":\"https:\\\/\\\/lustandlove.eu\\\/et\\\/toode\\\/seiraku-prinz-eugen-5kg\\\/\",\"url\":\"https:\\\/\\\/lustandlove.eu\\\/et\\\/toode\\\/seiraku-prinz-eugen-5kg\\\/\",\"name\":\"Seiraku Prinz Eugen 5kg | Lust and Love\",\"isPartOf\":{\"@id\":\"https:\\\/\\\/lustandlove.eu\\\/et\\\/#website\"},\"primaryImageOfPage\":{\"@id\":\"https:\\\/\\\/lustandlove.eu\\\/et\\\/toode\\\/seiraku-prinz-eugen-5kg\\\/#primaryimage\"},\"image\":{\"@id\":\"https:\\\/\\\/lustandlove.eu\\\/et\\\/toode\\\/seiraku-prinz-eugen-5kg\\\/#primaryimage\"},\"thumbnailUrl\":\"https:\\\/\\\/lustandlove.eu\\\/wp-content\\\/uploads\\\/prinz-eugen-onahip.jpg\",\"datePublished\":\"2024-02-07T09:55:38+00:00\",\"dateModified\":\"2026-04-13T07:27:18+00:00\",\"description\":\"Uskumatult pehme ja katsudes sametine kahe v\u00e4ga kutsuva auguga Prinz Eugen onahip toob teieni t\u00f5elise ekstaasi ning ainulaadne \u00f5hukamber muudab l\u00f5bu veelgi p\u00f5nevamaks.\",\"breadcrumb\":{\"@id\":\"https:\\\/\\\/lustandlove.eu\\\/et\\\/toode\\\/seiraku-prinz-eugen-5kg\\\/#breadcrumb\"},\"inLanguage\":\"et\",\"potentialAction\":[{\"@type\":\"ReadAction\",\"target\":[\"https:\\\/\\\/lustandlove.eu\\\/et\\\/toode\\\/seiraku-prinz-eugen-5kg\\\/\"]}]},{\"@type\":\"ImageObject\",\"inLanguage\":\"et\",\"@id\":\"https:\\\/\\\/lustandlove.eu\\\/et\\\/toode\\\/seiraku-prinz-eugen-5kg\\\/#primaryimage\",\"url\":\"https:\\\/\\\/lustandlove.eu\\\/wp-content\\\/uploads\\\/prinz-eugen-onahip.jpg\",\"contentUrl\":\"https:\\\/\\\/lustandlove.eu\\\/wp-content\\\/uploads\\\/prinz-eugen-onahip.jpg\",\"width\":700,\"height\":700},{\"@type\":\"BreadcrumbList\",\"@id\":\"https:\\\/\\\/lustandlove.eu\\\/et\\\/toode\\\/seiraku-prinz-eugen-5kg\\\/#breadcrumb\",\"itemListElement\":[{\"@type\":\"ListItem\",\"position\":1,\"name\":\"Lust and Love\",\"item\":\"https:\\\/\\\/lustandlove.eu\\\/et\\\/\"},{\"@type\":\"ListItem\",\"position\":2,\"name\":\"Pood\",\"item\":\"https:\\\/\\\/lustandlove.eu\\\/et\\\/pood\\\/\"},{\"@type\":\"ListItem\",\"position\":3,\"name\":\"Meestele\",\"item\":\"https:\\\/\\\/lustandlove.eu\\\/et\\\/pood\\\/meestele\\\/\"},{\"@type\":\"ListItem\",\"position\":4,\"name\":\"Seiraku Prinz Eugen 5kg\"}]},{\"@type\":\"WebSite\",\"@id\":\"https:\\\/\\\/lustandlove.eu\\\/et\\\/#website\",\"url\":\"https:\\\/\\\/lustandlove.eu\\\/et\\\/\",\"name\":\"Lust & Love\",\"description\":\"Online erootikapood tervise, ilu ja armastuse jaoks\",\"publisher\":{\"@id\":\"https:\\\/\\\/lustandlove.eu\\\/et\\\/#organization\"},\"potentialAction\":[{\"@type\":\"SearchAction\",\"target\":{\"@type\":\"EntryPoint\",\"urlTemplate\":\"https:\\\/\\\/lustandlove.eu\\\/et\\\/?s={search_term_string}\"},\"query-input\":{\"@type\":\"PropertyValueSpecification\",\"valueRequired\":true,\"valueName\":\"search_term_string\"}}],\"inLanguage\":\"et\"},{\"@type\":\"Organization\",\"@id\":\"https:\\\/\\\/lustandlove.eu\\\/et\\\/#organization\",\"name\":\"Bioconcept Baltics O\u00dc\",\"url\":\"https:\\\/\\\/lustandlove.eu\\\/et\\\/\",\"logo\":{\"@type\":\"ImageObject\",\"inLanguage\":\"et\",\"@id\":\"https:\\\/\\\/lustandlove.eu\\\/et\\\/#\\\/schema\\\/logo\\\/image\\\/\",\"url\":\"https:\\\/\\\/lustandlove.eu\\\/wp-content\\\/uploads\\\/logo-full-2.png\",\"contentUrl\":\"https:\\\/\\\/lustandlove.eu\\\/wp-content\\\/uploads\\\/logo-full-2.png\",\"width\":837,\"height\":200,\"caption\":\"Bioconcept Baltics O\u00dc\"},\"image\":{\"@id\":\"https:\\\/\\\/lustandlove.eu\\\/et\\\/#\\\/schema\\\/logo\\\/image\\\/\"},\"sameAs\":[\"https:\\\/\\\/www.facebook.com\\\/LustandLoveEU\\\/\",\"https:\\\/\\\/www.instagram.com\\\/lustandloveeu\\\/\"]}]}<\/script>\n<!-- \/ Yoast SEO plugin. -->","yoast_head_json":{"title":"Seiraku Prinz Eugen 5kg | Lust and Love","description":"Uskumatult pehme ja katsudes sametine kahe v\u00e4ga kutsuva auguga Prinz Eugen onahip toob teieni t\u00f5elise ekstaasi ning ainulaadne \u00f5hukamber muudab l\u00f5bu veelgi p\u00f5nevamaks.","robots":{"index,follow,max-snippet":"index,follow,max-snippet:-1,max-image-preview:large,max-video-preview:-1"},"canonical":"https:\/\/lustandlove.eu\/et\/toode\/seiraku-prinz-eugen-5kg\/","schema":{"@context":"https:\/\/schema.org","@graph":[{"@type":["WebPage","ItemPage"],"@id":"https:\/\/lustandlove.eu\/et\/toode\/seiraku-prinz-eugen-5kg\/","url":"https:\/\/lustandlove.eu\/et\/toode\/seiraku-prinz-eugen-5kg\/","name":"Seiraku Prinz Eugen 5kg | Lust and Love","isPartOf":{"@id":"https:\/\/lustandlove.eu\/et\/#website"},"primaryImageOfPage":{"@id":"https:\/\/lustandlove.eu\/et\/toode\/seiraku-prinz-eugen-5kg\/#primaryimage"},"image":{"@id":"https:\/\/lustandlove.eu\/et\/toode\/seiraku-prinz-eugen-5kg\/#primaryimage"},"thumbnailUrl":"https:\/\/lustandlove.eu\/wp-content\/uploads\/prinz-eugen-onahip.jpg","datePublished":"2024-02-07T09:55:38+00:00","dateModified":"2026-04-13T07:27:18+00:00","description":"Uskumatult pehme ja katsudes sametine kahe v\u00e4ga kutsuva auguga Prinz Eugen onahip toob teieni t\u00f5elise ekstaasi ning ainulaadne \u00f5hukamber muudab l\u00f5bu veelgi p\u00f5nevamaks.","breadcrumb":{"@id":"https:\/\/lustandlove.eu\/et\/toode\/seiraku-prinz-eugen-5kg\/#breadcrumb"},"inLanguage":"et","potentialAction":[{"@type":"ReadAction","target":["https:\/\/lustandlove.eu\/et\/toode\/seiraku-prinz-eugen-5kg\/"]}]},{"@type":"ImageObject","inLanguage":"et","@id":"https:\/\/lustandlove.eu\/et\/toode\/seiraku-prinz-eugen-5kg\/#primaryimage","url":"https:\/\/lustandlove.eu\/wp-content\/uploads\/prinz-eugen-onahip.jpg","contentUrl":"https:\/\/lustandlove.eu\/wp-content\/uploads\/prinz-eugen-onahip.jpg","width":700,"height":700},{"@type":"BreadcrumbList","@id":"https:\/\/lustandlove.eu\/et\/toode\/seiraku-prinz-eugen-5kg\/#breadcrumb","itemListElement":[{"@type":"ListItem","position":1,"name":"Lust and Love","item":"https:\/\/lustandlove.eu\/et\/"},{"@type":"ListItem","position":2,"name":"Pood","item":"https:\/\/lustandlove.eu\/et\/pood\/"},{"@type":"ListItem","position":3,"name":"Meestele","item":"https:\/\/lustandlove.eu\/et\/pood\/meestele\/"},{"@type":"ListItem","position":4,"name":"Seiraku Prinz Eugen 5kg"}]},{"@type":"WebSite","@id":"https:\/\/lustandlove.eu\/et\/#website","url":"https:\/\/lustandlove.eu\/et\/","name":"Lust & Love","description":"Online erootikapood tervise, ilu ja armastuse jaoks","publisher":{"@id":"https:\/\/lustandlove.eu\/et\/#organization"},"potentialAction":[{"@type":"SearchAction","target":{"@type":"EntryPoint","urlTemplate":"https:\/\/lustandlove.eu\/et\/?s={search_term_string}"},"query-input":{"@type":"PropertyValueSpecification","valueRequired":true,"valueName":"search_term_string"}}],"inLanguage":"et"},{"@type":"Organization","@id":"https:\/\/lustandlove.eu\/et\/#organization","name":"Bioconcept Baltics O\u00dc","url":"https:\/\/lustandlove.eu\/et\/","logo":{"@type":"ImageObject","inLanguage":"et","@id":"https:\/\/lustandlove.eu\/et\/#\/schema\/logo\/image\/","url":"https:\/\/lustandlove.eu\/wp-content\/uploads\/logo-full-2.png","contentUrl":"https:\/\/lustandlove.eu\/wp-content\/uploads\/logo-full-2.png","width":837,"height":200,"caption":"Bioconcept Baltics O\u00dc"},"image":{"@id":"https:\/\/lustandlove.eu\/et\/#\/schema\/logo\/image\/"},"sameAs":["https:\/\/www.facebook.com\/LustandLoveEU\/","https:\/\/www.instagram.com\/lustandloveeu\/"]}]}},"_links":{"self":[{"href":"https:\/\/lustandlove.eu\/et\/wp-json\/wp\/v2\/product\/88465","targetHints":{"allow":["GET"]}}],"collection":[{"href":"https:\/\/lustandlove.eu\/et\/wp-json\/wp\/v2\/product"}],"about":[{"href":"https:\/\/lustandlove.eu\/et\/wp-json\/wp\/v2\/types\/product"}],"wp:featuredmedia":[{"embeddable":true,"href":"https:\/\/lustandlove.eu\/et\/wp-json\/wp\/v2\/media\/88481"}],"wp:attachment":[{"href":"https:\/\/lustandlove.eu\/et\/wp-json\/wp\/v2\/media?parent=88465"}],"wp:term":[{"taxonomy":"product_brand","embeddable":true,"href":"https:\/\/lustandlove.eu\/et\/wp-json\/wp\/v2\/product_brand?post=88465"},{"taxonomy":"product_cat","embeddable":true,"href":"https:\/\/lustandlove.eu\/et\/wp-json\/wp\/v2\/product_cat?post=88465"},{"taxonomy":"product_tag","embeddable":true,"href":"https:\/\/lustandlove.eu\/et\/wp-json\/wp\/v2\/product_tag?post=88465"}],"curies":[{"name":"wp","href":"https:\/\/api.w.org\/{rel}","templated":true}]}}