{"id":88483,"date":"2024-02-07T12:16:48","date_gmt":"2024-02-07T10:16:49","guid":{"rendered":"https:\/\/www.lustandlove.eu\/?post_type=product&#038;p=88483"},"modified":"2026-04-13T10:27:18","modified_gmt":"2026-04-13T07:27:18","slug":"xtc-puni-toro-gold","status":"publish","type":"product","link":"https:\/\/lustandlove.eu\/et\/toode\/xtc-puni-toro-gold\/","title":{"rendered":"XTC Puni Toro Gold"},"content":{"rendered":"<p>Vapustava l\u00e4ikiva kuldse pakendi esik\u00fcljel on s\u00fc\u00fctu neitsi, kuid tagak\u00fcljel saate n\u00e4ha t\u00fcdruku ulakat pilti. Teie meheaule meeldib Puni Toro Gold v\u00e4ga.<\/p>\n<p>Seal on nii palju v\u00f5imalusi, kuidas saate teda v\u00f5tta; isegi kui olete l\u00f5petanud, tahaksite seda uuesti teha. Hankige Puni Toro Gold kujul omale neitsilik seksingel!<\/p>\n<p><strong>Kaks tunnelit, kolmekihiline disain ja spetsiaalne luustruktuur tasakaalustamata realismi jaoks<\/strong><br \/>\nPuni Toro Goldi peamine esilet\u00f5st on ainulaadne kolmekihiline disain, mis koosneb v\u00e4liskihist, sisemisest kihist ja spetsiaalselt kujundatud luustruktuurist. T\u00f5epoolest! Sellel onahole&#8217;il on luustik, mis pakub suurep\u00e4rast stabiilsust ja t\u00e4iendavat realistlikkust \u2013 tunnete erinevust kergesti, kui haarate onaneerimise ajal luustruktuurist kinni. Mis veel? Sellel on isegi tohutu torso, mis teile kasutamise ajal meeldima hakkab.<\/p>\n<p><strong>M\u00f5eldud naudinguks<\/strong><br \/>\nPuni Toro Gold on loodud teie naudingut silmas pidades. Sellel on kaks tunnelit &#8211; neitsi tuss ees ja anaaltunnel taga. M\u00f5lemad on loodud teie peenise haaramiseks ning pakuvad intensiivset stimulatsiooni ja h\u00f5\u00f5rdumist, tagades tohutu naudingu ja tugevad orgasmid. See pole veel k\u00f5ik, kaasas on ka sisseehitatud luuskelett, mis annab sellele onahole&#8217;ile realistliku kuju ja struktuuri, tekitades tunde, nagu haaraksid ja paneksid p\u00e4riselus olevast v\u00e4ikesest neitsist.<\/p>\n<p>Unikaalse kolmekihilise disainiga, mis koosneb v\u00e4liskihist, sisemisest kihist ja luustruktuurist, tagab Puni Toro Gold meeldiva kogemuse. Lisaks on kvaliteetne v\u00e4limine kiht katsudes sile ja nahatoon on tehtud nii, et see j\u00e4ljendab v\u00f5imalikult t\u00e4pselt t\u00f5elist nahav\u00e4rvi, tekitades tunde, nagu puudutaksite p\u00e4ris nahka ja n\u00e4ksiksite v\u00e4ikese neitsipiigat. Pisike v\u00f6\u00f6koht ja kaks tissi t\u00e4iustavad ka Puni Toro Goldi v\u00e4limust. See pole veel k\u00f5ik, realistliku v\u00e4limuse loomiseks on isegi naba. Selle onahole&#8217;i k\u00f5ik funktsioonid on loodud teie \u00fclimaks naudinguks.<\/p>\n<p><strong>L\u00f5putud v\u00f5imalused l\u00f5butsemiseks<\/strong><br \/>\nPuni Toro Goldi nautimiseks on nii palju v\u00f5imalusi. Vagiina ja anaaltunnelid tunduvad t\u00f5elised ning neil on mitu punkti, mis stimuleerivad teie peenist ja tekitavad orgasmi. Teil on rindadele ulakas vaade eest ja isegi tagantpoolt saate nautida \u00fcmarat tagumikku, kui temasse tungite. V\u00f5ite isegi haarata pisikesest v\u00f6\u00f6st ja temaga teha, mida ise soovite.<\/p>\n<p>Puni Toro Gold on hoolikalt disainitud, et saaksite teda nautida erinevates asendites, nii eest, tagant kui ka <em>cowgirl<\/em> asendis. Tundideks garanteeritud naudingu jaoks on vaja vaid veidi libestit ja see onauk on panemiseks valmis. Niisiis, kuidas sa seda tihket neitsiingli paned? V\u00f5imalusi on l\u00f5putult.<\/p>\n","protected":false},"excerpt":{"rendered":"<p>Miski pole nii v\u00f5rgutav kui s\u00fc\u00fctu neitsi, kes tahab, et teda pannakse, ja Puni Toro Goldiga saab teie metsikuim fantaasia t\u00f5eliseks. V\u00e4ikese keha, kahe tunneli ja spetsiaalselt loodud luustruktuuriga, millega saate terve \u00f6\u00f6 m\u00e4ngida, on see armas neitsi m\u00f5eldud teile r\u00f5\u00f5mu valmistama.<\/p>\n","protected":false},"featured_media":88499,"template":"","meta":[],"product_brand":[4142],"product_cat":[3525,1477,4006],"product_tag":[],"class_list":{"0":"post-88483","1":"product","2":"type-product","3":"status-publish","4":"has-post-thumbnail","6":"product_brand-motsutoys-et","7":"product_cat-hentai","8":"product_cat-meestele","9":"product_cat-onahip-ja-nukud","10":"pa_brand-motsutoys-et","12":"first","13":"instock","14":"taxable","15":"shipping-taxable","16":"purchasable","17":"product-type-simple"},"yoast_head":"<!-- This site is optimized with the Yoast SEO plugin v27.3 - https:\/\/yoast.com\/product\/yoast-seo-wordpress\/ -->\n<title>XTC Puni Toro Gold | Lust and Love<\/title>\n<meta name=\"description\" content=\"Miski pole nii v\u00f5rgutav kui s\u00fc\u00fctu neitsi, kes tahab, et teda pannakse, ja Puni Toro Goldiga saab teie metsikuim fantaasia t\u00f5eliseks. V\u00e4ikese keha, kahe tunneli ja spetsiaalselt loodud luustruktuuriga neitsi ootab teid!\" \/>\n<meta name=\"robots\" content=\"index,follow,max-snippet:-1,max-image-preview:large,max-video-preview:-1\" \/>\n<link rel=\"canonical\" href=\"https:\/\/lustandlove.eu\/et\/toode\/xtc-puni-toro-gold\/\" \/>\n<meta name=\"twitter:card\" content=\"summary_large_image\" \/>\n<meta name=\"twitter:title\" content=\"XTC Puni Toro Gold | Lust and Love\" \/>\n<meta name=\"twitter:description\" content=\"Miski pole nii v\u00f5rgutav kui s\u00fc\u00fctu neitsi, kes tahab, et teda pannakse, ja Puni Toro Goldiga saab teie metsikuim fantaasia t\u00f5eliseks. V\u00e4ikese keha, kahe tunneli ja spetsiaalselt loodud luustruktuuriga neitsi ootab teid!\" \/>\n<meta name=\"twitter:image\" content=\"https:\/\/lustandlove.eu\/wp-content\/uploads\/puni-toro-gold-main.jpg\" \/>\n<meta name=\"twitter:label1\" content=\"Est. reading time\" \/>\n\t<meta name=\"twitter:data1\" content=\"2 minutit\" \/>\n<script type=\"application\/ld+json\" class=\"yoast-schema-graph\">{\"@context\":\"https:\\\/\\\/schema.org\",\"@graph\":[{\"@type\":[\"WebPage\",\"ItemPage\"],\"@id\":\"https:\\\/\\\/lustandlove.eu\\\/et\\\/toode\\\/xtc-puni-toro-gold\\\/\",\"url\":\"https:\\\/\\\/lustandlove.eu\\\/et\\\/toode\\\/xtc-puni-toro-gold\\\/\",\"name\":\"XTC Puni Toro Gold | Lust and Love\",\"isPartOf\":{\"@id\":\"https:\\\/\\\/lustandlove.eu\\\/et\\\/#website\"},\"primaryImageOfPage\":{\"@id\":\"https:\\\/\\\/lustandlove.eu\\\/et\\\/toode\\\/xtc-puni-toro-gold\\\/#primaryimage\"},\"image\":{\"@id\":\"https:\\\/\\\/lustandlove.eu\\\/et\\\/toode\\\/xtc-puni-toro-gold\\\/#primaryimage\"},\"thumbnailUrl\":\"https:\\\/\\\/lustandlove.eu\\\/wp-content\\\/uploads\\\/puni-toro-gold-main.jpg\",\"datePublished\":\"2024-02-07T10:16:49+00:00\",\"dateModified\":\"2026-04-13T07:27:18+00:00\",\"description\":\"Miski pole nii v\u00f5rgutav kui s\u00fc\u00fctu neitsi, kes tahab, et teda pannakse, ja Puni Toro Goldiga saab teie metsikuim fantaasia t\u00f5eliseks. V\u00e4ikese keha, kahe tunneli ja spetsiaalselt loodud luustruktuuriga neitsi ootab teid!\",\"breadcrumb\":{\"@id\":\"https:\\\/\\\/lustandlove.eu\\\/et\\\/toode\\\/xtc-puni-toro-gold\\\/#breadcrumb\"},\"inLanguage\":\"et\",\"potentialAction\":[{\"@type\":\"ReadAction\",\"target\":[\"https:\\\/\\\/lustandlove.eu\\\/et\\\/toode\\\/xtc-puni-toro-gold\\\/\"]}]},{\"@type\":\"ImageObject\",\"inLanguage\":\"et\",\"@id\":\"https:\\\/\\\/lustandlove.eu\\\/et\\\/toode\\\/xtc-puni-toro-gold\\\/#primaryimage\",\"url\":\"https:\\\/\\\/lustandlove.eu\\\/wp-content\\\/uploads\\\/puni-toro-gold-main.jpg\",\"contentUrl\":\"https:\\\/\\\/lustandlove.eu\\\/wp-content\\\/uploads\\\/puni-toro-gold-main.jpg\",\"width\":800,\"height\":800},{\"@type\":\"BreadcrumbList\",\"@id\":\"https:\\\/\\\/lustandlove.eu\\\/et\\\/toode\\\/xtc-puni-toro-gold\\\/#breadcrumb\",\"itemListElement\":[{\"@type\":\"ListItem\",\"position\":1,\"name\":\"Lust and Love\",\"item\":\"https:\\\/\\\/lustandlove.eu\\\/et\\\/\"},{\"@type\":\"ListItem\",\"position\":2,\"name\":\"Pood\",\"item\":\"https:\\\/\\\/lustandlove.eu\\\/et\\\/pood\\\/\"},{\"@type\":\"ListItem\",\"position\":3,\"name\":\"Meestele\",\"item\":\"https:\\\/\\\/lustandlove.eu\\\/et\\\/pood\\\/meestele\\\/\"},{\"@type\":\"ListItem\",\"position\":4,\"name\":\"XTC Puni Toro Gold\"}]},{\"@type\":\"WebSite\",\"@id\":\"https:\\\/\\\/lustandlove.eu\\\/et\\\/#website\",\"url\":\"https:\\\/\\\/lustandlove.eu\\\/et\\\/\",\"name\":\"Lust &amp; Love\",\"description\":\"Online erootikapood tervise, ilu ja armastuse jaoks\",\"publisher\":{\"@id\":\"https:\\\/\\\/lustandlove.eu\\\/et\\\/#organization\"},\"potentialAction\":[{\"@type\":\"SearchAction\",\"target\":{\"@type\":\"EntryPoint\",\"urlTemplate\":\"https:\\\/\\\/lustandlove.eu\\\/et\\\/?s={search_term_string}\"},\"query-input\":{\"@type\":\"PropertyValueSpecification\",\"valueRequired\":true,\"valueName\":\"search_term_string\"}}],\"inLanguage\":\"et\"},{\"@type\":\"Organization\",\"@id\":\"https:\\\/\\\/lustandlove.eu\\\/et\\\/#organization\",\"name\":\"Bioconcept Baltics O\u00dc\",\"url\":\"https:\\\/\\\/lustandlove.eu\\\/et\\\/\",\"logo\":{\"@type\":\"ImageObject\",\"inLanguage\":\"et\",\"@id\":\"https:\\\/\\\/lustandlove.eu\\\/et\\\/#\\\/schema\\\/logo\\\/image\\\/\",\"url\":\"\",\"contentUrl\":\"\",\"caption\":\"Bioconcept Baltics O\u00dc\"},\"image\":{\"@id\":\"https:\\\/\\\/lustandlove.eu\\\/et\\\/#\\\/schema\\\/logo\\\/image\\\/\"},\"sameAs\":[\"https:\\\/\\\/www.facebook.com\\\/LustandLoveEU\\\/\",\"https:\\\/\\\/www.instagram.com\\\/lustandloveeu\\\/\"]}]}<\/script>\n<!-- \/ Yoast SEO plugin. -->","yoast_head_json":{"title":"XTC Puni Toro Gold | Lust and Love","description":"Miski pole nii v\u00f5rgutav kui s\u00fc\u00fctu neitsi, kes tahab, et teda pannakse, ja Puni Toro Goldiga saab teie metsikuim fantaasia t\u00f5eliseks. V\u00e4ikese keha, kahe tunneli ja spetsiaalselt loodud luustruktuuriga neitsi ootab teid!","robots":{"index,follow,max-snippet":"index,follow,max-snippet:-1,max-image-preview:large,max-video-preview:-1"},"canonical":"https:\/\/lustandlove.eu\/et\/toode\/xtc-puni-toro-gold\/","twitter_card":"summary_large_image","twitter_title":"XTC Puni Toro Gold | Lust and Love","twitter_description":"Miski pole nii v\u00f5rgutav kui s\u00fc\u00fctu neitsi, kes tahab, et teda pannakse, ja Puni Toro Goldiga saab teie metsikuim fantaasia t\u00f5eliseks. V\u00e4ikese keha, kahe tunneli ja spetsiaalselt loodud luustruktuuriga neitsi ootab teid!","twitter_image":"https:\/\/lustandlove.eu\/wp-content\/uploads\/puni-toro-gold-main.jpg","twitter_misc":{"Est. reading time":"2 minutit"},"schema":{"@context":"https:\/\/schema.org","@graph":[{"@type":["WebPage","ItemPage"],"@id":"https:\/\/lustandlove.eu\/et\/toode\/xtc-puni-toro-gold\/","url":"https:\/\/lustandlove.eu\/et\/toode\/xtc-puni-toro-gold\/","name":"XTC Puni Toro Gold | Lust and Love","isPartOf":{"@id":"https:\/\/lustandlove.eu\/et\/#website"},"primaryImageOfPage":{"@id":"https:\/\/lustandlove.eu\/et\/toode\/xtc-puni-toro-gold\/#primaryimage"},"image":{"@id":"https:\/\/lustandlove.eu\/et\/toode\/xtc-puni-toro-gold\/#primaryimage"},"thumbnailUrl":"https:\/\/lustandlove.eu\/wp-content\/uploads\/puni-toro-gold-main.jpg","datePublished":"2024-02-07T10:16:49+00:00","dateModified":"2026-04-13T07:27:18+00:00","description":"Miski pole nii v\u00f5rgutav kui s\u00fc\u00fctu neitsi, kes tahab, et teda pannakse, ja Puni Toro Goldiga saab teie metsikuim fantaasia t\u00f5eliseks. V\u00e4ikese keha, kahe tunneli ja spetsiaalselt loodud luustruktuuriga neitsi ootab teid!","breadcrumb":{"@id":"https:\/\/lustandlove.eu\/et\/toode\/xtc-puni-toro-gold\/#breadcrumb"},"inLanguage":"et","potentialAction":[{"@type":"ReadAction","target":["https:\/\/lustandlove.eu\/et\/toode\/xtc-puni-toro-gold\/"]}]},{"@type":"ImageObject","inLanguage":"et","@id":"https:\/\/lustandlove.eu\/et\/toode\/xtc-puni-toro-gold\/#primaryimage","url":"https:\/\/lustandlove.eu\/wp-content\/uploads\/puni-toro-gold-main.jpg","contentUrl":"https:\/\/lustandlove.eu\/wp-content\/uploads\/puni-toro-gold-main.jpg","width":800,"height":800},{"@type":"BreadcrumbList","@id":"https:\/\/lustandlove.eu\/et\/toode\/xtc-puni-toro-gold\/#breadcrumb","itemListElement":[{"@type":"ListItem","position":1,"name":"Lust and Love","item":"https:\/\/lustandlove.eu\/et\/"},{"@type":"ListItem","position":2,"name":"Pood","item":"https:\/\/lustandlove.eu\/et\/pood\/"},{"@type":"ListItem","position":3,"name":"Meestele","item":"https:\/\/lustandlove.eu\/et\/pood\/meestele\/"},{"@type":"ListItem","position":4,"name":"XTC Puni Toro Gold"}]},{"@type":"WebSite","@id":"https:\/\/lustandlove.eu\/et\/#website","url":"https:\/\/lustandlove.eu\/et\/","name":"Lust &amp; Love","description":"Online erootikapood tervise, ilu ja armastuse jaoks","publisher":{"@id":"https:\/\/lustandlove.eu\/et\/#organization"},"potentialAction":[{"@type":"SearchAction","target":{"@type":"EntryPoint","urlTemplate":"https:\/\/lustandlove.eu\/et\/?s={search_term_string}"},"query-input":{"@type":"PropertyValueSpecification","valueRequired":true,"valueName":"search_term_string"}}],"inLanguage":"et"},{"@type":"Organization","@id":"https:\/\/lustandlove.eu\/et\/#organization","name":"Bioconcept Baltics O\u00dc","url":"https:\/\/lustandlove.eu\/et\/","logo":{"@type":"ImageObject","inLanguage":"et","@id":"https:\/\/lustandlove.eu\/et\/#\/schema\/logo\/image\/","url":"","contentUrl":"","caption":"Bioconcept Baltics O\u00dc"},"image":{"@id":"https:\/\/lustandlove.eu\/et\/#\/schema\/logo\/image\/"},"sameAs":["https:\/\/www.facebook.com\/LustandLoveEU\/","https:\/\/www.instagram.com\/lustandloveeu\/"]}]}},"_links":{"self":[{"href":"https:\/\/lustandlove.eu\/et\/wp-json\/wp\/v2\/product\/88483","targetHints":{"allow":["GET"]}}],"collection":[{"href":"https:\/\/lustandlove.eu\/et\/wp-json\/wp\/v2\/product"}],"about":[{"href":"https:\/\/lustandlove.eu\/et\/wp-json\/wp\/v2\/types\/product"}],"wp:featuredmedia":[{"embeddable":true,"href":"https:\/\/lustandlove.eu\/et\/wp-json\/wp\/v2\/media\/88499"}],"wp:attachment":[{"href":"https:\/\/lustandlove.eu\/et\/wp-json\/wp\/v2\/media?parent=88483"}],"wp:term":[{"taxonomy":"product_brand","embeddable":true,"href":"https:\/\/lustandlove.eu\/et\/wp-json\/wp\/v2\/product_brand?post=88483"},{"taxonomy":"product_cat","embeddable":true,"href":"https:\/\/lustandlove.eu\/et\/wp-json\/wp\/v2\/product_cat?post=88483"},{"taxonomy":"product_tag","embeddable":true,"href":"https:\/\/lustandlove.eu\/et\/wp-json\/wp\/v2\/product_tag?post=88483"}],"curies":[{"name":"wp","href":"https:\/\/api.w.org\/{rel}","templated":true}]}}