{"id":88503,"date":"2024-02-07T12:36:23","date_gmt":"2024-02-07T10:36:23","guid":{"rendered":"https:\/\/www.lustandlove.eu\/?post_type=product&#038;p=88503"},"modified":"2026-04-13T10:27:18","modified_gmt":"2026-04-13T07:27:18","slug":"xtc-big-slut-angel-092kg","status":"publish","type":"product","link":"https:\/\/lustandlove.eu\/et\/toode\/xtc-big-slut-angel-092kg\/","title":{"rendered":"XTC Big Slut Angel 0,92kg"},"content":{"rendered":"<p><strong>Miks on suur onahole parem?<\/strong><br \/>\n<span style=\"text-decoration: underline;\">Infoks<\/span>: k\u00f5ik s\u00f5ltub isiklikest eelistustest. Siiski on mitu v\u00f5imalust, kuidas suurem onauk \u00fcletab v\u00e4iksemat:<\/p>\n<p><strong>Rohkem, millest kinni hoida<\/strong>: Big Slut Angelit saab kasutada kahe k\u00e4ega, v\u00f5imaldades suuremat kontrolli ja t\u00e4iustatud liigutusi. Proovige ta enda peale t\u00f5mmata, samal ajal \u00fclemist poolt veidi keerates!<br \/>\n<strong>Realistlikum tunne:<\/strong> paksemad seinad pakuvad natuke rohkem \u201cpigistamisj\u00f5udu\u201d, t\u00e4pselt nagu t\u00f5eline kiisu.<br \/>\n<strong>Pikem tunnel<\/strong>: Big Slut Angeli sees on rohkem ruumi, nii et XTC Japan muutis tunneli pikemaks \u2013 kuid siiski sama h\u00e4mmastava tekstuuriga.<br \/>\n<strong>Rohkem vaatamiseks ja m\u00e4ngimiseks:<\/strong> suurem keha n\u00e4eb parem v\u00e4lja ja saate teda haarata puusadest, tagumikust v\u00f5i tissidest.<\/p>\n<p><strong>Jumalik kiisu<\/strong><br \/>\nV\u00f5ite m\u00e4\u00e4rida libestit ja uurida tema tunnelit kohe, kuid v\u00f5ite end soojendada ka tema reisi nautides. T\u00e4nu oma suuremale suurusele on Big Slut Angel suurep\u00e4rane <em>Thigh Job<\/em> jaoks! Hoidke reied koos ja suruge l\u00e4bi kitsa reievahe. Ingli pehmed reied libisevad \u00fcle sinu peenise ja sa pead vastu seisma kiusatusele tema m\u00e4rja kiisu sisse libiseda&#8230;<\/p>\n<p>Kui sa l\u00f5puks alla annad ja teda paned, m\u00e4hib tunnel sinu \u00fcmber oma pehme materjaliga. Vahetult p\u00e4rast sissep\u00e4\u00e4su, mis kindlalt \u00fcmber teie peenise kinnitub, moodustavad sisemised h\u00e4bememokad teise v\u00e4rava. \u00d5rn tekstuur tundub suurep\u00e4rane ja muutub s\u00fcgavamale minnes pisut tihedamaks. K\u00f5ige kitsamas kohas lisab naudingupuhang veidi lisastimulatsiooni, enne kui j\u00f5uate rikkalikult vaheldusrikkale alale, kus igast k\u00fcljest h\u00f5\u00f5ruvad muhud, voldid ja servad. Proovige tema keha erineval viisil p\u00f6\u00f6rata, et saada veelgi mitmekesisemat stimulatsiooni.<\/p>\n<p>Justkui sellest veel v\u00e4he oleks, ootab teid tunneli l\u00f5pus eriline maiuspala: Big Angel&#8217;i emakas! Kui sa surud l\u00e4bi emakakaela ja tunned, kuidas see sinu \u00fcmber venib, \u00fcmbritsevad emaka siledad seinad \u00f5rnalt su peenisepead\u2013 seda k\u00f5ike sel ajal, kui \u00fclej\u00e4\u00e4nud tunneli osa veel sinu peenist masseerib!<\/p>\n<p><strong>Big Slut Angel l\u00fchidalt<\/strong><br \/>\nSee suurep\u00e4rane XTC Japani onahole n\u00e4eb v\u00e4lja h\u00e4mmastav ja sellel on v\u00e4ga nauditav ja mitmekesine tunnelikujundus. Nagu alati, saate XTC Japaniga oma raha eest palju kasu.<\/p>\n","protected":false},"excerpt":{"rendered":"<p>P\u00e4rast Slut Angeli edu otsustas XTC Japan teha ta veelgi paremaks&#8230; Sama asi, aga suurem! Sama kvaliteetne materjal, sama ilus disain, sama h\u00e4mmastav tunnel, kuid peaaegu kaks korda suurem, kaalu j\u00e4rgi!<\/p>\n","protected":false},"featured_media":88511,"template":"","meta":[],"product_brand":[4142],"product_cat":[3525,1477,4006],"product_tag":[],"class_list":{"0":"post-88503","1":"product","2":"type-product","3":"status-publish","4":"has-post-thumbnail","6":"product_brand-motsutoys-et","7":"product_cat-hentai","8":"product_cat-meestele","9":"product_cat-onahip-ja-nukud","10":"pa_brand-motsutoys-et","12":"first","13":"instock","14":"taxable","15":"shipping-taxable","16":"purchasable","17":"product-type-simple"},"yoast_head":"<!-- This site is optimized with the Yoast SEO plugin v27.3 - https:\/\/yoast.com\/product\/yoast-seo-wordpress\/ -->\n<title>XTC Big Slut Angel 0,92kg | Lust and Love<\/title>\n<meta name=\"description\" content=\"See suurep\u00e4rane XTC Japani onahole n\u00e4eb v\u00e4lja h\u00e4mmastav ja sellel on v\u00e4ga nauditav ja mitmekesine tunnelikujundus.\" \/>\n<meta name=\"robots\" content=\"index,follow,max-snippet:-1,max-image-preview:large,max-video-preview:-1\" \/>\n<link rel=\"canonical\" href=\"https:\/\/lustandlove.eu\/et\/toode\/xtc-big-slut-angel-092kg\/\" \/>\n<meta name=\"twitter:card\" content=\"summary_large_image\" \/>\n<meta name=\"twitter:title\" content=\"XTC Big Slut Angel 0,92kg | Lust and Love\" \/>\n<meta name=\"twitter:description\" content=\"See suurep\u00e4rane XTC Japani onahole n\u00e4eb v\u00e4lja h\u00e4mmastav ja sellel on v\u00e4ga nauditav ja mitmekesine tunnelikujundus.\" \/>\n<meta name=\"twitter:image\" content=\"https:\/\/lustandlove.eu\/wp-content\/uploads\/big_slut_angel_onahole_with_packaging.jpg\" \/>\n<meta name=\"twitter:label1\" content=\"Est. reading time\" \/>\n\t<meta name=\"twitter:data1\" content=\"2 minutit\" \/>\n<script type=\"application\/ld+json\" class=\"yoast-schema-graph\">{\"@context\":\"https:\\\/\\\/schema.org\",\"@graph\":[{\"@type\":[\"WebPage\",\"ItemPage\"],\"@id\":\"https:\\\/\\\/lustandlove.eu\\\/et\\\/toode\\\/xtc-big-slut-angel-092kg\\\/\",\"url\":\"https:\\\/\\\/lustandlove.eu\\\/et\\\/toode\\\/xtc-big-slut-angel-092kg\\\/\",\"name\":\"XTC Big Slut Angel 0,92kg | Lust and Love\",\"isPartOf\":{\"@id\":\"https:\\\/\\\/lustandlove.eu\\\/et\\\/#website\"},\"primaryImageOfPage\":{\"@id\":\"https:\\\/\\\/lustandlove.eu\\\/et\\\/toode\\\/xtc-big-slut-angel-092kg\\\/#primaryimage\"},\"image\":{\"@id\":\"https:\\\/\\\/lustandlove.eu\\\/et\\\/toode\\\/xtc-big-slut-angel-092kg\\\/#primaryimage\"},\"thumbnailUrl\":\"https:\\\/\\\/lustandlove.eu\\\/wp-content\\\/uploads\\\/big_slut_angel_onahole_with_packaging.jpg\",\"datePublished\":\"2024-02-07T10:36:23+00:00\",\"dateModified\":\"2026-04-13T07:27:18+00:00\",\"description\":\"See suurep\u00e4rane XTC Japani onahole n\u00e4eb v\u00e4lja h\u00e4mmastav ja sellel on v\u00e4ga nauditav ja mitmekesine tunnelikujundus.\",\"breadcrumb\":{\"@id\":\"https:\\\/\\\/lustandlove.eu\\\/et\\\/toode\\\/xtc-big-slut-angel-092kg\\\/#breadcrumb\"},\"inLanguage\":\"et\",\"potentialAction\":[{\"@type\":\"ReadAction\",\"target\":[\"https:\\\/\\\/lustandlove.eu\\\/et\\\/toode\\\/xtc-big-slut-angel-092kg\\\/\"]}]},{\"@type\":\"ImageObject\",\"inLanguage\":\"et\",\"@id\":\"https:\\\/\\\/lustandlove.eu\\\/et\\\/toode\\\/xtc-big-slut-angel-092kg\\\/#primaryimage\",\"url\":\"https:\\\/\\\/lustandlove.eu\\\/wp-content\\\/uploads\\\/big_slut_angel_onahole_with_packaging.jpg\",\"contentUrl\":\"https:\\\/\\\/lustandlove.eu\\\/wp-content\\\/uploads\\\/big_slut_angel_onahole_with_packaging.jpg\",\"width\":700,\"height\":700},{\"@type\":\"BreadcrumbList\",\"@id\":\"https:\\\/\\\/lustandlove.eu\\\/et\\\/toode\\\/xtc-big-slut-angel-092kg\\\/#breadcrumb\",\"itemListElement\":[{\"@type\":\"ListItem\",\"position\":1,\"name\":\"Lust and Love\",\"item\":\"https:\\\/\\\/lustandlove.eu\\\/et\\\/\"},{\"@type\":\"ListItem\",\"position\":2,\"name\":\"Pood\",\"item\":\"https:\\\/\\\/lustandlove.eu\\\/et\\\/pood\\\/\"},{\"@type\":\"ListItem\",\"position\":3,\"name\":\"Meestele\",\"item\":\"https:\\\/\\\/lustandlove.eu\\\/et\\\/pood\\\/meestele\\\/\"},{\"@type\":\"ListItem\",\"position\":4,\"name\":\"XTC Big Slut Angel 0,92kg\"}]},{\"@type\":\"WebSite\",\"@id\":\"https:\\\/\\\/lustandlove.eu\\\/et\\\/#website\",\"url\":\"https:\\\/\\\/lustandlove.eu\\\/et\\\/\",\"name\":\"Lust &amp; Love\",\"description\":\"Online erootikapood tervise, ilu ja armastuse jaoks\",\"publisher\":{\"@id\":\"https:\\\/\\\/lustandlove.eu\\\/et\\\/#organization\"},\"potentialAction\":[{\"@type\":\"SearchAction\",\"target\":{\"@type\":\"EntryPoint\",\"urlTemplate\":\"https:\\\/\\\/lustandlove.eu\\\/et\\\/?s={search_term_string}\"},\"query-input\":{\"@type\":\"PropertyValueSpecification\",\"valueRequired\":true,\"valueName\":\"search_term_string\"}}],\"inLanguage\":\"et\"},{\"@type\":\"Organization\",\"@id\":\"https:\\\/\\\/lustandlove.eu\\\/et\\\/#organization\",\"name\":\"Bioconcept Baltics O\u00dc\",\"url\":\"https:\\\/\\\/lustandlove.eu\\\/et\\\/\",\"logo\":{\"@type\":\"ImageObject\",\"inLanguage\":\"et\",\"@id\":\"https:\\\/\\\/lustandlove.eu\\\/et\\\/#\\\/schema\\\/logo\\\/image\\\/\",\"url\":\"\",\"contentUrl\":\"\",\"caption\":\"Bioconcept Baltics O\u00dc\"},\"image\":{\"@id\":\"https:\\\/\\\/lustandlove.eu\\\/et\\\/#\\\/schema\\\/logo\\\/image\\\/\"},\"sameAs\":[\"https:\\\/\\\/www.facebook.com\\\/LustandLoveEU\\\/\",\"https:\\\/\\\/www.instagram.com\\\/lustandloveeu\\\/\"]}]}<\/script>\n<!-- \/ Yoast SEO plugin. -->","yoast_head_json":{"title":"XTC Big Slut Angel 0,92kg | Lust and Love","description":"See suurep\u00e4rane XTC Japani onahole n\u00e4eb v\u00e4lja h\u00e4mmastav ja sellel on v\u00e4ga nauditav ja mitmekesine tunnelikujundus.","robots":{"index,follow,max-snippet":"index,follow,max-snippet:-1,max-image-preview:large,max-video-preview:-1"},"canonical":"https:\/\/lustandlove.eu\/et\/toode\/xtc-big-slut-angel-092kg\/","twitter_card":"summary_large_image","twitter_title":"XTC Big Slut Angel 0,92kg | Lust and Love","twitter_description":"See suurep\u00e4rane XTC Japani onahole n\u00e4eb v\u00e4lja h\u00e4mmastav ja sellel on v\u00e4ga nauditav ja mitmekesine tunnelikujundus.","twitter_image":"https:\/\/lustandlove.eu\/wp-content\/uploads\/big_slut_angel_onahole_with_packaging.jpg","twitter_misc":{"Est. reading time":"2 minutit"},"schema":{"@context":"https:\/\/schema.org","@graph":[{"@type":["WebPage","ItemPage"],"@id":"https:\/\/lustandlove.eu\/et\/toode\/xtc-big-slut-angel-092kg\/","url":"https:\/\/lustandlove.eu\/et\/toode\/xtc-big-slut-angel-092kg\/","name":"XTC Big Slut Angel 0,92kg | Lust and Love","isPartOf":{"@id":"https:\/\/lustandlove.eu\/et\/#website"},"primaryImageOfPage":{"@id":"https:\/\/lustandlove.eu\/et\/toode\/xtc-big-slut-angel-092kg\/#primaryimage"},"image":{"@id":"https:\/\/lustandlove.eu\/et\/toode\/xtc-big-slut-angel-092kg\/#primaryimage"},"thumbnailUrl":"https:\/\/lustandlove.eu\/wp-content\/uploads\/big_slut_angel_onahole_with_packaging.jpg","datePublished":"2024-02-07T10:36:23+00:00","dateModified":"2026-04-13T07:27:18+00:00","description":"See suurep\u00e4rane XTC Japani onahole n\u00e4eb v\u00e4lja h\u00e4mmastav ja sellel on v\u00e4ga nauditav ja mitmekesine tunnelikujundus.","breadcrumb":{"@id":"https:\/\/lustandlove.eu\/et\/toode\/xtc-big-slut-angel-092kg\/#breadcrumb"},"inLanguage":"et","potentialAction":[{"@type":"ReadAction","target":["https:\/\/lustandlove.eu\/et\/toode\/xtc-big-slut-angel-092kg\/"]}]},{"@type":"ImageObject","inLanguage":"et","@id":"https:\/\/lustandlove.eu\/et\/toode\/xtc-big-slut-angel-092kg\/#primaryimage","url":"https:\/\/lustandlove.eu\/wp-content\/uploads\/big_slut_angel_onahole_with_packaging.jpg","contentUrl":"https:\/\/lustandlove.eu\/wp-content\/uploads\/big_slut_angel_onahole_with_packaging.jpg","width":700,"height":700},{"@type":"BreadcrumbList","@id":"https:\/\/lustandlove.eu\/et\/toode\/xtc-big-slut-angel-092kg\/#breadcrumb","itemListElement":[{"@type":"ListItem","position":1,"name":"Lust and Love","item":"https:\/\/lustandlove.eu\/et\/"},{"@type":"ListItem","position":2,"name":"Pood","item":"https:\/\/lustandlove.eu\/et\/pood\/"},{"@type":"ListItem","position":3,"name":"Meestele","item":"https:\/\/lustandlove.eu\/et\/pood\/meestele\/"},{"@type":"ListItem","position":4,"name":"XTC Big Slut Angel 0,92kg"}]},{"@type":"WebSite","@id":"https:\/\/lustandlove.eu\/et\/#website","url":"https:\/\/lustandlove.eu\/et\/","name":"Lust &amp; Love","description":"Online erootikapood tervise, ilu ja armastuse jaoks","publisher":{"@id":"https:\/\/lustandlove.eu\/et\/#organization"},"potentialAction":[{"@type":"SearchAction","target":{"@type":"EntryPoint","urlTemplate":"https:\/\/lustandlove.eu\/et\/?s={search_term_string}"},"query-input":{"@type":"PropertyValueSpecification","valueRequired":true,"valueName":"search_term_string"}}],"inLanguage":"et"},{"@type":"Organization","@id":"https:\/\/lustandlove.eu\/et\/#organization","name":"Bioconcept Baltics O\u00dc","url":"https:\/\/lustandlove.eu\/et\/","logo":{"@type":"ImageObject","inLanguage":"et","@id":"https:\/\/lustandlove.eu\/et\/#\/schema\/logo\/image\/","url":"","contentUrl":"","caption":"Bioconcept Baltics O\u00dc"},"image":{"@id":"https:\/\/lustandlove.eu\/et\/#\/schema\/logo\/image\/"},"sameAs":["https:\/\/www.facebook.com\/LustandLoveEU\/","https:\/\/www.instagram.com\/lustandloveeu\/"]}]}},"_links":{"self":[{"href":"https:\/\/lustandlove.eu\/et\/wp-json\/wp\/v2\/product\/88503","targetHints":{"allow":["GET"]}}],"collection":[{"href":"https:\/\/lustandlove.eu\/et\/wp-json\/wp\/v2\/product"}],"about":[{"href":"https:\/\/lustandlove.eu\/et\/wp-json\/wp\/v2\/types\/product"}],"wp:featuredmedia":[{"embeddable":true,"href":"https:\/\/lustandlove.eu\/et\/wp-json\/wp\/v2\/media\/88511"}],"wp:attachment":[{"href":"https:\/\/lustandlove.eu\/et\/wp-json\/wp\/v2\/media?parent=88503"}],"wp:term":[{"taxonomy":"product_brand","embeddable":true,"href":"https:\/\/lustandlove.eu\/et\/wp-json\/wp\/v2\/product_brand?post=88503"},{"taxonomy":"product_cat","embeddable":true,"href":"https:\/\/lustandlove.eu\/et\/wp-json\/wp\/v2\/product_cat?post=88503"},{"taxonomy":"product_tag","embeddable":true,"href":"https:\/\/lustandlove.eu\/et\/wp-json\/wp\/v2\/product_tag?post=88503"}],"curies":[{"name":"wp","href":"https:\/\/api.w.org\/{rel}","templated":true}]}}