{"id":88538,"date":"2024-02-07T13:07:05","date_gmt":"2024-02-07T11:07:05","guid":{"rendered":"https:\/\/www.lustandlove.eu\/?post_type=product&#038;p=88538"},"modified":"2026-04-13T10:27:17","modified_gmt":"2026-04-13T07:27:17","slug":"xtc-succubus-foot-copy","status":"publish","type":"product","link":"https:\/\/lustandlove.eu\/et\/toode\/xtc-succubus-foot-copy\/","title":{"rendered":"XTC Sujiman Realistic 2-holed"},"content":{"rendered":"<p><strong>Kahepoolne onahole koos pingutusr\u00f5ngastega<\/strong><br \/>\nSelle onahole&#8217;i m\u00f5lemal k\u00fcljel on auk, mis on valmis teid seksuaalselt teenima ja stimuleerima. M\u00f5lemal on pingutusr\u00f5ngad ja ainulaadne tunneli struktuur. \u00dches otsas on teil veidi eraldatud huultega suu, mis v\u00f5imaldab teil seda laiaks venitada. Teisel pool ootab sind liibuv tupp selle t\u00e4itmist.<\/p>\n<p>Suu peal on nina, mis annab sellele t\u00f5elisuse taseme. Selle huuled on pehmed ja kindlad, nii et saate seda suudelda v\u00f5i otse <em>blowjobi<\/em> nautida. Enne sellesse libisemist lisage libestit, et te ei tungiks j\u00f5uga suhu.<\/p>\n<p><strong>Sellest onahole&#8217;ist suhu saamine tundub peaaegu t\u00f5eline, sest suus olles tunneksite loomulikke hambaid.<\/strong><br \/>\nHammaste abil saate masseerida ja t\u00e4iendavalt stimuleerida oma peenisepead. S\u00fcgavale suhu minnes v\u00f5iksite suruda l\u00e4bi uvula kurku, kus tunneksite s\u00fcgavat kurgutsooni. Kui olete selle suuga rahul, v\u00f5ite kasutada selle tuppe, et tunda teist t\u00fc\u00fcpi tihedat tunnelit. Onahole&#8217;i tupel on sisemised huuled, mis silitavad sisenedes kohe teie peenist.<br \/>\nSelle tupetunneli struktuur v\u00f5imaldab libestitilkadel kauem sees p\u00fcsida ja s\u00fcgavale ribidesse imbuda, muutes selle loomulikuks vagiinaks.<\/p>\n<p><strong>Kokkusurutav, elastne ja kindel<\/strong><br \/>\nNUPU 3 Sujimanil on silindriline kuju, mille keskel on voldid, mis v\u00f5imaldavad teil seda pigistada, et lisada survet ja tihedust. Lisaks on onahole valmistatud materjalist, mis muudab selle tugevaks ja millel on tasakaalustatud s\u00fcdamik. Hoolimata oma j\u00e4ikusest on NUPU 3 Sujimani onauk veniv alati, kui sisse surute.<\/p>\n<p>T\u00e4nu selle onahole&#8217;i materjalile on see topeltsuuter kohustuslik igale onahole&#8217;i entusiastile. Nii et kui otsite midagi, mis tundub loomulik, kui hoiate seda k\u00e4es, kuid tunneks end ka teie peenise peal suurep\u00e4raselt, proovige NUPU 3 Sujimani.<\/p>\n<p><strong>Kerge, kuid saab hakkama k\u00f5igega<\/strong><br \/>\nVaid 470 g kogukaaluga NUPU 3 Sujiman on piisavalt kerge, et seda \u00fche k\u00e4ega hoida. See raskus eemaldab ka t\u00e4iendava stressi teie randmetelt, v\u00f5imaldades teil oma mehelikkust kergesti silitada. Peale selle v\u00f5id m\u00e4nguasja tuua k\u00f5ikjale, isegi puhkusele!<\/p>\n<p>Hoolimata sellest, et see on kerge kaaluga, v\u00f5ib see auku korralikult panna. Saate seda m\u00e4nguasja kasutada kogu p\u00e4eva jooksul nii tihti kui soovite ja p\u00e4rast puhastamist n\u00e4eks see v\u00e4lja ja tundub endiselt t\u00e4iesti uus.<\/p>\n","protected":false},"excerpt":{"rendered":"<p>Vahetage oma onahole millegi paremaga \u2013 NUPU 3 Sujiman, kahepoolse leluga, mis annab teile j\u00e4rgmise taseme masturbatsioonikogemuse. See onahole v\u00f5imaldab teil valida suu, mis on valmis k\u00f5ike tegema, v\u00f5i vagiina, mis on ette valmistatud teie t\u00f5ugete ja l\u00f6\u00f6kide vastuv\u00f5tmiseks.<br \/>\nM\u00f5lemad augud on \u00fcksteise taga, kuid sees on tunda erinevust m\u00f5lema k\u00fclje vahel.<\/p>\n","protected":false},"featured_media":88556,"template":"","meta":[],"product_brand":[4142],"product_cat":[3525,4005,1477],"product_tag":[],"class_list":{"0":"post-88538","1":"product","2":"type-product","3":"status-publish","4":"has-post-thumbnail","6":"product_brand-motsutoys-et","7":"product_cat-hentai","8":"product_cat-masturbaatorid-et","9":"product_cat-meestele","10":"pa_brand-motsutoys-et","12":"first","13":"instock","14":"taxable","15":"shipping-taxable","16":"purchasable","17":"product-type-simple"},"yoast_head":"<!-- This site is optimized with the Yoast SEO plugin v27.3 - https:\/\/yoast.com\/product\/yoast-seo-wordpress\/ -->\n<title>XTC Sujiman Realistic 2-holed | Lust and Love<\/title>\n<meta name=\"description\" content=\". See onahole v\u00f5imaldab teil valida suu, mis on valmis k\u00f5ike tegema, v\u00f5i vagiina, mis on ette valmistatud teie t\u00f5ugete ja l\u00f6\u00f6kide vastuv\u00f5tmiseks. M\u00f5lemad augud on \u00fcksteise taga, kuid sees on tunda erinevust m\u00f5lema k\u00fclje vahel.\" \/>\n<meta name=\"robots\" content=\"index,follow,max-snippet:-1,max-image-preview:large,max-video-preview:-1\" \/>\n<link rel=\"canonical\" href=\"https:\/\/lustandlove.eu\/et\/toode\/xtc-succubus-foot-copy\/\" \/>\n<meta name=\"twitter:card\" content=\"summary_large_image\" \/>\n<meta name=\"twitter:title\" content=\"XTC Sujiman Realistic 2-holed | Lust and Love\" \/>\n<meta name=\"twitter:description\" content=\". See onahole v\u00f5imaldab teil valida suu, mis on valmis k\u00f5ike tegema, v\u00f5i vagiina, mis on ette valmistatud teie t\u00f5ugete ja l\u00f6\u00f6kide vastuv\u00f5tmiseks. M\u00f5lemad augud on \u00fcksteise taga, kuid sees on tunda erinevust m\u00f5lema k\u00fclje vahel.\" \/>\n<meta name=\"twitter:image\" content=\"https:\/\/lustandlove.eu\/wp-content\/uploads\/nupu3-sujiman-onahole-01.jpg\" \/>\n<meta name=\"twitter:label1\" content=\"Est. reading time\" \/>\n\t<meta name=\"twitter:data1\" content=\"2 minutit\" \/>\n<script type=\"application\/ld+json\" class=\"yoast-schema-graph\">{\"@context\":\"https:\\\/\\\/schema.org\",\"@graph\":[{\"@type\":[\"WebPage\",\"ItemPage\"],\"@id\":\"https:\\\/\\\/lustandlove.eu\\\/et\\\/toode\\\/xtc-succubus-foot-copy\\\/\",\"url\":\"https:\\\/\\\/lustandlove.eu\\\/et\\\/toode\\\/xtc-succubus-foot-copy\\\/\",\"name\":\"XTC Sujiman Realistic 2-holed | Lust and Love\",\"isPartOf\":{\"@id\":\"https:\\\/\\\/lustandlove.eu\\\/et\\\/#website\"},\"primaryImageOfPage\":{\"@id\":\"https:\\\/\\\/lustandlove.eu\\\/et\\\/toode\\\/xtc-succubus-foot-copy\\\/#primaryimage\"},\"image\":{\"@id\":\"https:\\\/\\\/lustandlove.eu\\\/et\\\/toode\\\/xtc-succubus-foot-copy\\\/#primaryimage\"},\"thumbnailUrl\":\"https:\\\/\\\/lustandlove.eu\\\/wp-content\\\/uploads\\\/nupu3-sujiman-onahole-01.jpg\",\"datePublished\":\"2024-02-07T11:07:05+00:00\",\"dateModified\":\"2026-04-13T07:27:17+00:00\",\"description\":\". See onahole v\u00f5imaldab teil valida suu, mis on valmis k\u00f5ike tegema, v\u00f5i vagiina, mis on ette valmistatud teie t\u00f5ugete ja l\u00f6\u00f6kide vastuv\u00f5tmiseks. M\u00f5lemad augud on \u00fcksteise taga, kuid sees on tunda erinevust m\u00f5lema k\u00fclje vahel.\",\"breadcrumb\":{\"@id\":\"https:\\\/\\\/lustandlove.eu\\\/et\\\/toode\\\/xtc-succubus-foot-copy\\\/#breadcrumb\"},\"inLanguage\":\"et\",\"potentialAction\":[{\"@type\":\"ReadAction\",\"target\":[\"https:\\\/\\\/lustandlove.eu\\\/et\\\/toode\\\/xtc-succubus-foot-copy\\\/\"]}]},{\"@type\":\"ImageObject\",\"inLanguage\":\"et\",\"@id\":\"https:\\\/\\\/lustandlove.eu\\\/et\\\/toode\\\/xtc-succubus-foot-copy\\\/#primaryimage\",\"url\":\"https:\\\/\\\/lustandlove.eu\\\/wp-content\\\/uploads\\\/nupu3-sujiman-onahole-01.jpg\",\"contentUrl\":\"https:\\\/\\\/lustandlove.eu\\\/wp-content\\\/uploads\\\/nupu3-sujiman-onahole-01.jpg\",\"width\":700,\"height\":700},{\"@type\":\"BreadcrumbList\",\"@id\":\"https:\\\/\\\/lustandlove.eu\\\/et\\\/toode\\\/xtc-succubus-foot-copy\\\/#breadcrumb\",\"itemListElement\":[{\"@type\":\"ListItem\",\"position\":1,\"name\":\"Lust and Love\",\"item\":\"https:\\\/\\\/lustandlove.eu\\\/et\\\/\"},{\"@type\":\"ListItem\",\"position\":2,\"name\":\"Pood\",\"item\":\"https:\\\/\\\/lustandlove.eu\\\/et\\\/pood\\\/\"},{\"@type\":\"ListItem\",\"position\":3,\"name\":\"Meestele\",\"item\":\"https:\\\/\\\/lustandlove.eu\\\/et\\\/pood\\\/meestele\\\/\"},{\"@type\":\"ListItem\",\"position\":4,\"name\":\"XTC Sujiman Realistic 2-holed\"}]},{\"@type\":\"WebSite\",\"@id\":\"https:\\\/\\\/lustandlove.eu\\\/et\\\/#website\",\"url\":\"https:\\\/\\\/lustandlove.eu\\\/et\\\/\",\"name\":\"Lust &amp; Love\",\"description\":\"Online erootikapood tervise, ilu ja armastuse jaoks\",\"publisher\":{\"@id\":\"https:\\\/\\\/lustandlove.eu\\\/et\\\/#organization\"},\"potentialAction\":[{\"@type\":\"SearchAction\",\"target\":{\"@type\":\"EntryPoint\",\"urlTemplate\":\"https:\\\/\\\/lustandlove.eu\\\/et\\\/?s={search_term_string}\"},\"query-input\":{\"@type\":\"PropertyValueSpecification\",\"valueRequired\":true,\"valueName\":\"search_term_string\"}}],\"inLanguage\":\"et\"},{\"@type\":\"Organization\",\"@id\":\"https:\\\/\\\/lustandlove.eu\\\/et\\\/#organization\",\"name\":\"Bioconcept Baltics O\u00dc\",\"url\":\"https:\\\/\\\/lustandlove.eu\\\/et\\\/\",\"logo\":{\"@type\":\"ImageObject\",\"inLanguage\":\"et\",\"@id\":\"https:\\\/\\\/lustandlove.eu\\\/et\\\/#\\\/schema\\\/logo\\\/image\\\/\",\"url\":\"\",\"contentUrl\":\"\",\"caption\":\"Bioconcept Baltics O\u00dc\"},\"image\":{\"@id\":\"https:\\\/\\\/lustandlove.eu\\\/et\\\/#\\\/schema\\\/logo\\\/image\\\/\"},\"sameAs\":[\"https:\\\/\\\/www.facebook.com\\\/LustandLoveEU\\\/\",\"https:\\\/\\\/www.instagram.com\\\/lustandloveeu\\\/\"]}]}<\/script>\n<!-- \/ Yoast SEO plugin. -->","yoast_head_json":{"title":"XTC Sujiman Realistic 2-holed | Lust and Love","description":". See onahole v\u00f5imaldab teil valida suu, mis on valmis k\u00f5ike tegema, v\u00f5i vagiina, mis on ette valmistatud teie t\u00f5ugete ja l\u00f6\u00f6kide vastuv\u00f5tmiseks. M\u00f5lemad augud on \u00fcksteise taga, kuid sees on tunda erinevust m\u00f5lema k\u00fclje vahel.","robots":{"index,follow,max-snippet":"index,follow,max-snippet:-1,max-image-preview:large,max-video-preview:-1"},"canonical":"https:\/\/lustandlove.eu\/et\/toode\/xtc-succubus-foot-copy\/","twitter_card":"summary_large_image","twitter_title":"XTC Sujiman Realistic 2-holed | Lust and Love","twitter_description":". See onahole v\u00f5imaldab teil valida suu, mis on valmis k\u00f5ike tegema, v\u00f5i vagiina, mis on ette valmistatud teie t\u00f5ugete ja l\u00f6\u00f6kide vastuv\u00f5tmiseks. M\u00f5lemad augud on \u00fcksteise taga, kuid sees on tunda erinevust m\u00f5lema k\u00fclje vahel.","twitter_image":"https:\/\/lustandlove.eu\/wp-content\/uploads\/nupu3-sujiman-onahole-01.jpg","twitter_misc":{"Est. reading time":"2 minutit"},"schema":{"@context":"https:\/\/schema.org","@graph":[{"@type":["WebPage","ItemPage"],"@id":"https:\/\/lustandlove.eu\/et\/toode\/xtc-succubus-foot-copy\/","url":"https:\/\/lustandlove.eu\/et\/toode\/xtc-succubus-foot-copy\/","name":"XTC Sujiman Realistic 2-holed | Lust and Love","isPartOf":{"@id":"https:\/\/lustandlove.eu\/et\/#website"},"primaryImageOfPage":{"@id":"https:\/\/lustandlove.eu\/et\/toode\/xtc-succubus-foot-copy\/#primaryimage"},"image":{"@id":"https:\/\/lustandlove.eu\/et\/toode\/xtc-succubus-foot-copy\/#primaryimage"},"thumbnailUrl":"https:\/\/lustandlove.eu\/wp-content\/uploads\/nupu3-sujiman-onahole-01.jpg","datePublished":"2024-02-07T11:07:05+00:00","dateModified":"2026-04-13T07:27:17+00:00","description":". See onahole v\u00f5imaldab teil valida suu, mis on valmis k\u00f5ike tegema, v\u00f5i vagiina, mis on ette valmistatud teie t\u00f5ugete ja l\u00f6\u00f6kide vastuv\u00f5tmiseks. M\u00f5lemad augud on \u00fcksteise taga, kuid sees on tunda erinevust m\u00f5lema k\u00fclje vahel.","breadcrumb":{"@id":"https:\/\/lustandlove.eu\/et\/toode\/xtc-succubus-foot-copy\/#breadcrumb"},"inLanguage":"et","potentialAction":[{"@type":"ReadAction","target":["https:\/\/lustandlove.eu\/et\/toode\/xtc-succubus-foot-copy\/"]}]},{"@type":"ImageObject","inLanguage":"et","@id":"https:\/\/lustandlove.eu\/et\/toode\/xtc-succubus-foot-copy\/#primaryimage","url":"https:\/\/lustandlove.eu\/wp-content\/uploads\/nupu3-sujiman-onahole-01.jpg","contentUrl":"https:\/\/lustandlove.eu\/wp-content\/uploads\/nupu3-sujiman-onahole-01.jpg","width":700,"height":700},{"@type":"BreadcrumbList","@id":"https:\/\/lustandlove.eu\/et\/toode\/xtc-succubus-foot-copy\/#breadcrumb","itemListElement":[{"@type":"ListItem","position":1,"name":"Lust and Love","item":"https:\/\/lustandlove.eu\/et\/"},{"@type":"ListItem","position":2,"name":"Pood","item":"https:\/\/lustandlove.eu\/et\/pood\/"},{"@type":"ListItem","position":3,"name":"Meestele","item":"https:\/\/lustandlove.eu\/et\/pood\/meestele\/"},{"@type":"ListItem","position":4,"name":"XTC Sujiman Realistic 2-holed"}]},{"@type":"WebSite","@id":"https:\/\/lustandlove.eu\/et\/#website","url":"https:\/\/lustandlove.eu\/et\/","name":"Lust &amp; Love","description":"Online erootikapood tervise, ilu ja armastuse jaoks","publisher":{"@id":"https:\/\/lustandlove.eu\/et\/#organization"},"potentialAction":[{"@type":"SearchAction","target":{"@type":"EntryPoint","urlTemplate":"https:\/\/lustandlove.eu\/et\/?s={search_term_string}"},"query-input":{"@type":"PropertyValueSpecification","valueRequired":true,"valueName":"search_term_string"}}],"inLanguage":"et"},{"@type":"Organization","@id":"https:\/\/lustandlove.eu\/et\/#organization","name":"Bioconcept Baltics O\u00dc","url":"https:\/\/lustandlove.eu\/et\/","logo":{"@type":"ImageObject","inLanguage":"et","@id":"https:\/\/lustandlove.eu\/et\/#\/schema\/logo\/image\/","url":"","contentUrl":"","caption":"Bioconcept Baltics O\u00dc"},"image":{"@id":"https:\/\/lustandlove.eu\/et\/#\/schema\/logo\/image\/"},"sameAs":["https:\/\/www.facebook.com\/LustandLoveEU\/","https:\/\/www.instagram.com\/lustandloveeu\/"]}]}},"_links":{"self":[{"href":"https:\/\/lustandlove.eu\/et\/wp-json\/wp\/v2\/product\/88538","targetHints":{"allow":["GET"]}}],"collection":[{"href":"https:\/\/lustandlove.eu\/et\/wp-json\/wp\/v2\/product"}],"about":[{"href":"https:\/\/lustandlove.eu\/et\/wp-json\/wp\/v2\/types\/product"}],"wp:featuredmedia":[{"embeddable":true,"href":"https:\/\/lustandlove.eu\/et\/wp-json\/wp\/v2\/media\/88556"}],"wp:attachment":[{"href":"https:\/\/lustandlove.eu\/et\/wp-json\/wp\/v2\/media?parent=88538"}],"wp:term":[{"taxonomy":"product_brand","embeddable":true,"href":"https:\/\/lustandlove.eu\/et\/wp-json\/wp\/v2\/product_brand?post=88538"},{"taxonomy":"product_cat","embeddable":true,"href":"https:\/\/lustandlove.eu\/et\/wp-json\/wp\/v2\/product_cat?post=88538"},{"taxonomy":"product_tag","embeddable":true,"href":"https:\/\/lustandlove.eu\/et\/wp-json\/wp\/v2\/product_tag?post=88538"}],"curies":[{"name":"wp","href":"https:\/\/api.w.org\/{rel}","templated":true}]}}